{"id":30215,"date":"2021-03-07T08:55:27","date_gmt":"2022-05-12T17:38:47","guid":{"rendered":"https:\/\/alegerglobal.com\/non class\u00e9\/ecom-tab-ex-dz2-ex-tablette-protegee-atex-zone-2-ecran-tactile-8-android\/"},"modified":"2022-05-12T18:38:47","modified_gmt":"2022-05-12T17:38:47","slug":"ecom-tab-ex-dz2-2","status":"publish","type":"product","link":"https:\/\/alegerglobal.com\/fr\/shop-fr\/atex-fr\/ecom-tab-ex-dz2-2\/","title":{"rendered":"ecom Tab-Ex\u00ae DZ2 Ex- tablette prot\u00e9g\u00e9e Atex Zone 2, \u00e9cran tactile 8&Prime;, Android"},"content":{"rendered":"","protected":false},"excerpt":{"rendered":"<ul>\n<li style=\"font-weight: 400;\"><b>Possibilit\u00e9s d&rsquo;utilisation dans le monde entier<\/b><span style=\"font-weight: 400;\">: Selon <\/span><span style=\"font-weight: 400;\">ATEX <\/span><span style=\"font-weight: 400;\">l&rsquo;appareil convient pour les zones \u00e0 risque d&rsquo;explosion de la cat\u00e9gorie<\/span><span style=\"font-weight: 400;\"> Zone Ex<\/span><span style=\"font-weight: 400;\"> 2\/22 et de la Class 2\/ Div 2.<\/span><\/li>\n<li style=\"font-weight: 400;\"><b>\u00c9cran haute r\u00e9solution : <\/b><span style=\"font-weight: 400;\">L&rsquo;\u00e9cran tactile 8&Prime; est parfaitement lisible, m\u00eame en plein soleil, et peut \u00eatre utilis\u00e9 sans probl\u00e8me avec des gants ou par temps humide.<\/span><\/li>\n<li><b>Repr\u00e9sentation num\u00e9rique en temps r\u00e9el<\/b><span style=\"font-weight: 400;\">: Pour effectuer des processus au niveau de l&rsquo;industrie 4.0, la r\u00e9alit\u00e9 augment\u00e9e facilite le d\u00e9pannage et la surveillance des installations les plus diverses.<\/span><\/li>\n<li><b>Protection fiable des donn\u00e9es :<\/b><span style=\"font-weight: 400;\">  Gr\u00e2ce \u00e0 Samsung Knox 3.2, vos donn\u00e9es d&rsquo;entreprise sont en s\u00e9curit\u00e9. Avec 16 Go de m\u00e9moire interne et 256 Go suppl\u00e9mentaires via une MicroSD, il y a suffisamment de place pour diff\u00e9rentes applications.  <\/span><\/li>\n<li><b>Appareil photo de 8 MP :<\/b> m\u00eame dans des conditions de faible luminosit\u00e9, les op\u00e9rations de balayage Auto ID sont possibles pour les codes QR et les codes \u00e0 barres.<\/li>\n<\/ul>\n","protected":false},"featured_media":13888,"comment_status":"open","ping_status":"closed","template":"","meta":{"_acf_changed":false},"product_brand":[],"product_cat":[621,601,620],"product_tag":[],"class_list":{"0":"post-30215","1":"product","2":"type-product","3":"status-publish","4":"has-post-thumbnail","6":"product_cat-atex-fr","7":"product_cat-shop-fr","8":"product_cat-tablette-durcie","9":"pa_hersteller-ecom-fr","11":"first","12":"instock","13":"taxable","14":"shipping-taxable","15":"purchasable","16":"product-type-simple"},"acf":[],"yoast_head":"<!-- This site is optimized with the Yoast SEO Premium plugin v20.10 (Yoast SEO v24.3) - https:\/\/yoast.com\/wordpress\/plugins\/seo\/ -->\n<title>Tab-Ex\u00ae DZ2 : robuste, s\u00fbr &amp; efficace - ALEGER \u22c6 Augmented Reality<\/title>\n<meta name=\"description\" content=\"D\u00e9couvrez d\u00e8s maintenant le Tab-Ex\u00ae DZ2 d&#039;ecom et travaillez de mani\u00e8re mobile et s\u00fbre dans les zones \u00e0 risque d&#039;explosion de la zone ATEX 2.\" \/>\n<meta name=\"robots\" content=\"index, follow, max-snippet:-1, max-image-preview:large, max-video-preview:-1\" \/>\n<meta property=\"og:locale\" content=\"fr_FR\" \/>\n<meta property=\"og:type\" content=\"article\" \/>\n<meta property=\"og:title\" content=\"ecom Tab-Ex\u00ae DZ2 Ex- tablette prot\u00e9g\u00e9e Atex Zone 2, \u00e9cran tactile 8&quot;, Android\" \/>\n<meta property=\"og:description\" content=\"D\u00e9couvrez d\u00e8s maintenant le Tab-Ex\u00ae DZ2 d&#039;ecom et travaillez de mani\u00e8re mobile et s\u00fbre dans les zones \u00e0 risque d&#039;explosion de la zone ATEX 2.\" \/>\n<meta property=\"og:url\" content=\"https:\/\/alegerglobal.com\/fr\/shop-fr\/atex-fr\/ecom-tab-ex-dz2-2\/\" \/>\n<meta property=\"og:site_name\" content=\"ALEGER \u22c6 Augmented Reality\" \/>\n<meta property=\"og:image\" content=\"https:\/\/alegerglobal.com\/wp-content\/uploads\/2021\/01\/csm_tab-ex_02_360_1_2cfb0eda21.jpg\" \/>\n\t<meta property=\"og:image:width\" content=\"400\" \/>\n\t<meta property=\"og:image:height\" content=\"400\" \/>\n\t<meta property=\"og:image:type\" content=\"image\/jpeg\" \/>\n<meta name=\"twitter:card\" content=\"summary_large_image\" \/>\n<meta name=\"twitter:label1\" content=\"Prix\" \/>\n\t<meta name=\"twitter:data1\" content=\"&euro;1.390,00\" \/>\n\t<meta name=\"twitter:label2\" content=\"Disponibilit\u00e9\" \/>\n\t<meta name=\"twitter:data2\" content=\"En stock\" \/>\n<script type=\"application\/ld+json\" class=\"yoast-schema-graph\">{\"@context\":\"https:\/\/schema.org\",\"@graph\":[{\"@type\":\"WebPage\",\"@id\":\"https:\/\/alegerglobal.com\/fr\/shop-fr\/atex-fr\/ecom-tab-ex-dz2-2\/\",\"url\":\"https:\/\/alegerglobal.com\/fr\/shop-fr\/atex-fr\/ecom-tab-ex-dz2-2\/\",\"name\":\"Tab-Ex\u00ae DZ2 : robuste, s\u00fbr & efficace - ALEGER \u22c6 Augmented Reality\",\"isPartOf\":{\"@id\":\"https:\/\/alegerglobal.com\/fr\/#website\"},\"primaryImageOfPage\":{\"@id\":\"https:\/\/alegerglobal.com\/fr\/shop-fr\/atex-fr\/ecom-tab-ex-dz2-2\/#primaryimage\"},\"image\":{\"@id\":\"https:\/\/alegerglobal.com\/fr\/shop-fr\/atex-fr\/ecom-tab-ex-dz2-2\/#primaryimage\"},\"thumbnailUrl\":\"https:\/\/alegerglobal.com\/wp-content\/uploads\/2021\/01\/csm_tab-ex_02_360_1_2cfb0eda21.jpg\",\"datePublished\":\"2022-05-12T17:38:47+00:00\",\"dateModified\":\"2022-05-12T17:38:47+00:00\",\"description\":\"D\u00e9couvrez d\u00e8s maintenant le Tab-Ex\u00ae DZ2 d'ecom et travaillez de mani\u00e8re mobile et s\u00fbre dans les zones \u00e0 risque d'explosion de la zone ATEX 2.\",\"breadcrumb\":{\"@id\":\"https:\/\/alegerglobal.com\/fr\/shop-fr\/atex-fr\/ecom-tab-ex-dz2-2\/#breadcrumb\"},\"inLanguage\":\"fr-FR\",\"potentialAction\":[{\"@type\":\"ReadAction\",\"target\":[\"https:\/\/alegerglobal.com\/fr\/shop-fr\/atex-fr\/ecom-tab-ex-dz2-2\/\"]}]},{\"@type\":\"ImageObject\",\"inLanguage\":\"fr-FR\",\"@id\":\"https:\/\/alegerglobal.com\/fr\/shop-fr\/atex-fr\/ecom-tab-ex-dz2-2\/#primaryimage\",\"url\":\"https:\/\/alegerglobal.com\/wp-content\/uploads\/2021\/01\/csm_tab-ex_02_360_1_2cfb0eda21.jpg\",\"contentUrl\":\"https:\/\/alegerglobal.com\/wp-content\/uploads\/2021\/01\/csm_tab-ex_02_360_1_2cfb0eda21.jpg\",\"width\":400,\"height\":400,\"caption\":\"ecom Tab-Ex\u00ae DZ2\"},{\"@type\":\"BreadcrumbList\",\"@id\":\"https:\/\/alegerglobal.com\/fr\/shop-fr\/atex-fr\/ecom-tab-ex-dz2-2\/#breadcrumb\",\"itemListElement\":[{\"@type\":\"ListItem\",\"position\":1,\"name\":\"Home\",\"item\":\"https:\/\/alegerglobal.com\/fr\/new-page-daccueil\/\"},{\"@type\":\"ListItem\",\"position\":2,\"name\":\"Produits\",\"item\":\"https:\/\/alegerglobal.com\/fr\/produits\/\"},{\"@type\":\"ListItem\",\"position\":3,\"name\":\"ecom Tab-Ex\u00ae DZ2 Ex- tablette prot\u00e9g\u00e9e Atex Zone 2, \u00e9cran tactile 8&#8243;, Android\"}]},{\"@type\":\"WebSite\",\"@id\":\"https:\/\/alegerglobal.com\/fr\/#website\",\"url\":\"https:\/\/alegerglobal.com\/fr\/\",\"name\":\"ALEGER \u22c6 Augmented Reality\",\"description\":\"Die besten Augmented Reality (AR) L\u00f6sungen der Welt.\",\"publisher\":{\"@id\":\"https:\/\/alegerglobal.com\/fr\/#organization\"},\"potentialAction\":[{\"@type\":\"SearchAction\",\"target\":{\"@type\":\"EntryPoint\",\"urlTemplate\":\"https:\/\/alegerglobal.com\/fr\/?s={search_term_string}\"},\"query-input\":{\"@type\":\"PropertyValueSpecification\",\"valueRequired\":true,\"valueName\":\"search_term_string\"}}],\"inLanguage\":\"fr-FR\"},{\"@type\":\"Organization\",\"@id\":\"https:\/\/alegerglobal.com\/fr\/#organization\",\"name\":\"ALEGER \u22c6 Augmented Reality\",\"url\":\"https:\/\/alegerglobal.com\/fr\/\",\"logo\":{\"@type\":\"ImageObject\",\"inLanguage\":\"fr-FR\",\"@id\":\"https:\/\/alegerglobal.com\/fr\/#\/schema\/logo\/image\/\",\"url\":\"https:\/\/alegerglobal.com\/wp-content\/uploads\/2020\/12\/aleger-logo-quadrat.jpg\",\"contentUrl\":\"https:\/\/alegerglobal.com\/wp-content\/uploads\/2020\/12\/aleger-logo-quadrat.jpg\",\"width\":200,\"height\":176,\"caption\":\"ALEGER \u22c6 Augmented Reality\"},\"image\":{\"@id\":\"https:\/\/alegerglobal.com\/fr\/#\/schema\/logo\/image\/\"}}]}<\/script>\n<meta property=\"product:brand\" content=\"Ecom\" \/>\n<meta property=\"product:price:amount\" content=\"1390.00\" \/>\n<meta property=\"product:price:currency\" content=\"EUR\" \/>\n<meta property=\"og:availability\" content=\"instock\" \/>\n<meta property=\"product:availability\" content=\"instock\" \/>\n<meta property=\"product:condition\" content=\"new\" \/>\n<!-- \/ Yoast SEO Premium plugin. -->","yoast_head_json":{"title":"Tab-Ex\u00ae DZ2 : robuste, s\u00fbr & efficace - ALEGER \u22c6 Augmented Reality","description":"D\u00e9couvrez d\u00e8s maintenant le Tab-Ex\u00ae DZ2 d'ecom et travaillez de mani\u00e8re mobile et s\u00fbre dans les zones \u00e0 risque d'explosion de la zone ATEX 2.","robots":{"index":"index","follow":"follow","max-snippet":"max-snippet:-1","max-image-preview":"max-image-preview:large","max-video-preview":"max-video-preview:-1"},"og_locale":"fr_FR","og_type":"article","og_title":"ecom Tab-Ex\u00ae DZ2 Ex- tablette prot\u00e9g\u00e9e Atex Zone 2, \u00e9cran tactile 8\", Android","og_description":"D\u00e9couvrez d\u00e8s maintenant le Tab-Ex\u00ae DZ2 d'ecom et travaillez de mani\u00e8re mobile et s\u00fbre dans les zones \u00e0 risque d'explosion de la zone ATEX 2.","og_url":"https:\/\/alegerglobal.com\/fr\/shop-fr\/atex-fr\/ecom-tab-ex-dz2-2\/","og_site_name":"ALEGER \u22c6 Augmented Reality","og_image":[{"width":400,"height":400,"url":"https:\/\/alegerglobal.com\/wp-content\/uploads\/2021\/01\/csm_tab-ex_02_360_1_2cfb0eda21.jpg","type":"image\/jpeg"}],"twitter_card":"summary_large_image","twitter_misc":{"Prix":"&euro;1.390,00","Disponibilit\u00e9":"En stock"},"schema":{"@context":"https:\/\/schema.org","@graph":[{"@type":"WebPage","@id":"https:\/\/alegerglobal.com\/fr\/shop-fr\/atex-fr\/ecom-tab-ex-dz2-2\/","url":"https:\/\/alegerglobal.com\/fr\/shop-fr\/atex-fr\/ecom-tab-ex-dz2-2\/","name":"Tab-Ex\u00ae DZ2 : robuste, s\u00fbr & efficace - ALEGER \u22c6 Augmented Reality","isPartOf":{"@id":"https:\/\/alegerglobal.com\/fr\/#website"},"primaryImageOfPage":{"@id":"https:\/\/alegerglobal.com\/fr\/shop-fr\/atex-fr\/ecom-tab-ex-dz2-2\/#primaryimage"},"image":{"@id":"https:\/\/alegerglobal.com\/fr\/shop-fr\/atex-fr\/ecom-tab-ex-dz2-2\/#primaryimage"},"thumbnailUrl":"https:\/\/alegerglobal.com\/wp-content\/uploads\/2021\/01\/csm_tab-ex_02_360_1_2cfb0eda21.jpg","datePublished":"2022-05-12T17:38:47+00:00","dateModified":"2022-05-12T17:38:47+00:00","description":"D\u00e9couvrez d\u00e8s maintenant le Tab-Ex\u00ae DZ2 d'ecom et travaillez de mani\u00e8re mobile et s\u00fbre dans les zones \u00e0 risque d'explosion de la zone ATEX 2.","breadcrumb":{"@id":"https:\/\/alegerglobal.com\/fr\/shop-fr\/atex-fr\/ecom-tab-ex-dz2-2\/#breadcrumb"},"inLanguage":"fr-FR","potentialAction":[{"@type":"ReadAction","target":["https:\/\/alegerglobal.com\/fr\/shop-fr\/atex-fr\/ecom-tab-ex-dz2-2\/"]}]},{"@type":"ImageObject","inLanguage":"fr-FR","@id":"https:\/\/alegerglobal.com\/fr\/shop-fr\/atex-fr\/ecom-tab-ex-dz2-2\/#primaryimage","url":"https:\/\/alegerglobal.com\/wp-content\/uploads\/2021\/01\/csm_tab-ex_02_360_1_2cfb0eda21.jpg","contentUrl":"https:\/\/alegerglobal.com\/wp-content\/uploads\/2021\/01\/csm_tab-ex_02_360_1_2cfb0eda21.jpg","width":400,"height":400,"caption":"ecom Tab-Ex\u00ae DZ2"},{"@type":"BreadcrumbList","@id":"https:\/\/alegerglobal.com\/fr\/shop-fr\/atex-fr\/ecom-tab-ex-dz2-2\/#breadcrumb","itemListElement":[{"@type":"ListItem","position":1,"name":"Home","item":"https:\/\/alegerglobal.com\/fr\/new-page-daccueil\/"},{"@type":"ListItem","position":2,"name":"Produits","item":"https:\/\/alegerglobal.com\/fr\/produits\/"},{"@type":"ListItem","position":3,"name":"ecom Tab-Ex\u00ae DZ2 Ex- tablette prot\u00e9g\u00e9e Atex Zone 2, \u00e9cran tactile 8&#8243;, Android"}]},{"@type":"WebSite","@id":"https:\/\/alegerglobal.com\/fr\/#website","url":"https:\/\/alegerglobal.com\/fr\/","name":"ALEGER \u22c6 Augmented Reality","description":"Die besten Augmented Reality (AR) L\u00f6sungen der Welt.","publisher":{"@id":"https:\/\/alegerglobal.com\/fr\/#organization"},"potentialAction":[{"@type":"SearchAction","target":{"@type":"EntryPoint","urlTemplate":"https:\/\/alegerglobal.com\/fr\/?s={search_term_string}"},"query-input":{"@type":"PropertyValueSpecification","valueRequired":true,"valueName":"search_term_string"}}],"inLanguage":"fr-FR"},{"@type":"Organization","@id":"https:\/\/alegerglobal.com\/fr\/#organization","name":"ALEGER \u22c6 Augmented Reality","url":"https:\/\/alegerglobal.com\/fr\/","logo":{"@type":"ImageObject","inLanguage":"fr-FR","@id":"https:\/\/alegerglobal.com\/fr\/#\/schema\/logo\/image\/","url":"https:\/\/alegerglobal.com\/wp-content\/uploads\/2020\/12\/aleger-logo-quadrat.jpg","contentUrl":"https:\/\/alegerglobal.com\/wp-content\/uploads\/2020\/12\/aleger-logo-quadrat.jpg","width":200,"height":176,"caption":"ALEGER \u22c6 Augmented Reality"},"image":{"@id":"https:\/\/alegerglobal.com\/fr\/#\/schema\/logo\/image\/"}}]},"product_brand":"Ecom","product_price_amount":"1390.00","product_price_currency":"EUR","og_availability":"instock","product_availability":"instock","product_condition":"new"},"_links":{"self":[{"href":"https:\/\/alegerglobal.com\/fr\/wp-json\/wp\/v2\/product\/30215","targetHints":{"allow":["GET"]}}],"collection":[{"href":"https:\/\/alegerglobal.com\/fr\/wp-json\/wp\/v2\/product"}],"about":[{"href":"https:\/\/alegerglobal.com\/fr\/wp-json\/wp\/v2\/types\/product"}],"replies":[{"embeddable":true,"href":"https:\/\/alegerglobal.com\/fr\/wp-json\/wp\/v2\/comments?post=30215"}],"version-history":[{"count":0,"href":"https:\/\/alegerglobal.com\/fr\/wp-json\/wp\/v2\/product\/30215\/revisions"}],"wp:featuredmedia":[{"embeddable":true,"href":"https:\/\/alegerglobal.com\/fr\/wp-json\/wp\/v2\/media\/13888"}],"wp:attachment":[{"href":"https:\/\/alegerglobal.com\/fr\/wp-json\/wp\/v2\/media?parent=30215"}],"wp:term":[{"taxonomy":"product_brand","embeddable":true,"href":"https:\/\/alegerglobal.com\/fr\/wp-json\/wp\/v2\/product_brand?post=30215"},{"taxonomy":"product_cat","embeddable":true,"href":"https:\/\/alegerglobal.com\/fr\/wp-json\/wp\/v2\/product_cat?post=30215"},{"taxonomy":"product_tag","embeddable":true,"href":"https:\/\/alegerglobal.com\/fr\/wp-json\/wp\/v2\/product_tag?post=30215"}],"curies":[{"name":"wp","href":"https:\/\/api.w.org\/{rel}","templated":true}]}}