{"id":30214,"date":"2021-03-07T09:07:00","date_gmt":"2022-05-12T17:38:46","guid":{"rendered":"https:\/\/alegerglobal.com\/non class\u00e9\/ecom-ex-handy-10-dz1-telephone-portable-antideflagrant-pour-atex-zone-1-ecran-tactile-2-6-android\/"},"modified":"2022-05-12T18:38:46","modified_gmt":"2022-05-12T17:38:46","slug":"ecom-ex-handy-10-dz1-2","status":"publish","type":"product","link":"https:\/\/alegerglobal.com\/fr\/shop-fr\/industrie-smartphone-fr\/ecom-ex-handy-10-dz1-2\/","title":{"rendered":"ecom Ex-Handy 10 DZ1, t\u00e9l\u00e9phone portable antid\u00e9flagrant pour ATEX Zone 1, \u00e9cran tactile 2.6&Prime;, Android"},"content":{"rendered":"","protected":false},"excerpt":{"rendered":"<p><strong>Homologation pour Ex Zone 1\/21 et Class 1\/ Div 1 :<\/strong> possibilit\u00e9s d&rsquo;utilisation dans le monde entier conform\u00e9ment aux directives ATEX pour les zones \u00e0 risque d&rsquo;explosion.<br \/>\n<strong>\u00c9cran tactile et clavier :<\/strong> l&rsquo;\u00e9cran de 2,6&Prime; est prot\u00e9g\u00e9 par un verre Gorilla\u00ae Glass et offre une excellente lisibilit\u00e9 m\u00eame en plein soleil. L&rsquo;Ex- Handy 10 peut \u00eatre utilis\u00e9 sans probl\u00e8me par temps humide et m\u00eame avec des gants.<br \/>\n<strong>Batterie de 4400 mAh :<\/strong> pour faire face aux longues journ\u00e9es de travail sans probl\u00e8me, ce t\u00e9l\u00e9phone portable prot\u00e9g\u00e9 Ex utilise une batterie puissante avec une autonomie de premi\u00e8re classe.<br \/>\n<strong>Des touches programmables :<\/strong> Les possibilit\u00e9s d&rsquo;adaptation individuelles selon le domaine d&rsquo;utilisation et la fonction Push- to- Talk permettent une utilisation particuli\u00e8rement simple.<br \/>\n<strong>S\u00e9curit\u00e9 pour les employ\u00e9s :<\/strong> en plus de la protection contre les explosions, la protection des travailleurs isol\u00e9s assure de mani\u00e8re fiable une s\u00e9curit\u00e9 suppl\u00e9mentaire sur le lieu de travail.<br \/>\n<strong>Un compagnon fiable :<\/strong> pour r\u00e9sister aux rigueurs quotidiennes du travail, ce smartphone robuste est prot\u00e9g\u00e9 contre l&rsquo;humidit\u00e9, les produits chimiques, les vibrations, la poussi\u00e8re et les rayons du soleil.<\/p>\n","protected":false},"featured_media":13872,"comment_status":"open","ping_status":"closed","template":"","meta":{"_acf_changed":false},"product_brand":[],"product_cat":[633,601],"product_tag":[],"class_list":{"0":"post-30214","1":"product","2":"type-product","3":"status-publish","4":"has-post-thumbnail","6":"product_cat-industrie-smartphone-fr","7":"product_cat-shop-fr","8":"pa_hersteller-ecom-fr","10":"first","11":"instock","12":"taxable","13":"shipping-taxable","14":"purchasable","15":"product-type-simple"},"acf":[],"yoast_head":"<!-- This site is optimized with the Yoast SEO Premium plugin v20.10 (Yoast SEO v24.3) - https:\/\/yoast.com\/wordpress\/plugins\/seo\/ -->\n<title>Ex-Handy 10 DZ1 d&#039;ecom acheter - ALEGER \u22c6 Augmented Reality<\/title>\n<meta name=\"description\" content=\"D\u00e9couvrez ici l&#039;ecom Ex-Handy 10 DZ1 ! C&#039;est leur compagnon id\u00e9al dans l&#039;industrie. Avec le support &amp; le logiciel de l&#039;expert.\" \/>\n<meta name=\"robots\" content=\"index, follow, max-snippet:-1, max-image-preview:large, max-video-preview:-1\" \/>\n<meta property=\"og:locale\" content=\"fr_FR\" \/>\n<meta property=\"og:type\" content=\"article\" \/>\n<meta property=\"og:title\" content=\"ecom Ex-Handy 10 DZ1, t\u00e9l\u00e9phone portable antid\u00e9flagrant pour ATEX Zone 1, \u00e9cran tactile 2.6&quot;, Android\" \/>\n<meta property=\"og:description\" content=\"D\u00e9couvrez ici l&#039;ecom Ex-Handy 10 DZ1 ! C&#039;est leur compagnon id\u00e9al dans l&#039;industrie. Avec le support &amp; le logiciel de l&#039;expert.\" \/>\n<meta property=\"og:url\" content=\"https:\/\/alegerglobal.com\/fr\/shop-fr\/industrie-smartphone-fr\/ecom-ex-handy-10-dz1-2\/\" \/>\n<meta property=\"og:site_name\" content=\"ALEGER \u22c6 Augmented Reality\" \/>\n<meta property=\"og:image\" content=\"https:\/\/alegerglobal.com\/wp-content\/uploads\/2021\/01\/csm_ex-handy-10_dz1_technical-data_d82faf83cc.png\" \/>\n\t<meta property=\"og:image:width\" content=\"555\" \/>\n\t<meta property=\"og:image:height\" content=\"555\" \/>\n\t<meta property=\"og:image:type\" content=\"image\/png\" \/>\n<meta name=\"twitter:card\" content=\"summary_large_image\" \/>\n<meta name=\"twitter:label1\" content=\"Prix\" \/>\n\t<meta name=\"twitter:data1\" content=\"&euro;1.487,00\" \/>\n\t<meta name=\"twitter:label2\" content=\"Disponibilit\u00e9\" \/>\n\t<meta name=\"twitter:data2\" content=\"En stock\" \/>\n<script type=\"application\/ld+json\" class=\"yoast-schema-graph\">{\"@context\":\"https:\/\/schema.org\",\"@graph\":[{\"@type\":\"WebPage\",\"@id\":\"https:\/\/alegerglobal.com\/fr\/shop-fr\/industrie-smartphone-fr\/ecom-ex-handy-10-dz1-2\/\",\"url\":\"https:\/\/alegerglobal.com\/fr\/shop-fr\/industrie-smartphone-fr\/ecom-ex-handy-10-dz1-2\/\",\"name\":\"Ex-Handy 10 DZ1 d'ecom acheter - ALEGER \u22c6 Augmented Reality\",\"isPartOf\":{\"@id\":\"https:\/\/alegerglobal.com\/fr\/#website\"},\"primaryImageOfPage\":{\"@id\":\"https:\/\/alegerglobal.com\/fr\/shop-fr\/industrie-smartphone-fr\/ecom-ex-handy-10-dz1-2\/#primaryimage\"},\"image\":{\"@id\":\"https:\/\/alegerglobal.com\/fr\/shop-fr\/industrie-smartphone-fr\/ecom-ex-handy-10-dz1-2\/#primaryimage\"},\"thumbnailUrl\":\"https:\/\/alegerglobal.com\/wp-content\/uploads\/2021\/01\/csm_ex-handy-10_dz1_technical-data_d82faf83cc.png\",\"datePublished\":\"2022-05-12T17:38:46+00:00\",\"dateModified\":\"2022-05-12T17:38:46+00:00\",\"description\":\"D\u00e9couvrez ici l'ecom Ex-Handy 10 DZ1 ! C'est leur compagnon id\u00e9al dans l'industrie. Avec le support & le logiciel de l'expert.\",\"breadcrumb\":{\"@id\":\"https:\/\/alegerglobal.com\/fr\/shop-fr\/industrie-smartphone-fr\/ecom-ex-handy-10-dz1-2\/#breadcrumb\"},\"inLanguage\":\"fr-FR\",\"potentialAction\":[{\"@type\":\"ReadAction\",\"target\":[\"https:\/\/alegerglobal.com\/fr\/shop-fr\/industrie-smartphone-fr\/ecom-ex-handy-10-dz1-2\/\"]}]},{\"@type\":\"ImageObject\",\"inLanguage\":\"fr-FR\",\"@id\":\"https:\/\/alegerglobal.com\/fr\/shop-fr\/industrie-smartphone-fr\/ecom-ex-handy-10-dz1-2\/#primaryimage\",\"url\":\"https:\/\/alegerglobal.com\/wp-content\/uploads\/2021\/01\/csm_ex-handy-10_dz1_technical-data_d82faf83cc.png\",\"contentUrl\":\"https:\/\/alegerglobal.com\/wp-content\/uploads\/2021\/01\/csm_ex-handy-10_dz1_technical-data_d82faf83cc.png\",\"width\":555,\"height\":555,\"caption\":\"ecom Ex-Handy 10 DZ1\"},{\"@type\":\"BreadcrumbList\",\"@id\":\"https:\/\/alegerglobal.com\/fr\/shop-fr\/industrie-smartphone-fr\/ecom-ex-handy-10-dz1-2\/#breadcrumb\",\"itemListElement\":[{\"@type\":\"ListItem\",\"position\":1,\"name\":\"Home\",\"item\":\"https:\/\/alegerglobal.com\/fr\/new-page-daccueil\/\"},{\"@type\":\"ListItem\",\"position\":2,\"name\":\"Produits\",\"item\":\"https:\/\/alegerglobal.com\/fr\/produits\/\"},{\"@type\":\"ListItem\",\"position\":3,\"name\":\"ecom Ex-Handy 10 DZ1, t\u00e9l\u00e9phone portable antid\u00e9flagrant pour ATEX Zone 1, \u00e9cran tactile 2.6&#8243;, Android\"}]},{\"@type\":\"WebSite\",\"@id\":\"https:\/\/alegerglobal.com\/fr\/#website\",\"url\":\"https:\/\/alegerglobal.com\/fr\/\",\"name\":\"ALEGER \u22c6 Augmented Reality\",\"description\":\"Die besten Augmented Reality (AR) L\u00f6sungen der Welt.\",\"publisher\":{\"@id\":\"https:\/\/alegerglobal.com\/fr\/#organization\"},\"potentialAction\":[{\"@type\":\"SearchAction\",\"target\":{\"@type\":\"EntryPoint\",\"urlTemplate\":\"https:\/\/alegerglobal.com\/fr\/?s={search_term_string}\"},\"query-input\":{\"@type\":\"PropertyValueSpecification\",\"valueRequired\":true,\"valueName\":\"search_term_string\"}}],\"inLanguage\":\"fr-FR\"},{\"@type\":\"Organization\",\"@id\":\"https:\/\/alegerglobal.com\/fr\/#organization\",\"name\":\"ALEGER \u22c6 Augmented Reality\",\"url\":\"https:\/\/alegerglobal.com\/fr\/\",\"logo\":{\"@type\":\"ImageObject\",\"inLanguage\":\"fr-FR\",\"@id\":\"https:\/\/alegerglobal.com\/fr\/#\/schema\/logo\/image\/\",\"url\":\"https:\/\/alegerglobal.com\/wp-content\/uploads\/2020\/12\/aleger-logo-quadrat.jpg\",\"contentUrl\":\"https:\/\/alegerglobal.com\/wp-content\/uploads\/2020\/12\/aleger-logo-quadrat.jpg\",\"width\":200,\"height\":176,\"caption\":\"ALEGER \u22c6 Augmented Reality\"},\"image\":{\"@id\":\"https:\/\/alegerglobal.com\/fr\/#\/schema\/logo\/image\/\"}}]}<\/script>\n<meta property=\"product:brand\" content=\"Ecom\" \/>\n<meta property=\"product:price:amount\" content=\"1487.00\" \/>\n<meta property=\"product:price:currency\" content=\"EUR\" \/>\n<meta property=\"og:availability\" content=\"instock\" \/>\n<meta property=\"product:availability\" content=\"instock\" \/>\n<meta property=\"product:condition\" content=\"new\" \/>\n<!-- \/ Yoast SEO Premium plugin. -->","yoast_head_json":{"title":"Ex-Handy 10 DZ1 d'ecom acheter - ALEGER \u22c6 Augmented Reality","description":"D\u00e9couvrez ici l'ecom Ex-Handy 10 DZ1 ! C'est leur compagnon id\u00e9al dans l'industrie. Avec le support & le logiciel de l'expert.","robots":{"index":"index","follow":"follow","max-snippet":"max-snippet:-1","max-image-preview":"max-image-preview:large","max-video-preview":"max-video-preview:-1"},"og_locale":"fr_FR","og_type":"article","og_title":"ecom Ex-Handy 10 DZ1, t\u00e9l\u00e9phone portable antid\u00e9flagrant pour ATEX Zone 1, \u00e9cran tactile 2.6\", Android","og_description":"D\u00e9couvrez ici l'ecom Ex-Handy 10 DZ1 ! C'est leur compagnon id\u00e9al dans l'industrie. Avec le support & le logiciel de l'expert.","og_url":"https:\/\/alegerglobal.com\/fr\/shop-fr\/industrie-smartphone-fr\/ecom-ex-handy-10-dz1-2\/","og_site_name":"ALEGER \u22c6 Augmented Reality","og_image":[{"width":555,"height":555,"url":"https:\/\/alegerglobal.com\/wp-content\/uploads\/2021\/01\/csm_ex-handy-10_dz1_technical-data_d82faf83cc.png","type":"image\/png"}],"twitter_card":"summary_large_image","twitter_misc":{"Prix":"&euro;1.487,00","Disponibilit\u00e9":"En stock"},"schema":{"@context":"https:\/\/schema.org","@graph":[{"@type":"WebPage","@id":"https:\/\/alegerglobal.com\/fr\/shop-fr\/industrie-smartphone-fr\/ecom-ex-handy-10-dz1-2\/","url":"https:\/\/alegerglobal.com\/fr\/shop-fr\/industrie-smartphone-fr\/ecom-ex-handy-10-dz1-2\/","name":"Ex-Handy 10 DZ1 d'ecom acheter - ALEGER \u22c6 Augmented Reality","isPartOf":{"@id":"https:\/\/alegerglobal.com\/fr\/#website"},"primaryImageOfPage":{"@id":"https:\/\/alegerglobal.com\/fr\/shop-fr\/industrie-smartphone-fr\/ecom-ex-handy-10-dz1-2\/#primaryimage"},"image":{"@id":"https:\/\/alegerglobal.com\/fr\/shop-fr\/industrie-smartphone-fr\/ecom-ex-handy-10-dz1-2\/#primaryimage"},"thumbnailUrl":"https:\/\/alegerglobal.com\/wp-content\/uploads\/2021\/01\/csm_ex-handy-10_dz1_technical-data_d82faf83cc.png","datePublished":"2022-05-12T17:38:46+00:00","dateModified":"2022-05-12T17:38:46+00:00","description":"D\u00e9couvrez ici l'ecom Ex-Handy 10 DZ1 ! C'est leur compagnon id\u00e9al dans l'industrie. Avec le support & le logiciel de l'expert.","breadcrumb":{"@id":"https:\/\/alegerglobal.com\/fr\/shop-fr\/industrie-smartphone-fr\/ecom-ex-handy-10-dz1-2\/#breadcrumb"},"inLanguage":"fr-FR","potentialAction":[{"@type":"ReadAction","target":["https:\/\/alegerglobal.com\/fr\/shop-fr\/industrie-smartphone-fr\/ecom-ex-handy-10-dz1-2\/"]}]},{"@type":"ImageObject","inLanguage":"fr-FR","@id":"https:\/\/alegerglobal.com\/fr\/shop-fr\/industrie-smartphone-fr\/ecom-ex-handy-10-dz1-2\/#primaryimage","url":"https:\/\/alegerglobal.com\/wp-content\/uploads\/2021\/01\/csm_ex-handy-10_dz1_technical-data_d82faf83cc.png","contentUrl":"https:\/\/alegerglobal.com\/wp-content\/uploads\/2021\/01\/csm_ex-handy-10_dz1_technical-data_d82faf83cc.png","width":555,"height":555,"caption":"ecom Ex-Handy 10 DZ1"},{"@type":"BreadcrumbList","@id":"https:\/\/alegerglobal.com\/fr\/shop-fr\/industrie-smartphone-fr\/ecom-ex-handy-10-dz1-2\/#breadcrumb","itemListElement":[{"@type":"ListItem","position":1,"name":"Home","item":"https:\/\/alegerglobal.com\/fr\/new-page-daccueil\/"},{"@type":"ListItem","position":2,"name":"Produits","item":"https:\/\/alegerglobal.com\/fr\/produits\/"},{"@type":"ListItem","position":3,"name":"ecom Ex-Handy 10 DZ1, t\u00e9l\u00e9phone portable antid\u00e9flagrant pour ATEX Zone 1, \u00e9cran tactile 2.6&#8243;, Android"}]},{"@type":"WebSite","@id":"https:\/\/alegerglobal.com\/fr\/#website","url":"https:\/\/alegerglobal.com\/fr\/","name":"ALEGER \u22c6 Augmented Reality","description":"Die besten Augmented Reality (AR) L\u00f6sungen der Welt.","publisher":{"@id":"https:\/\/alegerglobal.com\/fr\/#organization"},"potentialAction":[{"@type":"SearchAction","target":{"@type":"EntryPoint","urlTemplate":"https:\/\/alegerglobal.com\/fr\/?s={search_term_string}"},"query-input":{"@type":"PropertyValueSpecification","valueRequired":true,"valueName":"search_term_string"}}],"inLanguage":"fr-FR"},{"@type":"Organization","@id":"https:\/\/alegerglobal.com\/fr\/#organization","name":"ALEGER \u22c6 Augmented Reality","url":"https:\/\/alegerglobal.com\/fr\/","logo":{"@type":"ImageObject","inLanguage":"fr-FR","@id":"https:\/\/alegerglobal.com\/fr\/#\/schema\/logo\/image\/","url":"https:\/\/alegerglobal.com\/wp-content\/uploads\/2020\/12\/aleger-logo-quadrat.jpg","contentUrl":"https:\/\/alegerglobal.com\/wp-content\/uploads\/2020\/12\/aleger-logo-quadrat.jpg","width":200,"height":176,"caption":"ALEGER \u22c6 Augmented Reality"},"image":{"@id":"https:\/\/alegerglobal.com\/fr\/#\/schema\/logo\/image\/"}}]},"product_brand":"Ecom","product_price_amount":"1487.00","product_price_currency":"EUR","og_availability":"instock","product_availability":"instock","product_condition":"new"},"_links":{"self":[{"href":"https:\/\/alegerglobal.com\/fr\/wp-json\/wp\/v2\/product\/30214","targetHints":{"allow":["GET"]}}],"collection":[{"href":"https:\/\/alegerglobal.com\/fr\/wp-json\/wp\/v2\/product"}],"about":[{"href":"https:\/\/alegerglobal.com\/fr\/wp-json\/wp\/v2\/types\/product"}],"replies":[{"embeddable":true,"href":"https:\/\/alegerglobal.com\/fr\/wp-json\/wp\/v2\/comments?post=30214"}],"version-history":[{"count":0,"href":"https:\/\/alegerglobal.com\/fr\/wp-json\/wp\/v2\/product\/30214\/revisions"}],"wp:featuredmedia":[{"embeddable":true,"href":"https:\/\/alegerglobal.com\/fr\/wp-json\/wp\/v2\/media\/13872"}],"wp:attachment":[{"href":"https:\/\/alegerglobal.com\/fr\/wp-json\/wp\/v2\/media?parent=30214"}],"wp:term":[{"taxonomy":"product_brand","embeddable":true,"href":"https:\/\/alegerglobal.com\/fr\/wp-json\/wp\/v2\/product_brand?post=30214"},{"taxonomy":"product_cat","embeddable":true,"href":"https:\/\/alegerglobal.com\/fr\/wp-json\/wp\/v2\/product_cat?post=30214"},{"taxonomy":"product_tag","embeddable":true,"href":"https:\/\/alegerglobal.com\/fr\/wp-json\/wp\/v2\/product_tag?post=30214"}],"curies":[{"name":"wp","href":"https:\/\/api.w.org\/{rel}","templated":true}]}}