{"id":30212,"date":"2021-03-07T09:08:07","date_gmt":"2022-05-12T17:38:26","guid":{"rendered":"https:\/\/alegerglobal.com\/non class\u00e9\/ecom-smart-ex-02-dz2-smartphone-antideflagrant-pour-atex-zone-2-ecran-tactile-5-android\/"},"modified":"2022-05-12T18:38:26","modified_gmt":"2022-05-12T17:38:26","slug":"ecom-smart-ex-02-dz2-2","status":"publish","type":"product","link":"https:\/\/alegerglobal.com\/fr\/shop-fr\/industrie-smartphone-fr\/ecom-smart-ex-02-dz2-2\/","title":{"rendered":"ecom Smart-Ex 02 DZ2, Smartphone antid\u00e9flagrant pour ATEX Zone 2, \u00e9cran tactile 5&Prime;, Android"},"content":{"rendered":"","protected":false},"excerpt":{"rendered":"<ul>\n<li style=\"font-weight: 400;\"><b>Agr\u00e9ment pour<\/b><b> Ex Zone<\/b><b> 2\/22 et de la Classe 2\/ Div 2 :<\/b><span style=\"font-weight: 400;\"> Possibilit\u00e9s d&rsquo;utilisation dans le monde entier conform\u00e9ment \u00e0<\/span><span style=\"font-weight: 400;\"> ATEX<\/span><span style=\"font-weight: 400;\"> Directives pour les zones \u00e0 risque d&rsquo;explosion. <\/span> <\/li>\n<li style=\"font-weight: 400;\"><b>\u00c9cran tactile haute r\u00e9solution : <\/b><span style=\"font-weight: 400;\">L&rsquo;\u00e9cran 5&Prime; prot\u00e9g\u00e9 par du verre Gorilla\u00ae Glass peut \u00eatre utilis\u00e9 sans probl\u00e8me avec des gants ou dans des conditions humides et est parfaitement lisible m\u00eame en plein soleil.<\/span><\/li>\n<li><b>La batterie rempla\u00e7able la plus puissante :<\/b> <span style=\"font-weight: 400;\">Pour ma\u00eetriser parfaitement les longues journ\u00e9es de travail, <\/span><span style=\"font-weight: 400;\">utilise une batterie <\/span><span style=\"font-weight: 400;\">smartphone \u00e0 s\u00e9curit\u00e9 intrins\u00e8que <\/span><span style=\"font-weight: 400;\">une batterie de <\/span><span style=\"font-weight: 400;\">4400 mAh.<\/span><\/li>\n<li><b>Facile \u00e0 utiliser<\/b><span style=\"font-weight: 400;\">: <\/span><span style=\"font-weight: 400;\">DeepL Les acc\u00e8s permettent une optimisation individuelle<\/span><span style=\"font-weight: 400;\"> et <\/span><span style=\"font-weight: 400;\">La fonction Push-to-Talk permet de <\/span><span style=\"font-weight: 400;\">permet d&rsquo;obtenir une <\/span> <span style=\"font-weight: 400;\">communication est assur\u00e9e. D<\/span><span style=\"font-weight: 400;\">a position et la taille des touches sont adapt\u00e9es \u00e0 l&rsquo;utilisation avec des gants.<\/span><\/li>\n<li><b>Pour des temp\u00e9ratures comprises entre -20\u00b0C et +60\u00b0C : <\/b><span style=\"font-weight: 400;\">Le smartphone avec la certification<\/span><span style=\"font-weight: 400;\"> certification IP68<\/span><span style=\"font-weight: 400;\"> est \u00e9galement enti\u00e8rement fonctionnel dans une plage de temp\u00e9rature \u00e9tendue.<\/span><\/li>\n<li style=\"font-weight: 400;\"><b>R\u00e9siste \u00e0 l&rsquo;usure quotidienne :  <\/b><span style=\"font-weight: 400;\">Ce smartphone robuste est id\u00e9al pour une utilisation dans des environnements difficiles. Protection contre l&rsquo;humidit\u00e9, les produits chimiques, les vibrations, la poussi\u00e8re et les rayons du soleil, font de l&rsquo;appareil un compagnon fiable.  <\/span><\/li>\n<\/ul>\n","protected":false},"featured_media":13877,"comment_status":"open","ping_status":"closed","template":"","meta":{"_acf_changed":false},"product_brand":[],"product_cat":[621,633,601],"product_tag":[],"class_list":{"0":"post-30212","1":"product","2":"type-product","3":"status-publish","4":"has-post-thumbnail","6":"product_cat-atex-fr","7":"product_cat-industrie-smartphone-fr","8":"product_cat-shop-fr","9":"pa_hersteller-ecom-fr","11":"first","12":"instock","13":"taxable","14":"shipping-taxable","15":"purchasable","16":"product-type-simple"},"acf":[],"yoast_head":"<!-- This site is optimized with the Yoast SEO Premium plugin v20.10 (Yoast SEO v24.3) - https:\/\/yoast.com\/wordpress\/plugins\/seo\/ -->\n<title>Acheter Smart-Ex 02 DZ2 de ecom - ALEGER \u22c6 Augmented Reality<\/title>\n<meta name=\"description\" content=\"Con\u00e7u selon la directive ATEX, l&#039;ecom Smart-Ex 02 DZ2 est votre compagnon id\u00e9al pour l&#039;utilisation industrielle. \ud83d\udd27\ud83d\udd29\" \/>\n<meta name=\"robots\" content=\"index, follow, max-snippet:-1, max-image-preview:large, max-video-preview:-1\" \/>\n<meta property=\"og:locale\" content=\"fr_FR\" \/>\n<meta property=\"og:type\" content=\"article\" \/>\n<meta property=\"og:title\" content=\"ecom Smart-Ex 02 DZ2, Smartphone antid\u00e9flagrant pour ATEX Zone 2, \u00e9cran tactile 5&quot;, Android\" \/>\n<meta property=\"og:description\" content=\"Con\u00e7u selon la directive ATEX, l&#039;ecom Smart-Ex 02 DZ2 est votre compagnon id\u00e9al pour l&#039;utilisation industrielle. \ud83d\udd27\ud83d\udd29\" \/>\n<meta property=\"og:url\" content=\"https:\/\/alegerglobal.com\/fr\/shop-fr\/industrie-smartphone-fr\/ecom-smart-ex-02-dz2-2\/\" \/>\n<meta property=\"og:site_name\" content=\"ALEGER \u22c6 Augmented Reality\" \/>\n<meta property=\"og:image\" content=\"https:\/\/alegerglobal.com\/wp-content\/uploads\/2021\/01\/csm_smart-ex_02_dz2-tech_b2d8a71094.png\" \/>\n\t<meta property=\"og:image:width\" content=\"555\" \/>\n\t<meta property=\"og:image:height\" content=\"555\" \/>\n\t<meta property=\"og:image:type\" content=\"image\/png\" \/>\n<meta name=\"twitter:card\" content=\"summary_large_image\" \/>\n<meta name=\"twitter:label1\" content=\"Prix\" \/>\n\t<meta name=\"twitter:data1\" content=\"&euro;1.993,00\" \/>\n\t<meta name=\"twitter:label2\" content=\"Disponibilit\u00e9\" \/>\n\t<meta name=\"twitter:data2\" content=\"En stock\" \/>\n<script type=\"application\/ld+json\" class=\"yoast-schema-graph\">{\"@context\":\"https:\/\/schema.org\",\"@graph\":[{\"@type\":\"WebPage\",\"@id\":\"https:\/\/alegerglobal.com\/fr\/shop-fr\/industrie-smartphone-fr\/ecom-smart-ex-02-dz2-2\/\",\"url\":\"https:\/\/alegerglobal.com\/fr\/shop-fr\/industrie-smartphone-fr\/ecom-smart-ex-02-dz2-2\/\",\"name\":\"Acheter Smart-Ex 02 DZ2 de ecom - ALEGER \u22c6 Augmented Reality\",\"isPartOf\":{\"@id\":\"https:\/\/alegerglobal.com\/fr\/#website\"},\"primaryImageOfPage\":{\"@id\":\"https:\/\/alegerglobal.com\/fr\/shop-fr\/industrie-smartphone-fr\/ecom-smart-ex-02-dz2-2\/#primaryimage\"},\"image\":{\"@id\":\"https:\/\/alegerglobal.com\/fr\/shop-fr\/industrie-smartphone-fr\/ecom-smart-ex-02-dz2-2\/#primaryimage\"},\"thumbnailUrl\":\"https:\/\/alegerglobal.com\/wp-content\/uploads\/2021\/01\/csm_smart-ex_02_dz2-tech_b2d8a71094.png\",\"datePublished\":\"2022-05-12T17:38:26+00:00\",\"dateModified\":\"2022-05-12T17:38:26+00:00\",\"description\":\"Con\u00e7u selon la directive ATEX, l'ecom Smart-Ex 02 DZ2 est votre compagnon id\u00e9al pour l'utilisation industrielle. \ud83d\udd27\ud83d\udd29\",\"breadcrumb\":{\"@id\":\"https:\/\/alegerglobal.com\/fr\/shop-fr\/industrie-smartphone-fr\/ecom-smart-ex-02-dz2-2\/#breadcrumb\"},\"inLanguage\":\"fr-FR\",\"potentialAction\":[{\"@type\":\"ReadAction\",\"target\":[\"https:\/\/alegerglobal.com\/fr\/shop-fr\/industrie-smartphone-fr\/ecom-smart-ex-02-dz2-2\/\"]}]},{\"@type\":\"ImageObject\",\"inLanguage\":\"fr-FR\",\"@id\":\"https:\/\/alegerglobal.com\/fr\/shop-fr\/industrie-smartphone-fr\/ecom-smart-ex-02-dz2-2\/#primaryimage\",\"url\":\"https:\/\/alegerglobal.com\/wp-content\/uploads\/2021\/01\/csm_smart-ex_02_dz2-tech_b2d8a71094.png\",\"contentUrl\":\"https:\/\/alegerglobal.com\/wp-content\/uploads\/2021\/01\/csm_smart-ex_02_dz2-tech_b2d8a71094.png\",\"width\":555,\"height\":555,\"caption\":\"ecom Smart-Ex 02 DZ2, Smartphone antid\u00e9flagrant pour ATEX Zone 2\"},{\"@type\":\"BreadcrumbList\",\"@id\":\"https:\/\/alegerglobal.com\/fr\/shop-fr\/industrie-smartphone-fr\/ecom-smart-ex-02-dz2-2\/#breadcrumb\",\"itemListElement\":[{\"@type\":\"ListItem\",\"position\":1,\"name\":\"Home\",\"item\":\"https:\/\/alegerglobal.com\/fr\/new-page-daccueil\/\"},{\"@type\":\"ListItem\",\"position\":2,\"name\":\"Produits\",\"item\":\"https:\/\/alegerglobal.com\/fr\/produits\/\"},{\"@type\":\"ListItem\",\"position\":3,\"name\":\"ecom Smart-Ex 02 DZ2, Smartphone antid\u00e9flagrant pour ATEX Zone 2, \u00e9cran tactile 5&#8243;, Android\"}]},{\"@type\":\"WebSite\",\"@id\":\"https:\/\/alegerglobal.com\/fr\/#website\",\"url\":\"https:\/\/alegerglobal.com\/fr\/\",\"name\":\"ALEGER \u22c6 Augmented Reality\",\"description\":\"Die besten Augmented Reality (AR) L\u00f6sungen der Welt.\",\"publisher\":{\"@id\":\"https:\/\/alegerglobal.com\/fr\/#organization\"},\"potentialAction\":[{\"@type\":\"SearchAction\",\"target\":{\"@type\":\"EntryPoint\",\"urlTemplate\":\"https:\/\/alegerglobal.com\/fr\/?s={search_term_string}\"},\"query-input\":{\"@type\":\"PropertyValueSpecification\",\"valueRequired\":true,\"valueName\":\"search_term_string\"}}],\"inLanguage\":\"fr-FR\"},{\"@type\":\"Organization\",\"@id\":\"https:\/\/alegerglobal.com\/fr\/#organization\",\"name\":\"ALEGER \u22c6 Augmented Reality\",\"url\":\"https:\/\/alegerglobal.com\/fr\/\",\"logo\":{\"@type\":\"ImageObject\",\"inLanguage\":\"fr-FR\",\"@id\":\"https:\/\/alegerglobal.com\/fr\/#\/schema\/logo\/image\/\",\"url\":\"https:\/\/alegerglobal.com\/wp-content\/uploads\/2020\/12\/aleger-logo-quadrat.jpg\",\"contentUrl\":\"https:\/\/alegerglobal.com\/wp-content\/uploads\/2020\/12\/aleger-logo-quadrat.jpg\",\"width\":200,\"height\":176,\"caption\":\"ALEGER \u22c6 Augmented Reality\"},\"image\":{\"@id\":\"https:\/\/alegerglobal.com\/fr\/#\/schema\/logo\/image\/\"}}]}<\/script>\n<meta property=\"product:brand\" content=\"Ecom\" \/>\n<meta property=\"product:price:amount\" content=\"1993.00\" \/>\n<meta property=\"product:price:currency\" content=\"EUR\" \/>\n<meta property=\"og:availability\" content=\"instock\" \/>\n<meta property=\"product:availability\" content=\"instock\" \/>\n<meta property=\"product:condition\" content=\"new\" \/>\n<!-- \/ Yoast SEO Premium plugin. -->","yoast_head_json":{"title":"Acheter Smart-Ex 02 DZ2 de ecom - ALEGER \u22c6 Augmented Reality","description":"Con\u00e7u selon la directive ATEX, l'ecom Smart-Ex 02 DZ2 est votre compagnon id\u00e9al pour l'utilisation industrielle. \ud83d\udd27\ud83d\udd29","robots":{"index":"index","follow":"follow","max-snippet":"max-snippet:-1","max-image-preview":"max-image-preview:large","max-video-preview":"max-video-preview:-1"},"og_locale":"fr_FR","og_type":"article","og_title":"ecom Smart-Ex 02 DZ2, Smartphone antid\u00e9flagrant pour ATEX Zone 2, \u00e9cran tactile 5\", Android","og_description":"Con\u00e7u selon la directive ATEX, l'ecom Smart-Ex 02 DZ2 est votre compagnon id\u00e9al pour l'utilisation industrielle. \ud83d\udd27\ud83d\udd29","og_url":"https:\/\/alegerglobal.com\/fr\/shop-fr\/industrie-smartphone-fr\/ecom-smart-ex-02-dz2-2\/","og_site_name":"ALEGER \u22c6 Augmented Reality","og_image":[{"width":555,"height":555,"url":"https:\/\/alegerglobal.com\/wp-content\/uploads\/2021\/01\/csm_smart-ex_02_dz2-tech_b2d8a71094.png","type":"image\/png"}],"twitter_card":"summary_large_image","twitter_misc":{"Prix":"&euro;1.993,00","Disponibilit\u00e9":"En stock"},"schema":{"@context":"https:\/\/schema.org","@graph":[{"@type":"WebPage","@id":"https:\/\/alegerglobal.com\/fr\/shop-fr\/industrie-smartphone-fr\/ecom-smart-ex-02-dz2-2\/","url":"https:\/\/alegerglobal.com\/fr\/shop-fr\/industrie-smartphone-fr\/ecom-smart-ex-02-dz2-2\/","name":"Acheter Smart-Ex 02 DZ2 de ecom - ALEGER \u22c6 Augmented Reality","isPartOf":{"@id":"https:\/\/alegerglobal.com\/fr\/#website"},"primaryImageOfPage":{"@id":"https:\/\/alegerglobal.com\/fr\/shop-fr\/industrie-smartphone-fr\/ecom-smart-ex-02-dz2-2\/#primaryimage"},"image":{"@id":"https:\/\/alegerglobal.com\/fr\/shop-fr\/industrie-smartphone-fr\/ecom-smart-ex-02-dz2-2\/#primaryimage"},"thumbnailUrl":"https:\/\/alegerglobal.com\/wp-content\/uploads\/2021\/01\/csm_smart-ex_02_dz2-tech_b2d8a71094.png","datePublished":"2022-05-12T17:38:26+00:00","dateModified":"2022-05-12T17:38:26+00:00","description":"Con\u00e7u selon la directive ATEX, l'ecom Smart-Ex 02 DZ2 est votre compagnon id\u00e9al pour l'utilisation industrielle. \ud83d\udd27\ud83d\udd29","breadcrumb":{"@id":"https:\/\/alegerglobal.com\/fr\/shop-fr\/industrie-smartphone-fr\/ecom-smart-ex-02-dz2-2\/#breadcrumb"},"inLanguage":"fr-FR","potentialAction":[{"@type":"ReadAction","target":["https:\/\/alegerglobal.com\/fr\/shop-fr\/industrie-smartphone-fr\/ecom-smart-ex-02-dz2-2\/"]}]},{"@type":"ImageObject","inLanguage":"fr-FR","@id":"https:\/\/alegerglobal.com\/fr\/shop-fr\/industrie-smartphone-fr\/ecom-smart-ex-02-dz2-2\/#primaryimage","url":"https:\/\/alegerglobal.com\/wp-content\/uploads\/2021\/01\/csm_smart-ex_02_dz2-tech_b2d8a71094.png","contentUrl":"https:\/\/alegerglobal.com\/wp-content\/uploads\/2021\/01\/csm_smart-ex_02_dz2-tech_b2d8a71094.png","width":555,"height":555,"caption":"ecom Smart-Ex 02 DZ2, Smartphone antid\u00e9flagrant pour ATEX Zone 2"},{"@type":"BreadcrumbList","@id":"https:\/\/alegerglobal.com\/fr\/shop-fr\/industrie-smartphone-fr\/ecom-smart-ex-02-dz2-2\/#breadcrumb","itemListElement":[{"@type":"ListItem","position":1,"name":"Home","item":"https:\/\/alegerglobal.com\/fr\/new-page-daccueil\/"},{"@type":"ListItem","position":2,"name":"Produits","item":"https:\/\/alegerglobal.com\/fr\/produits\/"},{"@type":"ListItem","position":3,"name":"ecom Smart-Ex 02 DZ2, Smartphone antid\u00e9flagrant pour ATEX Zone 2, \u00e9cran tactile 5&#8243;, Android"}]},{"@type":"WebSite","@id":"https:\/\/alegerglobal.com\/fr\/#website","url":"https:\/\/alegerglobal.com\/fr\/","name":"ALEGER \u22c6 Augmented Reality","description":"Die besten Augmented Reality (AR) L\u00f6sungen der Welt.","publisher":{"@id":"https:\/\/alegerglobal.com\/fr\/#organization"},"potentialAction":[{"@type":"SearchAction","target":{"@type":"EntryPoint","urlTemplate":"https:\/\/alegerglobal.com\/fr\/?s={search_term_string}"},"query-input":{"@type":"PropertyValueSpecification","valueRequired":true,"valueName":"search_term_string"}}],"inLanguage":"fr-FR"},{"@type":"Organization","@id":"https:\/\/alegerglobal.com\/fr\/#organization","name":"ALEGER \u22c6 Augmented Reality","url":"https:\/\/alegerglobal.com\/fr\/","logo":{"@type":"ImageObject","inLanguage":"fr-FR","@id":"https:\/\/alegerglobal.com\/fr\/#\/schema\/logo\/image\/","url":"https:\/\/alegerglobal.com\/wp-content\/uploads\/2020\/12\/aleger-logo-quadrat.jpg","contentUrl":"https:\/\/alegerglobal.com\/wp-content\/uploads\/2020\/12\/aleger-logo-quadrat.jpg","width":200,"height":176,"caption":"ALEGER \u22c6 Augmented Reality"},"image":{"@id":"https:\/\/alegerglobal.com\/fr\/#\/schema\/logo\/image\/"}}]},"product_brand":"Ecom","product_price_amount":"1993.00","product_price_currency":"EUR","og_availability":"instock","product_availability":"instock","product_condition":"new"},"_links":{"self":[{"href":"https:\/\/alegerglobal.com\/fr\/wp-json\/wp\/v2\/product\/30212","targetHints":{"allow":["GET"]}}],"collection":[{"href":"https:\/\/alegerglobal.com\/fr\/wp-json\/wp\/v2\/product"}],"about":[{"href":"https:\/\/alegerglobal.com\/fr\/wp-json\/wp\/v2\/types\/product"}],"replies":[{"embeddable":true,"href":"https:\/\/alegerglobal.com\/fr\/wp-json\/wp\/v2\/comments?post=30212"}],"version-history":[{"count":0,"href":"https:\/\/alegerglobal.com\/fr\/wp-json\/wp\/v2\/product\/30212\/revisions"}],"wp:featuredmedia":[{"embeddable":true,"href":"https:\/\/alegerglobal.com\/fr\/wp-json\/wp\/v2\/media\/13877"}],"wp:attachment":[{"href":"https:\/\/alegerglobal.com\/fr\/wp-json\/wp\/v2\/media?parent=30212"}],"wp:term":[{"taxonomy":"product_brand","embeddable":true,"href":"https:\/\/alegerglobal.com\/fr\/wp-json\/wp\/v2\/product_brand?post=30212"},{"taxonomy":"product_cat","embeddable":true,"href":"https:\/\/alegerglobal.com\/fr\/wp-json\/wp\/v2\/product_cat?post=30212"},{"taxonomy":"product_tag","embeddable":true,"href":"https:\/\/alegerglobal.com\/fr\/wp-json\/wp\/v2\/product_tag?post=30212"}],"curies":[{"name":"wp","href":"https:\/\/api.w.org\/{rel}","templated":true}]}}