{"id":30177,"date":"2021-02-04T08:22:52","date_gmt":"2022-05-12T17:33:20","guid":{"rendered":"https:\/\/alegerglobal.com\/non%20class\u00e9\/bureau\/"},"modified":"2022-05-12T18:33:22","modified_gmt":"2022-05-12T17:33:22","slug":"bureau","status":"publish","type":"product","link":"https:\/\/alegerglobal.com\/fr\/shop-fr\/bureau\/","title":{"rendered":"BUREAU"},"content":{"rendered":"\t\t<div data-elementor-type=\"product-post\" data-elementor-id=\"30177\" class=\"elementor elementor-30177 elementor-4144\" data-elementor-settings=\"{&quot;ha_cmc_init_switcher&quot;:&quot;no&quot;}\" data-elementor-post-type=\"product\">\n\t\t\t\t\t\t<section class=\"elementor-section elementor-top-section elementor-element elementor-element-8409db5 elementor-section-boxed elementor-section-height-default elementor-section-height-default\" data-id=\"8409db5\" data-element_type=\"section\" data-settings=\"{&quot;jet_parallax_layout_list&quot;:[],&quot;_ha_eqh_enable&quot;:false}\">\n\t\t\t\t\t\t<div class=\"elementor-container elementor-column-gap-default\">\n\t\t\t\t\t<div class=\"elementor-column elementor-col-100 elementor-top-column elementor-element elementor-element-234c922\" data-id=\"234c922\" data-element_type=\"column\">\n\t\t\t<div class=\"elementor-widget-wrap elementor-element-populated\">\n\t\t\t\t\t\t<div class=\"elementor-element elementor-element-ab70ee1 elementor-widget elementor-widget-text-editor\" data-id=\"ab70ee1\" data-element_type=\"widget\" data-widget_type=\"text-editor.default\">\n\t\t\t\t<div class=\"elementor-widget-container\">\n\t\t\t\t\t\t\t\t\t<p><strong>Informations sur les produits<\/strong><\/p><p>Dock de bureau E\/S<\/p><p>Connecteurs : RJ45 x 1\/USB 2.0 x 3<\/p><p>Adaptateur :<\/p><p>Tension d&rsquo;entr\u00e9e :<\/p><p>100 V-240 V AC<\/p><p>tension de sortie : 12 V DC<\/p><p>Courant de sortie : max. 2 A<\/p><p>Dimensions :<\/p><p>Dock de bureau :<\/p><p>L 104,3 x l 150 x H 61,3 mm<\/p><p>poids : 0,34 kg<\/p><p>Adaptateur :<\/p><p>L 57,5 x l 69 x H 32,6 mm<\/p><p>C\u00e2ble de sortie : 1800 mm<\/p><p>poids : 0,14 kg<\/p><p> <\/p><p><strong>ID SKU<\/strong><\/p><p>SKU ID Description<\/p><p>GDOF5J<\/p><p>Station d&rsquo;accueil de bureau EX80 (chargeur avec<\/p><p>Adaptateur CA, 24 W,<\/p><p>100-240 V AC, 50\/60 Hz)<\/p><p>* Veuillez noter que l&rsquo;adaptateur AC<\/p><p>est \u00e9galement disponible s\u00e9par\u00e9ment (en remplacement de<\/p><p>l&rsquo;adaptateur CA de la station d&rsquo;accueil du bureau EX80).<\/p><p>(SKU ID : GAA251 Kit adaptateur AC avec<\/p><p>Prise US\/EU\/UK\/CHN\/ANZ)<\/p>\t\t\t\t\t\t\t\t<\/div>\n\t\t\t\t<\/div>\n\t\t\t\t\t<\/div>\n\t\t<\/div>\n\t\t\t\t\t<\/div>\n\t\t<\/section>\n\t\t\t\t<\/div>\n\t\t","protected":false},"excerpt":{"rendered":"<p>La station d&rsquo;accueil de bureau EX80 de Getac offre de nombreux ports E\/S pour connecter les p\u00e9riph\u00e9riques importants aux appareils de votre bureau. Gr\u00e2ce aux ports Ethernet et USB int\u00e9gr\u00e9s, les utilisateurs peuvent rapidement collecter des donn\u00e9es sur le terrain et les synchroniser avec celles du si\u00e8ge, ce qui permet d&rsquo;\u00e9tablir des rapports et de les analyser en temps r\u00e9el. Pour que la s\u00e9curit\u00e9 soit \u00e9galement garantie dans les environnements \u00e0 risque d&rsquo;explosion, la prise d&rsquo;entr\u00e9e DC a \u00e9t\u00e9 supprim\u00e9e. Pour une s\u00e9curit\u00e9 maximale lors du chargement, les appareils doivent \u00eatre connect\u00e9s \u00e0 la station d&rsquo;accueil du bureau dans un environnement non dangereux. Ce kit d&rsquo;adaptateurs CA comprend cinq fiches d&rsquo;alimentation diff\u00e9rentes (UE\/UK\/US\/CHN\/ANZ) qui s&rsquo;adaptent aux prises de courant du monde entier. Cela assure un confort suppl\u00e9mentaire lors des interventions mobiles.<\/p>\n","protected":false},"featured_media":14454,"comment_status":"open","ping_status":"closed","template":"","meta":{"_acf_changed":false},"product_brand":[],"product_cat":[600,601],"product_tag":[],"class_list":{"0":"post-30177","1":"product","2":"type-product","3":"status-publish","4":"has-post-thumbnail","6":"product_cat-accessoires","7":"product_cat-shop-fr","8":"pa_hersteller-getac-fr","10":"first","11":"instock","12":"taxable","13":"shipping-taxable","14":"purchasable","15":"product-type-simple"},"acf":[],"yoast_head":"<!-- This site is optimized with the Yoast SEO Premium plugin v20.10 (Yoast SEO v24.3) - https:\/\/yoast.com\/wordpress\/plugins\/seo\/ -->\n<title>- ALEGER \u22c6 Augmented Reality<\/title>\n<meta name=\"robots\" content=\"index, follow, max-snippet:-1, max-image-preview:large, max-video-preview:-1\" \/>\n<meta property=\"og:locale\" content=\"fr_FR\" \/>\n<meta property=\"og:type\" content=\"article\" \/>\n<meta property=\"og:title\" content=\"BUREAU\" \/>\n<meta property=\"og:description\" content=\"La station d&#039;accueil de bureau EX80 de Getac offre de nombreux ports E\/S pour connecter les p\u00e9riph\u00e9riques importants aux appareils de votre bureau. Gr\u00e2ce aux ports Ethernet et USB int\u00e9gr\u00e9s, les utilisateurs peuvent rapidement collecter des donn\u00e9es sur le terrain et les synchroniser avec celles du si\u00e8ge, ce qui permet d&#039;\u00e9tablir des rapports et de les analyser en temps r\u00e9el. Pour que la s\u00e9curit\u00e9 soit \u00e9galement garantie dans les environnements \u00e0 risque d&#039;explosion, la prise d&#039;entr\u00e9e DC a \u00e9t\u00e9 supprim\u00e9e. Pour une s\u00e9curit\u00e9 maximale lors du chargement, les appareils doivent \u00eatre connect\u00e9s \u00e0 la station d&#039;accueil du bureau dans un environnement non dangereux. Ce kit d&#039;adaptateurs CA comprend cinq fiches d&#039;alimentation diff\u00e9rentes (UE\/UK\/US\/CHN\/ANZ) qui s&#039;adaptent aux prises de courant du monde entier. Cela assure un confort suppl\u00e9mentaire lors des interventions mobiles.\" \/>\n<meta property=\"og:url\" content=\"https:\/\/alegerglobal.com\/fr\/shop-fr\/bureau\/\" \/>\n<meta property=\"og:site_name\" content=\"ALEGER \u22c6 Augmented Reality\" \/>\n<meta property=\"article:modified_time\" content=\"2022-05-12T17:33:22+00:00\" \/>\n<meta property=\"og:image\" content=\"https:\/\/alegerglobal.com\/wp-content\/uploads\/2021\/02\/Unbenannt-108.jpg\" \/>\n\t<meta property=\"og:image:width\" content=\"800\" \/>\n\t<meta property=\"og:image:height\" content=\"800\" \/>\n\t<meta property=\"og:image:type\" content=\"image\/jpeg\" \/>\n<meta name=\"twitter:card\" content=\"summary_large_image\" \/>\n<meta name=\"twitter:label1\" content=\"Prix\" \/>\n\t<meta name=\"twitter:data1\" content=\"&euro;54,99\" \/>\n\t<meta name=\"twitter:label2\" content=\"Disponibilit\u00e9\" \/>\n\t<meta name=\"twitter:data2\" content=\"En stock\" \/>\n<script type=\"application\/ld+json\" class=\"yoast-schema-graph\">{\"@context\":\"https:\/\/schema.org\",\"@graph\":[{\"@type\":\"WebPage\",\"@id\":\"https:\/\/alegerglobal.com\/fr\/shop-fr\/bureau\/\",\"url\":\"https:\/\/alegerglobal.com\/fr\/shop-fr\/bureau\/\",\"name\":\"- ALEGER \u22c6 Augmented Reality\",\"isPartOf\":{\"@id\":\"https:\/\/alegerglobal.com\/fr\/#website\"},\"primaryImageOfPage\":{\"@id\":\"https:\/\/alegerglobal.com\/fr\/shop-fr\/bureau\/#primaryimage\"},\"image\":{\"@id\":\"https:\/\/alegerglobal.com\/fr\/shop-fr\/bureau\/#primaryimage\"},\"thumbnailUrl\":\"https:\/\/alegerglobal.com\/wp-content\/uploads\/2021\/02\/Unbenannt-108.jpg\",\"datePublished\":\"2022-05-12T17:33:20+00:00\",\"dateModified\":\"2022-05-12T17:33:22+00:00\",\"breadcrumb\":{\"@id\":\"https:\/\/alegerglobal.com\/fr\/shop-fr\/bureau\/#breadcrumb\"},\"inLanguage\":\"fr-FR\",\"potentialAction\":[{\"@type\":\"ReadAction\",\"target\":[\"https:\/\/alegerglobal.com\/fr\/shop-fr\/bureau\/\"]}]},{\"@type\":\"ImageObject\",\"inLanguage\":\"fr-FR\",\"@id\":\"https:\/\/alegerglobal.com\/fr\/shop-fr\/bureau\/#primaryimage\",\"url\":\"https:\/\/alegerglobal.com\/wp-content\/uploads\/2021\/02\/Unbenannt-108.jpg\",\"contentUrl\":\"https:\/\/alegerglobal.com\/wp-content\/uploads\/2021\/02\/Unbenannt-108.jpg\",\"width\":800,\"height\":800},{\"@type\":\"BreadcrumbList\",\"@id\":\"https:\/\/alegerglobal.com\/fr\/shop-fr\/bureau\/#breadcrumb\",\"itemListElement\":[{\"@type\":\"ListItem\",\"position\":1,\"name\":\"Home\",\"item\":\"https:\/\/alegerglobal.com\/fr\/new-page-daccueil\/\"},{\"@type\":\"ListItem\",\"position\":2,\"name\":\"Produits\",\"item\":\"https:\/\/alegerglobal.com\/fr\/produits\/\"},{\"@type\":\"ListItem\",\"position\":3,\"name\":\"BUREAU\"}]},{\"@type\":\"WebSite\",\"@id\":\"https:\/\/alegerglobal.com\/fr\/#website\",\"url\":\"https:\/\/alegerglobal.com\/fr\/\",\"name\":\"ALEGER \u22c6 Augmented Reality\",\"description\":\"Die besten Augmented Reality (AR) L\u00f6sungen der Welt.\",\"publisher\":{\"@id\":\"https:\/\/alegerglobal.com\/fr\/#organization\"},\"potentialAction\":[{\"@type\":\"SearchAction\",\"target\":{\"@type\":\"EntryPoint\",\"urlTemplate\":\"https:\/\/alegerglobal.com\/fr\/?s={search_term_string}\"},\"query-input\":{\"@type\":\"PropertyValueSpecification\",\"valueRequired\":true,\"valueName\":\"search_term_string\"}}],\"inLanguage\":\"fr-FR\"},{\"@type\":\"Organization\",\"@id\":\"https:\/\/alegerglobal.com\/fr\/#organization\",\"name\":\"ALEGER \u22c6 Augmented Reality\",\"url\":\"https:\/\/alegerglobal.com\/fr\/\",\"logo\":{\"@type\":\"ImageObject\",\"inLanguage\":\"fr-FR\",\"@id\":\"https:\/\/alegerglobal.com\/fr\/#\/schema\/logo\/image\/\",\"url\":\"https:\/\/alegerglobal.com\/wp-content\/uploads\/2020\/12\/aleger-logo-quadrat.jpg\",\"contentUrl\":\"https:\/\/alegerglobal.com\/wp-content\/uploads\/2020\/12\/aleger-logo-quadrat.jpg\",\"width\":200,\"height\":176,\"caption\":\"ALEGER \u22c6 Augmented Reality\"},\"image\":{\"@id\":\"https:\/\/alegerglobal.com\/fr\/#\/schema\/logo\/image\/\"}}]}<\/script>\n<meta property=\"product:brand\" content=\"Getac\" \/>\n<meta property=\"product:price:amount\" content=\"54.99\" \/>\n<meta property=\"product:price:currency\" content=\"EUR\" \/>\n<meta property=\"og:availability\" content=\"instock\" \/>\n<meta property=\"product:availability\" content=\"instock\" \/>\n<meta property=\"product:condition\" content=\"new\" \/>\n<!-- \/ Yoast SEO Premium plugin. -->","yoast_head_json":{"title":"- ALEGER \u22c6 Augmented Reality","robots":{"index":"index","follow":"follow","max-snippet":"max-snippet:-1","max-image-preview":"max-image-preview:large","max-video-preview":"max-video-preview:-1"},"og_locale":"fr_FR","og_type":"article","og_title":"BUREAU","og_description":"La station d'accueil de bureau EX80 de Getac offre de nombreux ports E\/S pour connecter les p\u00e9riph\u00e9riques importants aux appareils de votre bureau. Gr\u00e2ce aux ports Ethernet et USB int\u00e9gr\u00e9s, les utilisateurs peuvent rapidement collecter des donn\u00e9es sur le terrain et les synchroniser avec celles du si\u00e8ge, ce qui permet d'\u00e9tablir des rapports et de les analyser en temps r\u00e9el. Pour que la s\u00e9curit\u00e9 soit \u00e9galement garantie dans les environnements \u00e0 risque d'explosion, la prise d'entr\u00e9e DC a \u00e9t\u00e9 supprim\u00e9e. Pour une s\u00e9curit\u00e9 maximale lors du chargement, les appareils doivent \u00eatre connect\u00e9s \u00e0 la station d'accueil du bureau dans un environnement non dangereux. Ce kit d'adaptateurs CA comprend cinq fiches d'alimentation diff\u00e9rentes (UE\/UK\/US\/CHN\/ANZ) qui s'adaptent aux prises de courant du monde entier. Cela assure un confort suppl\u00e9mentaire lors des interventions mobiles.","og_url":"https:\/\/alegerglobal.com\/fr\/shop-fr\/bureau\/","og_site_name":"ALEGER \u22c6 Augmented Reality","article_modified_time":"2022-05-12T17:33:22+00:00","og_image":[{"width":800,"height":800,"url":"https:\/\/alegerglobal.com\/wp-content\/uploads\/2021\/02\/Unbenannt-108.jpg","type":"image\/jpeg"}],"twitter_card":"summary_large_image","twitter_misc":{"Prix":"&euro;54,99","Disponibilit\u00e9":"En stock"},"schema":{"@context":"https:\/\/schema.org","@graph":[{"@type":"WebPage","@id":"https:\/\/alegerglobal.com\/fr\/shop-fr\/bureau\/","url":"https:\/\/alegerglobal.com\/fr\/shop-fr\/bureau\/","name":"- ALEGER \u22c6 Augmented Reality","isPartOf":{"@id":"https:\/\/alegerglobal.com\/fr\/#website"},"primaryImageOfPage":{"@id":"https:\/\/alegerglobal.com\/fr\/shop-fr\/bureau\/#primaryimage"},"image":{"@id":"https:\/\/alegerglobal.com\/fr\/shop-fr\/bureau\/#primaryimage"},"thumbnailUrl":"https:\/\/alegerglobal.com\/wp-content\/uploads\/2021\/02\/Unbenannt-108.jpg","datePublished":"2022-05-12T17:33:20+00:00","dateModified":"2022-05-12T17:33:22+00:00","breadcrumb":{"@id":"https:\/\/alegerglobal.com\/fr\/shop-fr\/bureau\/#breadcrumb"},"inLanguage":"fr-FR","potentialAction":[{"@type":"ReadAction","target":["https:\/\/alegerglobal.com\/fr\/shop-fr\/bureau\/"]}]},{"@type":"ImageObject","inLanguage":"fr-FR","@id":"https:\/\/alegerglobal.com\/fr\/shop-fr\/bureau\/#primaryimage","url":"https:\/\/alegerglobal.com\/wp-content\/uploads\/2021\/02\/Unbenannt-108.jpg","contentUrl":"https:\/\/alegerglobal.com\/wp-content\/uploads\/2021\/02\/Unbenannt-108.jpg","width":800,"height":800},{"@type":"BreadcrumbList","@id":"https:\/\/alegerglobal.com\/fr\/shop-fr\/bureau\/#breadcrumb","itemListElement":[{"@type":"ListItem","position":1,"name":"Home","item":"https:\/\/alegerglobal.com\/fr\/new-page-daccueil\/"},{"@type":"ListItem","position":2,"name":"Produits","item":"https:\/\/alegerglobal.com\/fr\/produits\/"},{"@type":"ListItem","position":3,"name":"BUREAU"}]},{"@type":"WebSite","@id":"https:\/\/alegerglobal.com\/fr\/#website","url":"https:\/\/alegerglobal.com\/fr\/","name":"ALEGER \u22c6 Augmented Reality","description":"Die besten Augmented Reality (AR) L\u00f6sungen der Welt.","publisher":{"@id":"https:\/\/alegerglobal.com\/fr\/#organization"},"potentialAction":[{"@type":"SearchAction","target":{"@type":"EntryPoint","urlTemplate":"https:\/\/alegerglobal.com\/fr\/?s={search_term_string}"},"query-input":{"@type":"PropertyValueSpecification","valueRequired":true,"valueName":"search_term_string"}}],"inLanguage":"fr-FR"},{"@type":"Organization","@id":"https:\/\/alegerglobal.com\/fr\/#organization","name":"ALEGER \u22c6 Augmented Reality","url":"https:\/\/alegerglobal.com\/fr\/","logo":{"@type":"ImageObject","inLanguage":"fr-FR","@id":"https:\/\/alegerglobal.com\/fr\/#\/schema\/logo\/image\/","url":"https:\/\/alegerglobal.com\/wp-content\/uploads\/2020\/12\/aleger-logo-quadrat.jpg","contentUrl":"https:\/\/alegerglobal.com\/wp-content\/uploads\/2020\/12\/aleger-logo-quadrat.jpg","width":200,"height":176,"caption":"ALEGER \u22c6 Augmented Reality"},"image":{"@id":"https:\/\/alegerglobal.com\/fr\/#\/schema\/logo\/image\/"}}]},"product_brand":"Getac","product_price_amount":"54.99","product_price_currency":"EUR","og_availability":"instock","product_availability":"instock","product_condition":"new"},"_links":{"self":[{"href":"https:\/\/alegerglobal.com\/fr\/wp-json\/wp\/v2\/product\/30177","targetHints":{"allow":["GET"]}}],"collection":[{"href":"https:\/\/alegerglobal.com\/fr\/wp-json\/wp\/v2\/product"}],"about":[{"href":"https:\/\/alegerglobal.com\/fr\/wp-json\/wp\/v2\/types\/product"}],"replies":[{"embeddable":true,"href":"https:\/\/alegerglobal.com\/fr\/wp-json\/wp\/v2\/comments?post=30177"}],"version-history":[{"count":1,"href":"https:\/\/alegerglobal.com\/fr\/wp-json\/wp\/v2\/product\/30177\/revisions"}],"predecessor-version":[{"id":30180,"href":"https:\/\/alegerglobal.com\/fr\/wp-json\/wp\/v2\/product\/30177\/revisions\/30180"}],"wp:featuredmedia":[{"embeddable":true,"href":"https:\/\/alegerglobal.com\/fr\/wp-json\/wp\/v2\/media\/14454"}],"wp:attachment":[{"href":"https:\/\/alegerglobal.com\/fr\/wp-json\/wp\/v2\/media?parent=30177"}],"wp:term":[{"taxonomy":"product_brand","embeddable":true,"href":"https:\/\/alegerglobal.com\/fr\/wp-json\/wp\/v2\/product_brand?post=30177"},{"taxonomy":"product_cat","embeddable":true,"href":"https:\/\/alegerglobal.com\/fr\/wp-json\/wp\/v2\/product_cat?post=30177"},{"taxonomy":"product_tag","embeddable":true,"href":"https:\/\/alegerglobal.com\/fr\/wp-json\/wp\/v2\/product_tag?post=30177"}],"curies":[{"name":"wp","href":"https:\/\/api.w.org\/{rel}","templated":true}]}}