{"id":30171,"date":"2021-02-04T06:02:02","date_gmt":"2022-05-12T17:33:18","guid":{"rendered":"https:\/\/alegerglobal.com\/non%20class\u00e9\/support-avec-dragonne-rotative-kickstand\/"},"modified":"2022-05-12T18:33:19","modified_gmt":"2022-05-12T17:33:19","slug":"support-avec-dragonne-rotative-kickstand","status":"publish","type":"product","link":"https:\/\/alegerglobal.com\/fr\/shop-fr\/support-avec-dragonne-rotative-kickstand\/","title":{"rendered":"SUPPORT avec dragonne rotative &amp; kickstand"},"content":{"rendered":"\t\t<div data-elementor-type=\"product-post\" data-elementor-id=\"30171\" class=\"elementor elementor-30171 elementor-4099\" data-elementor-settings=\"{&quot;ha_cmc_init_switcher&quot;:&quot;no&quot;}\" data-elementor-post-type=\"product\">\n\t\t\t\t\t\t<section class=\"elementor-section elementor-top-section elementor-element elementor-element-2cee46f elementor-section-boxed elementor-section-height-default elementor-section-height-default\" data-id=\"2cee46f\" data-element_type=\"section\" data-settings=\"{&quot;jet_parallax_layout_list&quot;:[],&quot;_ha_eqh_enable&quot;:false}\">\n\t\t\t\t\t\t<div class=\"elementor-container elementor-column-gap-default\">\n\t\t\t\t\t<div class=\"elementor-column elementor-col-100 elementor-top-column elementor-element elementor-element-ffa893f\" data-id=\"ffa893f\" data-element_type=\"column\">\n\t\t\t<div class=\"elementor-widget-wrap elementor-element-populated\">\n\t\t\t\t\t\t<div class=\"elementor-element elementor-element-10748d8 elementor-widget elementor-widget-text-editor\" data-id=\"10748d8\" data-element_type=\"widget\" data-widget_type=\"text-editor.default\">\n\t\t\t\t<div class=\"elementor-widget-container\">\n\t\t\t\t\t\t\t\t\t<p><strong>Informations sur le produit<\/strong><\/p><p>Dimensions du support :<\/p><p>220 x 65 mm<\/p><p>Poids : 156g<\/p><p>Mati\u00e8re principale : PU<\/p><p> <\/p><p><strong>SKU-ID<\/strong><\/p><p>SKU ID : GMHRXI<\/p>\t\t\t\t\t\t\t\t<\/div>\n\t\t\t\t<\/div>\n\t\t\t\t\t<\/div>\n\t\t<\/div>\n\t\t\t\t\t<\/div>\n\t\t<\/section>\n\t\t\t\t<\/div>\n\t\t","protected":false},"excerpt":{"rendered":"<p>La dragonne pivotante du UX10-Ex a \u00e9t\u00e9 con\u00e7ue pour rendre l&rsquo;utilisation de la tablette plus facile et plus confortable.<br \/>\nfaire. La dragonne s&rsquo;adapte \u00e0 la plupart des tailles de main et peut \u00eatre tourn\u00e9e \u00e0 360 degr\u00e9s pour<br \/>\ntrouver l&rsquo;angle de vision id\u00e9al en cours de route. Il comprend \u00e9galement un kickstand int\u00e9gr\u00e9 qui permet de travailler les mains libres.<br \/>\nLe syst\u00e8me d&rsquo;attache permet une utilisation sur des surfaces planes et offre ainsi une plus grande flexibilit\u00e9 de travail.<\/p>\n","protected":false},"featured_media":14508,"comment_status":"open","ping_status":"closed","template":"","meta":{"_acf_changed":false},"product_brand":[],"product_cat":[600,601],"product_tag":[],"class_list":{"0":"post-30171","1":"product","2":"type-product","3":"status-publish","4":"has-post-thumbnail","6":"product_cat-accessoires","7":"product_cat-shop-fr","8":"pa_hersteller-getac-fr","10":"first","11":"instock","12":"taxable","13":"shipping-taxable","14":"purchasable","15":"product-type-simple"},"acf":[],"yoast_head":"<!-- This site is optimized with the Yoast SEO Premium plugin v20.10 (Yoast SEO v24.3) - https:\/\/yoast.com\/wordpress\/plugins\/seo\/ -->\n<title>- ALEGER \u22c6 Augmented Reality<\/title>\n<meta name=\"robots\" content=\"index, follow, max-snippet:-1, max-image-preview:large, max-video-preview:-1\" \/>\n<meta property=\"og:locale\" content=\"fr_FR\" \/>\n<meta property=\"og:type\" content=\"article\" \/>\n<meta property=\"og:title\" content=\"SUPPORT avec dragonne rotative &amp; kickstand\" \/>\n<meta property=\"og:description\" content=\"La dragonne pivotante du UX10-Ex a \u00e9t\u00e9 con\u00e7ue pour rendre l&#039;utilisation de la tablette plus facile et plus confortable. faire. La dragonne s&#039;adapte \u00e0 la plupart des tailles de main et peut \u00eatre tourn\u00e9e \u00e0 360 degr\u00e9s pour trouver l&#039;angle de vision id\u00e9al en cours de route. Il comprend \u00e9galement un kickstand int\u00e9gr\u00e9 qui permet de travailler les mains libres. Le syst\u00e8me d&#039;attache permet une utilisation sur des surfaces planes et offre ainsi une plus grande flexibilit\u00e9 de travail.\" \/>\n<meta property=\"og:url\" content=\"https:\/\/alegerglobal.com\/fr\/shop-fr\/support-avec-dragonne-rotative-kickstand\/\" \/>\n<meta property=\"og:site_name\" content=\"ALEGER \u22c6 Augmented Reality\" \/>\n<meta property=\"article:modified_time\" content=\"2022-05-12T17:33:19+00:00\" \/>\n<meta property=\"og:image\" content=\"https:\/\/alegerglobal.com\/wp-content\/uploads\/2021\/02\/Unbenannt-133.jpg\" \/>\n\t<meta property=\"og:image:width\" content=\"800\" \/>\n\t<meta property=\"og:image:height\" content=\"800\" \/>\n\t<meta property=\"og:image:type\" content=\"image\/jpeg\" \/>\n<meta name=\"twitter:card\" content=\"summary_large_image\" \/>\n<meta name=\"twitter:label1\" content=\"Prix\" \/>\n\t<meta name=\"twitter:data1\" content=\"&euro;92,99\" \/>\n\t<meta name=\"twitter:label2\" content=\"Disponibilit\u00e9\" \/>\n\t<meta name=\"twitter:data2\" content=\"En stock\" \/>\n<script type=\"application\/ld+json\" class=\"yoast-schema-graph\">{\"@context\":\"https:\/\/schema.org\",\"@graph\":[{\"@type\":\"WebPage\",\"@id\":\"https:\/\/alegerglobal.com\/fr\/shop-fr\/support-avec-dragonne-rotative-kickstand\/\",\"url\":\"https:\/\/alegerglobal.com\/fr\/shop-fr\/support-avec-dragonne-rotative-kickstand\/\",\"name\":\"- ALEGER \u22c6 Augmented Reality\",\"isPartOf\":{\"@id\":\"https:\/\/alegerglobal.com\/fr\/#website\"},\"primaryImageOfPage\":{\"@id\":\"https:\/\/alegerglobal.com\/fr\/shop-fr\/support-avec-dragonne-rotative-kickstand\/#primaryimage\"},\"image\":{\"@id\":\"https:\/\/alegerglobal.com\/fr\/shop-fr\/support-avec-dragonne-rotative-kickstand\/#primaryimage\"},\"thumbnailUrl\":\"https:\/\/alegerglobal.com\/wp-content\/uploads\/2021\/02\/Unbenannt-133.jpg\",\"datePublished\":\"2022-05-12T17:33:18+00:00\",\"dateModified\":\"2022-05-12T17:33:19+00:00\",\"breadcrumb\":{\"@id\":\"https:\/\/alegerglobal.com\/fr\/shop-fr\/support-avec-dragonne-rotative-kickstand\/#breadcrumb\"},\"inLanguage\":\"fr-FR\",\"potentialAction\":[{\"@type\":\"ReadAction\",\"target\":[\"https:\/\/alegerglobal.com\/fr\/shop-fr\/support-avec-dragonne-rotative-kickstand\/\"]}]},{\"@type\":\"ImageObject\",\"inLanguage\":\"fr-FR\",\"@id\":\"https:\/\/alegerglobal.com\/fr\/shop-fr\/support-avec-dragonne-rotative-kickstand\/#primaryimage\",\"url\":\"https:\/\/alegerglobal.com\/wp-content\/uploads\/2021\/02\/Unbenannt-133.jpg\",\"contentUrl\":\"https:\/\/alegerglobal.com\/wp-content\/uploads\/2021\/02\/Unbenannt-133.jpg\",\"width\":800,\"height\":800},{\"@type\":\"BreadcrumbList\",\"@id\":\"https:\/\/alegerglobal.com\/fr\/shop-fr\/support-avec-dragonne-rotative-kickstand\/#breadcrumb\",\"itemListElement\":[{\"@type\":\"ListItem\",\"position\":1,\"name\":\"Home\",\"item\":\"https:\/\/alegerglobal.com\/fr\/new-page-daccueil\/\"},{\"@type\":\"ListItem\",\"position\":2,\"name\":\"Produits\",\"item\":\"https:\/\/alegerglobal.com\/fr\/produits\/\"},{\"@type\":\"ListItem\",\"position\":3,\"name\":\"SUPPORT avec dragonne rotative &amp; kickstand\"}]},{\"@type\":\"WebSite\",\"@id\":\"https:\/\/alegerglobal.com\/fr\/#website\",\"url\":\"https:\/\/alegerglobal.com\/fr\/\",\"name\":\"ALEGER \u22c6 Augmented Reality\",\"description\":\"Die besten Augmented Reality (AR) L\u00f6sungen der Welt.\",\"publisher\":{\"@id\":\"https:\/\/alegerglobal.com\/fr\/#organization\"},\"potentialAction\":[{\"@type\":\"SearchAction\",\"target\":{\"@type\":\"EntryPoint\",\"urlTemplate\":\"https:\/\/alegerglobal.com\/fr\/?s={search_term_string}\"},\"query-input\":{\"@type\":\"PropertyValueSpecification\",\"valueRequired\":true,\"valueName\":\"search_term_string\"}}],\"inLanguage\":\"fr-FR\"},{\"@type\":\"Organization\",\"@id\":\"https:\/\/alegerglobal.com\/fr\/#organization\",\"name\":\"ALEGER \u22c6 Augmented Reality\",\"url\":\"https:\/\/alegerglobal.com\/fr\/\",\"logo\":{\"@type\":\"ImageObject\",\"inLanguage\":\"fr-FR\",\"@id\":\"https:\/\/alegerglobal.com\/fr\/#\/schema\/logo\/image\/\",\"url\":\"https:\/\/alegerglobal.com\/wp-content\/uploads\/2020\/12\/aleger-logo-quadrat.jpg\",\"contentUrl\":\"https:\/\/alegerglobal.com\/wp-content\/uploads\/2020\/12\/aleger-logo-quadrat.jpg\",\"width\":200,\"height\":176,\"caption\":\"ALEGER \u22c6 Augmented Reality\"},\"image\":{\"@id\":\"https:\/\/alegerglobal.com\/fr\/#\/schema\/logo\/image\/\"}}]}<\/script>\n<meta property=\"product:brand\" content=\"Getac\" \/>\n<meta property=\"product:price:amount\" content=\"92.99\" \/>\n<meta property=\"product:price:currency\" content=\"EUR\" \/>\n<meta property=\"og:availability\" content=\"instock\" \/>\n<meta property=\"product:availability\" content=\"instock\" \/>\n<meta property=\"product:condition\" content=\"new\" \/>\n<!-- \/ Yoast SEO Premium plugin. -->","yoast_head_json":{"title":"- ALEGER \u22c6 Augmented Reality","robots":{"index":"index","follow":"follow","max-snippet":"max-snippet:-1","max-image-preview":"max-image-preview:large","max-video-preview":"max-video-preview:-1"},"og_locale":"fr_FR","og_type":"article","og_title":"SUPPORT avec dragonne rotative &amp; kickstand","og_description":"La dragonne pivotante du UX10-Ex a \u00e9t\u00e9 con\u00e7ue pour rendre l'utilisation de la tablette plus facile et plus confortable. faire. La dragonne s'adapte \u00e0 la plupart des tailles de main et peut \u00eatre tourn\u00e9e \u00e0 360 degr\u00e9s pour trouver l'angle de vision id\u00e9al en cours de route. Il comprend \u00e9galement un kickstand int\u00e9gr\u00e9 qui permet de travailler les mains libres. Le syst\u00e8me d'attache permet une utilisation sur des surfaces planes et offre ainsi une plus grande flexibilit\u00e9 de travail.","og_url":"https:\/\/alegerglobal.com\/fr\/shop-fr\/support-avec-dragonne-rotative-kickstand\/","og_site_name":"ALEGER \u22c6 Augmented Reality","article_modified_time":"2022-05-12T17:33:19+00:00","og_image":[{"width":800,"height":800,"url":"https:\/\/alegerglobal.com\/wp-content\/uploads\/2021\/02\/Unbenannt-133.jpg","type":"image\/jpeg"}],"twitter_card":"summary_large_image","twitter_misc":{"Prix":"&euro;92,99","Disponibilit\u00e9":"En stock"},"schema":{"@context":"https:\/\/schema.org","@graph":[{"@type":"WebPage","@id":"https:\/\/alegerglobal.com\/fr\/shop-fr\/support-avec-dragonne-rotative-kickstand\/","url":"https:\/\/alegerglobal.com\/fr\/shop-fr\/support-avec-dragonne-rotative-kickstand\/","name":"- ALEGER \u22c6 Augmented Reality","isPartOf":{"@id":"https:\/\/alegerglobal.com\/fr\/#website"},"primaryImageOfPage":{"@id":"https:\/\/alegerglobal.com\/fr\/shop-fr\/support-avec-dragonne-rotative-kickstand\/#primaryimage"},"image":{"@id":"https:\/\/alegerglobal.com\/fr\/shop-fr\/support-avec-dragonne-rotative-kickstand\/#primaryimage"},"thumbnailUrl":"https:\/\/alegerglobal.com\/wp-content\/uploads\/2021\/02\/Unbenannt-133.jpg","datePublished":"2022-05-12T17:33:18+00:00","dateModified":"2022-05-12T17:33:19+00:00","breadcrumb":{"@id":"https:\/\/alegerglobal.com\/fr\/shop-fr\/support-avec-dragonne-rotative-kickstand\/#breadcrumb"},"inLanguage":"fr-FR","potentialAction":[{"@type":"ReadAction","target":["https:\/\/alegerglobal.com\/fr\/shop-fr\/support-avec-dragonne-rotative-kickstand\/"]}]},{"@type":"ImageObject","inLanguage":"fr-FR","@id":"https:\/\/alegerglobal.com\/fr\/shop-fr\/support-avec-dragonne-rotative-kickstand\/#primaryimage","url":"https:\/\/alegerglobal.com\/wp-content\/uploads\/2021\/02\/Unbenannt-133.jpg","contentUrl":"https:\/\/alegerglobal.com\/wp-content\/uploads\/2021\/02\/Unbenannt-133.jpg","width":800,"height":800},{"@type":"BreadcrumbList","@id":"https:\/\/alegerglobal.com\/fr\/shop-fr\/support-avec-dragonne-rotative-kickstand\/#breadcrumb","itemListElement":[{"@type":"ListItem","position":1,"name":"Home","item":"https:\/\/alegerglobal.com\/fr\/new-page-daccueil\/"},{"@type":"ListItem","position":2,"name":"Produits","item":"https:\/\/alegerglobal.com\/fr\/produits\/"},{"@type":"ListItem","position":3,"name":"SUPPORT avec dragonne rotative &amp; kickstand"}]},{"@type":"WebSite","@id":"https:\/\/alegerglobal.com\/fr\/#website","url":"https:\/\/alegerglobal.com\/fr\/","name":"ALEGER \u22c6 Augmented Reality","description":"Die besten Augmented Reality (AR) L\u00f6sungen der Welt.","publisher":{"@id":"https:\/\/alegerglobal.com\/fr\/#organization"},"potentialAction":[{"@type":"SearchAction","target":{"@type":"EntryPoint","urlTemplate":"https:\/\/alegerglobal.com\/fr\/?s={search_term_string}"},"query-input":{"@type":"PropertyValueSpecification","valueRequired":true,"valueName":"search_term_string"}}],"inLanguage":"fr-FR"},{"@type":"Organization","@id":"https:\/\/alegerglobal.com\/fr\/#organization","name":"ALEGER \u22c6 Augmented Reality","url":"https:\/\/alegerglobal.com\/fr\/","logo":{"@type":"ImageObject","inLanguage":"fr-FR","@id":"https:\/\/alegerglobal.com\/fr\/#\/schema\/logo\/image\/","url":"https:\/\/alegerglobal.com\/wp-content\/uploads\/2020\/12\/aleger-logo-quadrat.jpg","contentUrl":"https:\/\/alegerglobal.com\/wp-content\/uploads\/2020\/12\/aleger-logo-quadrat.jpg","width":200,"height":176,"caption":"ALEGER \u22c6 Augmented Reality"},"image":{"@id":"https:\/\/alegerglobal.com\/fr\/#\/schema\/logo\/image\/"}}]},"product_brand":"Getac","product_price_amount":"92.99","product_price_currency":"EUR","og_availability":"instock","product_availability":"instock","product_condition":"new"},"_links":{"self":[{"href":"https:\/\/alegerglobal.com\/fr\/wp-json\/wp\/v2\/product\/30171","targetHints":{"allow":["GET"]}}],"collection":[{"href":"https:\/\/alegerglobal.com\/fr\/wp-json\/wp\/v2\/product"}],"about":[{"href":"https:\/\/alegerglobal.com\/fr\/wp-json\/wp\/v2\/types\/product"}],"replies":[{"embeddable":true,"href":"https:\/\/alegerglobal.com\/fr\/wp-json\/wp\/v2\/comments?post=30171"}],"version-history":[{"count":1,"href":"https:\/\/alegerglobal.com\/fr\/wp-json\/wp\/v2\/product\/30171\/revisions"}],"predecessor-version":[{"id":30174,"href":"https:\/\/alegerglobal.com\/fr\/wp-json\/wp\/v2\/product\/30171\/revisions\/30174"}],"wp:featuredmedia":[{"embeddable":true,"href":"https:\/\/alegerglobal.com\/fr\/wp-json\/wp\/v2\/media\/14508"}],"wp:attachment":[{"href":"https:\/\/alegerglobal.com\/fr\/wp-json\/wp\/v2\/media?parent=30171"}],"wp:term":[{"taxonomy":"product_brand","embeddable":true,"href":"https:\/\/alegerglobal.com\/fr\/wp-json\/wp\/v2\/product_brand?post=30171"},{"taxonomy":"product_cat","embeddable":true,"href":"https:\/\/alegerglobal.com\/fr\/wp-json\/wp\/v2\/product_cat?post=30171"},{"taxonomy":"product_tag","embeddable":true,"href":"https:\/\/alegerglobal.com\/fr\/wp-json\/wp\/v2\/product_tag?post=30171"}],"curies":[{"name":"wp","href":"https:\/\/api.w.org\/{rel}","templated":true}]}}