{"id":30160,"date":"2021-02-04T09:44:59","date_gmt":"2022-05-12T17:33:14","guid":{"rendered":"https:\/\/alegerglobal.com\/non%20class\u00e9\/harnis-depaule-4-points-f110\/"},"modified":"2022-05-12T18:33:22","modified_gmt":"2022-05-12T17:33:22","slug":"harnis-depaule-4-points-f110","status":"publish","type":"product","link":"https:\/\/alegerglobal.com\/fr\/shop-fr\/harnis-depaule-4-points-f110\/","title":{"rendered":"HARNIS D&rsquo;\u00c9PAULE 4 points F110"},"content":{"rendered":"\t\t<div data-elementor-type=\"product-post\" data-elementor-id=\"30160\" class=\"elementor elementor-30160 elementor-4185\" data-elementor-settings=\"{&quot;ha_cmc_init_switcher&quot;:&quot;no&quot;}\" data-elementor-post-type=\"product\">\n\t\t\t\t\t\t<section class=\"elementor-section elementor-top-section elementor-element elementor-element-3a2b7e5 elementor-section-boxed elementor-section-height-default elementor-section-height-default\" data-id=\"3a2b7e5\" data-element_type=\"section\" data-settings=\"{&quot;jet_parallax_layout_list&quot;:[],&quot;_ha_eqh_enable&quot;:false}\">\n\t\t\t\t\t\t<div class=\"elementor-container elementor-column-gap-default\">\n\t\t\t\t\t<div class=\"elementor-column elementor-col-100 elementor-top-column elementor-element elementor-element-732889d\" data-id=\"732889d\" data-element_type=\"column\">\n\t\t\t<div class=\"elementor-widget-wrap elementor-element-populated\">\n\t\t\t\t\t\t<div class=\"elementor-element elementor-element-a7676dd elementor-widget elementor-widget-text-editor\" data-id=\"a7676dd\" data-element_type=\"widget\" data-widget_type=\"text-editor.default\">\n\t\t\t\t<div class=\"elementor-widget-container\">\n\t\t\t\t\t\t\t\t\t<p><strong>Informations sur les produits<\/strong><\/p><p>Dimensions : 480 x 260 mm<\/p><p>Mat\u00e9riau primaire : polyester<\/p><p>* Pour l&rsquo;utilisation du<\/p><p>Pour fabriquer un harnais d&rsquo;\u00e9paule, il vous faut<\/p><p>le support avec un support pivotant<\/p><p>Sangle de transport et support pour le<\/p><p>F110 (vendu s\u00e9par\u00e9ment)<\/p><p> <\/p><p><strong>ID SKU<\/strong><\/p><p>ID DU SKU : GMS4X1<\/p>\t\t\t\t\t\t\t\t<\/div>\n\t\t\t\t<\/div>\n\t\t\t\t\t<\/div>\n\t\t<\/div>\n\t\t\t\t\t<\/div>\n\t\t<\/section>\n\t\t\t\t<\/div>\n\t\t","protected":false},"excerpt":{"rendered":"<p>Ce harnais d&rsquo;\u00e9paule dispose de quatre mousquetons qui peuvent \u00eatre fix\u00e9s aux anneaux en D des quatre coins du \u00ab\u00a0support avec sangle pivotante et support pour le F110\u00a0\u00bb (vendu s\u00e9par\u00e9ment) et qui peuvent \u00e9galement \u00eatre retir\u00e9s facilement. Cela vous permet de transporter la tablette \u00e0 main lev\u00e9e et de regarder l&rsquo;\u00e9cran tout en travaillant avec les deux mains. Gr\u00e2ce \u00e0 son rembourrage large et doux et \u00e0 ses sangles r\u00e9glables, vous pouvez ainsi toujours l&#8217;emporter confortablement avec vous.<\/p>\n","protected":false},"featured_media":14503,"comment_status":"open","ping_status":"closed","template":"","meta":{"_acf_changed":false},"product_brand":[],"product_cat":[600,601],"product_tag":[],"class_list":{"0":"post-30160","1":"product","2":"type-product","3":"status-publish","4":"has-post-thumbnail","6":"product_cat-accessoires","7":"product_cat-shop-fr","8":"pa_hersteller-getac-fr","10":"first","11":"instock","12":"taxable","13":"shipping-taxable","14":"purchasable","15":"product-type-simple"},"acf":[],"yoast_head":"<!-- This site is optimized with the Yoast SEO Premium plugin v20.10 (Yoast SEO v24.3) - https:\/\/yoast.com\/wordpress\/plugins\/seo\/ -->\n<title>- ALEGER \u22c6 Augmented Reality<\/title>\n<meta name=\"robots\" content=\"index, follow, max-snippet:-1, max-image-preview:large, max-video-preview:-1\" \/>\n<meta property=\"og:locale\" content=\"fr_FR\" \/>\n<meta property=\"og:type\" content=\"article\" \/>\n<meta property=\"og:title\" content=\"HARNIS D&#039;\u00c9PAULE 4 points F110\" \/>\n<meta property=\"og:description\" content=\"Ce harnais d&#039;\u00e9paule dispose de quatre mousquetons qui peuvent \u00eatre fix\u00e9s aux anneaux en D des quatre coins du &quot;support avec sangle pivotante et support pour le F110&quot; (vendu s\u00e9par\u00e9ment) et qui peuvent \u00e9galement \u00eatre retir\u00e9s facilement. Cela vous permet de transporter la tablette \u00e0 main lev\u00e9e et de regarder l&#039;\u00e9cran tout en travaillant avec les deux mains. Gr\u00e2ce \u00e0 son rembourrage large et doux et \u00e0 ses sangles r\u00e9glables, vous pouvez ainsi toujours l&#039;emporter confortablement avec vous.\" \/>\n<meta property=\"og:url\" content=\"https:\/\/alegerglobal.com\/fr\/shop-fr\/harnis-depaule-4-points-f110\/\" \/>\n<meta property=\"og:site_name\" content=\"ALEGER \u22c6 Augmented Reality\" \/>\n<meta property=\"article:modified_time\" content=\"2022-05-12T17:33:22+00:00\" \/>\n<meta property=\"og:image\" content=\"https:\/\/alegerglobal.com\/wp-content\/uploads\/2021\/02\/Unbenannt-128.jpg\" \/>\n\t<meta property=\"og:image:width\" content=\"800\" \/>\n\t<meta property=\"og:image:height\" content=\"800\" \/>\n\t<meta property=\"og:image:type\" content=\"image\/jpeg\" \/>\n<meta name=\"twitter:card\" content=\"summary_large_image\" \/>\n<meta name=\"twitter:label1\" content=\"Prix\" \/>\n\t<meta name=\"twitter:data1\" content=\"&euro;61,99\" \/>\n\t<meta name=\"twitter:label2\" content=\"Disponibilit\u00e9\" \/>\n\t<meta name=\"twitter:data2\" content=\"En stock\" \/>\n<script type=\"application\/ld+json\" class=\"yoast-schema-graph\">{\"@context\":\"https:\/\/schema.org\",\"@graph\":[{\"@type\":\"WebPage\",\"@id\":\"https:\/\/alegerglobal.com\/fr\/shop-fr\/harnis-depaule-4-points-f110\/\",\"url\":\"https:\/\/alegerglobal.com\/fr\/shop-fr\/harnis-depaule-4-points-f110\/\",\"name\":\"- ALEGER \u22c6 Augmented Reality\",\"isPartOf\":{\"@id\":\"https:\/\/alegerglobal.com\/fr\/#website\"},\"primaryImageOfPage\":{\"@id\":\"https:\/\/alegerglobal.com\/fr\/shop-fr\/harnis-depaule-4-points-f110\/#primaryimage\"},\"image\":{\"@id\":\"https:\/\/alegerglobal.com\/fr\/shop-fr\/harnis-depaule-4-points-f110\/#primaryimage\"},\"thumbnailUrl\":\"https:\/\/alegerglobal.com\/wp-content\/uploads\/2021\/02\/Unbenannt-128.jpg\",\"datePublished\":\"2022-05-12T17:33:14+00:00\",\"dateModified\":\"2022-05-12T17:33:22+00:00\",\"breadcrumb\":{\"@id\":\"https:\/\/alegerglobal.com\/fr\/shop-fr\/harnis-depaule-4-points-f110\/#breadcrumb\"},\"inLanguage\":\"fr-FR\",\"potentialAction\":[{\"@type\":\"ReadAction\",\"target\":[\"https:\/\/alegerglobal.com\/fr\/shop-fr\/harnis-depaule-4-points-f110\/\"]}]},{\"@type\":\"ImageObject\",\"inLanguage\":\"fr-FR\",\"@id\":\"https:\/\/alegerglobal.com\/fr\/shop-fr\/harnis-depaule-4-points-f110\/#primaryimage\",\"url\":\"https:\/\/alegerglobal.com\/wp-content\/uploads\/2021\/02\/Unbenannt-128.jpg\",\"contentUrl\":\"https:\/\/alegerglobal.com\/wp-content\/uploads\/2021\/02\/Unbenannt-128.jpg\",\"width\":800,\"height\":800},{\"@type\":\"BreadcrumbList\",\"@id\":\"https:\/\/alegerglobal.com\/fr\/shop-fr\/harnis-depaule-4-points-f110\/#breadcrumb\",\"itemListElement\":[{\"@type\":\"ListItem\",\"position\":1,\"name\":\"Home\",\"item\":\"https:\/\/alegerglobal.com\/fr\/new-page-daccueil\/\"},{\"@type\":\"ListItem\",\"position\":2,\"name\":\"Produits\",\"item\":\"https:\/\/alegerglobal.com\/fr\/produits\/\"},{\"@type\":\"ListItem\",\"position\":3,\"name\":\"HARNIS D&#8217;\u00c9PAULE 4 points F110\"}]},{\"@type\":\"WebSite\",\"@id\":\"https:\/\/alegerglobal.com\/fr\/#website\",\"url\":\"https:\/\/alegerglobal.com\/fr\/\",\"name\":\"ALEGER \u22c6 Augmented Reality\",\"description\":\"Die besten Augmented Reality (AR) L\u00f6sungen der Welt.\",\"publisher\":{\"@id\":\"https:\/\/alegerglobal.com\/fr\/#organization\"},\"potentialAction\":[{\"@type\":\"SearchAction\",\"target\":{\"@type\":\"EntryPoint\",\"urlTemplate\":\"https:\/\/alegerglobal.com\/fr\/?s={search_term_string}\"},\"query-input\":{\"@type\":\"PropertyValueSpecification\",\"valueRequired\":true,\"valueName\":\"search_term_string\"}}],\"inLanguage\":\"fr-FR\"},{\"@type\":\"Organization\",\"@id\":\"https:\/\/alegerglobal.com\/fr\/#organization\",\"name\":\"ALEGER \u22c6 Augmented Reality\",\"url\":\"https:\/\/alegerglobal.com\/fr\/\",\"logo\":{\"@type\":\"ImageObject\",\"inLanguage\":\"fr-FR\",\"@id\":\"https:\/\/alegerglobal.com\/fr\/#\/schema\/logo\/image\/\",\"url\":\"https:\/\/alegerglobal.com\/wp-content\/uploads\/2020\/12\/aleger-logo-quadrat.jpg\",\"contentUrl\":\"https:\/\/alegerglobal.com\/wp-content\/uploads\/2020\/12\/aleger-logo-quadrat.jpg\",\"width\":200,\"height\":176,\"caption\":\"ALEGER \u22c6 Augmented Reality\"},\"image\":{\"@id\":\"https:\/\/alegerglobal.com\/fr\/#\/schema\/logo\/image\/\"}}]}<\/script>\n<meta property=\"product:brand\" content=\"Getac\" \/>\n<meta property=\"product:price:amount\" content=\"61.99\" \/>\n<meta property=\"product:price:currency\" content=\"EUR\" \/>\n<meta property=\"og:availability\" content=\"instock\" \/>\n<meta property=\"product:availability\" content=\"instock\" \/>\n<meta property=\"product:condition\" content=\"new\" \/>\n<!-- \/ Yoast SEO Premium plugin. -->","yoast_head_json":{"title":"- ALEGER \u22c6 Augmented Reality","robots":{"index":"index","follow":"follow","max-snippet":"max-snippet:-1","max-image-preview":"max-image-preview:large","max-video-preview":"max-video-preview:-1"},"og_locale":"fr_FR","og_type":"article","og_title":"HARNIS D'\u00c9PAULE 4 points F110","og_description":"Ce harnais d'\u00e9paule dispose de quatre mousquetons qui peuvent \u00eatre fix\u00e9s aux anneaux en D des quatre coins du \"support avec sangle pivotante et support pour le F110\" (vendu s\u00e9par\u00e9ment) et qui peuvent \u00e9galement \u00eatre retir\u00e9s facilement. Cela vous permet de transporter la tablette \u00e0 main lev\u00e9e et de regarder l'\u00e9cran tout en travaillant avec les deux mains. Gr\u00e2ce \u00e0 son rembourrage large et doux et \u00e0 ses sangles r\u00e9glables, vous pouvez ainsi toujours l'emporter confortablement avec vous.","og_url":"https:\/\/alegerglobal.com\/fr\/shop-fr\/harnis-depaule-4-points-f110\/","og_site_name":"ALEGER \u22c6 Augmented Reality","article_modified_time":"2022-05-12T17:33:22+00:00","og_image":[{"width":800,"height":800,"url":"https:\/\/alegerglobal.com\/wp-content\/uploads\/2021\/02\/Unbenannt-128.jpg","type":"image\/jpeg"}],"twitter_card":"summary_large_image","twitter_misc":{"Prix":"&euro;61,99","Disponibilit\u00e9":"En stock"},"schema":{"@context":"https:\/\/schema.org","@graph":[{"@type":"WebPage","@id":"https:\/\/alegerglobal.com\/fr\/shop-fr\/harnis-depaule-4-points-f110\/","url":"https:\/\/alegerglobal.com\/fr\/shop-fr\/harnis-depaule-4-points-f110\/","name":"- ALEGER \u22c6 Augmented Reality","isPartOf":{"@id":"https:\/\/alegerglobal.com\/fr\/#website"},"primaryImageOfPage":{"@id":"https:\/\/alegerglobal.com\/fr\/shop-fr\/harnis-depaule-4-points-f110\/#primaryimage"},"image":{"@id":"https:\/\/alegerglobal.com\/fr\/shop-fr\/harnis-depaule-4-points-f110\/#primaryimage"},"thumbnailUrl":"https:\/\/alegerglobal.com\/wp-content\/uploads\/2021\/02\/Unbenannt-128.jpg","datePublished":"2022-05-12T17:33:14+00:00","dateModified":"2022-05-12T17:33:22+00:00","breadcrumb":{"@id":"https:\/\/alegerglobal.com\/fr\/shop-fr\/harnis-depaule-4-points-f110\/#breadcrumb"},"inLanguage":"fr-FR","potentialAction":[{"@type":"ReadAction","target":["https:\/\/alegerglobal.com\/fr\/shop-fr\/harnis-depaule-4-points-f110\/"]}]},{"@type":"ImageObject","inLanguage":"fr-FR","@id":"https:\/\/alegerglobal.com\/fr\/shop-fr\/harnis-depaule-4-points-f110\/#primaryimage","url":"https:\/\/alegerglobal.com\/wp-content\/uploads\/2021\/02\/Unbenannt-128.jpg","contentUrl":"https:\/\/alegerglobal.com\/wp-content\/uploads\/2021\/02\/Unbenannt-128.jpg","width":800,"height":800},{"@type":"BreadcrumbList","@id":"https:\/\/alegerglobal.com\/fr\/shop-fr\/harnis-depaule-4-points-f110\/#breadcrumb","itemListElement":[{"@type":"ListItem","position":1,"name":"Home","item":"https:\/\/alegerglobal.com\/fr\/new-page-daccueil\/"},{"@type":"ListItem","position":2,"name":"Produits","item":"https:\/\/alegerglobal.com\/fr\/produits\/"},{"@type":"ListItem","position":3,"name":"HARNIS D&#8217;\u00c9PAULE 4 points F110"}]},{"@type":"WebSite","@id":"https:\/\/alegerglobal.com\/fr\/#website","url":"https:\/\/alegerglobal.com\/fr\/","name":"ALEGER \u22c6 Augmented Reality","description":"Die besten Augmented Reality (AR) L\u00f6sungen der Welt.","publisher":{"@id":"https:\/\/alegerglobal.com\/fr\/#organization"},"potentialAction":[{"@type":"SearchAction","target":{"@type":"EntryPoint","urlTemplate":"https:\/\/alegerglobal.com\/fr\/?s={search_term_string}"},"query-input":{"@type":"PropertyValueSpecification","valueRequired":true,"valueName":"search_term_string"}}],"inLanguage":"fr-FR"},{"@type":"Organization","@id":"https:\/\/alegerglobal.com\/fr\/#organization","name":"ALEGER \u22c6 Augmented Reality","url":"https:\/\/alegerglobal.com\/fr\/","logo":{"@type":"ImageObject","inLanguage":"fr-FR","@id":"https:\/\/alegerglobal.com\/fr\/#\/schema\/logo\/image\/","url":"https:\/\/alegerglobal.com\/wp-content\/uploads\/2020\/12\/aleger-logo-quadrat.jpg","contentUrl":"https:\/\/alegerglobal.com\/wp-content\/uploads\/2020\/12\/aleger-logo-quadrat.jpg","width":200,"height":176,"caption":"ALEGER \u22c6 Augmented Reality"},"image":{"@id":"https:\/\/alegerglobal.com\/fr\/#\/schema\/logo\/image\/"}}]},"product_brand":"Getac","product_price_amount":"61.99","product_price_currency":"EUR","og_availability":"instock","product_availability":"instock","product_condition":"new"},"_links":{"self":[{"href":"https:\/\/alegerglobal.com\/fr\/wp-json\/wp\/v2\/product\/30160","targetHints":{"allow":["GET"]}}],"collection":[{"href":"https:\/\/alegerglobal.com\/fr\/wp-json\/wp\/v2\/product"}],"about":[{"href":"https:\/\/alegerglobal.com\/fr\/wp-json\/wp\/v2\/types\/product"}],"replies":[{"embeddable":true,"href":"https:\/\/alegerglobal.com\/fr\/wp-json\/wp\/v2\/comments?post=30160"}],"version-history":[{"count":1,"href":"https:\/\/alegerglobal.com\/fr\/wp-json\/wp\/v2\/product\/30160\/revisions"}],"predecessor-version":[{"id":30162,"href":"https:\/\/alegerglobal.com\/fr\/wp-json\/wp\/v2\/product\/30160\/revisions\/30162"}],"wp:featuredmedia":[{"embeddable":true,"href":"https:\/\/alegerglobal.com\/fr\/wp-json\/wp\/v2\/media\/14503"}],"wp:attachment":[{"href":"https:\/\/alegerglobal.com\/fr\/wp-json\/wp\/v2\/media?parent=30160"}],"wp:term":[{"taxonomy":"product_brand","embeddable":true,"href":"https:\/\/alegerglobal.com\/fr\/wp-json\/wp\/v2\/product_brand?post=30160"},{"taxonomy":"product_cat","embeddable":true,"href":"https:\/\/alegerglobal.com\/fr\/wp-json\/wp\/v2\/product_cat?post=30160"},{"taxonomy":"product_tag","embeddable":true,"href":"https:\/\/alegerglobal.com\/fr\/wp-json\/wp\/v2\/product_tag?post=30160"}],"curies":[{"name":"wp","href":"https:\/\/api.w.org\/{rel}","templated":true}]}}