{"id":30135,"date":"2021-02-03T10:06:10","date_gmt":"2022-05-12T17:28:52","guid":{"rendered":"https:\/\/alegerglobal.com\/non%20class\u00e9\/b360-office-dock-avec-adaptateur-secteur\/"},"modified":"2022-05-12T18:28:55","modified_gmt":"2022-05-12T17:28:55","slug":"b360-office-dock-avec-adaptateur-secteur","status":"publish","type":"product","link":"https:\/\/alegerglobal.com\/fr\/shop-fr\/b360-office-dock-avec-adaptateur-secteur\/","title":{"rendered":"B360 OFFICE DOCK avec adaptateur secteur"},"content":{"rendered":"\t\t<div data-elementor-type=\"product-post\" data-elementor-id=\"30135\" class=\"elementor elementor-30135 elementor-3983\" data-elementor-settings=\"{&quot;ha_cmc_init_switcher&quot;:&quot;no&quot;}\" data-elementor-post-type=\"product\">\n\t\t\t\t\t\t<section class=\"elementor-section elementor-top-section elementor-element elementor-element-5e65e09 elementor-section-boxed elementor-section-height-default elementor-section-height-default\" data-id=\"5e65e09\" data-element_type=\"section\" data-settings=\"{&quot;jet_parallax_layout_list&quot;:[],&quot;_ha_eqh_enable&quot;:false}\">\n\t\t\t\t\t\t<div class=\"elementor-container elementor-column-gap-default\">\n\t\t\t\t\t<div class=\"elementor-column elementor-col-100 elementor-top-column elementor-element elementor-element-95d221e\" data-id=\"95d221e\" data-element_type=\"column\">\n\t\t\t<div class=\"elementor-widget-wrap elementor-element-populated\">\n\t\t\t\t\t\t<div class=\"elementor-element elementor-element-c807b60 elementor-widget elementor-widget-text-editor\" data-id=\"c807b60\" data-element_type=\"widget\" data-widget_type=\"text-editor.default\">\n\t\t\t\t<div class=\"elementor-widget-container\">\n\t\t\t\t\t\t\t\t\t<p><strong>Informations sur le <span style=\"color: var( --e-global-color-text ); font-family: var( --e-global-typography-text-font-family ), Sans-serif;\">produit<\/span><\/strong><\/p><p>Dimensions :<\/p><p>L 380,1 x l 291,2 x H 77,2 mm<\/p><p>poids : 1,615 kg<\/p><p>* avec 120W<\/p><p>Adaptateur de courant alternatif<\/p><p>Ports d&rsquo;E\/S :<\/p><p>DC dans la prise x 1<\/p><p>Sortie audio x 1<\/p><p>microphone x 1<\/p><p>USB 2.0 x 2<\/p><p>USB 3.0 x 3<\/p><p>LAN x 2<\/p><p>HDMI x 1<\/p><p>VGA x 1<\/p><p>Interface s\u00e9rielle x 1<\/p><p>Verrou Kensington x 1<\/p>\t\t\t\t\t\t\t\t<\/div>\n\t\t\t\t<\/div>\n\t\t\t\t\t<\/div>\n\t\t<\/div>\n\t\t\t\t\t<\/div>\n\t\t<\/section>\n\t\t\t\t<\/div>\n\t\t","protected":false},"excerpt":{"rendered":"<p>Le Getac Office Dock offre plusieurs ports E\/S pour la connexion de p\u00e9riph\u00e9riques importants dans l&rsquo;environnement de bureau. Les connexions Ethernet, RS232 ou USB int\u00e9gr\u00e9es permettent aux utilisateurs de synchroniser rapidement les donn\u00e9es collect\u00e9es et avec les services centraux afin de cr\u00e9er des rapports et des analyses en temps r\u00e9el.<\/p>\n","protected":false},"featured_media":14513,"comment_status":"open","ping_status":"closed","template":"","meta":{"_acf_changed":false},"product_brand":[],"product_cat":[600,601],"product_tag":[],"class_list":{"0":"post-30135","1":"product","2":"type-product","3":"status-publish","4":"has-post-thumbnail","6":"product_cat-accessoires","7":"product_cat-shop-fr","8":"pa_hersteller-getac-fr","10":"first","11":"instock","12":"taxable","13":"shipping-taxable","14":"purchasable","15":"product-type-simple"},"acf":[],"yoast_head":"<!-- This site is optimized with the Yoast SEO Premium plugin v20.10 (Yoast SEO v24.3) - https:\/\/yoast.com\/wordpress\/plugins\/seo\/ -->\n<title>- ALEGER \u22c6 Augmented Reality<\/title>\n<meta name=\"robots\" content=\"index, follow, max-snippet:-1, max-image-preview:large, max-video-preview:-1\" \/>\n<meta property=\"og:locale\" content=\"fr_FR\" \/>\n<meta property=\"og:type\" content=\"article\" \/>\n<meta property=\"og:title\" content=\"B360 OFFICE DOCK avec adaptateur secteur\" \/>\n<meta property=\"og:description\" content=\"Le Getac Office Dock offre plusieurs ports E\/S pour la connexion de p\u00e9riph\u00e9riques importants dans l&#039;environnement de bureau. Les connexions Ethernet, RS232 ou USB int\u00e9gr\u00e9es permettent aux utilisateurs de synchroniser rapidement les donn\u00e9es collect\u00e9es et avec les services centraux afin de cr\u00e9er des rapports et des analyses en temps r\u00e9el.\" \/>\n<meta property=\"og:url\" content=\"https:\/\/alegerglobal.com\/fr\/shop-fr\/b360-office-dock-avec-adaptateur-secteur\/\" \/>\n<meta property=\"og:site_name\" content=\"ALEGER \u22c6 Augmented Reality\" \/>\n<meta property=\"article:modified_time\" content=\"2022-05-12T17:28:55+00:00\" \/>\n<meta property=\"og:image\" content=\"https:\/\/alegerglobal.com\/wp-content\/uploads\/2021\/02\/Unbenannt-138.jpg\" \/>\n\t<meta property=\"og:image:width\" content=\"800\" \/>\n\t<meta property=\"og:image:height\" content=\"800\" \/>\n\t<meta property=\"og:image:type\" content=\"image\/jpeg\" \/>\n<meta name=\"twitter:card\" content=\"summary_large_image\" \/>\n<meta name=\"twitter:label1\" content=\"Prix\" \/>\n\t<meta name=\"twitter:data1\" content=\"&euro;428,99\" \/>\n\t<meta name=\"twitter:label2\" content=\"Disponibilit\u00e9\" \/>\n\t<meta name=\"twitter:data2\" content=\"En stock\" \/>\n<script type=\"application\/ld+json\" class=\"yoast-schema-graph\">{\"@context\":\"https:\/\/schema.org\",\"@graph\":[{\"@type\":\"WebPage\",\"@id\":\"https:\/\/alegerglobal.com\/fr\/shop-fr\/b360-office-dock-avec-adaptateur-secteur\/\",\"url\":\"https:\/\/alegerglobal.com\/fr\/shop-fr\/b360-office-dock-avec-adaptateur-secteur\/\",\"name\":\"- ALEGER \u22c6 Augmented Reality\",\"isPartOf\":{\"@id\":\"https:\/\/alegerglobal.com\/fr\/#website\"},\"primaryImageOfPage\":{\"@id\":\"https:\/\/alegerglobal.com\/fr\/shop-fr\/b360-office-dock-avec-adaptateur-secteur\/#primaryimage\"},\"image\":{\"@id\":\"https:\/\/alegerglobal.com\/fr\/shop-fr\/b360-office-dock-avec-adaptateur-secteur\/#primaryimage\"},\"thumbnailUrl\":\"https:\/\/alegerglobal.com\/wp-content\/uploads\/2021\/02\/Unbenannt-138.jpg\",\"datePublished\":\"2022-05-12T17:28:52+00:00\",\"dateModified\":\"2022-05-12T17:28:55+00:00\",\"breadcrumb\":{\"@id\":\"https:\/\/alegerglobal.com\/fr\/shop-fr\/b360-office-dock-avec-adaptateur-secteur\/#breadcrumb\"},\"inLanguage\":\"fr-FR\",\"potentialAction\":[{\"@type\":\"ReadAction\",\"target\":[\"https:\/\/alegerglobal.com\/fr\/shop-fr\/b360-office-dock-avec-adaptateur-secteur\/\"]}]},{\"@type\":\"ImageObject\",\"inLanguage\":\"fr-FR\",\"@id\":\"https:\/\/alegerglobal.com\/fr\/shop-fr\/b360-office-dock-avec-adaptateur-secteur\/#primaryimage\",\"url\":\"https:\/\/alegerglobal.com\/wp-content\/uploads\/2021\/02\/Unbenannt-138.jpg\",\"contentUrl\":\"https:\/\/alegerglobal.com\/wp-content\/uploads\/2021\/02\/Unbenannt-138.jpg\",\"width\":800,\"height\":800},{\"@type\":\"BreadcrumbList\",\"@id\":\"https:\/\/alegerglobal.com\/fr\/shop-fr\/b360-office-dock-avec-adaptateur-secteur\/#breadcrumb\",\"itemListElement\":[{\"@type\":\"ListItem\",\"position\":1,\"name\":\"Home\",\"item\":\"https:\/\/alegerglobal.com\/fr\/new-page-daccueil\/\"},{\"@type\":\"ListItem\",\"position\":2,\"name\":\"Produits\",\"item\":\"https:\/\/alegerglobal.com\/fr\/produits\/\"},{\"@type\":\"ListItem\",\"position\":3,\"name\":\"B360 OFFICE DOCK avec adaptateur secteur\"}]},{\"@type\":\"WebSite\",\"@id\":\"https:\/\/alegerglobal.com\/fr\/#website\",\"url\":\"https:\/\/alegerglobal.com\/fr\/\",\"name\":\"ALEGER \u22c6 Augmented Reality\",\"description\":\"Die besten Augmented Reality (AR) L\u00f6sungen der Welt.\",\"publisher\":{\"@id\":\"https:\/\/alegerglobal.com\/fr\/#organization\"},\"potentialAction\":[{\"@type\":\"SearchAction\",\"target\":{\"@type\":\"EntryPoint\",\"urlTemplate\":\"https:\/\/alegerglobal.com\/fr\/?s={search_term_string}\"},\"query-input\":{\"@type\":\"PropertyValueSpecification\",\"valueRequired\":true,\"valueName\":\"search_term_string\"}}],\"inLanguage\":\"fr-FR\"},{\"@type\":\"Organization\",\"@id\":\"https:\/\/alegerglobal.com\/fr\/#organization\",\"name\":\"ALEGER \u22c6 Augmented Reality\",\"url\":\"https:\/\/alegerglobal.com\/fr\/\",\"logo\":{\"@type\":\"ImageObject\",\"inLanguage\":\"fr-FR\",\"@id\":\"https:\/\/alegerglobal.com\/fr\/#\/schema\/logo\/image\/\",\"url\":\"https:\/\/alegerglobal.com\/wp-content\/uploads\/2020\/12\/aleger-logo-quadrat.jpg\",\"contentUrl\":\"https:\/\/alegerglobal.com\/wp-content\/uploads\/2020\/12\/aleger-logo-quadrat.jpg\",\"width\":200,\"height\":176,\"caption\":\"ALEGER \u22c6 Augmented Reality\"},\"image\":{\"@id\":\"https:\/\/alegerglobal.com\/fr\/#\/schema\/logo\/image\/\"}}]}<\/script>\n<meta property=\"product:brand\" content=\"Getac\" \/>\n<meta property=\"product:price:amount\" content=\"428.99\" \/>\n<meta property=\"product:price:currency\" content=\"EUR\" \/>\n<meta property=\"og:availability\" content=\"instock\" \/>\n<meta property=\"product:availability\" content=\"instock\" \/>\n<meta property=\"product:condition\" content=\"new\" \/>\n<!-- \/ Yoast SEO Premium plugin. -->","yoast_head_json":{"title":"- ALEGER \u22c6 Augmented Reality","robots":{"index":"index","follow":"follow","max-snippet":"max-snippet:-1","max-image-preview":"max-image-preview:large","max-video-preview":"max-video-preview:-1"},"og_locale":"fr_FR","og_type":"article","og_title":"B360 OFFICE DOCK avec adaptateur secteur","og_description":"Le Getac Office Dock offre plusieurs ports E\/S pour la connexion de p\u00e9riph\u00e9riques importants dans l'environnement de bureau. Les connexions Ethernet, RS232 ou USB int\u00e9gr\u00e9es permettent aux utilisateurs de synchroniser rapidement les donn\u00e9es collect\u00e9es et avec les services centraux afin de cr\u00e9er des rapports et des analyses en temps r\u00e9el.","og_url":"https:\/\/alegerglobal.com\/fr\/shop-fr\/b360-office-dock-avec-adaptateur-secteur\/","og_site_name":"ALEGER \u22c6 Augmented Reality","article_modified_time":"2022-05-12T17:28:55+00:00","og_image":[{"width":800,"height":800,"url":"https:\/\/alegerglobal.com\/wp-content\/uploads\/2021\/02\/Unbenannt-138.jpg","type":"image\/jpeg"}],"twitter_card":"summary_large_image","twitter_misc":{"Prix":"&euro;428,99","Disponibilit\u00e9":"En stock"},"schema":{"@context":"https:\/\/schema.org","@graph":[{"@type":"WebPage","@id":"https:\/\/alegerglobal.com\/fr\/shop-fr\/b360-office-dock-avec-adaptateur-secteur\/","url":"https:\/\/alegerglobal.com\/fr\/shop-fr\/b360-office-dock-avec-adaptateur-secteur\/","name":"- ALEGER \u22c6 Augmented Reality","isPartOf":{"@id":"https:\/\/alegerglobal.com\/fr\/#website"},"primaryImageOfPage":{"@id":"https:\/\/alegerglobal.com\/fr\/shop-fr\/b360-office-dock-avec-adaptateur-secteur\/#primaryimage"},"image":{"@id":"https:\/\/alegerglobal.com\/fr\/shop-fr\/b360-office-dock-avec-adaptateur-secteur\/#primaryimage"},"thumbnailUrl":"https:\/\/alegerglobal.com\/wp-content\/uploads\/2021\/02\/Unbenannt-138.jpg","datePublished":"2022-05-12T17:28:52+00:00","dateModified":"2022-05-12T17:28:55+00:00","breadcrumb":{"@id":"https:\/\/alegerglobal.com\/fr\/shop-fr\/b360-office-dock-avec-adaptateur-secteur\/#breadcrumb"},"inLanguage":"fr-FR","potentialAction":[{"@type":"ReadAction","target":["https:\/\/alegerglobal.com\/fr\/shop-fr\/b360-office-dock-avec-adaptateur-secteur\/"]}]},{"@type":"ImageObject","inLanguage":"fr-FR","@id":"https:\/\/alegerglobal.com\/fr\/shop-fr\/b360-office-dock-avec-adaptateur-secteur\/#primaryimage","url":"https:\/\/alegerglobal.com\/wp-content\/uploads\/2021\/02\/Unbenannt-138.jpg","contentUrl":"https:\/\/alegerglobal.com\/wp-content\/uploads\/2021\/02\/Unbenannt-138.jpg","width":800,"height":800},{"@type":"BreadcrumbList","@id":"https:\/\/alegerglobal.com\/fr\/shop-fr\/b360-office-dock-avec-adaptateur-secteur\/#breadcrumb","itemListElement":[{"@type":"ListItem","position":1,"name":"Home","item":"https:\/\/alegerglobal.com\/fr\/new-page-daccueil\/"},{"@type":"ListItem","position":2,"name":"Produits","item":"https:\/\/alegerglobal.com\/fr\/produits\/"},{"@type":"ListItem","position":3,"name":"B360 OFFICE DOCK avec adaptateur secteur"}]},{"@type":"WebSite","@id":"https:\/\/alegerglobal.com\/fr\/#website","url":"https:\/\/alegerglobal.com\/fr\/","name":"ALEGER \u22c6 Augmented Reality","description":"Die besten Augmented Reality (AR) L\u00f6sungen der Welt.","publisher":{"@id":"https:\/\/alegerglobal.com\/fr\/#organization"},"potentialAction":[{"@type":"SearchAction","target":{"@type":"EntryPoint","urlTemplate":"https:\/\/alegerglobal.com\/fr\/?s={search_term_string}"},"query-input":{"@type":"PropertyValueSpecification","valueRequired":true,"valueName":"search_term_string"}}],"inLanguage":"fr-FR"},{"@type":"Organization","@id":"https:\/\/alegerglobal.com\/fr\/#organization","name":"ALEGER \u22c6 Augmented Reality","url":"https:\/\/alegerglobal.com\/fr\/","logo":{"@type":"ImageObject","inLanguage":"fr-FR","@id":"https:\/\/alegerglobal.com\/fr\/#\/schema\/logo\/image\/","url":"https:\/\/alegerglobal.com\/wp-content\/uploads\/2020\/12\/aleger-logo-quadrat.jpg","contentUrl":"https:\/\/alegerglobal.com\/wp-content\/uploads\/2020\/12\/aleger-logo-quadrat.jpg","width":200,"height":176,"caption":"ALEGER \u22c6 Augmented Reality"},"image":{"@id":"https:\/\/alegerglobal.com\/fr\/#\/schema\/logo\/image\/"}}]},"product_brand":"Getac","product_price_amount":"428.99","product_price_currency":"EUR","og_availability":"instock","product_availability":"instock","product_condition":"new"},"_links":{"self":[{"href":"https:\/\/alegerglobal.com\/fr\/wp-json\/wp\/v2\/product\/30135","targetHints":{"allow":["GET"]}}],"collection":[{"href":"https:\/\/alegerglobal.com\/fr\/wp-json\/wp\/v2\/product"}],"about":[{"href":"https:\/\/alegerglobal.com\/fr\/wp-json\/wp\/v2\/types\/product"}],"replies":[{"embeddable":true,"href":"https:\/\/alegerglobal.com\/fr\/wp-json\/wp\/v2\/comments?post=30135"}],"version-history":[{"count":1,"href":"https:\/\/alegerglobal.com\/fr\/wp-json\/wp\/v2\/product\/30135\/revisions"}],"predecessor-version":[{"id":30138,"href":"https:\/\/alegerglobal.com\/fr\/wp-json\/wp\/v2\/product\/30135\/revisions\/30138"}],"wp:featuredmedia":[{"embeddable":true,"href":"https:\/\/alegerglobal.com\/fr\/wp-json\/wp\/v2\/media\/14513"}],"wp:attachment":[{"href":"https:\/\/alegerglobal.com\/fr\/wp-json\/wp\/v2\/media?parent=30135"}],"wp:term":[{"taxonomy":"product_brand","embeddable":true,"href":"https:\/\/alegerglobal.com\/fr\/wp-json\/wp\/v2\/product_brand?post=30135"},{"taxonomy":"product_cat","embeddable":true,"href":"https:\/\/alegerglobal.com\/fr\/wp-json\/wp\/v2\/product_cat?post=30135"},{"taxonomy":"product_tag","embeddable":true,"href":"https:\/\/alegerglobal.com\/fr\/wp-json\/wp\/v2\/product_tag?post=30135"}],"curies":[{"name":"wp","href":"https:\/\/api.w.org\/{rel}","templated":true}]}}