{"id":30087,"date":"2021-02-03T05:28:17","date_gmt":"2022-05-12T17:23:46","guid":{"rendered":"https:\/\/alegerglobal.com\/non%20class\u00e9\/forklift-extended-overhead-guard-mount\/"},"modified":"2022-05-12T18:23:50","modified_gmt":"2022-05-12T17:23:50","slug":"forklift-extended-overhead-guard-mount","status":"publish","type":"product","link":"https:\/\/alegerglobal.com\/fr\/shop-fr\/forklift-extended-overhead-guard-mount\/","title":{"rendered":"Forklift Extended Overhead Guard Mount"},"content":{"rendered":"\t\t<div data-elementor-type=\"product-post\" data-elementor-id=\"30087\" class=\"elementor elementor-30087 elementor-3832\" data-elementor-settings=\"{&quot;ha_cmc_init_switcher&quot;:&quot;no&quot;}\" data-elementor-post-type=\"product\">\n\t\t\t\t\t\t<section class=\"elementor-section elementor-top-section elementor-element elementor-element-d2eea75 elementor-section-boxed elementor-section-height-default elementor-section-height-default\" data-id=\"d2eea75\" data-element_type=\"section\" data-settings=\"{&quot;jet_parallax_layout_list&quot;:[],&quot;_ha_eqh_enable&quot;:false}\">\n\t\t\t\t\t\t<div class=\"elementor-container elementor-column-gap-default\">\n\t\t\t\t\t<div class=\"elementor-column elementor-col-100 elementor-top-column elementor-element elementor-element-d1dce34\" data-id=\"d1dce34\" data-element_type=\"column\">\n\t\t\t<div class=\"elementor-widget-wrap elementor-element-populated\">\n\t\t\t\t\t\t<div class=\"elementor-element elementor-element-7414dee elementor-widget elementor-widget-text-editor\" data-id=\"7414dee\" data-element_type=\"widget\" data-widget_type=\"text-editor.default\">\n\t\t\t\t<div class=\"elementor-widget-container\">\n\t\t\t\t\t\t\t\t\t<p class=\"MsoNormal\"><strong>Caract\u00e9ristiques principales<\/strong><\/p><p class=\"MsoNormal\">S&rsquo;attache directement au sommet de la tourelle d&rsquo;un camion \u00e9l\u00e9vateur<\/p><p class=\"MsoNormal\">Overhead Guard Mount pr\u00e9sente les mod\u00e8les de trous suivants : AMPS, NEC, 75mm VESA, Gamber Johnson 2 \u00ab\u00a0x4.09\u00a0\u00bb.<\/p><p class=\"MsoNormal\">le bras s&rsquo;\u00e9tend vers le bas jusqu&rsquo;\u00e0 8,0&Prime; \u00e0 partir du haut de la garde en hauteur<\/p><p class=\"MsoNormal\">Capacit\u00e9s d&rsquo;inclinaison : jusqu&rsquo;\u00e0 90\u00b0 vers l&rsquo;avant ou 26\u00b0 vers l&rsquo;arri\u00e8re ; pivotement : Motion Attachment &#8211; 360<\/p><p class=\"MsoNormal\">\u00c0 utiliser avec toutes les stations d&rsquo;accueil pour v\u00e9hicules TOUGHBOOK<\/p>\t\t\t\t\t\t\t\t<\/div>\n\t\t\t\t<\/div>\n\t\t\t\t\t<\/div>\n\t\t<\/div>\n\t\t\t\t\t<\/div>\n\t\t<\/section>\n\t\t\t\t<\/div>\n\t\t","protected":false},"excerpt":{"rendered":"<p>Caract\u00e9ristiques principales S&rsquo;attache directement au sommet de la tourelle d&rsquo;un camion \u00e9l\u00e9vateur Overhead Guard Mount pr\u00e9sente les mod\u00e8les de trous suivants : AMPS, NEC, 75mm VESA, Gamber Johnson 2 \u00ab\u00a0x4.09\u00a0\u00bb. le bras s&rsquo;\u00e9tend vers le bas jusqu&rsquo;\u00e0 8,0&Prime; \u00e0 partir du haut de la garde en hauteur Capacit\u00e9s d&rsquo;inclinaison : jusqu&rsquo;\u00e0 90\u00b0 vers l&rsquo;avant ou [&hellip;]<\/p>\n","protected":false},"featured_media":14091,"comment_status":"open","ping_status":"closed","template":"","meta":{"_acf_changed":false},"product_brand":[],"product_cat":[600,601],"product_tag":[],"class_list":{"0":"post-30087","1":"product","2":"type-product","3":"status-publish","4":"has-post-thumbnail","6":"product_cat-accessoires","7":"product_cat-shop-fr","8":"pa_hersteller-panasonic-fr","10":"first","11":"instock","12":"taxable","13":"shipping-taxable","14":"purchasable","15":"product-type-simple"},"acf":[],"yoast_head":"<!-- This site is optimized with the Yoast SEO Premium plugin v20.10 (Yoast SEO v24.3) - https:\/\/yoast.com\/wordpress\/plugins\/seo\/ -->\n<title>- ALEGER \u22c6 Augmented Reality<\/title>\n<meta name=\"robots\" content=\"index, follow, max-snippet:-1, max-image-preview:large, max-video-preview:-1\" \/>\n<meta property=\"og:locale\" content=\"fr_FR\" \/>\n<meta property=\"og:type\" content=\"article\" \/>\n<meta property=\"og:title\" content=\"Forklift Extended Overhead Guard Mount\" \/>\n<meta property=\"og:description\" content=\"Caract\u00e9ristiques principales S&rsquo;attache directement au sommet de la tourelle d&rsquo;un camion \u00e9l\u00e9vateur Overhead Guard Mount pr\u00e9sente les mod\u00e8les de trous suivants : AMPS, NEC, 75mm VESA, Gamber Johnson 2 \u00ab\u00a0x4.09\u00a0\u00bb. le bras s&rsquo;\u00e9tend vers le bas jusqu&rsquo;\u00e0 8,0&Prime; \u00e0 partir du haut de la garde en hauteur Capacit\u00e9s d&rsquo;inclinaison : jusqu&rsquo;\u00e0 90\u00b0 vers l&rsquo;avant ou [&hellip;]\" \/>\n<meta property=\"og:url\" content=\"https:\/\/alegerglobal.com\/fr\/shop-fr\/forklift-extended-overhead-guard-mount\/\" \/>\n<meta property=\"og:site_name\" content=\"ALEGER \u22c6 Augmented Reality\" \/>\n<meta property=\"article:modified_time\" content=\"2022-05-12T17:23:50+00:00\" \/>\n<meta property=\"og:image\" content=\"https:\/\/alegerglobal.com\/wp-content\/uploads\/2021\/02\/2021-02-03-2-1.png\" \/>\n\t<meta property=\"og:image:width\" content=\"538\" \/>\n\t<meta property=\"og:image:height\" content=\"448\" \/>\n\t<meta property=\"og:image:type\" content=\"image\/png\" \/>\n<meta name=\"twitter:card\" content=\"summary_large_image\" \/>\n<meta name=\"twitter:label1\" content=\"Prix\" \/>\n\t<meta name=\"twitter:data1\" content=\"&euro;189,99\" \/>\n\t<meta name=\"twitter:label2\" content=\"Disponibilit\u00e9\" \/>\n\t<meta name=\"twitter:data2\" content=\"En stock\" \/>\n<script type=\"application\/ld+json\" class=\"yoast-schema-graph\">{\"@context\":\"https:\/\/schema.org\",\"@graph\":[{\"@type\":\"WebPage\",\"@id\":\"https:\/\/alegerglobal.com\/fr\/shop-fr\/forklift-extended-overhead-guard-mount\/\",\"url\":\"https:\/\/alegerglobal.com\/fr\/shop-fr\/forklift-extended-overhead-guard-mount\/\",\"name\":\"- ALEGER \u22c6 Augmented Reality\",\"isPartOf\":{\"@id\":\"https:\/\/alegerglobal.com\/fr\/#website\"},\"primaryImageOfPage\":{\"@id\":\"https:\/\/alegerglobal.com\/fr\/shop-fr\/forklift-extended-overhead-guard-mount\/#primaryimage\"},\"image\":{\"@id\":\"https:\/\/alegerglobal.com\/fr\/shop-fr\/forklift-extended-overhead-guard-mount\/#primaryimage\"},\"thumbnailUrl\":\"https:\/\/alegerglobal.com\/wp-content\/uploads\/2021\/02\/2021-02-03-2-1.png\",\"datePublished\":\"2022-05-12T17:23:46+00:00\",\"dateModified\":\"2022-05-12T17:23:50+00:00\",\"breadcrumb\":{\"@id\":\"https:\/\/alegerglobal.com\/fr\/shop-fr\/forklift-extended-overhead-guard-mount\/#breadcrumb\"},\"inLanguage\":\"fr-FR\",\"potentialAction\":[{\"@type\":\"ReadAction\",\"target\":[\"https:\/\/alegerglobal.com\/fr\/shop-fr\/forklift-extended-overhead-guard-mount\/\"]}]},{\"@type\":\"ImageObject\",\"inLanguage\":\"fr-FR\",\"@id\":\"https:\/\/alegerglobal.com\/fr\/shop-fr\/forklift-extended-overhead-guard-mount\/#primaryimage\",\"url\":\"https:\/\/alegerglobal.com\/wp-content\/uploads\/2021\/02\/2021-02-03-2-1.png\",\"contentUrl\":\"https:\/\/alegerglobal.com\/wp-content\/uploads\/2021\/02\/2021-02-03-2-1.png\",\"width\":538,\"height\":448},{\"@type\":\"BreadcrumbList\",\"@id\":\"https:\/\/alegerglobal.com\/fr\/shop-fr\/forklift-extended-overhead-guard-mount\/#breadcrumb\",\"itemListElement\":[{\"@type\":\"ListItem\",\"position\":1,\"name\":\"Home\",\"item\":\"https:\/\/alegerglobal.com\/fr\/new-page-daccueil\/\"},{\"@type\":\"ListItem\",\"position\":2,\"name\":\"Produits\",\"item\":\"https:\/\/alegerglobal.com\/fr\/produits\/\"},{\"@type\":\"ListItem\",\"position\":3,\"name\":\"Forklift Extended Overhead Guard Mount\"}]},{\"@type\":\"WebSite\",\"@id\":\"https:\/\/alegerglobal.com\/fr\/#website\",\"url\":\"https:\/\/alegerglobal.com\/fr\/\",\"name\":\"ALEGER \u22c6 Augmented Reality\",\"description\":\"Die besten Augmented Reality (AR) L\u00f6sungen der Welt.\",\"publisher\":{\"@id\":\"https:\/\/alegerglobal.com\/fr\/#organization\"},\"potentialAction\":[{\"@type\":\"SearchAction\",\"target\":{\"@type\":\"EntryPoint\",\"urlTemplate\":\"https:\/\/alegerglobal.com\/fr\/?s={search_term_string}\"},\"query-input\":{\"@type\":\"PropertyValueSpecification\",\"valueRequired\":true,\"valueName\":\"search_term_string\"}}],\"inLanguage\":\"fr-FR\"},{\"@type\":\"Organization\",\"@id\":\"https:\/\/alegerglobal.com\/fr\/#organization\",\"name\":\"ALEGER \u22c6 Augmented Reality\",\"url\":\"https:\/\/alegerglobal.com\/fr\/\",\"logo\":{\"@type\":\"ImageObject\",\"inLanguage\":\"fr-FR\",\"@id\":\"https:\/\/alegerglobal.com\/fr\/#\/schema\/logo\/image\/\",\"url\":\"https:\/\/alegerglobal.com\/wp-content\/uploads\/2020\/12\/aleger-logo-quadrat.jpg\",\"contentUrl\":\"https:\/\/alegerglobal.com\/wp-content\/uploads\/2020\/12\/aleger-logo-quadrat.jpg\",\"width\":200,\"height\":176,\"caption\":\"ALEGER \u22c6 Augmented Reality\"},\"image\":{\"@id\":\"https:\/\/alegerglobal.com\/fr\/#\/schema\/logo\/image\/\"}}]}<\/script>\n<meta property=\"product:brand\" content=\"Panasonic\" \/>\n<meta property=\"product:price:amount\" content=\"189.99\" \/>\n<meta property=\"product:price:currency\" content=\"EUR\" \/>\n<meta property=\"og:availability\" content=\"instock\" \/>\n<meta property=\"product:availability\" content=\"instock\" \/>\n<meta property=\"product:condition\" content=\"new\" \/>\n<!-- \/ Yoast SEO Premium plugin. -->","yoast_head_json":{"title":"- ALEGER \u22c6 Augmented Reality","robots":{"index":"index","follow":"follow","max-snippet":"max-snippet:-1","max-image-preview":"max-image-preview:large","max-video-preview":"max-video-preview:-1"},"og_locale":"fr_FR","og_type":"article","og_title":"Forklift Extended Overhead Guard Mount","og_description":"Caract\u00e9ristiques principales S&rsquo;attache directement au sommet de la tourelle d&rsquo;un camion \u00e9l\u00e9vateur Overhead Guard Mount pr\u00e9sente les mod\u00e8les de trous suivants : AMPS, NEC, 75mm VESA, Gamber Johnson 2 \u00ab\u00a0x4.09\u00a0\u00bb. le bras s&rsquo;\u00e9tend vers le bas jusqu&rsquo;\u00e0 8,0&Prime; \u00e0 partir du haut de la garde en hauteur Capacit\u00e9s d&rsquo;inclinaison : jusqu&rsquo;\u00e0 90\u00b0 vers l&rsquo;avant ou [&hellip;]","og_url":"https:\/\/alegerglobal.com\/fr\/shop-fr\/forklift-extended-overhead-guard-mount\/","og_site_name":"ALEGER \u22c6 Augmented Reality","article_modified_time":"2022-05-12T17:23:50+00:00","og_image":[{"width":538,"height":448,"url":"https:\/\/alegerglobal.com\/wp-content\/uploads\/2021\/02\/2021-02-03-2-1.png","type":"image\/png"}],"twitter_card":"summary_large_image","twitter_misc":{"Prix":"&euro;189,99","Disponibilit\u00e9":"En stock"},"schema":{"@context":"https:\/\/schema.org","@graph":[{"@type":"WebPage","@id":"https:\/\/alegerglobal.com\/fr\/shop-fr\/forklift-extended-overhead-guard-mount\/","url":"https:\/\/alegerglobal.com\/fr\/shop-fr\/forklift-extended-overhead-guard-mount\/","name":"- ALEGER \u22c6 Augmented Reality","isPartOf":{"@id":"https:\/\/alegerglobal.com\/fr\/#website"},"primaryImageOfPage":{"@id":"https:\/\/alegerglobal.com\/fr\/shop-fr\/forklift-extended-overhead-guard-mount\/#primaryimage"},"image":{"@id":"https:\/\/alegerglobal.com\/fr\/shop-fr\/forklift-extended-overhead-guard-mount\/#primaryimage"},"thumbnailUrl":"https:\/\/alegerglobal.com\/wp-content\/uploads\/2021\/02\/2021-02-03-2-1.png","datePublished":"2022-05-12T17:23:46+00:00","dateModified":"2022-05-12T17:23:50+00:00","breadcrumb":{"@id":"https:\/\/alegerglobal.com\/fr\/shop-fr\/forklift-extended-overhead-guard-mount\/#breadcrumb"},"inLanguage":"fr-FR","potentialAction":[{"@type":"ReadAction","target":["https:\/\/alegerglobal.com\/fr\/shop-fr\/forklift-extended-overhead-guard-mount\/"]}]},{"@type":"ImageObject","inLanguage":"fr-FR","@id":"https:\/\/alegerglobal.com\/fr\/shop-fr\/forklift-extended-overhead-guard-mount\/#primaryimage","url":"https:\/\/alegerglobal.com\/wp-content\/uploads\/2021\/02\/2021-02-03-2-1.png","contentUrl":"https:\/\/alegerglobal.com\/wp-content\/uploads\/2021\/02\/2021-02-03-2-1.png","width":538,"height":448},{"@type":"BreadcrumbList","@id":"https:\/\/alegerglobal.com\/fr\/shop-fr\/forklift-extended-overhead-guard-mount\/#breadcrumb","itemListElement":[{"@type":"ListItem","position":1,"name":"Home","item":"https:\/\/alegerglobal.com\/fr\/new-page-daccueil\/"},{"@type":"ListItem","position":2,"name":"Produits","item":"https:\/\/alegerglobal.com\/fr\/produits\/"},{"@type":"ListItem","position":3,"name":"Forklift Extended Overhead Guard Mount"}]},{"@type":"WebSite","@id":"https:\/\/alegerglobal.com\/fr\/#website","url":"https:\/\/alegerglobal.com\/fr\/","name":"ALEGER \u22c6 Augmented Reality","description":"Die besten Augmented Reality (AR) L\u00f6sungen der Welt.","publisher":{"@id":"https:\/\/alegerglobal.com\/fr\/#organization"},"potentialAction":[{"@type":"SearchAction","target":{"@type":"EntryPoint","urlTemplate":"https:\/\/alegerglobal.com\/fr\/?s={search_term_string}"},"query-input":{"@type":"PropertyValueSpecification","valueRequired":true,"valueName":"search_term_string"}}],"inLanguage":"fr-FR"},{"@type":"Organization","@id":"https:\/\/alegerglobal.com\/fr\/#organization","name":"ALEGER \u22c6 Augmented Reality","url":"https:\/\/alegerglobal.com\/fr\/","logo":{"@type":"ImageObject","inLanguage":"fr-FR","@id":"https:\/\/alegerglobal.com\/fr\/#\/schema\/logo\/image\/","url":"https:\/\/alegerglobal.com\/wp-content\/uploads\/2020\/12\/aleger-logo-quadrat.jpg","contentUrl":"https:\/\/alegerglobal.com\/wp-content\/uploads\/2020\/12\/aleger-logo-quadrat.jpg","width":200,"height":176,"caption":"ALEGER \u22c6 Augmented Reality"},"image":{"@id":"https:\/\/alegerglobal.com\/fr\/#\/schema\/logo\/image\/"}}]},"product_brand":"Panasonic","product_price_amount":"189.99","product_price_currency":"EUR","og_availability":"instock","product_availability":"instock","product_condition":"new"},"_links":{"self":[{"href":"https:\/\/alegerglobal.com\/fr\/wp-json\/wp\/v2\/product\/30087","targetHints":{"allow":["GET"]}}],"collection":[{"href":"https:\/\/alegerglobal.com\/fr\/wp-json\/wp\/v2\/product"}],"about":[{"href":"https:\/\/alegerglobal.com\/fr\/wp-json\/wp\/v2\/types\/product"}],"replies":[{"embeddable":true,"href":"https:\/\/alegerglobal.com\/fr\/wp-json\/wp\/v2\/comments?post=30087"}],"version-history":[{"count":1,"href":"https:\/\/alegerglobal.com\/fr\/wp-json\/wp\/v2\/product\/30087\/revisions"}],"predecessor-version":[{"id":30090,"href":"https:\/\/alegerglobal.com\/fr\/wp-json\/wp\/v2\/product\/30087\/revisions\/30090"}],"wp:featuredmedia":[{"embeddable":true,"href":"https:\/\/alegerglobal.com\/fr\/wp-json\/wp\/v2\/media\/14091"}],"wp:attachment":[{"href":"https:\/\/alegerglobal.com\/fr\/wp-json\/wp\/v2\/media?parent=30087"}],"wp:term":[{"taxonomy":"product_brand","embeddable":true,"href":"https:\/\/alegerglobal.com\/fr\/wp-json\/wp\/v2\/product_brand?post=30087"},{"taxonomy":"product_cat","embeddable":true,"href":"https:\/\/alegerglobal.com\/fr\/wp-json\/wp\/v2\/product_cat?post=30087"},{"taxonomy":"product_tag","embeddable":true,"href":"https:\/\/alegerglobal.com\/fr\/wp-json\/wp\/v2\/product_tag?post=30087"}],"curies":[{"name":"wp","href":"https:\/\/api.w.org\/{rel}","templated":true}]}}