{"id":30037,"date":"2020-01-15T04:42:49","date_gmt":"2022-05-12T17:16:39","guid":{"rendered":"https:\/\/alegerglobal.com\/non class\u00e9\/visor-ex%e2%93%a1-01-de-ecom-lunettes-intelligentes-antideflagrantes-camera-16-mp-ip64-ip68\/"},"modified":"2022-05-12T18:16:39","modified_gmt":"2022-05-12T17:16:39","slug":"visor-ex-01-2","status":"publish","type":"product","link":"https:\/\/alegerglobal.com\/fr\/shop-fr\/visor-ex-01-2\/","title":{"rendered":"Visor-Ex\u24c7 01 de ecom, Lunettes intelligentes antid\u00e9flagrantes, cam\u00e9ra 16 MP, IP64, IP68"},"content":{"rendered":"","protected":false},"excerpt":{"rendered":"<ul>\n<li style=\"font-weight: 400;\" aria-level=\"1\"><b>Pour les zones \u00e0 risque d&rsquo;explosion :<\/b><span style=\"font-weight: 400;\"> Lunettes intelligentes certifi\u00e9es IP64 et IP68<\/span><\/li>\n<li style=\"font-weight: 400;\" aria-level=\"1\"><b>L\u00e9g\u00e8ret\u00e9 assur\u00e9e :<\/b><span style=\"font-weight: 400;\"> Poids total de 180 g seulement<\/span><\/li>\n<li style=\"font-weight: 400;\" aria-level=\"1\"><b>Traiter les informations :<\/b><span style=\"font-weight: 400;\"> Scanner de codes QR et scanner EAN int\u00e9gr\u00e9s <\/span> <\/li>\n<li style=\"font-weight: 400;\" aria-level=\"1\"><b>Capteurs :<\/b><span style=\"font-weight: 400;\"> Capteur 9 axes pour une orientation pr\u00e9cise dans l&rsquo;espace<\/span><\/li>\n<li style=\"font-weight: 400;\" aria-level=\"1\"><b>Prise de vue :<\/b><span style=\"font-weight: 400;\"> Deux cam\u00e9ras 16 MP pour des prises de vue d\u00e9taill\u00e9es<\/span><\/li>\n<\/ul>\n","protected":false},"featured_media":14910,"comment_status":"open","ping_status":"closed","template":"","meta":{"_acf_changed":false},"product_brand":[],"product_cat":[621,661,601],"product_tag":[],"class_list":{"0":"post-30037","1":"product","2":"type-product","3":"status-publish","4":"has-post-thumbnail","6":"product_cat-atex-fr","7":"product_cat-lunettes-intelligentes","8":"product_cat-shop-fr","9":"pa_hersteller-ecom-fr","11":"first","12":"instock","13":"taxable","14":"shipping-taxable","15":"product-type-simple"},"acf":[],"yoast_head":"<!-- This site is optimized with the Yoast SEO Premium plugin v20.10 (Yoast SEO v24.3) - https:\/\/yoast.com\/wordpress\/plugins\/seo\/ -->\n<title>Acheter Visor-Ex\u24c7 01 de ecom (2022) - ALEGER \u22c6 Augmented Reality<\/title>\n<meta name=\"description\" content=\"Les Visor-Ex\u24c7 01 d&#039;ecom sont des lunettes de donn\u00e9es antid\u00e9flagrantes \u00e9quip\u00e9es de deux cam\u00e9ras 16 MP qui peuvent enregistrer ce qui se passe dans la pi\u00e8ce\" \/>\n<meta name=\"robots\" content=\"index, follow, max-snippet:-1, max-image-preview:large, max-video-preview:-1\" \/>\n<meta property=\"og:locale\" content=\"fr_FR\" \/>\n<meta property=\"og:type\" content=\"article\" \/>\n<meta property=\"og:title\" content=\"Visor-Ex\u24c7 01 de ecom, Lunettes intelligentes antid\u00e9flagrantes, cam\u00e9ra 16 MP, IP64, IP68\" \/>\n<meta property=\"og:description\" content=\"Les Visor-Ex\u24c7 01 d&#039;ecom sont des lunettes de donn\u00e9es antid\u00e9flagrantes \u00e9quip\u00e9es de deux cam\u00e9ras 16 MP qui peuvent enregistrer ce qui se passe dans la pi\u00e8ce\" \/>\n<meta property=\"og:url\" content=\"https:\/\/alegerglobal.com\/fr\/shop-fr\/visor-ex-01-2\/\" \/>\n<meta property=\"og:site_name\" content=\"ALEGER \u22c6 Augmented Reality\" \/>\n<meta property=\"og:image\" content=\"https:\/\/alegerglobal.com\/wp-content\/uploads\/2020\/01\/Unbenannt-10.jpg\" \/>\n\t<meta property=\"og:image:width\" content=\"800\" \/>\n\t<meta property=\"og:image:height\" content=\"800\" \/>\n\t<meta property=\"og:image:type\" content=\"image\/jpeg\" \/>\n<meta name=\"twitter:card\" content=\"summary_large_image\" \/>\n<meta name=\"twitter:label1\" content=\"Prix\" \/>\n\t<meta name=\"twitter:data1\" content=\"\" \/>\n\t<meta name=\"twitter:label2\" content=\"Disponibilit\u00e9\" \/>\n\t<meta name=\"twitter:data2\" content=\"En stock\" \/>\n<script type=\"application\/ld+json\" class=\"yoast-schema-graph\">{\"@context\":\"https:\/\/schema.org\",\"@graph\":[{\"@type\":\"WebPage\",\"@id\":\"https:\/\/alegerglobal.com\/fr\/shop-fr\/visor-ex-01-2\/\",\"url\":\"https:\/\/alegerglobal.com\/fr\/shop-fr\/visor-ex-01-2\/\",\"name\":\"Acheter Visor-Ex\u24c7 01 de ecom (2022) - ALEGER \u22c6 Augmented Reality\",\"isPartOf\":{\"@id\":\"https:\/\/alegerglobal.com\/fr\/#website\"},\"primaryImageOfPage\":{\"@id\":\"https:\/\/alegerglobal.com\/fr\/shop-fr\/visor-ex-01-2\/#primaryimage\"},\"image\":{\"@id\":\"https:\/\/alegerglobal.com\/fr\/shop-fr\/visor-ex-01-2\/#primaryimage\"},\"thumbnailUrl\":\"https:\/\/alegerglobal.com\/wp-content\/uploads\/2020\/01\/Unbenannt-10.jpg\",\"datePublished\":\"2022-05-12T17:16:39+00:00\",\"dateModified\":\"2022-05-12T17:16:39+00:00\",\"description\":\"Les Visor-Ex\u24c7 01 d'ecom sont des lunettes de donn\u00e9es antid\u00e9flagrantes \u00e9quip\u00e9es de deux cam\u00e9ras 16 MP qui peuvent enregistrer ce qui se passe dans la pi\u00e8ce\",\"breadcrumb\":{\"@id\":\"https:\/\/alegerglobal.com\/fr\/shop-fr\/visor-ex-01-2\/#breadcrumb\"},\"inLanguage\":\"fr-FR\",\"potentialAction\":[{\"@type\":\"ReadAction\",\"target\":[\"https:\/\/alegerglobal.com\/fr\/shop-fr\/visor-ex-01-2\/\"]}]},{\"@type\":\"ImageObject\",\"inLanguage\":\"fr-FR\",\"@id\":\"https:\/\/alegerglobal.com\/fr\/shop-fr\/visor-ex-01-2\/#primaryimage\",\"url\":\"https:\/\/alegerglobal.com\/wp-content\/uploads\/2020\/01\/Unbenannt-10.jpg\",\"contentUrl\":\"https:\/\/alegerglobal.com\/wp-content\/uploads\/2020\/01\/Unbenannt-10.jpg\",\"width\":800,\"height\":800},{\"@type\":\"BreadcrumbList\",\"@id\":\"https:\/\/alegerglobal.com\/fr\/shop-fr\/visor-ex-01-2\/#breadcrumb\",\"itemListElement\":[{\"@type\":\"ListItem\",\"position\":1,\"name\":\"Home\",\"item\":\"https:\/\/alegerglobal.com\/fr\/new-page-daccueil\/\"},{\"@type\":\"ListItem\",\"position\":2,\"name\":\"Produits\",\"item\":\"https:\/\/alegerglobal.com\/fr\/produits\/\"},{\"@type\":\"ListItem\",\"position\":3,\"name\":\"Visor-Ex\u24c7 01 de ecom, Lunettes intelligentes antid\u00e9flagrantes, cam\u00e9ra 16 MP, IP64, IP68\"}]},{\"@type\":\"WebSite\",\"@id\":\"https:\/\/alegerglobal.com\/fr\/#website\",\"url\":\"https:\/\/alegerglobal.com\/fr\/\",\"name\":\"ALEGER \u22c6 Augmented Reality\",\"description\":\"Die besten Augmented Reality (AR) L\u00f6sungen der Welt.\",\"publisher\":{\"@id\":\"https:\/\/alegerglobal.com\/fr\/#organization\"},\"potentialAction\":[{\"@type\":\"SearchAction\",\"target\":{\"@type\":\"EntryPoint\",\"urlTemplate\":\"https:\/\/alegerglobal.com\/fr\/?s={search_term_string}\"},\"query-input\":{\"@type\":\"PropertyValueSpecification\",\"valueRequired\":true,\"valueName\":\"search_term_string\"}}],\"inLanguage\":\"fr-FR\"},{\"@type\":\"Organization\",\"@id\":\"https:\/\/alegerglobal.com\/fr\/#organization\",\"name\":\"ALEGER \u22c6 Augmented Reality\",\"url\":\"https:\/\/alegerglobal.com\/fr\/\",\"logo\":{\"@type\":\"ImageObject\",\"inLanguage\":\"fr-FR\",\"@id\":\"https:\/\/alegerglobal.com\/fr\/#\/schema\/logo\/image\/\",\"url\":\"https:\/\/alegerglobal.com\/wp-content\/uploads\/2020\/12\/aleger-logo-quadrat.jpg\",\"contentUrl\":\"https:\/\/alegerglobal.com\/wp-content\/uploads\/2020\/12\/aleger-logo-quadrat.jpg\",\"width\":200,\"height\":176,\"caption\":\"ALEGER \u22c6 Augmented Reality\"},\"image\":{\"@id\":\"https:\/\/alegerglobal.com\/fr\/#\/schema\/logo\/image\/\"}}]}<\/script>\n<meta property=\"product:brand\" content=\"Ecom\" \/>\n<meta property=\"product:price:amount\" content=\"0.00\" \/>\n<meta property=\"product:price:currency\" content=\"EUR\" \/>\n<meta property=\"og:availability\" content=\"instock\" \/>\n<meta property=\"product:availability\" content=\"instock\" \/>\n<meta property=\"product:condition\" content=\"new\" \/>\n<!-- \/ Yoast SEO Premium plugin. -->","yoast_head_json":{"title":"Acheter Visor-Ex\u24c7 01 de ecom (2022) - ALEGER \u22c6 Augmented Reality","description":"Les Visor-Ex\u24c7 01 d'ecom sont des lunettes de donn\u00e9es antid\u00e9flagrantes \u00e9quip\u00e9es de deux cam\u00e9ras 16 MP qui peuvent enregistrer ce qui se passe dans la pi\u00e8ce","robots":{"index":"index","follow":"follow","max-snippet":"max-snippet:-1","max-image-preview":"max-image-preview:large","max-video-preview":"max-video-preview:-1"},"og_locale":"fr_FR","og_type":"article","og_title":"Visor-Ex\u24c7 01 de ecom, Lunettes intelligentes antid\u00e9flagrantes, cam\u00e9ra 16 MP, IP64, IP68","og_description":"Les Visor-Ex\u24c7 01 d'ecom sont des lunettes de donn\u00e9es antid\u00e9flagrantes \u00e9quip\u00e9es de deux cam\u00e9ras 16 MP qui peuvent enregistrer ce qui se passe dans la pi\u00e8ce","og_url":"https:\/\/alegerglobal.com\/fr\/shop-fr\/visor-ex-01-2\/","og_site_name":"ALEGER \u22c6 Augmented Reality","og_image":[{"width":800,"height":800,"url":"https:\/\/alegerglobal.com\/wp-content\/uploads\/2020\/01\/Unbenannt-10.jpg","type":"image\/jpeg"}],"twitter_card":"summary_large_image","twitter_misc":{"Prix":"","Disponibilit\u00e9":"En stock"},"schema":{"@context":"https:\/\/schema.org","@graph":[{"@type":"WebPage","@id":"https:\/\/alegerglobal.com\/fr\/shop-fr\/visor-ex-01-2\/","url":"https:\/\/alegerglobal.com\/fr\/shop-fr\/visor-ex-01-2\/","name":"Acheter Visor-Ex\u24c7 01 de ecom (2022) - ALEGER \u22c6 Augmented Reality","isPartOf":{"@id":"https:\/\/alegerglobal.com\/fr\/#website"},"primaryImageOfPage":{"@id":"https:\/\/alegerglobal.com\/fr\/shop-fr\/visor-ex-01-2\/#primaryimage"},"image":{"@id":"https:\/\/alegerglobal.com\/fr\/shop-fr\/visor-ex-01-2\/#primaryimage"},"thumbnailUrl":"https:\/\/alegerglobal.com\/wp-content\/uploads\/2020\/01\/Unbenannt-10.jpg","datePublished":"2022-05-12T17:16:39+00:00","dateModified":"2022-05-12T17:16:39+00:00","description":"Les Visor-Ex\u24c7 01 d'ecom sont des lunettes de donn\u00e9es antid\u00e9flagrantes \u00e9quip\u00e9es de deux cam\u00e9ras 16 MP qui peuvent enregistrer ce qui se passe dans la pi\u00e8ce","breadcrumb":{"@id":"https:\/\/alegerglobal.com\/fr\/shop-fr\/visor-ex-01-2\/#breadcrumb"},"inLanguage":"fr-FR","potentialAction":[{"@type":"ReadAction","target":["https:\/\/alegerglobal.com\/fr\/shop-fr\/visor-ex-01-2\/"]}]},{"@type":"ImageObject","inLanguage":"fr-FR","@id":"https:\/\/alegerglobal.com\/fr\/shop-fr\/visor-ex-01-2\/#primaryimage","url":"https:\/\/alegerglobal.com\/wp-content\/uploads\/2020\/01\/Unbenannt-10.jpg","contentUrl":"https:\/\/alegerglobal.com\/wp-content\/uploads\/2020\/01\/Unbenannt-10.jpg","width":800,"height":800},{"@type":"BreadcrumbList","@id":"https:\/\/alegerglobal.com\/fr\/shop-fr\/visor-ex-01-2\/#breadcrumb","itemListElement":[{"@type":"ListItem","position":1,"name":"Home","item":"https:\/\/alegerglobal.com\/fr\/new-page-daccueil\/"},{"@type":"ListItem","position":2,"name":"Produits","item":"https:\/\/alegerglobal.com\/fr\/produits\/"},{"@type":"ListItem","position":3,"name":"Visor-Ex\u24c7 01 de ecom, Lunettes intelligentes antid\u00e9flagrantes, cam\u00e9ra 16 MP, IP64, IP68"}]},{"@type":"WebSite","@id":"https:\/\/alegerglobal.com\/fr\/#website","url":"https:\/\/alegerglobal.com\/fr\/","name":"ALEGER \u22c6 Augmented Reality","description":"Die besten Augmented Reality (AR) L\u00f6sungen der Welt.","publisher":{"@id":"https:\/\/alegerglobal.com\/fr\/#organization"},"potentialAction":[{"@type":"SearchAction","target":{"@type":"EntryPoint","urlTemplate":"https:\/\/alegerglobal.com\/fr\/?s={search_term_string}"},"query-input":{"@type":"PropertyValueSpecification","valueRequired":true,"valueName":"search_term_string"}}],"inLanguage":"fr-FR"},{"@type":"Organization","@id":"https:\/\/alegerglobal.com\/fr\/#organization","name":"ALEGER \u22c6 Augmented Reality","url":"https:\/\/alegerglobal.com\/fr\/","logo":{"@type":"ImageObject","inLanguage":"fr-FR","@id":"https:\/\/alegerglobal.com\/fr\/#\/schema\/logo\/image\/","url":"https:\/\/alegerglobal.com\/wp-content\/uploads\/2020\/12\/aleger-logo-quadrat.jpg","contentUrl":"https:\/\/alegerglobal.com\/wp-content\/uploads\/2020\/12\/aleger-logo-quadrat.jpg","width":200,"height":176,"caption":"ALEGER \u22c6 Augmented Reality"},"image":{"@id":"https:\/\/alegerglobal.com\/fr\/#\/schema\/logo\/image\/"}}]},"product_brand":"Ecom","product_price_amount":"0.00","product_price_currency":"EUR","og_availability":"instock","product_availability":"instock","product_condition":"new"},"_links":{"self":[{"href":"https:\/\/alegerglobal.com\/fr\/wp-json\/wp\/v2\/product\/30037","targetHints":{"allow":["GET"]}}],"collection":[{"href":"https:\/\/alegerglobal.com\/fr\/wp-json\/wp\/v2\/product"}],"about":[{"href":"https:\/\/alegerglobal.com\/fr\/wp-json\/wp\/v2\/types\/product"}],"replies":[{"embeddable":true,"href":"https:\/\/alegerglobal.com\/fr\/wp-json\/wp\/v2\/comments?post=30037"}],"version-history":[{"count":0,"href":"https:\/\/alegerglobal.com\/fr\/wp-json\/wp\/v2\/product\/30037\/revisions"}],"wp:featuredmedia":[{"embeddable":true,"href":"https:\/\/alegerglobal.com\/fr\/wp-json\/wp\/v2\/media\/14910"}],"wp:attachment":[{"href":"https:\/\/alegerglobal.com\/fr\/wp-json\/wp\/v2\/media?parent=30037"}],"wp:term":[{"taxonomy":"product_brand","embeddable":true,"href":"https:\/\/alegerglobal.com\/fr\/wp-json\/wp\/v2\/product_brand?post=30037"},{"taxonomy":"product_cat","embeddable":true,"href":"https:\/\/alegerglobal.com\/fr\/wp-json\/wp\/v2\/product_cat?post=30037"},{"taxonomy":"product_tag","embeddable":true,"href":"https:\/\/alegerglobal.com\/fr\/wp-json\/wp\/v2\/product_tag?post=30037"}],"curies":[{"name":"wp","href":"https:\/\/api.w.org\/{rel}","templated":true}]}}