{"id":30032,"date":"2019-01-01T01:55:10","date_gmt":"2022-05-12T17:16:38","guid":{"rendered":"https:\/\/alegerglobal.com\/non class\u00e9\/sangle-de-transport-rembourree\/"},"modified":"2022-05-12T18:16:38","modified_gmt":"2022-05-12T17:16:38","slug":"harnais-rembourre","status":"publish","type":"product","link":"https:\/\/alegerglobal.com\/fr\/shop-fr\/harnais-rembourre\/","title":{"rendered":"sangle de transport (rembourr\u00e9e)"},"content":{"rendered":"","protected":false},"excerpt":{"rendered":"<p>Bandouli\u00e8re rembourr\u00e9e et ergonomique.<\/p>\n<p>Utilisable uniquement en combinaison avec <strong>l&rsquo;\u00e9tui en cuir LC T01 X1<\/strong>, <strong>LC T01 X2 <\/strong>ou<strong> LC TPRO X2.<\/strong><\/p>\n","protected":false},"featured_media":14569,"comment_status":"open","ping_status":"closed","template":"","meta":{"_acf_changed":false},"product_brand":[],"product_cat":[600,601],"product_tag":[],"class_list":{"0":"post-30032","1":"product","2":"type-product","3":"status-publish","4":"has-post-thumbnail","6":"product_cat-accessoires","7":"product_cat-shop-fr","8":"pa_hersteller-ecom-fr","10":"first","11":"instock","12":"taxable","13":"shipping-taxable","14":"purchasable","15":"product-type-simple"},"acf":[],"yoast_head":"<!-- This site is optimized with the Yoast SEO Premium plugin v20.10 (Yoast SEO v24.3) - https:\/\/yoast.com\/wordpress\/plugins\/seo\/ -->\n<title>- ALEGER \u22c6 Augmented Reality<\/title>\n<meta name=\"robots\" content=\"index, follow, max-snippet:-1, max-image-preview:large, max-video-preview:-1\" \/>\n<meta property=\"og:locale\" content=\"fr_FR\" \/>\n<meta property=\"og:type\" content=\"article\" \/>\n<meta property=\"og:title\" content=\"sangle de transport (rembourr\u00e9e)\" \/>\n<meta property=\"og:description\" content=\"Bandouli\u00e8re rembourr\u00e9e et ergonomique. Utilisable uniquement en combinaison avec l&#039;\u00e9tui en cuir LC T01 X1, LC T01 X2 ou LC TPRO X2.\" \/>\n<meta property=\"og:url\" content=\"https:\/\/alegerglobal.com\/fr\/shop-fr\/harnais-rembourre\/\" \/>\n<meta property=\"og:site_name\" content=\"ALEGER \u22c6 Augmented Reality\" \/>\n<meta property=\"og:image\" content=\"https:\/\/alegerglobal.com\/wp-content\/uploads\/2019\/01\/Unbenannt-16.jpg\" \/>\n\t<meta property=\"og:image:width\" content=\"800\" \/>\n\t<meta property=\"og:image:height\" content=\"800\" \/>\n\t<meta property=\"og:image:type\" content=\"image\/jpeg\" \/>\n<meta name=\"twitter:card\" content=\"summary_large_image\" \/>\n<meta name=\"twitter:label1\" content=\"Prix\" \/>\n\t<meta name=\"twitter:data1\" content=\"&euro;44,99\" \/>\n\t<meta name=\"twitter:label2\" content=\"Disponibilit\u00e9\" \/>\n\t<meta name=\"twitter:data2\" content=\"En stock\" \/>\n<script type=\"application\/ld+json\" class=\"yoast-schema-graph\">{\"@context\":\"https:\/\/schema.org\",\"@graph\":[{\"@type\":\"WebPage\",\"@id\":\"https:\/\/alegerglobal.com\/fr\/shop-fr\/harnais-rembourre\/\",\"url\":\"https:\/\/alegerglobal.com\/fr\/shop-fr\/harnais-rembourre\/\",\"name\":\"- ALEGER \u22c6 Augmented Reality\",\"isPartOf\":{\"@id\":\"https:\/\/alegerglobal.com\/fr\/#website\"},\"primaryImageOfPage\":{\"@id\":\"https:\/\/alegerglobal.com\/fr\/shop-fr\/harnais-rembourre\/#primaryimage\"},\"image\":{\"@id\":\"https:\/\/alegerglobal.com\/fr\/shop-fr\/harnais-rembourre\/#primaryimage\"},\"thumbnailUrl\":\"https:\/\/alegerglobal.com\/wp-content\/uploads\/2019\/01\/Unbenannt-16.jpg\",\"datePublished\":\"2022-05-12T17:16:38+00:00\",\"dateModified\":\"2022-05-12T17:16:38+00:00\",\"breadcrumb\":{\"@id\":\"https:\/\/alegerglobal.com\/fr\/shop-fr\/harnais-rembourre\/#breadcrumb\"},\"inLanguage\":\"fr-FR\",\"potentialAction\":[{\"@type\":\"ReadAction\",\"target\":[\"https:\/\/alegerglobal.com\/fr\/shop-fr\/harnais-rembourre\/\"]}]},{\"@type\":\"ImageObject\",\"inLanguage\":\"fr-FR\",\"@id\":\"https:\/\/alegerglobal.com\/fr\/shop-fr\/harnais-rembourre\/#primaryimage\",\"url\":\"https:\/\/alegerglobal.com\/wp-content\/uploads\/2019\/01\/Unbenannt-16.jpg\",\"contentUrl\":\"https:\/\/alegerglobal.com\/wp-content\/uploads\/2019\/01\/Unbenannt-16.jpg\",\"width\":800,\"height\":800},{\"@type\":\"BreadcrumbList\",\"@id\":\"https:\/\/alegerglobal.com\/fr\/shop-fr\/harnais-rembourre\/#breadcrumb\",\"itemListElement\":[{\"@type\":\"ListItem\",\"position\":1,\"name\":\"Home\",\"item\":\"https:\/\/alegerglobal.com\/fr\/new-page-daccueil\/\"},{\"@type\":\"ListItem\",\"position\":2,\"name\":\"Produits\",\"item\":\"https:\/\/alegerglobal.com\/fr\/produits\/\"},{\"@type\":\"ListItem\",\"position\":3,\"name\":\"sangle de transport (rembourr\u00e9e)\"}]},{\"@type\":\"WebSite\",\"@id\":\"https:\/\/alegerglobal.com\/fr\/#website\",\"url\":\"https:\/\/alegerglobal.com\/fr\/\",\"name\":\"ALEGER \u22c6 Augmented Reality\",\"description\":\"Die besten Augmented Reality (AR) L\u00f6sungen der Welt.\",\"publisher\":{\"@id\":\"https:\/\/alegerglobal.com\/fr\/#organization\"},\"potentialAction\":[{\"@type\":\"SearchAction\",\"target\":{\"@type\":\"EntryPoint\",\"urlTemplate\":\"https:\/\/alegerglobal.com\/fr\/?s={search_term_string}\"},\"query-input\":{\"@type\":\"PropertyValueSpecification\",\"valueRequired\":true,\"valueName\":\"search_term_string\"}}],\"inLanguage\":\"fr-FR\"},{\"@type\":\"Organization\",\"@id\":\"https:\/\/alegerglobal.com\/fr\/#organization\",\"name\":\"ALEGER \u22c6 Augmented Reality\",\"url\":\"https:\/\/alegerglobal.com\/fr\/\",\"logo\":{\"@type\":\"ImageObject\",\"inLanguage\":\"fr-FR\",\"@id\":\"https:\/\/alegerglobal.com\/fr\/#\/schema\/logo\/image\/\",\"url\":\"https:\/\/alegerglobal.com\/wp-content\/uploads\/2020\/12\/aleger-logo-quadrat.jpg\",\"contentUrl\":\"https:\/\/alegerglobal.com\/wp-content\/uploads\/2020\/12\/aleger-logo-quadrat.jpg\",\"width\":200,\"height\":176,\"caption\":\"ALEGER \u22c6 Augmented Reality\"},\"image\":{\"@id\":\"https:\/\/alegerglobal.com\/fr\/#\/schema\/logo\/image\/\"}}]}<\/script>\n<meta property=\"product:brand\" content=\"Ecom\" \/>\n<meta property=\"product:price:amount\" content=\"44.99\" \/>\n<meta property=\"product:price:currency\" content=\"EUR\" \/>\n<meta property=\"og:availability\" content=\"instock\" \/>\n<meta property=\"product:availability\" content=\"instock\" \/>\n<meta property=\"product:condition\" content=\"new\" \/>\n<!-- \/ Yoast SEO Premium plugin. -->","yoast_head_json":{"title":"- ALEGER \u22c6 Augmented Reality","robots":{"index":"index","follow":"follow","max-snippet":"max-snippet:-1","max-image-preview":"max-image-preview:large","max-video-preview":"max-video-preview:-1"},"og_locale":"fr_FR","og_type":"article","og_title":"sangle de transport (rembourr\u00e9e)","og_description":"Bandouli\u00e8re rembourr\u00e9e et ergonomique. Utilisable uniquement en combinaison avec l'\u00e9tui en cuir LC T01 X1, LC T01 X2 ou LC TPRO X2.","og_url":"https:\/\/alegerglobal.com\/fr\/shop-fr\/harnais-rembourre\/","og_site_name":"ALEGER \u22c6 Augmented Reality","og_image":[{"width":800,"height":800,"url":"https:\/\/alegerglobal.com\/wp-content\/uploads\/2019\/01\/Unbenannt-16.jpg","type":"image\/jpeg"}],"twitter_card":"summary_large_image","twitter_misc":{"Prix":"&euro;44,99","Disponibilit\u00e9":"En stock"},"schema":{"@context":"https:\/\/schema.org","@graph":[{"@type":"WebPage","@id":"https:\/\/alegerglobal.com\/fr\/shop-fr\/harnais-rembourre\/","url":"https:\/\/alegerglobal.com\/fr\/shop-fr\/harnais-rembourre\/","name":"- ALEGER \u22c6 Augmented Reality","isPartOf":{"@id":"https:\/\/alegerglobal.com\/fr\/#website"},"primaryImageOfPage":{"@id":"https:\/\/alegerglobal.com\/fr\/shop-fr\/harnais-rembourre\/#primaryimage"},"image":{"@id":"https:\/\/alegerglobal.com\/fr\/shop-fr\/harnais-rembourre\/#primaryimage"},"thumbnailUrl":"https:\/\/alegerglobal.com\/wp-content\/uploads\/2019\/01\/Unbenannt-16.jpg","datePublished":"2022-05-12T17:16:38+00:00","dateModified":"2022-05-12T17:16:38+00:00","breadcrumb":{"@id":"https:\/\/alegerglobal.com\/fr\/shop-fr\/harnais-rembourre\/#breadcrumb"},"inLanguage":"fr-FR","potentialAction":[{"@type":"ReadAction","target":["https:\/\/alegerglobal.com\/fr\/shop-fr\/harnais-rembourre\/"]}]},{"@type":"ImageObject","inLanguage":"fr-FR","@id":"https:\/\/alegerglobal.com\/fr\/shop-fr\/harnais-rembourre\/#primaryimage","url":"https:\/\/alegerglobal.com\/wp-content\/uploads\/2019\/01\/Unbenannt-16.jpg","contentUrl":"https:\/\/alegerglobal.com\/wp-content\/uploads\/2019\/01\/Unbenannt-16.jpg","width":800,"height":800},{"@type":"BreadcrumbList","@id":"https:\/\/alegerglobal.com\/fr\/shop-fr\/harnais-rembourre\/#breadcrumb","itemListElement":[{"@type":"ListItem","position":1,"name":"Home","item":"https:\/\/alegerglobal.com\/fr\/new-page-daccueil\/"},{"@type":"ListItem","position":2,"name":"Produits","item":"https:\/\/alegerglobal.com\/fr\/produits\/"},{"@type":"ListItem","position":3,"name":"sangle de transport (rembourr\u00e9e)"}]},{"@type":"WebSite","@id":"https:\/\/alegerglobal.com\/fr\/#website","url":"https:\/\/alegerglobal.com\/fr\/","name":"ALEGER \u22c6 Augmented Reality","description":"Die besten Augmented Reality (AR) L\u00f6sungen der Welt.","publisher":{"@id":"https:\/\/alegerglobal.com\/fr\/#organization"},"potentialAction":[{"@type":"SearchAction","target":{"@type":"EntryPoint","urlTemplate":"https:\/\/alegerglobal.com\/fr\/?s={search_term_string}"},"query-input":{"@type":"PropertyValueSpecification","valueRequired":true,"valueName":"search_term_string"}}],"inLanguage":"fr-FR"},{"@type":"Organization","@id":"https:\/\/alegerglobal.com\/fr\/#organization","name":"ALEGER \u22c6 Augmented Reality","url":"https:\/\/alegerglobal.com\/fr\/","logo":{"@type":"ImageObject","inLanguage":"fr-FR","@id":"https:\/\/alegerglobal.com\/fr\/#\/schema\/logo\/image\/","url":"https:\/\/alegerglobal.com\/wp-content\/uploads\/2020\/12\/aleger-logo-quadrat.jpg","contentUrl":"https:\/\/alegerglobal.com\/wp-content\/uploads\/2020\/12\/aleger-logo-quadrat.jpg","width":200,"height":176,"caption":"ALEGER \u22c6 Augmented Reality"},"image":{"@id":"https:\/\/alegerglobal.com\/fr\/#\/schema\/logo\/image\/"}}]},"product_brand":"Ecom","product_price_amount":"44.99","product_price_currency":"EUR","og_availability":"instock","product_availability":"instock","product_condition":"new"},"_links":{"self":[{"href":"https:\/\/alegerglobal.com\/fr\/wp-json\/wp\/v2\/product\/30032","targetHints":{"allow":["GET"]}}],"collection":[{"href":"https:\/\/alegerglobal.com\/fr\/wp-json\/wp\/v2\/product"}],"about":[{"href":"https:\/\/alegerglobal.com\/fr\/wp-json\/wp\/v2\/types\/product"}],"replies":[{"embeddable":true,"href":"https:\/\/alegerglobal.com\/fr\/wp-json\/wp\/v2\/comments?post=30032"}],"version-history":[{"count":0,"href":"https:\/\/alegerglobal.com\/fr\/wp-json\/wp\/v2\/product\/30032\/revisions"}],"wp:featuredmedia":[{"embeddable":true,"href":"https:\/\/alegerglobal.com\/fr\/wp-json\/wp\/v2\/media\/14569"}],"wp:attachment":[{"href":"https:\/\/alegerglobal.com\/fr\/wp-json\/wp\/v2\/media?parent=30032"}],"wp:term":[{"taxonomy":"product_brand","embeddable":true,"href":"https:\/\/alegerglobal.com\/fr\/wp-json\/wp\/v2\/product_brand?post=30032"},{"taxonomy":"product_cat","embeddable":true,"href":"https:\/\/alegerglobal.com\/fr\/wp-json\/wp\/v2\/product_cat?post=30032"},{"taxonomy":"product_tag","embeddable":true,"href":"https:\/\/alegerglobal.com\/fr\/wp-json\/wp\/v2\/product_tag?post=30032"}],"curies":[{"name":"wp","href":"https:\/\/api.w.org\/{rel}","templated":true}]}}