{"id":30021,"date":"2019-01-01T08:02:39","date_gmt":"2022-05-12T17:16:36","guid":{"rendered":"https:\/\/alegerglobal.com\/non%20class\u00e9\/dragonne-pivotante-tab-ex-02-dz2\/"},"modified":"2022-05-12T18:16:38","modified_gmt":"2022-05-12T17:16:38","slug":"dragonne-pivotante-tab-ex-02-dz2","status":"publish","type":"product","link":"https:\/\/alegerglobal.com\/fr\/shop-fr\/dragonne-pivotante-tab-ex-02-dz2\/","title":{"rendered":"Dragonne Pivotante Tab-Ex\u00ae 02 DZ2"},"content":{"rendered":"\t\t<div data-elementor-type=\"product-post\" data-elementor-id=\"30021\" class=\"elementor elementor-30021 elementor-5788\" data-elementor-settings=\"{&quot;ha_cmc_init_switcher&quot;:&quot;no&quot;}\" data-elementor-post-type=\"product\">\n\t\t\t\t\t\t<section class=\"elementor-section elementor-top-section elementor-element elementor-element-34274a6 elementor-section-boxed elementor-section-height-default elementor-section-height-default\" data-id=\"34274a6\" data-element_type=\"section\" data-settings=\"{&quot;jet_parallax_layout_list&quot;:[],&quot;_ha_eqh_enable&quot;:false}\">\n\t\t\t\t\t\t<div class=\"elementor-container elementor-column-gap-default\">\n\t\t\t\t\t<div class=\"elementor-column elementor-col-100 elementor-top-column elementor-element elementor-element-c0c6273\" data-id=\"c0c6273\" data-element_type=\"column\">\n\t\t\t<div class=\"elementor-widget-wrap elementor-element-populated\">\n\t\t\t\t\t\t<div class=\"elementor-element elementor-element-3654d18 elementor-widget elementor-widget-text-editor\" data-id=\"3654d18\" data-element_type=\"widget\" data-widget_type=\"text-editor.default\">\n\t\t\t\t<div class=\"elementor-widget-container\">\n\t\t\t\t\t\t\t\t\t<ul class=\"list\"><li>Utilisable dans les zones \u00e0 risque d&rsquo;explosion<\/li><li>Boucle rotative pour une utilisation \u00e0 une main (horizontale ou verticale)<\/li><li>Cam\u00e9ra enti\u00e8rement fonctionnelle, \u00e9galement avec dragonne<\/li><li>Pour gauchers et droitiers<\/li><\/ul>\t\t\t\t\t\t\t\t<\/div>\n\t\t\t\t<\/div>\n\t\t\t\t\t<\/div>\n\t\t<\/div>\n\t\t\t\t\t<\/div>\n\t\t<\/section>\n\t\t\t\t<\/div>\n\t\t","protected":false},"excerpt":{"rendered":"<p>Approuv\u00e9 pour une utilisation en zone 2 &amp; DIV 2. Peut \u00e9galement \u00eatre utilis\u00e9 pour le Samsung Galaxy Tab Active2.<\/p>\n","protected":false},"featured_media":14597,"comment_status":"open","ping_status":"closed","template":"","meta":{"_acf_changed":false},"product_brand":[],"product_cat":[600,601],"product_tag":[],"class_list":{"0":"post-30021","1":"product","2":"type-product","3":"status-publish","4":"has-post-thumbnail","6":"product_cat-accessoires","7":"product_cat-shop-fr","8":"pa_hersteller-ecom-fr","10":"first","11":"instock","12":"taxable","13":"shipping-taxable","14":"purchasable","15":"product-type-simple"},"acf":[],"yoast_head":"<!-- This site is optimized with the Yoast SEO Premium plugin v20.10 (Yoast SEO v24.3) - https:\/\/yoast.com\/wordpress\/plugins\/seo\/ -->\n<title>- ALEGER \u22c6 Augmented Reality<\/title>\n<meta name=\"robots\" content=\"index, follow, max-snippet:-1, max-image-preview:large, max-video-preview:-1\" \/>\n<meta property=\"og:locale\" content=\"fr_FR\" \/>\n<meta property=\"og:type\" content=\"article\" \/>\n<meta property=\"og:title\" content=\"Dragonne Pivotante Tab-Ex\u00ae 02 DZ2\" \/>\n<meta property=\"og:description\" content=\"Approuv\u00e9 pour une utilisation en zone 2 &amp; DIV 2. Peut \u00e9galement \u00eatre utilis\u00e9 pour le Samsung Galaxy Tab Active2.\" \/>\n<meta property=\"og:url\" content=\"https:\/\/alegerglobal.com\/fr\/shop-fr\/dragonne-pivotante-tab-ex-02-dz2\/\" \/>\n<meta property=\"og:site_name\" content=\"ALEGER \u22c6 Augmented Reality\" \/>\n<meta property=\"article:modified_time\" content=\"2022-05-12T17:16:38+00:00\" \/>\n<meta property=\"og:image\" content=\"https:\/\/alegerglobal.com\/wp-content\/uploads\/2021\/03\/Unbenannt-7.jpg\" \/>\n\t<meta property=\"og:image:width\" content=\"800\" \/>\n\t<meta property=\"og:image:height\" content=\"800\" \/>\n\t<meta property=\"og:image:type\" content=\"image\/jpeg\" \/>\n<meta name=\"twitter:card\" content=\"summary_large_image\" \/>\n<meta name=\"twitter:label1\" content=\"Prix\" \/>\n\t<meta name=\"twitter:data1\" content=\"&euro;99,99\" \/>\n\t<meta name=\"twitter:label2\" content=\"Disponibilit\u00e9\" \/>\n\t<meta name=\"twitter:data2\" content=\"En stock\" \/>\n<script type=\"application\/ld+json\" class=\"yoast-schema-graph\">{\"@context\":\"https:\/\/schema.org\",\"@graph\":[{\"@type\":\"WebPage\",\"@id\":\"https:\/\/alegerglobal.com\/fr\/shop-fr\/dragonne-pivotante-tab-ex-02-dz2\/\",\"url\":\"https:\/\/alegerglobal.com\/fr\/shop-fr\/dragonne-pivotante-tab-ex-02-dz2\/\",\"name\":\"- ALEGER \u22c6 Augmented Reality\",\"isPartOf\":{\"@id\":\"https:\/\/alegerglobal.com\/fr\/#website\"},\"primaryImageOfPage\":{\"@id\":\"https:\/\/alegerglobal.com\/fr\/shop-fr\/dragonne-pivotante-tab-ex-02-dz2\/#primaryimage\"},\"image\":{\"@id\":\"https:\/\/alegerglobal.com\/fr\/shop-fr\/dragonne-pivotante-tab-ex-02-dz2\/#primaryimage\"},\"thumbnailUrl\":\"https:\/\/alegerglobal.com\/wp-content\/uploads\/2021\/03\/Unbenannt-7.jpg\",\"datePublished\":\"2022-05-12T17:16:36+00:00\",\"dateModified\":\"2022-05-12T17:16:38+00:00\",\"breadcrumb\":{\"@id\":\"https:\/\/alegerglobal.com\/fr\/shop-fr\/dragonne-pivotante-tab-ex-02-dz2\/#breadcrumb\"},\"inLanguage\":\"fr-FR\",\"potentialAction\":[{\"@type\":\"ReadAction\",\"target\":[\"https:\/\/alegerglobal.com\/fr\/shop-fr\/dragonne-pivotante-tab-ex-02-dz2\/\"]}]},{\"@type\":\"ImageObject\",\"inLanguage\":\"fr-FR\",\"@id\":\"https:\/\/alegerglobal.com\/fr\/shop-fr\/dragonne-pivotante-tab-ex-02-dz2\/#primaryimage\",\"url\":\"https:\/\/alegerglobal.com\/wp-content\/uploads\/2021\/03\/Unbenannt-7.jpg\",\"contentUrl\":\"https:\/\/alegerglobal.com\/wp-content\/uploads\/2021\/03\/Unbenannt-7.jpg\",\"width\":800,\"height\":800},{\"@type\":\"BreadcrumbList\",\"@id\":\"https:\/\/alegerglobal.com\/fr\/shop-fr\/dragonne-pivotante-tab-ex-02-dz2\/#breadcrumb\",\"itemListElement\":[{\"@type\":\"ListItem\",\"position\":1,\"name\":\"Home\",\"item\":\"https:\/\/alegerglobal.com\/fr\/new-page-daccueil\/\"},{\"@type\":\"ListItem\",\"position\":2,\"name\":\"Produits\",\"item\":\"https:\/\/alegerglobal.com\/fr\/produits\/\"},{\"@type\":\"ListItem\",\"position\":3,\"name\":\"Dragonne Pivotante Tab-Ex\u00ae 02 DZ2\"}]},{\"@type\":\"WebSite\",\"@id\":\"https:\/\/alegerglobal.com\/fr\/#website\",\"url\":\"https:\/\/alegerglobal.com\/fr\/\",\"name\":\"ALEGER \u22c6 Augmented Reality\",\"description\":\"Die besten Augmented Reality (AR) L\u00f6sungen der Welt.\",\"publisher\":{\"@id\":\"https:\/\/alegerglobal.com\/fr\/#organization\"},\"potentialAction\":[{\"@type\":\"SearchAction\",\"target\":{\"@type\":\"EntryPoint\",\"urlTemplate\":\"https:\/\/alegerglobal.com\/fr\/?s={search_term_string}\"},\"query-input\":{\"@type\":\"PropertyValueSpecification\",\"valueRequired\":true,\"valueName\":\"search_term_string\"}}],\"inLanguage\":\"fr-FR\"},{\"@type\":\"Organization\",\"@id\":\"https:\/\/alegerglobal.com\/fr\/#organization\",\"name\":\"ALEGER \u22c6 Augmented Reality\",\"url\":\"https:\/\/alegerglobal.com\/fr\/\",\"logo\":{\"@type\":\"ImageObject\",\"inLanguage\":\"fr-FR\",\"@id\":\"https:\/\/alegerglobal.com\/fr\/#\/schema\/logo\/image\/\",\"url\":\"https:\/\/alegerglobal.com\/wp-content\/uploads\/2020\/12\/aleger-logo-quadrat.jpg\",\"contentUrl\":\"https:\/\/alegerglobal.com\/wp-content\/uploads\/2020\/12\/aleger-logo-quadrat.jpg\",\"width\":200,\"height\":176,\"caption\":\"ALEGER \u22c6 Augmented Reality\"},\"image\":{\"@id\":\"https:\/\/alegerglobal.com\/fr\/#\/schema\/logo\/image\/\"}}]}<\/script>\n<meta property=\"product:brand\" content=\"Ecom\" \/>\n<meta property=\"product:price:amount\" content=\"99.99\" \/>\n<meta property=\"product:price:currency\" content=\"EUR\" \/>\n<meta property=\"og:availability\" content=\"instock\" \/>\n<meta property=\"product:availability\" content=\"instock\" \/>\n<meta property=\"product:condition\" content=\"new\" \/>\n<!-- \/ Yoast SEO Premium plugin. -->","yoast_head_json":{"title":"- ALEGER \u22c6 Augmented Reality","robots":{"index":"index","follow":"follow","max-snippet":"max-snippet:-1","max-image-preview":"max-image-preview:large","max-video-preview":"max-video-preview:-1"},"og_locale":"fr_FR","og_type":"article","og_title":"Dragonne Pivotante Tab-Ex\u00ae 02 DZ2","og_description":"Approuv\u00e9 pour une utilisation en zone 2 &amp; DIV 2. Peut \u00e9galement \u00eatre utilis\u00e9 pour le Samsung Galaxy Tab Active2.","og_url":"https:\/\/alegerglobal.com\/fr\/shop-fr\/dragonne-pivotante-tab-ex-02-dz2\/","og_site_name":"ALEGER \u22c6 Augmented Reality","article_modified_time":"2022-05-12T17:16:38+00:00","og_image":[{"width":800,"height":800,"url":"https:\/\/alegerglobal.com\/wp-content\/uploads\/2021\/03\/Unbenannt-7.jpg","type":"image\/jpeg"}],"twitter_card":"summary_large_image","twitter_misc":{"Prix":"&euro;99,99","Disponibilit\u00e9":"En stock"},"schema":{"@context":"https:\/\/schema.org","@graph":[{"@type":"WebPage","@id":"https:\/\/alegerglobal.com\/fr\/shop-fr\/dragonne-pivotante-tab-ex-02-dz2\/","url":"https:\/\/alegerglobal.com\/fr\/shop-fr\/dragonne-pivotante-tab-ex-02-dz2\/","name":"- ALEGER \u22c6 Augmented Reality","isPartOf":{"@id":"https:\/\/alegerglobal.com\/fr\/#website"},"primaryImageOfPage":{"@id":"https:\/\/alegerglobal.com\/fr\/shop-fr\/dragonne-pivotante-tab-ex-02-dz2\/#primaryimage"},"image":{"@id":"https:\/\/alegerglobal.com\/fr\/shop-fr\/dragonne-pivotante-tab-ex-02-dz2\/#primaryimage"},"thumbnailUrl":"https:\/\/alegerglobal.com\/wp-content\/uploads\/2021\/03\/Unbenannt-7.jpg","datePublished":"2022-05-12T17:16:36+00:00","dateModified":"2022-05-12T17:16:38+00:00","breadcrumb":{"@id":"https:\/\/alegerglobal.com\/fr\/shop-fr\/dragonne-pivotante-tab-ex-02-dz2\/#breadcrumb"},"inLanguage":"fr-FR","potentialAction":[{"@type":"ReadAction","target":["https:\/\/alegerglobal.com\/fr\/shop-fr\/dragonne-pivotante-tab-ex-02-dz2\/"]}]},{"@type":"ImageObject","inLanguage":"fr-FR","@id":"https:\/\/alegerglobal.com\/fr\/shop-fr\/dragonne-pivotante-tab-ex-02-dz2\/#primaryimage","url":"https:\/\/alegerglobal.com\/wp-content\/uploads\/2021\/03\/Unbenannt-7.jpg","contentUrl":"https:\/\/alegerglobal.com\/wp-content\/uploads\/2021\/03\/Unbenannt-7.jpg","width":800,"height":800},{"@type":"BreadcrumbList","@id":"https:\/\/alegerglobal.com\/fr\/shop-fr\/dragonne-pivotante-tab-ex-02-dz2\/#breadcrumb","itemListElement":[{"@type":"ListItem","position":1,"name":"Home","item":"https:\/\/alegerglobal.com\/fr\/new-page-daccueil\/"},{"@type":"ListItem","position":2,"name":"Produits","item":"https:\/\/alegerglobal.com\/fr\/produits\/"},{"@type":"ListItem","position":3,"name":"Dragonne Pivotante Tab-Ex\u00ae 02 DZ2"}]},{"@type":"WebSite","@id":"https:\/\/alegerglobal.com\/fr\/#website","url":"https:\/\/alegerglobal.com\/fr\/","name":"ALEGER \u22c6 Augmented Reality","description":"Die besten Augmented Reality (AR) L\u00f6sungen der Welt.","publisher":{"@id":"https:\/\/alegerglobal.com\/fr\/#organization"},"potentialAction":[{"@type":"SearchAction","target":{"@type":"EntryPoint","urlTemplate":"https:\/\/alegerglobal.com\/fr\/?s={search_term_string}"},"query-input":{"@type":"PropertyValueSpecification","valueRequired":true,"valueName":"search_term_string"}}],"inLanguage":"fr-FR"},{"@type":"Organization","@id":"https:\/\/alegerglobal.com\/fr\/#organization","name":"ALEGER \u22c6 Augmented Reality","url":"https:\/\/alegerglobal.com\/fr\/","logo":{"@type":"ImageObject","inLanguage":"fr-FR","@id":"https:\/\/alegerglobal.com\/fr\/#\/schema\/logo\/image\/","url":"https:\/\/alegerglobal.com\/wp-content\/uploads\/2020\/12\/aleger-logo-quadrat.jpg","contentUrl":"https:\/\/alegerglobal.com\/wp-content\/uploads\/2020\/12\/aleger-logo-quadrat.jpg","width":200,"height":176,"caption":"ALEGER \u22c6 Augmented Reality"},"image":{"@id":"https:\/\/alegerglobal.com\/fr\/#\/schema\/logo\/image\/"}}]},"product_brand":"Ecom","product_price_amount":"99.99","product_price_currency":"EUR","og_availability":"instock","product_availability":"instock","product_condition":"new"},"_links":{"self":[{"href":"https:\/\/alegerglobal.com\/fr\/wp-json\/wp\/v2\/product\/30021","targetHints":{"allow":["GET"]}}],"collection":[{"href":"https:\/\/alegerglobal.com\/fr\/wp-json\/wp\/v2\/product"}],"about":[{"href":"https:\/\/alegerglobal.com\/fr\/wp-json\/wp\/v2\/types\/product"}],"replies":[{"embeddable":true,"href":"https:\/\/alegerglobal.com\/fr\/wp-json\/wp\/v2\/comments?post=30021"}],"version-history":[{"count":1,"href":"https:\/\/alegerglobal.com\/fr\/wp-json\/wp\/v2\/product\/30021\/revisions"}],"predecessor-version":[{"id":30025,"href":"https:\/\/alegerglobal.com\/fr\/wp-json\/wp\/v2\/product\/30021\/revisions\/30025"}],"wp:featuredmedia":[{"embeddable":true,"href":"https:\/\/alegerglobal.com\/fr\/wp-json\/wp\/v2\/media\/14597"}],"wp:attachment":[{"href":"https:\/\/alegerglobal.com\/fr\/wp-json\/wp\/v2\/media?parent=30021"}],"wp:term":[{"taxonomy":"product_brand","embeddable":true,"href":"https:\/\/alegerglobal.com\/fr\/wp-json\/wp\/v2\/product_brand?post=30021"},{"taxonomy":"product_cat","embeddable":true,"href":"https:\/\/alegerglobal.com\/fr\/wp-json\/wp\/v2\/product_cat?post=30021"},{"taxonomy":"product_tag","embeddable":true,"href":"https:\/\/alegerglobal.com\/fr\/wp-json\/wp\/v2\/product_tag?post=30021"}],"curies":[{"name":"wp","href":"https:\/\/api.w.org\/{rel}","templated":true}]}}