{"id":30015,"date":"2019-01-01T07:25:44","date_gmt":"2022-05-12T17:16:34","guid":{"rendered":"https:\/\/alegerglobal.com\/non%20class\u00e9\/station-de-recharge-usb-double-prise-de-bord-pour-voiture-tab-ex-02-dz2\/"},"modified":"2022-05-12T18:16:38","modified_gmt":"2022-05-12T17:16:38","slug":"station-de-recharge-usb-double-prise-de-bord-pour-voiture-tab-ex-02-dz2","status":"publish","type":"product","link":"https:\/\/alegerglobal.com\/fr\/shop-fr\/station-de-recharge-usb-double-prise-de-bord-pour-voiture-tab-ex-02-dz2\/","title":{"rendered":"Station de recharge USB double (prise de bord pour voiture) Tab-Ex\u00ae 02 DZ2"},"content":{"rendered":"\t\t<div data-elementor-type=\"product-post\" data-elementor-id=\"30015\" class=\"elementor elementor-30015 elementor-5766\" data-elementor-settings=\"{&quot;ha_cmc_init_switcher&quot;:&quot;no&quot;}\" data-elementor-post-type=\"product\">\n\t\t\t\t\t\t<section class=\"elementor-section elementor-top-section elementor-element elementor-element-1206e45 elementor-section-boxed elementor-section-height-default elementor-section-height-default\" data-id=\"1206e45\" data-element_type=\"section\" data-settings=\"{&quot;jet_parallax_layout_list&quot;:[],&quot;_ha_eqh_enable&quot;:false}\">\n\t\t\t\t\t\t<div class=\"elementor-container elementor-column-gap-default\">\n\t\t\t\t\t<div class=\"elementor-column elementor-col-100 elementor-top-column elementor-element elementor-element-681d5f6\" data-id=\"681d5f6\" data-element_type=\"column\">\n\t\t\t<div class=\"elementor-widget-wrap elementor-element-populated\">\n\t\t\t\t\t\t<div class=\"elementor-element elementor-element-aef8b7a elementor-widget elementor-widget-text-editor\" data-id=\"aef8b7a\" data-element_type=\"widget\" data-widget_type=\"text-editor.default\">\n\t\t\t\t<div class=\"elementor-widget-container\">\n\t\t\t\t\t\t\t\t\t<ul class=\"list\"><li>Convient pour le Tab-Ex\u00ae 02 DZ2 \/ D2<\/li><li>Ports USB doubles ; aliment\u00e9s chacun par 1,5 A ; connexion pour appareils externes<\/li><li>D\u00e9coupes pour un acc\u00e8s direct aux boutons, \u00e0 la cam\u00e9ra, au stylet et aux ports<\/li><li>Facile \u00e0 utiliser d&rsquo;une seule main :<ul class=\"list\"><li>Ins\u00e9rer la tablette (face inf\u00e9rieure en premier) dans la station de charge par le haut. exercer une pression sur la partie sup\u00e9rieure de la tablette jusqu&rsquo;\u00e0 ce qu&rsquo;elle s&rsquo;enclenche dans le support<\/li><li>Pousser le bouton de d\u00e9verrouillage vers le haut avec le pouce et retirer la tablette.<\/li><\/ul><\/li><li>Le connecteur POGO Pin charge et alimente la tablette en \u00e9lectricit\u00e9<\/li><li>Antivol en option<\/li><li>Mod\u00e8le de trous VESA 75mm et AMPS ; Compatible avec les syst\u00e8mes de fixation <a class=\"external-link-new-window\" title=\"\u00d6ffnet internen Link im aktuellen Fenster\" href=\"https:\/\/www.zirkona.de\/\" target=\"_blank\" rel=\"noopener\">Zirkona<\/a> <\/li><li>Un c\u00e2ble d&rsquo;alimentation de 182 cm (72&Prime;) avec une extr\u00e9mit\u00e9 de fil ouverte<\/li><li>Peut \u00eatre mont\u00e9 sur des surfaces plates et verticales<\/li><li>Construction l\u00e9g\u00e8re : 1,1 lbs (env. 500 g)<\/li><\/ul>\t\t\t\t\t\t\t\t<\/div>\n\t\t\t\t<\/div>\n\t\t\t\t\t<\/div>\n\t\t<\/div>\n\t\t\t\t\t<\/div>\n\t\t<\/section>\n\t\t\t\t<\/div>\n\t\t","protected":false},"excerpt":{"rendered":"<p>La nouvelle station de chargement Tab-Ex\u00ae 02 DZ2 \/ D2 am\u00e9lior\u00e9e avec deux ports USB et un raccordement pour la prise de bord du v\u00e9hicule (allume-cigare). Les deux ports USB fournissent chacun 1,5 A. La station de chargement est compacte, verrouillable et peut \u00eatre utilis\u00e9e d&rsquo;une seule main. La station d&rsquo;accueil peut \u00eatre branch\u00e9e sur le r\u00e9seau \u00e9lectrique du v\u00e9hicule gr\u00e2ce \u00e0 la prise de bord fournie et continue d&rsquo;alimenter la batterie de votre tablette. (pas pour une utilisation dans des zones \u00e0 risque d&rsquo;explosion)<\/p>\n","protected":false},"featured_media":14593,"comment_status":"open","ping_status":"closed","template":"","meta":{"_acf_changed":false},"product_brand":[],"product_cat":[600,601],"product_tag":[],"class_list":{"0":"post-30015","1":"product","2":"type-product","3":"status-publish","4":"has-post-thumbnail","6":"product_cat-accessoires","7":"product_cat-shop-fr","8":"pa_hersteller-ecom-fr","10":"first","11":"instock","12":"taxable","13":"shipping-taxable","14":"purchasable","15":"product-type-simple"},"acf":[],"yoast_head":"<!-- This site is optimized with the Yoast SEO Premium plugin v20.10 (Yoast SEO v24.3) - https:\/\/yoast.com\/wordpress\/plugins\/seo\/ -->\n<title>- ALEGER \u22c6 Augmented Reality<\/title>\n<meta name=\"robots\" content=\"index, follow, max-snippet:-1, max-image-preview:large, max-video-preview:-1\" \/>\n<meta property=\"og:locale\" content=\"fr_FR\" \/>\n<meta property=\"og:type\" content=\"article\" \/>\n<meta property=\"og:title\" content=\"Station de recharge USB double (prise de bord pour voiture) Tab-Ex\u00ae 02 DZ2\" \/>\n<meta property=\"og:description\" content=\"La nouvelle station de chargement Tab-Ex\u00ae 02 DZ2 \/ D2 am\u00e9lior\u00e9e avec deux ports USB et un raccordement pour la prise de bord du v\u00e9hicule (allume-cigare). Les deux ports USB fournissent chacun 1,5 A. La station de chargement est compacte, verrouillable et peut \u00eatre utilis\u00e9e d&#039;une seule main. La station d&#039;accueil peut \u00eatre branch\u00e9e sur le r\u00e9seau \u00e9lectrique du v\u00e9hicule gr\u00e2ce \u00e0 la prise de bord fournie et continue d&#039;alimenter la batterie de votre tablette. (pas pour une utilisation dans des zones \u00e0 risque d&#039;explosion)\" \/>\n<meta property=\"og:url\" content=\"https:\/\/alegerglobal.com\/fr\/shop-fr\/station-de-recharge-usb-double-prise-de-bord-pour-voiture-tab-ex-02-dz2\/\" \/>\n<meta property=\"og:site_name\" content=\"ALEGER \u22c6 Augmented Reality\" \/>\n<meta property=\"article:modified_time\" content=\"2022-05-12T17:16:38+00:00\" \/>\n<meta property=\"og:image\" content=\"https:\/\/alegerglobal.com\/wp-content\/uploads\/2019\/01\/Unbenannt-36.jpg\" \/>\n\t<meta property=\"og:image:width\" content=\"800\" \/>\n\t<meta property=\"og:image:height\" content=\"800\" \/>\n\t<meta property=\"og:image:type\" content=\"image\/jpeg\" \/>\n<meta name=\"twitter:card\" content=\"summary_large_image\" \/>\n<meta name=\"twitter:label1\" content=\"Prix\" \/>\n\t<meta name=\"twitter:data1\" content=\"&euro;273,99\" \/>\n\t<meta name=\"twitter:label2\" content=\"Disponibilit\u00e9\" \/>\n\t<meta name=\"twitter:data2\" content=\"En stock\" \/>\n<script type=\"application\/ld+json\" class=\"yoast-schema-graph\">{\"@context\":\"https:\/\/schema.org\",\"@graph\":[{\"@type\":\"WebPage\",\"@id\":\"https:\/\/alegerglobal.com\/fr\/shop-fr\/station-de-recharge-usb-double-prise-de-bord-pour-voiture-tab-ex-02-dz2\/\",\"url\":\"https:\/\/alegerglobal.com\/fr\/shop-fr\/station-de-recharge-usb-double-prise-de-bord-pour-voiture-tab-ex-02-dz2\/\",\"name\":\"- ALEGER \u22c6 Augmented Reality\",\"isPartOf\":{\"@id\":\"https:\/\/alegerglobal.com\/fr\/#website\"},\"primaryImageOfPage\":{\"@id\":\"https:\/\/alegerglobal.com\/fr\/shop-fr\/station-de-recharge-usb-double-prise-de-bord-pour-voiture-tab-ex-02-dz2\/#primaryimage\"},\"image\":{\"@id\":\"https:\/\/alegerglobal.com\/fr\/shop-fr\/station-de-recharge-usb-double-prise-de-bord-pour-voiture-tab-ex-02-dz2\/#primaryimage\"},\"thumbnailUrl\":\"https:\/\/alegerglobal.com\/wp-content\/uploads\/2019\/01\/Unbenannt-36.jpg\",\"datePublished\":\"2022-05-12T17:16:34+00:00\",\"dateModified\":\"2022-05-12T17:16:38+00:00\",\"breadcrumb\":{\"@id\":\"https:\/\/alegerglobal.com\/fr\/shop-fr\/station-de-recharge-usb-double-prise-de-bord-pour-voiture-tab-ex-02-dz2\/#breadcrumb\"},\"inLanguage\":\"fr-FR\",\"potentialAction\":[{\"@type\":\"ReadAction\",\"target\":[\"https:\/\/alegerglobal.com\/fr\/shop-fr\/station-de-recharge-usb-double-prise-de-bord-pour-voiture-tab-ex-02-dz2\/\"]}]},{\"@type\":\"ImageObject\",\"inLanguage\":\"fr-FR\",\"@id\":\"https:\/\/alegerglobal.com\/fr\/shop-fr\/station-de-recharge-usb-double-prise-de-bord-pour-voiture-tab-ex-02-dz2\/#primaryimage\",\"url\":\"https:\/\/alegerglobal.com\/wp-content\/uploads\/2019\/01\/Unbenannt-36.jpg\",\"contentUrl\":\"https:\/\/alegerglobal.com\/wp-content\/uploads\/2019\/01\/Unbenannt-36.jpg\",\"width\":800,\"height\":800},{\"@type\":\"BreadcrumbList\",\"@id\":\"https:\/\/alegerglobal.com\/fr\/shop-fr\/station-de-recharge-usb-double-prise-de-bord-pour-voiture-tab-ex-02-dz2\/#breadcrumb\",\"itemListElement\":[{\"@type\":\"ListItem\",\"position\":1,\"name\":\"Home\",\"item\":\"https:\/\/alegerglobal.com\/fr\/new-page-daccueil\/\"},{\"@type\":\"ListItem\",\"position\":2,\"name\":\"Produits\",\"item\":\"https:\/\/alegerglobal.com\/fr\/produits\/\"},{\"@type\":\"ListItem\",\"position\":3,\"name\":\"Station de recharge USB double (prise de bord pour voiture) Tab-Ex\u00ae 02 DZ2\"}]},{\"@type\":\"WebSite\",\"@id\":\"https:\/\/alegerglobal.com\/fr\/#website\",\"url\":\"https:\/\/alegerglobal.com\/fr\/\",\"name\":\"ALEGER \u22c6 Augmented Reality\",\"description\":\"Die besten Augmented Reality (AR) L\u00f6sungen der Welt.\",\"publisher\":{\"@id\":\"https:\/\/alegerglobal.com\/fr\/#organization\"},\"potentialAction\":[{\"@type\":\"SearchAction\",\"target\":{\"@type\":\"EntryPoint\",\"urlTemplate\":\"https:\/\/alegerglobal.com\/fr\/?s={search_term_string}\"},\"query-input\":{\"@type\":\"PropertyValueSpecification\",\"valueRequired\":true,\"valueName\":\"search_term_string\"}}],\"inLanguage\":\"fr-FR\"},{\"@type\":\"Organization\",\"@id\":\"https:\/\/alegerglobal.com\/fr\/#organization\",\"name\":\"ALEGER \u22c6 Augmented Reality\",\"url\":\"https:\/\/alegerglobal.com\/fr\/\",\"logo\":{\"@type\":\"ImageObject\",\"inLanguage\":\"fr-FR\",\"@id\":\"https:\/\/alegerglobal.com\/fr\/#\/schema\/logo\/image\/\",\"url\":\"https:\/\/alegerglobal.com\/wp-content\/uploads\/2020\/12\/aleger-logo-quadrat.jpg\",\"contentUrl\":\"https:\/\/alegerglobal.com\/wp-content\/uploads\/2020\/12\/aleger-logo-quadrat.jpg\",\"width\":200,\"height\":176,\"caption\":\"ALEGER \u22c6 Augmented Reality\"},\"image\":{\"@id\":\"https:\/\/alegerglobal.com\/fr\/#\/schema\/logo\/image\/\"}}]}<\/script>\n<meta property=\"product:brand\" content=\"Ecom\" \/>\n<meta property=\"product:price:amount\" content=\"273.99\" \/>\n<meta property=\"product:price:currency\" content=\"EUR\" \/>\n<meta property=\"og:availability\" content=\"instock\" \/>\n<meta property=\"product:availability\" content=\"instock\" \/>\n<meta property=\"product:condition\" content=\"new\" \/>\n<!-- \/ Yoast SEO Premium plugin. -->","yoast_head_json":{"title":"- ALEGER \u22c6 Augmented Reality","robots":{"index":"index","follow":"follow","max-snippet":"max-snippet:-1","max-image-preview":"max-image-preview:large","max-video-preview":"max-video-preview:-1"},"og_locale":"fr_FR","og_type":"article","og_title":"Station de recharge USB double (prise de bord pour voiture) Tab-Ex\u00ae 02 DZ2","og_description":"La nouvelle station de chargement Tab-Ex\u00ae 02 DZ2 \/ D2 am\u00e9lior\u00e9e avec deux ports USB et un raccordement pour la prise de bord du v\u00e9hicule (allume-cigare). Les deux ports USB fournissent chacun 1,5 A. La station de chargement est compacte, verrouillable et peut \u00eatre utilis\u00e9e d'une seule main. La station d'accueil peut \u00eatre branch\u00e9e sur le r\u00e9seau \u00e9lectrique du v\u00e9hicule gr\u00e2ce \u00e0 la prise de bord fournie et continue d'alimenter la batterie de votre tablette. (pas pour une utilisation dans des zones \u00e0 risque d'explosion)","og_url":"https:\/\/alegerglobal.com\/fr\/shop-fr\/station-de-recharge-usb-double-prise-de-bord-pour-voiture-tab-ex-02-dz2\/","og_site_name":"ALEGER \u22c6 Augmented Reality","article_modified_time":"2022-05-12T17:16:38+00:00","og_image":[{"width":800,"height":800,"url":"https:\/\/alegerglobal.com\/wp-content\/uploads\/2019\/01\/Unbenannt-36.jpg","type":"image\/jpeg"}],"twitter_card":"summary_large_image","twitter_misc":{"Prix":"&euro;273,99","Disponibilit\u00e9":"En stock"},"schema":{"@context":"https:\/\/schema.org","@graph":[{"@type":"WebPage","@id":"https:\/\/alegerglobal.com\/fr\/shop-fr\/station-de-recharge-usb-double-prise-de-bord-pour-voiture-tab-ex-02-dz2\/","url":"https:\/\/alegerglobal.com\/fr\/shop-fr\/station-de-recharge-usb-double-prise-de-bord-pour-voiture-tab-ex-02-dz2\/","name":"- ALEGER \u22c6 Augmented Reality","isPartOf":{"@id":"https:\/\/alegerglobal.com\/fr\/#website"},"primaryImageOfPage":{"@id":"https:\/\/alegerglobal.com\/fr\/shop-fr\/station-de-recharge-usb-double-prise-de-bord-pour-voiture-tab-ex-02-dz2\/#primaryimage"},"image":{"@id":"https:\/\/alegerglobal.com\/fr\/shop-fr\/station-de-recharge-usb-double-prise-de-bord-pour-voiture-tab-ex-02-dz2\/#primaryimage"},"thumbnailUrl":"https:\/\/alegerglobal.com\/wp-content\/uploads\/2019\/01\/Unbenannt-36.jpg","datePublished":"2022-05-12T17:16:34+00:00","dateModified":"2022-05-12T17:16:38+00:00","breadcrumb":{"@id":"https:\/\/alegerglobal.com\/fr\/shop-fr\/station-de-recharge-usb-double-prise-de-bord-pour-voiture-tab-ex-02-dz2\/#breadcrumb"},"inLanguage":"fr-FR","potentialAction":[{"@type":"ReadAction","target":["https:\/\/alegerglobal.com\/fr\/shop-fr\/station-de-recharge-usb-double-prise-de-bord-pour-voiture-tab-ex-02-dz2\/"]}]},{"@type":"ImageObject","inLanguage":"fr-FR","@id":"https:\/\/alegerglobal.com\/fr\/shop-fr\/station-de-recharge-usb-double-prise-de-bord-pour-voiture-tab-ex-02-dz2\/#primaryimage","url":"https:\/\/alegerglobal.com\/wp-content\/uploads\/2019\/01\/Unbenannt-36.jpg","contentUrl":"https:\/\/alegerglobal.com\/wp-content\/uploads\/2019\/01\/Unbenannt-36.jpg","width":800,"height":800},{"@type":"BreadcrumbList","@id":"https:\/\/alegerglobal.com\/fr\/shop-fr\/station-de-recharge-usb-double-prise-de-bord-pour-voiture-tab-ex-02-dz2\/#breadcrumb","itemListElement":[{"@type":"ListItem","position":1,"name":"Home","item":"https:\/\/alegerglobal.com\/fr\/new-page-daccueil\/"},{"@type":"ListItem","position":2,"name":"Produits","item":"https:\/\/alegerglobal.com\/fr\/produits\/"},{"@type":"ListItem","position":3,"name":"Station de recharge USB double (prise de bord pour voiture) Tab-Ex\u00ae 02 DZ2"}]},{"@type":"WebSite","@id":"https:\/\/alegerglobal.com\/fr\/#website","url":"https:\/\/alegerglobal.com\/fr\/","name":"ALEGER \u22c6 Augmented Reality","description":"Die besten Augmented Reality (AR) L\u00f6sungen der Welt.","publisher":{"@id":"https:\/\/alegerglobal.com\/fr\/#organization"},"potentialAction":[{"@type":"SearchAction","target":{"@type":"EntryPoint","urlTemplate":"https:\/\/alegerglobal.com\/fr\/?s={search_term_string}"},"query-input":{"@type":"PropertyValueSpecification","valueRequired":true,"valueName":"search_term_string"}}],"inLanguage":"fr-FR"},{"@type":"Organization","@id":"https:\/\/alegerglobal.com\/fr\/#organization","name":"ALEGER \u22c6 Augmented Reality","url":"https:\/\/alegerglobal.com\/fr\/","logo":{"@type":"ImageObject","inLanguage":"fr-FR","@id":"https:\/\/alegerglobal.com\/fr\/#\/schema\/logo\/image\/","url":"https:\/\/alegerglobal.com\/wp-content\/uploads\/2020\/12\/aleger-logo-quadrat.jpg","contentUrl":"https:\/\/alegerglobal.com\/wp-content\/uploads\/2020\/12\/aleger-logo-quadrat.jpg","width":200,"height":176,"caption":"ALEGER \u22c6 Augmented Reality"},"image":{"@id":"https:\/\/alegerglobal.com\/fr\/#\/schema\/logo\/image\/"}}]},"product_brand":"Ecom","product_price_amount":"273.99","product_price_currency":"EUR","og_availability":"instock","product_availability":"instock","product_condition":"new"},"_links":{"self":[{"href":"https:\/\/alegerglobal.com\/fr\/wp-json\/wp\/v2\/product\/30015","targetHints":{"allow":["GET"]}}],"collection":[{"href":"https:\/\/alegerglobal.com\/fr\/wp-json\/wp\/v2\/product"}],"about":[{"href":"https:\/\/alegerglobal.com\/fr\/wp-json\/wp\/v2\/types\/product"}],"replies":[{"embeddable":true,"href":"https:\/\/alegerglobal.com\/fr\/wp-json\/wp\/v2\/comments?post=30015"}],"version-history":[{"count":1,"href":"https:\/\/alegerglobal.com\/fr\/wp-json\/wp\/v2\/product\/30015\/revisions"}],"predecessor-version":[{"id":30018,"href":"https:\/\/alegerglobal.com\/fr\/wp-json\/wp\/v2\/product\/30015\/revisions\/30018"}],"wp:featuredmedia":[{"embeddable":true,"href":"https:\/\/alegerglobal.com\/fr\/wp-json\/wp\/v2\/media\/14593"}],"wp:attachment":[{"href":"https:\/\/alegerglobal.com\/fr\/wp-json\/wp\/v2\/media?parent=30015"}],"wp:term":[{"taxonomy":"product_brand","embeddable":true,"href":"https:\/\/alegerglobal.com\/fr\/wp-json\/wp\/v2\/product_brand?post=30015"},{"taxonomy":"product_cat","embeddable":true,"href":"https:\/\/alegerglobal.com\/fr\/wp-json\/wp\/v2\/product_cat?post=30015"},{"taxonomy":"product_tag","embeddable":true,"href":"https:\/\/alegerglobal.com\/fr\/wp-json\/wp\/v2\/product_tag?post=30015"}],"curies":[{"name":"wp","href":"https:\/\/api.w.org\/{rel}","templated":true}]}}