{"id":30012,"date":"2019-01-01T05:07:51","date_gmt":"2022-05-12T17:16:33","guid":{"rendered":"https:\/\/alegerglobal.com\/non%20class\u00e9\/vh-tpro-x2-support-pour-vehicule\/"},"modified":"2022-05-12T18:16:36","modified_gmt":"2022-05-12T17:16:36","slug":"vh-tpro-x2-support-pour-vehicule","status":"publish","type":"product","link":"https:\/\/alegerglobal.com\/fr\/shop-fr\/vh-tpro-x2-support-pour-vehicule\/","title":{"rendered":"VH TPRO X2 (support pour v\u00e9hicule)"},"content":{"rendered":"\t\t<div data-elementor-type=\"product-post\" data-elementor-id=\"30012\" class=\"elementor elementor-30012 elementor-5610\" data-elementor-settings=\"{&quot;ha_cmc_init_switcher&quot;:&quot;no&quot;}\" data-elementor-post-type=\"product\">\n\t\t\t\t\t\t<section class=\"elementor-section elementor-top-section elementor-element elementor-element-283c936 elementor-section-boxed elementor-section-height-default elementor-section-height-default\" data-id=\"283c936\" data-element_type=\"section\" data-settings=\"{&quot;jet_parallax_layout_list&quot;:[],&quot;_ha_eqh_enable&quot;:false}\">\n\t\t\t\t\t\t<div class=\"elementor-container elementor-column-gap-default\">\n\t\t\t\t\t<div class=\"elementor-column elementor-col-100 elementor-top-column elementor-element elementor-element-ce2f067\" data-id=\"ce2f067\" data-element_type=\"column\">\n\t\t\t<div class=\"elementor-widget-wrap elementor-element-populated\">\n\t\t\t\t\t\t<div class=\"elementor-element elementor-element-2effe99 elementor-widget elementor-widget-text-editor\" data-id=\"2effe99\" data-element_type=\"widget\" data-widget_type=\"text-editor.default\">\n\t\t\t\t<div class=\"elementor-widget-container\">\n\t\t\t\t\t\t\t\t\t<ul class=\"list\"><li>Convient pour le Tab-Ex\u00ae Pro<\/li><li>D\u00e9coupes pour un acc\u00e8s direct aux boutons, \u00e0 la cam\u00e9ra, au stylet et aux ports<\/li><li>Facile \u00e0 utiliser d&rsquo;une seule main :<ul class=\"list\"><li>Ins\u00e9rer la tablette (face inf\u00e9rieure en premier) dans la station de charge par le haut. exercer une pression sur la partie sup\u00e9rieure de la tablette jusqu&rsquo;\u00e0 ce qu&rsquo;elle s&rsquo;enclenche dans le support<\/li><li>Pousser le bouton de d\u00e9verrouillage vers le haut avec le pouce et retirer la tablette.<\/li><\/ul><\/li><li>Antivol en option<\/li><li>Mod\u00e8le de trous VESA 75mm ; Compatible avec les syst\u00e8mes de support <a class=\"external-link-new-window\" title=\"\u00d6ffnet internen Link im aktuellen Fenster\" href=\"https:\/\/www.zirkona.de\/\" target=\"_blank\" rel=\"noopener\">Zirkona<\/a> <\/li><li>Peut \u00eatre mont\u00e9 sur des surfaces plates et verticales<\/li><li>Construction l\u00e9g\u00e8re : 1,1 lbs (env. 490 g)<\/li><\/ul>\t\t\t\t\t\t\t\t<\/div>\n\t\t\t\t<\/div>\n\t\t\t\t\t<\/div>\n\t\t<\/div>\n\t\t\t\t\t<\/div>\n\t\t<\/section>\n\t\t\t\t<\/div>\n\t\t","protected":false},"excerpt":{"rendered":"<p>Le support pour v\u00e9hicule Tab-Ex\u00ae Pro &#8211; sp\u00e9cialement con\u00e7u pour les conducteurs qui attachent de l&rsquo;importance \u00e0 la simplicit\u00e9 d&rsquo;utilisation. M\u00eame avec un poids de seulement 1,1 lbs (environ 490 g), votre tablette est toujours bien fix\u00e9e dans le support et toutes les fonctions peuvent toujours \u00eatre utilis\u00e9es. L&rsquo;appareil photo, le stylet et tous les ports peuvent \u00eatre utilis\u00e9s pendant que votre tablette est solidement fix\u00e9e dans la coque de maintien. Pour une s\u00e9curit\u00e9 accrue, un verrou int\u00e9gr\u00e9 emp\u00eache le retrait de la tablette.<\/p>\n","protected":false},"featured_media":14564,"comment_status":"open","ping_status":"closed","template":"","meta":{"_acf_changed":false},"product_brand":[],"product_cat":[600,601],"product_tag":[],"class_list":{"0":"post-30012","1":"product","2":"type-product","3":"status-publish","4":"has-post-thumbnail","6":"product_cat-accessoires","7":"product_cat-shop-fr","8":"pa_hersteller-ecom-fr","10":"first","11":"instock","12":"taxable","13":"shipping-taxable","14":"purchasable","15":"product-type-simple"},"acf":[],"yoast_head":"<!-- This site is optimized with the Yoast SEO Premium plugin v20.10 (Yoast SEO v24.3) - https:\/\/yoast.com\/wordpress\/plugins\/seo\/ -->\n<title>- ALEGER \u22c6 Augmented Reality<\/title>\n<meta name=\"robots\" content=\"index, follow, max-snippet:-1, max-image-preview:large, max-video-preview:-1\" \/>\n<meta property=\"og:locale\" content=\"fr_FR\" \/>\n<meta property=\"og:type\" content=\"article\" \/>\n<meta property=\"og:title\" content=\"VH TPRO X2 (support pour v\u00e9hicule)\" \/>\n<meta property=\"og:description\" content=\"Le support pour v\u00e9hicule Tab-Ex\u00ae Pro - sp\u00e9cialement con\u00e7u pour les conducteurs qui attachent de l&#039;importance \u00e0 la simplicit\u00e9 d&#039;utilisation. M\u00eame avec un poids de seulement 1,1 lbs (environ 490 g), votre tablette est toujours bien fix\u00e9e dans le support et toutes les fonctions peuvent toujours \u00eatre utilis\u00e9es. L&#039;appareil photo, le stylet et tous les ports peuvent \u00eatre utilis\u00e9s pendant que votre tablette est solidement fix\u00e9e dans la coque de maintien. Pour une s\u00e9curit\u00e9 accrue, un verrou int\u00e9gr\u00e9 emp\u00eache le retrait de la tablette.\" \/>\n<meta property=\"og:url\" content=\"https:\/\/alegerglobal.com\/fr\/shop-fr\/vh-tpro-x2-support-pour-vehicule\/\" \/>\n<meta property=\"og:site_name\" content=\"ALEGER \u22c6 Augmented Reality\" \/>\n<meta property=\"article:modified_time\" content=\"2022-05-12T17:16:36+00:00\" \/>\n<meta property=\"og:image\" content=\"https:\/\/alegerglobal.com\/wp-content\/uploads\/2019\/01\/Unbenannt-11.jpg\" \/>\n\t<meta property=\"og:image:width\" content=\"800\" \/>\n\t<meta property=\"og:image:height\" content=\"800\" \/>\n\t<meta property=\"og:image:type\" content=\"image\/jpeg\" \/>\n<meta name=\"twitter:card\" content=\"summary_large_image\" \/>\n<meta name=\"twitter:label1\" content=\"Prix\" \/>\n\t<meta name=\"twitter:data1\" content=\"&euro;161,99\" \/>\n\t<meta name=\"twitter:label2\" content=\"Disponibilit\u00e9\" \/>\n\t<meta name=\"twitter:data2\" content=\"En stock\" \/>\n<script type=\"application\/ld+json\" class=\"yoast-schema-graph\">{\"@context\":\"https:\/\/schema.org\",\"@graph\":[{\"@type\":\"WebPage\",\"@id\":\"https:\/\/alegerglobal.com\/fr\/shop-fr\/vh-tpro-x2-support-pour-vehicule\/\",\"url\":\"https:\/\/alegerglobal.com\/fr\/shop-fr\/vh-tpro-x2-support-pour-vehicule\/\",\"name\":\"- ALEGER \u22c6 Augmented Reality\",\"isPartOf\":{\"@id\":\"https:\/\/alegerglobal.com\/fr\/#website\"},\"primaryImageOfPage\":{\"@id\":\"https:\/\/alegerglobal.com\/fr\/shop-fr\/vh-tpro-x2-support-pour-vehicule\/#primaryimage\"},\"image\":{\"@id\":\"https:\/\/alegerglobal.com\/fr\/shop-fr\/vh-tpro-x2-support-pour-vehicule\/#primaryimage\"},\"thumbnailUrl\":\"https:\/\/alegerglobal.com\/wp-content\/uploads\/2019\/01\/Unbenannt-11.jpg\",\"datePublished\":\"2022-05-12T17:16:33+00:00\",\"dateModified\":\"2022-05-12T17:16:36+00:00\",\"breadcrumb\":{\"@id\":\"https:\/\/alegerglobal.com\/fr\/shop-fr\/vh-tpro-x2-support-pour-vehicule\/#breadcrumb\"},\"inLanguage\":\"fr-FR\",\"potentialAction\":[{\"@type\":\"ReadAction\",\"target\":[\"https:\/\/alegerglobal.com\/fr\/shop-fr\/vh-tpro-x2-support-pour-vehicule\/\"]}]},{\"@type\":\"ImageObject\",\"inLanguage\":\"fr-FR\",\"@id\":\"https:\/\/alegerglobal.com\/fr\/shop-fr\/vh-tpro-x2-support-pour-vehicule\/#primaryimage\",\"url\":\"https:\/\/alegerglobal.com\/wp-content\/uploads\/2019\/01\/Unbenannt-11.jpg\",\"contentUrl\":\"https:\/\/alegerglobal.com\/wp-content\/uploads\/2019\/01\/Unbenannt-11.jpg\",\"width\":800,\"height\":800},{\"@type\":\"BreadcrumbList\",\"@id\":\"https:\/\/alegerglobal.com\/fr\/shop-fr\/vh-tpro-x2-support-pour-vehicule\/#breadcrumb\",\"itemListElement\":[{\"@type\":\"ListItem\",\"position\":1,\"name\":\"Home\",\"item\":\"https:\/\/alegerglobal.com\/fr\/new-page-daccueil\/\"},{\"@type\":\"ListItem\",\"position\":2,\"name\":\"Produits\",\"item\":\"https:\/\/alegerglobal.com\/fr\/produits\/\"},{\"@type\":\"ListItem\",\"position\":3,\"name\":\"VH TPRO X2 (support pour v\u00e9hicule)\"}]},{\"@type\":\"WebSite\",\"@id\":\"https:\/\/alegerglobal.com\/fr\/#website\",\"url\":\"https:\/\/alegerglobal.com\/fr\/\",\"name\":\"ALEGER \u22c6 Augmented Reality\",\"description\":\"Die besten Augmented Reality (AR) L\u00f6sungen der Welt.\",\"publisher\":{\"@id\":\"https:\/\/alegerglobal.com\/fr\/#organization\"},\"potentialAction\":[{\"@type\":\"SearchAction\",\"target\":{\"@type\":\"EntryPoint\",\"urlTemplate\":\"https:\/\/alegerglobal.com\/fr\/?s={search_term_string}\"},\"query-input\":{\"@type\":\"PropertyValueSpecification\",\"valueRequired\":true,\"valueName\":\"search_term_string\"}}],\"inLanguage\":\"fr-FR\"},{\"@type\":\"Organization\",\"@id\":\"https:\/\/alegerglobal.com\/fr\/#organization\",\"name\":\"ALEGER \u22c6 Augmented Reality\",\"url\":\"https:\/\/alegerglobal.com\/fr\/\",\"logo\":{\"@type\":\"ImageObject\",\"inLanguage\":\"fr-FR\",\"@id\":\"https:\/\/alegerglobal.com\/fr\/#\/schema\/logo\/image\/\",\"url\":\"https:\/\/alegerglobal.com\/wp-content\/uploads\/2020\/12\/aleger-logo-quadrat.jpg\",\"contentUrl\":\"https:\/\/alegerglobal.com\/wp-content\/uploads\/2020\/12\/aleger-logo-quadrat.jpg\",\"width\":200,\"height\":176,\"caption\":\"ALEGER \u22c6 Augmented Reality\"},\"image\":{\"@id\":\"https:\/\/alegerglobal.com\/fr\/#\/schema\/logo\/image\/\"}}]}<\/script>\n<meta property=\"product:brand\" content=\"Ecom\" \/>\n<meta property=\"product:price:amount\" content=\"161.99\" \/>\n<meta property=\"product:price:currency\" content=\"EUR\" \/>\n<meta property=\"og:availability\" content=\"instock\" \/>\n<meta property=\"product:availability\" content=\"instock\" \/>\n<meta property=\"product:condition\" content=\"new\" \/>\n<!-- \/ Yoast SEO Premium plugin. -->","yoast_head_json":{"title":"- ALEGER \u22c6 Augmented Reality","robots":{"index":"index","follow":"follow","max-snippet":"max-snippet:-1","max-image-preview":"max-image-preview:large","max-video-preview":"max-video-preview:-1"},"og_locale":"fr_FR","og_type":"article","og_title":"VH TPRO X2 (support pour v\u00e9hicule)","og_description":"Le support pour v\u00e9hicule Tab-Ex\u00ae Pro - sp\u00e9cialement con\u00e7u pour les conducteurs qui attachent de l'importance \u00e0 la simplicit\u00e9 d'utilisation. M\u00eame avec un poids de seulement 1,1 lbs (environ 490 g), votre tablette est toujours bien fix\u00e9e dans le support et toutes les fonctions peuvent toujours \u00eatre utilis\u00e9es. L'appareil photo, le stylet et tous les ports peuvent \u00eatre utilis\u00e9s pendant que votre tablette est solidement fix\u00e9e dans la coque de maintien. Pour une s\u00e9curit\u00e9 accrue, un verrou int\u00e9gr\u00e9 emp\u00eache le retrait de la tablette.","og_url":"https:\/\/alegerglobal.com\/fr\/shop-fr\/vh-tpro-x2-support-pour-vehicule\/","og_site_name":"ALEGER \u22c6 Augmented Reality","article_modified_time":"2022-05-12T17:16:36+00:00","og_image":[{"width":800,"height":800,"url":"https:\/\/alegerglobal.com\/wp-content\/uploads\/2019\/01\/Unbenannt-11.jpg","type":"image\/jpeg"}],"twitter_card":"summary_large_image","twitter_misc":{"Prix":"&euro;161,99","Disponibilit\u00e9":"En stock"},"schema":{"@context":"https:\/\/schema.org","@graph":[{"@type":"WebPage","@id":"https:\/\/alegerglobal.com\/fr\/shop-fr\/vh-tpro-x2-support-pour-vehicule\/","url":"https:\/\/alegerglobal.com\/fr\/shop-fr\/vh-tpro-x2-support-pour-vehicule\/","name":"- ALEGER \u22c6 Augmented Reality","isPartOf":{"@id":"https:\/\/alegerglobal.com\/fr\/#website"},"primaryImageOfPage":{"@id":"https:\/\/alegerglobal.com\/fr\/shop-fr\/vh-tpro-x2-support-pour-vehicule\/#primaryimage"},"image":{"@id":"https:\/\/alegerglobal.com\/fr\/shop-fr\/vh-tpro-x2-support-pour-vehicule\/#primaryimage"},"thumbnailUrl":"https:\/\/alegerglobal.com\/wp-content\/uploads\/2019\/01\/Unbenannt-11.jpg","datePublished":"2022-05-12T17:16:33+00:00","dateModified":"2022-05-12T17:16:36+00:00","breadcrumb":{"@id":"https:\/\/alegerglobal.com\/fr\/shop-fr\/vh-tpro-x2-support-pour-vehicule\/#breadcrumb"},"inLanguage":"fr-FR","potentialAction":[{"@type":"ReadAction","target":["https:\/\/alegerglobal.com\/fr\/shop-fr\/vh-tpro-x2-support-pour-vehicule\/"]}]},{"@type":"ImageObject","inLanguage":"fr-FR","@id":"https:\/\/alegerglobal.com\/fr\/shop-fr\/vh-tpro-x2-support-pour-vehicule\/#primaryimage","url":"https:\/\/alegerglobal.com\/wp-content\/uploads\/2019\/01\/Unbenannt-11.jpg","contentUrl":"https:\/\/alegerglobal.com\/wp-content\/uploads\/2019\/01\/Unbenannt-11.jpg","width":800,"height":800},{"@type":"BreadcrumbList","@id":"https:\/\/alegerglobal.com\/fr\/shop-fr\/vh-tpro-x2-support-pour-vehicule\/#breadcrumb","itemListElement":[{"@type":"ListItem","position":1,"name":"Home","item":"https:\/\/alegerglobal.com\/fr\/new-page-daccueil\/"},{"@type":"ListItem","position":2,"name":"Produits","item":"https:\/\/alegerglobal.com\/fr\/produits\/"},{"@type":"ListItem","position":3,"name":"VH TPRO X2 (support pour v\u00e9hicule)"}]},{"@type":"WebSite","@id":"https:\/\/alegerglobal.com\/fr\/#website","url":"https:\/\/alegerglobal.com\/fr\/","name":"ALEGER \u22c6 Augmented Reality","description":"Die besten Augmented Reality (AR) L\u00f6sungen der Welt.","publisher":{"@id":"https:\/\/alegerglobal.com\/fr\/#organization"},"potentialAction":[{"@type":"SearchAction","target":{"@type":"EntryPoint","urlTemplate":"https:\/\/alegerglobal.com\/fr\/?s={search_term_string}"},"query-input":{"@type":"PropertyValueSpecification","valueRequired":true,"valueName":"search_term_string"}}],"inLanguage":"fr-FR"},{"@type":"Organization","@id":"https:\/\/alegerglobal.com\/fr\/#organization","name":"ALEGER \u22c6 Augmented Reality","url":"https:\/\/alegerglobal.com\/fr\/","logo":{"@type":"ImageObject","inLanguage":"fr-FR","@id":"https:\/\/alegerglobal.com\/fr\/#\/schema\/logo\/image\/","url":"https:\/\/alegerglobal.com\/wp-content\/uploads\/2020\/12\/aleger-logo-quadrat.jpg","contentUrl":"https:\/\/alegerglobal.com\/wp-content\/uploads\/2020\/12\/aleger-logo-quadrat.jpg","width":200,"height":176,"caption":"ALEGER \u22c6 Augmented Reality"},"image":{"@id":"https:\/\/alegerglobal.com\/fr\/#\/schema\/logo\/image\/"}}]},"product_brand":"Ecom","product_price_amount":"161.99","product_price_currency":"EUR","og_availability":"instock","product_availability":"instock","product_condition":"new"},"_links":{"self":[{"href":"https:\/\/alegerglobal.com\/fr\/wp-json\/wp\/v2\/product\/30012","targetHints":{"allow":["GET"]}}],"collection":[{"href":"https:\/\/alegerglobal.com\/fr\/wp-json\/wp\/v2\/product"}],"about":[{"href":"https:\/\/alegerglobal.com\/fr\/wp-json\/wp\/v2\/types\/product"}],"replies":[{"embeddable":true,"href":"https:\/\/alegerglobal.com\/fr\/wp-json\/wp\/v2\/comments?post=30012"}],"version-history":[{"count":1,"href":"https:\/\/alegerglobal.com\/fr\/wp-json\/wp\/v2\/product\/30012\/revisions"}],"predecessor-version":[{"id":30016,"href":"https:\/\/alegerglobal.com\/fr\/wp-json\/wp\/v2\/product\/30012\/revisions\/30016"}],"wp:featuredmedia":[{"embeddable":true,"href":"https:\/\/alegerglobal.com\/fr\/wp-json\/wp\/v2\/media\/14564"}],"wp:attachment":[{"href":"https:\/\/alegerglobal.com\/fr\/wp-json\/wp\/v2\/media?parent=30012"}],"wp:term":[{"taxonomy":"product_brand","embeddable":true,"href":"https:\/\/alegerglobal.com\/fr\/wp-json\/wp\/v2\/product_brand?post=30012"},{"taxonomy":"product_cat","embeddable":true,"href":"https:\/\/alegerglobal.com\/fr\/wp-json\/wp\/v2\/product_cat?post=30012"},{"taxonomy":"product_tag","embeddable":true,"href":"https:\/\/alegerglobal.com\/fr\/wp-json\/wp\/v2\/product_tag?post=30012"}],"curies":[{"name":"wp","href":"https:\/\/api.w.org\/{rel}","templated":true}]}}