{"id":29954,"date":"2025-09-15T15:09:07","date_gmt":"2022-05-12T16:56:21","guid":{"rendered":"https:\/\/alegerglobal.com\/non%20class\u00e9\/getac-zx70-ex-tablette-antideflagrante-atex-zone-2-ecran-7-pouces-android-9-ip67-mil-std-810h\/"},"modified":"2026-03-25T17:15:10","modified_gmt":"2026-03-25T16:15:10","slug":"getac-zx70-ex-2","status":"publish","type":"product","link":"https:\/\/alegerglobal.com\/fr\/informatique-mobile\/getac-zx70-ex-2\/","title":{"rendered":"GETAC ZX70-EX, tablette antid\u00e9flagrante, ATEX zone 2, \u00e9cran 7 pouces, Android 9, IP67, MIL-STD 810H"},"content":{"rendered":"","protected":false},"excerpt":{"rendered":"<ul>\n<li><b>Tablette durcie Atex Zone 2<\/b><\/li>\n<li><b>Syst\u00e8me d&rsquo;exploitation moderne :<\/b><span style=\"font-weight: 400;\"> Android 9<\/span><\/li>\n<li><b>Travailler confortablement par tous les temps :<\/b><span style=\"font-weight: 400;\"> \u00c9cran IPS anti-reflet de 7 pouces (env. 18 cm) et 580 Nits<\/span><\/li>\n<li><b>Stocker des donn\u00e9es sans probl\u00e8me :<\/b><span style=\"font-weight: 400;\"> 64 Go de m\u00e9moire int\u00e9gr\u00e9e<\/span><\/li>\n<li><b>Facile \u00e0 utiliser :<\/b><span style=\"font-weight: 400;\"> 5 boutons programmables<\/span><\/li>\n<li><b>Bluetooth 4<\/b><\/li>\n<li><b>Bien \u00e9quip\u00e9 pour les r\u00e9unions virtuelles :<\/b><span style=\"font-weight: 400;\"> Cam\u00e9ra 2 MP \u00e0 l&rsquo;avant pour les vid\u00e9oconf\u00e9rences et les appels t\u00e9l\u00e9phoniques<\/span><\/li>\n<li><b>Longue dur\u00e9e d&rsquo;utilisation sans batterie de rechange ni recharge :<\/b><span style=\"font-weight: 400;\"> batterie int\u00e9gr\u00e9e de 8480 mAh<\/span><\/li>\n<li><b>Faible co\u00fbt total de possession : <\/b><span style=\"font-weight: 400;\">36 mois de garantie bumper-to bumper<\/span><\/li>\n<\/ul>\n<ul>\n<li style=\"list-style-type: none;\">\n<\/li>\n<\/ul>\n","protected":false},"featured_media":14813,"comment_status":"open","ping_status":"closed","template":"","meta":{"_acf_changed":false},"product_brand":[],"product_cat":[621,2635],"product_tag":[],"class_list":{"0":"post-29954","1":"product","2":"type-product","3":"status-publish","4":"has-post-thumbnail","6":"product_cat-atex-fr","7":"product_cat-informatique-mobile","8":"pa_hersteller-getac-fr","10":"first","11":"instock","12":"taxable","13":"shipping-taxable","14":"purchasable","15":"product-type-simple"},"acf":[],"yoast_head":"<!-- This site is optimized with the Yoast SEO Premium plugin v20.10 (Yoast SEO v24.3) - https:\/\/yoast.com\/wordpress\/plugins\/seo\/ -->\n<title>Acheter le GETAC ZX70-EX - ALEGER \u22c6 Augmented Reality<\/title>\n<meta name=\"description\" content=\"D\u00e9couvrez ici la tablette robuste ZX70-EX pour une utilisation en zone ATEX 2 ! La tablette robuste est certifi\u00e9e IP67 !\" \/>\n<meta name=\"robots\" content=\"index, follow, max-snippet:-1, max-image-preview:large, max-video-preview:-1\" \/>\n<meta property=\"og:locale\" content=\"fr_FR\" \/>\n<meta property=\"og:type\" content=\"article\" \/>\n<meta property=\"og:title\" content=\"GETAC ZX70-EX, tablette antid\u00e9flagrante, ATEX zone 2, \u00e9cran 7 pouces, Android 9, IP67, MIL-STD 810H\" \/>\n<meta property=\"og:description\" content=\"D\u00e9couvrez ici la tablette robuste ZX70-EX pour une utilisation en zone ATEX 2 ! La tablette robuste est certifi\u00e9e IP67 !\" \/>\n<meta property=\"og:url\" content=\"https:\/\/alegerglobal.com\/fr\/informatique-mobile\/getac-zx70-ex-2\/\" \/>\n<meta property=\"og:site_name\" content=\"ALEGER \u22c6 Augmented Reality\" \/>\n<meta property=\"article:modified_time\" content=\"2026-03-25T16:15:10+00:00\" \/>\n<meta property=\"og:image\" content=\"https:\/\/alegerglobal.com\/wp-content\/uploads\/2021\/03\/Unbenannt-28.jpg\" \/>\n\t<meta property=\"og:image:width\" content=\"800\" \/>\n\t<meta property=\"og:image:height\" content=\"800\" \/>\n\t<meta property=\"og:image:type\" content=\"image\/jpeg\" \/>\n<meta name=\"twitter:card\" content=\"summary_large_image\" \/>\n<meta name=\"twitter:label1\" content=\"Prix\" \/>\n\t<meta name=\"twitter:data1\" content=\"&euro;2.168,99\" \/>\n\t<meta name=\"twitter:label2\" content=\"Disponibilit\u00e9\" \/>\n\t<meta name=\"twitter:data2\" content=\"En stock\" \/>\n<script type=\"application\/ld+json\" class=\"yoast-schema-graph\">{\"@context\":\"https:\/\/schema.org\",\"@graph\":[{\"@type\":\"WebPage\",\"@id\":\"https:\/\/alegerglobal.com\/fr\/informatique-mobile\/getac-zx70-ex-2\/\",\"url\":\"https:\/\/alegerglobal.com\/fr\/informatique-mobile\/getac-zx70-ex-2\/\",\"name\":\"Acheter le GETAC ZX70-EX - ALEGER \u22c6 Augmented Reality\",\"isPartOf\":{\"@id\":\"https:\/\/alegerglobal.com\/fr\/#website\"},\"primaryImageOfPage\":{\"@id\":\"https:\/\/alegerglobal.com\/fr\/informatique-mobile\/getac-zx70-ex-2\/#primaryimage\"},\"image\":{\"@id\":\"https:\/\/alegerglobal.com\/fr\/informatique-mobile\/getac-zx70-ex-2\/#primaryimage\"},\"thumbnailUrl\":\"https:\/\/alegerglobal.com\/wp-content\/uploads\/2021\/03\/Unbenannt-28.jpg\",\"datePublished\":\"2022-05-12T16:56:21+00:00\",\"dateModified\":\"2026-03-25T16:15:10+00:00\",\"description\":\"D\u00e9couvrez ici la tablette robuste ZX70-EX pour une utilisation en zone ATEX 2 ! La tablette robuste est certifi\u00e9e IP67 !\",\"breadcrumb\":{\"@id\":\"https:\/\/alegerglobal.com\/fr\/informatique-mobile\/getac-zx70-ex-2\/#breadcrumb\"},\"inLanguage\":\"fr-FR\",\"potentialAction\":[{\"@type\":\"ReadAction\",\"target\":[\"https:\/\/alegerglobal.com\/fr\/informatique-mobile\/getac-zx70-ex-2\/\"]}]},{\"@type\":\"ImageObject\",\"inLanguage\":\"fr-FR\",\"@id\":\"https:\/\/alegerglobal.com\/fr\/informatique-mobile\/getac-zx70-ex-2\/#primaryimage\",\"url\":\"https:\/\/alegerglobal.com\/wp-content\/uploads\/2021\/03\/Unbenannt-28.jpg\",\"contentUrl\":\"https:\/\/alegerglobal.com\/wp-content\/uploads\/2021\/03\/Unbenannt-28.jpg\",\"width\":800,\"height\":800},{\"@type\":\"BreadcrumbList\",\"@id\":\"https:\/\/alegerglobal.com\/fr\/informatique-mobile\/getac-zx70-ex-2\/#breadcrumb\",\"itemListElement\":[{\"@type\":\"ListItem\",\"position\":1,\"name\":\"Home\",\"item\":\"https:\/\/alegerglobal.com\/fr\/new-page-daccueil\/\"},{\"@type\":\"ListItem\",\"position\":2,\"name\":\"Produits\",\"item\":\"https:\/\/alegerglobal.com\/fr\/produits\/\"},{\"@type\":\"ListItem\",\"position\":3,\"name\":\"GETAC ZX70-EX, tablette antid\u00e9flagrante, ATEX zone 2, \u00e9cran 7 pouces, Android 9, IP67, MIL-STD 810H\"}]},{\"@type\":\"WebSite\",\"@id\":\"https:\/\/alegerglobal.com\/fr\/#website\",\"url\":\"https:\/\/alegerglobal.com\/fr\/\",\"name\":\"ALEGER \u22c6 Augmented Reality\",\"description\":\"Die besten Augmented Reality (AR) L\u00f6sungen der Welt.\",\"publisher\":{\"@id\":\"https:\/\/alegerglobal.com\/fr\/#organization\"},\"potentialAction\":[{\"@type\":\"SearchAction\",\"target\":{\"@type\":\"EntryPoint\",\"urlTemplate\":\"https:\/\/alegerglobal.com\/fr\/?s={search_term_string}\"},\"query-input\":{\"@type\":\"PropertyValueSpecification\",\"valueRequired\":true,\"valueName\":\"search_term_string\"}}],\"inLanguage\":\"fr-FR\"},{\"@type\":\"Organization\",\"@id\":\"https:\/\/alegerglobal.com\/fr\/#organization\",\"name\":\"ALEGER \u22c6 Augmented Reality\",\"url\":\"https:\/\/alegerglobal.com\/fr\/\",\"logo\":{\"@type\":\"ImageObject\",\"inLanguage\":\"fr-FR\",\"@id\":\"https:\/\/alegerglobal.com\/fr\/#\/schema\/logo\/image\/\",\"url\":\"https:\/\/alegerglobal.com\/wp-content\/uploads\/2020\/12\/aleger-logo-quadrat.jpg\",\"contentUrl\":\"https:\/\/alegerglobal.com\/wp-content\/uploads\/2020\/12\/aleger-logo-quadrat.jpg\",\"width\":200,\"height\":176,\"caption\":\"ALEGER \u22c6 Augmented Reality\"},\"image\":{\"@id\":\"https:\/\/alegerglobal.com\/fr\/#\/schema\/logo\/image\/\"}}]}<\/script>\n<meta property=\"product:brand\" content=\"Getac\" \/>\n<meta property=\"product:price:amount\" content=\"2168.99\" \/>\n<meta property=\"product:price:currency\" content=\"EUR\" \/>\n<meta property=\"og:availability\" content=\"instock\" \/>\n<meta property=\"product:availability\" content=\"instock\" \/>\n<meta property=\"product:condition\" content=\"new\" \/>\n<!-- \/ Yoast SEO Premium plugin. -->","yoast_head_json":{"title":"Acheter le GETAC ZX70-EX - ALEGER \u22c6 Augmented Reality","description":"D\u00e9couvrez ici la tablette robuste ZX70-EX pour une utilisation en zone ATEX 2 ! La tablette robuste est certifi\u00e9e IP67 !","robots":{"index":"index","follow":"follow","max-snippet":"max-snippet:-1","max-image-preview":"max-image-preview:large","max-video-preview":"max-video-preview:-1"},"og_locale":"fr_FR","og_type":"article","og_title":"GETAC ZX70-EX, tablette antid\u00e9flagrante, ATEX zone 2, \u00e9cran 7 pouces, Android 9, IP67, MIL-STD 810H","og_description":"D\u00e9couvrez ici la tablette robuste ZX70-EX pour une utilisation en zone ATEX 2 ! La tablette robuste est certifi\u00e9e IP67 !","og_url":"https:\/\/alegerglobal.com\/fr\/informatique-mobile\/getac-zx70-ex-2\/","og_site_name":"ALEGER \u22c6 Augmented Reality","article_modified_time":"2026-03-25T16:15:10+00:00","og_image":[{"width":800,"height":800,"url":"https:\/\/alegerglobal.com\/wp-content\/uploads\/2021\/03\/Unbenannt-28.jpg","type":"image\/jpeg"}],"twitter_card":"summary_large_image","twitter_misc":{"Prix":"&euro;2.168,99","Disponibilit\u00e9":"En stock"},"schema":{"@context":"https:\/\/schema.org","@graph":[{"@type":"WebPage","@id":"https:\/\/alegerglobal.com\/fr\/informatique-mobile\/getac-zx70-ex-2\/","url":"https:\/\/alegerglobal.com\/fr\/informatique-mobile\/getac-zx70-ex-2\/","name":"Acheter le GETAC ZX70-EX - ALEGER \u22c6 Augmented Reality","isPartOf":{"@id":"https:\/\/alegerglobal.com\/fr\/#website"},"primaryImageOfPage":{"@id":"https:\/\/alegerglobal.com\/fr\/informatique-mobile\/getac-zx70-ex-2\/#primaryimage"},"image":{"@id":"https:\/\/alegerglobal.com\/fr\/informatique-mobile\/getac-zx70-ex-2\/#primaryimage"},"thumbnailUrl":"https:\/\/alegerglobal.com\/wp-content\/uploads\/2021\/03\/Unbenannt-28.jpg","datePublished":"2022-05-12T16:56:21+00:00","dateModified":"2026-03-25T16:15:10+00:00","description":"D\u00e9couvrez ici la tablette robuste ZX70-EX pour une utilisation en zone ATEX 2 ! La tablette robuste est certifi\u00e9e IP67 !","breadcrumb":{"@id":"https:\/\/alegerglobal.com\/fr\/informatique-mobile\/getac-zx70-ex-2\/#breadcrumb"},"inLanguage":"fr-FR","potentialAction":[{"@type":"ReadAction","target":["https:\/\/alegerglobal.com\/fr\/informatique-mobile\/getac-zx70-ex-2\/"]}]},{"@type":"ImageObject","inLanguage":"fr-FR","@id":"https:\/\/alegerglobal.com\/fr\/informatique-mobile\/getac-zx70-ex-2\/#primaryimage","url":"https:\/\/alegerglobal.com\/wp-content\/uploads\/2021\/03\/Unbenannt-28.jpg","contentUrl":"https:\/\/alegerglobal.com\/wp-content\/uploads\/2021\/03\/Unbenannt-28.jpg","width":800,"height":800},{"@type":"BreadcrumbList","@id":"https:\/\/alegerglobal.com\/fr\/informatique-mobile\/getac-zx70-ex-2\/#breadcrumb","itemListElement":[{"@type":"ListItem","position":1,"name":"Home","item":"https:\/\/alegerglobal.com\/fr\/new-page-daccueil\/"},{"@type":"ListItem","position":2,"name":"Produits","item":"https:\/\/alegerglobal.com\/fr\/produits\/"},{"@type":"ListItem","position":3,"name":"GETAC ZX70-EX, tablette antid\u00e9flagrante, ATEX zone 2, \u00e9cran 7 pouces, Android 9, IP67, MIL-STD 810H"}]},{"@type":"WebSite","@id":"https:\/\/alegerglobal.com\/fr\/#website","url":"https:\/\/alegerglobal.com\/fr\/","name":"ALEGER \u22c6 Augmented Reality","description":"Die besten Augmented Reality (AR) L\u00f6sungen der Welt.","publisher":{"@id":"https:\/\/alegerglobal.com\/fr\/#organization"},"potentialAction":[{"@type":"SearchAction","target":{"@type":"EntryPoint","urlTemplate":"https:\/\/alegerglobal.com\/fr\/?s={search_term_string}"},"query-input":{"@type":"PropertyValueSpecification","valueRequired":true,"valueName":"search_term_string"}}],"inLanguage":"fr-FR"},{"@type":"Organization","@id":"https:\/\/alegerglobal.com\/fr\/#organization","name":"ALEGER \u22c6 Augmented Reality","url":"https:\/\/alegerglobal.com\/fr\/","logo":{"@type":"ImageObject","inLanguage":"fr-FR","@id":"https:\/\/alegerglobal.com\/fr\/#\/schema\/logo\/image\/","url":"https:\/\/alegerglobal.com\/wp-content\/uploads\/2020\/12\/aleger-logo-quadrat.jpg","contentUrl":"https:\/\/alegerglobal.com\/wp-content\/uploads\/2020\/12\/aleger-logo-quadrat.jpg","width":200,"height":176,"caption":"ALEGER \u22c6 Augmented Reality"},"image":{"@id":"https:\/\/alegerglobal.com\/fr\/#\/schema\/logo\/image\/"}}]},"product_brand":"Getac","product_price_amount":"2168.99","product_price_currency":"EUR","og_availability":"instock","product_availability":"instock","product_condition":"new"},"_links":{"self":[{"href":"https:\/\/alegerglobal.com\/fr\/wp-json\/wp\/v2\/product\/29954","targetHints":{"allow":["GET"]}}],"collection":[{"href":"https:\/\/alegerglobal.com\/fr\/wp-json\/wp\/v2\/product"}],"about":[{"href":"https:\/\/alegerglobal.com\/fr\/wp-json\/wp\/v2\/types\/product"}],"replies":[{"embeddable":true,"href":"https:\/\/alegerglobal.com\/fr\/wp-json\/wp\/v2\/comments?post=29954"}],"version-history":[{"count":1,"href":"https:\/\/alegerglobal.com\/fr\/wp-json\/wp\/v2\/product\/29954\/revisions"}],"predecessor-version":[{"id":54071,"href":"https:\/\/alegerglobal.com\/fr\/wp-json\/wp\/v2\/product\/29954\/revisions\/54071"}],"wp:featuredmedia":[{"embeddable":true,"href":"https:\/\/alegerglobal.com\/fr\/wp-json\/wp\/v2\/media\/14813"}],"wp:attachment":[{"href":"https:\/\/alegerglobal.com\/fr\/wp-json\/wp\/v2\/media?parent=29954"}],"wp:term":[{"taxonomy":"product_brand","embeddable":true,"href":"https:\/\/alegerglobal.com\/fr\/wp-json\/wp\/v2\/product_brand?post=29954"},{"taxonomy":"product_cat","embeddable":true,"href":"https:\/\/alegerglobal.com\/fr\/wp-json\/wp\/v2\/product_cat?post=29954"},{"taxonomy":"product_tag","embeddable":true,"href":"https:\/\/alegerglobal.com\/fr\/wp-json\/wp\/v2\/product_tag?post=29954"}],"curies":[{"name":"wp","href":"https:\/\/api.w.org\/{rel}","templated":true}]}}