{"id":52277,"date":"2026-02-16T18:34:07","date_gmt":"2026-02-16T17:34:07","guid":{"rendered":"https:\/\/alegerglobal.com\/declaration-de-confidentialite\/"},"modified":"2026-02-16T18:34:10","modified_gmt":"2026-02-16T17:34:10","slug":"declaration-de-confidentialite","status":"publish","type":"page","link":"https:\/\/alegerglobal.com\/fr\/declaration-de-confidentialite\/","title":{"rendered":"D\u00e9claration de confidentialit\u00e9"},"content":{"rendered":"\t\t<div data-elementor-type=\"wp-page\" data-elementor-id=\"52277\" class=\"elementor elementor-52277 elementor-2324\" data-elementor-settings=\"{&quot;ha_cmc_init_switcher&quot;:&quot;no&quot;}\" data-elementor-post-type=\"page\">\n\t\t\t\t\t\t<section class=\"elementor-section elementor-top-section elementor-element elementor-element-5df78ad elementor-section-height-min-height elementor-section-stretched elementor-section-boxed elementor-section-height-default elementor-section-items-middle\" data-id=\"5df78ad\" data-element_type=\"section\" data-settings=\"{&quot;stretch_section&quot;:&quot;section-stretched&quot;,&quot;background_background&quot;:&quot;classic&quot;,&quot;jet_parallax_layout_list&quot;:[],&quot;_ha_eqh_enable&quot;:false}\">\n\t\t\t\t\t\t<div class=\"elementor-container elementor-column-gap-default\">\n\t\t\t\t\t<div class=\"elementor-column elementor-col-100 elementor-top-column elementor-element elementor-element-4f7874d\" data-id=\"4f7874d\" data-element_type=\"column\">\n\t\t\t<div class=\"elementor-widget-wrap elementor-element-populated\">\n\t\t\t\t\t\t<div class=\"elementor-element elementor-element-78de4ad elementor-widget elementor-widget-heading\" data-id=\"78de4ad\" data-element_type=\"widget\" data-widget_type=\"heading.default\">\n\t\t\t\t<div class=\"elementor-widget-container\">\n\t\t\t\t\t<h1 class=\"elementor-heading-title elementor-size-default\">D\u00c9CLARATION DE CONFIDENTIALIT\u00c9<\/h1>\t\t\t\t<\/div>\n\t\t\t\t<\/div>\n\t\t\t\t\t<\/div>\n\t\t<\/div>\n\t\t\t\t\t<\/div>\n\t\t<\/section>\n\t\t\t\t<section class=\"elementor-section elementor-top-section elementor-element elementor-element-419406e elementor-section-boxed elementor-section-height-default elementor-section-height-default\" data-id=\"419406e\" data-element_type=\"section\" data-settings=\"{&quot;jet_parallax_layout_list&quot;:[],&quot;_ha_eqh_enable&quot;:false}\">\n\t\t\t\t\t\t<div class=\"elementor-container elementor-column-gap-default\">\n\t\t\t\t\t<div class=\"elementor-column elementor-col-100 elementor-top-column elementor-element elementor-element-f3be6d9\" data-id=\"f3be6d9\" data-element_type=\"column\">\n\t\t\t<div class=\"elementor-widget-wrap elementor-element-populated\">\n\t\t\t\t\t\t<div class=\"elementor-element elementor-element-56b275c elementor-widget elementor-widget-text-editor\" data-id=\"56b275c\" data-element_type=\"widget\" data-widget_type=\"text-editor.default\">\n\t\t\t\t<div class=\"elementor-widget-container\">\n\t\t\t\t\t\t\t\t\t<div class=\"policy-text\">\n<div class=\"wp-suggested-text hide-privacy-policy-tutorial\">\n<h3>Quelles sont les donn\u00e9es personnelles que nous collectons et pourquoi nous les collectons ?<\/h3>\n<h3> <\/h3>\n<h3>Commentaires<\/h3>\n<p>Lorsque les visiteurs \u00e9crivent des commentaires sur le site, nous collectons les donn\u00e9es affich\u00e9es dans le formulaire de commentaire, ainsi que l&rsquo;adresse IP du visiteur et la cha\u00eene de l&rsquo;agent utilisateur (qui permet d&rsquo;identifier le navigateur) afin d&rsquo;aider \u00e0 la d\u00e9tection des spams.<\/p>\n<p>Une cha\u00eene de caract\u00e8res anonymis\u00e9e (\u00e9galement appel\u00e9e hash) peut \u00eatre cr\u00e9\u00e9e \u00e0 partir de votre adresse e-mail et transmise au service Gravatar afin de v\u00e9rifier si vous l&rsquo;utilisez. Vous pouvez consulter la politique de confidentialit\u00e9 du service Gravatar ici : https:\/\/automattic.com\/privacy\/. Une fois que votre commentaire a \u00e9t\u00e9 approuv\u00e9, votre photo de profil est visible publiquement dans le contexte de votre commentaire. <\/p>\n<h3> <\/h3>\n<h3>M\u00e9dias<\/h3>\n<p>Si vous \u00eates un utilisateur enregistr\u00e9 et que vous t\u00e9l\u00e9chargez des photos sur ce site, vous devez \u00e9viter de t\u00e9l\u00e9charger des photos avec une localisation EXIF-GPS. Les visiteurs de ce site pourraient t\u00e9l\u00e9charger des photos stock\u00e9es sur ce site et en extraire les informations de localisation. <\/p>\n<h3> <\/h3>\n<h3>Formulaires de contact Cookies<\/h3>\n<p>Lorsque vous \u00e9crivez un commentaire sur notre site web, cela peut signifier que vous acceptez que votre nom, votre adresse \u00e9lectronique et votre site web soient stock\u00e9s dans des cookies. Il s&rsquo;agit d&rsquo;une fonction de commodit\u00e9 qui vous \u00e9vite de devoir saisir \u00e0 nouveau toutes ces informations lorsque vous \u00e9crivez un autre commentaire. Ces cookies sont conserv\u00e9s pendant un an.  <\/p>\n<p>Si vous avez un compte et que vous vous connectez \u00e0 ce site, nous placerons un cookie temporaire afin de d\u00e9terminer si votre navigateur accepte les cookies. Ce cookie ne contient aucune information personnelle et est d\u00e9truit lorsque vous fermez votre navigateur. <\/p>\n<p>Lorsque vous vous inscrivez, nous installons certains cookies pour stocker vos informations de connexion et vos options d&rsquo;affichage. Les cookies de connexion expirent apr\u00e8s deux jours et les cookies d&rsquo;options d&rsquo;affichage apr\u00e8s un an. Si vous choisissez de \u00ab\u00a0rester connect\u00e9\u00a0\u00bb lors de votre inscription, votre inscription sera maintenue pendant deux semaines. Lorsque vous vous d\u00e9connectez de votre compte, les cookies de connexion sont supprim\u00e9s.   <\/p>\n<p>Lorsque vous modifiez ou publiez un article, un cookie suppl\u00e9mentaire est stock\u00e9 dans votre navigateur. Ce cookie ne contient aucune information personnelle et ne fait r\u00e9f\u00e9rence qu&rsquo;\u00e0 l&rsquo;identifiant de l&rsquo;article que vous venez de modifier. Le cookie expire au bout d&rsquo;un jour.  <\/p>\n<h3> <\/h3>\n<h3>Contenu int\u00e9gr\u00e9 d&rsquo;autres sites web<\/h3>\n<p>Les contributions sur ce site peuvent inclure du contenu int\u00e9gr\u00e9 (par exemple des vid\u00e9os, des images, des articles, etc.). Le contenu int\u00e9gr\u00e9 provenant d&rsquo;autres sites se comporte exactement comme si le visiteur avait visit\u00e9 l&rsquo;autre site. <\/p>\n<p>Ces sites peuvent collecter des informations sur vous, utiliser des cookies, int\u00e9grer des services de suivi suppl\u00e9mentaires de tiers et enregistrer votre interaction avec ce contenu int\u00e9gr\u00e9, y compris votre interaction avec le contenu int\u00e9gr\u00e9 si vous avez un compte et \u00eates connect\u00e9 \u00e0 ce site.<\/p>\n<h3> <\/h3>\n<h3>Services d&rsquo;analyse<\/h3>\n<h2> <\/h2>\n<h2>Avec qui nous partageons vos donn\u00e9es<\/h2>\n<h2>Combien de temps nous conservons vos donn\u00e9es<\/h2>\n<p>Lorsque vous r\u00e9digez un commentaire, celui-ci et ses m\u00e9tadonn\u00e9es sont enregistr\u00e9s pour une dur\u00e9e illimit\u00e9e. De cette fa\u00e7on, nous pouvons d\u00e9tecter et approuver automatiquement les commentaires de suivi au lieu de les garder dans une file d&rsquo;attente de mod\u00e9ration. <\/p>\n<p>Pour les utilisateurs qui s&rsquo;inscrivent sur notre site, nous conservons \u00e9galement les informations personnelles qu&rsquo;ils fournissent dans leur profil d&rsquo;utilisateur. Tous les utilisateurs peuvent \u00e0 tout moment consulter, modifier ou supprimer leurs informations personnelles (le nom d&rsquo;utilisateur ne peut pas \u00eatre modifi\u00e9). Les administrateurs du site peuvent \u00e9galement consulter et modifier ces informations.  <\/p>\n<h2>Quels sont vos droits sur vos donn\u00e9es ?<\/h2>\n<p>Si vous avez un compte sur ce site ou si vous avez post\u00e9 des commentaires, vous pouvez nous demander d&rsquo;exporter vos donn\u00e9es personnelles, y compris toutes les donn\u00e9es que vous nous avez fournies. En outre, vous pouvez demander la suppression de toutes les donn\u00e9es personnelles que nous d\u00e9tenons \u00e0 votre sujet. Cela ne comprend pas les donn\u00e9es que nous devons conserver en raison de n\u00e9cessit\u00e9s administratives, juridiques ou de s\u00e9curit\u00e9.  <\/p>\n<h2> <\/h2>\n<h2>O\u00f9 nous envoyons vos donn\u00e9es<\/h2>\n<p>Les commentaires des visiteurs pourraient \u00eatre examin\u00e9s par un service automatis\u00e9 de d\u00e9tection des spams.<\/p>\n<div class=\"policy-text hide-privacy-policy-tutorial\">\n<div class=\"policy-text\">\n<div class=\"wp-suggested-text hide-privacy-policy-tutorial\">\n<h2> <\/h2>\n<h2>Ce que nous collectons et stockons<\/h2>\n<p>Nous collectons des informations vous concernant lors du processus de commande dans notre boutique.<\/p>\n<p>Pendant que vous visitez notre site, nous enregistrons<\/p>\n<ul>\n<li>Produits consult\u00e9s : Ici, nous vous montrons les produits que vous avez r\u00e9cemment consult\u00e9s.<\/li>\n<li>Localisation, adresse IP et type de navigateur : nous les utilisons \u00e0 des fins telles que l&rsquo;estimation des taxes et des frais d&rsquo;exp\u00e9dition.<\/li>\n<li>Adresse d&rsquo;exp\u00e9dition : Nous vous demanderons de la fournir pour pouvoir, par exemple, d\u00e9terminer les frais de livraison avant de passer une commande et vous l&rsquo;envoyer.<\/li>\n<\/ul>\n<p>Nous utilisons \u00e9galement des cookies pour suivre le contenu de votre panier d&rsquo;achat lorsque vous visitez notre site.<\/p>\n<p>Lorsque vous effectuez un achat chez nous, nous vous demandons de fournir des informations telles que votre nom, votre adresse de facturation et d&rsquo;exp\u00e9dition, votre adresse e-mail et votre num\u00e9ro de t\u00e9l\u00e9phone, les d\u00e9tails de votre carte de cr\u00e9dit\/payment et des informations de compte facultatives telles que votre nom d&rsquo;utilisateur et votre mot de passe. Nous utilisons ces informations pour les raisons suivantes : <\/p>\n<ul>\n<li>Envoi d&rsquo;informations sur votre compte et votre commande<\/li>\n<li>R\u00e9ponse \u00e0 vos demandes, y compris les remboursements et les plaintes<\/li>\n<li>Traitement des op\u00e9rations de paiement et pr\u00e9vention de la fraude<\/li>\n<li>Cr\u00e9ez votre compte pour notre boutique<\/li>\n<li>Respect de toutes les obligations l\u00e9gales, par exemple le calcul des imp\u00f4ts<\/li>\n<li>Am\u00e9liorer les offres de notre boutique<\/li>\n<li>Envoi de messages marketing si vous souhaitez les recevoir<\/li>\n<\/ul>\n<p>Lorsque vous cr\u00e9ez un compte chez nous, nous enregistrons votre nom, votre adresse, votre adresse \u00e9lectronique et votre num\u00e9ro de t\u00e9l\u00e9phone. Ces informations seront utilis\u00e9es pour remplir les informations de paiement lors de vos prochaines commandes. <\/p>\n<p>Nous conservons g\u00e9n\u00e9ralement les informations vous concernant aussi longtemps que nous en avons besoin et que nous sommes tenus de les conserver dans le but de les collecter et de les utiliser. Par exemple, nous conservons les informations de commande pendant XXX ans pour des raisons fiscales et de facturation. Cela inclut votre nom, votre adresse e-mail et votre adresse de facturation et d&rsquo;exp\u00e9dition.  <\/p>\n<p>Nous conservons \u00e9galement les commentaires ou les \u00e9valuations si vous choisissez de les laisser.<\/p>\n<h2> <\/h2>\n<h2>Qui de notre \u00e9quipe a acc\u00e8s<\/h2>\n<p>Les membres de notre \u00e9quipe ont acc\u00e8s aux informations que vous nous fournissez. Par exemple, les administrateurs et les responsables de boutique peuvent acc\u00e9der \u00e0 ce qui suit : <\/p>\n<ul>\n<li>les informations relatives \u00e0 la commande, telles que les produits achet\u00e9s, le moment de l&rsquo;achat et l&rsquo;adresse d&rsquo;exp\u00e9dition, et<\/li>\n<li>des informations sur le client, telles que votre nom, votre adresse \u00e9lectronique, ainsi que des informations sur la facturation et l&rsquo;exp\u00e9dition.<\/li>\n<\/ul>\n<p>Les membres de notre \u00e9quipe ont acc\u00e8s \u00e0 ces informations pour traiter les commandes, effectuer les remboursements et vous aider.<\/p>\n<h3> <\/h3>\n<h3>Paiements<\/h3>\n<p>Nous acceptons les paiements par PayPal. Lors du traitement du paiement, certaines de vos donn\u00e9es sont transmises \u00e0 PayPal. Seules les informations n\u00e9cessaires au traitement ou \u00e0 l&rsquo;ex\u00e9cution du paiement sont transmises, comme le prix d&rsquo;achat total et les informations de paiement.  <\/p>\n<p>Vous pouvez consulter ici la <a href=\"https:\/\/www.paypal.com\/us\/webapps\/mpp\/ua\/privacy-full\">d\u00e9claration de confidentialit\u00e9 de PayPal<\/a>.<\/p>\n<h3> <\/h3>\n<h3>WPML<\/h3>\n<div class=\"policy-text hide-privacy-policy-tutorial\">\n<p>WPML utilise des cookies pour d\u00e9terminer la langue actuelle du visiteur, la derni\u00e8re langue visit\u00e9e et la langue des utilisateurs qui se sont connect\u00e9s.<\/p>\n<p>Lorsque vous utilisez le plug-in, WPML partage les donn\u00e9es relatives au site via l&rsquo;installateur. Aucune donn\u00e9e n&rsquo;est partag\u00e9e par l&rsquo;utilisateur lui-m\u00eame. <\/p>\n<div class=\"policy-text hide-privacy-policy-tutorial\">\n<h3> <\/h3>\n<h3>YouTube<\/h3>\n<p>Notre site web utilise des plugins de YouTube, qui est exploit\u00e9 par Google. L&rsquo;op\u00e9rateur de ces pages est YouTube LLC, 901 Cherry Ave, San Bruno, CA 94066, USA.<\/p>\n<p>Si vous visitez l&rsquo;une de nos pages contenant un plug-in YouTube, une connexion aux serveurs YouTube est \u00e9tablie. Le serveur YouTube est alors inform\u00e9 de la page que vous avez visit\u00e9e. <\/p>\n<p>Si vous \u00eates connect\u00e9 \u00e0 votre compte YouTube, YouTube vous permet d&rsquo;associer votre comportement de navigation directement \u00e0 votre profil personnel. Vous pouvez emp\u00eacher cela en vous d\u00e9connectant de votre compte YouTube. <\/p>\n<p>YouTube est utilis\u00e9 pour aider \u00e0 rendre notre site web plus attrayant. Cela constitue un int\u00e9r\u00eat justifi\u00e9 conform\u00e9ment \u00e0 l&rsquo;article 6 (1) (f) du RGPD. <\/p>\n<p>Pour plus d&rsquo;informations sur le traitement des donn\u00e9es utilisateur, veuillez consulter la d\u00e9claration de confidentialit\u00e9 de YouTube \u00e0 l&rsquo;<a href=\"https:\/\/www.google.de\/intl\/de\/policies\/privacy\" target=\"_blank\" rel=\"noopener noreferrer\">adresse https:\/\/www.google.de\/intl\/de\/policies\/privacy.<\/a><\/p>\n<h3> <\/h3>\n<h3>Google Web Fonts<\/h3>\n<p>Pour une repr\u00e9sentation uniforme des polices, cette page utilise des polices web fournies par Google. Lorsque vous ouvrez une page, votre navigateur charge les polices web requises dans le cache de votre navigateur pour afficher correctement les textes et les polices. <\/p>\n<p>Pour ce faire, votre navigateur doit \u00e9tablir une connexion directe avec les serveurs de Google. Google est ainsi inform\u00e9 que notre page web a \u00e9t\u00e9 consult\u00e9e via votre adresse IP. L&rsquo;utilisation de Google Web fonts est faite dans l&rsquo;int\u00e9r\u00eat d&rsquo;une pr\u00e9sentation uniforme et attractive de notre plugin. Cela constitue un int\u00e9r\u00eat justifi\u00e9 conform\u00e9ment \u00e0 l&rsquo;article 6 (1) (f) du RGPD.   <\/p>\n<p>Si votre navigateur ne supporte pas les polices web, une police standard est utilis\u00e9e par votre ordinateur.<\/p>\n<p>Pour plus d&rsquo;informations sur le traitement des donn\u00e9es utilisateur, consultez <a href=\"https:\/\/developers.google.com\/fonts\/faq\" target=\"_blank\" rel=\"noopener noreferrer\">https:\/\/developers.google.com\/fonts\/faq<\/a> et la politique de confidentialit\u00e9 de Google \u00e0 <a href=\"https:\/\/www.google.com\/policies\/privacy\/\" target=\"_blank\" rel=\"noopener noreferrer\">https:\/\/www.google.com\/policies\/privacy\/.<\/a><\/p>\n<\/p>\n<h3>Google Analytics Opt Out<\/h3>\n\n<\/div>\n<\/div>\n<\/div>\n<\/div>\n<\/div>\n<\/div>\n<\/div>\n\t\t\t\t\t\t\t\t<\/div>\n\t\t\t\t<\/div>\n\t\t\t\t\t<\/div>\n\t\t<\/div>\n\t\t\t\t\t<\/div>\n\t\t<\/section>\n\t\t\t\t<\/div>\n\t\t","protected":false},"excerpt":{"rendered":"<p>D\u00c9CLARATION DE CONFIDENTIALIT\u00c9 Quelles sont les donn\u00e9es personnelles que nous collectons et pourquoi nous les collectons ? Commentaires Lorsque les visiteurs \u00e9crivent des commentaires sur le site, nous collectons les donn\u00e9es affich\u00e9es dans le formulaire de commentaire, ainsi que l&rsquo;adresse IP du visiteur et la cha\u00eene de l&rsquo;agent utilisateur (qui permet d&rsquo;identifier le navigateur) afin [&hellip;]<\/p>\n","protected":false},"author":3,"featured_media":0,"parent":0,"menu_order":0,"comment_status":"closed","ping_status":"closed","template":"","meta":{"_acf_changed":false,"footnotes":""},"class_list":["post-52277","page","type-page","status-publish","hentry"],"acf":[],"yoast_head":"<!-- This site is optimized with the Yoast SEO Premium plugin v20.10 (Yoast SEO v24.3) - https:\/\/yoast.com\/wordpress\/plugins\/seo\/ -->\n<title>- ALEGER \u22c6 Augmented Reality<\/title>\n<meta name=\"robots\" content=\"noindex, nofollow\" \/>\n<meta property=\"og:locale\" content=\"fr_FR\" \/>\n<meta property=\"og:type\" content=\"article\" \/>\n<meta property=\"og:title\" content=\"D\u00e9claration de confidentialit\u00e9\" \/>\n<meta property=\"og:description\" content=\"D\u00c9CLARATION DE CONFIDENTIALIT\u00c9 Quelles sont les donn\u00e9es personnelles que nous collectons et pourquoi nous les collectons ? Commentaires Lorsque les visiteurs \u00e9crivent des commentaires sur le site, nous collectons les donn\u00e9es affich\u00e9es dans le formulaire de commentaire, ainsi que l&rsquo;adresse IP du visiteur et la cha\u00eene de l&rsquo;agent utilisateur (qui permet d&rsquo;identifier le navigateur) afin [&hellip;]\" \/>\n<meta property=\"og:url\" content=\"https:\/\/alegerglobal.com\/fr\/declaration-de-confidentialite\/\" \/>\n<meta property=\"og:site_name\" content=\"ALEGER \u22c6 Augmented Reality\" \/>\n<meta property=\"article:modified_time\" content=\"2026-02-16T17:34:10+00:00\" \/>\n<meta name=\"twitter:card\" content=\"summary_large_image\" \/>\n<meta name=\"twitter:label1\" content=\"Dur\u00e9e de lecture estim\u00e9e\" \/>\n\t<meta name=\"twitter:data1\" content=\"8 minutes\" \/>\n<script type=\"application\/ld+json\" class=\"yoast-schema-graph\">{\"@context\":\"https:\/\/schema.org\",\"@graph\":[{\"@type\":\"WebPage\",\"@id\":\"https:\/\/alegerglobal.com\/fr\/declaration-de-confidentialite\/\",\"url\":\"https:\/\/alegerglobal.com\/fr\/declaration-de-confidentialite\/\",\"name\":\"- ALEGER \u22c6 Augmented Reality\",\"isPartOf\":{\"@id\":\"https:\/\/alegerglobal.com\/fr\/#website\"},\"datePublished\":\"2026-02-16T17:34:07+00:00\",\"dateModified\":\"2026-02-16T17:34:10+00:00\",\"breadcrumb\":{\"@id\":\"https:\/\/alegerglobal.com\/fr\/declaration-de-confidentialite\/#breadcrumb\"},\"inLanguage\":\"fr-FR\",\"potentialAction\":[{\"@type\":\"ReadAction\",\"target\":[\"https:\/\/alegerglobal.com\/fr\/declaration-de-confidentialite\/\"]}]},{\"@type\":\"BreadcrumbList\",\"@id\":\"https:\/\/alegerglobal.com\/fr\/declaration-de-confidentialite\/#breadcrumb\",\"itemListElement\":[{\"@type\":\"ListItem\",\"position\":1,\"name\":\"Home\",\"item\":\"https:\/\/alegerglobal.com\/fr\/new-page-daccueil\/\"},{\"@type\":\"ListItem\",\"position\":2,\"name\":\"D\u00e9claration de confidentialit\u00e9\"}]},{\"@type\":\"WebSite\",\"@id\":\"https:\/\/alegerglobal.com\/fr\/#website\",\"url\":\"https:\/\/alegerglobal.com\/fr\/\",\"name\":\"ALEGER \u22c6 Augmented Reality\",\"description\":\"Die besten Augmented Reality (AR) L\u00f6sungen der Welt.\",\"publisher\":{\"@id\":\"https:\/\/alegerglobal.com\/fr\/#organization\"},\"potentialAction\":[{\"@type\":\"SearchAction\",\"target\":{\"@type\":\"EntryPoint\",\"urlTemplate\":\"https:\/\/alegerglobal.com\/fr\/?s={search_term_string}\"},\"query-input\":{\"@type\":\"PropertyValueSpecification\",\"valueRequired\":true,\"valueName\":\"search_term_string\"}}],\"inLanguage\":\"fr-FR\"},{\"@type\":\"Organization\",\"@id\":\"https:\/\/alegerglobal.com\/fr\/#organization\",\"name\":\"ALEGER \u22c6 Augmented Reality\",\"url\":\"https:\/\/alegerglobal.com\/fr\/\",\"logo\":{\"@type\":\"ImageObject\",\"inLanguage\":\"fr-FR\",\"@id\":\"https:\/\/alegerglobal.com\/fr\/#\/schema\/logo\/image\/\",\"url\":\"https:\/\/alegerglobal.com\/wp-content\/uploads\/2020\/12\/aleger-logo-quadrat.jpg\",\"contentUrl\":\"https:\/\/alegerglobal.com\/wp-content\/uploads\/2020\/12\/aleger-logo-quadrat.jpg\",\"width\":200,\"height\":176,\"caption\":\"ALEGER \u22c6 Augmented Reality\"},\"image\":{\"@id\":\"https:\/\/alegerglobal.com\/fr\/#\/schema\/logo\/image\/\"}}]}<\/script>\n<!-- \/ Yoast SEO Premium plugin. -->","yoast_head_json":{"title":"- ALEGER \u22c6 Augmented Reality","robots":{"index":"noindex","follow":"nofollow"},"og_locale":"fr_FR","og_type":"article","og_title":"D\u00e9claration de confidentialit\u00e9","og_description":"D\u00c9CLARATION DE CONFIDENTIALIT\u00c9 Quelles sont les donn\u00e9es personnelles que nous collectons et pourquoi nous les collectons ? Commentaires Lorsque les visiteurs \u00e9crivent des commentaires sur le site, nous collectons les donn\u00e9es affich\u00e9es dans le formulaire de commentaire, ainsi que l&rsquo;adresse IP du visiteur et la cha\u00eene de l&rsquo;agent utilisateur (qui permet d&rsquo;identifier le navigateur) afin [&hellip;]","og_url":"https:\/\/alegerglobal.com\/fr\/declaration-de-confidentialite\/","og_site_name":"ALEGER \u22c6 Augmented Reality","article_modified_time":"2026-02-16T17:34:10+00:00","twitter_card":"summary_large_image","twitter_misc":{"Dur\u00e9e de lecture estim\u00e9e":"8 minutes"},"schema":{"@context":"https:\/\/schema.org","@graph":[{"@type":"WebPage","@id":"https:\/\/alegerglobal.com\/fr\/declaration-de-confidentialite\/","url":"https:\/\/alegerglobal.com\/fr\/declaration-de-confidentialite\/","name":"- ALEGER \u22c6 Augmented Reality","isPartOf":{"@id":"https:\/\/alegerglobal.com\/fr\/#website"},"datePublished":"2026-02-16T17:34:07+00:00","dateModified":"2026-02-16T17:34:10+00:00","breadcrumb":{"@id":"https:\/\/alegerglobal.com\/fr\/declaration-de-confidentialite\/#breadcrumb"},"inLanguage":"fr-FR","potentialAction":[{"@type":"ReadAction","target":["https:\/\/alegerglobal.com\/fr\/declaration-de-confidentialite\/"]}]},{"@type":"BreadcrumbList","@id":"https:\/\/alegerglobal.com\/fr\/declaration-de-confidentialite\/#breadcrumb","itemListElement":[{"@type":"ListItem","position":1,"name":"Home","item":"https:\/\/alegerglobal.com\/fr\/new-page-daccueil\/"},{"@type":"ListItem","position":2,"name":"D\u00e9claration de confidentialit\u00e9"}]},{"@type":"WebSite","@id":"https:\/\/alegerglobal.com\/fr\/#website","url":"https:\/\/alegerglobal.com\/fr\/","name":"ALEGER \u22c6 Augmented Reality","description":"Die besten Augmented Reality (AR) L\u00f6sungen der Welt.","publisher":{"@id":"https:\/\/alegerglobal.com\/fr\/#organization"},"potentialAction":[{"@type":"SearchAction","target":{"@type":"EntryPoint","urlTemplate":"https:\/\/alegerglobal.com\/fr\/?s={search_term_string}"},"query-input":{"@type":"PropertyValueSpecification","valueRequired":true,"valueName":"search_term_string"}}],"inLanguage":"fr-FR"},{"@type":"Organization","@id":"https:\/\/alegerglobal.com\/fr\/#organization","name":"ALEGER \u22c6 Augmented Reality","url":"https:\/\/alegerglobal.com\/fr\/","logo":{"@type":"ImageObject","inLanguage":"fr-FR","@id":"https:\/\/alegerglobal.com\/fr\/#\/schema\/logo\/image\/","url":"https:\/\/alegerglobal.com\/wp-content\/uploads\/2020\/12\/aleger-logo-quadrat.jpg","contentUrl":"https:\/\/alegerglobal.com\/wp-content\/uploads\/2020\/12\/aleger-logo-quadrat.jpg","width":200,"height":176,"caption":"ALEGER \u22c6 Augmented Reality"},"image":{"@id":"https:\/\/alegerglobal.com\/fr\/#\/schema\/logo\/image\/"}}]}},"_links":{"self":[{"href":"https:\/\/alegerglobal.com\/fr\/wp-json\/wp\/v2\/pages\/52277","targetHints":{"allow":["GET"]}}],"collection":[{"href":"https:\/\/alegerglobal.com\/fr\/wp-json\/wp\/v2\/pages"}],"about":[{"href":"https:\/\/alegerglobal.com\/fr\/wp-json\/wp\/v2\/types\/page"}],"author":[{"embeddable":true,"href":"https:\/\/alegerglobal.com\/fr\/wp-json\/wp\/v2\/users\/3"}],"replies":[{"embeddable":true,"href":"https:\/\/alegerglobal.com\/fr\/wp-json\/wp\/v2\/comments?post=52277"}],"version-history":[{"count":1,"href":"https:\/\/alegerglobal.com\/fr\/wp-json\/wp\/v2\/pages\/52277\/revisions"}],"predecessor-version":[{"id":52279,"href":"https:\/\/alegerglobal.com\/fr\/wp-json\/wp\/v2\/pages\/52277\/revisions\/52279"}],"wp:attachment":[{"href":"https:\/\/alegerglobal.com\/fr\/wp-json\/wp\/v2\/media?parent=52277"}],"curies":[{"name":"wp","href":"https:\/\/api.w.org\/{rel}","templated":true}]}}