{"id":14526,"date":"2022-02-17T14:15:20","date_gmt":"2022-02-17T13:15:20","guid":{"rendered":"https:\/\/alegerglobal.com\/carriere\/"},"modified":"2022-02-17T14:15:26","modified_gmt":"2022-02-17T13:15:26","slug":"carriere","status":"publish","type":"page","link":"https:\/\/alegerglobal.com\/fr\/carriere\/","title":{"rendered":"Carri\u00e8re"},"content":{"rendered":"\t\t<div data-elementor-type=\"wp-page\" data-elementor-id=\"14526\" class=\"elementor elementor-14526 elementor-8059\" data-elementor-settings=\"{&quot;ha_cmc_init_switcher&quot;:&quot;no&quot;}\" data-elementor-post-type=\"page\">\n\t\t\t\t\t\t<section class=\"elementor-section elementor-top-section elementor-element elementor-element-2e2c13e elementor-section-stretched mainrevhead elementor-section-boxed elementor-section-height-default elementor-section-height-default\" data-id=\"2e2c13e\" data-element_type=\"section\" data-settings=\"{&quot;stretch_section&quot;:&quot;section-stretched&quot;,&quot;background_background&quot;:&quot;classic&quot;,&quot;shape_divider_bottom&quot;:&quot;waves&quot;,&quot;jet_parallax_layout_list&quot;:[],&quot;_ha_eqh_enable&quot;:false}\">\n\t\t\t\t\t\t\t<div class=\"elementor-background-overlay\"><\/div>\n\t\t\t\t\t\t<div class=\"elementor-shape elementor-shape-bottom\" data-negative=\"false\">\n\t\t\t<svg xmlns=\"http:\/\/www.w3.org\/2000\/svg\" viewBox=\"0 0 1000 100\" preserveAspectRatio=\"none\">\n\t<path class=\"elementor-shape-fill\" d=\"M421.9,6.5c22.6-2.5,51.5,0.4,75.5,5.3c23.6,4.9,70.9,23.5,100.5,35.7c75.8,32.2,133.7,44.5,192.6,49.7\n\tc23.6,2.1,48.7,3.5,103.4-2.5c54.7-6,106.2-25.6,106.2-25.6V0H0v30.3c0,0,72,32.6,158.4,30.5c39.2-0.7,92.8-6.7,134-22.4\n\tc21.2-8.1,52.2-18.2,79.7-24.2C399.3,7.9,411.6,7.5,421.9,6.5z\"\/>\n<\/svg>\t\t<\/div>\n\t\t\t\t\t<div class=\"elementor-container elementor-column-gap-default\">\n\t\t\t\t\t<div class=\"elementor-column elementor-col-100 elementor-top-column elementor-element elementor-element-3691193\" data-id=\"3691193\" data-element_type=\"column\">\n\t\t\t<div class=\"elementor-widget-wrap elementor-element-populated\">\n\t\t\t\t\t\t<div class=\"elementor-element elementor-element-1d0f9e9 elementor-widget elementor-widget-heading\" data-id=\"1d0f9e9\" data-element_type=\"widget\" data-widget_type=\"heading.default\">\n\t\t\t\t<div class=\"elementor-widget-container\">\n\t\t\t\t\t<h1 class=\"elementor-heading-title elementor-size-default\">Fais partie d'ALEGER GLOBAL<\/h1>\t\t\t\t<\/div>\n\t\t\t\t<\/div>\n\t\t\t\t<div class=\"elementor-element elementor-element-89ca51b elementor-widget elementor-widget-heading\" data-id=\"89ca51b\" data-element_type=\"widget\" data-widget_type=\"heading.default\">\n\t\t\t\t<div class=\"elementor-widget-container\">\n\t\t\t\t\t<p class=\"elementor-heading-title elementor-size-default\">Les meilleures perspectives de carri\u00e8re, un esprit d'\u00e9quipe et une courbe d'apprentissage rapide. Le site<br>  ne sont que quelques-unes des raisons pour lesquelles tu devrais rejoindre ALEGER GLOBAL<br>  monter \u00e0 bord.  \n<\/p>\t\t\t\t<\/div>\n\t\t\t\t<\/div>\n\t\t\t\t\t<\/div>\n\t\t<\/div>\n\t\t\t\t\t<\/div>\n\t\t<\/section>\n\t\t\t\t<section class=\"elementor-section elementor-top-section elementor-element elementor-element-74978ee elementor-section-boxed elementor-section-height-default elementor-section-height-default\" data-id=\"74978ee\" data-element_type=\"section\" data-settings=\"{&quot;jet_parallax_layout_list&quot;:[],&quot;_ha_eqh_enable&quot;:false}\">\n\t\t\t\t\t\t<div class=\"elementor-container elementor-column-gap-default\">\n\t\t\t\t\t<div class=\"elementor-column elementor-col-100 elementor-top-column elementor-element elementor-element-aaeebad\" data-id=\"aaeebad\" data-element_type=\"column\">\n\t\t\t<div class=\"elementor-widget-wrap elementor-element-populated\">\n\t\t\t\t\t\t<section class=\"elementor-section elementor-inner-section elementor-element elementor-element-8a99a69 elementor-section-boxed elementor-section-height-default elementor-section-height-default\" data-id=\"8a99a69\" data-element_type=\"section\" data-settings=\"{&quot;jet_parallax_layout_list&quot;:[],&quot;_ha_eqh_enable&quot;:false}\">\n\t\t\t\t\t\t<div class=\"elementor-container elementor-column-gap-default\">\n\t\t\t\t\t<div class=\"elementor-column elementor-col-50 elementor-inner-column elementor-element elementor-element-897760f\" data-id=\"897760f\" data-element_type=\"column\">\n\t\t\t<div class=\"elementor-widget-wrap elementor-element-populated\">\n\t\t\t\t\t\t<div class=\"elementor-element elementor-element-c5be930 elementor-widget elementor-widget-image\" data-id=\"c5be930\" data-element_type=\"widget\" data-widget_type=\"image.default\">\n\t\t\t\t<div class=\"elementor-widget-container\">\n\t\t\t\t\t\t\t\t\t\t\t\t\t\t\t<img fetchpriority=\"high\" decoding=\"async\" width=\"600\" height=\"635\" src=\"https:\/\/alegerglobal.com\/wp-content\/uploads\/2021\/09\/43ed.jpg\" class=\"attachment-large size-large wp-image-14527\" alt=\"\" srcset=\"https:\/\/alegerglobal.com\/wp-content\/uploads\/2021\/09\/43ed.jpg 600w, https:\/\/alegerglobal.com\/wp-content\/uploads\/2021\/09\/43ed-283x300.jpg 283w\" sizes=\"(max-width: 600px) 100vw, 600px\" \/>\t\t\t\t\t\t\t\t\t\t\t\t\t\t\t<\/div>\n\t\t\t\t<\/div>\n\t\t\t\t\t<\/div>\n\t\t<\/div>\n\t\t\t\t<div class=\"elementor-column elementor-col-50 elementor-inner-column elementor-element elementor-element-be47e68\" data-id=\"be47e68\" data-element_type=\"column\">\n\t\t\t<div class=\"elementor-widget-wrap elementor-element-populated\">\n\t\t\t\t\t\t<div class=\"elementor-element elementor-element-731f53e lesmarg elementor-widget elementor-widget-heading\" data-id=\"731f53e\" data-element_type=\"widget\" data-widget_type=\"heading.default\">\n\t\t\t\t<div class=\"elementor-widget-container\">\n\t\t\t\t\t<h2 class=\"elementor-heading-title elementor-size-default\">ALEGER GLOBAL - AR pour la transformation num\u00e9rique  <\/h2>\t\t\t\t<\/div>\n\t\t\t\t<\/div>\n\t\t\t\t<div class=\"elementor-element elementor-element-72e76b8 elementor-widget-divider--view-line elementor-widget elementor-widget-divider\" data-id=\"72e76b8\" data-element_type=\"widget\" data-widget_type=\"divider.default\">\n\t\t\t\t<div class=\"elementor-widget-container\">\n\t\t\t\t\t\t\t<div class=\"elementor-divider\">\n\t\t\t<span class=\"elementor-divider-separator\">\n\t\t\t\t\t\t<\/span>\n\t\t<\/div>\n\t\t\t\t\t\t<\/div>\n\t\t\t\t<\/div>\n\t\t\t\t<div class=\"elementor-element elementor-element-eea2cc7 nomarg elementor-widget elementor-widget-text-editor\" data-id=\"eea2cc7\" data-element_type=\"widget\" data-widget_type=\"text-editor.default\">\n\t\t\t\t<div class=\"elementor-widget-container\">\n\t\t\t\t\t\t\t\t\t<p style=\"text-align: left;\">Nous sommes une \u00e9quipe de sp\u00e9cialistes passionn\u00e9s par leur discipline &#8211; et par la r\u00e9alit\u00e9 augment\u00e9e. Notre collaboration se caract\u00e9rise par la transparence, le souci de la qualit\u00e9, la diversit\u00e9, la fiabilit\u00e9 et la volont\u00e9 d&rsquo;apprendre. Nos clients appr\u00e9cient \u00e9galement ces valeurs.<\/p>\n<p style=\"text-align: left;\">En tant qu&rsquo;\u00e9quipe, nous travaillons \u00e0 distance, car nous pensons qu&rsquo;une bonne collaboration n&rsquo;est pas li\u00e9e \u00e0 un bureau commun. Les membres de notre \u00e9quipe vivent en Autriche, en France, en Italie, en R\u00e9publique tch\u00e8que et en Allemagne. En faisant partie d&rsquo;ALEGER, tu d\u00e9cides donc toi-m\u00eame de l&rsquo;endroit o\u00f9 tu installes ton bureau \u00e0 domicile. L&rsquo;essentiel est que tu sois bon dans ce que tu fais et que tu aies envie de t&rsquo;am\u00e9liorer encore un peu plus chaque jour. Si tu as une pens\u00e9e innovante et un savoir-faire num\u00e9rique, toutes les portes de la carri\u00e8re te seront ouvertes chez nous.  <\/p>\n\t\t\t\t\t\t\t\t<\/div>\n\t\t\t\t<\/div>\n\t\t\t\t<div class=\"elementor-element elementor-element-7fe1a2e elementor-widget elementor-widget-button\" data-id=\"7fe1a2e\" data-element_type=\"widget\" data-widget_type=\"button.default\">\n\t\t\t\t<div class=\"elementor-widget-container\">\n\t\t\t\t\t\t\t\t\t<div class=\"elementor-button-wrapper\">\n\t\t\t\t\t<a class=\"elementor-button elementor-button-link elementor-size-sm\" href=\"https:\/\/alegerglobal.com\/fr\/a-propos-de\/\">\n\t\t\t\t\t\t<span class=\"elementor-button-content-wrapper\">\n\t\t\t\t\t\t\t\t\t<span class=\"elementor-button-text\">En savoir plus sur l'entreprise<\/span>\n\t\t\t\t\t<\/span>\n\t\t\t\t\t<\/a>\n\t\t\t\t<\/div>\n\t\t\t\t\t\t\t\t<\/div>\n\t\t\t\t<\/div>\n\t\t\t\t\t<\/div>\n\t\t<\/div>\n\t\t\t\t\t<\/div>\n\t\t<\/section>\n\t\t\t\t\t<\/div>\n\t\t<\/div>\n\t\t\t\t\t<\/div>\n\t\t<\/section>\n\t\t\t\t<section class=\"elementor-section elementor-top-section elementor-element elementor-element-75d5696 elementor-section-boxed elementor-section-height-default elementor-section-height-default\" data-id=\"75d5696\" data-element_type=\"section\" data-settings=\"{&quot;background_background&quot;:&quot;classic&quot;,&quot;shape_divider_top&quot;:&quot;waves&quot;,&quot;jet_parallax_layout_list&quot;:[],&quot;_ha_eqh_enable&quot;:false}\">\n\t\t\t\t\t<div class=\"elementor-shape elementor-shape-top\" data-negative=\"false\">\n\t\t\t<svg xmlns=\"http:\/\/www.w3.org\/2000\/svg\" viewBox=\"0 0 1000 100\" preserveAspectRatio=\"none\">\n\t<path class=\"elementor-shape-fill\" d=\"M421.9,6.5c22.6-2.5,51.5,0.4,75.5,5.3c23.6,4.9,70.9,23.5,100.5,35.7c75.8,32.2,133.7,44.5,192.6,49.7\n\tc23.6,2.1,48.7,3.5,103.4-2.5c54.7-6,106.2-25.6,106.2-25.6V0H0v30.3c0,0,72,32.6,158.4,30.5c39.2-0.7,92.8-6.7,134-22.4\n\tc21.2-8.1,52.2-18.2,79.7-24.2C399.3,7.9,411.6,7.5,421.9,6.5z\"\/>\n<\/svg>\t\t<\/div>\n\t\t\t\t\t<div class=\"elementor-container elementor-column-gap-default\">\n\t\t\t\t\t<div class=\"elementor-column elementor-col-100 elementor-top-column elementor-element elementor-element-ba74364\" data-id=\"ba74364\" data-element_type=\"column\" data-settings=\"{&quot;background_background&quot;:&quot;classic&quot;}\">\n\t\t\t<div class=\"elementor-widget-wrap elementor-element-populated\">\n\t\t\t\t\t\t<div class=\"elementor-element elementor-element-6ee44e1 lesmarg elementor-widget elementor-widget-heading\" data-id=\"6ee44e1\" data-element_type=\"widget\" data-widget_type=\"heading.default\">\n\t\t\t\t<div class=\"elementor-widget-container\">\n\t\t\t\t\t<h3 class=\"elementor-heading-title elementor-size-default\">Offres d'emploi actuelles<\/h3>\t\t\t\t<\/div>\n\t\t\t\t<\/div>\n\t\t\t\t<div class=\"elementor-element elementor-element-dd3f0c1 elementor-widget-divider--view-line elementor-widget elementor-widget-divider\" data-id=\"dd3f0c1\" data-element_type=\"widget\" data-widget_type=\"divider.default\">\n\t\t\t\t<div class=\"elementor-widget-container\">\n\t\t\t\t\t\t\t<div class=\"elementor-divider\">\n\t\t\t<span class=\"elementor-divider-separator\">\n\t\t\t\t\t\t<\/span>\n\t\t<\/div>\n\t\t\t\t\t\t<\/div>\n\t\t\t\t<\/div>\n\t\t\t\t<div class=\"elementor-element elementor-element-3f9dce4 elementor-widget elementor-widget-toggle\" data-id=\"3f9dce4\" data-element_type=\"widget\" data-widget_type=\"toggle.default\">\n\t\t\t\t<div class=\"elementor-widget-container\">\n\t\t\t\t\t\t\t<div class=\"elementor-toggle\">\n\t\t\t\t\t\t\t<div class=\"elementor-toggle-item\">\n\t\t\t\t\t<div id=\"elementor-tab-title-6671\" class=\"elementor-tab-title\" data-tab=\"1\" role=\"button\" aria-controls=\"elementor-tab-content-6671\" aria-expanded=\"false\">\n\t\t\t\t\t\t\t\t\t\t\t\t<span class=\"elementor-toggle-icon elementor-toggle-icon-left\" aria-hidden=\"true\">\n\t\t\t\t\t\t\t\t\t\t\t\t\t\t\t<span class=\"elementor-toggle-icon-closed\"><i class=\"fas fa-caret-right\"><\/i><\/span>\n\t\t\t\t\t\t\t\t<span class=\"elementor-toggle-icon-opened\"><i class=\"elementor-toggle-icon-opened fas fa-caret-up\"><\/i><\/span>\n\t\t\t\t\t\t\t\t\t\t\t\t\t<\/span>\n\t\t\t\t\t\t\t\t\t\t\t\t<a class=\"elementor-toggle-title\" tabindex=\"0\">Directeur(trice) des ventes num\u00e9riques<\/a>\n\t\t\t\t\t<\/div>\n\n\t\t\t\t\t<div id=\"elementor-tab-content-6671\" class=\"elementor-tab-content elementor-clearfix\" data-tab=\"1\" role=\"region\" aria-labelledby=\"elementor-tab-title-6671\"><p style=\"text-align: left;\"><strong>Ton profil<\/strong><\/p>\n<p style=\"text-align: left;\">&#8211; Tu aimes travailler avec des clients existants et les d\u00e9velopper ?<br \/>&#8211; Tu aimes d\u00e9couvrir de nouvelles opportunit\u00e9s au sein d&rsquo;un compte ?<br \/>&#8211; Tu as au moins 3 ans d&rsquo;exp\u00e9rience dans une fonction de vente technique ou SaaS ?<br \/>&#8211; Tu as d\u00e9j\u00e0 de l&rsquo;exp\u00e9rience dans le \u00ab\u00a0farming\u00a0\u00bb ou dans le d\u00e9veloppement de comptes ?<br \/>&#8211; Travailler de mani\u00e8re ind\u00e9pendante et avoir l&rsquo;esprit d&rsquo;entreprise, c&rsquo;est tout \u00e0 fait ton truc ?<br \/>&#8211; Ta langue maternelle est l&rsquo;allemand et tu parles couramment l&rsquo;anglais ?<br \/>Alors viens, lis la suite !<\/p>\n<p style=\"text-align: left;\"><strong>Vers le rouleau :<\/strong><br \/>Tu t&rsquo;occuperas de nos clients existants dans l&rsquo;industrie. Tes comptes se trouvent dans la r\u00e9gion D\/A\/CH. L&rsquo;objectif est de d\u00e9velopper de nouveaux potentiels de chiffre d&rsquo;affaires au sein des comptes. On attend de toi que tu sois proactif et que tu fasses preuve d&rsquo;une pens\u00e9e et d&rsquo;une action innovantes et num\u00e9riques. Ce r\u00f4le est absolument cl\u00e9 et aura une influence d\u00e9terminante sur le d\u00e9veloppement futur de l&rsquo;entreprise !<\/p>\n<p style=\"text-align: left;\"><strong>Top performance ? Top Benefits !<\/strong><br \/>&#8211; Nous t&rsquo;offrons un salaire au top !<br \/>&#8211; Nous te proposons le travail \u00e0 domicile quand et o\u00f9 tu le souhaites<br \/>&#8211; R\u00e9unions d&rsquo;\u00e9quipe partout en Europe ; chaque trimestre, une r\u00e9union d&rsquo;\u00e9quipe dans une ville diff\u00e9rente<br \/>&#8211; Apprentissage et \u00e9ducation &#8211; Gratuit<\/p>\n<p style=\"text-align: left;\"><strong>\u00c0 propos d&rsquo;ALEGER<\/strong><br \/>Nous avons l&rsquo;ambition d&rsquo;\u00eatre le meilleur partenaire de solutions de r\u00e9alit\u00e9 augment\u00e9e.<br \/>C&rsquo;est pourquoi nous proposons \u00e0 nos clients le plus grand portefeuille de mat\u00e9riel de RA et le combinons avec les meilleures solutions logicielles industrielles de RA.<br \/>Nous fa\u00e7onnons l&rsquo;avenir et posons des jalons pour la prochaine d\u00e9cennie !<\/p>\n<p style=\"text-align: left;\"><strong>Envoyer la candidature \u00e0 :<\/strong><br \/>Alexander St\u00f6ger<br \/>astoeger@alegerglobal.com<br \/>+49 385 3937 8556<\/p>\n<\/div>\n\t\t\t\t<\/div>\n\t\t\t\t\t\t\t\t<\/div>\n\t\t\t\t\t\t<\/div>\n\t\t\t\t<\/div>\n\t\t\t\t\t<\/div>\n\t\t<\/div>\n\t\t\t\t\t<\/div>\n\t\t<\/section>\n\t\t\t\t<section class=\"elementor-section elementor-top-section elementor-element elementor-element-cb57ef9 elementor-section-boxed elementor-section-height-default elementor-section-height-default\" data-id=\"cb57ef9\" data-element_type=\"section\" data-settings=\"{&quot;jet_parallax_layout_list&quot;:[],&quot;_ha_eqh_enable&quot;:false}\">\n\t\t\t\t\t\t<div class=\"elementor-container elementor-column-gap-default\">\n\t\t\t\t\t<div class=\"elementor-column elementor-col-50 elementor-top-column elementor-element elementor-element-b9a1399\" data-id=\"b9a1399\" data-element_type=\"column\">\n\t\t\t<div class=\"elementor-widget-wrap elementor-element-populated\">\n\t\t\t\t\t\t<div class=\"elementor-element elementor-element-fd6c97e elementor-view-default elementor-widget elementor-widget-icon\" data-id=\"fd6c97e\" data-element_type=\"widget\" data-widget_type=\"icon.default\">\n\t\t\t\t<div class=\"elementor-widget-container\">\n\t\t\t\t\t\t\t<div class=\"elementor-icon-wrapper\">\n\t\t\t<div class=\"elementor-icon\">\n\t\t\t<i aria-hidden=\"true\" class=\"hm hm-question\"><\/i>\t\t\t<\/div>\n\t\t<\/div>\n\t\t\t\t\t\t<\/div>\n\t\t\t\t<\/div>\n\t\t\t\t\t<\/div>\n\t\t<\/div>\n\t\t\t\t<div class=\"elementor-column elementor-col-50 elementor-top-column elementor-element elementor-element-4cfb469\" data-id=\"4cfb469\" data-element_type=\"column\">\n\t\t\t<div class=\"elementor-widget-wrap elementor-element-populated\">\n\t\t\t\t\t\t<div class=\"elementor-element elementor-element-83e5f0f lesmarg elementor-widget elementor-widget-heading\" data-id=\"83e5f0f\" data-element_type=\"widget\" data-widget_type=\"heading.default\">\n\t\t\t\t<div class=\"elementor-widget-container\">\n\t\t\t\t\t<h4 class=\"elementor-heading-title elementor-size-default\">Tu as des questions sur une offre d'emploi ?<\/h4>\t\t\t\t<\/div>\n\t\t\t\t<\/div>\n\t\t\t\t<div class=\"elementor-element elementor-element-498438a nomarg elementor-widget elementor-widget-text-editor\" data-id=\"498438a\" data-element_type=\"widget\" data-widget_type=\"text-editor.default\">\n\t\t\t\t<div class=\"elementor-widget-container\">\n\t\t\t\t\t\t\t\t\t<p style=\"text-align: left;\">N&rsquo;h\u00e9site pas \u00e0 nous envoyer un e-mail \u00e0 jobs@alegerglobal.com ou \u00e0 contacter notre directeur Alexander St\u00f6gerl par t\u00e9l\u00e9phone au +49 385 3937 8556.  <\/p>\n\t\t\t\t\t\t\t\t<\/div>\n\t\t\t\t<\/div>\n\t\t\t\t\t<\/div>\n\t\t<\/div>\n\t\t\t\t\t<\/div>\n\t\t<\/section>\n\t\t\t\t<\/div>\n\t\t","protected":false},"excerpt":{"rendered":"<p>Fais partie d&rsquo;ALEGER GLOBAL Les meilleures perspectives de carri\u00e8re, un esprit d&rsquo;\u00e9quipe et une courbe d&rsquo;apprentissage rapide. Le site ne sont que quelques-unes des raisons pour lesquelles tu devrais rejoindre ALEGER GLOBAL monter \u00e0 bord. ALEGER GLOBAL &#8211; AR pour la transformation num\u00e9rique Nous sommes une \u00e9quipe de sp\u00e9cialistes passionn\u00e9s par leur discipline &#8211; et [&hellip;]<\/p>\n","protected":false},"author":3,"featured_media":0,"parent":0,"menu_order":0,"comment_status":"closed","ping_status":"closed","template":"elementor_header_footer","meta":{"_acf_changed":false,"footnotes":""},"class_list":["post-14526","page","type-page","status-publish","hentry"],"acf":[],"yoast_head":"<!-- This site is optimized with the Yoast SEO Premium plugin v20.10 (Yoast SEO v24.3) - https:\/\/yoast.com\/wordpress\/plugins\/seo\/ -->\n<title>Carri\u00e8re chez ALEGER \u22c6 Augmented Reality<\/title>\n<meta name=\"description\" content=\"Tu es \u00e0 la recherche de d\u00e9fis et tu souhaites accompagner les entreprises sur la voie de la transformation num\u00e9rique ? Alors rejoins notre \u00e9quipe.\" \/>\n<meta name=\"robots\" content=\"index, follow, max-snippet:-1, max-image-preview:large, max-video-preview:-1\" \/>\n<meta property=\"og:locale\" content=\"fr_FR\" \/>\n<meta property=\"og:type\" content=\"article\" \/>\n<meta property=\"og:title\" content=\"Carri\u00e8re\" \/>\n<meta property=\"og:description\" content=\"Tu es \u00e0 la recherche de d\u00e9fis et tu souhaites accompagner les entreprises sur la voie de la transformation num\u00e9rique ? Alors rejoins notre \u00e9quipe.\" \/>\n<meta property=\"og:url\" content=\"https:\/\/alegerglobal.com\/fr\/carriere\/\" \/>\n<meta property=\"og:site_name\" content=\"ALEGER \u22c6 Augmented Reality\" \/>\n<meta property=\"article:modified_time\" content=\"2022-02-17T13:15:26+00:00\" \/>\n<meta property=\"og:image\" content=\"https:\/\/alegerglobal.com\/wp-content\/uploads\/2021\/09\/43ed.jpg\" \/>\n<meta name=\"twitter:card\" content=\"summary_large_image\" \/>\n<meta name=\"twitter:label1\" content=\"Dur\u00e9e de lecture estim\u00e9e\" \/>\n\t<meta name=\"twitter:data1\" content=\"3 minutes\" \/>\n<script type=\"application\/ld+json\" class=\"yoast-schema-graph\">{\"@context\":\"https:\/\/schema.org\",\"@graph\":[{\"@type\":\"WebPage\",\"@id\":\"https:\/\/alegerglobal.com\/fr\/carriere\/\",\"url\":\"https:\/\/alegerglobal.com\/fr\/carriere\/\",\"name\":\"Carri\u00e8re chez ALEGER \u22c6 Augmented Reality\",\"isPartOf\":{\"@id\":\"https:\/\/alegerglobal.com\/fr\/#website\"},\"primaryImageOfPage\":{\"@id\":\"https:\/\/alegerglobal.com\/fr\/carriere\/#primaryimage\"},\"image\":{\"@id\":\"https:\/\/alegerglobal.com\/fr\/carriere\/#primaryimage\"},\"thumbnailUrl\":\"https:\/\/alegerglobal.com\/wp-content\/uploads\/2021\/09\/43ed.jpg\",\"datePublished\":\"2022-02-17T13:15:20+00:00\",\"dateModified\":\"2022-02-17T13:15:26+00:00\",\"description\":\"Tu es \u00e0 la recherche de d\u00e9fis et tu souhaites accompagner les entreprises sur la voie de la transformation num\u00e9rique ? Alors rejoins notre \u00e9quipe.\",\"breadcrumb\":{\"@id\":\"https:\/\/alegerglobal.com\/fr\/carriere\/#breadcrumb\"},\"inLanguage\":\"fr-FR\",\"potentialAction\":[{\"@type\":\"ReadAction\",\"target\":[\"https:\/\/alegerglobal.com\/fr\/carriere\/\"]}]},{\"@type\":\"ImageObject\",\"inLanguage\":\"fr-FR\",\"@id\":\"https:\/\/alegerglobal.com\/fr\/carriere\/#primaryimage\",\"url\":\"https:\/\/alegerglobal.com\/wp-content\/uploads\/2021\/09\/43ed.jpg\",\"contentUrl\":\"https:\/\/alegerglobal.com\/wp-content\/uploads\/2021\/09\/43ed.jpg\"},{\"@type\":\"BreadcrumbList\",\"@id\":\"https:\/\/alegerglobal.com\/fr\/carriere\/#breadcrumb\",\"itemListElement\":[{\"@type\":\"ListItem\",\"position\":1,\"name\":\"Home\",\"item\":\"https:\/\/alegerglobal.com\/fr\/new-page-daccueil\/\"},{\"@type\":\"ListItem\",\"position\":2,\"name\":\"Carri\u00e8re\"}]},{\"@type\":\"WebSite\",\"@id\":\"https:\/\/alegerglobal.com\/fr\/#website\",\"url\":\"https:\/\/alegerglobal.com\/fr\/\",\"name\":\"ALEGER \u22c6 Augmented Reality\",\"description\":\"Die besten Augmented Reality (AR) L\u00f6sungen der Welt.\",\"publisher\":{\"@id\":\"https:\/\/alegerglobal.com\/fr\/#organization\"},\"potentialAction\":[{\"@type\":\"SearchAction\",\"target\":{\"@type\":\"EntryPoint\",\"urlTemplate\":\"https:\/\/alegerglobal.com\/fr\/?s={search_term_string}\"},\"query-input\":{\"@type\":\"PropertyValueSpecification\",\"valueRequired\":true,\"valueName\":\"search_term_string\"}}],\"inLanguage\":\"fr-FR\"},{\"@type\":\"Organization\",\"@id\":\"https:\/\/alegerglobal.com\/fr\/#organization\",\"name\":\"ALEGER \u22c6 Augmented Reality\",\"url\":\"https:\/\/alegerglobal.com\/fr\/\",\"logo\":{\"@type\":\"ImageObject\",\"inLanguage\":\"fr-FR\",\"@id\":\"https:\/\/alegerglobal.com\/fr\/#\/schema\/logo\/image\/\",\"url\":\"https:\/\/alegerglobal.com\/wp-content\/uploads\/2020\/12\/aleger-logo-quadrat.jpg\",\"contentUrl\":\"https:\/\/alegerglobal.com\/wp-content\/uploads\/2020\/12\/aleger-logo-quadrat.jpg\",\"width\":200,\"height\":176,\"caption\":\"ALEGER \u22c6 Augmented Reality\"},\"image\":{\"@id\":\"https:\/\/alegerglobal.com\/fr\/#\/schema\/logo\/image\/\"}}]}<\/script>\n<!-- \/ Yoast SEO Premium plugin. -->","yoast_head_json":{"title":"Carri\u00e8re chez ALEGER \u22c6 Augmented Reality","description":"Tu es \u00e0 la recherche de d\u00e9fis et tu souhaites accompagner les entreprises sur la voie de la transformation num\u00e9rique ? Alors rejoins notre \u00e9quipe.","robots":{"index":"index","follow":"follow","max-snippet":"max-snippet:-1","max-image-preview":"max-image-preview:large","max-video-preview":"max-video-preview:-1"},"og_locale":"fr_FR","og_type":"article","og_title":"Carri\u00e8re","og_description":"Tu es \u00e0 la recherche de d\u00e9fis et tu souhaites accompagner les entreprises sur la voie de la transformation num\u00e9rique ? Alors rejoins notre \u00e9quipe.","og_url":"https:\/\/alegerglobal.com\/fr\/carriere\/","og_site_name":"ALEGER \u22c6 Augmented Reality","article_modified_time":"2022-02-17T13:15:26+00:00","og_image":[{"url":"https:\/\/alegerglobal.com\/wp-content\/uploads\/2021\/09\/43ed.jpg","type":"","width":"","height":""}],"twitter_card":"summary_large_image","twitter_misc":{"Dur\u00e9e de lecture estim\u00e9e":"3 minutes"},"schema":{"@context":"https:\/\/schema.org","@graph":[{"@type":"WebPage","@id":"https:\/\/alegerglobal.com\/fr\/carriere\/","url":"https:\/\/alegerglobal.com\/fr\/carriere\/","name":"Carri\u00e8re chez ALEGER \u22c6 Augmented Reality","isPartOf":{"@id":"https:\/\/alegerglobal.com\/fr\/#website"},"primaryImageOfPage":{"@id":"https:\/\/alegerglobal.com\/fr\/carriere\/#primaryimage"},"image":{"@id":"https:\/\/alegerglobal.com\/fr\/carriere\/#primaryimage"},"thumbnailUrl":"https:\/\/alegerglobal.com\/wp-content\/uploads\/2021\/09\/43ed.jpg","datePublished":"2022-02-17T13:15:20+00:00","dateModified":"2022-02-17T13:15:26+00:00","description":"Tu es \u00e0 la recherche de d\u00e9fis et tu souhaites accompagner les entreprises sur la voie de la transformation num\u00e9rique ? Alors rejoins notre \u00e9quipe.","breadcrumb":{"@id":"https:\/\/alegerglobal.com\/fr\/carriere\/#breadcrumb"},"inLanguage":"fr-FR","potentialAction":[{"@type":"ReadAction","target":["https:\/\/alegerglobal.com\/fr\/carriere\/"]}]},{"@type":"ImageObject","inLanguage":"fr-FR","@id":"https:\/\/alegerglobal.com\/fr\/carriere\/#primaryimage","url":"https:\/\/alegerglobal.com\/wp-content\/uploads\/2021\/09\/43ed.jpg","contentUrl":"https:\/\/alegerglobal.com\/wp-content\/uploads\/2021\/09\/43ed.jpg"},{"@type":"BreadcrumbList","@id":"https:\/\/alegerglobal.com\/fr\/carriere\/#breadcrumb","itemListElement":[{"@type":"ListItem","position":1,"name":"Home","item":"https:\/\/alegerglobal.com\/fr\/new-page-daccueil\/"},{"@type":"ListItem","position":2,"name":"Carri\u00e8re"}]},{"@type":"WebSite","@id":"https:\/\/alegerglobal.com\/fr\/#website","url":"https:\/\/alegerglobal.com\/fr\/","name":"ALEGER \u22c6 Augmented Reality","description":"Die besten Augmented Reality (AR) L\u00f6sungen der Welt.","publisher":{"@id":"https:\/\/alegerglobal.com\/fr\/#organization"},"potentialAction":[{"@type":"SearchAction","target":{"@type":"EntryPoint","urlTemplate":"https:\/\/alegerglobal.com\/fr\/?s={search_term_string}"},"query-input":{"@type":"PropertyValueSpecification","valueRequired":true,"valueName":"search_term_string"}}],"inLanguage":"fr-FR"},{"@type":"Organization","@id":"https:\/\/alegerglobal.com\/fr\/#organization","name":"ALEGER \u22c6 Augmented Reality","url":"https:\/\/alegerglobal.com\/fr\/","logo":{"@type":"ImageObject","inLanguage":"fr-FR","@id":"https:\/\/alegerglobal.com\/fr\/#\/schema\/logo\/image\/","url":"https:\/\/alegerglobal.com\/wp-content\/uploads\/2020\/12\/aleger-logo-quadrat.jpg","contentUrl":"https:\/\/alegerglobal.com\/wp-content\/uploads\/2020\/12\/aleger-logo-quadrat.jpg","width":200,"height":176,"caption":"ALEGER \u22c6 Augmented Reality"},"image":{"@id":"https:\/\/alegerglobal.com\/fr\/#\/schema\/logo\/image\/"}}]}},"_links":{"self":[{"href":"https:\/\/alegerglobal.com\/fr\/wp-json\/wp\/v2\/pages\/14526","targetHints":{"allow":["GET"]}}],"collection":[{"href":"https:\/\/alegerglobal.com\/fr\/wp-json\/wp\/v2\/pages"}],"about":[{"href":"https:\/\/alegerglobal.com\/fr\/wp-json\/wp\/v2\/types\/page"}],"author":[{"embeddable":true,"href":"https:\/\/alegerglobal.com\/fr\/wp-json\/wp\/v2\/users\/3"}],"replies":[{"embeddable":true,"href":"https:\/\/alegerglobal.com\/fr\/wp-json\/wp\/v2\/comments?post=14526"}],"version-history":[{"count":1,"href":"https:\/\/alegerglobal.com\/fr\/wp-json\/wp\/v2\/pages\/14526\/revisions"}],"predecessor-version":[{"id":14531,"href":"https:\/\/alegerglobal.com\/fr\/wp-json\/wp\/v2\/pages\/14526\/revisions\/14531"}],"wp:attachment":[{"href":"https:\/\/alegerglobal.com\/fr\/wp-json\/wp\/v2\/media?parent=14526"}],"curies":[{"name":"wp","href":"https:\/\/api.w.org\/{rel}","templated":true}]}}