{"id":53336,"date":"2026-03-06T14:32:50","date_gmt":"2026-03-06T13:32:51","guid":{"rendered":"https:\/\/alegerglobal.com\/?post_type=product&#038;p=53336"},"modified":"2026-03-19T18:40:54","modified_gmt":"2026-03-19T17:40:54","slug":"gafas-inteligentes-ar-aleger-xr-500-imagen-termica-sonar-y-camara-de-48mp-kopie","status":"publish","type":"product","link":"https:\/\/alegerglobal.com\/es\/shop-es\/gafas-inteligentes-ar-aleger-xr-500-imagen-termica-sonar-y-camara-de-48mp-kopie\/","title":{"rendered":"Gafas inteligentes ALEGER XR 800 AR &#8211; Pantalla 1080p, c\u00e1mara de 13 MP, GPS y gafas inteligentes industriales Android"},"content":{"rendered":"","protected":false},"excerpt":{"rendered":"<p data-start=\"680\" data-end=\"985\">Las <strong data-start=\"684\" data-end=\"701\">ALEGER XR 800<\/strong> son unas gafas inteligentes profesionales de realidad aumentada para aplicaciones industriales, inspecciones y trabajos t\u00e9cnicos. La pantalla de RA integrada muestra informaci\u00f3n digital directamente en el campo de visi\u00f3n del usuario, lo que permite un trabajo eficaz sin dispositivos adicionales.<\/p>\n<p data-start=\"987\" data-end=\"1469\">Gracias a la c\u00e1mara, los sensores y el GPS integrados, las gafas pueden capturar y transmitir im\u00e1genes, datos e informaci\u00f3n ambiental en tiempo real. El sistema Android permite el uso de aplicaciones personalizadas y conexiones a la nube, lo que hace que la ALEGER XR 800 sea especialmente adecuada para mantenimiento, asistencia remota, log\u00edstica o formaci\u00f3n. Puede manejarse c\u00f3modamente mediante el panel t\u00e1ctil, los botones o el control por voz, con las manos completamente libres mientras trabajas.<\/p>\n","protected":false},"featured_media":53359,"comment_status":"open","ping_status":"closed","template":"","meta":{"_acf_changed":false},"product_brand":[],"product_cat":[1381,1341],"product_tag":[],"class_list":{"0":"post-53336","1":"product","2":"type-product","3":"status-publish","4":"has-post-thumbnail","6":"product_cat-gafas-inteligentes","7":"product_cat-shop-es","8":"pa_hersteller-getac-es","10":"first","11":"instock","12":"taxable","13":"shipping-taxable","14":"product-type-simple"},"acf":[],"yoast_head":"<!-- This site is optimized with the Yoast SEO Premium plugin v20.10 (Yoast SEO v24.3) - https:\/\/yoast.com\/wordpress\/plugins\/seo\/ -->\n<title>ALEGER XR 800 AR Smart Glasses - Gafas inteligentes industriales Android<\/title>\n<meta name=\"description\" content=\"Las ALEGER XR 800 son unas robustas gafas inteligentes AR con doble pantalla, c\u00e1mara de 13 MP, seguimiento GPS, control por voz y sistema Android. Ideales para la industria, la inspecci\u00f3n, el mantenimiento, la log\u00edstica y el soporte remoto.\" \/>\n<meta name=\"robots\" content=\"index, follow, max-snippet:-1, max-image-preview:large, max-video-preview:-1\" \/>\n<meta property=\"og:locale\" content=\"es_ES\" \/>\n<meta property=\"og:type\" content=\"article\" \/>\n<meta property=\"og:title\" content=\"Gafas inteligentes ALEGER XR 800 AR - Pantalla 1080p, c\u00e1mara de 13 MP, GPS y gafas inteligentes industriales Android\" \/>\n<meta property=\"og:description\" content=\"Las ALEGER XR 800 son unas robustas gafas inteligentes AR con doble pantalla, c\u00e1mara de 13 MP, seguimiento GPS, control por voz y sistema Android. Ideales para la industria, la inspecci\u00f3n, el mantenimiento, la log\u00edstica y el soporte remoto.\" \/>\n<meta property=\"og:url\" content=\"https:\/\/alegerglobal.com\/es\/shop-es\/gafas-inteligentes-ar-aleger-xr-500-imagen-termica-sonar-y-camara-de-48mp-kopie\/\" \/>\n<meta property=\"og:site_name\" content=\"ALEGER \u22c6 Augmented Reality\" \/>\n<meta property=\"article:modified_time\" content=\"2026-03-19T17:40:54+00:00\" \/>\n<meta property=\"og:image\" content=\"https:\/\/alegerglobal.com\/wp-content\/uploads\/2026\/03\/ALEGER-XR800-1.png\" \/>\n\t<meta property=\"og:image:width\" content=\"800\" \/>\n\t<meta property=\"og:image:height\" content=\"800\" \/>\n\t<meta property=\"og:image:type\" content=\"image\/png\" \/>\n<meta name=\"twitter:card\" content=\"summary_large_image\" \/>\n<meta name=\"twitter:label1\" content=\"Precio\" \/>\n\t<meta name=\"twitter:data1\" content=\"\" \/>\n\t<meta name=\"twitter:label2\" content=\"Disponibilidad\" \/>\n\t<meta name=\"twitter:data2\" content=\"Disponible\" \/>\n<script type=\"application\/ld+json\" class=\"yoast-schema-graph\">{\"@context\":\"https:\/\/schema.org\",\"@graph\":[{\"@type\":\"WebPage\",\"@id\":\"https:\/\/alegerglobal.com\/es\/shop-es\/gafas-inteligentes-ar-aleger-xr-500-imagen-termica-sonar-y-camara-de-48mp-kopie\/\",\"url\":\"https:\/\/alegerglobal.com\/es\/shop-es\/gafas-inteligentes-ar-aleger-xr-500-imagen-termica-sonar-y-camara-de-48mp-kopie\/\",\"name\":\"ALEGER XR 800 AR Smart Glasses - Gafas inteligentes industriales Android\",\"isPartOf\":{\"@id\":\"https:\/\/alegerglobal.com\/es\/#website\"},\"primaryImageOfPage\":{\"@id\":\"https:\/\/alegerglobal.com\/es\/shop-es\/gafas-inteligentes-ar-aleger-xr-500-imagen-termica-sonar-y-camara-de-48mp-kopie\/#primaryimage\"},\"image\":{\"@id\":\"https:\/\/alegerglobal.com\/es\/shop-es\/gafas-inteligentes-ar-aleger-xr-500-imagen-termica-sonar-y-camara-de-48mp-kopie\/#primaryimage\"},\"thumbnailUrl\":\"https:\/\/alegerglobal.com\/wp-content\/uploads\/2026\/03\/ALEGER-XR800-1.png\",\"datePublished\":\"2026-03-06T13:32:51+00:00\",\"dateModified\":\"2026-03-19T17:40:54+00:00\",\"description\":\"Las ALEGER XR 800 son unas robustas gafas inteligentes AR con doble pantalla, c\u00e1mara de 13 MP, seguimiento GPS, control por voz y sistema Android. Ideales para la industria, la inspecci\u00f3n, el mantenimiento, la log\u00edstica y el soporte remoto.\",\"breadcrumb\":{\"@id\":\"https:\/\/alegerglobal.com\/es\/shop-es\/gafas-inteligentes-ar-aleger-xr-500-imagen-termica-sonar-y-camara-de-48mp-kopie\/#breadcrumb\"},\"inLanguage\":\"es\",\"potentialAction\":[{\"@type\":\"ReadAction\",\"target\":[\"https:\/\/alegerglobal.com\/es\/shop-es\/gafas-inteligentes-ar-aleger-xr-500-imagen-termica-sonar-y-camara-de-48mp-kopie\/\"]}]},{\"@type\":\"ImageObject\",\"inLanguage\":\"es\",\"@id\":\"https:\/\/alegerglobal.com\/es\/shop-es\/gafas-inteligentes-ar-aleger-xr-500-imagen-termica-sonar-y-camara-de-48mp-kopie\/#primaryimage\",\"url\":\"https:\/\/alegerglobal.com\/wp-content\/uploads\/2026\/03\/ALEGER-XR800-1.png\",\"contentUrl\":\"https:\/\/alegerglobal.com\/wp-content\/uploads\/2026\/03\/ALEGER-XR800-1.png\",\"width\":800,\"height\":800},{\"@type\":\"BreadcrumbList\",\"@id\":\"https:\/\/alegerglobal.com\/es\/shop-es\/gafas-inteligentes-ar-aleger-xr-500-imagen-termica-sonar-y-camara-de-48mp-kopie\/#breadcrumb\",\"itemListElement\":[{\"@type\":\"ListItem\",\"position\":1,\"name\":\"Home\",\"item\":\"https:\/\/alegerglobal.com\/es\/nuevo-pagina-de-inicio\/\"},{\"@type\":\"ListItem\",\"position\":2,\"name\":\"Productos\",\"item\":\"https:\/\/alegerglobal.com\/es\/productos\/\"},{\"@type\":\"ListItem\",\"position\":3,\"name\":\"Gafas inteligentes ALEGER XR 800 AR &#8211; Pantalla 1080p, c\u00e1mara de 13 MP, GPS y gafas inteligentes industriales Android\"}]},{\"@type\":\"WebSite\",\"@id\":\"https:\/\/alegerglobal.com\/es\/#website\",\"url\":\"https:\/\/alegerglobal.com\/es\/\",\"name\":\"ALEGER \u22c6 Augmented Reality\",\"description\":\"Die besten Augmented Reality (AR) L\u00f6sungen der Welt.\",\"publisher\":{\"@id\":\"https:\/\/alegerglobal.com\/es\/#organization\"},\"potentialAction\":[{\"@type\":\"SearchAction\",\"target\":{\"@type\":\"EntryPoint\",\"urlTemplate\":\"https:\/\/alegerglobal.com\/es\/?s={search_term_string}\"},\"query-input\":{\"@type\":\"PropertyValueSpecification\",\"valueRequired\":true,\"valueName\":\"search_term_string\"}}],\"inLanguage\":\"es\"},{\"@type\":\"Organization\",\"@id\":\"https:\/\/alegerglobal.com\/es\/#organization\",\"name\":\"ALEGER \u22c6 Augmented Reality\",\"url\":\"https:\/\/alegerglobal.com\/es\/\",\"logo\":{\"@type\":\"ImageObject\",\"inLanguage\":\"es\",\"@id\":\"https:\/\/alegerglobal.com\/es\/#\/schema\/logo\/image\/\",\"url\":\"https:\/\/alegerglobal.com\/wp-content\/uploads\/2020\/12\/aleger-logo-quadrat.jpg\",\"contentUrl\":\"https:\/\/alegerglobal.com\/wp-content\/uploads\/2020\/12\/aleger-logo-quadrat.jpg\",\"width\":200,\"height\":176,\"caption\":\"ALEGER \u22c6 Augmented Reality\"},\"image\":{\"@id\":\"https:\/\/alegerglobal.com\/es\/#\/schema\/logo\/image\/\"}}]}<\/script>\n<meta property=\"product:brand\" content=\"Getac\" \/>\n<meta property=\"product:price:amount\" content=\"0.00\" \/>\n<meta property=\"product:price:currency\" content=\"EUR\" \/>\n<meta property=\"og:availability\" content=\"instock\" \/>\n<meta property=\"product:availability\" content=\"instock\" \/>\n<meta property=\"product:condition\" content=\"new\" \/>\n<!-- \/ Yoast SEO Premium plugin. -->","yoast_head_json":{"title":"ALEGER XR 800 AR Smart Glasses - Gafas inteligentes industriales Android","description":"Las ALEGER XR 800 son unas robustas gafas inteligentes AR con doble pantalla, c\u00e1mara de 13 MP, seguimiento GPS, control por voz y sistema Android. Ideales para la industria, la inspecci\u00f3n, el mantenimiento, la log\u00edstica y el soporte remoto.","robots":{"index":"index","follow":"follow","max-snippet":"max-snippet:-1","max-image-preview":"max-image-preview:large","max-video-preview":"max-video-preview:-1"},"og_locale":"es_ES","og_type":"article","og_title":"Gafas inteligentes ALEGER XR 800 AR - Pantalla 1080p, c\u00e1mara de 13 MP, GPS y gafas inteligentes industriales Android","og_description":"Las ALEGER XR 800 son unas robustas gafas inteligentes AR con doble pantalla, c\u00e1mara de 13 MP, seguimiento GPS, control por voz y sistema Android. Ideales para la industria, la inspecci\u00f3n, el mantenimiento, la log\u00edstica y el soporte remoto.","og_url":"https:\/\/alegerglobal.com\/es\/shop-es\/gafas-inteligentes-ar-aleger-xr-500-imagen-termica-sonar-y-camara-de-48mp-kopie\/","og_site_name":"ALEGER \u22c6 Augmented Reality","article_modified_time":"2026-03-19T17:40:54+00:00","og_image":[{"width":800,"height":800,"url":"https:\/\/alegerglobal.com\/wp-content\/uploads\/2026\/03\/ALEGER-XR800-1.png","type":"image\/png"}],"twitter_card":"summary_large_image","twitter_misc":{"Precio":"","Disponibilidad":"Disponible"},"schema":{"@context":"https:\/\/schema.org","@graph":[{"@type":"WebPage","@id":"https:\/\/alegerglobal.com\/es\/shop-es\/gafas-inteligentes-ar-aleger-xr-500-imagen-termica-sonar-y-camara-de-48mp-kopie\/","url":"https:\/\/alegerglobal.com\/es\/shop-es\/gafas-inteligentes-ar-aleger-xr-500-imagen-termica-sonar-y-camara-de-48mp-kopie\/","name":"ALEGER XR 800 AR Smart Glasses - Gafas inteligentes industriales Android","isPartOf":{"@id":"https:\/\/alegerglobal.com\/es\/#website"},"primaryImageOfPage":{"@id":"https:\/\/alegerglobal.com\/es\/shop-es\/gafas-inteligentes-ar-aleger-xr-500-imagen-termica-sonar-y-camara-de-48mp-kopie\/#primaryimage"},"image":{"@id":"https:\/\/alegerglobal.com\/es\/shop-es\/gafas-inteligentes-ar-aleger-xr-500-imagen-termica-sonar-y-camara-de-48mp-kopie\/#primaryimage"},"thumbnailUrl":"https:\/\/alegerglobal.com\/wp-content\/uploads\/2026\/03\/ALEGER-XR800-1.png","datePublished":"2026-03-06T13:32:51+00:00","dateModified":"2026-03-19T17:40:54+00:00","description":"Las ALEGER XR 800 son unas robustas gafas inteligentes AR con doble pantalla, c\u00e1mara de 13 MP, seguimiento GPS, control por voz y sistema Android. Ideales para la industria, la inspecci\u00f3n, el mantenimiento, la log\u00edstica y el soporte remoto.","breadcrumb":{"@id":"https:\/\/alegerglobal.com\/es\/shop-es\/gafas-inteligentes-ar-aleger-xr-500-imagen-termica-sonar-y-camara-de-48mp-kopie\/#breadcrumb"},"inLanguage":"es","potentialAction":[{"@type":"ReadAction","target":["https:\/\/alegerglobal.com\/es\/shop-es\/gafas-inteligentes-ar-aleger-xr-500-imagen-termica-sonar-y-camara-de-48mp-kopie\/"]}]},{"@type":"ImageObject","inLanguage":"es","@id":"https:\/\/alegerglobal.com\/es\/shop-es\/gafas-inteligentes-ar-aleger-xr-500-imagen-termica-sonar-y-camara-de-48mp-kopie\/#primaryimage","url":"https:\/\/alegerglobal.com\/wp-content\/uploads\/2026\/03\/ALEGER-XR800-1.png","contentUrl":"https:\/\/alegerglobal.com\/wp-content\/uploads\/2026\/03\/ALEGER-XR800-1.png","width":800,"height":800},{"@type":"BreadcrumbList","@id":"https:\/\/alegerglobal.com\/es\/shop-es\/gafas-inteligentes-ar-aleger-xr-500-imagen-termica-sonar-y-camara-de-48mp-kopie\/#breadcrumb","itemListElement":[{"@type":"ListItem","position":1,"name":"Home","item":"https:\/\/alegerglobal.com\/es\/nuevo-pagina-de-inicio\/"},{"@type":"ListItem","position":2,"name":"Productos","item":"https:\/\/alegerglobal.com\/es\/productos\/"},{"@type":"ListItem","position":3,"name":"Gafas inteligentes ALEGER XR 800 AR &#8211; Pantalla 1080p, c\u00e1mara de 13 MP, GPS y gafas inteligentes industriales Android"}]},{"@type":"WebSite","@id":"https:\/\/alegerglobal.com\/es\/#website","url":"https:\/\/alegerglobal.com\/es\/","name":"ALEGER \u22c6 Augmented Reality","description":"Die besten Augmented Reality (AR) L\u00f6sungen der Welt.","publisher":{"@id":"https:\/\/alegerglobal.com\/es\/#organization"},"potentialAction":[{"@type":"SearchAction","target":{"@type":"EntryPoint","urlTemplate":"https:\/\/alegerglobal.com\/es\/?s={search_term_string}"},"query-input":{"@type":"PropertyValueSpecification","valueRequired":true,"valueName":"search_term_string"}}],"inLanguage":"es"},{"@type":"Organization","@id":"https:\/\/alegerglobal.com\/es\/#organization","name":"ALEGER \u22c6 Augmented Reality","url":"https:\/\/alegerglobal.com\/es\/","logo":{"@type":"ImageObject","inLanguage":"es","@id":"https:\/\/alegerglobal.com\/es\/#\/schema\/logo\/image\/","url":"https:\/\/alegerglobal.com\/wp-content\/uploads\/2020\/12\/aleger-logo-quadrat.jpg","contentUrl":"https:\/\/alegerglobal.com\/wp-content\/uploads\/2020\/12\/aleger-logo-quadrat.jpg","width":200,"height":176,"caption":"ALEGER \u22c6 Augmented Reality"},"image":{"@id":"https:\/\/alegerglobal.com\/es\/#\/schema\/logo\/image\/"}}]},"product_brand":"Getac","product_price_amount":"0.00","product_price_currency":"EUR","og_availability":"instock","product_availability":"instock","product_condition":"new"},"_links":{"self":[{"href":"https:\/\/alegerglobal.com\/es\/wp-json\/wp\/v2\/product\/53336","targetHints":{"allow":["GET"]}}],"collection":[{"href":"https:\/\/alegerglobal.com\/es\/wp-json\/wp\/v2\/product"}],"about":[{"href":"https:\/\/alegerglobal.com\/es\/wp-json\/wp\/v2\/types\/product"}],"replies":[{"embeddable":true,"href":"https:\/\/alegerglobal.com\/es\/wp-json\/wp\/v2\/comments?post=53336"}],"version-history":[{"count":3,"href":"https:\/\/alegerglobal.com\/es\/wp-json\/wp\/v2\/product\/53336\/revisions"}],"predecessor-version":[{"id":53876,"href":"https:\/\/alegerglobal.com\/es\/wp-json\/wp\/v2\/product\/53336\/revisions\/53876"}],"wp:featuredmedia":[{"embeddable":true,"href":"https:\/\/alegerglobal.com\/es\/wp-json\/wp\/v2\/media\/53359"}],"wp:attachment":[{"href":"https:\/\/alegerglobal.com\/es\/wp-json\/wp\/v2\/media?parent=53336"}],"wp:term":[{"taxonomy":"product_brand","embeddable":true,"href":"https:\/\/alegerglobal.com\/es\/wp-json\/wp\/v2\/product_brand?post=53336"},{"taxonomy":"product_cat","embeddable":true,"href":"https:\/\/alegerglobal.com\/es\/wp-json\/wp\/v2\/product_cat?post=53336"},{"taxonomy":"product_tag","embeddable":true,"href":"https:\/\/alegerglobal.com\/es\/wp-json\/wp\/v2\/product_tag?post=53336"}],"curies":[{"name":"wp","href":"https:\/\/api.w.org\/{rel}","templated":true}]}}