{"id":53279,"date":"2026-03-06T14:08:34","date_gmt":"2026-03-06T13:08:35","guid":{"rendered":"https:\/\/alegerglobal.com\/?post_type=product&#038;p=53279"},"modified":"2026-03-19T18:40:56","modified_gmt":"2026-03-19T17:40:56","slug":"osmo-nano-camara-de-accion-ultraligera-4k-para-llevar-puesta-kopie","status":"publish","type":"product","link":"https:\/\/alegerglobal.com\/es\/shop-es\/osmo-nano-camara-de-accion-ultraligera-4k-para-llevar-puesta-kopie\/","title":{"rendered":"Gafas inteligentes AR ALEGER XR 500 &#8211; Imagen t\u00e9rmica, sonar y c\u00e1mara de 48MP"},"content":{"rendered":"","protected":false},"excerpt":{"rendered":"<p data-start=\"619\" data-end=\"996\">Las <strong data-start=\"623\" data-end=\"640\">ALEGER XR 500<\/strong> son unas innovadoras gafas inteligentes de RA que combinan sensores de \u00faltima generaci\u00f3n y tecnolog\u00eda de IA para ampliar tu percepci\u00f3n. La pantalla de realidad aumentada integrada te proporciona informaci\u00f3n importante directamente en tu campo de visi\u00f3n, mientras que potentes m\u00f3dulos como una c\u00e1mara termogr\u00e1fica, una sonda de pesca o un endoscopio aportan informaci\u00f3n adicional.<\/p>\n<p data-start=\"998\" data-end=\"1361\">La ALEGER XR 500 proporciona datos precisos en tiempo real y permite trabajar con las manos libres. La c\u00e1mara integrada de 48 MP, el reconocimiento de objetos por IA y el control por voz la convierten en una herramienta vers\u00e1til de alta tecnolog\u00eda para profesionales y exploradores.<\/p>\n","protected":false},"featured_media":53305,"comment_status":"open","ping_status":"closed","template":"","meta":{"_acf_changed":false},"product_brand":[],"product_cat":[1381,1341],"product_tag":[],"class_list":{"0":"post-53279","1":"product","2":"type-product","3":"status-publish","4":"has-post-thumbnail","6":"product_cat-gafas-inteligentes","7":"product_cat-shop-es","8":"pa_hersteller-getac-es","10":"first","11":"instock","12":"taxable","13":"shipping-taxable","14":"product-type-simple"},"acf":[],"yoast_head":"<!-- This site is optimized with the Yoast SEO Premium plugin v20.10 (Yoast SEO v24.3) - https:\/\/yoast.com\/wordpress\/plugins\/seo\/ -->\n<title>Gafas inteligentes AR ALEGER XR 500 - C\u00e1mara termogr\u00e1fica y 48MP<\/title>\n<meta name=\"description\" content=\"Las gafas inteligentes ALEGER XR 500 AR combinan una c\u00e1mara de 48 MP y reconocimiento de IA en unas gafas modulares de alta tecnolog\u00eda. Ideales para inspecciones t\u00e9cnicas, con pantalla AR y manos libres.\" \/>\n<meta name=\"robots\" content=\"index, follow, max-snippet:-1, max-image-preview:large, max-video-preview:-1\" \/>\n<meta property=\"og:locale\" content=\"es_ES\" \/>\n<meta property=\"og:type\" content=\"article\" \/>\n<meta property=\"og:title\" content=\"Gafas inteligentes AR ALEGER XR 500 - Imagen t\u00e9rmica, sonar y c\u00e1mara de 48MP\" \/>\n<meta property=\"og:description\" content=\"Las gafas inteligentes ALEGER XR 500 AR combinan una c\u00e1mara de 48 MP y reconocimiento de IA en unas gafas modulares de alta tecnolog\u00eda. Ideales para inspecciones t\u00e9cnicas, con pantalla AR y manos libres.\" \/>\n<meta property=\"og:url\" content=\"https:\/\/alegerglobal.com\/es\/shop-es\/osmo-nano-camara-de-accion-ultraligera-4k-para-llevar-puesta-kopie\/\" \/>\n<meta property=\"og:site_name\" content=\"ALEGER \u22c6 Augmented Reality\" \/>\n<meta property=\"article:modified_time\" content=\"2026-03-19T17:40:56+00:00\" \/>\n<meta property=\"og:image\" content=\"https:\/\/alegerglobal.com\/wp-content\/uploads\/2026\/03\/ALEGER-XR-500-1.png\" \/>\n\t<meta property=\"og:image:width\" content=\"800\" \/>\n\t<meta property=\"og:image:height\" content=\"800\" \/>\n\t<meta property=\"og:image:type\" content=\"image\/png\" \/>\n<meta name=\"twitter:card\" content=\"summary_large_image\" \/>\n<meta name=\"twitter:label1\" content=\"Precio\" \/>\n\t<meta name=\"twitter:data1\" content=\"\" \/>\n\t<meta name=\"twitter:label2\" content=\"Disponibilidad\" \/>\n\t<meta name=\"twitter:data2\" content=\"Disponible\" \/>\n<script type=\"application\/ld+json\" class=\"yoast-schema-graph\">{\"@context\":\"https:\/\/schema.org\",\"@graph\":[{\"@type\":\"WebPage\",\"@id\":\"https:\/\/alegerglobal.com\/es\/shop-es\/osmo-nano-camara-de-accion-ultraligera-4k-para-llevar-puesta-kopie\/\",\"url\":\"https:\/\/alegerglobal.com\/es\/shop-es\/osmo-nano-camara-de-accion-ultraligera-4k-para-llevar-puesta-kopie\/\",\"name\":\"Gafas inteligentes AR ALEGER XR 500 - C\u00e1mara termogr\u00e1fica y 48MP\",\"isPartOf\":{\"@id\":\"https:\/\/alegerglobal.com\/es\/#website\"},\"primaryImageOfPage\":{\"@id\":\"https:\/\/alegerglobal.com\/es\/shop-es\/osmo-nano-camara-de-accion-ultraligera-4k-para-llevar-puesta-kopie\/#primaryimage\"},\"image\":{\"@id\":\"https:\/\/alegerglobal.com\/es\/shop-es\/osmo-nano-camara-de-accion-ultraligera-4k-para-llevar-puesta-kopie\/#primaryimage\"},\"thumbnailUrl\":\"https:\/\/alegerglobal.com\/wp-content\/uploads\/2026\/03\/ALEGER-XR-500-1.png\",\"datePublished\":\"2026-03-06T13:08:35+00:00\",\"dateModified\":\"2026-03-19T17:40:56+00:00\",\"description\":\"Las gafas inteligentes ALEGER XR 500 AR combinan una c\u00e1mara de 48 MP y reconocimiento de IA en unas gafas modulares de alta tecnolog\u00eda. Ideales para inspecciones t\u00e9cnicas, con pantalla AR y manos libres.\",\"breadcrumb\":{\"@id\":\"https:\/\/alegerglobal.com\/es\/shop-es\/osmo-nano-camara-de-accion-ultraligera-4k-para-llevar-puesta-kopie\/#breadcrumb\"},\"inLanguage\":\"es\",\"potentialAction\":[{\"@type\":\"ReadAction\",\"target\":[\"https:\/\/alegerglobal.com\/es\/shop-es\/osmo-nano-camara-de-accion-ultraligera-4k-para-llevar-puesta-kopie\/\"]}]},{\"@type\":\"ImageObject\",\"inLanguage\":\"es\",\"@id\":\"https:\/\/alegerglobal.com\/es\/shop-es\/osmo-nano-camara-de-accion-ultraligera-4k-para-llevar-puesta-kopie\/#primaryimage\",\"url\":\"https:\/\/alegerglobal.com\/wp-content\/uploads\/2026\/03\/ALEGER-XR-500-1.png\",\"contentUrl\":\"https:\/\/alegerglobal.com\/wp-content\/uploads\/2026\/03\/ALEGER-XR-500-1.png\",\"width\":800,\"height\":800},{\"@type\":\"BreadcrumbList\",\"@id\":\"https:\/\/alegerglobal.com\/es\/shop-es\/osmo-nano-camara-de-accion-ultraligera-4k-para-llevar-puesta-kopie\/#breadcrumb\",\"itemListElement\":[{\"@type\":\"ListItem\",\"position\":1,\"name\":\"Home\",\"item\":\"https:\/\/alegerglobal.com\/es\/nuevo-pagina-de-inicio\/\"},{\"@type\":\"ListItem\",\"position\":2,\"name\":\"Productos\",\"item\":\"https:\/\/alegerglobal.com\/es\/productos\/\"},{\"@type\":\"ListItem\",\"position\":3,\"name\":\"Gafas inteligentes AR ALEGER XR 500 &#8211; Imagen t\u00e9rmica, sonar y c\u00e1mara de 48MP\"}]},{\"@type\":\"WebSite\",\"@id\":\"https:\/\/alegerglobal.com\/es\/#website\",\"url\":\"https:\/\/alegerglobal.com\/es\/\",\"name\":\"ALEGER \u22c6 Augmented Reality\",\"description\":\"Die besten Augmented Reality (AR) L\u00f6sungen der Welt.\",\"publisher\":{\"@id\":\"https:\/\/alegerglobal.com\/es\/#organization\"},\"potentialAction\":[{\"@type\":\"SearchAction\",\"target\":{\"@type\":\"EntryPoint\",\"urlTemplate\":\"https:\/\/alegerglobal.com\/es\/?s={search_term_string}\"},\"query-input\":{\"@type\":\"PropertyValueSpecification\",\"valueRequired\":true,\"valueName\":\"search_term_string\"}}],\"inLanguage\":\"es\"},{\"@type\":\"Organization\",\"@id\":\"https:\/\/alegerglobal.com\/es\/#organization\",\"name\":\"ALEGER \u22c6 Augmented Reality\",\"url\":\"https:\/\/alegerglobal.com\/es\/\",\"logo\":{\"@type\":\"ImageObject\",\"inLanguage\":\"es\",\"@id\":\"https:\/\/alegerglobal.com\/es\/#\/schema\/logo\/image\/\",\"url\":\"https:\/\/alegerglobal.com\/wp-content\/uploads\/2020\/12\/aleger-logo-quadrat.jpg\",\"contentUrl\":\"https:\/\/alegerglobal.com\/wp-content\/uploads\/2020\/12\/aleger-logo-quadrat.jpg\",\"width\":200,\"height\":176,\"caption\":\"ALEGER \u22c6 Augmented Reality\"},\"image\":{\"@id\":\"https:\/\/alegerglobal.com\/es\/#\/schema\/logo\/image\/\"}}]}<\/script>\n<meta property=\"product:brand\" content=\"Getac\" \/>\n<meta property=\"product:price:amount\" content=\"0.00\" \/>\n<meta property=\"product:price:currency\" content=\"EUR\" \/>\n<meta property=\"og:availability\" content=\"instock\" \/>\n<meta property=\"product:availability\" content=\"instock\" \/>\n<meta property=\"product:condition\" content=\"new\" \/>\n<!-- \/ Yoast SEO Premium plugin. -->","yoast_head_json":{"title":"Gafas inteligentes AR ALEGER XR 500 - C\u00e1mara termogr\u00e1fica y 48MP","description":"Las gafas inteligentes ALEGER XR 500 AR combinan una c\u00e1mara de 48 MP y reconocimiento de IA en unas gafas modulares de alta tecnolog\u00eda. Ideales para inspecciones t\u00e9cnicas, con pantalla AR y manos libres.","robots":{"index":"index","follow":"follow","max-snippet":"max-snippet:-1","max-image-preview":"max-image-preview:large","max-video-preview":"max-video-preview:-1"},"og_locale":"es_ES","og_type":"article","og_title":"Gafas inteligentes AR ALEGER XR 500 - Imagen t\u00e9rmica, sonar y c\u00e1mara de 48MP","og_description":"Las gafas inteligentes ALEGER XR 500 AR combinan una c\u00e1mara de 48 MP y reconocimiento de IA en unas gafas modulares de alta tecnolog\u00eda. Ideales para inspecciones t\u00e9cnicas, con pantalla AR y manos libres.","og_url":"https:\/\/alegerglobal.com\/es\/shop-es\/osmo-nano-camara-de-accion-ultraligera-4k-para-llevar-puesta-kopie\/","og_site_name":"ALEGER \u22c6 Augmented Reality","article_modified_time":"2026-03-19T17:40:56+00:00","og_image":[{"width":800,"height":800,"url":"https:\/\/alegerglobal.com\/wp-content\/uploads\/2026\/03\/ALEGER-XR-500-1.png","type":"image\/png"}],"twitter_card":"summary_large_image","twitter_misc":{"Precio":"","Disponibilidad":"Disponible"},"schema":{"@context":"https:\/\/schema.org","@graph":[{"@type":"WebPage","@id":"https:\/\/alegerglobal.com\/es\/shop-es\/osmo-nano-camara-de-accion-ultraligera-4k-para-llevar-puesta-kopie\/","url":"https:\/\/alegerglobal.com\/es\/shop-es\/osmo-nano-camara-de-accion-ultraligera-4k-para-llevar-puesta-kopie\/","name":"Gafas inteligentes AR ALEGER XR 500 - C\u00e1mara termogr\u00e1fica y 48MP","isPartOf":{"@id":"https:\/\/alegerglobal.com\/es\/#website"},"primaryImageOfPage":{"@id":"https:\/\/alegerglobal.com\/es\/shop-es\/osmo-nano-camara-de-accion-ultraligera-4k-para-llevar-puesta-kopie\/#primaryimage"},"image":{"@id":"https:\/\/alegerglobal.com\/es\/shop-es\/osmo-nano-camara-de-accion-ultraligera-4k-para-llevar-puesta-kopie\/#primaryimage"},"thumbnailUrl":"https:\/\/alegerglobal.com\/wp-content\/uploads\/2026\/03\/ALEGER-XR-500-1.png","datePublished":"2026-03-06T13:08:35+00:00","dateModified":"2026-03-19T17:40:56+00:00","description":"Las gafas inteligentes ALEGER XR 500 AR combinan una c\u00e1mara de 48 MP y reconocimiento de IA en unas gafas modulares de alta tecnolog\u00eda. Ideales para inspecciones t\u00e9cnicas, con pantalla AR y manos libres.","breadcrumb":{"@id":"https:\/\/alegerglobal.com\/es\/shop-es\/osmo-nano-camara-de-accion-ultraligera-4k-para-llevar-puesta-kopie\/#breadcrumb"},"inLanguage":"es","potentialAction":[{"@type":"ReadAction","target":["https:\/\/alegerglobal.com\/es\/shop-es\/osmo-nano-camara-de-accion-ultraligera-4k-para-llevar-puesta-kopie\/"]}]},{"@type":"ImageObject","inLanguage":"es","@id":"https:\/\/alegerglobal.com\/es\/shop-es\/osmo-nano-camara-de-accion-ultraligera-4k-para-llevar-puesta-kopie\/#primaryimage","url":"https:\/\/alegerglobal.com\/wp-content\/uploads\/2026\/03\/ALEGER-XR-500-1.png","contentUrl":"https:\/\/alegerglobal.com\/wp-content\/uploads\/2026\/03\/ALEGER-XR-500-1.png","width":800,"height":800},{"@type":"BreadcrumbList","@id":"https:\/\/alegerglobal.com\/es\/shop-es\/osmo-nano-camara-de-accion-ultraligera-4k-para-llevar-puesta-kopie\/#breadcrumb","itemListElement":[{"@type":"ListItem","position":1,"name":"Home","item":"https:\/\/alegerglobal.com\/es\/nuevo-pagina-de-inicio\/"},{"@type":"ListItem","position":2,"name":"Productos","item":"https:\/\/alegerglobal.com\/es\/productos\/"},{"@type":"ListItem","position":3,"name":"Gafas inteligentes AR ALEGER XR 500 &#8211; Imagen t\u00e9rmica, sonar y c\u00e1mara de 48MP"}]},{"@type":"WebSite","@id":"https:\/\/alegerglobal.com\/es\/#website","url":"https:\/\/alegerglobal.com\/es\/","name":"ALEGER \u22c6 Augmented Reality","description":"Die besten Augmented Reality (AR) L\u00f6sungen der Welt.","publisher":{"@id":"https:\/\/alegerglobal.com\/es\/#organization"},"potentialAction":[{"@type":"SearchAction","target":{"@type":"EntryPoint","urlTemplate":"https:\/\/alegerglobal.com\/es\/?s={search_term_string}"},"query-input":{"@type":"PropertyValueSpecification","valueRequired":true,"valueName":"search_term_string"}}],"inLanguage":"es"},{"@type":"Organization","@id":"https:\/\/alegerglobal.com\/es\/#organization","name":"ALEGER \u22c6 Augmented Reality","url":"https:\/\/alegerglobal.com\/es\/","logo":{"@type":"ImageObject","inLanguage":"es","@id":"https:\/\/alegerglobal.com\/es\/#\/schema\/logo\/image\/","url":"https:\/\/alegerglobal.com\/wp-content\/uploads\/2020\/12\/aleger-logo-quadrat.jpg","contentUrl":"https:\/\/alegerglobal.com\/wp-content\/uploads\/2020\/12\/aleger-logo-quadrat.jpg","width":200,"height":176,"caption":"ALEGER \u22c6 Augmented Reality"},"image":{"@id":"https:\/\/alegerglobal.com\/es\/#\/schema\/logo\/image\/"}}]},"product_brand":"Getac","product_price_amount":"0.00","product_price_currency":"EUR","og_availability":"instock","product_availability":"instock","product_condition":"new"},"_links":{"self":[{"href":"https:\/\/alegerglobal.com\/es\/wp-json\/wp\/v2\/product\/53279","targetHints":{"allow":["GET"]}}],"collection":[{"href":"https:\/\/alegerglobal.com\/es\/wp-json\/wp\/v2\/product"}],"about":[{"href":"https:\/\/alegerglobal.com\/es\/wp-json\/wp\/v2\/types\/product"}],"replies":[{"embeddable":true,"href":"https:\/\/alegerglobal.com\/es\/wp-json\/wp\/v2\/comments?post=53279"}],"version-history":[{"count":3,"href":"https:\/\/alegerglobal.com\/es\/wp-json\/wp\/v2\/product\/53279\/revisions"}],"predecessor-version":[{"id":53877,"href":"https:\/\/alegerglobal.com\/es\/wp-json\/wp\/v2\/product\/53279\/revisions\/53877"}],"wp:featuredmedia":[{"embeddable":true,"href":"https:\/\/alegerglobal.com\/es\/wp-json\/wp\/v2\/media\/53305"}],"wp:attachment":[{"href":"https:\/\/alegerglobal.com\/es\/wp-json\/wp\/v2\/media?parent=53279"}],"wp:term":[{"taxonomy":"product_brand","embeddable":true,"href":"https:\/\/alegerglobal.com\/es\/wp-json\/wp\/v2\/product_brand?post=53279"},{"taxonomy":"product_cat","embeddable":true,"href":"https:\/\/alegerglobal.com\/es\/wp-json\/wp\/v2\/product_cat?post=53279"},{"taxonomy":"product_tag","embeddable":true,"href":"https:\/\/alegerglobal.com\/es\/wp-json\/wp\/v2\/product_tag?post=53279"}],"curies":[{"name":"wp","href":"https:\/\/api.w.org\/{rel}","templated":true}]}}