{"id":52680,"date":"2026-02-23T16:23:06","date_gmt":"2026-02-23T15:23:06","guid":{"rendered":"https:\/\/alegerglobal.com\/?post_type=product&#038;p=52680"},"modified":"2026-03-19T18:41:12","modified_gmt":"2026-03-19T17:41:12","slug":"getac-zx70-ex-tableta-con-proteccion-ex-atex-zona-2-pantalla-de-7-pulgadas-android-9-ip67-mil-std-810h-kopie-kopie-kopie-kopie-kopie","status":"publish","type":"product","link":"https:\/\/alegerglobal.com\/es\/shop-es\/gadgets-es\/getac-zx70-ex-tableta-con-proteccion-ex-atex-zona-2-pantalla-de-7-pulgadas-android-9-ip67-mil-std-810h-kopie-kopie-kopie-kopie-kopie\/","title":{"rendered":"Osmo Nano &#8211; C\u00e1mara de acci\u00f3n ultraligera 4K para llevar puesta"},"content":{"rendered":"","protected":false},"excerpt":{"rendered":"<p data-start=\"683\" data-end=\"1119\">El <strong data-start=\"3278\" data-end=\"3295\">Osmo Nano<\/strong> es una c\u00e1mara de acci\u00f3n 4K ultraligera y port\u00e1til dise\u00f1ada para capturar tus aventuras con im\u00e1genes v\u00edvidas y estabilizadas, tanto si haces deporte como si est\u00e1s en movimiento o como contenido POV. Gracias a su dise\u00f1o magn\u00e9tico de doble montura, se puede acoplar con flexibilidad a cascos, gorras o equipos, y cambia entre distintas perspectivas en un abrir y cerrar de ojos. Equipado con un potente sensor, estabilizaci\u00f3n de imagen avanzada, modo SuperNight y una vers\u00e1til base de visi\u00f3n, el Osmo Nano ofrece libertad creativa a los creadores que valoran la forma compacta y los resultados profesionales.<\/p>\n","protected":false},"featured_media":52712,"comment_status":"open","ping_status":"closed","template":"","meta":{"_acf_changed":false},"product_brand":[],"product_cat":[1344,1341],"product_tag":[],"class_list":{"0":"post-52680","1":"product","2":"type-product","3":"status-publish","4":"has-post-thumbnail","6":"product_cat-gadgets-es","7":"product_cat-shop-es","8":"pa_hersteller-getac-es","10":"first","11":"instock","12":"taxable","13":"shipping-taxable","14":"product-type-simple"},"acf":[],"yoast_head":"<!-- This site is optimized with the Yoast SEO Premium plugin v20.10 (Yoast SEO v24.3) - https:\/\/yoast.com\/wordpress\/plugins\/seo\/ -->\n<title>DJI Osmo Nano - C\u00e1mara de acci\u00f3n ultraligera 4K para llevar puesta<\/title>\n<meta name=\"description\" content=\"C\u00e1mara magn\u00e9tica 4K port\u00e1til con ultra gran angular de 143\u00b0, estabilizaci\u00f3n RockSteady, modo SuperNight y vers\u00e1tiles opciones de montaje: perfecta para contenidos de aventura y POV.\" \/>\n<meta name=\"robots\" content=\"index, follow, max-snippet:-1, max-image-preview:large, max-video-preview:-1\" \/>\n<meta property=\"og:locale\" content=\"es_ES\" \/>\n<meta property=\"og:type\" content=\"article\" \/>\n<meta property=\"og:title\" content=\"Osmo Nano - C\u00e1mara de acci\u00f3n ultraligera 4K para llevar puesta\" \/>\n<meta property=\"og:description\" content=\"C\u00e1mara magn\u00e9tica 4K port\u00e1til con ultra gran angular de 143\u00b0, estabilizaci\u00f3n RockSteady, modo SuperNight y vers\u00e1tiles opciones de montaje: perfecta para contenidos de aventura y POV.\" \/>\n<meta property=\"og:url\" content=\"https:\/\/alegerglobal.com\/es\/shop-es\/gadgets-es\/getac-zx70-ex-tableta-con-proteccion-ex-atex-zona-2-pantalla-de-7-pulgadas-android-9-ip67-mil-std-810h-kopie-kopie-kopie-kopie-kopie\/\" \/>\n<meta property=\"og:site_name\" content=\"ALEGER \u22c6 Augmented Reality\" \/>\n<meta property=\"article:modified_time\" content=\"2026-03-19T17:41:12+00:00\" \/>\n<meta property=\"og:image\" content=\"https:\/\/alegerglobal.com\/wp-content\/uploads\/2026\/02\/Produktbild-800x800-1.png\" \/>\n\t<meta property=\"og:image:width\" content=\"800\" \/>\n\t<meta property=\"og:image:height\" content=\"800\" \/>\n\t<meta property=\"og:image:type\" content=\"image\/png\" \/>\n<meta name=\"twitter:card\" content=\"summary_large_image\" \/>\n<meta name=\"twitter:label1\" content=\"Precio\" \/>\n\t<meta name=\"twitter:data1\" content=\"\" \/>\n\t<meta name=\"twitter:label2\" content=\"Disponibilidad\" \/>\n\t<meta name=\"twitter:data2\" content=\"Disponible\" \/>\n<script type=\"application\/ld+json\" class=\"yoast-schema-graph\">{\"@context\":\"https:\/\/schema.org\",\"@graph\":[{\"@type\":\"WebPage\",\"@id\":\"https:\/\/alegerglobal.com\/es\/shop-es\/gadgets-es\/getac-zx70-ex-tableta-con-proteccion-ex-atex-zona-2-pantalla-de-7-pulgadas-android-9-ip67-mil-std-810h-kopie-kopie-kopie-kopie-kopie\/\",\"url\":\"https:\/\/alegerglobal.com\/es\/shop-es\/gadgets-es\/getac-zx70-ex-tableta-con-proteccion-ex-atex-zona-2-pantalla-de-7-pulgadas-android-9-ip67-mil-std-810h-kopie-kopie-kopie-kopie-kopie\/\",\"name\":\"DJI Osmo Nano - C\u00e1mara de acci\u00f3n ultraligera 4K para llevar puesta\",\"isPartOf\":{\"@id\":\"https:\/\/alegerglobal.com\/es\/#website\"},\"primaryImageOfPage\":{\"@id\":\"https:\/\/alegerglobal.com\/es\/shop-es\/gadgets-es\/getac-zx70-ex-tableta-con-proteccion-ex-atex-zona-2-pantalla-de-7-pulgadas-android-9-ip67-mil-std-810h-kopie-kopie-kopie-kopie-kopie\/#primaryimage\"},\"image\":{\"@id\":\"https:\/\/alegerglobal.com\/es\/shop-es\/gadgets-es\/getac-zx70-ex-tableta-con-proteccion-ex-atex-zona-2-pantalla-de-7-pulgadas-android-9-ip67-mil-std-810h-kopie-kopie-kopie-kopie-kopie\/#primaryimage\"},\"thumbnailUrl\":\"https:\/\/alegerglobal.com\/wp-content\/uploads\/2026\/02\/Produktbild-800x800-1.png\",\"datePublished\":\"2026-02-23T15:23:06+00:00\",\"dateModified\":\"2026-03-19T17:41:12+00:00\",\"description\":\"C\u00e1mara magn\u00e9tica 4K port\u00e1til con ultra gran angular de 143\u00b0, estabilizaci\u00f3n RockSteady, modo SuperNight y vers\u00e1tiles opciones de montaje: perfecta para contenidos de aventura y POV.\",\"breadcrumb\":{\"@id\":\"https:\/\/alegerglobal.com\/es\/shop-es\/gadgets-es\/getac-zx70-ex-tableta-con-proteccion-ex-atex-zona-2-pantalla-de-7-pulgadas-android-9-ip67-mil-std-810h-kopie-kopie-kopie-kopie-kopie\/#breadcrumb\"},\"inLanguage\":\"es\",\"potentialAction\":[{\"@type\":\"ReadAction\",\"target\":[\"https:\/\/alegerglobal.com\/es\/shop-es\/gadgets-es\/getac-zx70-ex-tableta-con-proteccion-ex-atex-zona-2-pantalla-de-7-pulgadas-android-9-ip67-mil-std-810h-kopie-kopie-kopie-kopie-kopie\/\"]}]},{\"@type\":\"ImageObject\",\"inLanguage\":\"es\",\"@id\":\"https:\/\/alegerglobal.com\/es\/shop-es\/gadgets-es\/getac-zx70-ex-tableta-con-proteccion-ex-atex-zona-2-pantalla-de-7-pulgadas-android-9-ip67-mil-std-810h-kopie-kopie-kopie-kopie-kopie\/#primaryimage\",\"url\":\"https:\/\/alegerglobal.com\/wp-content\/uploads\/2026\/02\/Produktbild-800x800-1.png\",\"contentUrl\":\"https:\/\/alegerglobal.com\/wp-content\/uploads\/2026\/02\/Produktbild-800x800-1.png\",\"width\":800,\"height\":800,\"caption\":\"wearable-4k-kamera\"},{\"@type\":\"BreadcrumbList\",\"@id\":\"https:\/\/alegerglobal.com\/es\/shop-es\/gadgets-es\/getac-zx70-ex-tableta-con-proteccion-ex-atex-zona-2-pantalla-de-7-pulgadas-android-9-ip67-mil-std-810h-kopie-kopie-kopie-kopie-kopie\/#breadcrumb\",\"itemListElement\":[{\"@type\":\"ListItem\",\"position\":1,\"name\":\"Home\",\"item\":\"https:\/\/alegerglobal.com\/es\/nuevo-pagina-de-inicio\/\"},{\"@type\":\"ListItem\",\"position\":2,\"name\":\"Productos\",\"item\":\"https:\/\/alegerglobal.com\/es\/productos\/\"},{\"@type\":\"ListItem\",\"position\":3,\"name\":\"Osmo Nano &#8211; C\u00e1mara de acci\u00f3n ultraligera 4K para llevar puesta\"}]},{\"@type\":\"WebSite\",\"@id\":\"https:\/\/alegerglobal.com\/es\/#website\",\"url\":\"https:\/\/alegerglobal.com\/es\/\",\"name\":\"ALEGER \u22c6 Augmented Reality\",\"description\":\"Die besten Augmented Reality (AR) L\u00f6sungen der Welt.\",\"publisher\":{\"@id\":\"https:\/\/alegerglobal.com\/es\/#organization\"},\"potentialAction\":[{\"@type\":\"SearchAction\",\"target\":{\"@type\":\"EntryPoint\",\"urlTemplate\":\"https:\/\/alegerglobal.com\/es\/?s={search_term_string}\"},\"query-input\":{\"@type\":\"PropertyValueSpecification\",\"valueRequired\":true,\"valueName\":\"search_term_string\"}}],\"inLanguage\":\"es\"},{\"@type\":\"Organization\",\"@id\":\"https:\/\/alegerglobal.com\/es\/#organization\",\"name\":\"ALEGER \u22c6 Augmented Reality\",\"url\":\"https:\/\/alegerglobal.com\/es\/\",\"logo\":{\"@type\":\"ImageObject\",\"inLanguage\":\"es\",\"@id\":\"https:\/\/alegerglobal.com\/es\/#\/schema\/logo\/image\/\",\"url\":\"https:\/\/alegerglobal.com\/wp-content\/uploads\/2020\/12\/aleger-logo-quadrat.jpg\",\"contentUrl\":\"https:\/\/alegerglobal.com\/wp-content\/uploads\/2020\/12\/aleger-logo-quadrat.jpg\",\"width\":200,\"height\":176,\"caption\":\"ALEGER \u22c6 Augmented Reality\"},\"image\":{\"@id\":\"https:\/\/alegerglobal.com\/es\/#\/schema\/logo\/image\/\"}}]}<\/script>\n<meta property=\"product:brand\" content=\"Getac\" \/>\n<meta property=\"product:price:amount\" content=\"0.00\" \/>\n<meta property=\"product:price:currency\" content=\"EUR\" \/>\n<meta property=\"og:availability\" content=\"instock\" \/>\n<meta property=\"product:availability\" content=\"instock\" \/>\n<meta property=\"product:condition\" content=\"new\" \/>\n<!-- \/ Yoast SEO Premium plugin. -->","yoast_head_json":{"title":"DJI Osmo Nano - C\u00e1mara de acci\u00f3n ultraligera 4K para llevar puesta","description":"C\u00e1mara magn\u00e9tica 4K port\u00e1til con ultra gran angular de 143\u00b0, estabilizaci\u00f3n RockSteady, modo SuperNight y vers\u00e1tiles opciones de montaje: perfecta para contenidos de aventura y POV.","robots":{"index":"index","follow":"follow","max-snippet":"max-snippet:-1","max-image-preview":"max-image-preview:large","max-video-preview":"max-video-preview:-1"},"og_locale":"es_ES","og_type":"article","og_title":"Osmo Nano - C\u00e1mara de acci\u00f3n ultraligera 4K para llevar puesta","og_description":"C\u00e1mara magn\u00e9tica 4K port\u00e1til con ultra gran angular de 143\u00b0, estabilizaci\u00f3n RockSteady, modo SuperNight y vers\u00e1tiles opciones de montaje: perfecta para contenidos de aventura y POV.","og_url":"https:\/\/alegerglobal.com\/es\/shop-es\/gadgets-es\/getac-zx70-ex-tableta-con-proteccion-ex-atex-zona-2-pantalla-de-7-pulgadas-android-9-ip67-mil-std-810h-kopie-kopie-kopie-kopie-kopie\/","og_site_name":"ALEGER \u22c6 Augmented Reality","article_modified_time":"2026-03-19T17:41:12+00:00","og_image":[{"width":800,"height":800,"url":"https:\/\/alegerglobal.com\/wp-content\/uploads\/2026\/02\/Produktbild-800x800-1.png","type":"image\/png"}],"twitter_card":"summary_large_image","twitter_misc":{"Precio":"","Disponibilidad":"Disponible"},"schema":{"@context":"https:\/\/schema.org","@graph":[{"@type":"WebPage","@id":"https:\/\/alegerglobal.com\/es\/shop-es\/gadgets-es\/getac-zx70-ex-tableta-con-proteccion-ex-atex-zona-2-pantalla-de-7-pulgadas-android-9-ip67-mil-std-810h-kopie-kopie-kopie-kopie-kopie\/","url":"https:\/\/alegerglobal.com\/es\/shop-es\/gadgets-es\/getac-zx70-ex-tableta-con-proteccion-ex-atex-zona-2-pantalla-de-7-pulgadas-android-9-ip67-mil-std-810h-kopie-kopie-kopie-kopie-kopie\/","name":"DJI Osmo Nano - C\u00e1mara de acci\u00f3n ultraligera 4K para llevar puesta","isPartOf":{"@id":"https:\/\/alegerglobal.com\/es\/#website"},"primaryImageOfPage":{"@id":"https:\/\/alegerglobal.com\/es\/shop-es\/gadgets-es\/getac-zx70-ex-tableta-con-proteccion-ex-atex-zona-2-pantalla-de-7-pulgadas-android-9-ip67-mil-std-810h-kopie-kopie-kopie-kopie-kopie\/#primaryimage"},"image":{"@id":"https:\/\/alegerglobal.com\/es\/shop-es\/gadgets-es\/getac-zx70-ex-tableta-con-proteccion-ex-atex-zona-2-pantalla-de-7-pulgadas-android-9-ip67-mil-std-810h-kopie-kopie-kopie-kopie-kopie\/#primaryimage"},"thumbnailUrl":"https:\/\/alegerglobal.com\/wp-content\/uploads\/2026\/02\/Produktbild-800x800-1.png","datePublished":"2026-02-23T15:23:06+00:00","dateModified":"2026-03-19T17:41:12+00:00","description":"C\u00e1mara magn\u00e9tica 4K port\u00e1til con ultra gran angular de 143\u00b0, estabilizaci\u00f3n RockSteady, modo SuperNight y vers\u00e1tiles opciones de montaje: perfecta para contenidos de aventura y POV.","breadcrumb":{"@id":"https:\/\/alegerglobal.com\/es\/shop-es\/gadgets-es\/getac-zx70-ex-tableta-con-proteccion-ex-atex-zona-2-pantalla-de-7-pulgadas-android-9-ip67-mil-std-810h-kopie-kopie-kopie-kopie-kopie\/#breadcrumb"},"inLanguage":"es","potentialAction":[{"@type":"ReadAction","target":["https:\/\/alegerglobal.com\/es\/shop-es\/gadgets-es\/getac-zx70-ex-tableta-con-proteccion-ex-atex-zona-2-pantalla-de-7-pulgadas-android-9-ip67-mil-std-810h-kopie-kopie-kopie-kopie-kopie\/"]}]},{"@type":"ImageObject","inLanguage":"es","@id":"https:\/\/alegerglobal.com\/es\/shop-es\/gadgets-es\/getac-zx70-ex-tableta-con-proteccion-ex-atex-zona-2-pantalla-de-7-pulgadas-android-9-ip67-mil-std-810h-kopie-kopie-kopie-kopie-kopie\/#primaryimage","url":"https:\/\/alegerglobal.com\/wp-content\/uploads\/2026\/02\/Produktbild-800x800-1.png","contentUrl":"https:\/\/alegerglobal.com\/wp-content\/uploads\/2026\/02\/Produktbild-800x800-1.png","width":800,"height":800,"caption":"wearable-4k-kamera"},{"@type":"BreadcrumbList","@id":"https:\/\/alegerglobal.com\/es\/shop-es\/gadgets-es\/getac-zx70-ex-tableta-con-proteccion-ex-atex-zona-2-pantalla-de-7-pulgadas-android-9-ip67-mil-std-810h-kopie-kopie-kopie-kopie-kopie\/#breadcrumb","itemListElement":[{"@type":"ListItem","position":1,"name":"Home","item":"https:\/\/alegerglobal.com\/es\/nuevo-pagina-de-inicio\/"},{"@type":"ListItem","position":2,"name":"Productos","item":"https:\/\/alegerglobal.com\/es\/productos\/"},{"@type":"ListItem","position":3,"name":"Osmo Nano &#8211; C\u00e1mara de acci\u00f3n ultraligera 4K para llevar puesta"}]},{"@type":"WebSite","@id":"https:\/\/alegerglobal.com\/es\/#website","url":"https:\/\/alegerglobal.com\/es\/","name":"ALEGER \u22c6 Augmented Reality","description":"Die besten Augmented Reality (AR) L\u00f6sungen der Welt.","publisher":{"@id":"https:\/\/alegerglobal.com\/es\/#organization"},"potentialAction":[{"@type":"SearchAction","target":{"@type":"EntryPoint","urlTemplate":"https:\/\/alegerglobal.com\/es\/?s={search_term_string}"},"query-input":{"@type":"PropertyValueSpecification","valueRequired":true,"valueName":"search_term_string"}}],"inLanguage":"es"},{"@type":"Organization","@id":"https:\/\/alegerglobal.com\/es\/#organization","name":"ALEGER \u22c6 Augmented Reality","url":"https:\/\/alegerglobal.com\/es\/","logo":{"@type":"ImageObject","inLanguage":"es","@id":"https:\/\/alegerglobal.com\/es\/#\/schema\/logo\/image\/","url":"https:\/\/alegerglobal.com\/wp-content\/uploads\/2020\/12\/aleger-logo-quadrat.jpg","contentUrl":"https:\/\/alegerglobal.com\/wp-content\/uploads\/2020\/12\/aleger-logo-quadrat.jpg","width":200,"height":176,"caption":"ALEGER \u22c6 Augmented Reality"},"image":{"@id":"https:\/\/alegerglobal.com\/es\/#\/schema\/logo\/image\/"}}]},"product_brand":"Getac","product_price_amount":"0.00","product_price_currency":"EUR","og_availability":"instock","product_availability":"instock","product_condition":"new"},"_links":{"self":[{"href":"https:\/\/alegerglobal.com\/es\/wp-json\/wp\/v2\/product\/52680","targetHints":{"allow":["GET"]}}],"collection":[{"href":"https:\/\/alegerglobal.com\/es\/wp-json\/wp\/v2\/product"}],"about":[{"href":"https:\/\/alegerglobal.com\/es\/wp-json\/wp\/v2\/types\/product"}],"replies":[{"embeddable":true,"href":"https:\/\/alegerglobal.com\/es\/wp-json\/wp\/v2\/comments?post=52680"}],"version-history":[{"count":3,"href":"https:\/\/alegerglobal.com\/es\/wp-json\/wp\/v2\/product\/52680\/revisions"}],"predecessor-version":[{"id":53881,"href":"https:\/\/alegerglobal.com\/es\/wp-json\/wp\/v2\/product\/52680\/revisions\/53881"}],"wp:featuredmedia":[{"embeddable":true,"href":"https:\/\/alegerglobal.com\/es\/wp-json\/wp\/v2\/media\/52712"}],"wp:attachment":[{"href":"https:\/\/alegerglobal.com\/es\/wp-json\/wp\/v2\/media?parent=52680"}],"wp:term":[{"taxonomy":"product_brand","embeddable":true,"href":"https:\/\/alegerglobal.com\/es\/wp-json\/wp\/v2\/product_brand?post=52680"},{"taxonomy":"product_cat","embeddable":true,"href":"https:\/\/alegerglobal.com\/es\/wp-json\/wp\/v2\/product_cat?post=52680"},{"taxonomy":"product_tag","embeddable":true,"href":"https:\/\/alegerglobal.com\/es\/wp-json\/wp\/v2\/product_tag?post=52680"}],"curies":[{"name":"wp","href":"https:\/\/api.w.org\/{rel}","templated":true}]}}