{"id":52044,"date":"2026-02-06T09:52:50","date_gmt":"2026-02-06T08:52:51","guid":{"rendered":"https:\/\/alegerglobal.com\/?post_type=product&#038;p=52044"},"modified":"2026-03-19T18:41:56","modified_gmt":"2026-03-19T17:41:56","slug":"realwear-navigator-500-ip66-mil-std-810-4-gb-de-ram-64-gb-854x480px-bateria-de-2600-mah-android-11-kopie-kopie","status":"publish","type":"product","link":"https:\/\/alegerglobal.com\/es\/shop-es\/gafas-inteligentes\/realwear-navigator-500-ip66-mil-std-810-4-gb-de-ram-64-gb-854x480px-bateria-de-2600-mah-android-11-kopie-kopie\/","title":{"rendered":"ALEGER C5000d &#8211; Gafas inteligentes AR de gama alta con pantalla de gu\u00eda de ondas y tecnolog\u00eda multisensor"},"content":{"rendered":"","protected":false},"excerpt":{"rendered":"<h3 data-start=\"704\" data-end=\"787\">C5000D &#8211; Gafas AR inteligentes profesionales para la industria y la teleasistencia<\/h3>\n<p data-start=\"789\" data-end=\"1304\">La <strong data-start=\"793\" data-end=\"811\">ALEGER C5000D<\/strong> es una potente gafa de realidad aumentada dise\u00f1ada para aplicaciones industriales y de servicios exigentes. Combina una <strong data-start=\"962\" data-end=\"988\">pantalla OLED de gu\u00eda de ondas<\/strong> de alta resoluci\u00f3n con una <strong data-start=\"999\" data-end=\"1012\">c\u00e1mara HD<\/strong>, m\u00faltiples opciones de control (voz, gestos, movimientos de la cabeza) y un dise\u00f1o robusto y c\u00f3modo. Esto hace que la C5000D sea perfecta para la <strong data-start=\"1158\" data-end=\"1183\">asistencia remota de expertos<\/strong>, las instrucciones de trabajo digitales, el mantenimiento, la inspecci\u00f3n y la formaci\u00f3n asistida por RA.<\/p>\n<p data-start=\"1306\" data-end=\"1812\">Las gafas muestran el contenido digital directamente en el campo de visi\u00f3n del usuario sin oscurecer la visi\u00f3n del entorno real, lo que es especialmente importante para las aplicaciones de manos libres en producci\u00f3n, log\u00edstica o servicio. La combinaci\u00f3n de visualizaci\u00f3n AR, conexi\u00f3n estable y versatilidad de control convierte a las C5000D en una herramienta vers\u00e1til para aplicaciones de la Industria 4.0 en las que la informaci\u00f3n, los documentos o el conocimiento experto deben estar disponibles directamente in situ.<\/p>\n","protected":false},"featured_media":52076,"comment_status":"open","ping_status":"closed","template":"","meta":{"_acf_changed":false},"product_brand":[],"product_cat":[1381,1341],"product_tag":[],"class_list":{"0":"post-52044","1":"product","2":"type-product","3":"status-publish","4":"has-post-thumbnail","6":"product_cat-gafas-inteligentes","7":"product_cat-shop-es","8":"pa_hersteller-realwear-es","10":"first","11":"instock","12":"taxable","13":"shipping-taxable","14":"purchasable","15":"product-type-simple"},"acf":[],"yoast_head":"<!-- This site is optimized with the Yoast SEO Premium plugin v20.10 (Yoast SEO v24.3) - https:\/\/yoast.com\/wordpress\/plugins\/seo\/ -->\n<title>Gafas inteligentes AR ALEGER 5000D<\/title>\n<meta name=\"description\" content=\"Las gafas inteligentes AR ALEGER 5000D con c\u00e1mara HD y control por voz y gestos son ideales para la industria, la asistencia remota, el mantenimiento y los procesos de trabajo digitales.\" \/>\n<meta name=\"robots\" content=\"index, follow, max-snippet:-1, max-image-preview:large, max-video-preview:-1\" \/>\n<meta property=\"og:locale\" content=\"es_ES\" \/>\n<meta property=\"og:type\" content=\"article\" \/>\n<meta property=\"og:title\" content=\"ALEGER C5000d - Gafas inteligentes AR de gama alta con pantalla de gu\u00eda de ondas y tecnolog\u00eda multisensor\" \/>\n<meta property=\"og:description\" content=\"Las gafas inteligentes AR ALEGER 5000D con c\u00e1mara HD y control por voz y gestos son ideales para la industria, la asistencia remota, el mantenimiento y los procesos de trabajo digitales.\" \/>\n<meta property=\"og:url\" content=\"https:\/\/alegerglobal.com\/es\/shop-es\/gafas-inteligentes\/realwear-navigator-500-ip66-mil-std-810-4-gb-de-ram-64-gb-854x480px-bateria-de-2600-mah-android-11-kopie-kopie\/\" \/>\n<meta property=\"og:site_name\" content=\"ALEGER \u22c6 Augmented Reality\" \/>\n<meta property=\"article:modified_time\" content=\"2026-03-19T17:41:56+00:00\" \/>\n<meta property=\"og:image\" content=\"https:\/\/alegerglobal.com\/wp-content\/uploads\/2026\/02\/ALEGER-C5000.png\" \/>\n\t<meta property=\"og:image:width\" content=\"800\" \/>\n\t<meta property=\"og:image:height\" content=\"800\" \/>\n\t<meta property=\"og:image:type\" content=\"image\/png\" \/>\n<meta name=\"twitter:card\" content=\"summary_large_image\" \/>\n<meta name=\"twitter:label1\" content=\"Precio\" \/>\n\t<meta name=\"twitter:data1\" content=\"&euro;2.233,31\" \/>\n\t<meta name=\"twitter:label2\" content=\"Disponibilidad\" \/>\n\t<meta name=\"twitter:data2\" content=\"Disponible\" \/>\n<script type=\"application\/ld+json\" class=\"yoast-schema-graph\">{\"@context\":\"https:\/\/schema.org\",\"@graph\":[{\"@type\":\"WebPage\",\"@id\":\"https:\/\/alegerglobal.com\/es\/shop-es\/gafas-inteligentes\/realwear-navigator-500-ip66-mil-std-810-4-gb-de-ram-64-gb-854x480px-bateria-de-2600-mah-android-11-kopie-kopie\/\",\"url\":\"https:\/\/alegerglobal.com\/es\/shop-es\/gafas-inteligentes\/realwear-navigator-500-ip66-mil-std-810-4-gb-de-ram-64-gb-854x480px-bateria-de-2600-mah-android-11-kopie-kopie\/\",\"name\":\"Gafas inteligentes AR ALEGER 5000D\",\"isPartOf\":{\"@id\":\"https:\/\/alegerglobal.com\/es\/#website\"},\"primaryImageOfPage\":{\"@id\":\"https:\/\/alegerglobal.com\/es\/shop-es\/gafas-inteligentes\/realwear-navigator-500-ip66-mil-std-810-4-gb-de-ram-64-gb-854x480px-bateria-de-2600-mah-android-11-kopie-kopie\/#primaryimage\"},\"image\":{\"@id\":\"https:\/\/alegerglobal.com\/es\/shop-es\/gafas-inteligentes\/realwear-navigator-500-ip66-mil-std-810-4-gb-de-ram-64-gb-854x480px-bateria-de-2600-mah-android-11-kopie-kopie\/#primaryimage\"},\"thumbnailUrl\":\"https:\/\/alegerglobal.com\/wp-content\/uploads\/2026\/02\/ALEGER-C5000.png\",\"datePublished\":\"2026-02-06T08:52:51+00:00\",\"dateModified\":\"2026-03-19T17:41:56+00:00\",\"description\":\"Las gafas inteligentes AR ALEGER 5000D con c\u00e1mara HD y control por voz y gestos son ideales para la industria, la asistencia remota, el mantenimiento y los procesos de trabajo digitales.\",\"breadcrumb\":{\"@id\":\"https:\/\/alegerglobal.com\/es\/shop-es\/gafas-inteligentes\/realwear-navigator-500-ip66-mil-std-810-4-gb-de-ram-64-gb-854x480px-bateria-de-2600-mah-android-11-kopie-kopie\/#breadcrumb\"},\"inLanguage\":\"es\",\"potentialAction\":[{\"@type\":\"ReadAction\",\"target\":[\"https:\/\/alegerglobal.com\/es\/shop-es\/gafas-inteligentes\/realwear-navigator-500-ip66-mil-std-810-4-gb-de-ram-64-gb-854x480px-bateria-de-2600-mah-android-11-kopie-kopie\/\"]}]},{\"@type\":\"ImageObject\",\"inLanguage\":\"es\",\"@id\":\"https:\/\/alegerglobal.com\/es\/shop-es\/gafas-inteligentes\/realwear-navigator-500-ip66-mil-std-810-4-gb-de-ram-64-gb-854x480px-bateria-de-2600-mah-android-11-kopie-kopie\/#primaryimage\",\"url\":\"https:\/\/alegerglobal.com\/wp-content\/uploads\/2026\/02\/ALEGER-C5000.png\",\"contentUrl\":\"https:\/\/alegerglobal.com\/wp-content\/uploads\/2026\/02\/ALEGER-C5000.png\",\"width\":800,\"height\":800},{\"@type\":\"BreadcrumbList\",\"@id\":\"https:\/\/alegerglobal.com\/es\/shop-es\/gafas-inteligentes\/realwear-navigator-500-ip66-mil-std-810-4-gb-de-ram-64-gb-854x480px-bateria-de-2600-mah-android-11-kopie-kopie\/#breadcrumb\",\"itemListElement\":[{\"@type\":\"ListItem\",\"position\":1,\"name\":\"Home\",\"item\":\"https:\/\/alegerglobal.com\/es\/nuevo-pagina-de-inicio\/\"},{\"@type\":\"ListItem\",\"position\":2,\"name\":\"Productos\",\"item\":\"https:\/\/alegerglobal.com\/es\/productos\/\"},{\"@type\":\"ListItem\",\"position\":3,\"name\":\"ALEGER C5000d &#8211; Gafas inteligentes AR de gama alta con pantalla de gu\u00eda de ondas y tecnolog\u00eda multisensor\"}]},{\"@type\":\"WebSite\",\"@id\":\"https:\/\/alegerglobal.com\/es\/#website\",\"url\":\"https:\/\/alegerglobal.com\/es\/\",\"name\":\"ALEGER \u22c6 Augmented Reality\",\"description\":\"Die besten Augmented Reality (AR) L\u00f6sungen der Welt.\",\"publisher\":{\"@id\":\"https:\/\/alegerglobal.com\/es\/#organization\"},\"potentialAction\":[{\"@type\":\"SearchAction\",\"target\":{\"@type\":\"EntryPoint\",\"urlTemplate\":\"https:\/\/alegerglobal.com\/es\/?s={search_term_string}\"},\"query-input\":{\"@type\":\"PropertyValueSpecification\",\"valueRequired\":true,\"valueName\":\"search_term_string\"}}],\"inLanguage\":\"es\"},{\"@type\":\"Organization\",\"@id\":\"https:\/\/alegerglobal.com\/es\/#organization\",\"name\":\"ALEGER \u22c6 Augmented Reality\",\"url\":\"https:\/\/alegerglobal.com\/es\/\",\"logo\":{\"@type\":\"ImageObject\",\"inLanguage\":\"es\",\"@id\":\"https:\/\/alegerglobal.com\/es\/#\/schema\/logo\/image\/\",\"url\":\"https:\/\/alegerglobal.com\/wp-content\/uploads\/2020\/12\/aleger-logo-quadrat.jpg\",\"contentUrl\":\"https:\/\/alegerglobal.com\/wp-content\/uploads\/2020\/12\/aleger-logo-quadrat.jpg\",\"width\":200,\"height\":176,\"caption\":\"ALEGER \u22c6 Augmented Reality\"},\"image\":{\"@id\":\"https:\/\/alegerglobal.com\/es\/#\/schema\/logo\/image\/\"}}]}<\/script>\n<meta property=\"product:brand\" content=\"RealWear\" \/>\n<meta property=\"product:price:amount\" content=\"2233.31\" \/>\n<meta property=\"product:price:currency\" content=\"EUR\" \/>\n<meta property=\"og:availability\" content=\"instock\" \/>\n<meta property=\"product:availability\" content=\"instock\" \/>\n<meta property=\"product:condition\" content=\"new\" \/>\n<!-- \/ Yoast SEO Premium plugin. -->","yoast_head_json":{"title":"Gafas inteligentes AR ALEGER 5000D","description":"Las gafas inteligentes AR ALEGER 5000D con c\u00e1mara HD y control por voz y gestos son ideales para la industria, la asistencia remota, el mantenimiento y los procesos de trabajo digitales.","robots":{"index":"index","follow":"follow","max-snippet":"max-snippet:-1","max-image-preview":"max-image-preview:large","max-video-preview":"max-video-preview:-1"},"og_locale":"es_ES","og_type":"article","og_title":"ALEGER C5000d - Gafas inteligentes AR de gama alta con pantalla de gu\u00eda de ondas y tecnolog\u00eda multisensor","og_description":"Las gafas inteligentes AR ALEGER 5000D con c\u00e1mara HD y control por voz y gestos son ideales para la industria, la asistencia remota, el mantenimiento y los procesos de trabajo digitales.","og_url":"https:\/\/alegerglobal.com\/es\/shop-es\/gafas-inteligentes\/realwear-navigator-500-ip66-mil-std-810-4-gb-de-ram-64-gb-854x480px-bateria-de-2600-mah-android-11-kopie-kopie\/","og_site_name":"ALEGER \u22c6 Augmented Reality","article_modified_time":"2026-03-19T17:41:56+00:00","og_image":[{"width":800,"height":800,"url":"https:\/\/alegerglobal.com\/wp-content\/uploads\/2026\/02\/ALEGER-C5000.png","type":"image\/png"}],"twitter_card":"summary_large_image","twitter_misc":{"Precio":"&euro;2.233,31","Disponibilidad":"Disponible"},"schema":{"@context":"https:\/\/schema.org","@graph":[{"@type":"WebPage","@id":"https:\/\/alegerglobal.com\/es\/shop-es\/gafas-inteligentes\/realwear-navigator-500-ip66-mil-std-810-4-gb-de-ram-64-gb-854x480px-bateria-de-2600-mah-android-11-kopie-kopie\/","url":"https:\/\/alegerglobal.com\/es\/shop-es\/gafas-inteligentes\/realwear-navigator-500-ip66-mil-std-810-4-gb-de-ram-64-gb-854x480px-bateria-de-2600-mah-android-11-kopie-kopie\/","name":"Gafas inteligentes AR ALEGER 5000D","isPartOf":{"@id":"https:\/\/alegerglobal.com\/es\/#website"},"primaryImageOfPage":{"@id":"https:\/\/alegerglobal.com\/es\/shop-es\/gafas-inteligentes\/realwear-navigator-500-ip66-mil-std-810-4-gb-de-ram-64-gb-854x480px-bateria-de-2600-mah-android-11-kopie-kopie\/#primaryimage"},"image":{"@id":"https:\/\/alegerglobal.com\/es\/shop-es\/gafas-inteligentes\/realwear-navigator-500-ip66-mil-std-810-4-gb-de-ram-64-gb-854x480px-bateria-de-2600-mah-android-11-kopie-kopie\/#primaryimage"},"thumbnailUrl":"https:\/\/alegerglobal.com\/wp-content\/uploads\/2026\/02\/ALEGER-C5000.png","datePublished":"2026-02-06T08:52:51+00:00","dateModified":"2026-03-19T17:41:56+00:00","description":"Las gafas inteligentes AR ALEGER 5000D con c\u00e1mara HD y control por voz y gestos son ideales para la industria, la asistencia remota, el mantenimiento y los procesos de trabajo digitales.","breadcrumb":{"@id":"https:\/\/alegerglobal.com\/es\/shop-es\/gafas-inteligentes\/realwear-navigator-500-ip66-mil-std-810-4-gb-de-ram-64-gb-854x480px-bateria-de-2600-mah-android-11-kopie-kopie\/#breadcrumb"},"inLanguage":"es","potentialAction":[{"@type":"ReadAction","target":["https:\/\/alegerglobal.com\/es\/shop-es\/gafas-inteligentes\/realwear-navigator-500-ip66-mil-std-810-4-gb-de-ram-64-gb-854x480px-bateria-de-2600-mah-android-11-kopie-kopie\/"]}]},{"@type":"ImageObject","inLanguage":"es","@id":"https:\/\/alegerglobal.com\/es\/shop-es\/gafas-inteligentes\/realwear-navigator-500-ip66-mil-std-810-4-gb-de-ram-64-gb-854x480px-bateria-de-2600-mah-android-11-kopie-kopie\/#primaryimage","url":"https:\/\/alegerglobal.com\/wp-content\/uploads\/2026\/02\/ALEGER-C5000.png","contentUrl":"https:\/\/alegerglobal.com\/wp-content\/uploads\/2026\/02\/ALEGER-C5000.png","width":800,"height":800},{"@type":"BreadcrumbList","@id":"https:\/\/alegerglobal.com\/es\/shop-es\/gafas-inteligentes\/realwear-navigator-500-ip66-mil-std-810-4-gb-de-ram-64-gb-854x480px-bateria-de-2600-mah-android-11-kopie-kopie\/#breadcrumb","itemListElement":[{"@type":"ListItem","position":1,"name":"Home","item":"https:\/\/alegerglobal.com\/es\/nuevo-pagina-de-inicio\/"},{"@type":"ListItem","position":2,"name":"Productos","item":"https:\/\/alegerglobal.com\/es\/productos\/"},{"@type":"ListItem","position":3,"name":"ALEGER C5000d &#8211; Gafas inteligentes AR de gama alta con pantalla de gu\u00eda de ondas y tecnolog\u00eda multisensor"}]},{"@type":"WebSite","@id":"https:\/\/alegerglobal.com\/es\/#website","url":"https:\/\/alegerglobal.com\/es\/","name":"ALEGER \u22c6 Augmented Reality","description":"Die besten Augmented Reality (AR) L\u00f6sungen der Welt.","publisher":{"@id":"https:\/\/alegerglobal.com\/es\/#organization"},"potentialAction":[{"@type":"SearchAction","target":{"@type":"EntryPoint","urlTemplate":"https:\/\/alegerglobal.com\/es\/?s={search_term_string}"},"query-input":{"@type":"PropertyValueSpecification","valueRequired":true,"valueName":"search_term_string"}}],"inLanguage":"es"},{"@type":"Organization","@id":"https:\/\/alegerglobal.com\/es\/#organization","name":"ALEGER \u22c6 Augmented Reality","url":"https:\/\/alegerglobal.com\/es\/","logo":{"@type":"ImageObject","inLanguage":"es","@id":"https:\/\/alegerglobal.com\/es\/#\/schema\/logo\/image\/","url":"https:\/\/alegerglobal.com\/wp-content\/uploads\/2020\/12\/aleger-logo-quadrat.jpg","contentUrl":"https:\/\/alegerglobal.com\/wp-content\/uploads\/2020\/12\/aleger-logo-quadrat.jpg","width":200,"height":176,"caption":"ALEGER \u22c6 Augmented Reality"},"image":{"@id":"https:\/\/alegerglobal.com\/es\/#\/schema\/logo\/image\/"}}]},"product_brand":"RealWear","product_price_amount":"2233.31","product_price_currency":"EUR","og_availability":"instock","product_availability":"instock","product_condition":"new"},"_links":{"self":[{"href":"https:\/\/alegerglobal.com\/es\/wp-json\/wp\/v2\/product\/52044","targetHints":{"allow":["GET"]}}],"collection":[{"href":"https:\/\/alegerglobal.com\/es\/wp-json\/wp\/v2\/product"}],"about":[{"href":"https:\/\/alegerglobal.com\/es\/wp-json\/wp\/v2\/types\/product"}],"replies":[{"embeddable":true,"href":"https:\/\/alegerglobal.com\/es\/wp-json\/wp\/v2\/comments?post=52044"}],"version-history":[{"count":3,"href":"https:\/\/alegerglobal.com\/es\/wp-json\/wp\/v2\/product\/52044\/revisions"}],"predecessor-version":[{"id":53886,"href":"https:\/\/alegerglobal.com\/es\/wp-json\/wp\/v2\/product\/52044\/revisions\/53886"}],"wp:featuredmedia":[{"embeddable":true,"href":"https:\/\/alegerglobal.com\/es\/wp-json\/wp\/v2\/media\/52076"}],"wp:attachment":[{"href":"https:\/\/alegerglobal.com\/es\/wp-json\/wp\/v2\/media?parent=52044"}],"wp:term":[{"taxonomy":"product_brand","embeddable":true,"href":"https:\/\/alegerglobal.com\/es\/wp-json\/wp\/v2\/product_brand?post=52044"},{"taxonomy":"product_cat","embeddable":true,"href":"https:\/\/alegerglobal.com\/es\/wp-json\/wp\/v2\/product_cat?post=52044"},{"taxonomy":"product_tag","embeddable":true,"href":"https:\/\/alegerglobal.com\/es\/wp-json\/wp\/v2\/product_tag?post=52044"}],"curies":[{"name":"wp","href":"https:\/\/api.w.org\/{rel}","templated":true}]}}