{"id":51798,"date":"2025-11-02T15:21:23","date_gmt":"2025-11-02T14:21:24","guid":{"rendered":"https:\/\/alegerglobal.com\/?post_type=product&#038;p=51798"},"modified":"2026-03-19T18:41:52","modified_gmt":"2026-03-19T17:41:52","slug":"getac-zx70-ex-tableta-con-proteccion-ex-atex-zona-2-pantalla-de-7-pulgadas-android-9-ip67-mil-std-810h-kopie-kopie-kopie-kopie-kopie-kopie-kopie","status":"publish","type":"product","link":"https:\/\/alegerglobal.com\/es\/shop-es\/gadgets-es\/getac-zx70-ex-tableta-con-proteccion-ex-atex-zona-2-pantalla-de-7-pulgadas-android-9-ip67-mil-std-810h-kopie-kopie-kopie-kopie-kopie-kopie-kopie\/","title":{"rendered":"Ver, encontrar, coger: el Inspectron Grabber combina c\u00e1mara y herramienta en un solo dispositivo"},"content":{"rendered":"","protected":false},"excerpt":{"rendered":"<p data-start=\"524\" data-end=\"995\">El Grabber Inspectron es una herramienta innovadora que combina la inspecci\u00f3n visual con una funci\u00f3n de recuperaci\u00f3n directa. En zonas confinadas y de dif\u00edcil acceso -como motores, tuber\u00edas o salas de distribuci\u00f3n-, este dispositivo no s\u00f3lo permite localizar componentes u objetos, sino tambi\u00e9n extraerlos de forma selectiva mediante una pinza situada en el extremo de la sonda. De este modo, se evitan los laboriosos desmontajes y las p\u00e9rdidas de tiempo durante los trabajos de revisi\u00f3n y mantenimiento.<\/p>\n<p data-start=\"997\" data-end=\"1425\">Con una sonda de c\u00e1mara de 18,5 mm de grosor (1 m de longitud), una pantalla LCD en color de 2,7\u2033, resoluci\u00f3n de imagen de 640\u00d7480, campo de visi\u00f3n de 80\u00b0, zoom digital e iluminaci\u00f3n LED de seis niveles, la pinza proporciona datos de imagen n\u00edtidos. En cuanto se reconoce el objetivo, un gesto de activaci\u00f3n en el mango extiende las \u00abp\u00faas\u00bb de agarre y permite sujetar el objeto. Por tanto, el dispositivo simplifica los procesos de inspecci\u00f3n, diagn\u00f3stico y recuperaci\u00f3n directamente in situ.<\/p>\n","protected":false},"featured_media":51826,"comment_status":"open","ping_status":"closed","template":"","meta":{"_acf_changed":false},"product_brand":[],"product_cat":[1344,1341],"product_tag":[],"class_list":{"0":"post-51798","1":"product","2":"type-product","3":"status-publish","4":"has-post-thumbnail","6":"product_cat-gadgets-es","7":"product_cat-shop-es","8":"pa_hersteller-getac-es","10":"first","11":"instock","12":"taxable","13":"shipping-taxable","14":"purchasable","15":"product-type-simple"},"acf":[],"yoast_head":"<!-- This site is optimized with the Yoast SEO Premium plugin v20.10 (Yoast SEO v24.3) - https:\/\/yoast.com\/wordpress\/plugins\/seo\/ -->\n<title>Inspectron Grabber - Herramienta de agarre para inspecci\u00f3n y recuperaci\u00f3n<\/title>\n<meta name=\"description\" content=\"El Grabber Inspectron combina videoscopio y mecanismo de agarre, y permite encontrar y recuperar componentes mediante inspecci\u00f3n: ideal para tecnolog\u00eda, mantenimiento y reparaci\u00f3n.\" \/>\n<meta name=\"robots\" content=\"index, follow, max-snippet:-1, max-image-preview:large, max-video-preview:-1\" \/>\n<meta property=\"og:locale\" content=\"es_ES\" \/>\n<meta property=\"og:type\" content=\"article\" \/>\n<meta property=\"og:title\" content=\"Ver, encontrar, coger: el Inspectron Grabber combina c\u00e1mara y herramienta en un solo dispositivo\" \/>\n<meta property=\"og:description\" content=\"El Grabber Inspectron combina videoscopio y mecanismo de agarre, y permite encontrar y recuperar componentes mediante inspecci\u00f3n: ideal para tecnolog\u00eda, mantenimiento y reparaci\u00f3n.\" \/>\n<meta property=\"og:url\" content=\"https:\/\/alegerglobal.com\/es\/shop-es\/gadgets-es\/getac-zx70-ex-tableta-con-proteccion-ex-atex-zona-2-pantalla-de-7-pulgadas-android-9-ip67-mil-std-810h-kopie-kopie-kopie-kopie-kopie-kopie-kopie\/\" \/>\n<meta property=\"og:site_name\" content=\"ALEGER \u22c6 Augmented Reality\" \/>\n<meta property=\"article:modified_time\" content=\"2026-03-19T17:41:52+00:00\" \/>\n<meta property=\"og:image\" content=\"https:\/\/alegerglobal.com\/wp-content\/uploads\/2025\/11\/inpectron-grabber.png\" \/>\n\t<meta property=\"og:image:width\" content=\"800\" \/>\n\t<meta property=\"og:image:height\" content=\"800\" \/>\n\t<meta property=\"og:image:type\" content=\"image\/png\" \/>\n<meta name=\"twitter:card\" content=\"summary_large_image\" \/>\n<meta name=\"twitter:label1\" content=\"Precio\" \/>\n\t<meta name=\"twitter:data1\" content=\"&euro;2.168,99\" \/>\n\t<meta name=\"twitter:label2\" content=\"Disponibilidad\" \/>\n\t<meta name=\"twitter:data2\" content=\"Disponible\" \/>\n<script type=\"application\/ld+json\" class=\"yoast-schema-graph\">{\"@context\":\"https:\/\/schema.org\",\"@graph\":[{\"@type\":\"WebPage\",\"@id\":\"https:\/\/alegerglobal.com\/es\/shop-es\/gadgets-es\/getac-zx70-ex-tableta-con-proteccion-ex-atex-zona-2-pantalla-de-7-pulgadas-android-9-ip67-mil-std-810h-kopie-kopie-kopie-kopie-kopie-kopie-kopie\/\",\"url\":\"https:\/\/alegerglobal.com\/es\/shop-es\/gadgets-es\/getac-zx70-ex-tableta-con-proteccion-ex-atex-zona-2-pantalla-de-7-pulgadas-android-9-ip67-mil-std-810h-kopie-kopie-kopie-kopie-kopie-kopie-kopie\/\",\"name\":\"Inspectron Grabber - Herramienta de agarre para inspecci\u00f3n y recuperaci\u00f3n\",\"isPartOf\":{\"@id\":\"https:\/\/alegerglobal.com\/es\/#website\"},\"primaryImageOfPage\":{\"@id\":\"https:\/\/alegerglobal.com\/es\/shop-es\/gadgets-es\/getac-zx70-ex-tableta-con-proteccion-ex-atex-zona-2-pantalla-de-7-pulgadas-android-9-ip67-mil-std-810h-kopie-kopie-kopie-kopie-kopie-kopie-kopie\/#primaryimage\"},\"image\":{\"@id\":\"https:\/\/alegerglobal.com\/es\/shop-es\/gadgets-es\/getac-zx70-ex-tableta-con-proteccion-ex-atex-zona-2-pantalla-de-7-pulgadas-android-9-ip67-mil-std-810h-kopie-kopie-kopie-kopie-kopie-kopie-kopie\/#primaryimage\"},\"thumbnailUrl\":\"https:\/\/alegerglobal.com\/wp-content\/uploads\/2025\/11\/inpectron-grabber.png\",\"datePublished\":\"2025-11-02T14:21:24+00:00\",\"dateModified\":\"2026-03-19T17:41:52+00:00\",\"description\":\"El Grabber Inspectron combina videoscopio y mecanismo de agarre, y permite encontrar y recuperar componentes mediante inspecci\u00f3n: ideal para tecnolog\u00eda, mantenimiento y reparaci\u00f3n.\",\"breadcrumb\":{\"@id\":\"https:\/\/alegerglobal.com\/es\/shop-es\/gadgets-es\/getac-zx70-ex-tableta-con-proteccion-ex-atex-zona-2-pantalla-de-7-pulgadas-android-9-ip67-mil-std-810h-kopie-kopie-kopie-kopie-kopie-kopie-kopie\/#breadcrumb\"},\"inLanguage\":\"es\",\"potentialAction\":[{\"@type\":\"ReadAction\",\"target\":[\"https:\/\/alegerglobal.com\/es\/shop-es\/gadgets-es\/getac-zx70-ex-tableta-con-proteccion-ex-atex-zona-2-pantalla-de-7-pulgadas-android-9-ip67-mil-std-810h-kopie-kopie-kopie-kopie-kopie-kopie-kopie\/\"]}]},{\"@type\":\"ImageObject\",\"inLanguage\":\"es\",\"@id\":\"https:\/\/alegerglobal.com\/es\/shop-es\/gadgets-es\/getac-zx70-ex-tableta-con-proteccion-ex-atex-zona-2-pantalla-de-7-pulgadas-android-9-ip67-mil-std-810h-kopie-kopie-kopie-kopie-kopie-kopie-kopie\/#primaryimage\",\"url\":\"https:\/\/alegerglobal.com\/wp-content\/uploads\/2025\/11\/inpectron-grabber.png\",\"contentUrl\":\"https:\/\/alegerglobal.com\/wp-content\/uploads\/2025\/11\/inpectron-grabber.png\",\"width\":800,\"height\":800},{\"@type\":\"BreadcrumbList\",\"@id\":\"https:\/\/alegerglobal.com\/es\/shop-es\/gadgets-es\/getac-zx70-ex-tableta-con-proteccion-ex-atex-zona-2-pantalla-de-7-pulgadas-android-9-ip67-mil-std-810h-kopie-kopie-kopie-kopie-kopie-kopie-kopie\/#breadcrumb\",\"itemListElement\":[{\"@type\":\"ListItem\",\"position\":1,\"name\":\"Home\",\"item\":\"https:\/\/alegerglobal.com\/es\/nuevo-pagina-de-inicio\/\"},{\"@type\":\"ListItem\",\"position\":2,\"name\":\"Productos\",\"item\":\"https:\/\/alegerglobal.com\/es\/productos\/\"},{\"@type\":\"ListItem\",\"position\":3,\"name\":\"Ver, encontrar, coger: el Inspectron Grabber combina c\u00e1mara y herramienta en un solo dispositivo\"}]},{\"@type\":\"WebSite\",\"@id\":\"https:\/\/alegerglobal.com\/es\/#website\",\"url\":\"https:\/\/alegerglobal.com\/es\/\",\"name\":\"ALEGER \u22c6 Augmented Reality\",\"description\":\"Die besten Augmented Reality (AR) L\u00f6sungen der Welt.\",\"publisher\":{\"@id\":\"https:\/\/alegerglobal.com\/es\/#organization\"},\"potentialAction\":[{\"@type\":\"SearchAction\",\"target\":{\"@type\":\"EntryPoint\",\"urlTemplate\":\"https:\/\/alegerglobal.com\/es\/?s={search_term_string}\"},\"query-input\":{\"@type\":\"PropertyValueSpecification\",\"valueRequired\":true,\"valueName\":\"search_term_string\"}}],\"inLanguage\":\"es\"},{\"@type\":\"Organization\",\"@id\":\"https:\/\/alegerglobal.com\/es\/#organization\",\"name\":\"ALEGER \u22c6 Augmented Reality\",\"url\":\"https:\/\/alegerglobal.com\/es\/\",\"logo\":{\"@type\":\"ImageObject\",\"inLanguage\":\"es\",\"@id\":\"https:\/\/alegerglobal.com\/es\/#\/schema\/logo\/image\/\",\"url\":\"https:\/\/alegerglobal.com\/wp-content\/uploads\/2020\/12\/aleger-logo-quadrat.jpg\",\"contentUrl\":\"https:\/\/alegerglobal.com\/wp-content\/uploads\/2020\/12\/aleger-logo-quadrat.jpg\",\"width\":200,\"height\":176,\"caption\":\"ALEGER \u22c6 Augmented Reality\"},\"image\":{\"@id\":\"https:\/\/alegerglobal.com\/es\/#\/schema\/logo\/image\/\"}}]}<\/script>\n<meta property=\"product:brand\" content=\"Getac\" \/>\n<meta property=\"product:price:amount\" content=\"2168.99\" \/>\n<meta property=\"product:price:currency\" content=\"EUR\" \/>\n<meta property=\"og:availability\" content=\"instock\" \/>\n<meta property=\"product:availability\" content=\"instock\" \/>\n<meta property=\"product:condition\" content=\"new\" \/>\n<!-- \/ Yoast SEO Premium plugin. -->","yoast_head_json":{"title":"Inspectron Grabber - Herramienta de agarre para inspecci\u00f3n y recuperaci\u00f3n","description":"El Grabber Inspectron combina videoscopio y mecanismo de agarre, y permite encontrar y recuperar componentes mediante inspecci\u00f3n: ideal para tecnolog\u00eda, mantenimiento y reparaci\u00f3n.","robots":{"index":"index","follow":"follow","max-snippet":"max-snippet:-1","max-image-preview":"max-image-preview:large","max-video-preview":"max-video-preview:-1"},"og_locale":"es_ES","og_type":"article","og_title":"Ver, encontrar, coger: el Inspectron Grabber combina c\u00e1mara y herramienta en un solo dispositivo","og_description":"El Grabber Inspectron combina videoscopio y mecanismo de agarre, y permite encontrar y recuperar componentes mediante inspecci\u00f3n: ideal para tecnolog\u00eda, mantenimiento y reparaci\u00f3n.","og_url":"https:\/\/alegerglobal.com\/es\/shop-es\/gadgets-es\/getac-zx70-ex-tableta-con-proteccion-ex-atex-zona-2-pantalla-de-7-pulgadas-android-9-ip67-mil-std-810h-kopie-kopie-kopie-kopie-kopie-kopie-kopie\/","og_site_name":"ALEGER \u22c6 Augmented Reality","article_modified_time":"2026-03-19T17:41:52+00:00","og_image":[{"width":800,"height":800,"url":"https:\/\/alegerglobal.com\/wp-content\/uploads\/2025\/11\/inpectron-grabber.png","type":"image\/png"}],"twitter_card":"summary_large_image","twitter_misc":{"Precio":"&euro;2.168,99","Disponibilidad":"Disponible"},"schema":{"@context":"https:\/\/schema.org","@graph":[{"@type":"WebPage","@id":"https:\/\/alegerglobal.com\/es\/shop-es\/gadgets-es\/getac-zx70-ex-tableta-con-proteccion-ex-atex-zona-2-pantalla-de-7-pulgadas-android-9-ip67-mil-std-810h-kopie-kopie-kopie-kopie-kopie-kopie-kopie\/","url":"https:\/\/alegerglobal.com\/es\/shop-es\/gadgets-es\/getac-zx70-ex-tableta-con-proteccion-ex-atex-zona-2-pantalla-de-7-pulgadas-android-9-ip67-mil-std-810h-kopie-kopie-kopie-kopie-kopie-kopie-kopie\/","name":"Inspectron Grabber - Herramienta de agarre para inspecci\u00f3n y recuperaci\u00f3n","isPartOf":{"@id":"https:\/\/alegerglobal.com\/es\/#website"},"primaryImageOfPage":{"@id":"https:\/\/alegerglobal.com\/es\/shop-es\/gadgets-es\/getac-zx70-ex-tableta-con-proteccion-ex-atex-zona-2-pantalla-de-7-pulgadas-android-9-ip67-mil-std-810h-kopie-kopie-kopie-kopie-kopie-kopie-kopie\/#primaryimage"},"image":{"@id":"https:\/\/alegerglobal.com\/es\/shop-es\/gadgets-es\/getac-zx70-ex-tableta-con-proteccion-ex-atex-zona-2-pantalla-de-7-pulgadas-android-9-ip67-mil-std-810h-kopie-kopie-kopie-kopie-kopie-kopie-kopie\/#primaryimage"},"thumbnailUrl":"https:\/\/alegerglobal.com\/wp-content\/uploads\/2025\/11\/inpectron-grabber.png","datePublished":"2025-11-02T14:21:24+00:00","dateModified":"2026-03-19T17:41:52+00:00","description":"El Grabber Inspectron combina videoscopio y mecanismo de agarre, y permite encontrar y recuperar componentes mediante inspecci\u00f3n: ideal para tecnolog\u00eda, mantenimiento y reparaci\u00f3n.","breadcrumb":{"@id":"https:\/\/alegerglobal.com\/es\/shop-es\/gadgets-es\/getac-zx70-ex-tableta-con-proteccion-ex-atex-zona-2-pantalla-de-7-pulgadas-android-9-ip67-mil-std-810h-kopie-kopie-kopie-kopie-kopie-kopie-kopie\/#breadcrumb"},"inLanguage":"es","potentialAction":[{"@type":"ReadAction","target":["https:\/\/alegerglobal.com\/es\/shop-es\/gadgets-es\/getac-zx70-ex-tableta-con-proteccion-ex-atex-zona-2-pantalla-de-7-pulgadas-android-9-ip67-mil-std-810h-kopie-kopie-kopie-kopie-kopie-kopie-kopie\/"]}]},{"@type":"ImageObject","inLanguage":"es","@id":"https:\/\/alegerglobal.com\/es\/shop-es\/gadgets-es\/getac-zx70-ex-tableta-con-proteccion-ex-atex-zona-2-pantalla-de-7-pulgadas-android-9-ip67-mil-std-810h-kopie-kopie-kopie-kopie-kopie-kopie-kopie\/#primaryimage","url":"https:\/\/alegerglobal.com\/wp-content\/uploads\/2025\/11\/inpectron-grabber.png","contentUrl":"https:\/\/alegerglobal.com\/wp-content\/uploads\/2025\/11\/inpectron-grabber.png","width":800,"height":800},{"@type":"BreadcrumbList","@id":"https:\/\/alegerglobal.com\/es\/shop-es\/gadgets-es\/getac-zx70-ex-tableta-con-proteccion-ex-atex-zona-2-pantalla-de-7-pulgadas-android-9-ip67-mil-std-810h-kopie-kopie-kopie-kopie-kopie-kopie-kopie\/#breadcrumb","itemListElement":[{"@type":"ListItem","position":1,"name":"Home","item":"https:\/\/alegerglobal.com\/es\/nuevo-pagina-de-inicio\/"},{"@type":"ListItem","position":2,"name":"Productos","item":"https:\/\/alegerglobal.com\/es\/productos\/"},{"@type":"ListItem","position":3,"name":"Ver, encontrar, coger: el Inspectron Grabber combina c\u00e1mara y herramienta en un solo dispositivo"}]},{"@type":"WebSite","@id":"https:\/\/alegerglobal.com\/es\/#website","url":"https:\/\/alegerglobal.com\/es\/","name":"ALEGER \u22c6 Augmented Reality","description":"Die besten Augmented Reality (AR) L\u00f6sungen der Welt.","publisher":{"@id":"https:\/\/alegerglobal.com\/es\/#organization"},"potentialAction":[{"@type":"SearchAction","target":{"@type":"EntryPoint","urlTemplate":"https:\/\/alegerglobal.com\/es\/?s={search_term_string}"},"query-input":{"@type":"PropertyValueSpecification","valueRequired":true,"valueName":"search_term_string"}}],"inLanguage":"es"},{"@type":"Organization","@id":"https:\/\/alegerglobal.com\/es\/#organization","name":"ALEGER \u22c6 Augmented Reality","url":"https:\/\/alegerglobal.com\/es\/","logo":{"@type":"ImageObject","inLanguage":"es","@id":"https:\/\/alegerglobal.com\/es\/#\/schema\/logo\/image\/","url":"https:\/\/alegerglobal.com\/wp-content\/uploads\/2020\/12\/aleger-logo-quadrat.jpg","contentUrl":"https:\/\/alegerglobal.com\/wp-content\/uploads\/2020\/12\/aleger-logo-quadrat.jpg","width":200,"height":176,"caption":"ALEGER \u22c6 Augmented Reality"},"image":{"@id":"https:\/\/alegerglobal.com\/es\/#\/schema\/logo\/image\/"}}]},"product_brand":"Getac","product_price_amount":"2168.99","product_price_currency":"EUR","og_availability":"instock","product_availability":"instock","product_condition":"new"},"_links":{"self":[{"href":"https:\/\/alegerglobal.com\/es\/wp-json\/wp\/v2\/product\/51798","targetHints":{"allow":["GET"]}}],"collection":[{"href":"https:\/\/alegerglobal.com\/es\/wp-json\/wp\/v2\/product"}],"about":[{"href":"https:\/\/alegerglobal.com\/es\/wp-json\/wp\/v2\/types\/product"}],"replies":[{"embeddable":true,"href":"https:\/\/alegerglobal.com\/es\/wp-json\/wp\/v2\/comments?post=51798"}],"version-history":[{"count":3,"href":"https:\/\/alegerglobal.com\/es\/wp-json\/wp\/v2\/product\/51798\/revisions"}],"predecessor-version":[{"id":53885,"href":"https:\/\/alegerglobal.com\/es\/wp-json\/wp\/v2\/product\/51798\/revisions\/53885"}],"wp:featuredmedia":[{"embeddable":true,"href":"https:\/\/alegerglobal.com\/es\/wp-json\/wp\/v2\/media\/51826"}],"wp:attachment":[{"href":"https:\/\/alegerglobal.com\/es\/wp-json\/wp\/v2\/media?parent=51798"}],"wp:term":[{"taxonomy":"product_brand","embeddable":true,"href":"https:\/\/alegerglobal.com\/es\/wp-json\/wp\/v2\/product_brand?post=51798"},{"taxonomy":"product_cat","embeddable":true,"href":"https:\/\/alegerglobal.com\/es\/wp-json\/wp\/v2\/product_cat?post=51798"},{"taxonomy":"product_tag","embeddable":true,"href":"https:\/\/alegerglobal.com\/es\/wp-json\/wp\/v2\/product_tag?post=51798"}],"curies":[{"name":"wp","href":"https:\/\/api.w.org\/{rel}","templated":true}]}}