{"id":51670,"date":"2025-11-02T14:46:04","date_gmt":"2025-11-02T13:46:05","guid":{"rendered":"https:\/\/alegerglobal.com\/?post_type=product&#038;p=51670"},"modified":"2026-03-25T20:21:49","modified_gmt":"2026-03-25T19:21:49","slug":"getac-zx70-ex-tableta-con-proteccion-ex-atex-zona-2-pantalla-de-7-pulgadas-android-9-ip67-mil-std-810h","status":"publish","type":"product","link":"https:\/\/alegerglobal.com\/es\/shop-es\/gadgets-es\/getac-zx70-ex-tableta-con-proteccion-ex-atex-zona-2-pantalla-de-7-pulgadas-android-9-ip67-mil-std-810h\/","title":{"rendered":"C\u00e1mara t\u00e9rmica Inspectron: tecnolog\u00eda de imagen t\u00e9rmica para diagn\u00f3sticos fiables"},"content":{"rendered":"","protected":false},"excerpt":{"rendered":"<p data-start=\"683\" data-end=\"1119\">La C\u00e1mara T\u00e9rmica Inspectron se desarroll\u00f3 para visualizar r\u00e1pidamente anomal\u00edas t\u00e9rmicas como sobrecalentamiento, puentes t\u00e9rmicos o fugas. Es ideal para su uso en la industria, instalaciones el\u00e9ctricas, sistemas de calefacci\u00f3n\/refrigeraci\u00f3n y mantenimiento preventivo. Con una construcci\u00f3n compacta, un dise\u00f1o robusto y sensores de alta calidad, ofrece resultados fiables directamente in situ.<\/p>\n<p data-start=\"1121\" data-end=\"1336\">Los t\u00e9cnicos pueden utilizarlo para detectar fusibles sobrecalentados, resistencias de contacto o elementos calefactores defectuosos, mucho antes de que se produzca un defecto o se produzca un tiempo de inactividad.<\/p>\n","protected":false},"featured_media":51698,"comment_status":"open","ping_status":"closed","template":"","meta":{"_acf_changed":false},"product_brand":[],"product_cat":[1344,1341],"product_tag":[],"class_list":{"0":"post-51670","1":"product","2":"type-product","3":"status-publish","4":"has-post-thumbnail","6":"product_cat-gadgets-es","7":"product_cat-shop-es","8":"pa_hersteller-getac-es","10":"first","11":"instock","12":"taxable","13":"shipping-taxable","14":"purchasable","15":"product-type-simple"},"acf":[],"yoast_head":"<!-- This site is optimized with the Yoast SEO Premium plugin v20.10 (Yoast SEO v24.3) - https:\/\/yoast.com\/wordpress\/plugins\/seo\/ -->\n<title>Comprar Uvisan VRProXS - Caja compacta de desinfecci\u00f3n y carga UV<\/title>\n<meta name=\"description\" content=\"La C\u00e1mara T\u00e9rmica Inspectron es para pruebas el\u00e9ctricas, mantenimiento y mantenimiento preventivo: precisa, robusta y lista para su uso inmediato. C\u00f3mprala ahora.\" \/>\n<meta name=\"robots\" content=\"index, follow, max-snippet:-1, max-image-preview:large, max-video-preview:-1\" \/>\n<meta property=\"og:locale\" content=\"es_ES\" \/>\n<meta property=\"og:type\" content=\"article\" \/>\n<meta property=\"og:title\" content=\"C\u00e1mara t\u00e9rmica Inspectron: tecnolog\u00eda de imagen t\u00e9rmica para diagn\u00f3sticos fiables\" \/>\n<meta property=\"og:description\" content=\"La C\u00e1mara T\u00e9rmica Inspectron es para pruebas el\u00e9ctricas, mantenimiento y mantenimiento preventivo: precisa, robusta y lista para su uso inmediato. C\u00f3mprala ahora.\" \/>\n<meta property=\"og:url\" content=\"https:\/\/alegerglobal.com\/es\/shop-es\/gadgets-es\/getac-zx70-ex-tableta-con-proteccion-ex-atex-zona-2-pantalla-de-7-pulgadas-android-9-ip67-mil-std-810h\/\" \/>\n<meta property=\"og:site_name\" content=\"ALEGER \u22c6 Augmented Reality\" \/>\n<meta property=\"article:modified_time\" content=\"2026-03-25T19:21:49+00:00\" \/>\n<meta property=\"og:image\" content=\"https:\/\/alegerglobal.com\/wp-content\/uploads\/2025\/11\/waermebildkamera-inspectron.png\" \/>\n\t<meta property=\"og:image:width\" content=\"800\" \/>\n\t<meta property=\"og:image:height\" content=\"800\" \/>\n\t<meta property=\"og:image:type\" content=\"image\/png\" \/>\n<meta name=\"twitter:card\" content=\"summary_large_image\" \/>\n<meta name=\"twitter:label1\" content=\"Precio\" \/>\n\t<meta name=\"twitter:data1\" content=\"&euro;2.168,99\" \/>\n\t<meta name=\"twitter:label2\" content=\"Disponibilidad\" \/>\n\t<meta name=\"twitter:data2\" content=\"Disponible\" \/>\n<script type=\"application\/ld+json\" class=\"yoast-schema-graph\">{\"@context\":\"https:\/\/schema.org\",\"@graph\":[{\"@type\":\"WebPage\",\"@id\":\"https:\/\/alegerglobal.com\/es\/shop-es\/gadgets-es\/getac-zx70-ex-tableta-con-proteccion-ex-atex-zona-2-pantalla-de-7-pulgadas-android-9-ip67-mil-std-810h\/\",\"url\":\"https:\/\/alegerglobal.com\/es\/shop-es\/gadgets-es\/getac-zx70-ex-tableta-con-proteccion-ex-atex-zona-2-pantalla-de-7-pulgadas-android-9-ip67-mil-std-810h\/\",\"name\":\"Comprar Uvisan VRProXS - Caja compacta de desinfecci\u00f3n y carga UV\",\"isPartOf\":{\"@id\":\"https:\/\/alegerglobal.com\/es\/#website\"},\"primaryImageOfPage\":{\"@id\":\"https:\/\/alegerglobal.com\/es\/shop-es\/gadgets-es\/getac-zx70-ex-tableta-con-proteccion-ex-atex-zona-2-pantalla-de-7-pulgadas-android-9-ip67-mil-std-810h\/#primaryimage\"},\"image\":{\"@id\":\"https:\/\/alegerglobal.com\/es\/shop-es\/gadgets-es\/getac-zx70-ex-tableta-con-proteccion-ex-atex-zona-2-pantalla-de-7-pulgadas-android-9-ip67-mil-std-810h\/#primaryimage\"},\"thumbnailUrl\":\"https:\/\/alegerglobal.com\/wp-content\/uploads\/2025\/11\/waermebildkamera-inspectron.png\",\"datePublished\":\"2025-11-02T13:46:05+00:00\",\"dateModified\":\"2026-03-25T19:21:49+00:00\",\"description\":\"La C\u00e1mara T\u00e9rmica Inspectron es para pruebas el\u00e9ctricas, mantenimiento y mantenimiento preventivo: precisa, robusta y lista para su uso inmediato. C\u00f3mprala ahora.\",\"breadcrumb\":{\"@id\":\"https:\/\/alegerglobal.com\/es\/shop-es\/gadgets-es\/getac-zx70-ex-tableta-con-proteccion-ex-atex-zona-2-pantalla-de-7-pulgadas-android-9-ip67-mil-std-810h\/#breadcrumb\"},\"inLanguage\":\"es\",\"potentialAction\":[{\"@type\":\"ReadAction\",\"target\":[\"https:\/\/alegerglobal.com\/es\/shop-es\/gadgets-es\/getac-zx70-ex-tableta-con-proteccion-ex-atex-zona-2-pantalla-de-7-pulgadas-android-9-ip67-mil-std-810h\/\"]}]},{\"@type\":\"ImageObject\",\"inLanguage\":\"es\",\"@id\":\"https:\/\/alegerglobal.com\/es\/shop-es\/gadgets-es\/getac-zx70-ex-tableta-con-proteccion-ex-atex-zona-2-pantalla-de-7-pulgadas-android-9-ip67-mil-std-810h\/#primaryimage\",\"url\":\"https:\/\/alegerglobal.com\/wp-content\/uploads\/2025\/11\/waermebildkamera-inspectron.png\",\"contentUrl\":\"https:\/\/alegerglobal.com\/wp-content\/uploads\/2025\/11\/waermebildkamera-inspectron.png\",\"width\":800,\"height\":800},{\"@type\":\"BreadcrumbList\",\"@id\":\"https:\/\/alegerglobal.com\/es\/shop-es\/gadgets-es\/getac-zx70-ex-tableta-con-proteccion-ex-atex-zona-2-pantalla-de-7-pulgadas-android-9-ip67-mil-std-810h\/#breadcrumb\",\"itemListElement\":[{\"@type\":\"ListItem\",\"position\":1,\"name\":\"Home\",\"item\":\"https:\/\/alegerglobal.com\/es\/nuevo-pagina-de-inicio\/\"},{\"@type\":\"ListItem\",\"position\":2,\"name\":\"Productos\",\"item\":\"https:\/\/alegerglobal.com\/es\/productos\/\"},{\"@type\":\"ListItem\",\"position\":3,\"name\":\"C\u00e1mara t\u00e9rmica Inspectron: tecnolog\u00eda de imagen t\u00e9rmica para diagn\u00f3sticos fiables\"}]},{\"@type\":\"WebSite\",\"@id\":\"https:\/\/alegerglobal.com\/es\/#website\",\"url\":\"https:\/\/alegerglobal.com\/es\/\",\"name\":\"ALEGER \u22c6 Augmented Reality\",\"description\":\"Die besten Augmented Reality (AR) L\u00f6sungen der Welt.\",\"publisher\":{\"@id\":\"https:\/\/alegerglobal.com\/es\/#organization\"},\"potentialAction\":[{\"@type\":\"SearchAction\",\"target\":{\"@type\":\"EntryPoint\",\"urlTemplate\":\"https:\/\/alegerglobal.com\/es\/?s={search_term_string}\"},\"query-input\":{\"@type\":\"PropertyValueSpecification\",\"valueRequired\":true,\"valueName\":\"search_term_string\"}}],\"inLanguage\":\"es\"},{\"@type\":\"Organization\",\"@id\":\"https:\/\/alegerglobal.com\/es\/#organization\",\"name\":\"ALEGER \u22c6 Augmented Reality\",\"url\":\"https:\/\/alegerglobal.com\/es\/\",\"logo\":{\"@type\":\"ImageObject\",\"inLanguage\":\"es\",\"@id\":\"https:\/\/alegerglobal.com\/es\/#\/schema\/logo\/image\/\",\"url\":\"https:\/\/alegerglobal.com\/wp-content\/uploads\/2020\/12\/aleger-logo-quadrat.jpg\",\"contentUrl\":\"https:\/\/alegerglobal.com\/wp-content\/uploads\/2020\/12\/aleger-logo-quadrat.jpg\",\"width\":200,\"height\":176,\"caption\":\"ALEGER \u22c6 Augmented Reality\"},\"image\":{\"@id\":\"https:\/\/alegerglobal.com\/es\/#\/schema\/logo\/image\/\"}}]}<\/script>\n<meta property=\"product:brand\" content=\"Getac\" \/>\n<meta property=\"product:price:amount\" content=\"2168.99\" \/>\n<meta property=\"product:price:currency\" content=\"EUR\" \/>\n<meta property=\"og:availability\" content=\"instock\" \/>\n<meta property=\"product:availability\" content=\"instock\" \/>\n<meta property=\"product:condition\" content=\"new\" \/>\n<!-- \/ Yoast SEO Premium plugin. -->","yoast_head_json":{"title":"Comprar Uvisan VRProXS - Caja compacta de desinfecci\u00f3n y carga UV","description":"La C\u00e1mara T\u00e9rmica Inspectron es para pruebas el\u00e9ctricas, mantenimiento y mantenimiento preventivo: precisa, robusta y lista para su uso inmediato. C\u00f3mprala ahora.","robots":{"index":"index","follow":"follow","max-snippet":"max-snippet:-1","max-image-preview":"max-image-preview:large","max-video-preview":"max-video-preview:-1"},"og_locale":"es_ES","og_type":"article","og_title":"C\u00e1mara t\u00e9rmica Inspectron: tecnolog\u00eda de imagen t\u00e9rmica para diagn\u00f3sticos fiables","og_description":"La C\u00e1mara T\u00e9rmica Inspectron es para pruebas el\u00e9ctricas, mantenimiento y mantenimiento preventivo: precisa, robusta y lista para su uso inmediato. C\u00f3mprala ahora.","og_url":"https:\/\/alegerglobal.com\/es\/shop-es\/gadgets-es\/getac-zx70-ex-tableta-con-proteccion-ex-atex-zona-2-pantalla-de-7-pulgadas-android-9-ip67-mil-std-810h\/","og_site_name":"ALEGER \u22c6 Augmented Reality","article_modified_time":"2026-03-25T19:21:49+00:00","og_image":[{"width":800,"height":800,"url":"https:\/\/alegerglobal.com\/wp-content\/uploads\/2025\/11\/waermebildkamera-inspectron.png","type":"image\/png"}],"twitter_card":"summary_large_image","twitter_misc":{"Precio":"&euro;2.168,99","Disponibilidad":"Disponible"},"schema":{"@context":"https:\/\/schema.org","@graph":[{"@type":"WebPage","@id":"https:\/\/alegerglobal.com\/es\/shop-es\/gadgets-es\/getac-zx70-ex-tableta-con-proteccion-ex-atex-zona-2-pantalla-de-7-pulgadas-android-9-ip67-mil-std-810h\/","url":"https:\/\/alegerglobal.com\/es\/shop-es\/gadgets-es\/getac-zx70-ex-tableta-con-proteccion-ex-atex-zona-2-pantalla-de-7-pulgadas-android-9-ip67-mil-std-810h\/","name":"Comprar Uvisan VRProXS - Caja compacta de desinfecci\u00f3n y carga UV","isPartOf":{"@id":"https:\/\/alegerglobal.com\/es\/#website"},"primaryImageOfPage":{"@id":"https:\/\/alegerglobal.com\/es\/shop-es\/gadgets-es\/getac-zx70-ex-tableta-con-proteccion-ex-atex-zona-2-pantalla-de-7-pulgadas-android-9-ip67-mil-std-810h\/#primaryimage"},"image":{"@id":"https:\/\/alegerglobal.com\/es\/shop-es\/gadgets-es\/getac-zx70-ex-tableta-con-proteccion-ex-atex-zona-2-pantalla-de-7-pulgadas-android-9-ip67-mil-std-810h\/#primaryimage"},"thumbnailUrl":"https:\/\/alegerglobal.com\/wp-content\/uploads\/2025\/11\/waermebildkamera-inspectron.png","datePublished":"2025-11-02T13:46:05+00:00","dateModified":"2026-03-25T19:21:49+00:00","description":"La C\u00e1mara T\u00e9rmica Inspectron es para pruebas el\u00e9ctricas, mantenimiento y mantenimiento preventivo: precisa, robusta y lista para su uso inmediato. C\u00f3mprala ahora.","breadcrumb":{"@id":"https:\/\/alegerglobal.com\/es\/shop-es\/gadgets-es\/getac-zx70-ex-tableta-con-proteccion-ex-atex-zona-2-pantalla-de-7-pulgadas-android-9-ip67-mil-std-810h\/#breadcrumb"},"inLanguage":"es","potentialAction":[{"@type":"ReadAction","target":["https:\/\/alegerglobal.com\/es\/shop-es\/gadgets-es\/getac-zx70-ex-tableta-con-proteccion-ex-atex-zona-2-pantalla-de-7-pulgadas-android-9-ip67-mil-std-810h\/"]}]},{"@type":"ImageObject","inLanguage":"es","@id":"https:\/\/alegerglobal.com\/es\/shop-es\/gadgets-es\/getac-zx70-ex-tableta-con-proteccion-ex-atex-zona-2-pantalla-de-7-pulgadas-android-9-ip67-mil-std-810h\/#primaryimage","url":"https:\/\/alegerglobal.com\/wp-content\/uploads\/2025\/11\/waermebildkamera-inspectron.png","contentUrl":"https:\/\/alegerglobal.com\/wp-content\/uploads\/2025\/11\/waermebildkamera-inspectron.png","width":800,"height":800},{"@type":"BreadcrumbList","@id":"https:\/\/alegerglobal.com\/es\/shop-es\/gadgets-es\/getac-zx70-ex-tableta-con-proteccion-ex-atex-zona-2-pantalla-de-7-pulgadas-android-9-ip67-mil-std-810h\/#breadcrumb","itemListElement":[{"@type":"ListItem","position":1,"name":"Home","item":"https:\/\/alegerglobal.com\/es\/nuevo-pagina-de-inicio\/"},{"@type":"ListItem","position":2,"name":"Productos","item":"https:\/\/alegerglobal.com\/es\/productos\/"},{"@type":"ListItem","position":3,"name":"C\u00e1mara t\u00e9rmica Inspectron: tecnolog\u00eda de imagen t\u00e9rmica para diagn\u00f3sticos fiables"}]},{"@type":"WebSite","@id":"https:\/\/alegerglobal.com\/es\/#website","url":"https:\/\/alegerglobal.com\/es\/","name":"ALEGER \u22c6 Augmented Reality","description":"Die besten Augmented Reality (AR) L\u00f6sungen der Welt.","publisher":{"@id":"https:\/\/alegerglobal.com\/es\/#organization"},"potentialAction":[{"@type":"SearchAction","target":{"@type":"EntryPoint","urlTemplate":"https:\/\/alegerglobal.com\/es\/?s={search_term_string}"},"query-input":{"@type":"PropertyValueSpecification","valueRequired":true,"valueName":"search_term_string"}}],"inLanguage":"es"},{"@type":"Organization","@id":"https:\/\/alegerglobal.com\/es\/#organization","name":"ALEGER \u22c6 Augmented Reality","url":"https:\/\/alegerglobal.com\/es\/","logo":{"@type":"ImageObject","inLanguage":"es","@id":"https:\/\/alegerglobal.com\/es\/#\/schema\/logo\/image\/","url":"https:\/\/alegerglobal.com\/wp-content\/uploads\/2020\/12\/aleger-logo-quadrat.jpg","contentUrl":"https:\/\/alegerglobal.com\/wp-content\/uploads\/2020\/12\/aleger-logo-quadrat.jpg","width":200,"height":176,"caption":"ALEGER \u22c6 Augmented Reality"},"image":{"@id":"https:\/\/alegerglobal.com\/es\/#\/schema\/logo\/image\/"}}]},"product_brand":"Getac","product_price_amount":"2168.99","product_price_currency":"EUR","og_availability":"instock","product_availability":"instock","product_condition":"new"},"_links":{"self":[{"href":"https:\/\/alegerglobal.com\/es\/wp-json\/wp\/v2\/product\/51670","targetHints":{"allow":["GET"]}}],"collection":[{"href":"https:\/\/alegerglobal.com\/es\/wp-json\/wp\/v2\/product"}],"about":[{"href":"https:\/\/alegerglobal.com\/es\/wp-json\/wp\/v2\/types\/product"}],"replies":[{"embeddable":true,"href":"https:\/\/alegerglobal.com\/es\/wp-json\/wp\/v2\/comments?post=51670"}],"version-history":[{"count":3,"href":"https:\/\/alegerglobal.com\/es\/wp-json\/wp\/v2\/product\/51670\/revisions"}],"predecessor-version":[{"id":54099,"href":"https:\/\/alegerglobal.com\/es\/wp-json\/wp\/v2\/product\/51670\/revisions\/54099"}],"wp:featuredmedia":[{"embeddable":true,"href":"https:\/\/alegerglobal.com\/es\/wp-json\/wp\/v2\/media\/51698"}],"wp:attachment":[{"href":"https:\/\/alegerglobal.com\/es\/wp-json\/wp\/v2\/media?parent=51670"}],"wp:term":[{"taxonomy":"product_brand","embeddable":true,"href":"https:\/\/alegerglobal.com\/es\/wp-json\/wp\/v2\/product_brand?post=51670"},{"taxonomy":"product_cat","embeddable":true,"href":"https:\/\/alegerglobal.com\/es\/wp-json\/wp\/v2\/product_cat?post=51670"},{"taxonomy":"product_tag","embeddable":true,"href":"https:\/\/alegerglobal.com\/es\/wp-json\/wp\/v2\/product_tag?post=51670"}],"curies":[{"name":"wp","href":"https:\/\/api.w.org\/{rel}","templated":true}]}}