{"id":51555,"date":"2025-11-02T14:08:53","date_gmt":"2025-11-02T13:08:55","guid":{"rendered":"https:\/\/alegerglobal.com\/?post_type=product&#038;p=51555"},"modified":"2026-03-19T18:41:10","modified_gmt":"2026-03-19T17:41:10","slug":"getac-zx70-ex-tableta-con-proteccion-ex-atex-zona-2-pantalla-de-7-pulgadas-android-9-ip67-mil-std-810h-kopie-kopie","status":"publish","type":"product","link":"https:\/\/alegerglobal.com\/es\/shop-es\/gadgets-es\/getac-zx70-ex-tableta-con-proteccion-ex-atex-zona-2-pantalla-de-7-pulgadas-android-9-ip67-mil-std-810h-kopie-kopie\/","title":{"rendered":"Uvisan VRProM &#8211; Higiene eficaz, almacenamiento seguro y carga de dispositivos compartidos"},"content":{"rendered":"","protected":false},"excerpt":{"rendered":"<p data-start=\"773\" data-end=\"1282\">La Uvisan VRProM es una innovadora cabina de carga y desinfecci\u00f3n UV-C, especialmente dise\u00f1ada para entornos con dispositivos tecnol\u00f3gicos compartidos, como auriculares VR\/AR, tabletas u ordenadores port\u00e1tiles. En poco tiempo de desinfecci\u00f3n, los dispositivos se liberan de forma fiable de virus, bacterias y hongos, sin productos qu\u00edmicos, calor ni residuos. Al mismo tiempo, los dispositivos se cargan mediante los puertos USB de carga r\u00e1pida integrados, garantizando la limpieza y la disponibilidad de uso en un solo paso.<\/p>\n<p data-start=\"1284\" data-end=\"1516\">Gracias a su robusta carcasa de acero con puertas con cerradura y ruedas para su movilidad, el VRProM es ideal para salas de formaci\u00f3n, laboratorios de RV\/RA, instituciones educativas, entornos de juego\/arcade y centros de formaci\u00f3n profesional.<\/p>\n","protected":false},"featured_media":51598,"comment_status":"open","ping_status":"closed","template":"","meta":{"_acf_changed":false},"product_brand":[],"product_cat":[1344,1341],"product_tag":[],"class_list":{"0":"post-51555","1":"product","2":"type-product","3":"status-publish","4":"has-post-thumbnail","6":"product_cat-gadgets-es","7":"product_cat-shop-es","8":"pa_hersteller-getac-es","10":"first","11":"instock","12":"taxable","13":"shipping-taxable","14":"purchasable","15":"product-type-simple"},"acf":[],"yoast_head":"<!-- This site is optimized with the Yoast SEO Premium plugin v20.10 (Yoast SEO v24.3) - https:\/\/yoast.com\/wordpress\/plugins\/seo\/ -->\n<title>Comprar Uvisan VRProM - -C\u00e1mara de desinfecci\u00f3n y carga UV-C<\/title>\n<meta name=\"description\" content=\"El Uvisan VRProM es un armario de carga y desinfecci\u00f3n UV-C para auriculares VR\/AR, tabletas y port\u00e1tiles con cobertura UVC de 360\u00b0, hasta el 99,999 % y 36 puertos.\" \/>\n<meta name=\"robots\" content=\"index, follow, max-snippet:-1, max-image-preview:large, max-video-preview:-1\" \/>\n<meta property=\"og:locale\" content=\"es_ES\" \/>\n<meta property=\"og:type\" content=\"article\" \/>\n<meta property=\"og:title\" content=\"Uvisan VRProM - Higiene eficaz, almacenamiento seguro y carga de dispositivos compartidos\" \/>\n<meta property=\"og:description\" content=\"El Uvisan VRProM es un armario de carga y desinfecci\u00f3n UV-C para auriculares VR\/AR, tabletas y port\u00e1tiles con cobertura UVC de 360\u00b0, hasta el 99,999 % y 36 puertos.\" \/>\n<meta property=\"og:url\" content=\"https:\/\/alegerglobal.com\/es\/shop-es\/gadgets-es\/getac-zx70-ex-tableta-con-proteccion-ex-atex-zona-2-pantalla-de-7-pulgadas-android-9-ip67-mil-std-810h-kopie-kopie\/\" \/>\n<meta property=\"og:site_name\" content=\"ALEGER \u22c6 Augmented Reality\" \/>\n<meta property=\"article:modified_time\" content=\"2026-03-19T17:41:10+00:00\" \/>\n<meta property=\"og:image\" content=\"https:\/\/alegerglobal.com\/wp-content\/uploads\/2025\/11\/uvisan-vrprom.png\" \/>\n\t<meta property=\"og:image:width\" content=\"800\" \/>\n\t<meta property=\"og:image:height\" content=\"800\" \/>\n\t<meta property=\"og:image:type\" content=\"image\/png\" \/>\n<meta name=\"twitter:card\" content=\"summary_large_image\" \/>\n<meta name=\"twitter:label1\" content=\"Precio\" \/>\n\t<meta name=\"twitter:data1\" content=\"&euro;2.168,99\" \/>\n\t<meta name=\"twitter:label2\" content=\"Disponibilidad\" \/>\n\t<meta name=\"twitter:data2\" content=\"Disponible\" \/>\n<script type=\"application\/ld+json\" class=\"yoast-schema-graph\">{\"@context\":\"https:\/\/schema.org\",\"@graph\":[{\"@type\":\"WebPage\",\"@id\":\"https:\/\/alegerglobal.com\/es\/shop-es\/gadgets-es\/getac-zx70-ex-tableta-con-proteccion-ex-atex-zona-2-pantalla-de-7-pulgadas-android-9-ip67-mil-std-810h-kopie-kopie\/\",\"url\":\"https:\/\/alegerglobal.com\/es\/shop-es\/gadgets-es\/getac-zx70-ex-tableta-con-proteccion-ex-atex-zona-2-pantalla-de-7-pulgadas-android-9-ip67-mil-std-810h-kopie-kopie\/\",\"name\":\"Comprar Uvisan VRProM - -C\u00e1mara de desinfecci\u00f3n y carga UV-C\",\"isPartOf\":{\"@id\":\"https:\/\/alegerglobal.com\/es\/#website\"},\"primaryImageOfPage\":{\"@id\":\"https:\/\/alegerglobal.com\/es\/shop-es\/gadgets-es\/getac-zx70-ex-tableta-con-proteccion-ex-atex-zona-2-pantalla-de-7-pulgadas-android-9-ip67-mil-std-810h-kopie-kopie\/#primaryimage\"},\"image\":{\"@id\":\"https:\/\/alegerglobal.com\/es\/shop-es\/gadgets-es\/getac-zx70-ex-tableta-con-proteccion-ex-atex-zona-2-pantalla-de-7-pulgadas-android-9-ip67-mil-std-810h-kopie-kopie\/#primaryimage\"},\"thumbnailUrl\":\"https:\/\/alegerglobal.com\/wp-content\/uploads\/2025\/11\/uvisan-vrprom.png\",\"datePublished\":\"2025-11-02T13:08:55+00:00\",\"dateModified\":\"2026-03-19T17:41:10+00:00\",\"description\":\"El Uvisan VRProM es un armario de carga y desinfecci\u00f3n UV-C para auriculares VR\/AR, tabletas y port\u00e1tiles con cobertura UVC de 360\u00b0, hasta el 99,999 % y 36 puertos.\",\"breadcrumb\":{\"@id\":\"https:\/\/alegerglobal.com\/es\/shop-es\/gadgets-es\/getac-zx70-ex-tableta-con-proteccion-ex-atex-zona-2-pantalla-de-7-pulgadas-android-9-ip67-mil-std-810h-kopie-kopie\/#breadcrumb\"},\"inLanguage\":\"es\",\"potentialAction\":[{\"@type\":\"ReadAction\",\"target\":[\"https:\/\/alegerglobal.com\/es\/shop-es\/gadgets-es\/getac-zx70-ex-tableta-con-proteccion-ex-atex-zona-2-pantalla-de-7-pulgadas-android-9-ip67-mil-std-810h-kopie-kopie\/\"]}]},{\"@type\":\"ImageObject\",\"inLanguage\":\"es\",\"@id\":\"https:\/\/alegerglobal.com\/es\/shop-es\/gadgets-es\/getac-zx70-ex-tableta-con-proteccion-ex-atex-zona-2-pantalla-de-7-pulgadas-android-9-ip67-mil-std-810h-kopie-kopie\/#primaryimage\",\"url\":\"https:\/\/alegerglobal.com\/wp-content\/uploads\/2025\/11\/uvisan-vrprom.png\",\"contentUrl\":\"https:\/\/alegerglobal.com\/wp-content\/uploads\/2025\/11\/uvisan-vrprom.png\",\"width\":800,\"height\":800},{\"@type\":\"BreadcrumbList\",\"@id\":\"https:\/\/alegerglobal.com\/es\/shop-es\/gadgets-es\/getac-zx70-ex-tableta-con-proteccion-ex-atex-zona-2-pantalla-de-7-pulgadas-android-9-ip67-mil-std-810h-kopie-kopie\/#breadcrumb\",\"itemListElement\":[{\"@type\":\"ListItem\",\"position\":1,\"name\":\"Home\",\"item\":\"https:\/\/alegerglobal.com\/es\/nuevo-pagina-de-inicio\/\"},{\"@type\":\"ListItem\",\"position\":2,\"name\":\"Productos\",\"item\":\"https:\/\/alegerglobal.com\/es\/productos\/\"},{\"@type\":\"ListItem\",\"position\":3,\"name\":\"Uvisan VRProM &#8211; Higiene eficaz, almacenamiento seguro y carga de dispositivos compartidos\"}]},{\"@type\":\"WebSite\",\"@id\":\"https:\/\/alegerglobal.com\/es\/#website\",\"url\":\"https:\/\/alegerglobal.com\/es\/\",\"name\":\"ALEGER \u22c6 Augmented Reality\",\"description\":\"Die besten Augmented Reality (AR) L\u00f6sungen der Welt.\",\"publisher\":{\"@id\":\"https:\/\/alegerglobal.com\/es\/#organization\"},\"potentialAction\":[{\"@type\":\"SearchAction\",\"target\":{\"@type\":\"EntryPoint\",\"urlTemplate\":\"https:\/\/alegerglobal.com\/es\/?s={search_term_string}\"},\"query-input\":{\"@type\":\"PropertyValueSpecification\",\"valueRequired\":true,\"valueName\":\"search_term_string\"}}],\"inLanguage\":\"es\"},{\"@type\":\"Organization\",\"@id\":\"https:\/\/alegerglobal.com\/es\/#organization\",\"name\":\"ALEGER \u22c6 Augmented Reality\",\"url\":\"https:\/\/alegerglobal.com\/es\/\",\"logo\":{\"@type\":\"ImageObject\",\"inLanguage\":\"es\",\"@id\":\"https:\/\/alegerglobal.com\/es\/#\/schema\/logo\/image\/\",\"url\":\"https:\/\/alegerglobal.com\/wp-content\/uploads\/2020\/12\/aleger-logo-quadrat.jpg\",\"contentUrl\":\"https:\/\/alegerglobal.com\/wp-content\/uploads\/2020\/12\/aleger-logo-quadrat.jpg\",\"width\":200,\"height\":176,\"caption\":\"ALEGER \u22c6 Augmented Reality\"},\"image\":{\"@id\":\"https:\/\/alegerglobal.com\/es\/#\/schema\/logo\/image\/\"}}]}<\/script>\n<meta property=\"product:brand\" content=\"Getac\" \/>\n<meta property=\"product:price:amount\" content=\"2168.99\" \/>\n<meta property=\"product:price:currency\" content=\"EUR\" \/>\n<meta property=\"og:availability\" content=\"instock\" \/>\n<meta property=\"product:availability\" content=\"instock\" \/>\n<meta property=\"product:condition\" content=\"new\" \/>\n<!-- \/ Yoast SEO Premium plugin. -->","yoast_head_json":{"title":"Comprar Uvisan VRProM - -C\u00e1mara de desinfecci\u00f3n y carga UV-C","description":"El Uvisan VRProM es un armario de carga y desinfecci\u00f3n UV-C para auriculares VR\/AR, tabletas y port\u00e1tiles con cobertura UVC de 360\u00b0, hasta el 99,999 % y 36 puertos.","robots":{"index":"index","follow":"follow","max-snippet":"max-snippet:-1","max-image-preview":"max-image-preview:large","max-video-preview":"max-video-preview:-1"},"og_locale":"es_ES","og_type":"article","og_title":"Uvisan VRProM - Higiene eficaz, almacenamiento seguro y carga de dispositivos compartidos","og_description":"El Uvisan VRProM es un armario de carga y desinfecci\u00f3n UV-C para auriculares VR\/AR, tabletas y port\u00e1tiles con cobertura UVC de 360\u00b0, hasta el 99,999 % y 36 puertos.","og_url":"https:\/\/alegerglobal.com\/es\/shop-es\/gadgets-es\/getac-zx70-ex-tableta-con-proteccion-ex-atex-zona-2-pantalla-de-7-pulgadas-android-9-ip67-mil-std-810h-kopie-kopie\/","og_site_name":"ALEGER \u22c6 Augmented Reality","article_modified_time":"2026-03-19T17:41:10+00:00","og_image":[{"width":800,"height":800,"url":"https:\/\/alegerglobal.com\/wp-content\/uploads\/2025\/11\/uvisan-vrprom.png","type":"image\/png"}],"twitter_card":"summary_large_image","twitter_misc":{"Precio":"&euro;2.168,99","Disponibilidad":"Disponible"},"schema":{"@context":"https:\/\/schema.org","@graph":[{"@type":"WebPage","@id":"https:\/\/alegerglobal.com\/es\/shop-es\/gadgets-es\/getac-zx70-ex-tableta-con-proteccion-ex-atex-zona-2-pantalla-de-7-pulgadas-android-9-ip67-mil-std-810h-kopie-kopie\/","url":"https:\/\/alegerglobal.com\/es\/shop-es\/gadgets-es\/getac-zx70-ex-tableta-con-proteccion-ex-atex-zona-2-pantalla-de-7-pulgadas-android-9-ip67-mil-std-810h-kopie-kopie\/","name":"Comprar Uvisan VRProM - -C\u00e1mara de desinfecci\u00f3n y carga UV-C","isPartOf":{"@id":"https:\/\/alegerglobal.com\/es\/#website"},"primaryImageOfPage":{"@id":"https:\/\/alegerglobal.com\/es\/shop-es\/gadgets-es\/getac-zx70-ex-tableta-con-proteccion-ex-atex-zona-2-pantalla-de-7-pulgadas-android-9-ip67-mil-std-810h-kopie-kopie\/#primaryimage"},"image":{"@id":"https:\/\/alegerglobal.com\/es\/shop-es\/gadgets-es\/getac-zx70-ex-tableta-con-proteccion-ex-atex-zona-2-pantalla-de-7-pulgadas-android-9-ip67-mil-std-810h-kopie-kopie\/#primaryimage"},"thumbnailUrl":"https:\/\/alegerglobal.com\/wp-content\/uploads\/2025\/11\/uvisan-vrprom.png","datePublished":"2025-11-02T13:08:55+00:00","dateModified":"2026-03-19T17:41:10+00:00","description":"El Uvisan VRProM es un armario de carga y desinfecci\u00f3n UV-C para auriculares VR\/AR, tabletas y port\u00e1tiles con cobertura UVC de 360\u00b0, hasta el 99,999 % y 36 puertos.","breadcrumb":{"@id":"https:\/\/alegerglobal.com\/es\/shop-es\/gadgets-es\/getac-zx70-ex-tableta-con-proteccion-ex-atex-zona-2-pantalla-de-7-pulgadas-android-9-ip67-mil-std-810h-kopie-kopie\/#breadcrumb"},"inLanguage":"es","potentialAction":[{"@type":"ReadAction","target":["https:\/\/alegerglobal.com\/es\/shop-es\/gadgets-es\/getac-zx70-ex-tableta-con-proteccion-ex-atex-zona-2-pantalla-de-7-pulgadas-android-9-ip67-mil-std-810h-kopie-kopie\/"]}]},{"@type":"ImageObject","inLanguage":"es","@id":"https:\/\/alegerglobal.com\/es\/shop-es\/gadgets-es\/getac-zx70-ex-tableta-con-proteccion-ex-atex-zona-2-pantalla-de-7-pulgadas-android-9-ip67-mil-std-810h-kopie-kopie\/#primaryimage","url":"https:\/\/alegerglobal.com\/wp-content\/uploads\/2025\/11\/uvisan-vrprom.png","contentUrl":"https:\/\/alegerglobal.com\/wp-content\/uploads\/2025\/11\/uvisan-vrprom.png","width":800,"height":800},{"@type":"BreadcrumbList","@id":"https:\/\/alegerglobal.com\/es\/shop-es\/gadgets-es\/getac-zx70-ex-tableta-con-proteccion-ex-atex-zona-2-pantalla-de-7-pulgadas-android-9-ip67-mil-std-810h-kopie-kopie\/#breadcrumb","itemListElement":[{"@type":"ListItem","position":1,"name":"Home","item":"https:\/\/alegerglobal.com\/es\/nuevo-pagina-de-inicio\/"},{"@type":"ListItem","position":2,"name":"Productos","item":"https:\/\/alegerglobal.com\/es\/productos\/"},{"@type":"ListItem","position":3,"name":"Uvisan VRProM &#8211; Higiene eficaz, almacenamiento seguro y carga de dispositivos compartidos"}]},{"@type":"WebSite","@id":"https:\/\/alegerglobal.com\/es\/#website","url":"https:\/\/alegerglobal.com\/es\/","name":"ALEGER \u22c6 Augmented Reality","description":"Die besten Augmented Reality (AR) L\u00f6sungen der Welt.","publisher":{"@id":"https:\/\/alegerglobal.com\/es\/#organization"},"potentialAction":[{"@type":"SearchAction","target":{"@type":"EntryPoint","urlTemplate":"https:\/\/alegerglobal.com\/es\/?s={search_term_string}"},"query-input":{"@type":"PropertyValueSpecification","valueRequired":true,"valueName":"search_term_string"}}],"inLanguage":"es"},{"@type":"Organization","@id":"https:\/\/alegerglobal.com\/es\/#organization","name":"ALEGER \u22c6 Augmented Reality","url":"https:\/\/alegerglobal.com\/es\/","logo":{"@type":"ImageObject","inLanguage":"es","@id":"https:\/\/alegerglobal.com\/es\/#\/schema\/logo\/image\/","url":"https:\/\/alegerglobal.com\/wp-content\/uploads\/2020\/12\/aleger-logo-quadrat.jpg","contentUrl":"https:\/\/alegerglobal.com\/wp-content\/uploads\/2020\/12\/aleger-logo-quadrat.jpg","width":200,"height":176,"caption":"ALEGER \u22c6 Augmented Reality"},"image":{"@id":"https:\/\/alegerglobal.com\/es\/#\/schema\/logo\/image\/"}}]},"product_brand":"Getac","product_price_amount":"2168.99","product_price_currency":"EUR","og_availability":"instock","product_availability":"instock","product_condition":"new"},"_links":{"self":[{"href":"https:\/\/alegerglobal.com\/es\/wp-json\/wp\/v2\/product\/51555","targetHints":{"allow":["GET"]}}],"collection":[{"href":"https:\/\/alegerglobal.com\/es\/wp-json\/wp\/v2\/product"}],"about":[{"href":"https:\/\/alegerglobal.com\/es\/wp-json\/wp\/v2\/types\/product"}],"replies":[{"embeddable":true,"href":"https:\/\/alegerglobal.com\/es\/wp-json\/wp\/v2\/comments?post=51555"}],"version-history":[{"count":3,"href":"https:\/\/alegerglobal.com\/es\/wp-json\/wp\/v2\/product\/51555\/revisions"}],"predecessor-version":[{"id":53880,"href":"https:\/\/alegerglobal.com\/es\/wp-json\/wp\/v2\/product\/51555\/revisions\/53880"}],"wp:featuredmedia":[{"embeddable":true,"href":"https:\/\/alegerglobal.com\/es\/wp-json\/wp\/v2\/media\/51598"}],"wp:attachment":[{"href":"https:\/\/alegerglobal.com\/es\/wp-json\/wp\/v2\/media?parent=51555"}],"wp:term":[{"taxonomy":"product_brand","embeddable":true,"href":"https:\/\/alegerglobal.com\/es\/wp-json\/wp\/v2\/product_brand?post=51555"},{"taxonomy":"product_cat","embeddable":true,"href":"https:\/\/alegerglobal.com\/es\/wp-json\/wp\/v2\/product_cat?post=51555"},{"taxonomy":"product_tag","embeddable":true,"href":"https:\/\/alegerglobal.com\/es\/wp-json\/wp\/v2\/product_tag?post=51555"}],"curies":[{"name":"wp","href":"https:\/\/api.w.org\/{rel}","templated":true}]}}