{"id":51495,"date":"2025-11-02T13:47:54","date_gmt":"2025-11-02T12:47:56","guid":{"rendered":"https:\/\/alegerglobal.com\/?post_type=product&#038;p=51495"},"modified":"2026-03-25T20:28:51","modified_gmt":"2026-03-25T19:28:51","slug":"getac-zx70-ex-tableta-con-proteccion-ex-atex-zona-2-pantalla-de-7-pulgadas-android-9-ip67-mil-std-810h-2","status":"publish","type":"product","link":"https:\/\/alegerglobal.com\/es\/shop-es\/gadgets-es\/getac-zx70-ex-tableta-con-proteccion-ex-atex-zona-2-pantalla-de-7-pulgadas-android-9-ip67-mil-std-810h-2\/","title":{"rendered":"Cabina de desinfecci\u00f3n UV-C Uvisan &#8211; Higiene eficaz para aparatos compartidos"},"content":{"rendered":"","protected":false},"excerpt":{"rendered":"<p>Las Cabinas de Desinfecci\u00f3n UV-C Uvisan ofrecen una soluci\u00f3n muy eficaz para desinfectar, cargar y almacenar con seguridad dispositivos compartidos. En s\u00f3lo unos minutos, las tabletas, port\u00e1tiles, auriculares VR\/AR y otros dispositivos electr\u00f3nicos se limpian de forma fiable de virus, bacterias y hongos mediante luz UV-C, sin l\u00edquidos, calor ni agentes qu\u00edmicos.<\/p>\n<p>Gracias a las estaciones de carga r\u00e1pida integradas (puertos USB), los aparatos se pueden cargar y desinfectar al mismo tiempo, por lo que siempre est\u00e1n listos para usar. La carcasa de acero con cerradura, las ruedas para la movilidad y los diferentes modelos de tama\u00f1o (peque\u00f1o, mediano, grande) hacen que la gama sea flexible para escuelas, centros de formaci\u00f3n, industria, sanidad o laboratorios de RV\/AR.<\/p>\n<p>Con certificaciones probadas (por ejemplo, IEC 62471, normas ISO), la soluci\u00f3n es segura y eficaz.<\/p>\n","protected":false},"featured_media":51525,"comment_status":"open","ping_status":"closed","template":"","meta":{"_acf_changed":false},"product_brand":[],"product_cat":[1344],"product_tag":[],"class_list":{"0":"post-51495","1":"product","2":"type-product","3":"status-publish","4":"has-post-thumbnail","6":"product_cat-gadgets-es","7":"pa_hersteller-getac-es","9":"first","10":"instock","11":"taxable","12":"shipping-taxable","13":"purchasable","14":"product-type-simple"},"acf":[],"yoast_head":"<!-- This site is optimized with the Yoast SEO Premium plugin v20.10 (Yoast SEO v24.3) - https:\/\/yoast.com\/wordpress\/plugins\/seo\/ -->\n<title>Comprar Uvisan Cabina de Desinfecci\u00f3n UV-C<\/title>\n<meta name=\"description\" content=\"Los armarios de desinfecci\u00f3n UV-C Uvisan limpian, cargan y protegen los dispositivos compartidos, como auriculares de RV, tabletas y port\u00e1tiles, con una eficacia superior al 99,99%.\" \/>\n<meta name=\"robots\" content=\"index, follow, max-snippet:-1, max-image-preview:large, max-video-preview:-1\" \/>\n<meta property=\"og:locale\" content=\"es_ES\" \/>\n<meta property=\"og:type\" content=\"article\" \/>\n<meta property=\"og:title\" content=\"Cabina de desinfecci\u00f3n UV-C Uvisan - Higiene eficaz para aparatos compartidos\" \/>\n<meta property=\"og:description\" content=\"Los armarios de desinfecci\u00f3n UV-C Uvisan limpian, cargan y protegen los dispositivos compartidos, como auriculares de RV, tabletas y port\u00e1tiles, con una eficacia superior al 99,99%.\" \/>\n<meta property=\"og:url\" content=\"https:\/\/alegerglobal.com\/es\/shop-es\/gadgets-es\/getac-zx70-ex-tableta-con-proteccion-ex-atex-zona-2-pantalla-de-7-pulgadas-android-9-ip67-mil-std-810h-2\/\" \/>\n<meta property=\"og:site_name\" content=\"ALEGER \u22c6 Augmented Reality\" \/>\n<meta property=\"article:modified_time\" content=\"2026-03-25T19:28:51+00:00\" \/>\n<meta property=\"og:image\" content=\"https:\/\/alegerglobal.com\/wp-content\/uploads\/2025\/11\/uvisan-desinfektion-geraet.png\" \/>\n\t<meta property=\"og:image:width\" content=\"800\" \/>\n\t<meta property=\"og:image:height\" content=\"800\" \/>\n\t<meta property=\"og:image:type\" content=\"image\/png\" \/>\n<meta name=\"twitter:card\" content=\"summary_large_image\" \/>\n<meta name=\"twitter:label1\" content=\"Precio\" \/>\n\t<meta name=\"twitter:data1\" content=\"&euro;2.168,99\" \/>\n\t<meta name=\"twitter:label2\" content=\"Disponibilidad\" \/>\n\t<meta name=\"twitter:data2\" content=\"Disponible\" \/>\n<script type=\"application\/ld+json\" class=\"yoast-schema-graph\">{\"@context\":\"https:\/\/schema.org\",\"@graph\":[{\"@type\":\"WebPage\",\"@id\":\"https:\/\/alegerglobal.com\/es\/shop-es\/gadgets-es\/getac-zx70-ex-tableta-con-proteccion-ex-atex-zona-2-pantalla-de-7-pulgadas-android-9-ip67-mil-std-810h-2\/\",\"url\":\"https:\/\/alegerglobal.com\/es\/shop-es\/gadgets-es\/getac-zx70-ex-tableta-con-proteccion-ex-atex-zona-2-pantalla-de-7-pulgadas-android-9-ip67-mil-std-810h-2\/\",\"name\":\"Comprar Uvisan Cabina de Desinfecci\u00f3n UV-C\",\"isPartOf\":{\"@id\":\"https:\/\/alegerglobal.com\/es\/#website\"},\"primaryImageOfPage\":{\"@id\":\"https:\/\/alegerglobal.com\/es\/shop-es\/gadgets-es\/getac-zx70-ex-tableta-con-proteccion-ex-atex-zona-2-pantalla-de-7-pulgadas-android-9-ip67-mil-std-810h-2\/#primaryimage\"},\"image\":{\"@id\":\"https:\/\/alegerglobal.com\/es\/shop-es\/gadgets-es\/getac-zx70-ex-tableta-con-proteccion-ex-atex-zona-2-pantalla-de-7-pulgadas-android-9-ip67-mil-std-810h-2\/#primaryimage\"},\"thumbnailUrl\":\"https:\/\/alegerglobal.com\/wp-content\/uploads\/2025\/11\/uvisan-desinfektion-geraet.png\",\"datePublished\":\"2025-11-02T12:47:56+00:00\",\"dateModified\":\"2026-03-25T19:28:51+00:00\",\"description\":\"Los armarios de desinfecci\u00f3n UV-C Uvisan limpian, cargan y protegen los dispositivos compartidos, como auriculares de RV, tabletas y port\u00e1tiles, con una eficacia superior al 99,99%.\",\"breadcrumb\":{\"@id\":\"https:\/\/alegerglobal.com\/es\/shop-es\/gadgets-es\/getac-zx70-ex-tableta-con-proteccion-ex-atex-zona-2-pantalla-de-7-pulgadas-android-9-ip67-mil-std-810h-2\/#breadcrumb\"},\"inLanguage\":\"es\",\"potentialAction\":[{\"@type\":\"ReadAction\",\"target\":[\"https:\/\/alegerglobal.com\/es\/shop-es\/gadgets-es\/getac-zx70-ex-tableta-con-proteccion-ex-atex-zona-2-pantalla-de-7-pulgadas-android-9-ip67-mil-std-810h-2\/\"]}]},{\"@type\":\"ImageObject\",\"inLanguage\":\"es\",\"@id\":\"https:\/\/alegerglobal.com\/es\/shop-es\/gadgets-es\/getac-zx70-ex-tableta-con-proteccion-ex-atex-zona-2-pantalla-de-7-pulgadas-android-9-ip67-mil-std-810h-2\/#primaryimage\",\"url\":\"https:\/\/alegerglobal.com\/wp-content\/uploads\/2025\/11\/uvisan-desinfektion-geraet.png\",\"contentUrl\":\"https:\/\/alegerglobal.com\/wp-content\/uploads\/2025\/11\/uvisan-desinfektion-geraet.png\",\"width\":800,\"height\":800},{\"@type\":\"BreadcrumbList\",\"@id\":\"https:\/\/alegerglobal.com\/es\/shop-es\/gadgets-es\/getac-zx70-ex-tableta-con-proteccion-ex-atex-zona-2-pantalla-de-7-pulgadas-android-9-ip67-mil-std-810h-2\/#breadcrumb\",\"itemListElement\":[{\"@type\":\"ListItem\",\"position\":1,\"name\":\"Home\",\"item\":\"https:\/\/alegerglobal.com\/es\/nuevo-pagina-de-inicio\/\"},{\"@type\":\"ListItem\",\"position\":2,\"name\":\"Productos\",\"item\":\"https:\/\/alegerglobal.com\/es\/productos\/\"},{\"@type\":\"ListItem\",\"position\":3,\"name\":\"Cabina de desinfecci\u00f3n UV-C Uvisan &#8211; Higiene eficaz para aparatos compartidos\"}]},{\"@type\":\"WebSite\",\"@id\":\"https:\/\/alegerglobal.com\/es\/#website\",\"url\":\"https:\/\/alegerglobal.com\/es\/\",\"name\":\"ALEGER \u22c6 Augmented Reality\",\"description\":\"Die besten Augmented Reality (AR) L\u00f6sungen der Welt.\",\"publisher\":{\"@id\":\"https:\/\/alegerglobal.com\/es\/#organization\"},\"potentialAction\":[{\"@type\":\"SearchAction\",\"target\":{\"@type\":\"EntryPoint\",\"urlTemplate\":\"https:\/\/alegerglobal.com\/es\/?s={search_term_string}\"},\"query-input\":{\"@type\":\"PropertyValueSpecification\",\"valueRequired\":true,\"valueName\":\"search_term_string\"}}],\"inLanguage\":\"es\"},{\"@type\":\"Organization\",\"@id\":\"https:\/\/alegerglobal.com\/es\/#organization\",\"name\":\"ALEGER \u22c6 Augmented Reality\",\"url\":\"https:\/\/alegerglobal.com\/es\/\",\"logo\":{\"@type\":\"ImageObject\",\"inLanguage\":\"es\",\"@id\":\"https:\/\/alegerglobal.com\/es\/#\/schema\/logo\/image\/\",\"url\":\"https:\/\/alegerglobal.com\/wp-content\/uploads\/2020\/12\/aleger-logo-quadrat.jpg\",\"contentUrl\":\"https:\/\/alegerglobal.com\/wp-content\/uploads\/2020\/12\/aleger-logo-quadrat.jpg\",\"width\":200,\"height\":176,\"caption\":\"ALEGER \u22c6 Augmented Reality\"},\"image\":{\"@id\":\"https:\/\/alegerglobal.com\/es\/#\/schema\/logo\/image\/\"}}]}<\/script>\n<meta property=\"product:brand\" content=\"Getac\" \/>\n<meta property=\"product:price:amount\" content=\"2168.99\" \/>\n<meta property=\"product:price:currency\" content=\"EUR\" \/>\n<meta property=\"og:availability\" content=\"instock\" \/>\n<meta property=\"product:availability\" content=\"instock\" \/>\n<meta property=\"product:condition\" content=\"new\" \/>\n<!-- \/ Yoast SEO Premium plugin. -->","yoast_head_json":{"title":"Comprar Uvisan Cabina de Desinfecci\u00f3n UV-C","description":"Los armarios de desinfecci\u00f3n UV-C Uvisan limpian, cargan y protegen los dispositivos compartidos, como auriculares de RV, tabletas y port\u00e1tiles, con una eficacia superior al 99,99%.","robots":{"index":"index","follow":"follow","max-snippet":"max-snippet:-1","max-image-preview":"max-image-preview:large","max-video-preview":"max-video-preview:-1"},"og_locale":"es_ES","og_type":"article","og_title":"Cabina de desinfecci\u00f3n UV-C Uvisan - Higiene eficaz para aparatos compartidos","og_description":"Los armarios de desinfecci\u00f3n UV-C Uvisan limpian, cargan y protegen los dispositivos compartidos, como auriculares de RV, tabletas y port\u00e1tiles, con una eficacia superior al 99,99%.","og_url":"https:\/\/alegerglobal.com\/es\/shop-es\/gadgets-es\/getac-zx70-ex-tableta-con-proteccion-ex-atex-zona-2-pantalla-de-7-pulgadas-android-9-ip67-mil-std-810h-2\/","og_site_name":"ALEGER \u22c6 Augmented Reality","article_modified_time":"2026-03-25T19:28:51+00:00","og_image":[{"width":800,"height":800,"url":"https:\/\/alegerglobal.com\/wp-content\/uploads\/2025\/11\/uvisan-desinfektion-geraet.png","type":"image\/png"}],"twitter_card":"summary_large_image","twitter_misc":{"Precio":"&euro;2.168,99","Disponibilidad":"Disponible"},"schema":{"@context":"https:\/\/schema.org","@graph":[{"@type":"WebPage","@id":"https:\/\/alegerglobal.com\/es\/shop-es\/gadgets-es\/getac-zx70-ex-tableta-con-proteccion-ex-atex-zona-2-pantalla-de-7-pulgadas-android-9-ip67-mil-std-810h-2\/","url":"https:\/\/alegerglobal.com\/es\/shop-es\/gadgets-es\/getac-zx70-ex-tableta-con-proteccion-ex-atex-zona-2-pantalla-de-7-pulgadas-android-9-ip67-mil-std-810h-2\/","name":"Comprar Uvisan Cabina de Desinfecci\u00f3n UV-C","isPartOf":{"@id":"https:\/\/alegerglobal.com\/es\/#website"},"primaryImageOfPage":{"@id":"https:\/\/alegerglobal.com\/es\/shop-es\/gadgets-es\/getac-zx70-ex-tableta-con-proteccion-ex-atex-zona-2-pantalla-de-7-pulgadas-android-9-ip67-mil-std-810h-2\/#primaryimage"},"image":{"@id":"https:\/\/alegerglobal.com\/es\/shop-es\/gadgets-es\/getac-zx70-ex-tableta-con-proteccion-ex-atex-zona-2-pantalla-de-7-pulgadas-android-9-ip67-mil-std-810h-2\/#primaryimage"},"thumbnailUrl":"https:\/\/alegerglobal.com\/wp-content\/uploads\/2025\/11\/uvisan-desinfektion-geraet.png","datePublished":"2025-11-02T12:47:56+00:00","dateModified":"2026-03-25T19:28:51+00:00","description":"Los armarios de desinfecci\u00f3n UV-C Uvisan limpian, cargan y protegen los dispositivos compartidos, como auriculares de RV, tabletas y port\u00e1tiles, con una eficacia superior al 99,99%.","breadcrumb":{"@id":"https:\/\/alegerglobal.com\/es\/shop-es\/gadgets-es\/getac-zx70-ex-tableta-con-proteccion-ex-atex-zona-2-pantalla-de-7-pulgadas-android-9-ip67-mil-std-810h-2\/#breadcrumb"},"inLanguage":"es","potentialAction":[{"@type":"ReadAction","target":["https:\/\/alegerglobal.com\/es\/shop-es\/gadgets-es\/getac-zx70-ex-tableta-con-proteccion-ex-atex-zona-2-pantalla-de-7-pulgadas-android-9-ip67-mil-std-810h-2\/"]}]},{"@type":"ImageObject","inLanguage":"es","@id":"https:\/\/alegerglobal.com\/es\/shop-es\/gadgets-es\/getac-zx70-ex-tableta-con-proteccion-ex-atex-zona-2-pantalla-de-7-pulgadas-android-9-ip67-mil-std-810h-2\/#primaryimage","url":"https:\/\/alegerglobal.com\/wp-content\/uploads\/2025\/11\/uvisan-desinfektion-geraet.png","contentUrl":"https:\/\/alegerglobal.com\/wp-content\/uploads\/2025\/11\/uvisan-desinfektion-geraet.png","width":800,"height":800},{"@type":"BreadcrumbList","@id":"https:\/\/alegerglobal.com\/es\/shop-es\/gadgets-es\/getac-zx70-ex-tableta-con-proteccion-ex-atex-zona-2-pantalla-de-7-pulgadas-android-9-ip67-mil-std-810h-2\/#breadcrumb","itemListElement":[{"@type":"ListItem","position":1,"name":"Home","item":"https:\/\/alegerglobal.com\/es\/nuevo-pagina-de-inicio\/"},{"@type":"ListItem","position":2,"name":"Productos","item":"https:\/\/alegerglobal.com\/es\/productos\/"},{"@type":"ListItem","position":3,"name":"Cabina de desinfecci\u00f3n UV-C Uvisan &#8211; Higiene eficaz para aparatos compartidos"}]},{"@type":"WebSite","@id":"https:\/\/alegerglobal.com\/es\/#website","url":"https:\/\/alegerglobal.com\/es\/","name":"ALEGER \u22c6 Augmented Reality","description":"Die besten Augmented Reality (AR) L\u00f6sungen der Welt.","publisher":{"@id":"https:\/\/alegerglobal.com\/es\/#organization"},"potentialAction":[{"@type":"SearchAction","target":{"@type":"EntryPoint","urlTemplate":"https:\/\/alegerglobal.com\/es\/?s={search_term_string}"},"query-input":{"@type":"PropertyValueSpecification","valueRequired":true,"valueName":"search_term_string"}}],"inLanguage":"es"},{"@type":"Organization","@id":"https:\/\/alegerglobal.com\/es\/#organization","name":"ALEGER \u22c6 Augmented Reality","url":"https:\/\/alegerglobal.com\/es\/","logo":{"@type":"ImageObject","inLanguage":"es","@id":"https:\/\/alegerglobal.com\/es\/#\/schema\/logo\/image\/","url":"https:\/\/alegerglobal.com\/wp-content\/uploads\/2020\/12\/aleger-logo-quadrat.jpg","contentUrl":"https:\/\/alegerglobal.com\/wp-content\/uploads\/2020\/12\/aleger-logo-quadrat.jpg","width":200,"height":176,"caption":"ALEGER \u22c6 Augmented Reality"},"image":{"@id":"https:\/\/alegerglobal.com\/es\/#\/schema\/logo\/image\/"}}]},"product_brand":"Getac","product_price_amount":"2168.99","product_price_currency":"EUR","og_availability":"instock","product_availability":"instock","product_condition":"new"},"_links":{"self":[{"href":"https:\/\/alegerglobal.com\/es\/wp-json\/wp\/v2\/product\/51495","targetHints":{"allow":["GET"]}}],"collection":[{"href":"https:\/\/alegerglobal.com\/es\/wp-json\/wp\/v2\/product"}],"about":[{"href":"https:\/\/alegerglobal.com\/es\/wp-json\/wp\/v2\/types\/product"}],"replies":[{"embeddable":true,"href":"https:\/\/alegerglobal.com\/es\/wp-json\/wp\/v2\/comments?post=51495"}],"version-history":[{"count":3,"href":"https:\/\/alegerglobal.com\/es\/wp-json\/wp\/v2\/product\/51495\/revisions"}],"predecessor-version":[{"id":54109,"href":"https:\/\/alegerglobal.com\/es\/wp-json\/wp\/v2\/product\/51495\/revisions\/54109"}],"wp:featuredmedia":[{"embeddable":true,"href":"https:\/\/alegerglobal.com\/es\/wp-json\/wp\/v2\/media\/51525"}],"wp:attachment":[{"href":"https:\/\/alegerglobal.com\/es\/wp-json\/wp\/v2\/media?parent=51495"}],"wp:term":[{"taxonomy":"product_brand","embeddable":true,"href":"https:\/\/alegerglobal.com\/es\/wp-json\/wp\/v2\/product_brand?post=51495"},{"taxonomy":"product_cat","embeddable":true,"href":"https:\/\/alegerglobal.com\/es\/wp-json\/wp\/v2\/product_cat?post=51495"},{"taxonomy":"product_tag","embeddable":true,"href":"https:\/\/alegerglobal.com\/es\/wp-json\/wp\/v2\/product_tag?post=51495"}],"curies":[{"name":"wp","href":"https:\/\/api.w.org\/{rel}","templated":true}]}}