{"id":51343,"date":"2025-10-31T11:01:08","date_gmt":"2025-10-31T10:01:10","guid":{"rendered":"https:\/\/alegerglobal.com\/?post_type=product&#038;p=51343"},"modified":"2026-03-19T18:42:01","modified_gmt":"2026-03-19T17:42:01","slug":"realwear-navigator-500-ip66-mil-std-810-4-gb-de-ram-64-gb-854x480px-bateria-de-2600-mah-android-11-kopie","status":"publish","type":"product","link":"https:\/\/alegerglobal.com\/es\/shop-es\/gafas-inteligentes\/realwear-navigator-500-ip66-mil-std-810-4-gb-de-ram-64-gb-854x480px-bateria-de-2600-mah-android-11-kopie\/","title":{"rendered":"RealWear Arc 3 &#8211; Las gafas de datos para la industria y la producci\u00f3n y el soporte experto a distancia con MS Teams"},"content":{"rendered":"","protected":false},"excerpt":{"rendered":"<h3 data-start=\"794\" data-end=\"869\">RealWear Arc 3 &#8211; Gafas AR inteligentes para el trabajo industrial en red<\/h3>\n<p data-start=\"871\" data-end=\"1071\">Las <strong data-start=\"875\" data-end=\"893\">RealWear Arc 3<\/strong> son la \u00faltima generaci\u00f3n de gafas de datos inteligentes, desarrolladas para aplicaciones industriales en las que la seguridad, la productividad y la colaboraci\u00f3n digital son cruciales.<\/p>\n<p data-start=\"1073\" data-end=\"1440\">Con una <strong data-start=\"1083\" data-end=\"1120\">pantalla micro OLED transparente<\/strong>, un <strong data-start=\"1126\" data-end=\"1143\">peso de<\/strong> s\u00f3lo <strong data-start=\"1126\" data-end=\"1143\">175 g<\/strong> y un potente <strong data-start=\"1171\" data-end=\"1207\">sistema de doble c\u00e1mara (48 MP + 8 MP)<\/strong>, el Arc 3 combina la m\u00e1s alta calidad de imagen con la m\u00e1xima comodidad de uso. Su control por voz, su dise\u00f1o robusto y su integraci\u00f3n inteligente en las soluciones de software existentes lo convierten en la herramienta perfecta para las aplicaciones de la Industria 4.0.<\/p>\n<p data-start=\"1442\" data-end=\"1821\">El Arc 3 es especialmente potente en <strong data-start=\"1475\" data-end=\"1510\">escenarios de asistencia remota a expertos<\/strong>:<br data-start=\"1511\" data-end=\"1514\" \/>Es totalmente <strong data-start=\"1534\" data-end=\"1633\">compatible con Microsoft Teams, Zoom, Webex, Intoware WorkfloPlus y otras soluciones de flujo de trabajo<\/strong>. Esto permite a los profesionales colaborar en directo con expertos, ver videotutoriales o realizar flujos de trabajo digitales paso a paso, con las manos completamente libres y un campo de visi\u00f3n despejado.<\/p>\n<p data-start=\"1823\" data-end=\"1997\">Esta combinaci\u00f3n de visualizaci\u00f3n de RA, comunicaci\u00f3n y documentaci\u00f3n hace del Arco 3 un socio ideal para el mantenimiento, la inspecci\u00f3n, la formaci\u00f3n y la gesti\u00f3n de la calidad.<\/p>\n","protected":false},"featured_media":51386,"comment_status":"open","ping_status":"closed","template":"","meta":{"_acf_changed":false},"product_brand":[],"product_cat":[1381,1341],"product_tag":[],"class_list":{"0":"post-51343","1":"product","2":"type-product","3":"status-publish","4":"has-post-thumbnail","6":"product_cat-gafas-inteligentes","7":"product_cat-shop-es","8":"pa_hersteller-realwear-es","10":"first","11":"instock","12":"taxable","13":"shipping-taxable","14":"purchasable","15":"product-type-simple"},"acf":[],"yoast_head":"<!-- This site is optimized with the Yoast SEO Premium plugin v20.10 (Yoast SEO v24.3) - https:\/\/yoast.com\/wordpress\/plugins\/seo\/ -->\n<title>RealWear Arc 3: gafas inteligentes de realidad aumentada ultraligeras con MS Teams<\/title>\n<meta name=\"description\" content=\"RealWear Arc 3: pantalla micro OLED transparente, c\u00e1mara dual 48 M, peso 175 g, ideal para mantenimiento, producci\u00f3n, procesos de trabajo digitales con MS Teams\" \/>\n<meta name=\"robots\" content=\"index, follow, max-snippet:-1, max-image-preview:large, max-video-preview:-1\" \/>\n<meta property=\"og:locale\" content=\"es_ES\" \/>\n<meta property=\"og:type\" content=\"article\" \/>\n<meta property=\"og:title\" content=\"RealWear Arc 3 - Las gafas de datos para la industria y la producci\u00f3n y el soporte experto a distancia con MS Teams\" \/>\n<meta property=\"og:description\" content=\"RealWear Arc 3: pantalla micro OLED transparente, c\u00e1mara dual 48 M, peso 175 g, ideal para mantenimiento, producci\u00f3n, procesos de trabajo digitales con MS Teams\" \/>\n<meta property=\"og:url\" content=\"https:\/\/alegerglobal.com\/es\/shop-es\/gafas-inteligentes\/realwear-navigator-500-ip66-mil-std-810-4-gb-de-ram-64-gb-854x480px-bateria-de-2600-mah-android-11-kopie\/\" \/>\n<meta property=\"og:site_name\" content=\"ALEGER \u22c6 Augmented Reality\" \/>\n<meta property=\"article:modified_time\" content=\"2026-03-19T17:42:01+00:00\" \/>\n<meta property=\"og:image\" content=\"https:\/\/alegerglobal.com\/wp-content\/uploads\/2025\/10\/realwear-arc-3.png\" \/>\n\t<meta property=\"og:image:width\" content=\"800\" \/>\n\t<meta property=\"og:image:height\" content=\"800\" \/>\n\t<meta property=\"og:image:type\" content=\"image\/png\" \/>\n<meta name=\"twitter:card\" content=\"summary_large_image\" \/>\n<meta name=\"twitter:label1\" content=\"Precio\" \/>\n\t<meta name=\"twitter:data1\" content=\"&euro;2.233,31\" \/>\n\t<meta name=\"twitter:label2\" content=\"Disponibilidad\" \/>\n\t<meta name=\"twitter:data2\" content=\"Disponible\" \/>\n<script type=\"application\/ld+json\" class=\"yoast-schema-graph\">{\"@context\":\"https:\/\/schema.org\",\"@graph\":[{\"@type\":\"WebPage\",\"@id\":\"https:\/\/alegerglobal.com\/es\/shop-es\/gafas-inteligentes\/realwear-navigator-500-ip66-mil-std-810-4-gb-de-ram-64-gb-854x480px-bateria-de-2600-mah-android-11-kopie\/\",\"url\":\"https:\/\/alegerglobal.com\/es\/shop-es\/gafas-inteligentes\/realwear-navigator-500-ip66-mil-std-810-4-gb-de-ram-64-gb-854x480px-bateria-de-2600-mah-android-11-kopie\/\",\"name\":\"RealWear Arc 3: gafas inteligentes de realidad aumentada ultraligeras con MS Teams\",\"isPartOf\":{\"@id\":\"https:\/\/alegerglobal.com\/es\/#website\"},\"primaryImageOfPage\":{\"@id\":\"https:\/\/alegerglobal.com\/es\/shop-es\/gafas-inteligentes\/realwear-navigator-500-ip66-mil-std-810-4-gb-de-ram-64-gb-854x480px-bateria-de-2600-mah-android-11-kopie\/#primaryimage\"},\"image\":{\"@id\":\"https:\/\/alegerglobal.com\/es\/shop-es\/gafas-inteligentes\/realwear-navigator-500-ip66-mil-std-810-4-gb-de-ram-64-gb-854x480px-bateria-de-2600-mah-android-11-kopie\/#primaryimage\"},\"thumbnailUrl\":\"https:\/\/alegerglobal.com\/wp-content\/uploads\/2025\/10\/realwear-arc-3.png\",\"datePublished\":\"2025-10-31T10:01:10+00:00\",\"dateModified\":\"2026-03-19T17:42:01+00:00\",\"description\":\"RealWear Arc 3: pantalla micro OLED transparente, c\u00e1mara dual 48 M, peso 175 g, ideal para mantenimiento, producci\u00f3n, procesos de trabajo digitales con MS Teams\",\"breadcrumb\":{\"@id\":\"https:\/\/alegerglobal.com\/es\/shop-es\/gafas-inteligentes\/realwear-navigator-500-ip66-mil-std-810-4-gb-de-ram-64-gb-854x480px-bateria-de-2600-mah-android-11-kopie\/#breadcrumb\"},\"inLanguage\":\"es\",\"potentialAction\":[{\"@type\":\"ReadAction\",\"target\":[\"https:\/\/alegerglobal.com\/es\/shop-es\/gafas-inteligentes\/realwear-navigator-500-ip66-mil-std-810-4-gb-de-ram-64-gb-854x480px-bateria-de-2600-mah-android-11-kopie\/\"]}]},{\"@type\":\"ImageObject\",\"inLanguage\":\"es\",\"@id\":\"https:\/\/alegerglobal.com\/es\/shop-es\/gafas-inteligentes\/realwear-navigator-500-ip66-mil-std-810-4-gb-de-ram-64-gb-854x480px-bateria-de-2600-mah-android-11-kopie\/#primaryimage\",\"url\":\"https:\/\/alegerglobal.com\/wp-content\/uploads\/2025\/10\/realwear-arc-3.png\",\"contentUrl\":\"https:\/\/alegerglobal.com\/wp-content\/uploads\/2025\/10\/realwear-arc-3.png\",\"width\":800,\"height\":800},{\"@type\":\"BreadcrumbList\",\"@id\":\"https:\/\/alegerglobal.com\/es\/shop-es\/gafas-inteligentes\/realwear-navigator-500-ip66-mil-std-810-4-gb-de-ram-64-gb-854x480px-bateria-de-2600-mah-android-11-kopie\/#breadcrumb\",\"itemListElement\":[{\"@type\":\"ListItem\",\"position\":1,\"name\":\"Home\",\"item\":\"https:\/\/alegerglobal.com\/es\/nuevo-pagina-de-inicio\/\"},{\"@type\":\"ListItem\",\"position\":2,\"name\":\"Productos\",\"item\":\"https:\/\/alegerglobal.com\/es\/productos\/\"},{\"@type\":\"ListItem\",\"position\":3,\"name\":\"RealWear Arc 3 &#8211; Las gafas de datos para la industria y la producci\u00f3n y el soporte experto a distancia con MS Teams\"}]},{\"@type\":\"WebSite\",\"@id\":\"https:\/\/alegerglobal.com\/es\/#website\",\"url\":\"https:\/\/alegerglobal.com\/es\/\",\"name\":\"ALEGER \u22c6 Augmented Reality\",\"description\":\"Die besten Augmented Reality (AR) L\u00f6sungen der Welt.\",\"publisher\":{\"@id\":\"https:\/\/alegerglobal.com\/es\/#organization\"},\"potentialAction\":[{\"@type\":\"SearchAction\",\"target\":{\"@type\":\"EntryPoint\",\"urlTemplate\":\"https:\/\/alegerglobal.com\/es\/?s={search_term_string}\"},\"query-input\":{\"@type\":\"PropertyValueSpecification\",\"valueRequired\":true,\"valueName\":\"search_term_string\"}}],\"inLanguage\":\"es\"},{\"@type\":\"Organization\",\"@id\":\"https:\/\/alegerglobal.com\/es\/#organization\",\"name\":\"ALEGER \u22c6 Augmented Reality\",\"url\":\"https:\/\/alegerglobal.com\/es\/\",\"logo\":{\"@type\":\"ImageObject\",\"inLanguage\":\"es\",\"@id\":\"https:\/\/alegerglobal.com\/es\/#\/schema\/logo\/image\/\",\"url\":\"https:\/\/alegerglobal.com\/wp-content\/uploads\/2020\/12\/aleger-logo-quadrat.jpg\",\"contentUrl\":\"https:\/\/alegerglobal.com\/wp-content\/uploads\/2020\/12\/aleger-logo-quadrat.jpg\",\"width\":200,\"height\":176,\"caption\":\"ALEGER \u22c6 Augmented Reality\"},\"image\":{\"@id\":\"https:\/\/alegerglobal.com\/es\/#\/schema\/logo\/image\/\"}}]}<\/script>\n<meta property=\"product:brand\" content=\"RealWear\" \/>\n<meta property=\"product:price:amount\" content=\"2233.31\" \/>\n<meta property=\"product:price:currency\" content=\"EUR\" \/>\n<meta property=\"og:availability\" content=\"instock\" \/>\n<meta property=\"product:availability\" content=\"instock\" \/>\n<meta property=\"product:condition\" content=\"new\" \/>\n<!-- \/ Yoast SEO Premium plugin. -->","yoast_head_json":{"title":"RealWear Arc 3: gafas inteligentes de realidad aumentada ultraligeras con MS Teams","description":"RealWear Arc 3: pantalla micro OLED transparente, c\u00e1mara dual 48 M, peso 175 g, ideal para mantenimiento, producci\u00f3n, procesos de trabajo digitales con MS Teams","robots":{"index":"index","follow":"follow","max-snippet":"max-snippet:-1","max-image-preview":"max-image-preview:large","max-video-preview":"max-video-preview:-1"},"og_locale":"es_ES","og_type":"article","og_title":"RealWear Arc 3 - Las gafas de datos para la industria y la producci\u00f3n y el soporte experto a distancia con MS Teams","og_description":"RealWear Arc 3: pantalla micro OLED transparente, c\u00e1mara dual 48 M, peso 175 g, ideal para mantenimiento, producci\u00f3n, procesos de trabajo digitales con MS Teams","og_url":"https:\/\/alegerglobal.com\/es\/shop-es\/gafas-inteligentes\/realwear-navigator-500-ip66-mil-std-810-4-gb-de-ram-64-gb-854x480px-bateria-de-2600-mah-android-11-kopie\/","og_site_name":"ALEGER \u22c6 Augmented Reality","article_modified_time":"2026-03-19T17:42:01+00:00","og_image":[{"width":800,"height":800,"url":"https:\/\/alegerglobal.com\/wp-content\/uploads\/2025\/10\/realwear-arc-3.png","type":"image\/png"}],"twitter_card":"summary_large_image","twitter_misc":{"Precio":"&euro;2.233,31","Disponibilidad":"Disponible"},"schema":{"@context":"https:\/\/schema.org","@graph":[{"@type":"WebPage","@id":"https:\/\/alegerglobal.com\/es\/shop-es\/gafas-inteligentes\/realwear-navigator-500-ip66-mil-std-810-4-gb-de-ram-64-gb-854x480px-bateria-de-2600-mah-android-11-kopie\/","url":"https:\/\/alegerglobal.com\/es\/shop-es\/gafas-inteligentes\/realwear-navigator-500-ip66-mil-std-810-4-gb-de-ram-64-gb-854x480px-bateria-de-2600-mah-android-11-kopie\/","name":"RealWear Arc 3: gafas inteligentes de realidad aumentada ultraligeras con MS Teams","isPartOf":{"@id":"https:\/\/alegerglobal.com\/es\/#website"},"primaryImageOfPage":{"@id":"https:\/\/alegerglobal.com\/es\/shop-es\/gafas-inteligentes\/realwear-navigator-500-ip66-mil-std-810-4-gb-de-ram-64-gb-854x480px-bateria-de-2600-mah-android-11-kopie\/#primaryimage"},"image":{"@id":"https:\/\/alegerglobal.com\/es\/shop-es\/gafas-inteligentes\/realwear-navigator-500-ip66-mil-std-810-4-gb-de-ram-64-gb-854x480px-bateria-de-2600-mah-android-11-kopie\/#primaryimage"},"thumbnailUrl":"https:\/\/alegerglobal.com\/wp-content\/uploads\/2025\/10\/realwear-arc-3.png","datePublished":"2025-10-31T10:01:10+00:00","dateModified":"2026-03-19T17:42:01+00:00","description":"RealWear Arc 3: pantalla micro OLED transparente, c\u00e1mara dual 48 M, peso 175 g, ideal para mantenimiento, producci\u00f3n, procesos de trabajo digitales con MS Teams","breadcrumb":{"@id":"https:\/\/alegerglobal.com\/es\/shop-es\/gafas-inteligentes\/realwear-navigator-500-ip66-mil-std-810-4-gb-de-ram-64-gb-854x480px-bateria-de-2600-mah-android-11-kopie\/#breadcrumb"},"inLanguage":"es","potentialAction":[{"@type":"ReadAction","target":["https:\/\/alegerglobal.com\/es\/shop-es\/gafas-inteligentes\/realwear-navigator-500-ip66-mil-std-810-4-gb-de-ram-64-gb-854x480px-bateria-de-2600-mah-android-11-kopie\/"]}]},{"@type":"ImageObject","inLanguage":"es","@id":"https:\/\/alegerglobal.com\/es\/shop-es\/gafas-inteligentes\/realwear-navigator-500-ip66-mil-std-810-4-gb-de-ram-64-gb-854x480px-bateria-de-2600-mah-android-11-kopie\/#primaryimage","url":"https:\/\/alegerglobal.com\/wp-content\/uploads\/2025\/10\/realwear-arc-3.png","contentUrl":"https:\/\/alegerglobal.com\/wp-content\/uploads\/2025\/10\/realwear-arc-3.png","width":800,"height":800},{"@type":"BreadcrumbList","@id":"https:\/\/alegerglobal.com\/es\/shop-es\/gafas-inteligentes\/realwear-navigator-500-ip66-mil-std-810-4-gb-de-ram-64-gb-854x480px-bateria-de-2600-mah-android-11-kopie\/#breadcrumb","itemListElement":[{"@type":"ListItem","position":1,"name":"Home","item":"https:\/\/alegerglobal.com\/es\/nuevo-pagina-de-inicio\/"},{"@type":"ListItem","position":2,"name":"Productos","item":"https:\/\/alegerglobal.com\/es\/productos\/"},{"@type":"ListItem","position":3,"name":"RealWear Arc 3 &#8211; Las gafas de datos para la industria y la producci\u00f3n y el soporte experto a distancia con MS Teams"}]},{"@type":"WebSite","@id":"https:\/\/alegerglobal.com\/es\/#website","url":"https:\/\/alegerglobal.com\/es\/","name":"ALEGER \u22c6 Augmented Reality","description":"Die besten Augmented Reality (AR) L\u00f6sungen der Welt.","publisher":{"@id":"https:\/\/alegerglobal.com\/es\/#organization"},"potentialAction":[{"@type":"SearchAction","target":{"@type":"EntryPoint","urlTemplate":"https:\/\/alegerglobal.com\/es\/?s={search_term_string}"},"query-input":{"@type":"PropertyValueSpecification","valueRequired":true,"valueName":"search_term_string"}}],"inLanguage":"es"},{"@type":"Organization","@id":"https:\/\/alegerglobal.com\/es\/#organization","name":"ALEGER \u22c6 Augmented Reality","url":"https:\/\/alegerglobal.com\/es\/","logo":{"@type":"ImageObject","inLanguage":"es","@id":"https:\/\/alegerglobal.com\/es\/#\/schema\/logo\/image\/","url":"https:\/\/alegerglobal.com\/wp-content\/uploads\/2020\/12\/aleger-logo-quadrat.jpg","contentUrl":"https:\/\/alegerglobal.com\/wp-content\/uploads\/2020\/12\/aleger-logo-quadrat.jpg","width":200,"height":176,"caption":"ALEGER \u22c6 Augmented Reality"},"image":{"@id":"https:\/\/alegerglobal.com\/es\/#\/schema\/logo\/image\/"}}]},"product_brand":"RealWear","product_price_amount":"2233.31","product_price_currency":"EUR","og_availability":"instock","product_availability":"instock","product_condition":"new"},"_links":{"self":[{"href":"https:\/\/alegerglobal.com\/es\/wp-json\/wp\/v2\/product\/51343","targetHints":{"allow":["GET"]}}],"collection":[{"href":"https:\/\/alegerglobal.com\/es\/wp-json\/wp\/v2\/product"}],"about":[{"href":"https:\/\/alegerglobal.com\/es\/wp-json\/wp\/v2\/types\/product"}],"replies":[{"embeddable":true,"href":"https:\/\/alegerglobal.com\/es\/wp-json\/wp\/v2\/comments?post=51343"}],"version-history":[{"count":3,"href":"https:\/\/alegerglobal.com\/es\/wp-json\/wp\/v2\/product\/51343\/revisions"}],"predecessor-version":[{"id":53887,"href":"https:\/\/alegerglobal.com\/es\/wp-json\/wp\/v2\/product\/51343\/revisions\/53887"}],"wp:featuredmedia":[{"embeddable":true,"href":"https:\/\/alegerglobal.com\/es\/wp-json\/wp\/v2\/media\/51386"}],"wp:attachment":[{"href":"https:\/\/alegerglobal.com\/es\/wp-json\/wp\/v2\/media?parent=51343"}],"wp:term":[{"taxonomy":"product_brand","embeddable":true,"href":"https:\/\/alegerglobal.com\/es\/wp-json\/wp\/v2\/product_brand?post=51343"},{"taxonomy":"product_cat","embeddable":true,"href":"https:\/\/alegerglobal.com\/es\/wp-json\/wp\/v2\/product_cat?post=51343"},{"taxonomy":"product_tag","embeddable":true,"href":"https:\/\/alegerglobal.com\/es\/wp-json\/wp\/v2\/product_tag?post=51343"}],"curies":[{"name":"wp","href":"https:\/\/api.w.org\/{rel}","templated":true}]}}