{"id":50837,"date":"2025-10-09T22:10:29","date_gmt":"2025-10-09T21:10:29","guid":{"rendered":"https:\/\/alegerglobal.com\/?post_type=product&#038;p=50837"},"modified":"2025-10-09T22:13:14","modified_gmt":"2025-10-09T21:13:14","slug":"ex-mp4-a","status":"publish","type":"product","link":"https:\/\/alegerglobal.com\/es\/shop\/atex\/mess-und-kalibriertechnik\/ex-mp4-a\/","title":{"rendered":"Ex-MP4 a \u2013 Nicht-kontaktierte Temperaturmessung in Explosionszonen"},"content":{"rendered":"","protected":false},"excerpt":{"rendered":"<p data-start=\"729\" data-end=\"1073\">Das <strong data-start=\"733\" data-end=\"745\">Ex-MP4 a<\/strong> ist ein robustes, eigensicheres Infrarot-Temperaturmessger\u00e4t, das entwickelt wurde f\u00fcr den Einsatz in explosionsgef\u00e4hrdeten Bereichen (Zone 1). Es erlaubt zuverl\u00e4ssige, ber\u00fchrungslose Temperaturmessungen selbst an schwer zug\u00e4nglichen oder sich bewegenden Objekten \u2013 ohne Risiko, das Pr\u00fcfobjekt zu ber\u00fchren oder zu beeinflussen.<\/p>\n<p data-start=\"1075\" data-end=\"1448\">Dank des integrierten <strong data-start=\"1097\" data-end=\"1118\">Laser-Zielpunktes<\/strong> und der unkomplizierten Bedienung l\u00e4sst sich das Ziel schnell fokussieren. Das Ger\u00e4t misst zuverl\u00e4ssig in einem gro\u00dfen Temperaturbereich und liefert pr\u00e4zise Ergebnisse bei kurzer Ansprechzeit. Au\u00dferdem eignet es sich zur Messung von Materialien mit aggressiven oder kritischen Oberfl\u00e4chen, ohne Kontakt oder thermische Belastung.<\/p>\n","protected":false},"featured_media":50775,"comment_status":"open","ping_status":"closed","template":"","meta":{"_acf_changed":false},"product_brand":[],"product_cat":[2608,51,39],"product_tag":[],"class_list":{"0":"post-50837","1":"product","2":"type-product","3":"status-publish","4":"has-post-thumbnail","6":"product_cat-mess-und-kalibriertechnik","7":"product_cat-shop","8":"product_cat-atex","10":"first","11":"instock","12":"taxable","13":"shipping-taxable","14":"purchasable","15":"product-type-simple"},"acf":[],"yoast_head":"<!-- This site is optimized with the Yoast SEO Premium plugin v20.10 (Yoast SEO v24.3) - https:\/\/yoast.com\/wordpress\/plugins\/seo\/ -->\n<title>Ex-MP4 a \u2013 Infrarot-Temperaturmessger\u00e4t f\u00fcr Zone 1<\/title>\n<meta name=\"description\" content=\"Das Ex-MP4 a ist ein nicht-kontaktierendes, intrinsisch sicheres IR-Thermometer f\u00fcr den Einsatz in Zone 1. Messbereich \u201318 \u00b0C bis +400 \u00b0C\" \/>\n<meta name=\"robots\" content=\"index, follow, max-snippet:-1, max-image-preview:large, max-video-preview:-1\" \/>\n<meta property=\"og:locale\" content=\"es_ES\" \/>\n<meta property=\"og:type\" content=\"article\" \/>\n<meta property=\"og:title\" content=\"Ex-MP4 a \u2013 Nicht-kontaktierte Temperaturmessung in Explosionszonen\" \/>\n<meta property=\"og:description\" content=\"Das Ex-MP4 a ist ein nicht-kontaktierendes, intrinsisch sicheres IR-Thermometer f\u00fcr den Einsatz in Zone 1. Messbereich \u201318 \u00b0C bis +400 \u00b0C\" \/>\n<meta property=\"og:url\" content=\"https:\/\/alegerglobal.com\/es\/shop\/atex\/mess-und-kalibriertechnik\/ex-mp4-a\/\" \/>\n<meta property=\"og:site_name\" content=\"ALEGER \u22c6 Augmented Reality\" \/>\n<meta property=\"article:modified_time\" content=\"2025-10-09T21:13:14+00:00\" \/>\n<meta property=\"og:image\" content=\"https:\/\/alegerglobal.com\/wp-content\/uploads\/2025\/10\/Ex-MP4-a.png\" \/>\n\t<meta property=\"og:image:width\" content=\"800\" \/>\n\t<meta property=\"og:image:height\" content=\"800\" \/>\n\t<meta property=\"og:image:type\" content=\"image\/png\" \/>\n<meta name=\"twitter:card\" content=\"summary_large_image\" \/>\n<meta name=\"twitter:label1\" content=\"Precio\" \/>\n\t<meta name=\"twitter:data1\" content=\"&euro;4.249,00\" \/>\n\t<meta name=\"twitter:label2\" content=\"Disponibilidad\" \/>\n\t<meta name=\"twitter:data2\" content=\"Disponible\" \/>\n<script type=\"application\/ld+json\" class=\"yoast-schema-graph\">{\"@context\":\"https:\/\/schema.org\",\"@graph\":[{\"@type\":\"WebPage\",\"@id\":\"https:\/\/alegerglobal.com\/es\/shop\/atex\/mess-und-kalibriertechnik\/ex-mp4-a\/\",\"url\":\"https:\/\/alegerglobal.com\/es\/shop\/atex\/mess-und-kalibriertechnik\/ex-mp4-a\/\",\"name\":\"Ex-MP4 a \u2013 Infrarot-Temperaturmessger\u00e4t f\u00fcr Zone 1\",\"isPartOf\":{\"@id\":\"https:\/\/alegerglobal.com\/es\/#website\"},\"primaryImageOfPage\":{\"@id\":\"https:\/\/alegerglobal.com\/es\/shop\/atex\/mess-und-kalibriertechnik\/ex-mp4-a\/#primaryimage\"},\"image\":{\"@id\":\"https:\/\/alegerglobal.com\/es\/shop\/atex\/mess-und-kalibriertechnik\/ex-mp4-a\/#primaryimage\"},\"thumbnailUrl\":\"https:\/\/alegerglobal.com\/wp-content\/uploads\/2025\/10\/Ex-MP4-a.png\",\"datePublished\":\"2025-10-09T21:10:29+00:00\",\"dateModified\":\"2025-10-09T21:13:14+00:00\",\"description\":\"Das Ex-MP4 a ist ein nicht-kontaktierendes, intrinsisch sicheres IR-Thermometer f\u00fcr den Einsatz in Zone 1. Messbereich \u201318 \u00b0C bis +400 \u00b0C\",\"breadcrumb\":{\"@id\":\"https:\/\/alegerglobal.com\/es\/shop\/atex\/mess-und-kalibriertechnik\/ex-mp4-a\/#breadcrumb\"},\"inLanguage\":\"es\",\"potentialAction\":[{\"@type\":\"ReadAction\",\"target\":[\"https:\/\/alegerglobal.com\/es\/shop\/atex\/mess-und-kalibriertechnik\/ex-mp4-a\/\"]}]},{\"@type\":\"ImageObject\",\"inLanguage\":\"es\",\"@id\":\"https:\/\/alegerglobal.com\/es\/shop\/atex\/mess-und-kalibriertechnik\/ex-mp4-a\/#primaryimage\",\"url\":\"https:\/\/alegerglobal.com\/wp-content\/uploads\/2025\/10\/Ex-MP4-a.png\",\"contentUrl\":\"https:\/\/alegerglobal.com\/wp-content\/uploads\/2025\/10\/Ex-MP4-a.png\",\"width\":800,\"height\":800},{\"@type\":\"BreadcrumbList\",\"@id\":\"https:\/\/alegerglobal.com\/es\/shop\/atex\/mess-und-kalibriertechnik\/ex-mp4-a\/#breadcrumb\",\"itemListElement\":[{\"@type\":\"ListItem\",\"position\":1,\"name\":\"Home\",\"item\":\"https:\/\/alegerglobal.com\/es\/nuevo-pagina-de-inicio\/\"},{\"@type\":\"ListItem\",\"position\":2,\"name\":\"Productos\",\"item\":\"https:\/\/alegerglobal.com\/es\/productos\/\"},{\"@type\":\"ListItem\",\"position\":3,\"name\":\"Ex-MP4 a \u2013 Nicht-kontaktierte Temperaturmessung in Explosionszonen\"}]},{\"@type\":\"WebSite\",\"@id\":\"https:\/\/alegerglobal.com\/es\/#website\",\"url\":\"https:\/\/alegerglobal.com\/es\/\",\"name\":\"ALEGER \u22c6 Augmented Reality\",\"description\":\"Die besten Augmented Reality (AR) L\u00f6sungen der Welt.\",\"publisher\":{\"@id\":\"https:\/\/alegerglobal.com\/es\/#organization\"},\"potentialAction\":[{\"@type\":\"SearchAction\",\"target\":{\"@type\":\"EntryPoint\",\"urlTemplate\":\"https:\/\/alegerglobal.com\/es\/?s={search_term_string}\"},\"query-input\":{\"@type\":\"PropertyValueSpecification\",\"valueRequired\":true,\"valueName\":\"search_term_string\"}}],\"inLanguage\":\"es\"},{\"@type\":\"Organization\",\"@id\":\"https:\/\/alegerglobal.com\/es\/#organization\",\"name\":\"ALEGER \u22c6 Augmented Reality\",\"url\":\"https:\/\/alegerglobal.com\/es\/\",\"logo\":{\"@type\":\"ImageObject\",\"inLanguage\":\"es\",\"@id\":\"https:\/\/alegerglobal.com\/es\/#\/schema\/logo\/image\/\",\"url\":\"https:\/\/alegerglobal.com\/wp-content\/uploads\/2020\/12\/aleger-logo-quadrat.jpg\",\"contentUrl\":\"https:\/\/alegerglobal.com\/wp-content\/uploads\/2020\/12\/aleger-logo-quadrat.jpg\",\"width\":200,\"height\":176,\"caption\":\"ALEGER \u22c6 Augmented Reality\"},\"image\":{\"@id\":\"https:\/\/alegerglobal.com\/es\/#\/schema\/logo\/image\/\"}}]}<\/script>\n<meta property=\"product:price:amount\" content=\"4249.00\" \/>\n<meta property=\"product:price:currency\" content=\"EUR\" \/>\n<meta property=\"og:availability\" content=\"instock\" \/>\n<meta property=\"product:availability\" content=\"instock\" \/>\n<meta property=\"product:condition\" content=\"new\" \/>\n<!-- \/ Yoast SEO Premium plugin. -->","yoast_head_json":{"title":"Ex-MP4 a \u2013 Infrarot-Temperaturmessger\u00e4t f\u00fcr Zone 1","description":"Das Ex-MP4 a ist ein nicht-kontaktierendes, intrinsisch sicheres IR-Thermometer f\u00fcr den Einsatz in Zone 1. Messbereich \u201318 \u00b0C bis +400 \u00b0C","robots":{"index":"index","follow":"follow","max-snippet":"max-snippet:-1","max-image-preview":"max-image-preview:large","max-video-preview":"max-video-preview:-1"},"og_locale":"es_ES","og_type":"article","og_title":"Ex-MP4 a \u2013 Nicht-kontaktierte Temperaturmessung in Explosionszonen","og_description":"Das Ex-MP4 a ist ein nicht-kontaktierendes, intrinsisch sicheres IR-Thermometer f\u00fcr den Einsatz in Zone 1. Messbereich \u201318 \u00b0C bis +400 \u00b0C","og_url":"https:\/\/alegerglobal.com\/es\/shop\/atex\/mess-und-kalibriertechnik\/ex-mp4-a\/","og_site_name":"ALEGER \u22c6 Augmented Reality","article_modified_time":"2025-10-09T21:13:14+00:00","og_image":[{"width":800,"height":800,"url":"https:\/\/alegerglobal.com\/wp-content\/uploads\/2025\/10\/Ex-MP4-a.png","type":"image\/png"}],"twitter_card":"summary_large_image","twitter_misc":{"Precio":"&euro;4.249,00","Disponibilidad":"Disponible"},"schema":{"@context":"https:\/\/schema.org","@graph":[{"@type":"WebPage","@id":"https:\/\/alegerglobal.com\/es\/shop\/atex\/mess-und-kalibriertechnik\/ex-mp4-a\/","url":"https:\/\/alegerglobal.com\/es\/shop\/atex\/mess-und-kalibriertechnik\/ex-mp4-a\/","name":"Ex-MP4 a \u2013 Infrarot-Temperaturmessger\u00e4t f\u00fcr Zone 1","isPartOf":{"@id":"https:\/\/alegerglobal.com\/es\/#website"},"primaryImageOfPage":{"@id":"https:\/\/alegerglobal.com\/es\/shop\/atex\/mess-und-kalibriertechnik\/ex-mp4-a\/#primaryimage"},"image":{"@id":"https:\/\/alegerglobal.com\/es\/shop\/atex\/mess-und-kalibriertechnik\/ex-mp4-a\/#primaryimage"},"thumbnailUrl":"https:\/\/alegerglobal.com\/wp-content\/uploads\/2025\/10\/Ex-MP4-a.png","datePublished":"2025-10-09T21:10:29+00:00","dateModified":"2025-10-09T21:13:14+00:00","description":"Das Ex-MP4 a ist ein nicht-kontaktierendes, intrinsisch sicheres IR-Thermometer f\u00fcr den Einsatz in Zone 1. Messbereich \u201318 \u00b0C bis +400 \u00b0C","breadcrumb":{"@id":"https:\/\/alegerglobal.com\/es\/shop\/atex\/mess-und-kalibriertechnik\/ex-mp4-a\/#breadcrumb"},"inLanguage":"es","potentialAction":[{"@type":"ReadAction","target":["https:\/\/alegerglobal.com\/es\/shop\/atex\/mess-und-kalibriertechnik\/ex-mp4-a\/"]}]},{"@type":"ImageObject","inLanguage":"es","@id":"https:\/\/alegerglobal.com\/es\/shop\/atex\/mess-und-kalibriertechnik\/ex-mp4-a\/#primaryimage","url":"https:\/\/alegerglobal.com\/wp-content\/uploads\/2025\/10\/Ex-MP4-a.png","contentUrl":"https:\/\/alegerglobal.com\/wp-content\/uploads\/2025\/10\/Ex-MP4-a.png","width":800,"height":800},{"@type":"BreadcrumbList","@id":"https:\/\/alegerglobal.com\/es\/shop\/atex\/mess-und-kalibriertechnik\/ex-mp4-a\/#breadcrumb","itemListElement":[{"@type":"ListItem","position":1,"name":"Home","item":"https:\/\/alegerglobal.com\/es\/nuevo-pagina-de-inicio\/"},{"@type":"ListItem","position":2,"name":"Productos","item":"https:\/\/alegerglobal.com\/es\/productos\/"},{"@type":"ListItem","position":3,"name":"Ex-MP4 a \u2013 Nicht-kontaktierte Temperaturmessung in Explosionszonen"}]},{"@type":"WebSite","@id":"https:\/\/alegerglobal.com\/es\/#website","url":"https:\/\/alegerglobal.com\/es\/","name":"ALEGER \u22c6 Augmented Reality","description":"Die besten Augmented Reality (AR) L\u00f6sungen der Welt.","publisher":{"@id":"https:\/\/alegerglobal.com\/es\/#organization"},"potentialAction":[{"@type":"SearchAction","target":{"@type":"EntryPoint","urlTemplate":"https:\/\/alegerglobal.com\/es\/?s={search_term_string}"},"query-input":{"@type":"PropertyValueSpecification","valueRequired":true,"valueName":"search_term_string"}}],"inLanguage":"es"},{"@type":"Organization","@id":"https:\/\/alegerglobal.com\/es\/#organization","name":"ALEGER \u22c6 Augmented Reality","url":"https:\/\/alegerglobal.com\/es\/","logo":{"@type":"ImageObject","inLanguage":"es","@id":"https:\/\/alegerglobal.com\/es\/#\/schema\/logo\/image\/","url":"https:\/\/alegerglobal.com\/wp-content\/uploads\/2020\/12\/aleger-logo-quadrat.jpg","contentUrl":"https:\/\/alegerglobal.com\/wp-content\/uploads\/2020\/12\/aleger-logo-quadrat.jpg","width":200,"height":176,"caption":"ALEGER \u22c6 Augmented Reality"},"image":{"@id":"https:\/\/alegerglobal.com\/es\/#\/schema\/logo\/image\/"}}]},"product_price_amount":"4249.00","product_price_currency":"EUR","og_availability":"instock","product_availability":"instock","product_condition":"new"},"_links":{"self":[{"href":"https:\/\/alegerglobal.com\/es\/wp-json\/wp\/v2\/product\/50837","targetHints":{"allow":["GET"]}}],"collection":[{"href":"https:\/\/alegerglobal.com\/es\/wp-json\/wp\/v2\/product"}],"about":[{"href":"https:\/\/alegerglobal.com\/es\/wp-json\/wp\/v2\/types\/product"}],"replies":[{"embeddable":true,"href":"https:\/\/alegerglobal.com\/es\/wp-json\/wp\/v2\/comments?post=50837"}],"version-history":[{"count":2,"href":"https:\/\/alegerglobal.com\/es\/wp-json\/wp\/v2\/product\/50837\/revisions"}],"predecessor-version":[{"id":50863,"href":"https:\/\/alegerglobal.com\/es\/wp-json\/wp\/v2\/product\/50837\/revisions\/50863"}],"wp:featuredmedia":[{"embeddable":true,"href":"https:\/\/alegerglobal.com\/es\/wp-json\/wp\/v2\/media\/50775"}],"wp:attachment":[{"href":"https:\/\/alegerglobal.com\/es\/wp-json\/wp\/v2\/media?parent=50837"}],"wp:term":[{"taxonomy":"product_brand","embeddable":true,"href":"https:\/\/alegerglobal.com\/es\/wp-json\/wp\/v2\/product_brand?post=50837"},{"taxonomy":"product_cat","embeddable":true,"href":"https:\/\/alegerglobal.com\/es\/wp-json\/wp\/v2\/product_cat?post=50837"},{"taxonomy":"product_tag","embeddable":true,"href":"https:\/\/alegerglobal.com\/es\/wp-json\/wp\/v2\/product_tag?post=50837"}],"curies":[{"name":"wp","href":"https:\/\/api.w.org\/{rel}","templated":true}]}}