{"id":49683,"date":"2025-09-15T08:39:53","date_gmt":"2025-09-15T07:39:54","guid":{"rendered":"https:\/\/alegerglobal.com\/?post_type=product&#038;p=49683"},"modified":"2026-03-25T20:12:42","modified_gmt":"2026-03-25T19:12:42","slug":"realwear-navigator-520-gafas-de-datos-realwear-de-alta-calidad-para-profesionales","status":"publish","type":"product","link":"https:\/\/alegerglobal.com\/es\/shop-es\/gafas-inteligentes\/realwear-navigator-520-gafas-de-datos-realwear-de-alta-calidad-para-profesionales\/","title":{"rendered":"Moziware Nex\u014d &#8211; Gafas de datos innovadoras para la industria y el soporte remoto"},"content":{"rendered":"","protected":false},"excerpt":{"rendered":"<p data-start=\"696\" data-end=\"1106\">El <strong data-start=\"700\" data-end=\"717\">Moziware Nex\u014d<\/strong> es la primera gafa industrial de datos con visualizaci\u00f3n en smartphone mediante Wi-Fi y aplicaci\u00f3n Android. Combina <strong data-start=\"822\" data-end=\"860\">un peso extremadamente bajo (s\u00f3lo 95 g<\/strong> ) con un dise\u00f1o robusto y un hardware potente. Esto la hace ideal para su uso en la industria, para asistencia remota, inspecciones, mantenimiento y para todas las aplicaciones en las que el acceso manos libres a la informaci\u00f3n es crucial.<\/p>\n","protected":false},"featured_media":50091,"comment_status":"open","ping_status":"closed","template":"","meta":{"_acf_changed":false},"product_brand":[],"product_cat":[1381,1341],"product_tag":[],"class_list":{"0":"post-49683","1":"product","2":"type-product","3":"status-publish","4":"has-post-thumbnail","6":"product_cat-gafas-inteligentes","7":"product_cat-shop-es","9":"first","10":"instock","11":"taxable","12":"shipping-taxable","13":"product-type-simple"},"acf":[],"yoast_head":"<!-- This site is optimized with the Yoast SEO Premium plugin v20.10 (Yoast SEO v24.3) - https:\/\/yoast.com\/wordpress\/plugins\/seo\/ -->\n<title>Moziware Nex\u014d - Gafas inteligentes - Android y c\u00e1mara de 16 MP comprar- ALEGER \u22c6 Augmented Reality<\/title>\n<meta name=\"description\" content=\"Las Moziware Nex\u014d son unas gafas inteligentes ligeras (95 g), con c\u00e1mara de 16 MP, en 13 idiomas y protecci\u00f3n IP66. Ideales para la industria, el soporte remoto y la documentaci\u00f3n.\" \/>\n<meta name=\"robots\" content=\"index, follow, max-snippet:-1, max-image-preview:large, max-video-preview:-1\" \/>\n<meta property=\"og:locale\" content=\"es_ES\" \/>\n<meta property=\"og:type\" content=\"article\" \/>\n<meta property=\"og:title\" content=\"Moziware Nex\u014d - Gafas de datos innovadoras para la industria y el soporte remoto\" \/>\n<meta property=\"og:description\" content=\"Las Moziware Nex\u014d son unas gafas inteligentes ligeras (95 g), con c\u00e1mara de 16 MP, en 13 idiomas y protecci\u00f3n IP66. Ideales para la industria, el soporte remoto y la documentaci\u00f3n.\" \/>\n<meta property=\"og:url\" content=\"https:\/\/alegerglobal.com\/es\/shop-es\/gafas-inteligentes\/realwear-navigator-520-gafas-de-datos-realwear-de-alta-calidad-para-profesionales\/\" \/>\n<meta property=\"og:site_name\" content=\"ALEGER \u22c6 Augmented Reality\" \/>\n<meta property=\"article:modified_time\" content=\"2026-03-25T19:12:42+00:00\" \/>\n<meta property=\"og:image\" content=\"https:\/\/alegerglobal.com\/wp-content\/uploads\/2025\/09\/moziware-nexo.png\" \/>\n\t<meta property=\"og:image:width\" content=\"800\" \/>\n\t<meta property=\"og:image:height\" content=\"800\" \/>\n\t<meta property=\"og:image:type\" content=\"image\/png\" \/>\n<meta name=\"twitter:card\" content=\"summary_large_image\" \/>\n<meta name=\"twitter:label1\" content=\"Precio\" \/>\n\t<meta name=\"twitter:data1\" content=\"\" \/>\n\t<meta name=\"twitter:label2\" content=\"Disponibilidad\" \/>\n\t<meta name=\"twitter:data2\" content=\"Disponible\" \/>\n<script type=\"application\/ld+json\" class=\"yoast-schema-graph\">{\"@context\":\"https:\/\/schema.org\",\"@graph\":[{\"@type\":\"WebPage\",\"@id\":\"https:\/\/alegerglobal.com\/es\/shop-es\/gafas-inteligentes\/realwear-navigator-520-gafas-de-datos-realwear-de-alta-calidad-para-profesionales\/\",\"url\":\"https:\/\/alegerglobal.com\/es\/shop-es\/gafas-inteligentes\/realwear-navigator-520-gafas-de-datos-realwear-de-alta-calidad-para-profesionales\/\",\"name\":\"Moziware Nex\u014d - Gafas inteligentes - Android y c\u00e1mara de 16 MP comprar- ALEGER \u22c6 Augmented Reality\",\"isPartOf\":{\"@id\":\"https:\/\/alegerglobal.com\/es\/#website\"},\"primaryImageOfPage\":{\"@id\":\"https:\/\/alegerglobal.com\/es\/shop-es\/gafas-inteligentes\/realwear-navigator-520-gafas-de-datos-realwear-de-alta-calidad-para-profesionales\/#primaryimage\"},\"image\":{\"@id\":\"https:\/\/alegerglobal.com\/es\/shop-es\/gafas-inteligentes\/realwear-navigator-520-gafas-de-datos-realwear-de-alta-calidad-para-profesionales\/#primaryimage\"},\"thumbnailUrl\":\"https:\/\/alegerglobal.com\/wp-content\/uploads\/2025\/09\/moziware-nexo.png\",\"datePublished\":\"2025-09-15T07:39:54+00:00\",\"dateModified\":\"2026-03-25T19:12:42+00:00\",\"description\":\"Las Moziware Nex\u014d son unas gafas inteligentes ligeras (95 g), con c\u00e1mara de 16 MP, en 13 idiomas y protecci\u00f3n IP66. Ideales para la industria, el soporte remoto y la documentaci\u00f3n.\",\"breadcrumb\":{\"@id\":\"https:\/\/alegerglobal.com\/es\/shop-es\/gafas-inteligentes\/realwear-navigator-520-gafas-de-datos-realwear-de-alta-calidad-para-profesionales\/#breadcrumb\"},\"inLanguage\":\"es\",\"potentialAction\":[{\"@type\":\"ReadAction\",\"target\":[\"https:\/\/alegerglobal.com\/es\/shop-es\/gafas-inteligentes\/realwear-navigator-520-gafas-de-datos-realwear-de-alta-calidad-para-profesionales\/\"]}]},{\"@type\":\"ImageObject\",\"inLanguage\":\"es\",\"@id\":\"https:\/\/alegerglobal.com\/es\/shop-es\/gafas-inteligentes\/realwear-navigator-520-gafas-de-datos-realwear-de-alta-calidad-para-profesionales\/#primaryimage\",\"url\":\"https:\/\/alegerglobal.com\/wp-content\/uploads\/2025\/09\/moziware-nexo.png\",\"contentUrl\":\"https:\/\/alegerglobal.com\/wp-content\/uploads\/2025\/09\/moziware-nexo.png\",\"width\":800,\"height\":800},{\"@type\":\"BreadcrumbList\",\"@id\":\"https:\/\/alegerglobal.com\/es\/shop-es\/gafas-inteligentes\/realwear-navigator-520-gafas-de-datos-realwear-de-alta-calidad-para-profesionales\/#breadcrumb\",\"itemListElement\":[{\"@type\":\"ListItem\",\"position\":1,\"name\":\"Home\",\"item\":\"https:\/\/alegerglobal.com\/es\/nuevo-pagina-de-inicio\/\"},{\"@type\":\"ListItem\",\"position\":2,\"name\":\"Productos\",\"item\":\"https:\/\/alegerglobal.com\/es\/productos\/\"},{\"@type\":\"ListItem\",\"position\":3,\"name\":\"Moziware Nex\u014d &#8211; Gafas de datos innovadoras para la industria y el soporte remoto\"}]},{\"@type\":\"WebSite\",\"@id\":\"https:\/\/alegerglobal.com\/es\/#website\",\"url\":\"https:\/\/alegerglobal.com\/es\/\",\"name\":\"ALEGER \u22c6 Augmented Reality\",\"description\":\"Die besten Augmented Reality (AR) L\u00f6sungen der Welt.\",\"publisher\":{\"@id\":\"https:\/\/alegerglobal.com\/es\/#organization\"},\"potentialAction\":[{\"@type\":\"SearchAction\",\"target\":{\"@type\":\"EntryPoint\",\"urlTemplate\":\"https:\/\/alegerglobal.com\/es\/?s={search_term_string}\"},\"query-input\":{\"@type\":\"PropertyValueSpecification\",\"valueRequired\":true,\"valueName\":\"search_term_string\"}}],\"inLanguage\":\"es\"},{\"@type\":\"Organization\",\"@id\":\"https:\/\/alegerglobal.com\/es\/#organization\",\"name\":\"ALEGER \u22c6 Augmented Reality\",\"url\":\"https:\/\/alegerglobal.com\/es\/\",\"logo\":{\"@type\":\"ImageObject\",\"inLanguage\":\"es\",\"@id\":\"https:\/\/alegerglobal.com\/es\/#\/schema\/logo\/image\/\",\"url\":\"https:\/\/alegerglobal.com\/wp-content\/uploads\/2020\/12\/aleger-logo-quadrat.jpg\",\"contentUrl\":\"https:\/\/alegerglobal.com\/wp-content\/uploads\/2020\/12\/aleger-logo-quadrat.jpg\",\"width\":200,\"height\":176,\"caption\":\"ALEGER \u22c6 Augmented Reality\"},\"image\":{\"@id\":\"https:\/\/alegerglobal.com\/es\/#\/schema\/logo\/image\/\"}}]}<\/script>\n<meta property=\"product:price:amount\" content=\"0.00\" \/>\n<meta property=\"product:price:currency\" content=\"EUR\" \/>\n<meta property=\"og:availability\" content=\"instock\" \/>\n<meta property=\"product:availability\" content=\"instock\" \/>\n<meta property=\"product:condition\" content=\"new\" \/>\n<!-- \/ Yoast SEO Premium plugin. -->","yoast_head_json":{"title":"Moziware Nex\u014d - Gafas inteligentes - Android y c\u00e1mara de 16 MP comprar- ALEGER \u22c6 Augmented Reality","description":"Las Moziware Nex\u014d son unas gafas inteligentes ligeras (95 g), con c\u00e1mara de 16 MP, en 13 idiomas y protecci\u00f3n IP66. Ideales para la industria, el soporte remoto y la documentaci\u00f3n.","robots":{"index":"index","follow":"follow","max-snippet":"max-snippet:-1","max-image-preview":"max-image-preview:large","max-video-preview":"max-video-preview:-1"},"og_locale":"es_ES","og_type":"article","og_title":"Moziware Nex\u014d - Gafas de datos innovadoras para la industria y el soporte remoto","og_description":"Las Moziware Nex\u014d son unas gafas inteligentes ligeras (95 g), con c\u00e1mara de 16 MP, en 13 idiomas y protecci\u00f3n IP66. Ideales para la industria, el soporte remoto y la documentaci\u00f3n.","og_url":"https:\/\/alegerglobal.com\/es\/shop-es\/gafas-inteligentes\/realwear-navigator-520-gafas-de-datos-realwear-de-alta-calidad-para-profesionales\/","og_site_name":"ALEGER \u22c6 Augmented Reality","article_modified_time":"2026-03-25T19:12:42+00:00","og_image":[{"width":800,"height":800,"url":"https:\/\/alegerglobal.com\/wp-content\/uploads\/2025\/09\/moziware-nexo.png","type":"image\/png"}],"twitter_card":"summary_large_image","twitter_misc":{"Precio":"","Disponibilidad":"Disponible"},"schema":{"@context":"https:\/\/schema.org","@graph":[{"@type":"WebPage","@id":"https:\/\/alegerglobal.com\/es\/shop-es\/gafas-inteligentes\/realwear-navigator-520-gafas-de-datos-realwear-de-alta-calidad-para-profesionales\/","url":"https:\/\/alegerglobal.com\/es\/shop-es\/gafas-inteligentes\/realwear-navigator-520-gafas-de-datos-realwear-de-alta-calidad-para-profesionales\/","name":"Moziware Nex\u014d - Gafas inteligentes - Android y c\u00e1mara de 16 MP comprar- ALEGER \u22c6 Augmented Reality","isPartOf":{"@id":"https:\/\/alegerglobal.com\/es\/#website"},"primaryImageOfPage":{"@id":"https:\/\/alegerglobal.com\/es\/shop-es\/gafas-inteligentes\/realwear-navigator-520-gafas-de-datos-realwear-de-alta-calidad-para-profesionales\/#primaryimage"},"image":{"@id":"https:\/\/alegerglobal.com\/es\/shop-es\/gafas-inteligentes\/realwear-navigator-520-gafas-de-datos-realwear-de-alta-calidad-para-profesionales\/#primaryimage"},"thumbnailUrl":"https:\/\/alegerglobal.com\/wp-content\/uploads\/2025\/09\/moziware-nexo.png","datePublished":"2025-09-15T07:39:54+00:00","dateModified":"2026-03-25T19:12:42+00:00","description":"Las Moziware Nex\u014d son unas gafas inteligentes ligeras (95 g), con c\u00e1mara de 16 MP, en 13 idiomas y protecci\u00f3n IP66. Ideales para la industria, el soporte remoto y la documentaci\u00f3n.","breadcrumb":{"@id":"https:\/\/alegerglobal.com\/es\/shop-es\/gafas-inteligentes\/realwear-navigator-520-gafas-de-datos-realwear-de-alta-calidad-para-profesionales\/#breadcrumb"},"inLanguage":"es","potentialAction":[{"@type":"ReadAction","target":["https:\/\/alegerglobal.com\/es\/shop-es\/gafas-inteligentes\/realwear-navigator-520-gafas-de-datos-realwear-de-alta-calidad-para-profesionales\/"]}]},{"@type":"ImageObject","inLanguage":"es","@id":"https:\/\/alegerglobal.com\/es\/shop-es\/gafas-inteligentes\/realwear-navigator-520-gafas-de-datos-realwear-de-alta-calidad-para-profesionales\/#primaryimage","url":"https:\/\/alegerglobal.com\/wp-content\/uploads\/2025\/09\/moziware-nexo.png","contentUrl":"https:\/\/alegerglobal.com\/wp-content\/uploads\/2025\/09\/moziware-nexo.png","width":800,"height":800},{"@type":"BreadcrumbList","@id":"https:\/\/alegerglobal.com\/es\/shop-es\/gafas-inteligentes\/realwear-navigator-520-gafas-de-datos-realwear-de-alta-calidad-para-profesionales\/#breadcrumb","itemListElement":[{"@type":"ListItem","position":1,"name":"Home","item":"https:\/\/alegerglobal.com\/es\/nuevo-pagina-de-inicio\/"},{"@type":"ListItem","position":2,"name":"Productos","item":"https:\/\/alegerglobal.com\/es\/productos\/"},{"@type":"ListItem","position":3,"name":"Moziware Nex\u014d &#8211; Gafas de datos innovadoras para la industria y el soporte remoto"}]},{"@type":"WebSite","@id":"https:\/\/alegerglobal.com\/es\/#website","url":"https:\/\/alegerglobal.com\/es\/","name":"ALEGER \u22c6 Augmented Reality","description":"Die besten Augmented Reality (AR) L\u00f6sungen der Welt.","publisher":{"@id":"https:\/\/alegerglobal.com\/es\/#organization"},"potentialAction":[{"@type":"SearchAction","target":{"@type":"EntryPoint","urlTemplate":"https:\/\/alegerglobal.com\/es\/?s={search_term_string}"},"query-input":{"@type":"PropertyValueSpecification","valueRequired":true,"valueName":"search_term_string"}}],"inLanguage":"es"},{"@type":"Organization","@id":"https:\/\/alegerglobal.com\/es\/#organization","name":"ALEGER \u22c6 Augmented Reality","url":"https:\/\/alegerglobal.com\/es\/","logo":{"@type":"ImageObject","inLanguage":"es","@id":"https:\/\/alegerglobal.com\/es\/#\/schema\/logo\/image\/","url":"https:\/\/alegerglobal.com\/wp-content\/uploads\/2020\/12\/aleger-logo-quadrat.jpg","contentUrl":"https:\/\/alegerglobal.com\/wp-content\/uploads\/2020\/12\/aleger-logo-quadrat.jpg","width":200,"height":176,"caption":"ALEGER \u22c6 Augmented Reality"},"image":{"@id":"https:\/\/alegerglobal.com\/es\/#\/schema\/logo\/image\/"}}]},"product_price_amount":"0.00","product_price_currency":"EUR","og_availability":"instock","product_availability":"instock","product_condition":"new"},"_links":{"self":[{"href":"https:\/\/alegerglobal.com\/es\/wp-json\/wp\/v2\/product\/49683","targetHints":{"allow":["GET"]}}],"collection":[{"href":"https:\/\/alegerglobal.com\/es\/wp-json\/wp\/v2\/product"}],"about":[{"href":"https:\/\/alegerglobal.com\/es\/wp-json\/wp\/v2\/types\/product"}],"replies":[{"embeddable":true,"href":"https:\/\/alegerglobal.com\/es\/wp-json\/wp\/v2\/comments?post=49683"}],"version-history":[{"count":3,"href":"https:\/\/alegerglobal.com\/es\/wp-json\/wp\/v2\/product\/49683\/revisions"}],"predecessor-version":[{"id":54088,"href":"https:\/\/alegerglobal.com\/es\/wp-json\/wp\/v2\/product\/49683\/revisions\/54088"}],"wp:featuredmedia":[{"embeddable":true,"href":"https:\/\/alegerglobal.com\/es\/wp-json\/wp\/v2\/media\/50091"}],"wp:attachment":[{"href":"https:\/\/alegerglobal.com\/es\/wp-json\/wp\/v2\/media?parent=49683"}],"wp:term":[{"taxonomy":"product_brand","embeddable":true,"href":"https:\/\/alegerglobal.com\/es\/wp-json\/wp\/v2\/product_brand?post=49683"},{"taxonomy":"product_cat","embeddable":true,"href":"https:\/\/alegerglobal.com\/es\/wp-json\/wp\/v2\/product_cat?post=49683"},{"taxonomy":"product_tag","embeddable":true,"href":"https:\/\/alegerglobal.com\/es\/wp-json\/wp\/v2\/product_tag?post=49683"}],"curies":[{"name":"wp","href":"https:\/\/api.w.org\/{rel}","templated":true}]}}