{"id":49544,"date":"2025-08-14T18:51:42","date_gmt":"2025-09-14T17:51:44","guid":{"rendered":"https:\/\/alegerglobal.com\/?post_type=product&#038;p=49544"},"modified":"2026-03-19T18:41:00","modified_gmt":"2026-03-19T17:41:00","slug":"ecom-pad-ex-pro-01-p8-dz2-tableta-con-proteccion-ex-atex-zone-2-pantalla-tactil-de-116-windows-kopie-kopie-2","status":"publish","type":"product","link":"https:\/\/alegerglobal.com\/es\/comunicacion\/ecom-pad-ex-pro-01-p8-dz2-tableta-con-proteccion-ex-atex-zone-2-pantalla-tactil-de-116-windows-kopie-kopie-2\/","title":{"rendered":"EdgeOne &#8211; La potente pasarela de borde 5G para zonas peligrosas"},"content":{"rendered":"","protected":false},"excerpt":{"rendered":"<p data-start=\"595\" data-end=\"986\"><strong data-start=\"599\" data-end=\"610\">EdgeOne<\/strong> de RuggedEdge es una pasarela industrial intr\u00ednsecamente segura que se ha desarrollado especialmente para su uso en <strong data-start=\"711\" data-end=\"767\">\u00e1reas peligrosas (Zona 1 \/ Clase 1 Div 1)<\/strong>. Combina alta disponibilidad de datos, potencia de computaci\u00f3n perif\u00e9rica y tecnolog\u00eda de red segura en un \u00fanico dispositivo: una pieza central para las modernas arquitecturas de Industria 4.0 en entornos exigentes.<\/p>\n<p data-start=\"988\" data-end=\"1353\">Con conectividad <strong data-start=\"1005\" data-end=\"1011\">5G<\/strong>, WiFi 6 y empresarial integrada, EdgeOne permite una transmisi\u00f3n de datos fiable incluso en entornos dif\u00edciles, ideal para IIoT, seguimiento de activos, monitorizaci\u00f3n remota y automatizaci\u00f3n industrial.<\/p>\n","protected":false},"featured_media":39957,"comment_status":"open","ping_status":"closed","template":"","meta":{"_acf_changed":false},"product_brand":[],"product_cat":[1340,2628,2627,1341],"product_tag":[],"class_list":{"0":"post-49544","1":"product","2":"type-product","3":"status-publish","4":"has-post-thumbnail","6":"product_cat-atex-es","7":"product_cat-comunicacion","8":"product_cat-informatica-movil","9":"product_cat-shop-es","11":"first","12":"instock","13":"taxable","14":"shipping-taxable","15":"purchasable","16":"product-type-simple"},"acf":[],"yoast_head":"<!-- This site is optimized with the Yoast SEO Premium plugin v20.10 (Yoast SEO v24.3) - https:\/\/yoast.com\/wordpress\/plugins\/seo\/ -->\n<title>EdgeOne - Pasarela 5G IIoT y WIFI para ATEX Zona 1 \/ Clase 1<\/title>\n<meta name=\"description\" content=\"EdgeOne es una robusta pasarela 5G (ATEX Zona 1 \/ Clase 1 Div 1) con WiFi 6, edge computing, compatible con IIoT y la plataforma EdgeConnect\" \/>\n<meta name=\"robots\" content=\"index, follow, max-snippet:-1, max-image-preview:large, max-video-preview:-1\" \/>\n<meta property=\"og:locale\" content=\"es_ES\" \/>\n<meta property=\"og:type\" content=\"article\" \/>\n<meta property=\"og:title\" content=\"EdgeOne - La potente pasarela de borde 5G para zonas peligrosas\" \/>\n<meta property=\"og:description\" content=\"EdgeOne es una robusta pasarela 5G (ATEX Zona 1 \/ Clase 1 Div 1) con WiFi 6, edge computing, compatible con IIoT y la plataforma EdgeConnect\" \/>\n<meta property=\"og:url\" content=\"https:\/\/alegerglobal.com\/es\/comunicacion\/ecom-pad-ex-pro-01-p8-dz2-tableta-con-proteccion-ex-atex-zone-2-pantalla-tactil-de-116-windows-kopie-kopie-2\/\" \/>\n<meta property=\"og:site_name\" content=\"ALEGER \u22c6 Augmented Reality\" \/>\n<meta property=\"article:modified_time\" content=\"2026-03-19T17:41:00+00:00\" \/>\n<meta property=\"og:image\" content=\"https:\/\/alegerglobal.com\/wp-content\/uploads\/2024\/06\/Unbenannt.jpg\" \/>\n\t<meta property=\"og:image:width\" content=\"800\" \/>\n\t<meta property=\"og:image:height\" content=\"800\" \/>\n\t<meta property=\"og:image:type\" content=\"image\/jpeg\" \/>\n<meta name=\"twitter:card\" content=\"summary_large_image\" \/>\n<meta name=\"twitter:label1\" content=\"Precio\" \/>\n\t<meta name=\"twitter:data1\" content=\"&euro;4.249,00\" \/>\n\t<meta name=\"twitter:label2\" content=\"Disponibilidad\" \/>\n\t<meta name=\"twitter:data2\" content=\"Disponible\" \/>\n<script type=\"application\/ld+json\" class=\"yoast-schema-graph\">{\"@context\":\"https:\/\/schema.org\",\"@graph\":[{\"@type\":\"WebPage\",\"@id\":\"https:\/\/alegerglobal.com\/es\/comunicacion\/ecom-pad-ex-pro-01-p8-dz2-tableta-con-proteccion-ex-atex-zone-2-pantalla-tactil-de-116-windows-kopie-kopie-2\/\",\"url\":\"https:\/\/alegerglobal.com\/es\/comunicacion\/ecom-pad-ex-pro-01-p8-dz2-tableta-con-proteccion-ex-atex-zone-2-pantalla-tactil-de-116-windows-kopie-kopie-2\/\",\"name\":\"EdgeOne - Pasarela 5G IIoT y WIFI para ATEX Zona 1 \/ Clase 1\",\"isPartOf\":{\"@id\":\"https:\/\/alegerglobal.com\/es\/#website\"},\"primaryImageOfPage\":{\"@id\":\"https:\/\/alegerglobal.com\/es\/comunicacion\/ecom-pad-ex-pro-01-p8-dz2-tableta-con-proteccion-ex-atex-zone-2-pantalla-tactil-de-116-windows-kopie-kopie-2\/#primaryimage\"},\"image\":{\"@id\":\"https:\/\/alegerglobal.com\/es\/comunicacion\/ecom-pad-ex-pro-01-p8-dz2-tableta-con-proteccion-ex-atex-zone-2-pantalla-tactil-de-116-windows-kopie-kopie-2\/#primaryimage\"},\"thumbnailUrl\":\"https:\/\/alegerglobal.com\/wp-content\/uploads\/2024\/06\/Unbenannt.jpg\",\"datePublished\":\"2025-09-14T17:51:44+00:00\",\"dateModified\":\"2026-03-19T17:41:00+00:00\",\"description\":\"EdgeOne es una robusta pasarela 5G (ATEX Zona 1 \/ Clase 1 Div 1) con WiFi 6, edge computing, compatible con IIoT y la plataforma EdgeConnect\",\"breadcrumb\":{\"@id\":\"https:\/\/alegerglobal.com\/es\/comunicacion\/ecom-pad-ex-pro-01-p8-dz2-tableta-con-proteccion-ex-atex-zone-2-pantalla-tactil-de-116-windows-kopie-kopie-2\/#breadcrumb\"},\"inLanguage\":\"es\",\"potentialAction\":[{\"@type\":\"ReadAction\",\"target\":[\"https:\/\/alegerglobal.com\/es\/comunicacion\/ecom-pad-ex-pro-01-p8-dz2-tableta-con-proteccion-ex-atex-zone-2-pantalla-tactil-de-116-windows-kopie-kopie-2\/\"]}]},{\"@type\":\"ImageObject\",\"inLanguage\":\"es\",\"@id\":\"https:\/\/alegerglobal.com\/es\/comunicacion\/ecom-pad-ex-pro-01-p8-dz2-tableta-con-proteccion-ex-atex-zone-2-pantalla-tactil-de-116-windows-kopie-kopie-2\/#primaryimage\",\"url\":\"https:\/\/alegerglobal.com\/wp-content\/uploads\/2024\/06\/Unbenannt.jpg\",\"contentUrl\":\"https:\/\/alegerglobal.com\/wp-content\/uploads\/2024\/06\/Unbenannt.jpg\",\"width\":800,\"height\":800},{\"@type\":\"BreadcrumbList\",\"@id\":\"https:\/\/alegerglobal.com\/es\/comunicacion\/ecom-pad-ex-pro-01-p8-dz2-tableta-con-proteccion-ex-atex-zone-2-pantalla-tactil-de-116-windows-kopie-kopie-2\/#breadcrumb\",\"itemListElement\":[{\"@type\":\"ListItem\",\"position\":1,\"name\":\"Home\",\"item\":\"https:\/\/alegerglobal.com\/es\/nuevo-pagina-de-inicio\/\"},{\"@type\":\"ListItem\",\"position\":2,\"name\":\"Productos\",\"item\":\"https:\/\/alegerglobal.com\/es\/productos\/\"},{\"@type\":\"ListItem\",\"position\":3,\"name\":\"EdgeOne &#8211; La potente pasarela de borde 5G para zonas peligrosas\"}]},{\"@type\":\"WebSite\",\"@id\":\"https:\/\/alegerglobal.com\/es\/#website\",\"url\":\"https:\/\/alegerglobal.com\/es\/\",\"name\":\"ALEGER \u22c6 Augmented Reality\",\"description\":\"Die besten Augmented Reality (AR) L\u00f6sungen der Welt.\",\"publisher\":{\"@id\":\"https:\/\/alegerglobal.com\/es\/#organization\"},\"potentialAction\":[{\"@type\":\"SearchAction\",\"target\":{\"@type\":\"EntryPoint\",\"urlTemplate\":\"https:\/\/alegerglobal.com\/es\/?s={search_term_string}\"},\"query-input\":{\"@type\":\"PropertyValueSpecification\",\"valueRequired\":true,\"valueName\":\"search_term_string\"}}],\"inLanguage\":\"es\"},{\"@type\":\"Organization\",\"@id\":\"https:\/\/alegerglobal.com\/es\/#organization\",\"name\":\"ALEGER \u22c6 Augmented Reality\",\"url\":\"https:\/\/alegerglobal.com\/es\/\",\"logo\":{\"@type\":\"ImageObject\",\"inLanguage\":\"es\",\"@id\":\"https:\/\/alegerglobal.com\/es\/#\/schema\/logo\/image\/\",\"url\":\"https:\/\/alegerglobal.com\/wp-content\/uploads\/2020\/12\/aleger-logo-quadrat.jpg\",\"contentUrl\":\"https:\/\/alegerglobal.com\/wp-content\/uploads\/2020\/12\/aleger-logo-quadrat.jpg\",\"width\":200,\"height\":176,\"caption\":\"ALEGER \u22c6 Augmented Reality\"},\"image\":{\"@id\":\"https:\/\/alegerglobal.com\/es\/#\/schema\/logo\/image\/\"}}]}<\/script>\n<meta property=\"product:price:amount\" content=\"4249.00\" \/>\n<meta property=\"product:price:currency\" content=\"EUR\" \/>\n<meta property=\"og:availability\" content=\"instock\" \/>\n<meta property=\"product:availability\" content=\"instock\" \/>\n<meta property=\"product:condition\" content=\"new\" \/>\n<!-- \/ Yoast SEO Premium plugin. -->","yoast_head_json":{"title":"EdgeOne - Pasarela 5G IIoT y WIFI para ATEX Zona 1 \/ Clase 1","description":"EdgeOne es una robusta pasarela 5G (ATEX Zona 1 \/ Clase 1 Div 1) con WiFi 6, edge computing, compatible con IIoT y la plataforma EdgeConnect","robots":{"index":"index","follow":"follow","max-snippet":"max-snippet:-1","max-image-preview":"max-image-preview:large","max-video-preview":"max-video-preview:-1"},"og_locale":"es_ES","og_type":"article","og_title":"EdgeOne - La potente pasarela de borde 5G para zonas peligrosas","og_description":"EdgeOne es una robusta pasarela 5G (ATEX Zona 1 \/ Clase 1 Div 1) con WiFi 6, edge computing, compatible con IIoT y la plataforma EdgeConnect","og_url":"https:\/\/alegerglobal.com\/es\/comunicacion\/ecom-pad-ex-pro-01-p8-dz2-tableta-con-proteccion-ex-atex-zone-2-pantalla-tactil-de-116-windows-kopie-kopie-2\/","og_site_name":"ALEGER \u22c6 Augmented Reality","article_modified_time":"2026-03-19T17:41:00+00:00","og_image":[{"width":800,"height":800,"url":"https:\/\/alegerglobal.com\/wp-content\/uploads\/2024\/06\/Unbenannt.jpg","type":"image\/jpeg"}],"twitter_card":"summary_large_image","twitter_misc":{"Precio":"&euro;4.249,00","Disponibilidad":"Disponible"},"schema":{"@context":"https:\/\/schema.org","@graph":[{"@type":"WebPage","@id":"https:\/\/alegerglobal.com\/es\/comunicacion\/ecom-pad-ex-pro-01-p8-dz2-tableta-con-proteccion-ex-atex-zone-2-pantalla-tactil-de-116-windows-kopie-kopie-2\/","url":"https:\/\/alegerglobal.com\/es\/comunicacion\/ecom-pad-ex-pro-01-p8-dz2-tableta-con-proteccion-ex-atex-zone-2-pantalla-tactil-de-116-windows-kopie-kopie-2\/","name":"EdgeOne - Pasarela 5G IIoT y WIFI para ATEX Zona 1 \/ Clase 1","isPartOf":{"@id":"https:\/\/alegerglobal.com\/es\/#website"},"primaryImageOfPage":{"@id":"https:\/\/alegerglobal.com\/es\/comunicacion\/ecom-pad-ex-pro-01-p8-dz2-tableta-con-proteccion-ex-atex-zone-2-pantalla-tactil-de-116-windows-kopie-kopie-2\/#primaryimage"},"image":{"@id":"https:\/\/alegerglobal.com\/es\/comunicacion\/ecom-pad-ex-pro-01-p8-dz2-tableta-con-proteccion-ex-atex-zone-2-pantalla-tactil-de-116-windows-kopie-kopie-2\/#primaryimage"},"thumbnailUrl":"https:\/\/alegerglobal.com\/wp-content\/uploads\/2024\/06\/Unbenannt.jpg","datePublished":"2025-09-14T17:51:44+00:00","dateModified":"2026-03-19T17:41:00+00:00","description":"EdgeOne es una robusta pasarela 5G (ATEX Zona 1 \/ Clase 1 Div 1) con WiFi 6, edge computing, compatible con IIoT y la plataforma EdgeConnect","breadcrumb":{"@id":"https:\/\/alegerglobal.com\/es\/comunicacion\/ecom-pad-ex-pro-01-p8-dz2-tableta-con-proteccion-ex-atex-zone-2-pantalla-tactil-de-116-windows-kopie-kopie-2\/#breadcrumb"},"inLanguage":"es","potentialAction":[{"@type":"ReadAction","target":["https:\/\/alegerglobal.com\/es\/comunicacion\/ecom-pad-ex-pro-01-p8-dz2-tableta-con-proteccion-ex-atex-zone-2-pantalla-tactil-de-116-windows-kopie-kopie-2\/"]}]},{"@type":"ImageObject","inLanguage":"es","@id":"https:\/\/alegerglobal.com\/es\/comunicacion\/ecom-pad-ex-pro-01-p8-dz2-tableta-con-proteccion-ex-atex-zone-2-pantalla-tactil-de-116-windows-kopie-kopie-2\/#primaryimage","url":"https:\/\/alegerglobal.com\/wp-content\/uploads\/2024\/06\/Unbenannt.jpg","contentUrl":"https:\/\/alegerglobal.com\/wp-content\/uploads\/2024\/06\/Unbenannt.jpg","width":800,"height":800},{"@type":"BreadcrumbList","@id":"https:\/\/alegerglobal.com\/es\/comunicacion\/ecom-pad-ex-pro-01-p8-dz2-tableta-con-proteccion-ex-atex-zone-2-pantalla-tactil-de-116-windows-kopie-kopie-2\/#breadcrumb","itemListElement":[{"@type":"ListItem","position":1,"name":"Home","item":"https:\/\/alegerglobal.com\/es\/nuevo-pagina-de-inicio\/"},{"@type":"ListItem","position":2,"name":"Productos","item":"https:\/\/alegerglobal.com\/es\/productos\/"},{"@type":"ListItem","position":3,"name":"EdgeOne &#8211; La potente pasarela de borde 5G para zonas peligrosas"}]},{"@type":"WebSite","@id":"https:\/\/alegerglobal.com\/es\/#website","url":"https:\/\/alegerglobal.com\/es\/","name":"ALEGER \u22c6 Augmented Reality","description":"Die besten Augmented Reality (AR) L\u00f6sungen der Welt.","publisher":{"@id":"https:\/\/alegerglobal.com\/es\/#organization"},"potentialAction":[{"@type":"SearchAction","target":{"@type":"EntryPoint","urlTemplate":"https:\/\/alegerglobal.com\/es\/?s={search_term_string}"},"query-input":{"@type":"PropertyValueSpecification","valueRequired":true,"valueName":"search_term_string"}}],"inLanguage":"es"},{"@type":"Organization","@id":"https:\/\/alegerglobal.com\/es\/#organization","name":"ALEGER \u22c6 Augmented Reality","url":"https:\/\/alegerglobal.com\/es\/","logo":{"@type":"ImageObject","inLanguage":"es","@id":"https:\/\/alegerglobal.com\/es\/#\/schema\/logo\/image\/","url":"https:\/\/alegerglobal.com\/wp-content\/uploads\/2020\/12\/aleger-logo-quadrat.jpg","contentUrl":"https:\/\/alegerglobal.com\/wp-content\/uploads\/2020\/12\/aleger-logo-quadrat.jpg","width":200,"height":176,"caption":"ALEGER \u22c6 Augmented Reality"},"image":{"@id":"https:\/\/alegerglobal.com\/es\/#\/schema\/logo\/image\/"}}]},"product_price_amount":"4249.00","product_price_currency":"EUR","og_availability":"instock","product_availability":"instock","product_condition":"new"},"_links":{"self":[{"href":"https:\/\/alegerglobal.com\/es\/wp-json\/wp\/v2\/product\/49544","targetHints":{"allow":["GET"]}}],"collection":[{"href":"https:\/\/alegerglobal.com\/es\/wp-json\/wp\/v2\/product"}],"about":[{"href":"https:\/\/alegerglobal.com\/es\/wp-json\/wp\/v2\/types\/product"}],"replies":[{"embeddable":true,"href":"https:\/\/alegerglobal.com\/es\/wp-json\/wp\/v2\/comments?post=49544"}],"version-history":[{"count":3,"href":"https:\/\/alegerglobal.com\/es\/wp-json\/wp\/v2\/product\/49544\/revisions"}],"predecessor-version":[{"id":53878,"href":"https:\/\/alegerglobal.com\/es\/wp-json\/wp\/v2\/product\/49544\/revisions\/53878"}],"wp:featuredmedia":[{"embeddable":true,"href":"https:\/\/alegerglobal.com\/es\/wp-json\/wp\/v2\/media\/39957"}],"wp:attachment":[{"href":"https:\/\/alegerglobal.com\/es\/wp-json\/wp\/v2\/media?parent=49544"}],"wp:term":[{"taxonomy":"product_brand","embeddable":true,"href":"https:\/\/alegerglobal.com\/es\/wp-json\/wp\/v2\/product_brand?post=49544"},{"taxonomy":"product_cat","embeddable":true,"href":"https:\/\/alegerglobal.com\/es\/wp-json\/wp\/v2\/product_cat?post=49544"},{"taxonomy":"product_tag","embeddable":true,"href":"https:\/\/alegerglobal.com\/es\/wp-json\/wp\/v2\/product_tag?post=49544"}],"curies":[{"name":"wp","href":"https:\/\/api.w.org\/{rel}","templated":true}]}}