{"id":49364,"date":"2025-09-15T17:21:19","date_gmt":"2025-09-14T16:21:20","guid":{"rendered":"https:\/\/alegerglobal.com\/?post_type=product&#038;p=49364"},"modified":"2026-03-25T20:04:12","modified_gmt":"2026-03-25T19:04:12","slug":"ecom-pad-ex-pro-01-p8-dz2-tableta-con-proteccion-ex-atex-zone-2-pantalla-tactil-de-116-windows","status":"publish","type":"product","link":"https:\/\/alegerglobal.com\/es\/informatica-movil\/ecom-pad-ex-pro-01-p8-dz2-tableta-con-proteccion-ex-atex-zone-2-pantalla-tactil-de-116-windows\/","title":{"rendered":"Pad-Ex\u00ae 01 P12 DZ2 &#8211; Tableta Windows para un uso seguro y productivo en Zona 2\/22 y Divisi\u00f3n 2"},"content":{"rendered":"","protected":false},"excerpt":{"rendered":"<p data-start=\"659\" data-end=\"1140\">La <strong data-start=\"682\" data-end=\"704\">Pad-Ex\u00ae 01 P12 DZ2<\/strong> de Ecom \/ Pepperl+Fuchs es una tableta profesional con Windows especialmente desarrollada para su uso en entornos peligrosos (Zona 2\/22 y Divisi\u00f3n 2). Ofrece tecnolog\u00eda punta, homologaci\u00f3n Ex y robustez para la industria, la inspecci\u00f3n de plantas, el mantenimiento y el uso en exteriores.<\/p>\n","protected":false},"featured_media":49437,"comment_status":"open","ping_status":"closed","template":"","meta":{"_acf_changed":false},"product_brand":[],"product_cat":[1340,2627,1341],"product_tag":[],"class_list":{"0":"post-49364","1":"product","2":"type-product","3":"status-publish","4":"has-post-thumbnail","6":"product_cat-atex-es","7":"product_cat-informatica-movil","8":"product_cat-shop-es","9":"pa_hersteller-ecom-es","11":"first","12":"instock","13":"taxable","14":"shipping-taxable","15":"purchasable","16":"product-type-simple"},"acf":[],"yoast_head":"<!-- This site is optimized with the Yoast SEO Premium plugin v20.10 (Yoast SEO v24.3) - https:\/\/yoast.com\/wordpress\/plugins\/seo\/ -->\n<title>Pad-Ex\u00ae 01 P12 DZ2 - Tableta Ex Windows de 11,6\u2033 para la Zona 2\/22<\/title>\n<meta name=\"description\" content=\"Tableta Windows robusta Pad-Ex\u00ae 01 P12 DZ2 con pantalla FHD de 11,6\u2033 (1000 nit), Intel Core i5, IP64\/IP65, ATEX\/IECEx Zona 2\/22 y Divisi\u00f3n 2, perfecta para aplicaciones industriales con seguridad y rendimiento.\" \/>\n<meta name=\"robots\" content=\"index, follow, max-snippet:-1, max-image-preview:large, max-video-preview:-1\" \/>\n<meta property=\"og:locale\" content=\"es_ES\" \/>\n<meta property=\"og:type\" content=\"article\" \/>\n<meta property=\"og:title\" content=\"Pad-Ex\u00ae 01 P12 DZ2 - Tableta Windows para un uso seguro y productivo en Zona 2\/22 y Divisi\u00f3n 2\" \/>\n<meta property=\"og:description\" content=\"Tableta Windows robusta Pad-Ex\u00ae 01 P12 DZ2 con pantalla FHD de 11,6\u2033 (1000 nit), Intel Core i5, IP64\/IP65, ATEX\/IECEx Zona 2\/22 y Divisi\u00f3n 2, perfecta para aplicaciones industriales con seguridad y rendimiento.\" \/>\n<meta property=\"og:url\" content=\"https:\/\/alegerglobal.com\/es\/informatica-movil\/ecom-pad-ex-pro-01-p8-dz2-tableta-con-proteccion-ex-atex-zone-2-pantalla-tactil-de-116-windows\/\" \/>\n<meta property=\"og:site_name\" content=\"ALEGER \u22c6 Augmented Reality\" \/>\n<meta property=\"article:modified_time\" content=\"2026-03-25T19:04:12+00:00\" \/>\n<meta property=\"og:image\" content=\"https:\/\/alegerglobal.com\/wp-content\/uploads\/2025\/09\/bild10.png\" \/>\n\t<meta property=\"og:image:width\" content=\"400\" \/>\n\t<meta property=\"og:image:height\" content=\"400\" \/>\n\t<meta property=\"og:image:type\" content=\"image\/png\" \/>\n<meta name=\"twitter:card\" content=\"summary_large_image\" \/>\n<meta name=\"twitter:label1\" content=\"Precio\" \/>\n\t<meta name=\"twitter:data1\" content=\"&euro;4.249,00\" \/>\n\t<meta name=\"twitter:label2\" content=\"Disponibilidad\" \/>\n\t<meta name=\"twitter:data2\" content=\"Disponible\" \/>\n<script type=\"application\/ld+json\" class=\"yoast-schema-graph\">{\"@context\":\"https:\/\/schema.org\",\"@graph\":[{\"@type\":\"WebPage\",\"@id\":\"https:\/\/alegerglobal.com\/es\/informatica-movil\/ecom-pad-ex-pro-01-p8-dz2-tableta-con-proteccion-ex-atex-zone-2-pantalla-tactil-de-116-windows\/\",\"url\":\"https:\/\/alegerglobal.com\/es\/informatica-movil\/ecom-pad-ex-pro-01-p8-dz2-tableta-con-proteccion-ex-atex-zone-2-pantalla-tactil-de-116-windows\/\",\"name\":\"Pad-Ex\u00ae 01 P12 DZ2 - Tableta Ex Windows de 11,6\u2033 para la Zona 2\/22\",\"isPartOf\":{\"@id\":\"https:\/\/alegerglobal.com\/es\/#website\"},\"primaryImageOfPage\":{\"@id\":\"https:\/\/alegerglobal.com\/es\/informatica-movil\/ecom-pad-ex-pro-01-p8-dz2-tableta-con-proteccion-ex-atex-zone-2-pantalla-tactil-de-116-windows\/#primaryimage\"},\"image\":{\"@id\":\"https:\/\/alegerglobal.com\/es\/informatica-movil\/ecom-pad-ex-pro-01-p8-dz2-tableta-con-proteccion-ex-atex-zone-2-pantalla-tactil-de-116-windows\/#primaryimage\"},\"thumbnailUrl\":\"https:\/\/alegerglobal.com\/wp-content\/uploads\/2025\/09\/bild10.png\",\"datePublished\":\"2025-09-14T16:21:20+00:00\",\"dateModified\":\"2026-03-25T19:04:12+00:00\",\"description\":\"Tableta Windows robusta Pad-Ex\u00ae 01 P12 DZ2 con pantalla FHD de 11,6\u2033 (1000 nit), Intel Core i5, IP64\/IP65, ATEX\/IECEx Zona 2\/22 y Divisi\u00f3n 2, perfecta para aplicaciones industriales con seguridad y rendimiento.\",\"breadcrumb\":{\"@id\":\"https:\/\/alegerglobal.com\/es\/informatica-movil\/ecom-pad-ex-pro-01-p8-dz2-tableta-con-proteccion-ex-atex-zone-2-pantalla-tactil-de-116-windows\/#breadcrumb\"},\"inLanguage\":\"es\",\"potentialAction\":[{\"@type\":\"ReadAction\",\"target\":[\"https:\/\/alegerglobal.com\/es\/informatica-movil\/ecom-pad-ex-pro-01-p8-dz2-tableta-con-proteccion-ex-atex-zone-2-pantalla-tactil-de-116-windows\/\"]}]},{\"@type\":\"ImageObject\",\"inLanguage\":\"es\",\"@id\":\"https:\/\/alegerglobal.com\/es\/informatica-movil\/ecom-pad-ex-pro-01-p8-dz2-tableta-con-proteccion-ex-atex-zone-2-pantalla-tactil-de-116-windows\/#primaryimage\",\"url\":\"https:\/\/alegerglobal.com\/wp-content\/uploads\/2025\/09\/bild10.png\",\"contentUrl\":\"https:\/\/alegerglobal.com\/wp-content\/uploads\/2025\/09\/bild10.png\",\"width\":400,\"height\":400},{\"@type\":\"BreadcrumbList\",\"@id\":\"https:\/\/alegerglobal.com\/es\/informatica-movil\/ecom-pad-ex-pro-01-p8-dz2-tableta-con-proteccion-ex-atex-zone-2-pantalla-tactil-de-116-windows\/#breadcrumb\",\"itemListElement\":[{\"@type\":\"ListItem\",\"position\":1,\"name\":\"Home\",\"item\":\"https:\/\/alegerglobal.com\/es\/nuevo-pagina-de-inicio\/\"},{\"@type\":\"ListItem\",\"position\":2,\"name\":\"Productos\",\"item\":\"https:\/\/alegerglobal.com\/es\/productos\/\"},{\"@type\":\"ListItem\",\"position\":3,\"name\":\"Pad-Ex\u00ae 01 P12 DZ2 &#8211; Tableta Windows para un uso seguro y productivo en Zona 2\/22 y Divisi\u00f3n 2\"}]},{\"@type\":\"WebSite\",\"@id\":\"https:\/\/alegerglobal.com\/es\/#website\",\"url\":\"https:\/\/alegerglobal.com\/es\/\",\"name\":\"ALEGER \u22c6 Augmented Reality\",\"description\":\"Die besten Augmented Reality (AR) L\u00f6sungen der Welt.\",\"publisher\":{\"@id\":\"https:\/\/alegerglobal.com\/es\/#organization\"},\"potentialAction\":[{\"@type\":\"SearchAction\",\"target\":{\"@type\":\"EntryPoint\",\"urlTemplate\":\"https:\/\/alegerglobal.com\/es\/?s={search_term_string}\"},\"query-input\":{\"@type\":\"PropertyValueSpecification\",\"valueRequired\":true,\"valueName\":\"search_term_string\"}}],\"inLanguage\":\"es\"},{\"@type\":\"Organization\",\"@id\":\"https:\/\/alegerglobal.com\/es\/#organization\",\"name\":\"ALEGER \u22c6 Augmented Reality\",\"url\":\"https:\/\/alegerglobal.com\/es\/\",\"logo\":{\"@type\":\"ImageObject\",\"inLanguage\":\"es\",\"@id\":\"https:\/\/alegerglobal.com\/es\/#\/schema\/logo\/image\/\",\"url\":\"https:\/\/alegerglobal.com\/wp-content\/uploads\/2020\/12\/aleger-logo-quadrat.jpg\",\"contentUrl\":\"https:\/\/alegerglobal.com\/wp-content\/uploads\/2020\/12\/aleger-logo-quadrat.jpg\",\"width\":200,\"height\":176,\"caption\":\"ALEGER \u22c6 Augmented Reality\"},\"image\":{\"@id\":\"https:\/\/alegerglobal.com\/es\/#\/schema\/logo\/image\/\"}}]}<\/script>\n<meta property=\"product:brand\" content=\"Ecom\" \/>\n<meta property=\"product:price:amount\" content=\"4249.00\" \/>\n<meta property=\"product:price:currency\" content=\"EUR\" \/>\n<meta property=\"og:availability\" content=\"instock\" \/>\n<meta property=\"product:availability\" content=\"instock\" \/>\n<meta property=\"product:condition\" content=\"new\" \/>\n<!-- \/ Yoast SEO Premium plugin. -->","yoast_head_json":{"title":"Pad-Ex\u00ae 01 P12 DZ2 - Tableta Ex Windows de 11,6\u2033 para la Zona 2\/22","description":"Tableta Windows robusta Pad-Ex\u00ae 01 P12 DZ2 con pantalla FHD de 11,6\u2033 (1000 nit), Intel Core i5, IP64\/IP65, ATEX\/IECEx Zona 2\/22 y Divisi\u00f3n 2, perfecta para aplicaciones industriales con seguridad y rendimiento.","robots":{"index":"index","follow":"follow","max-snippet":"max-snippet:-1","max-image-preview":"max-image-preview:large","max-video-preview":"max-video-preview:-1"},"og_locale":"es_ES","og_type":"article","og_title":"Pad-Ex\u00ae 01 P12 DZ2 - Tableta Windows para un uso seguro y productivo en Zona 2\/22 y Divisi\u00f3n 2","og_description":"Tableta Windows robusta Pad-Ex\u00ae 01 P12 DZ2 con pantalla FHD de 11,6\u2033 (1000 nit), Intel Core i5, IP64\/IP65, ATEX\/IECEx Zona 2\/22 y Divisi\u00f3n 2, perfecta para aplicaciones industriales con seguridad y rendimiento.","og_url":"https:\/\/alegerglobal.com\/es\/informatica-movil\/ecom-pad-ex-pro-01-p8-dz2-tableta-con-proteccion-ex-atex-zone-2-pantalla-tactil-de-116-windows\/","og_site_name":"ALEGER \u22c6 Augmented Reality","article_modified_time":"2026-03-25T19:04:12+00:00","og_image":[{"width":400,"height":400,"url":"https:\/\/alegerglobal.com\/wp-content\/uploads\/2025\/09\/bild10.png","type":"image\/png"}],"twitter_card":"summary_large_image","twitter_misc":{"Precio":"&euro;4.249,00","Disponibilidad":"Disponible"},"schema":{"@context":"https:\/\/schema.org","@graph":[{"@type":"WebPage","@id":"https:\/\/alegerglobal.com\/es\/informatica-movil\/ecom-pad-ex-pro-01-p8-dz2-tableta-con-proteccion-ex-atex-zone-2-pantalla-tactil-de-116-windows\/","url":"https:\/\/alegerglobal.com\/es\/informatica-movil\/ecom-pad-ex-pro-01-p8-dz2-tableta-con-proteccion-ex-atex-zone-2-pantalla-tactil-de-116-windows\/","name":"Pad-Ex\u00ae 01 P12 DZ2 - Tableta Ex Windows de 11,6\u2033 para la Zona 2\/22","isPartOf":{"@id":"https:\/\/alegerglobal.com\/es\/#website"},"primaryImageOfPage":{"@id":"https:\/\/alegerglobal.com\/es\/informatica-movil\/ecom-pad-ex-pro-01-p8-dz2-tableta-con-proteccion-ex-atex-zone-2-pantalla-tactil-de-116-windows\/#primaryimage"},"image":{"@id":"https:\/\/alegerglobal.com\/es\/informatica-movil\/ecom-pad-ex-pro-01-p8-dz2-tableta-con-proteccion-ex-atex-zone-2-pantalla-tactil-de-116-windows\/#primaryimage"},"thumbnailUrl":"https:\/\/alegerglobal.com\/wp-content\/uploads\/2025\/09\/bild10.png","datePublished":"2025-09-14T16:21:20+00:00","dateModified":"2026-03-25T19:04:12+00:00","description":"Tableta Windows robusta Pad-Ex\u00ae 01 P12 DZ2 con pantalla FHD de 11,6\u2033 (1000 nit), Intel Core i5, IP64\/IP65, ATEX\/IECEx Zona 2\/22 y Divisi\u00f3n 2, perfecta para aplicaciones industriales con seguridad y rendimiento.","breadcrumb":{"@id":"https:\/\/alegerglobal.com\/es\/informatica-movil\/ecom-pad-ex-pro-01-p8-dz2-tableta-con-proteccion-ex-atex-zone-2-pantalla-tactil-de-116-windows\/#breadcrumb"},"inLanguage":"es","potentialAction":[{"@type":"ReadAction","target":["https:\/\/alegerglobal.com\/es\/informatica-movil\/ecom-pad-ex-pro-01-p8-dz2-tableta-con-proteccion-ex-atex-zone-2-pantalla-tactil-de-116-windows\/"]}]},{"@type":"ImageObject","inLanguage":"es","@id":"https:\/\/alegerglobal.com\/es\/informatica-movil\/ecom-pad-ex-pro-01-p8-dz2-tableta-con-proteccion-ex-atex-zone-2-pantalla-tactil-de-116-windows\/#primaryimage","url":"https:\/\/alegerglobal.com\/wp-content\/uploads\/2025\/09\/bild10.png","contentUrl":"https:\/\/alegerglobal.com\/wp-content\/uploads\/2025\/09\/bild10.png","width":400,"height":400},{"@type":"BreadcrumbList","@id":"https:\/\/alegerglobal.com\/es\/informatica-movil\/ecom-pad-ex-pro-01-p8-dz2-tableta-con-proteccion-ex-atex-zone-2-pantalla-tactil-de-116-windows\/#breadcrumb","itemListElement":[{"@type":"ListItem","position":1,"name":"Home","item":"https:\/\/alegerglobal.com\/es\/nuevo-pagina-de-inicio\/"},{"@type":"ListItem","position":2,"name":"Productos","item":"https:\/\/alegerglobal.com\/es\/productos\/"},{"@type":"ListItem","position":3,"name":"Pad-Ex\u00ae 01 P12 DZ2 &#8211; Tableta Windows para un uso seguro y productivo en Zona 2\/22 y Divisi\u00f3n 2"}]},{"@type":"WebSite","@id":"https:\/\/alegerglobal.com\/es\/#website","url":"https:\/\/alegerglobal.com\/es\/","name":"ALEGER \u22c6 Augmented Reality","description":"Die besten Augmented Reality (AR) L\u00f6sungen der Welt.","publisher":{"@id":"https:\/\/alegerglobal.com\/es\/#organization"},"potentialAction":[{"@type":"SearchAction","target":{"@type":"EntryPoint","urlTemplate":"https:\/\/alegerglobal.com\/es\/?s={search_term_string}"},"query-input":{"@type":"PropertyValueSpecification","valueRequired":true,"valueName":"search_term_string"}}],"inLanguage":"es"},{"@type":"Organization","@id":"https:\/\/alegerglobal.com\/es\/#organization","name":"ALEGER \u22c6 Augmented Reality","url":"https:\/\/alegerglobal.com\/es\/","logo":{"@type":"ImageObject","inLanguage":"es","@id":"https:\/\/alegerglobal.com\/es\/#\/schema\/logo\/image\/","url":"https:\/\/alegerglobal.com\/wp-content\/uploads\/2020\/12\/aleger-logo-quadrat.jpg","contentUrl":"https:\/\/alegerglobal.com\/wp-content\/uploads\/2020\/12\/aleger-logo-quadrat.jpg","width":200,"height":176,"caption":"ALEGER \u22c6 Augmented Reality"},"image":{"@id":"https:\/\/alegerglobal.com\/es\/#\/schema\/logo\/image\/"}}]},"product_brand":"Ecom","product_price_amount":"4249.00","product_price_currency":"EUR","og_availability":"instock","product_availability":"instock","product_condition":"new"},"_links":{"self":[{"href":"https:\/\/alegerglobal.com\/es\/wp-json\/wp\/v2\/product\/49364","targetHints":{"allow":["GET"]}}],"collection":[{"href":"https:\/\/alegerglobal.com\/es\/wp-json\/wp\/v2\/product"}],"about":[{"href":"https:\/\/alegerglobal.com\/es\/wp-json\/wp\/v2\/types\/product"}],"replies":[{"embeddable":true,"href":"https:\/\/alegerglobal.com\/es\/wp-json\/wp\/v2\/comments?post=49364"}],"version-history":[{"count":3,"href":"https:\/\/alegerglobal.com\/es\/wp-json\/wp\/v2\/product\/49364\/revisions"}],"predecessor-version":[{"id":54086,"href":"https:\/\/alegerglobal.com\/es\/wp-json\/wp\/v2\/product\/49364\/revisions\/54086"}],"wp:featuredmedia":[{"embeddable":true,"href":"https:\/\/alegerglobal.com\/es\/wp-json\/wp\/v2\/media\/49437"}],"wp:attachment":[{"href":"https:\/\/alegerglobal.com\/es\/wp-json\/wp\/v2\/media?parent=49364"}],"wp:term":[{"taxonomy":"product_brand","embeddable":true,"href":"https:\/\/alegerglobal.com\/es\/wp-json\/wp\/v2\/product_brand?post=49364"},{"taxonomy":"product_cat","embeddable":true,"href":"https:\/\/alegerglobal.com\/es\/wp-json\/wp\/v2\/product_cat?post=49364"},{"taxonomy":"product_tag","embeddable":true,"href":"https:\/\/alegerglobal.com\/es\/wp-json\/wp\/v2\/product_tag?post=49364"}],"curies":[{"name":"wp","href":"https:\/\/api.w.org\/{rel}","templated":true}]}}