{"id":38648,"date":"2024-02-01T15:30:59","date_gmt":"2024-02-01T14:58:19","guid":{"rendered":"https:\/\/alegerglobal.com\/sin categor\u00eda\/portatil-robusto-panasonic-toughbook-40-con-windows-11-pro\/"},"modified":"2024-02-01T15:58:19","modified_gmt":"2024-02-01T14:58:19","slug":"panasonic-toughbook-40","status":"publish","type":"product","link":"https:\/\/alegerglobal.com\/es\/shop-es\/portatil-robusto-es\/panasonic-toughbook-40\/","title":{"rendered":"Port\u00e1til robusto Panasonic TOUGHBOOK 40 con Windows 11 Pro"},"content":{"rendered":"","protected":false},"excerpt":{"rendered":"<ul>\n<li class=\"field__item\"><strong>Port\u00e1til modular totalmente robusto<\/strong> con LCD t\u00e1ctil en color de matriz activa de 14<\/li>\n<li class=\"field__item\"><strong>Robusta carcasa de magnesio<\/strong>con asa de transporte, con certificaci\u00f3n IP66 y MIL-STD-810H<\/li>\n<li class=\"field__item\"><strong>Bater\u00eda de 6.500 mAh<\/strong> con hasta 36 horas de autonom\u00eda<\/li>\n<li class=\"field__item\"><strong>Procesador Intel Core i5\/i7 vPro<\/strong>, 16 GB de RAM DDR4 (m\u00e1x. 64 GB), 512 GB de SSD<\/li>\n<li class=\"field__item\"><strong>USB 3.2, Wi-Fi 6, Bluetooth 5.1<\/strong> y Thunderbolt 4, 4G\/5G opcional<\/li>\n<\/ul>\n","protected":false},"featured_media":38619,"comment_status":"open","ping_status":"closed","template":"","meta":{"_acf_changed":false},"product_brand":[],"product_cat":[1369,1341],"product_tag":[],"class_list":{"0":"post-38648","1":"product","2":"type-product","3":"status-publish","4":"has-post-thumbnail","6":"product_cat-portatil-robusto-es","7":"product_cat-shop-es","9":"first","10":"instock","11":"taxable","12":"shipping-taxable","13":"product-type-simple"},"acf":[],"yoast_head":"<!-- This site is optimized with the Yoast SEO Premium plugin v20.10 (Yoast SEO v24.3) - https:\/\/yoast.com\/wordpress\/plugins\/seo\/ -->\n<title>Compra el Panasonic TOUGHBOOK 40 aqu\u00ed - ALEGER \u22c6 Augmented Reality%<\/title>\n<meta name=\"description\" content=\"\u00a1Descubre aqu\u00ed el port\u00e1til TOUGHBOOK 40! M\u00e1xima flexibilidad y alto rendimiento. Un hardware y un software potentes.\" \/>\n<meta name=\"robots\" content=\"index, follow, max-snippet:-1, max-image-preview:large, max-video-preview:-1\" \/>\n<meta property=\"og:locale\" content=\"es_ES\" \/>\n<meta property=\"og:type\" content=\"article\" \/>\n<meta property=\"og:title\" content=\"Port\u00e1til robusto Panasonic TOUGHBOOK 40 con Windows 11 Pro\" \/>\n<meta property=\"og:description\" content=\"\u00a1Descubre aqu\u00ed el port\u00e1til TOUGHBOOK 40! M\u00e1xima flexibilidad y alto rendimiento. Un hardware y un software potentes.\" \/>\n<meta property=\"og:url\" content=\"https:\/\/alegerglobal.com\/es\/shop-es\/portatil-robusto-es\/panasonic-toughbook-40\/\" \/>\n<meta property=\"og:site_name\" content=\"ALEGER \u22c6 Augmented Reality\" \/>\n<meta property=\"og:image\" content=\"https:\/\/alegerglobal.com\/wp-content\/uploads\/2024\/02\/Unbenannt.jpg\" \/>\n\t<meta property=\"og:image:width\" content=\"800\" \/>\n\t<meta property=\"og:image:height\" content=\"800\" \/>\n\t<meta property=\"og:image:type\" content=\"image\/jpeg\" \/>\n<meta name=\"twitter:card\" content=\"summary_large_image\" \/>\n<meta name=\"twitter:label1\" content=\"Precio\" \/>\n\t<meta name=\"twitter:data1\" content=\"\" \/>\n\t<meta name=\"twitter:label2\" content=\"Disponibilidad\" \/>\n\t<meta name=\"twitter:data2\" content=\"Disponible\" \/>\n<script type=\"application\/ld+json\" class=\"yoast-schema-graph\">{\"@context\":\"https:\/\/schema.org\",\"@graph\":[{\"@type\":\"WebPage\",\"@id\":\"https:\/\/alegerglobal.com\/es\/shop-es\/portatil-robusto-es\/panasonic-toughbook-40\/\",\"url\":\"https:\/\/alegerglobal.com\/es\/shop-es\/portatil-robusto-es\/panasonic-toughbook-40\/\",\"name\":\"Compra el Panasonic TOUGHBOOK 40 aqu\u00ed - ALEGER \u22c6 Augmented Reality%\",\"isPartOf\":{\"@id\":\"https:\/\/alegerglobal.com\/es\/#website\"},\"primaryImageOfPage\":{\"@id\":\"https:\/\/alegerglobal.com\/es\/shop-es\/portatil-robusto-es\/panasonic-toughbook-40\/#primaryimage\"},\"image\":{\"@id\":\"https:\/\/alegerglobal.com\/es\/shop-es\/portatil-robusto-es\/panasonic-toughbook-40\/#primaryimage\"},\"thumbnailUrl\":\"https:\/\/alegerglobal.com\/wp-content\/uploads\/2024\/02\/Unbenannt.jpg\",\"datePublished\":\"2024-02-01T14:58:19+00:00\",\"dateModified\":\"2024-02-01T14:58:19+00:00\",\"description\":\"\u00a1Descubre aqu\u00ed el port\u00e1til TOUGHBOOK 40! M\u00e1xima flexibilidad y alto rendimiento. Un hardware y un software potentes.\",\"breadcrumb\":{\"@id\":\"https:\/\/alegerglobal.com\/es\/shop-es\/portatil-robusto-es\/panasonic-toughbook-40\/#breadcrumb\"},\"inLanguage\":\"es\",\"potentialAction\":[{\"@type\":\"ReadAction\",\"target\":[\"https:\/\/alegerglobal.com\/es\/shop-es\/portatil-robusto-es\/panasonic-toughbook-40\/\"]}]},{\"@type\":\"ImageObject\",\"inLanguage\":\"es\",\"@id\":\"https:\/\/alegerglobal.com\/es\/shop-es\/portatil-robusto-es\/panasonic-toughbook-40\/#primaryimage\",\"url\":\"https:\/\/alegerglobal.com\/wp-content\/uploads\/2024\/02\/Unbenannt.jpg\",\"contentUrl\":\"https:\/\/alegerglobal.com\/wp-content\/uploads\/2024\/02\/Unbenannt.jpg\",\"width\":800,\"height\":800},{\"@type\":\"BreadcrumbList\",\"@id\":\"https:\/\/alegerglobal.com\/es\/shop-es\/portatil-robusto-es\/panasonic-toughbook-40\/#breadcrumb\",\"itemListElement\":[{\"@type\":\"ListItem\",\"position\":1,\"name\":\"Home\",\"item\":\"https:\/\/alegerglobal.com\/es\/nuevo-pagina-de-inicio\/\"},{\"@type\":\"ListItem\",\"position\":2,\"name\":\"Productos\",\"item\":\"https:\/\/alegerglobal.com\/es\/productos\/\"},{\"@type\":\"ListItem\",\"position\":3,\"name\":\"Port\u00e1til robusto Panasonic TOUGHBOOK 40 con Windows 11 Pro\"}]},{\"@type\":\"WebSite\",\"@id\":\"https:\/\/alegerglobal.com\/es\/#website\",\"url\":\"https:\/\/alegerglobal.com\/es\/\",\"name\":\"ALEGER \u22c6 Augmented Reality\",\"description\":\"Die besten Augmented Reality (AR) L\u00f6sungen der Welt.\",\"publisher\":{\"@id\":\"https:\/\/alegerglobal.com\/es\/#organization\"},\"potentialAction\":[{\"@type\":\"SearchAction\",\"target\":{\"@type\":\"EntryPoint\",\"urlTemplate\":\"https:\/\/alegerglobal.com\/es\/?s={search_term_string}\"},\"query-input\":{\"@type\":\"PropertyValueSpecification\",\"valueRequired\":true,\"valueName\":\"search_term_string\"}}],\"inLanguage\":\"es\"},{\"@type\":\"Organization\",\"@id\":\"https:\/\/alegerglobal.com\/es\/#organization\",\"name\":\"ALEGER \u22c6 Augmented Reality\",\"url\":\"https:\/\/alegerglobal.com\/es\/\",\"logo\":{\"@type\":\"ImageObject\",\"inLanguage\":\"es\",\"@id\":\"https:\/\/alegerglobal.com\/es\/#\/schema\/logo\/image\/\",\"url\":\"https:\/\/alegerglobal.com\/wp-content\/uploads\/2020\/12\/aleger-logo-quadrat.jpg\",\"contentUrl\":\"https:\/\/alegerglobal.com\/wp-content\/uploads\/2020\/12\/aleger-logo-quadrat.jpg\",\"width\":200,\"height\":176,\"caption\":\"ALEGER \u22c6 Augmented Reality\"},\"image\":{\"@id\":\"https:\/\/alegerglobal.com\/es\/#\/schema\/logo\/image\/\"}}]}<\/script>\n<meta property=\"product:price:amount\" content=\"0.00\" \/>\n<meta property=\"product:price:currency\" content=\"EUR\" \/>\n<meta property=\"og:availability\" content=\"instock\" \/>\n<meta property=\"product:availability\" content=\"instock\" \/>\n<meta property=\"product:condition\" content=\"new\" \/>\n<!-- \/ Yoast SEO Premium plugin. -->","yoast_head_json":{"title":"Compra el Panasonic TOUGHBOOK 40 aqu\u00ed - ALEGER \u22c6 Augmented Reality%","description":"\u00a1Descubre aqu\u00ed el port\u00e1til TOUGHBOOK 40! M\u00e1xima flexibilidad y alto rendimiento. Un hardware y un software potentes.","robots":{"index":"index","follow":"follow","max-snippet":"max-snippet:-1","max-image-preview":"max-image-preview:large","max-video-preview":"max-video-preview:-1"},"og_locale":"es_ES","og_type":"article","og_title":"Port\u00e1til robusto Panasonic TOUGHBOOK 40 con Windows 11 Pro","og_description":"\u00a1Descubre aqu\u00ed el port\u00e1til TOUGHBOOK 40! M\u00e1xima flexibilidad y alto rendimiento. Un hardware y un software potentes.","og_url":"https:\/\/alegerglobal.com\/es\/shop-es\/portatil-robusto-es\/panasonic-toughbook-40\/","og_site_name":"ALEGER \u22c6 Augmented Reality","og_image":[{"width":800,"height":800,"url":"https:\/\/alegerglobal.com\/wp-content\/uploads\/2024\/02\/Unbenannt.jpg","type":"image\/jpeg"}],"twitter_card":"summary_large_image","twitter_misc":{"Precio":"","Disponibilidad":"Disponible"},"schema":{"@context":"https:\/\/schema.org","@graph":[{"@type":"WebPage","@id":"https:\/\/alegerglobal.com\/es\/shop-es\/portatil-robusto-es\/panasonic-toughbook-40\/","url":"https:\/\/alegerglobal.com\/es\/shop-es\/portatil-robusto-es\/panasonic-toughbook-40\/","name":"Compra el Panasonic TOUGHBOOK 40 aqu\u00ed - ALEGER \u22c6 Augmented Reality%","isPartOf":{"@id":"https:\/\/alegerglobal.com\/es\/#website"},"primaryImageOfPage":{"@id":"https:\/\/alegerglobal.com\/es\/shop-es\/portatil-robusto-es\/panasonic-toughbook-40\/#primaryimage"},"image":{"@id":"https:\/\/alegerglobal.com\/es\/shop-es\/portatil-robusto-es\/panasonic-toughbook-40\/#primaryimage"},"thumbnailUrl":"https:\/\/alegerglobal.com\/wp-content\/uploads\/2024\/02\/Unbenannt.jpg","datePublished":"2024-02-01T14:58:19+00:00","dateModified":"2024-02-01T14:58:19+00:00","description":"\u00a1Descubre aqu\u00ed el port\u00e1til TOUGHBOOK 40! M\u00e1xima flexibilidad y alto rendimiento. Un hardware y un software potentes.","breadcrumb":{"@id":"https:\/\/alegerglobal.com\/es\/shop-es\/portatil-robusto-es\/panasonic-toughbook-40\/#breadcrumb"},"inLanguage":"es","potentialAction":[{"@type":"ReadAction","target":["https:\/\/alegerglobal.com\/es\/shop-es\/portatil-robusto-es\/panasonic-toughbook-40\/"]}]},{"@type":"ImageObject","inLanguage":"es","@id":"https:\/\/alegerglobal.com\/es\/shop-es\/portatil-robusto-es\/panasonic-toughbook-40\/#primaryimage","url":"https:\/\/alegerglobal.com\/wp-content\/uploads\/2024\/02\/Unbenannt.jpg","contentUrl":"https:\/\/alegerglobal.com\/wp-content\/uploads\/2024\/02\/Unbenannt.jpg","width":800,"height":800},{"@type":"BreadcrumbList","@id":"https:\/\/alegerglobal.com\/es\/shop-es\/portatil-robusto-es\/panasonic-toughbook-40\/#breadcrumb","itemListElement":[{"@type":"ListItem","position":1,"name":"Home","item":"https:\/\/alegerglobal.com\/es\/nuevo-pagina-de-inicio\/"},{"@type":"ListItem","position":2,"name":"Productos","item":"https:\/\/alegerglobal.com\/es\/productos\/"},{"@type":"ListItem","position":3,"name":"Port\u00e1til robusto Panasonic TOUGHBOOK 40 con Windows 11 Pro"}]},{"@type":"WebSite","@id":"https:\/\/alegerglobal.com\/es\/#website","url":"https:\/\/alegerglobal.com\/es\/","name":"ALEGER \u22c6 Augmented Reality","description":"Die besten Augmented Reality (AR) L\u00f6sungen der Welt.","publisher":{"@id":"https:\/\/alegerglobal.com\/es\/#organization"},"potentialAction":[{"@type":"SearchAction","target":{"@type":"EntryPoint","urlTemplate":"https:\/\/alegerglobal.com\/es\/?s={search_term_string}"},"query-input":{"@type":"PropertyValueSpecification","valueRequired":true,"valueName":"search_term_string"}}],"inLanguage":"es"},{"@type":"Organization","@id":"https:\/\/alegerglobal.com\/es\/#organization","name":"ALEGER \u22c6 Augmented Reality","url":"https:\/\/alegerglobal.com\/es\/","logo":{"@type":"ImageObject","inLanguage":"es","@id":"https:\/\/alegerglobal.com\/es\/#\/schema\/logo\/image\/","url":"https:\/\/alegerglobal.com\/wp-content\/uploads\/2020\/12\/aleger-logo-quadrat.jpg","contentUrl":"https:\/\/alegerglobal.com\/wp-content\/uploads\/2020\/12\/aleger-logo-quadrat.jpg","width":200,"height":176,"caption":"ALEGER \u22c6 Augmented Reality"},"image":{"@id":"https:\/\/alegerglobal.com\/es\/#\/schema\/logo\/image\/"}}]},"product_price_amount":"0.00","product_price_currency":"EUR","og_availability":"instock","product_availability":"instock","product_condition":"new"},"_links":{"self":[{"href":"https:\/\/alegerglobal.com\/es\/wp-json\/wp\/v2\/product\/38648","targetHints":{"allow":["GET"]}}],"collection":[{"href":"https:\/\/alegerglobal.com\/es\/wp-json\/wp\/v2\/product"}],"about":[{"href":"https:\/\/alegerglobal.com\/es\/wp-json\/wp\/v2\/types\/product"}],"replies":[{"embeddable":true,"href":"https:\/\/alegerglobal.com\/es\/wp-json\/wp\/v2\/comments?post=38648"}],"version-history":[{"count":0,"href":"https:\/\/alegerglobal.com\/es\/wp-json\/wp\/v2\/product\/38648\/revisions"}],"wp:featuredmedia":[{"embeddable":true,"href":"https:\/\/alegerglobal.com\/es\/wp-json\/wp\/v2\/media\/38619"}],"wp:attachment":[{"href":"https:\/\/alegerglobal.com\/es\/wp-json\/wp\/v2\/media?parent=38648"}],"wp:term":[{"taxonomy":"product_brand","embeddable":true,"href":"https:\/\/alegerglobal.com\/es\/wp-json\/wp\/v2\/product_brand?post=38648"},{"taxonomy":"product_cat","embeddable":true,"href":"https:\/\/alegerglobal.com\/es\/wp-json\/wp\/v2\/product_cat?post=38648"},{"taxonomy":"product_tag","embeddable":true,"href":"https:\/\/alegerglobal.com\/es\/wp-json\/wp\/v2\/product_tag?post=38648"}],"curies":[{"name":"wp","href":"https:\/\/api.w.org\/{rel}","templated":true}]}}