{"id":38605,"date":"2023-12-24T03:39:55","date_gmt":"2024-02-01T03:39:28","guid":{"rendered":"https:\/\/alegerglobal.com\/sin categor\u00eda\/camara-atex-su-socio-de-confianza-en-zonas-peligrosas\/"},"modified":"2024-02-01T04:39:28","modified_gmt":"2024-02-01T03:39:28","slug":"armadex-ex-m-ozc-2","status":"publish","type":"product","link":"https:\/\/alegerglobal.com\/es\/shop-es\/armadex-ex-m-ozc-2\/","title":{"rendered":"C\u00e1mara ATEX: su socio de confianza en zonas peligrosas"},"content":{"rendered":"","protected":false},"excerpt":{"rendered":"<ul>\n<li>Apto para ATEX Zona 2<\/li>\n<li>Carcasa de c\u00e1mara robusta y ligera<\/li>\n<li>Objetivo zoom \u00f3ptico gran angular 5x<\/li>\n<li>Carcasa a prueba de salpicaduras (IP66)<\/li>\n<\/ul>\n","protected":false},"featured_media":38500,"comment_status":"open","ping_status":"closed","template":"","meta":{"_acf_changed":false},"product_brand":[],"product_cat":[1340,1341],"product_tag":[],"class_list":{"0":"post-38605","1":"product","2":"type-product","3":"status-publish","4":"has-post-thumbnail","6":"product_cat-atex-es","7":"product_cat-shop-es","9":"first","10":"instock","11":"taxable","12":"shipping-taxable","13":"product-type-simple"},"acf":[],"yoast_head":"<!-- This site is optimized with the Yoast SEO Premium plugin v20.10 (Yoast SEO v24.3) - https:\/\/yoast.com\/wordpress\/plugins\/seo\/ -->\n<title>Comprar ARMADEX Ex-M OZC 2 - ALEGER \u22c6 Augmented Reality<\/title>\n<meta name=\"description\" content=\"La c\u00e1mara industrial Atex antideflagrante para los m\u00e1s altos niveles de seguridad en cualquier entorno industrial\" \/>\n<meta name=\"robots\" content=\"index, follow, max-snippet:-1, max-image-preview:large, max-video-preview:-1\" \/>\n<meta property=\"og:locale\" content=\"es_ES\" \/>\n<meta property=\"og:type\" content=\"article\" \/>\n<meta property=\"og:title\" content=\"C\u00e1mara ATEX: su socio de confianza en zonas peligrosas\" \/>\n<meta property=\"og:description\" content=\"La c\u00e1mara industrial Atex antideflagrante para los m\u00e1s altos niveles de seguridad en cualquier entorno industrial\" \/>\n<meta property=\"og:url\" content=\"https:\/\/alegerglobal.com\/es\/shop-es\/armadex-ex-m-ozc-2\/\" \/>\n<meta property=\"og:site_name\" content=\"ALEGER \u22c6 Augmented Reality\" \/>\n<meta property=\"og:image\" content=\"https:\/\/alegerglobal.com\/wp-content\/uploads\/2023\/12\/ozc-2-orange-and-black-yellow.png\" \/>\n\t<meta property=\"og:image:width\" content=\"800\" \/>\n\t<meta property=\"og:image:height\" content=\"800\" \/>\n\t<meta property=\"og:image:type\" content=\"image\/png\" \/>\n<meta name=\"twitter:card\" content=\"summary_large_image\" \/>\n<meta name=\"twitter:label1\" content=\"Precio\" \/>\n\t<meta name=\"twitter:data1\" content=\"\" \/>\n\t<meta name=\"twitter:label2\" content=\"Disponibilidad\" \/>\n\t<meta name=\"twitter:data2\" content=\"Disponible\" \/>\n<script type=\"application\/ld+json\" class=\"yoast-schema-graph\">{\"@context\":\"https:\/\/schema.org\",\"@graph\":[{\"@type\":\"WebPage\",\"@id\":\"https:\/\/alegerglobal.com\/es\/shop-es\/armadex-ex-m-ozc-2\/\",\"url\":\"https:\/\/alegerglobal.com\/es\/shop-es\/armadex-ex-m-ozc-2\/\",\"name\":\"Comprar ARMADEX Ex-M OZC 2 - ALEGER \u22c6 Augmented Reality\",\"isPartOf\":{\"@id\":\"https:\/\/alegerglobal.com\/es\/#website\"},\"primaryImageOfPage\":{\"@id\":\"https:\/\/alegerglobal.com\/es\/shop-es\/armadex-ex-m-ozc-2\/#primaryimage\"},\"image\":{\"@id\":\"https:\/\/alegerglobal.com\/es\/shop-es\/armadex-ex-m-ozc-2\/#primaryimage\"},\"thumbnailUrl\":\"https:\/\/alegerglobal.com\/wp-content\/uploads\/2023\/12\/ozc-2-orange-and-black-yellow.png\",\"datePublished\":\"2024-02-01T03:39:28+00:00\",\"dateModified\":\"2024-02-01T03:39:28+00:00\",\"description\":\"La c\u00e1mara industrial Atex antideflagrante para los m\u00e1s altos niveles de seguridad en cualquier entorno industrial\",\"breadcrumb\":{\"@id\":\"https:\/\/alegerglobal.com\/es\/shop-es\/armadex-ex-m-ozc-2\/#breadcrumb\"},\"inLanguage\":\"es\",\"potentialAction\":[{\"@type\":\"ReadAction\",\"target\":[\"https:\/\/alegerglobal.com\/es\/shop-es\/armadex-ex-m-ozc-2\/\"]}]},{\"@type\":\"ImageObject\",\"inLanguage\":\"es\",\"@id\":\"https:\/\/alegerglobal.com\/es\/shop-es\/armadex-ex-m-ozc-2\/#primaryimage\",\"url\":\"https:\/\/alegerglobal.com\/wp-content\/uploads\/2023\/12\/ozc-2-orange-and-black-yellow.png\",\"contentUrl\":\"https:\/\/alegerglobal.com\/wp-content\/uploads\/2023\/12\/ozc-2-orange-and-black-yellow.png\",\"width\":800,\"height\":800},{\"@type\":\"BreadcrumbList\",\"@id\":\"https:\/\/alegerglobal.com\/es\/shop-es\/armadex-ex-m-ozc-2\/#breadcrumb\",\"itemListElement\":[{\"@type\":\"ListItem\",\"position\":1,\"name\":\"Home\",\"item\":\"https:\/\/alegerglobal.com\/es\/nuevo-pagina-de-inicio\/\"},{\"@type\":\"ListItem\",\"position\":2,\"name\":\"Productos\",\"item\":\"https:\/\/alegerglobal.com\/es\/productos\/\"},{\"@type\":\"ListItem\",\"position\":3,\"name\":\"C\u00e1mara ATEX: su socio de confianza en zonas peligrosas\"}]},{\"@type\":\"WebSite\",\"@id\":\"https:\/\/alegerglobal.com\/es\/#website\",\"url\":\"https:\/\/alegerglobal.com\/es\/\",\"name\":\"ALEGER \u22c6 Augmented Reality\",\"description\":\"Die besten Augmented Reality (AR) L\u00f6sungen der Welt.\",\"publisher\":{\"@id\":\"https:\/\/alegerglobal.com\/es\/#organization\"},\"potentialAction\":[{\"@type\":\"SearchAction\",\"target\":{\"@type\":\"EntryPoint\",\"urlTemplate\":\"https:\/\/alegerglobal.com\/es\/?s={search_term_string}\"},\"query-input\":{\"@type\":\"PropertyValueSpecification\",\"valueRequired\":true,\"valueName\":\"search_term_string\"}}],\"inLanguage\":\"es\"},{\"@type\":\"Organization\",\"@id\":\"https:\/\/alegerglobal.com\/es\/#organization\",\"name\":\"ALEGER \u22c6 Augmented Reality\",\"url\":\"https:\/\/alegerglobal.com\/es\/\",\"logo\":{\"@type\":\"ImageObject\",\"inLanguage\":\"es\",\"@id\":\"https:\/\/alegerglobal.com\/es\/#\/schema\/logo\/image\/\",\"url\":\"https:\/\/alegerglobal.com\/wp-content\/uploads\/2020\/12\/aleger-logo-quadrat.jpg\",\"contentUrl\":\"https:\/\/alegerglobal.com\/wp-content\/uploads\/2020\/12\/aleger-logo-quadrat.jpg\",\"width\":200,\"height\":176,\"caption\":\"ALEGER \u22c6 Augmented Reality\"},\"image\":{\"@id\":\"https:\/\/alegerglobal.com\/es\/#\/schema\/logo\/image\/\"}}]}<\/script>\n<meta property=\"product:price:amount\" content=\"0.00\" \/>\n<meta property=\"product:price:currency\" content=\"EUR\" \/>\n<meta property=\"og:availability\" content=\"instock\" \/>\n<meta property=\"product:availability\" content=\"instock\" \/>\n<meta property=\"product:condition\" content=\"new\" \/>\n<!-- \/ Yoast SEO Premium plugin. -->","yoast_head_json":{"title":"Comprar ARMADEX Ex-M OZC 2 - ALEGER \u22c6 Augmented Reality","description":"La c\u00e1mara industrial Atex antideflagrante para los m\u00e1s altos niveles de seguridad en cualquier entorno industrial","robots":{"index":"index","follow":"follow","max-snippet":"max-snippet:-1","max-image-preview":"max-image-preview:large","max-video-preview":"max-video-preview:-1"},"og_locale":"es_ES","og_type":"article","og_title":"C\u00e1mara ATEX: su socio de confianza en zonas peligrosas","og_description":"La c\u00e1mara industrial Atex antideflagrante para los m\u00e1s altos niveles de seguridad en cualquier entorno industrial","og_url":"https:\/\/alegerglobal.com\/es\/shop-es\/armadex-ex-m-ozc-2\/","og_site_name":"ALEGER \u22c6 Augmented Reality","og_image":[{"width":800,"height":800,"url":"https:\/\/alegerglobal.com\/wp-content\/uploads\/2023\/12\/ozc-2-orange-and-black-yellow.png","type":"image\/png"}],"twitter_card":"summary_large_image","twitter_misc":{"Precio":"","Disponibilidad":"Disponible"},"schema":{"@context":"https:\/\/schema.org","@graph":[{"@type":"WebPage","@id":"https:\/\/alegerglobal.com\/es\/shop-es\/armadex-ex-m-ozc-2\/","url":"https:\/\/alegerglobal.com\/es\/shop-es\/armadex-ex-m-ozc-2\/","name":"Comprar ARMADEX Ex-M OZC 2 - ALEGER \u22c6 Augmented Reality","isPartOf":{"@id":"https:\/\/alegerglobal.com\/es\/#website"},"primaryImageOfPage":{"@id":"https:\/\/alegerglobal.com\/es\/shop-es\/armadex-ex-m-ozc-2\/#primaryimage"},"image":{"@id":"https:\/\/alegerglobal.com\/es\/shop-es\/armadex-ex-m-ozc-2\/#primaryimage"},"thumbnailUrl":"https:\/\/alegerglobal.com\/wp-content\/uploads\/2023\/12\/ozc-2-orange-and-black-yellow.png","datePublished":"2024-02-01T03:39:28+00:00","dateModified":"2024-02-01T03:39:28+00:00","description":"La c\u00e1mara industrial Atex antideflagrante para los m\u00e1s altos niveles de seguridad en cualquier entorno industrial","breadcrumb":{"@id":"https:\/\/alegerglobal.com\/es\/shop-es\/armadex-ex-m-ozc-2\/#breadcrumb"},"inLanguage":"es","potentialAction":[{"@type":"ReadAction","target":["https:\/\/alegerglobal.com\/es\/shop-es\/armadex-ex-m-ozc-2\/"]}]},{"@type":"ImageObject","inLanguage":"es","@id":"https:\/\/alegerglobal.com\/es\/shop-es\/armadex-ex-m-ozc-2\/#primaryimage","url":"https:\/\/alegerglobal.com\/wp-content\/uploads\/2023\/12\/ozc-2-orange-and-black-yellow.png","contentUrl":"https:\/\/alegerglobal.com\/wp-content\/uploads\/2023\/12\/ozc-2-orange-and-black-yellow.png","width":800,"height":800},{"@type":"BreadcrumbList","@id":"https:\/\/alegerglobal.com\/es\/shop-es\/armadex-ex-m-ozc-2\/#breadcrumb","itemListElement":[{"@type":"ListItem","position":1,"name":"Home","item":"https:\/\/alegerglobal.com\/es\/nuevo-pagina-de-inicio\/"},{"@type":"ListItem","position":2,"name":"Productos","item":"https:\/\/alegerglobal.com\/es\/productos\/"},{"@type":"ListItem","position":3,"name":"C\u00e1mara ATEX: su socio de confianza en zonas peligrosas"}]},{"@type":"WebSite","@id":"https:\/\/alegerglobal.com\/es\/#website","url":"https:\/\/alegerglobal.com\/es\/","name":"ALEGER \u22c6 Augmented Reality","description":"Die besten Augmented Reality (AR) L\u00f6sungen der Welt.","publisher":{"@id":"https:\/\/alegerglobal.com\/es\/#organization"},"potentialAction":[{"@type":"SearchAction","target":{"@type":"EntryPoint","urlTemplate":"https:\/\/alegerglobal.com\/es\/?s={search_term_string}"},"query-input":{"@type":"PropertyValueSpecification","valueRequired":true,"valueName":"search_term_string"}}],"inLanguage":"es"},{"@type":"Organization","@id":"https:\/\/alegerglobal.com\/es\/#organization","name":"ALEGER \u22c6 Augmented Reality","url":"https:\/\/alegerglobal.com\/es\/","logo":{"@type":"ImageObject","inLanguage":"es","@id":"https:\/\/alegerglobal.com\/es\/#\/schema\/logo\/image\/","url":"https:\/\/alegerglobal.com\/wp-content\/uploads\/2020\/12\/aleger-logo-quadrat.jpg","contentUrl":"https:\/\/alegerglobal.com\/wp-content\/uploads\/2020\/12\/aleger-logo-quadrat.jpg","width":200,"height":176,"caption":"ALEGER \u22c6 Augmented Reality"},"image":{"@id":"https:\/\/alegerglobal.com\/es\/#\/schema\/logo\/image\/"}}]},"product_price_amount":"0.00","product_price_currency":"EUR","og_availability":"instock","product_availability":"instock","product_condition":"new"},"_links":{"self":[{"href":"https:\/\/alegerglobal.com\/es\/wp-json\/wp\/v2\/product\/38605","targetHints":{"allow":["GET"]}}],"collection":[{"href":"https:\/\/alegerglobal.com\/es\/wp-json\/wp\/v2\/product"}],"about":[{"href":"https:\/\/alegerglobal.com\/es\/wp-json\/wp\/v2\/types\/product"}],"replies":[{"embeddable":true,"href":"https:\/\/alegerglobal.com\/es\/wp-json\/wp\/v2\/comments?post=38605"}],"version-history":[{"count":0,"href":"https:\/\/alegerglobal.com\/es\/wp-json\/wp\/v2\/product\/38605\/revisions"}],"wp:featuredmedia":[{"embeddable":true,"href":"https:\/\/alegerglobal.com\/es\/wp-json\/wp\/v2\/media\/38500"}],"wp:attachment":[{"href":"https:\/\/alegerglobal.com\/es\/wp-json\/wp\/v2\/media?parent=38605"}],"wp:term":[{"taxonomy":"product_brand","embeddable":true,"href":"https:\/\/alegerglobal.com\/es\/wp-json\/wp\/v2\/product_brand?post=38605"},{"taxonomy":"product_cat","embeddable":true,"href":"https:\/\/alegerglobal.com\/es\/wp-json\/wp\/v2\/product_cat?post=38605"},{"taxonomy":"product_tag","embeddable":true,"href":"https:\/\/alegerglobal.com\/es\/wp-json\/wp\/v2\/product_tag?post=38605"}],"curies":[{"name":"wp","href":"https:\/\/api.w.org\/{rel}","templated":true}]}}