{"id":38455,"date":"2023-12-23T03:56:24","date_gmt":"2023-12-23T03:50:58","guid":{"rendered":"https:\/\/alegerglobal.com\/sin categor\u00eda\/realwear-navigator-520-gafas-de-datos-realwear-de-alta-calidad-para-profesionales\/"},"modified":"2023-12-23T04:50:58","modified_gmt":"2023-12-23T03:50:58","slug":"realwear-navigator-520","status":"publish","type":"product","link":"https:\/\/alegerglobal.com\/es\/shop-es\/gafas-inteligentes\/realwear-navigator-520\/","title":{"rendered":"RealWear Navigator 520 &#8211; Gafas de datos Realwear de alta calidad para profesionales"},"content":{"rendered":"","protected":false},"excerpt":{"rendered":"<ul>\n<li class=\"item\"><strong>HyperDisplay<\/strong> con gran \u00e1rea de visualizaci\u00f3n, mayor resoluci\u00f3n y mejor reproducci\u00f3n del color<\/li>\n<li class=\"item\"><i class=\"icon-checkbox-checked\"><\/i><strong>Eficaz control por voz<\/strong> en 16 idiomas<\/li>\n<li class=\"item\"><i class=\"icon-checkbox-checked\"><\/i><strong>Flexibilidad<\/strong> gracias a m\u00f3dulos integrables como la c\u00e1mara t\u00e9rmica<\/li>\n<li class=\"item\"><i class=\"icon-checkbox-checked\"><\/i><strong>Robustas gafas de datos industriales<\/strong> con bater\u00eda potente y reemplazable<\/li>\n<li class=\"item\"><i class=\"icon-checkbox-checked\"><\/i><strong>Plataforma ideal<\/strong> para aplicaciones de realidad asistida<\/li>\n<\/ul>\n","protected":false},"featured_media":38418,"comment_status":"open","ping_status":"closed","template":"","meta":{"_acf_changed":false},"product_brand":[],"product_cat":[1381,1341],"product_tag":[],"class_list":{"0":"post-38455","1":"product","2":"type-product","3":"status-publish","4":"has-post-thumbnail","6":"product_cat-gafas-inteligentes","7":"product_cat-shop-es","8":"pa_hersteller-realwear-es","10":"first","11":"instock","12":"taxable","13":"shipping-taxable","14":"product-type-simple"},"acf":[],"yoast_head":"<!-- This site is optimized with the Yoast SEO Premium plugin v20.10 (Yoast SEO v24.3) - https:\/\/yoast.com\/wordpress\/plugins\/seo\/ -->\n<title>Comprar RealWear Navigator 520- ALEGER \u22c6 Augmented Reality<\/title>\n<meta name=\"description\" content=\"RealWear Navigator 520: gafas de datos de alto rendimiento para profesionales de la industria. Robusto, inteligente, eficiente. Ideal para entornos exigentes\" \/>\n<meta name=\"robots\" content=\"index, follow, max-snippet:-1, max-image-preview:large, max-video-preview:-1\" \/>\n<meta property=\"og:locale\" content=\"es_ES\" \/>\n<meta property=\"og:type\" content=\"article\" \/>\n<meta property=\"og:title\" content=\"RealWear Navigator 520 - Gafas de datos Realwear de alta calidad para profesionales\" \/>\n<meta property=\"og:description\" content=\"RealWear Navigator 520: gafas de datos de alto rendimiento para profesionales de la industria. Robusto, inteligente, eficiente. Ideal para entornos exigentes\" \/>\n<meta property=\"og:url\" content=\"https:\/\/alegerglobal.com\/es\/shop-es\/gafas-inteligentes\/realwear-navigator-520\/\" \/>\n<meta property=\"og:site_name\" content=\"ALEGER \u22c6 Augmented Reality\" \/>\n<meta property=\"og:image\" content=\"https:\/\/alegerglobal.com\/wp-content\/uploads\/2023\/12\/Unbenannt.jpg\" \/>\n\t<meta property=\"og:image:width\" content=\"800\" \/>\n\t<meta property=\"og:image:height\" content=\"800\" \/>\n\t<meta property=\"og:image:type\" content=\"image\/jpeg\" \/>\n<meta name=\"twitter:card\" content=\"summary_large_image\" \/>\n<meta name=\"twitter:label1\" content=\"Precio\" \/>\n\t<meta name=\"twitter:data1\" content=\"\" \/>\n\t<meta name=\"twitter:label2\" content=\"Disponibilidad\" \/>\n\t<meta name=\"twitter:data2\" content=\"Disponible\" \/>\n<script type=\"application\/ld+json\" class=\"yoast-schema-graph\">{\"@context\":\"https:\/\/schema.org\",\"@graph\":[{\"@type\":\"WebPage\",\"@id\":\"https:\/\/alegerglobal.com\/es\/shop-es\/gafas-inteligentes\/realwear-navigator-520\/\",\"url\":\"https:\/\/alegerglobal.com\/es\/shop-es\/gafas-inteligentes\/realwear-navigator-520\/\",\"name\":\"Comprar RealWear Navigator 520- ALEGER \u22c6 Augmented Reality\",\"isPartOf\":{\"@id\":\"https:\/\/alegerglobal.com\/es\/#website\"},\"primaryImageOfPage\":{\"@id\":\"https:\/\/alegerglobal.com\/es\/shop-es\/gafas-inteligentes\/realwear-navigator-520\/#primaryimage\"},\"image\":{\"@id\":\"https:\/\/alegerglobal.com\/es\/shop-es\/gafas-inteligentes\/realwear-navigator-520\/#primaryimage\"},\"thumbnailUrl\":\"https:\/\/alegerglobal.com\/wp-content\/uploads\/2023\/12\/Unbenannt.jpg\",\"datePublished\":\"2023-12-23T03:50:58+00:00\",\"dateModified\":\"2023-12-23T03:50:58+00:00\",\"description\":\"RealWear Navigator 520: gafas de datos de alto rendimiento para profesionales de la industria. Robusto, inteligente, eficiente. Ideal para entornos exigentes\",\"breadcrumb\":{\"@id\":\"https:\/\/alegerglobal.com\/es\/shop-es\/gafas-inteligentes\/realwear-navigator-520\/#breadcrumb\"},\"inLanguage\":\"es\",\"potentialAction\":[{\"@type\":\"ReadAction\",\"target\":[\"https:\/\/alegerglobal.com\/es\/shop-es\/gafas-inteligentes\/realwear-navigator-520\/\"]}]},{\"@type\":\"ImageObject\",\"inLanguage\":\"es\",\"@id\":\"https:\/\/alegerglobal.com\/es\/shop-es\/gafas-inteligentes\/realwear-navigator-520\/#primaryimage\",\"url\":\"https:\/\/alegerglobal.com\/wp-content\/uploads\/2023\/12\/Unbenannt.jpg\",\"contentUrl\":\"https:\/\/alegerglobal.com\/wp-content\/uploads\/2023\/12\/Unbenannt.jpg\",\"width\":800,\"height\":800},{\"@type\":\"BreadcrumbList\",\"@id\":\"https:\/\/alegerglobal.com\/es\/shop-es\/gafas-inteligentes\/realwear-navigator-520\/#breadcrumb\",\"itemListElement\":[{\"@type\":\"ListItem\",\"position\":1,\"name\":\"Home\",\"item\":\"https:\/\/alegerglobal.com\/es\/nuevo-pagina-de-inicio\/\"},{\"@type\":\"ListItem\",\"position\":2,\"name\":\"Productos\",\"item\":\"https:\/\/alegerglobal.com\/es\/productos\/\"},{\"@type\":\"ListItem\",\"position\":3,\"name\":\"RealWear Navigator 520 &#8211; Gafas de datos Realwear de alta calidad para profesionales\"}]},{\"@type\":\"WebSite\",\"@id\":\"https:\/\/alegerglobal.com\/es\/#website\",\"url\":\"https:\/\/alegerglobal.com\/es\/\",\"name\":\"ALEGER \u22c6 Augmented Reality\",\"description\":\"Die besten Augmented Reality (AR) L\u00f6sungen der Welt.\",\"publisher\":{\"@id\":\"https:\/\/alegerglobal.com\/es\/#organization\"},\"potentialAction\":[{\"@type\":\"SearchAction\",\"target\":{\"@type\":\"EntryPoint\",\"urlTemplate\":\"https:\/\/alegerglobal.com\/es\/?s={search_term_string}\"},\"query-input\":{\"@type\":\"PropertyValueSpecification\",\"valueRequired\":true,\"valueName\":\"search_term_string\"}}],\"inLanguage\":\"es\"},{\"@type\":\"Organization\",\"@id\":\"https:\/\/alegerglobal.com\/es\/#organization\",\"name\":\"ALEGER \u22c6 Augmented Reality\",\"url\":\"https:\/\/alegerglobal.com\/es\/\",\"logo\":{\"@type\":\"ImageObject\",\"inLanguage\":\"es\",\"@id\":\"https:\/\/alegerglobal.com\/es\/#\/schema\/logo\/image\/\",\"url\":\"https:\/\/alegerglobal.com\/wp-content\/uploads\/2020\/12\/aleger-logo-quadrat.jpg\",\"contentUrl\":\"https:\/\/alegerglobal.com\/wp-content\/uploads\/2020\/12\/aleger-logo-quadrat.jpg\",\"width\":200,\"height\":176,\"caption\":\"ALEGER \u22c6 Augmented Reality\"},\"image\":{\"@id\":\"https:\/\/alegerglobal.com\/es\/#\/schema\/logo\/image\/\"}}]}<\/script>\n<meta property=\"product:brand\" content=\"RealWear\" \/>\n<meta property=\"product:price:amount\" content=\"0.00\" \/>\n<meta property=\"product:price:currency\" content=\"EUR\" \/>\n<meta property=\"og:availability\" content=\"instock\" \/>\n<meta property=\"product:availability\" content=\"instock\" \/>\n<meta property=\"product:condition\" content=\"new\" \/>\n<!-- \/ Yoast SEO Premium plugin. -->","yoast_head_json":{"title":"Comprar RealWear Navigator 520- ALEGER \u22c6 Augmented Reality","description":"RealWear Navigator 520: gafas de datos de alto rendimiento para profesionales de la industria. Robusto, inteligente, eficiente. Ideal para entornos exigentes","robots":{"index":"index","follow":"follow","max-snippet":"max-snippet:-1","max-image-preview":"max-image-preview:large","max-video-preview":"max-video-preview:-1"},"og_locale":"es_ES","og_type":"article","og_title":"RealWear Navigator 520 - Gafas de datos Realwear de alta calidad para profesionales","og_description":"RealWear Navigator 520: gafas de datos de alto rendimiento para profesionales de la industria. Robusto, inteligente, eficiente. Ideal para entornos exigentes","og_url":"https:\/\/alegerglobal.com\/es\/shop-es\/gafas-inteligentes\/realwear-navigator-520\/","og_site_name":"ALEGER \u22c6 Augmented Reality","og_image":[{"width":800,"height":800,"url":"https:\/\/alegerglobal.com\/wp-content\/uploads\/2023\/12\/Unbenannt.jpg","type":"image\/jpeg"}],"twitter_card":"summary_large_image","twitter_misc":{"Precio":"","Disponibilidad":"Disponible"},"schema":{"@context":"https:\/\/schema.org","@graph":[{"@type":"WebPage","@id":"https:\/\/alegerglobal.com\/es\/shop-es\/gafas-inteligentes\/realwear-navigator-520\/","url":"https:\/\/alegerglobal.com\/es\/shop-es\/gafas-inteligentes\/realwear-navigator-520\/","name":"Comprar RealWear Navigator 520- ALEGER \u22c6 Augmented Reality","isPartOf":{"@id":"https:\/\/alegerglobal.com\/es\/#website"},"primaryImageOfPage":{"@id":"https:\/\/alegerglobal.com\/es\/shop-es\/gafas-inteligentes\/realwear-navigator-520\/#primaryimage"},"image":{"@id":"https:\/\/alegerglobal.com\/es\/shop-es\/gafas-inteligentes\/realwear-navigator-520\/#primaryimage"},"thumbnailUrl":"https:\/\/alegerglobal.com\/wp-content\/uploads\/2023\/12\/Unbenannt.jpg","datePublished":"2023-12-23T03:50:58+00:00","dateModified":"2023-12-23T03:50:58+00:00","description":"RealWear Navigator 520: gafas de datos de alto rendimiento para profesionales de la industria. Robusto, inteligente, eficiente. Ideal para entornos exigentes","breadcrumb":{"@id":"https:\/\/alegerglobal.com\/es\/shop-es\/gafas-inteligentes\/realwear-navigator-520\/#breadcrumb"},"inLanguage":"es","potentialAction":[{"@type":"ReadAction","target":["https:\/\/alegerglobal.com\/es\/shop-es\/gafas-inteligentes\/realwear-navigator-520\/"]}]},{"@type":"ImageObject","inLanguage":"es","@id":"https:\/\/alegerglobal.com\/es\/shop-es\/gafas-inteligentes\/realwear-navigator-520\/#primaryimage","url":"https:\/\/alegerglobal.com\/wp-content\/uploads\/2023\/12\/Unbenannt.jpg","contentUrl":"https:\/\/alegerglobal.com\/wp-content\/uploads\/2023\/12\/Unbenannt.jpg","width":800,"height":800},{"@type":"BreadcrumbList","@id":"https:\/\/alegerglobal.com\/es\/shop-es\/gafas-inteligentes\/realwear-navigator-520\/#breadcrumb","itemListElement":[{"@type":"ListItem","position":1,"name":"Home","item":"https:\/\/alegerglobal.com\/es\/nuevo-pagina-de-inicio\/"},{"@type":"ListItem","position":2,"name":"Productos","item":"https:\/\/alegerglobal.com\/es\/productos\/"},{"@type":"ListItem","position":3,"name":"RealWear Navigator 520 &#8211; Gafas de datos Realwear de alta calidad para profesionales"}]},{"@type":"WebSite","@id":"https:\/\/alegerglobal.com\/es\/#website","url":"https:\/\/alegerglobal.com\/es\/","name":"ALEGER \u22c6 Augmented Reality","description":"Die besten Augmented Reality (AR) L\u00f6sungen der Welt.","publisher":{"@id":"https:\/\/alegerglobal.com\/es\/#organization"},"potentialAction":[{"@type":"SearchAction","target":{"@type":"EntryPoint","urlTemplate":"https:\/\/alegerglobal.com\/es\/?s={search_term_string}"},"query-input":{"@type":"PropertyValueSpecification","valueRequired":true,"valueName":"search_term_string"}}],"inLanguage":"es"},{"@type":"Organization","@id":"https:\/\/alegerglobal.com\/es\/#organization","name":"ALEGER \u22c6 Augmented Reality","url":"https:\/\/alegerglobal.com\/es\/","logo":{"@type":"ImageObject","inLanguage":"es","@id":"https:\/\/alegerglobal.com\/es\/#\/schema\/logo\/image\/","url":"https:\/\/alegerglobal.com\/wp-content\/uploads\/2020\/12\/aleger-logo-quadrat.jpg","contentUrl":"https:\/\/alegerglobal.com\/wp-content\/uploads\/2020\/12\/aleger-logo-quadrat.jpg","width":200,"height":176,"caption":"ALEGER \u22c6 Augmented Reality"},"image":{"@id":"https:\/\/alegerglobal.com\/es\/#\/schema\/logo\/image\/"}}]},"product_brand":"RealWear","product_price_amount":"0.00","product_price_currency":"EUR","og_availability":"instock","product_availability":"instock","product_condition":"new"},"_links":{"self":[{"href":"https:\/\/alegerglobal.com\/es\/wp-json\/wp\/v2\/product\/38455","targetHints":{"allow":["GET"]}}],"collection":[{"href":"https:\/\/alegerglobal.com\/es\/wp-json\/wp\/v2\/product"}],"about":[{"href":"https:\/\/alegerglobal.com\/es\/wp-json\/wp\/v2\/types\/product"}],"replies":[{"embeddable":true,"href":"https:\/\/alegerglobal.com\/es\/wp-json\/wp\/v2\/comments?post=38455"}],"version-history":[{"count":0,"href":"https:\/\/alegerglobal.com\/es\/wp-json\/wp\/v2\/product\/38455\/revisions"}],"wp:featuredmedia":[{"embeddable":true,"href":"https:\/\/alegerglobal.com\/es\/wp-json\/wp\/v2\/media\/38418"}],"wp:attachment":[{"href":"https:\/\/alegerglobal.com\/es\/wp-json\/wp\/v2\/media?parent=38455"}],"wp:term":[{"taxonomy":"product_brand","embeddable":true,"href":"https:\/\/alegerglobal.com\/es\/wp-json\/wp\/v2\/product_brand?post=38455"},{"taxonomy":"product_cat","embeddable":true,"href":"https:\/\/alegerglobal.com\/es\/wp-json\/wp\/v2\/product_cat?post=38455"},{"taxonomy":"product_tag","embeddable":true,"href":"https:\/\/alegerglobal.com\/es\/wp-json\/wp\/v2\/product_tag?post=38455"}],"curies":[{"name":"wp","href":"https:\/\/api.w.org\/{rel}","templated":true}]}}