{"id":38293,"date":"2023-09-11T09:29:52","date_gmt":"2023-09-11T08:59:06","guid":{"rendered":"https:\/\/alegerglobal.com\/sin%20categor\u00eda\/microsoft-hololens-2-usadas-50-de-descuento-gafas-inteligentes-con-un-impresionante-campo-de-vision-de-50-grados-y-windows-holographic\/"},"modified":"2023-09-11T09:59:08","modified_gmt":"2023-09-11T08:59:08","slug":"hololens-2-usado","status":"publish","type":"product","link":"https:\/\/alegerglobal.com\/es\/shop-es\/gafas-inteligentes\/hololens-2-usado\/","title":{"rendered":"Microsoft HoloLens 2 usadas (50% de descuento): Gafas inteligentes con un impresionante campo de visi\u00f3n de 50 grados y Windows Holographic"},"content":{"rendered":"","protected":false},"excerpt":{"rendered":"<ul>\n<li><b>Largo tiempo de uso:<\/b><span style=\"font-weight: 400;\"> Disfruta de 2-3 horas de RA ininterrumpida<\/span><\/li>\n<li><b>Movilidad absoluta:<\/b> gracias al uso aut\u00f3nomo sin conexi\u00f3n a PC<\/li>\n<li><b>C\u00f3modo espacio de trabajo:<\/b> sum\u00e9rjase en un campo de visi\u00f3n envolvente de 50 grados con una impresionante frecuencia de actualizaci\u00f3n de 75 Hz y una n\u00edtida resoluci\u00f3n 2K.<\/li>\n<li><b>Tecnolog\u00eda de software de vanguardia:<\/b> el avanzado software de IA simula la impresionante funcionalidad del cerebro humano.<\/li>\n<li><b>Control intuitivo:<\/b> Realice sin esfuerzo un control gestual preciso y controle HoloLens con la voz.<\/li>\n<li><b>Hardware potente para todos los retos: <\/b>El procesador Snapdragon 850 y la memoria DDR4 de 2 GB te ofrecen la potencia que necesitas para las aplicaciones m\u00e1s exigentes<\/li>\n<\/ul>\n","protected":false},"featured_media":38340,"comment_status":"open","ping_status":"closed","template":"","meta":{"_acf_changed":false},"product_brand":[],"product_cat":[1381,1341],"product_tag":[],"class_list":{"0":"post-38293","1":"product","2":"type-product","3":"status-publish","4":"has-post-thumbnail","6":"product_cat-gafas-inteligentes","7":"product_cat-shop-es","8":"pa_hersteller-microsoft-es","10":"first","11":"instock","12":"taxable","13":"shipping-taxable","14":"product-type-simple"},"acf":[],"yoast_head":"<!-- This site is optimized with the Yoast SEO Premium plugin v20.10 (Yoast SEO v24.3) - https:\/\/yoast.com\/wordpress\/plugins\/seo\/ -->\n<title>Como nuevo Hololens 2 usado - 50% de descuento- ALEGER \u22c6 Augmented Reality<\/title>\n<meta name=\"description\" content=\"Descubre las Hololens 2 de segunda mano en perfecto estado y benef\u00edciate de un inmejorable descuento del 50\" \/>\n<meta name=\"robots\" content=\"index, follow, max-snippet:-1, max-image-preview:large, max-video-preview:-1\" \/>\n<meta property=\"og:locale\" content=\"es_ES\" \/>\n<meta property=\"og:type\" content=\"article\" \/>\n<meta property=\"og:title\" content=\"Microsoft HoloLens 2 usadas (50% de descuento): Gafas inteligentes con un impresionante campo de visi\u00f3n de 50 grados y Windows Holographic\" \/>\n<meta property=\"og:description\" content=\"Descubre las Hololens 2 de segunda mano en perfecto estado y benef\u00edciate de un inmejorable descuento del 50\" \/>\n<meta property=\"og:url\" content=\"https:\/\/alegerglobal.com\/es\/shop-es\/gafas-inteligentes\/hololens-2-usado\/\" \/>\n<meta property=\"og:site_name\" content=\"ALEGER \u22c6 Augmented Reality\" \/>\n<meta property=\"article:modified_time\" content=\"2023-09-11T08:59:08+00:00\" \/>\n<meta property=\"og:image\" content=\"https:\/\/alegerglobal.com\/wp-content\/uploads\/2023\/09\/1-scaled.webp\" \/>\n\t<meta property=\"og:image:width\" content=\"2048\" \/>\n\t<meta property=\"og:image:height\" content=\"1365\" \/>\n\t<meta property=\"og:image:type\" content=\"image\/webp\" \/>\n<meta name=\"twitter:card\" content=\"summary_large_image\" \/>\n<meta name=\"twitter:label1\" content=\"Precio\" \/>\n\t<meta name=\"twitter:data1\" content=\"\" \/>\n\t<meta name=\"twitter:label2\" content=\"Disponibilidad\" \/>\n\t<meta name=\"twitter:data2\" content=\"Disponible\" \/>\n<script type=\"application\/ld+json\" class=\"yoast-schema-graph\">{\"@context\":\"https:\/\/schema.org\",\"@graph\":[{\"@type\":\"WebPage\",\"@id\":\"https:\/\/alegerglobal.com\/es\/shop-es\/gafas-inteligentes\/hololens-2-usado\/\",\"url\":\"https:\/\/alegerglobal.com\/es\/shop-es\/gafas-inteligentes\/hololens-2-usado\/\",\"name\":\"Como nuevo Hololens 2 usado - 50% de descuento- ALEGER \u22c6 Augmented Reality\",\"isPartOf\":{\"@id\":\"https:\/\/alegerglobal.com\/es\/#website\"},\"primaryImageOfPage\":{\"@id\":\"https:\/\/alegerglobal.com\/es\/shop-es\/gafas-inteligentes\/hololens-2-usado\/#primaryimage\"},\"image\":{\"@id\":\"https:\/\/alegerglobal.com\/es\/shop-es\/gafas-inteligentes\/hololens-2-usado\/#primaryimage\"},\"thumbnailUrl\":\"https:\/\/alegerglobal.com\/wp-content\/uploads\/2023\/09\/hololens-50_v2.png\",\"datePublished\":\"2023-09-11T08:59:06+00:00\",\"dateModified\":\"2023-09-11T08:59:08+00:00\",\"description\":\"Descubre las Hololens 2 de segunda mano en perfecto estado y benef\u00edciate de un inmejorable descuento del 50\",\"breadcrumb\":{\"@id\":\"https:\/\/alegerglobal.com\/es\/shop-es\/gafas-inteligentes\/hololens-2-usado\/#breadcrumb\"},\"inLanguage\":\"es\",\"potentialAction\":[{\"@type\":\"ReadAction\",\"target\":[\"https:\/\/alegerglobal.com\/es\/shop-es\/gafas-inteligentes\/hololens-2-usado\/\"]}]},{\"@type\":\"ImageObject\",\"inLanguage\":\"es\",\"@id\":\"https:\/\/alegerglobal.com\/es\/shop-es\/gafas-inteligentes\/hololens-2-usado\/#primaryimage\",\"url\":\"https:\/\/alegerglobal.com\/wp-content\/uploads\/2023\/09\/hololens-50_v2.png\",\"contentUrl\":\"https:\/\/alegerglobal.com\/wp-content\/uploads\/2023\/09\/hololens-50_v2.png\",\"width\":1000,\"height\":1000},{\"@type\":\"BreadcrumbList\",\"@id\":\"https:\/\/alegerglobal.com\/es\/shop-es\/gafas-inteligentes\/hololens-2-usado\/#breadcrumb\",\"itemListElement\":[{\"@type\":\"ListItem\",\"position\":1,\"name\":\"Home\",\"item\":\"https:\/\/alegerglobal.com\/es\/nuevo-pagina-de-inicio\/\"},{\"@type\":\"ListItem\",\"position\":2,\"name\":\"Productos\",\"item\":\"https:\/\/alegerglobal.com\/es\/productos\/\"},{\"@type\":\"ListItem\",\"position\":3,\"name\":\"Microsoft HoloLens 2 usadas (50% de descuento): Gafas inteligentes con un impresionante campo de visi\u00f3n de 50 grados y Windows Holographic\"}]},{\"@type\":\"WebSite\",\"@id\":\"https:\/\/alegerglobal.com\/es\/#website\",\"url\":\"https:\/\/alegerglobal.com\/es\/\",\"name\":\"ALEGER \u22c6 Augmented Reality\",\"description\":\"Die besten Augmented Reality (AR) L\u00f6sungen der Welt.\",\"publisher\":{\"@id\":\"https:\/\/alegerglobal.com\/es\/#organization\"},\"potentialAction\":[{\"@type\":\"SearchAction\",\"target\":{\"@type\":\"EntryPoint\",\"urlTemplate\":\"https:\/\/alegerglobal.com\/es\/?s={search_term_string}\"},\"query-input\":{\"@type\":\"PropertyValueSpecification\",\"valueRequired\":true,\"valueName\":\"search_term_string\"}}],\"inLanguage\":\"es\"},{\"@type\":\"Organization\",\"@id\":\"https:\/\/alegerglobal.com\/es\/#organization\",\"name\":\"ALEGER \u22c6 Augmented Reality\",\"url\":\"https:\/\/alegerglobal.com\/es\/\",\"logo\":{\"@type\":\"ImageObject\",\"inLanguage\":\"es\",\"@id\":\"https:\/\/alegerglobal.com\/es\/#\/schema\/logo\/image\/\",\"url\":\"https:\/\/alegerglobal.com\/wp-content\/uploads\/2020\/12\/aleger-logo-quadrat.jpg\",\"contentUrl\":\"https:\/\/alegerglobal.com\/wp-content\/uploads\/2020\/12\/aleger-logo-quadrat.jpg\",\"width\":200,\"height\":176,\"caption\":\"ALEGER \u22c6 Augmented Reality\"},\"image\":{\"@id\":\"https:\/\/alegerglobal.com\/es\/#\/schema\/logo\/image\/\"}}]}<\/script>\n<meta property=\"product:brand\" content=\"Microsoft\" \/>\n<meta property=\"product:price:amount\" content=\"0.00\" \/>\n<meta property=\"product:price:currency\" content=\"EUR\" \/>\n<meta property=\"og:availability\" content=\"instock\" \/>\n<meta property=\"product:availability\" content=\"instock\" \/>\n<meta property=\"product:condition\" content=\"new\" \/>\n<!-- \/ Yoast SEO Premium plugin. -->","yoast_head_json":{"title":"Como nuevo Hololens 2 usado - 50% de descuento- ALEGER \u22c6 Augmented Reality","description":"Descubre las Hololens 2 de segunda mano en perfecto estado y benef\u00edciate de un inmejorable descuento del 50","robots":{"index":"index","follow":"follow","max-snippet":"max-snippet:-1","max-image-preview":"max-image-preview:large","max-video-preview":"max-video-preview:-1"},"og_locale":"es_ES","og_type":"article","og_title":"Microsoft HoloLens 2 usadas (50% de descuento): Gafas inteligentes con un impresionante campo de visi\u00f3n de 50 grados y Windows Holographic","og_description":"Descubre las Hololens 2 de segunda mano en perfecto estado y benef\u00edciate de un inmejorable descuento del 50","og_url":"https:\/\/alegerglobal.com\/es\/shop-es\/gafas-inteligentes\/hololens-2-usado\/","og_site_name":"ALEGER \u22c6 Augmented Reality","article_modified_time":"2023-09-11T08:59:08+00:00","og_image":[{"width":2048,"height":1365,"url":"https:\/\/alegerglobal.com\/wp-content\/uploads\/2023\/09\/1-scaled.webp","type":"image\/webp"}],"twitter_card":"summary_large_image","twitter_misc":{"Precio":"","Disponibilidad":"Disponible"},"schema":{"@context":"https:\/\/schema.org","@graph":[{"@type":"WebPage","@id":"https:\/\/alegerglobal.com\/es\/shop-es\/gafas-inteligentes\/hololens-2-usado\/","url":"https:\/\/alegerglobal.com\/es\/shop-es\/gafas-inteligentes\/hololens-2-usado\/","name":"Como nuevo Hololens 2 usado - 50% de descuento- ALEGER \u22c6 Augmented Reality","isPartOf":{"@id":"https:\/\/alegerglobal.com\/es\/#website"},"primaryImageOfPage":{"@id":"https:\/\/alegerglobal.com\/es\/shop-es\/gafas-inteligentes\/hololens-2-usado\/#primaryimage"},"image":{"@id":"https:\/\/alegerglobal.com\/es\/shop-es\/gafas-inteligentes\/hololens-2-usado\/#primaryimage"},"thumbnailUrl":"https:\/\/alegerglobal.com\/wp-content\/uploads\/2023\/09\/hololens-50_v2.png","datePublished":"2023-09-11T08:59:06+00:00","dateModified":"2023-09-11T08:59:08+00:00","description":"Descubre las Hololens 2 de segunda mano en perfecto estado y benef\u00edciate de un inmejorable descuento del 50","breadcrumb":{"@id":"https:\/\/alegerglobal.com\/es\/shop-es\/gafas-inteligentes\/hololens-2-usado\/#breadcrumb"},"inLanguage":"es","potentialAction":[{"@type":"ReadAction","target":["https:\/\/alegerglobal.com\/es\/shop-es\/gafas-inteligentes\/hololens-2-usado\/"]}]},{"@type":"ImageObject","inLanguage":"es","@id":"https:\/\/alegerglobal.com\/es\/shop-es\/gafas-inteligentes\/hololens-2-usado\/#primaryimage","url":"https:\/\/alegerglobal.com\/wp-content\/uploads\/2023\/09\/hololens-50_v2.png","contentUrl":"https:\/\/alegerglobal.com\/wp-content\/uploads\/2023\/09\/hololens-50_v2.png","width":1000,"height":1000},{"@type":"BreadcrumbList","@id":"https:\/\/alegerglobal.com\/es\/shop-es\/gafas-inteligentes\/hololens-2-usado\/#breadcrumb","itemListElement":[{"@type":"ListItem","position":1,"name":"Home","item":"https:\/\/alegerglobal.com\/es\/nuevo-pagina-de-inicio\/"},{"@type":"ListItem","position":2,"name":"Productos","item":"https:\/\/alegerglobal.com\/es\/productos\/"},{"@type":"ListItem","position":3,"name":"Microsoft HoloLens 2 usadas (50% de descuento): Gafas inteligentes con un impresionante campo de visi\u00f3n de 50 grados y Windows Holographic"}]},{"@type":"WebSite","@id":"https:\/\/alegerglobal.com\/es\/#website","url":"https:\/\/alegerglobal.com\/es\/","name":"ALEGER \u22c6 Augmented Reality","description":"Die besten Augmented Reality (AR) L\u00f6sungen der Welt.","publisher":{"@id":"https:\/\/alegerglobal.com\/es\/#organization"},"potentialAction":[{"@type":"SearchAction","target":{"@type":"EntryPoint","urlTemplate":"https:\/\/alegerglobal.com\/es\/?s={search_term_string}"},"query-input":{"@type":"PropertyValueSpecification","valueRequired":true,"valueName":"search_term_string"}}],"inLanguage":"es"},{"@type":"Organization","@id":"https:\/\/alegerglobal.com\/es\/#organization","name":"ALEGER \u22c6 Augmented Reality","url":"https:\/\/alegerglobal.com\/es\/","logo":{"@type":"ImageObject","inLanguage":"es","@id":"https:\/\/alegerglobal.com\/es\/#\/schema\/logo\/image\/","url":"https:\/\/alegerglobal.com\/wp-content\/uploads\/2020\/12\/aleger-logo-quadrat.jpg","contentUrl":"https:\/\/alegerglobal.com\/wp-content\/uploads\/2020\/12\/aleger-logo-quadrat.jpg","width":200,"height":176,"caption":"ALEGER \u22c6 Augmented Reality"},"image":{"@id":"https:\/\/alegerglobal.com\/es\/#\/schema\/logo\/image\/"}}]},"product_brand":"Microsoft","product_price_amount":"0.00","product_price_currency":"EUR","og_availability":"instock","product_availability":"instock","product_condition":"new"},"_links":{"self":[{"href":"https:\/\/alegerglobal.com\/es\/wp-json\/wp\/v2\/product\/38293","targetHints":{"allow":["GET"]}}],"collection":[{"href":"https:\/\/alegerglobal.com\/es\/wp-json\/wp\/v2\/product"}],"about":[{"href":"https:\/\/alegerglobal.com\/es\/wp-json\/wp\/v2\/types\/product"}],"replies":[{"embeddable":true,"href":"https:\/\/alegerglobal.com\/es\/wp-json\/wp\/v2\/comments?post=38293"}],"version-history":[{"count":1,"href":"https:\/\/alegerglobal.com\/es\/wp-json\/wp\/v2\/product\/38293\/revisions"}],"predecessor-version":[{"id":38294,"href":"https:\/\/alegerglobal.com\/es\/wp-json\/wp\/v2\/product\/38293\/revisions\/38294"}],"wp:featuredmedia":[{"embeddable":true,"href":"https:\/\/alegerglobal.com\/es\/wp-json\/wp\/v2\/media\/38340"}],"wp:attachment":[{"href":"https:\/\/alegerglobal.com\/es\/wp-json\/wp\/v2\/media?parent=38293"}],"wp:term":[{"taxonomy":"product_brand","embeddable":true,"href":"https:\/\/alegerglobal.com\/es\/wp-json\/wp\/v2\/product_brand?post=38293"},{"taxonomy":"product_cat","embeddable":true,"href":"https:\/\/alegerglobal.com\/es\/wp-json\/wp\/v2\/product_cat?post=38293"},{"taxonomy":"product_tag","embeddable":true,"href":"https:\/\/alegerglobal.com\/es\/wp-json\/wp\/v2\/product_tag?post=38293"}],"curies":[{"name":"wp","href":"https:\/\/api.w.org\/{rel}","templated":true}]}}