{"id":34594,"date":"2021-03-12T03:00:41","date_gmt":"2022-05-18T11:37:35","guid":{"rendered":"https:\/\/alegerglobal.com\/sin categor\u00eda\/epson-moverio-bt-300-gafas-inteligentes-campo-de-vision-de-23-grados-procesador-intel-atom-moveria-os\/"},"modified":"2022-05-18T12:37:35","modified_gmt":"2022-05-18T11:37:35","slug":"epson-moverio-tt-300","status":"publish","type":"product","link":"https:\/\/alegerglobal.com\/es\/shop-es\/gafas-inteligentes\/epson-moverio-tt-300\/","title":{"rendered":"Epson Moverio BT-300, gafas inteligentes, campo de visi\u00f3n de 23 grados, procesador Intel Atom, Moveria OS"},"content":{"rendered":"","protected":false},"excerpt":{"rendered":"<ul>\n<li style=\"font-weight: 400;\"><b>Visi\u00f3n r\u00e1pida de cualquier situaci\u00f3n:<\/b><span style=\"font-weight: 400;\"> Pantalla OLED con campo de visi\u00f3n de 23 grados, resoluci\u00f3n de 720p y alto contraste<\/span><\/li>\n<li style=\"font-weight: 400;\"><b>Uso de aplicaciones exigentes:<\/b><span style=\"font-weight: 400;\"> Potente procesador Intel Atom <\/span> <\/li>\n<li style=\"font-weight: 400;\"><b>Captura con precisi\u00f3n incluso situaciones complejas:<\/b><span style=\"font-weight: 400;\"> Una pantalla por lente para la detecci\u00f3n exacta de m\u00faltiples objetos en el espacio tridimensional<\/span><\/li>\n<li style=\"font-weight: 400;\"><b>Haz fotos tridimensionales con las manos libres:<\/b><span style=\"font-weight: 400;\"> C\u00e1mara de 6 MP integrada<\/span><\/li>\n<li style=\"font-weight: 400;\"><b>Aplicaciones a medida:<\/b> gran appstore y plataforma abierta con SDK para desarrollar tus propias aplicaciones<\/li>\n<\/ul>\n","protected":false},"featured_media":20687,"comment_status":"open","ping_status":"closed","template":"","meta":{"_acf_changed":false},"product_brand":[],"product_cat":[1381,1341],"product_tag":[],"class_list":{"0":"post-34594","1":"product","2":"type-product","3":"status-publish","4":"has-post-thumbnail","6":"product_cat-gafas-inteligentes","7":"product_cat-shop-es","8":"pa_hersteller-epson-es","10":"first","11":"instock","12":"taxable","13":"shipping-taxable","14":"product-type-simple"},"acf":[],"yoast_head":"<!-- This site is optimized with the Yoast SEO Premium plugin v20.10 (Yoast SEO v24.3) - https:\/\/yoast.com\/wordpress\/plugins\/seo\/ -->\n<title>Comprar Epson Moverio BT-300 - ALEGER \u22c6 Augmented Reality<\/title>\n<meta name=\"description\" content=\"Las gafas multimedia Epson Moverio BT-300 impresionan con un potente procesador Intel, una bater\u00eda de larga duraci\u00f3n y un dise\u00f1o ultraligero.\" \/>\n<meta name=\"robots\" content=\"index, follow, max-snippet:-1, max-image-preview:large, max-video-preview:-1\" \/>\n<meta property=\"og:locale\" content=\"es_ES\" \/>\n<meta property=\"og:type\" content=\"article\" \/>\n<meta property=\"og:title\" content=\"Epson Moverio BT-300, gafas inteligentes, campo de visi\u00f3n de 23 grados, procesador Intel Atom, Moveria OS\" \/>\n<meta property=\"og:description\" content=\"Las gafas multimedia Epson Moverio BT-300 impresionan con un potente procesador Intel, una bater\u00eda de larga duraci\u00f3n y un dise\u00f1o ultraligero.\" \/>\n<meta property=\"og:url\" content=\"https:\/\/alegerglobal.com\/es\/shop-es\/gafas-inteligentes\/epson-moverio-tt-300\/\" \/>\n<meta property=\"og:site_name\" content=\"ALEGER \u22c6 Augmented Reality\" \/>\n<meta property=\"og:image\" content=\"https:\/\/alegerglobal.com\/wp-content\/uploads\/2021\/01\/Unbenannt-30.jpg\" \/>\n\t<meta property=\"og:image:width\" content=\"800\" \/>\n\t<meta property=\"og:image:height\" content=\"800\" \/>\n\t<meta property=\"og:image:type\" content=\"image\/jpeg\" \/>\n<meta name=\"twitter:card\" content=\"summary_large_image\" \/>\n<meta name=\"twitter:label1\" content=\"Precio\" \/>\n\t<meta name=\"twitter:data1\" content=\"\" \/>\n\t<meta name=\"twitter:label2\" content=\"Disponibilidad\" \/>\n\t<meta name=\"twitter:data2\" content=\"Disponible\" \/>\n<script type=\"application\/ld+json\" class=\"yoast-schema-graph\">{\"@context\":\"https:\/\/schema.org\",\"@graph\":[{\"@type\":\"WebPage\",\"@id\":\"https:\/\/alegerglobal.com\/es\/shop-es\/gafas-inteligentes\/epson-moverio-tt-300\/\",\"url\":\"https:\/\/alegerglobal.com\/es\/shop-es\/gafas-inteligentes\/epson-moverio-tt-300\/\",\"name\":\"Comprar Epson Moverio BT-300 - ALEGER \u22c6 Augmented Reality\",\"isPartOf\":{\"@id\":\"https:\/\/alegerglobal.com\/es\/#website\"},\"primaryImageOfPage\":{\"@id\":\"https:\/\/alegerglobal.com\/es\/shop-es\/gafas-inteligentes\/epson-moverio-tt-300\/#primaryimage\"},\"image\":{\"@id\":\"https:\/\/alegerglobal.com\/es\/shop-es\/gafas-inteligentes\/epson-moverio-tt-300\/#primaryimage\"},\"thumbnailUrl\":\"https:\/\/alegerglobal.com\/wp-content\/uploads\/2021\/01\/Unbenannt-30.jpg\",\"datePublished\":\"2022-05-18T11:37:35+00:00\",\"dateModified\":\"2022-05-18T11:37:35+00:00\",\"description\":\"Las gafas multimedia Epson Moverio BT-300 impresionan con un potente procesador Intel, una bater\u00eda de larga duraci\u00f3n y un dise\u00f1o ultraligero.\",\"breadcrumb\":{\"@id\":\"https:\/\/alegerglobal.com\/es\/shop-es\/gafas-inteligentes\/epson-moverio-tt-300\/#breadcrumb\"},\"inLanguage\":\"es\",\"potentialAction\":[{\"@type\":\"ReadAction\",\"target\":[\"https:\/\/alegerglobal.com\/es\/shop-es\/gafas-inteligentes\/epson-moverio-tt-300\/\"]}]},{\"@type\":\"ImageObject\",\"inLanguage\":\"es\",\"@id\":\"https:\/\/alegerglobal.com\/es\/shop-es\/gafas-inteligentes\/epson-moverio-tt-300\/#primaryimage\",\"url\":\"https:\/\/alegerglobal.com\/wp-content\/uploads\/2021\/01\/Unbenannt-30.jpg\",\"contentUrl\":\"https:\/\/alegerglobal.com\/wp-content\/uploads\/2021\/01\/Unbenannt-30.jpg\",\"width\":800,\"height\":800,\"caption\":\"Epson Moverio BT-300\"},{\"@type\":\"BreadcrumbList\",\"@id\":\"https:\/\/alegerglobal.com\/es\/shop-es\/gafas-inteligentes\/epson-moverio-tt-300\/#breadcrumb\",\"itemListElement\":[{\"@type\":\"ListItem\",\"position\":1,\"name\":\"Home\",\"item\":\"https:\/\/alegerglobal.com\/es\/nuevo-pagina-de-inicio\/\"},{\"@type\":\"ListItem\",\"position\":2,\"name\":\"Productos\",\"item\":\"https:\/\/alegerglobal.com\/es\/productos\/\"},{\"@type\":\"ListItem\",\"position\":3,\"name\":\"Epson Moverio BT-300, gafas inteligentes, campo de visi\u00f3n de 23 grados, procesador Intel Atom, Moveria OS\"}]},{\"@type\":\"WebSite\",\"@id\":\"https:\/\/alegerglobal.com\/es\/#website\",\"url\":\"https:\/\/alegerglobal.com\/es\/\",\"name\":\"ALEGER \u22c6 Augmented Reality\",\"description\":\"Die besten Augmented Reality (AR) L\u00f6sungen der Welt.\",\"publisher\":{\"@id\":\"https:\/\/alegerglobal.com\/es\/#organization\"},\"potentialAction\":[{\"@type\":\"SearchAction\",\"target\":{\"@type\":\"EntryPoint\",\"urlTemplate\":\"https:\/\/alegerglobal.com\/es\/?s={search_term_string}\"},\"query-input\":{\"@type\":\"PropertyValueSpecification\",\"valueRequired\":true,\"valueName\":\"search_term_string\"}}],\"inLanguage\":\"es\"},{\"@type\":\"Organization\",\"@id\":\"https:\/\/alegerglobal.com\/es\/#organization\",\"name\":\"ALEGER \u22c6 Augmented Reality\",\"url\":\"https:\/\/alegerglobal.com\/es\/\",\"logo\":{\"@type\":\"ImageObject\",\"inLanguage\":\"es\",\"@id\":\"https:\/\/alegerglobal.com\/es\/#\/schema\/logo\/image\/\",\"url\":\"https:\/\/alegerglobal.com\/wp-content\/uploads\/2020\/12\/aleger-logo-quadrat.jpg\",\"contentUrl\":\"https:\/\/alegerglobal.com\/wp-content\/uploads\/2020\/12\/aleger-logo-quadrat.jpg\",\"width\":200,\"height\":176,\"caption\":\"ALEGER \u22c6 Augmented Reality\"},\"image\":{\"@id\":\"https:\/\/alegerglobal.com\/es\/#\/schema\/logo\/image\/\"}}]}<\/script>\n<meta property=\"product:brand\" content=\"Epson\" \/>\n<meta property=\"product:price:amount\" content=\"0.00\" \/>\n<meta property=\"product:price:currency\" content=\"EUR\" \/>\n<meta property=\"og:availability\" content=\"instock\" \/>\n<meta property=\"product:availability\" content=\"instock\" \/>\n<meta property=\"product:condition\" content=\"new\" \/>\n<!-- \/ Yoast SEO Premium plugin. -->","yoast_head_json":{"title":"Comprar Epson Moverio BT-300 - ALEGER \u22c6 Augmented Reality","description":"Las gafas multimedia Epson Moverio BT-300 impresionan con un potente procesador Intel, una bater\u00eda de larga duraci\u00f3n y un dise\u00f1o ultraligero.","robots":{"index":"index","follow":"follow","max-snippet":"max-snippet:-1","max-image-preview":"max-image-preview:large","max-video-preview":"max-video-preview:-1"},"og_locale":"es_ES","og_type":"article","og_title":"Epson Moverio BT-300, gafas inteligentes, campo de visi\u00f3n de 23 grados, procesador Intel Atom, Moveria OS","og_description":"Las gafas multimedia Epson Moverio BT-300 impresionan con un potente procesador Intel, una bater\u00eda de larga duraci\u00f3n y un dise\u00f1o ultraligero.","og_url":"https:\/\/alegerglobal.com\/es\/shop-es\/gafas-inteligentes\/epson-moverio-tt-300\/","og_site_name":"ALEGER \u22c6 Augmented Reality","og_image":[{"width":800,"height":800,"url":"https:\/\/alegerglobal.com\/wp-content\/uploads\/2021\/01\/Unbenannt-30.jpg","type":"image\/jpeg"}],"twitter_card":"summary_large_image","twitter_misc":{"Precio":"","Disponibilidad":"Disponible"},"schema":{"@context":"https:\/\/schema.org","@graph":[{"@type":"WebPage","@id":"https:\/\/alegerglobal.com\/es\/shop-es\/gafas-inteligentes\/epson-moverio-tt-300\/","url":"https:\/\/alegerglobal.com\/es\/shop-es\/gafas-inteligentes\/epson-moverio-tt-300\/","name":"Comprar Epson Moverio BT-300 - ALEGER \u22c6 Augmented Reality","isPartOf":{"@id":"https:\/\/alegerglobal.com\/es\/#website"},"primaryImageOfPage":{"@id":"https:\/\/alegerglobal.com\/es\/shop-es\/gafas-inteligentes\/epson-moverio-tt-300\/#primaryimage"},"image":{"@id":"https:\/\/alegerglobal.com\/es\/shop-es\/gafas-inteligentes\/epson-moverio-tt-300\/#primaryimage"},"thumbnailUrl":"https:\/\/alegerglobal.com\/wp-content\/uploads\/2021\/01\/Unbenannt-30.jpg","datePublished":"2022-05-18T11:37:35+00:00","dateModified":"2022-05-18T11:37:35+00:00","description":"Las gafas multimedia Epson Moverio BT-300 impresionan con un potente procesador Intel, una bater\u00eda de larga duraci\u00f3n y un dise\u00f1o ultraligero.","breadcrumb":{"@id":"https:\/\/alegerglobal.com\/es\/shop-es\/gafas-inteligentes\/epson-moverio-tt-300\/#breadcrumb"},"inLanguage":"es","potentialAction":[{"@type":"ReadAction","target":["https:\/\/alegerglobal.com\/es\/shop-es\/gafas-inteligentes\/epson-moverio-tt-300\/"]}]},{"@type":"ImageObject","inLanguage":"es","@id":"https:\/\/alegerglobal.com\/es\/shop-es\/gafas-inteligentes\/epson-moverio-tt-300\/#primaryimage","url":"https:\/\/alegerglobal.com\/wp-content\/uploads\/2021\/01\/Unbenannt-30.jpg","contentUrl":"https:\/\/alegerglobal.com\/wp-content\/uploads\/2021\/01\/Unbenannt-30.jpg","width":800,"height":800,"caption":"Epson Moverio BT-300"},{"@type":"BreadcrumbList","@id":"https:\/\/alegerglobal.com\/es\/shop-es\/gafas-inteligentes\/epson-moverio-tt-300\/#breadcrumb","itemListElement":[{"@type":"ListItem","position":1,"name":"Home","item":"https:\/\/alegerglobal.com\/es\/nuevo-pagina-de-inicio\/"},{"@type":"ListItem","position":2,"name":"Productos","item":"https:\/\/alegerglobal.com\/es\/productos\/"},{"@type":"ListItem","position":3,"name":"Epson Moverio BT-300, gafas inteligentes, campo de visi\u00f3n de 23 grados, procesador Intel Atom, Moveria OS"}]},{"@type":"WebSite","@id":"https:\/\/alegerglobal.com\/es\/#website","url":"https:\/\/alegerglobal.com\/es\/","name":"ALEGER \u22c6 Augmented Reality","description":"Die besten Augmented Reality (AR) L\u00f6sungen der Welt.","publisher":{"@id":"https:\/\/alegerglobal.com\/es\/#organization"},"potentialAction":[{"@type":"SearchAction","target":{"@type":"EntryPoint","urlTemplate":"https:\/\/alegerglobal.com\/es\/?s={search_term_string}"},"query-input":{"@type":"PropertyValueSpecification","valueRequired":true,"valueName":"search_term_string"}}],"inLanguage":"es"},{"@type":"Organization","@id":"https:\/\/alegerglobal.com\/es\/#organization","name":"ALEGER \u22c6 Augmented Reality","url":"https:\/\/alegerglobal.com\/es\/","logo":{"@type":"ImageObject","inLanguage":"es","@id":"https:\/\/alegerglobal.com\/es\/#\/schema\/logo\/image\/","url":"https:\/\/alegerglobal.com\/wp-content\/uploads\/2020\/12\/aleger-logo-quadrat.jpg","contentUrl":"https:\/\/alegerglobal.com\/wp-content\/uploads\/2020\/12\/aleger-logo-quadrat.jpg","width":200,"height":176,"caption":"ALEGER \u22c6 Augmented Reality"},"image":{"@id":"https:\/\/alegerglobal.com\/es\/#\/schema\/logo\/image\/"}}]},"product_brand":"Epson","product_price_amount":"0.00","product_price_currency":"EUR","og_availability":"instock","product_availability":"instock","product_condition":"new"},"_links":{"self":[{"href":"https:\/\/alegerglobal.com\/es\/wp-json\/wp\/v2\/product\/34594","targetHints":{"allow":["GET"]}}],"collection":[{"href":"https:\/\/alegerglobal.com\/es\/wp-json\/wp\/v2\/product"}],"about":[{"href":"https:\/\/alegerglobal.com\/es\/wp-json\/wp\/v2\/types\/product"}],"replies":[{"embeddable":true,"href":"https:\/\/alegerglobal.com\/es\/wp-json\/wp\/v2\/comments?post=34594"}],"version-history":[{"count":0,"href":"https:\/\/alegerglobal.com\/es\/wp-json\/wp\/v2\/product\/34594\/revisions"}],"wp:featuredmedia":[{"embeddable":true,"href":"https:\/\/alegerglobal.com\/es\/wp-json\/wp\/v2\/media\/20687"}],"wp:attachment":[{"href":"https:\/\/alegerglobal.com\/es\/wp-json\/wp\/v2\/media?parent=34594"}],"wp:term":[{"taxonomy":"product_brand","embeddable":true,"href":"https:\/\/alegerglobal.com\/es\/wp-json\/wp\/v2\/product_brand?post=34594"},{"taxonomy":"product_cat","embeddable":true,"href":"https:\/\/alegerglobal.com\/es\/wp-json\/wp\/v2\/product_cat?post=34594"},{"taxonomy":"product_tag","embeddable":true,"href":"https:\/\/alegerglobal.com\/es\/wp-json\/wp\/v2\/product_tag?post=34594"}],"curies":[{"name":"wp","href":"https:\/\/api.w.org\/{rel}","templated":true}]}}