{"id":34587,"date":"2022-05-10T13:15:22","date_gmt":"2022-05-18T11:37:32","guid":{"rendered":"https:\/\/alegerglobal.com\/sin%20categor\u00eda\/realwear-hmt-1-gafas-industriales-inteligentes-pantalla-de-20-grados-ip66-mil-std-810g\/"},"modified":"2022-05-20T07:35:13","modified_gmt":"2022-05-20T06:35:13","slug":"realwear-hmt-1","status":"publish","type":"product","link":"https:\/\/alegerglobal.com\/es\/shop-es\/gafas-inteligentes\/realwear-hmt-1\/","title":{"rendered":"RealWear HMT-1, gafas industriales inteligentes, pantalla de 20 grados, IP66 MIL-STD-810G"},"content":{"rendered":"\t\t<div data-elementor-type=\"product-post\" data-elementor-id=\"34587\" class=\"elementor elementor-34587\" data-elementor-settings=\"{&quot;ha_cmc_init_switcher&quot;:&quot;no&quot;}\" data-elementor-post-type=\"product\">\n\t\t\t\t\t\t<section class=\"elementor-section elementor-top-section elementor-element elementor-element-1f96e96e elementor-section-boxed elementor-section-height-default elementor-section-height-default\" data-id=\"1f96e96e\" data-element_type=\"section\" data-settings=\"{&quot;jet_parallax_layout_list&quot;:[],&quot;_ha_eqh_enable&quot;:false}\">\n\t\t\t\t\t\t<div class=\"elementor-container elementor-column-gap-default\">\n\t\t\t\t\t<div class=\"elementor-column elementor-col-100 elementor-top-column elementor-element elementor-element-6a7946db\" data-id=\"6a7946db\" data-element_type=\"column\">\n\t\t\t<div class=\"elementor-widget-wrap elementor-element-populated\">\n\t\t\t\t\t\t<div class=\"elementor-element elementor-element-1b2cda19 elementor-tabs-view-horizontal elementor-widget elementor-widget-tabs\" data-id=\"1b2cda19\" data-element_type=\"widget\" data-widget_type=\"tabs.default\">\n\t\t\t\t<div class=\"elementor-widget-container\">\n\t\t\t\t\t\t\t<div class=\"elementor-tabs\">\n\t\t\t<div class=\"elementor-tabs-wrapper\" role=\"tablist\" >\n\t\t\t\t\t\t\t\t\t<div id=\"elementor-tab-title-4551\" class=\"elementor-tab-title elementor-tab-desktop-title\" aria-selected=\"true\" data-tab=\"1\" role=\"tab\" tabindex=\"0\" aria-controls=\"elementor-tab-content-4551\" aria-expanded=\"false\">Resumen<\/div>\n\t\t\t\t\t\t\t\t\t<div id=\"elementor-tab-title-4552\" class=\"elementor-tab-title elementor-tab-desktop-title\" aria-selected=\"false\" data-tab=\"2\" role=\"tab\" tabindex=\"-1\" aria-controls=\"elementor-tab-content-4552\" aria-expanded=\"false\">Detalles t\u00e9cnicos<\/div>\n\t\t\t\t\t\t\t<\/div>\n\t\t\t<div class=\"elementor-tabs-content-wrapper\" role=\"tablist\" aria-orientation=\"vertical\">\n\t\t\t\t\t\t\t\t\t<div class=\"elementor-tab-title elementor-tab-mobile-title\" aria-selected=\"true\" data-tab=\"1\" role=\"tab\" tabindex=\"0\" aria-controls=\"elementor-tab-content-4551\" aria-expanded=\"false\">Resumen<\/div>\n\t\t\t\t\t<div id=\"elementor-tab-content-4551\" class=\"elementor-tab-content elementor-clearfix\" data-tab=\"1\" role=\"tabpanel\" aria-labelledby=\"elementor-tab-title-4551\" tabindex=\"0\" hidden=\"false\"><h2><b>Gafas inteligentes para la industria: robustas, resistentes y profesionales<\/b><\/h2><p><span style=\"font-weight: 400;\">La Realwear HMT-1 es una robusta gafa de datos para uso en la industria. Ofrece control por voz. Cuatro micr\u00f3fonos y la avanzada tecnolog\u00eda de IA garantizan su funcionamiento incluso en las zonas m\u00e1s ruidosas. Las gafas AR se pueden montar f\u00e1cilmente en cascos y gafas de seguridad. La unidad tiene la certificaci\u00f3n IP66 y la verificaci\u00f3n MIL-STD-810G. Esto significa que las gafas de datos siguen siendo utilizables incluso a temperaturas extremas entre -20\u00b0 C y +50\u00b0 C y son resistentes a las ca\u00eddas hasta una altura de 2 metros. Tambi\u00e9n hay otra gafa de datos, la HMT-1-Z1, que est\u00e1 aprobada para su uso en \u00e1reas peligrosas ATEX Zona 1.  <\/span><\/p><h2> <\/h2><h2><b>Gafas inteligentes Realweare con 8 horas de funcionamiento y tres a\u00f1os de garant\u00eda<\/b><\/h2><p><span style=\"font-weight: 400;\">Las gafas de datos de Realweare le ofrecen la misma funcionalidad que una tableta que puede utilizar con las manos libres. La pantalla monocular, que se coloca directamente delante del ojo, parece de 7 pulgadas. De este modo, siempre tendr\u00e1 una visi\u00f3n general de lo que est\u00e1 ocurriendo. Ahora puede realizar videollamadas, gestionar documentos o documentar asuntos por voz. La visualizaci\u00f3n de los datos del IoT tambi\u00e9n es posible con el Realweare HMT-1.  <\/span><\/p><h2> <\/h2><p><span style=\"font-weight: 400;\">Una bater\u00eda de 3250 mAh le proporciona una larga autonom\u00eda de hasta 8 horas, por lo que podr\u00e1 utilizar el HMT-1 durante todo un turno sin interrupciones. El HMT-1 cuenta con una garant\u00eda de tres a\u00f1os que cubre el dispositivo en caso de da\u00f1os y le da acceso a una amplia base de conocimientos para ayudarle a sacar el m\u00e1ximo partido a sus gafas de datos.  <\/span><\/p><\/div>\n\t\t\t\t\t\t\t\t\t<div class=\"elementor-tab-title elementor-tab-mobile-title\" aria-selected=\"false\" data-tab=\"2\" role=\"tab\" tabindex=\"-1\" aria-controls=\"elementor-tab-content-4552\" aria-expanded=\"false\">Detalles t\u00e9cnicos<\/div>\n\t\t\t\t\t<div id=\"elementor-tab-content-4552\" class=\"elementor-tab-content elementor-clearfix\" data-tab=\"2\" role=\"tabpanel\" aria-labelledby=\"elementor-tab-title-4552\" tabindex=\"0\" hidden=\"hidden\"><ul><li style=\"font-weight: 400;\"><span style=\"font-weight: 400;\">Android 8.1.0 (AOSP) + kit de manos libres WearHF\u2122.<\/span><\/li><li style=\"font-weight: 400;\"><span style=\"font-weight: 400;\">Qualcomm\u00ae Snapdragon\u2122 625 de 8 n\u00facleos a 2,0 GHz con GPU Adreno 506 &#8211; OpenGL ES 3.1 y OpenCL 2.0<\/span><\/li><li style=\"font-weight: 400;\"><span style=\"font-weight: 400;\">16 GB de memoria interna \/ 2 GB de RAM \/ ranura MicroSD (tarjeta m\u00e1xima admitida de 256 GB)<\/span><\/li><li style=\"font-weight: 400;\"><span style=\"font-weight: 400;\">Aplicaciones incluidas: Navegador de documentos, c\u00e1mara con lector de c\u00f3digos de barras, grabador de v\u00eddeo, reproductor multimedia<\/span><\/li><li style=\"font-weight: 400;\"><span style=\"font-weight: 400;\">Bluetooth<\/span><\/li><li style=\"font-weight: 400;\"><span style=\"font-weight: 400;\">Wi-Fi 802.11 a\/b\/g\/n\/ac &#8211; 2,4GHz y 5GHz<\/span><\/li><li style=\"font-weight: 400;\"><span style=\"font-weight: 400;\">GPS, GLONASS, A-GPS<\/span><\/li><li style=\"font-weight: 400;\"><span style=\"font-weight: 400;\">9-DOF (aceler\u00f3metro de 3 ejes, magnet\u00f3metro y giroscopio), estabilizaci\u00f3n asistida por software<\/span><\/li><li style=\"font-weight: 400;\"><span style=\"font-weight: 400;\">Bater\u00eda de iones de litio de 3250 mAh, recargable y sustituible por el usuario<\/span><\/li><li style=\"font-weight: 400;\"><span style=\"font-weight: 400;\">380g de peso<\/span><\/li><li style=\"font-weight: 400;\"><span style=\"font-weight: 400;\">Certificado seg\u00fan IP66 y MIL-STD-810G<\/span><\/li><li style=\"font-weight: 400;\"><span style=\"font-weight: 400;\">Prueba de ca\u00edda de 2 metros<\/span><\/li><li style=\"font-weight: 400;\"><span style=\"font-weight: 400;\">Audio de 3,5 mm<\/span><\/li><li style=\"font-weight: 400;\"><span style=\"font-weight: 400;\">1 Micro USB<\/span><\/li><li style=\"font-weight: 400;\"><span style=\"font-weight: 400;\">1 USB Tipo-C<\/span><\/li><li style=\"font-weight: 400;\"><span style=\"font-weight: 400;\">Pantalla con 20\u00b0 de campo de visi\u00f3n, 24 colores y resoluci\u00f3n WVGA (854\u00d7480)<\/span><\/li><li style=\"font-weight: 400;\"><span style=\"font-weight: 400;\">Micr\u00f3fono<\/span><\/li><li style=\"font-weight: 400;\"><span style=\"font-weight: 400;\">4 micr\u00f3fonos digitales con reducci\u00f3n activa del ruido<\/span><\/li><li style=\"font-weight: 400;\"><span style=\"font-weight: 400;\">Reconocimiento de voz preciso incluso con el ruido industrial t\u00edpico de 95 dBA<\/span><\/li><li style=\"font-weight: 400;\"><span style=\"font-weight: 400;\">Altavoz interno de 91 dBA<\/span><\/li><li style=\"font-weight: 400;\"><span style=\"font-weight: 400;\">C\u00e1mara: 16 MP con estabilizaci\u00f3n de imagen \u00f3ptica de 4 ejes, PDAF con flash LED<\/span><\/li><li style=\"font-weight: 400;\"><span style=\"font-weight: 400;\">V\u00eddeo: Hasta 1080p @30fps. C\u00f3decs: VP8, VP9 y soporte de codificaci\u00f3n por hardware para H.264, H.265 HEVC<\/span><\/li><li style=\"font-weight: 400;\"><span style=\"font-weight: 400;\">Accesorios: cargador de pared para la bater\u00eda, cable de carga USB Type-C, adaptador de USB Type-C a USB Micro, correa para la cabeza, almohadilla para la cabeza, paquete de bater\u00edas extra\u00edble<\/span><\/li><\/ul><p> <\/p><\/div>\n\t\t\t\t\t\t\t<\/div>\n\t\t<\/div>\n\t\t\t\t\t\t<\/div>\n\t\t\t\t<\/div>\n\t\t\t\t\t<\/div>\n\t\t<\/div>\n\t\t\t\t\t<\/div>\n\t\t<\/section>\n\t\t\t\t<\/div>\n\t\t","protected":false},"excerpt":{"rendered":"<ul>\n<li><b>Gafas de datos resistentes para la industria con certificaci\u00f3n IP66 y MIL-STD-810<\/b><\/li>\n<li><b>Funcionamiento a manos libres:<\/b><span style=\"font-weight: 400;\"> Sistema operativo basado en la voz, reconocimiento local del habla en zonas ruidosas<\/span><\/li>\n<li><b>Utilizar con equipo de seguridad:<\/b><span style=\"font-weight: 400;\"> Para usar con cascos duros est\u00e1ndar, gorras de protecci\u00f3n y gafas de seguridad.<\/span><\/li>\n<li><b>Mantenga una visi\u00f3n general en todo momento:<\/b> gran pantalla con un campo de visi\u00f3n de 20 grados de diagonal<\/li>\n<\/ul>\n","protected":false},"featured_media":20686,"comment_status":"open","ping_status":"closed","template":"","meta":{"_acf_changed":false},"product_brand":[],"product_cat":[1381,1341],"product_tag":[],"class_list":{"0":"post-34587","1":"product","2":"type-product","3":"status-publish","4":"has-post-thumbnail","6":"product_cat-gafas-inteligentes","7":"product_cat-shop-es","8":"pa_hersteller-realwear-es","10":"first","11":"instock","12":"taxable","13":"shipping-taxable","14":"purchasable","15":"product-type-simple"},"acf":[],"yoast_head":"<!-- This site is optimized with the Yoast SEO Premium plugin v20.10 (Yoast SEO v24.3) - https:\/\/yoast.com\/wordpress\/plugins\/seo\/ -->\n<title>Comprar Realwear HMT-1 (2022) - ALEGER \u22c6 Augmented Reality<\/title>\n<meta name=\"description\" content=\"Aqu\u00ed en Aleger puedes conseguir el HMT-1 de Realwear. Estaremos encantados de asesorarte sobre el uso eficiente, la instalaci\u00f3n de aplicaciones y mucho m\u00e1s.\" \/>\n<meta name=\"robots\" content=\"index, follow, max-snippet:-1, max-image-preview:large, max-video-preview:-1\" \/>\n<meta property=\"og:locale\" content=\"es_ES\" \/>\n<meta property=\"og:type\" content=\"article\" \/>\n<meta property=\"og:title\" content=\"RealWear HMT-1, gafas industriales inteligentes, pantalla de 20 grados, IP66 MIL-STD-810G\" \/>\n<meta property=\"og:description\" content=\"Aqu\u00ed en Aleger puedes conseguir el HMT-1 de Realwear. Estaremos encantados de asesorarte sobre el uso eficiente, la instalaci\u00f3n de aplicaciones y mucho m\u00e1s.\" \/>\n<meta property=\"og:url\" content=\"https:\/\/alegerglobal.com\/es\/shop-es\/gafas-inteligentes\/realwear-hmt-1\/\" \/>\n<meta property=\"og:site_name\" content=\"ALEGER \u22c6 Augmented Reality\" \/>\n<meta property=\"article:modified_time\" content=\"2022-05-20T06:35:13+00:00\" \/>\n<meta property=\"og:image\" content=\"https:\/\/alegerglobal.com\/wp-content\/uploads\/2021\/01\/Unbenannt-29.jpg\" \/>\n\t<meta property=\"og:image:width\" content=\"800\" \/>\n\t<meta property=\"og:image:height\" content=\"800\" \/>\n\t<meta property=\"og:image:type\" content=\"image\/jpeg\" \/>\n<meta name=\"twitter:card\" content=\"summary_large_image\" \/>\n<meta name=\"twitter:label1\" content=\"Precio\" \/>\n\t<meta name=\"twitter:data1\" content=\"&euro;1.795,50\" \/>\n\t<meta name=\"twitter:label2\" content=\"Disponibilidad\" \/>\n\t<meta name=\"twitter:data2\" content=\"Disponible\" \/>\n<script type=\"application\/ld+json\" class=\"yoast-schema-graph\">{\"@context\":\"https:\/\/schema.org\",\"@graph\":[{\"@type\":\"WebPage\",\"@id\":\"https:\/\/alegerglobal.com\/es\/shop-es\/gafas-inteligentes\/realwear-hmt-1\/\",\"url\":\"https:\/\/alegerglobal.com\/es\/shop-es\/gafas-inteligentes\/realwear-hmt-1\/\",\"name\":\"Comprar Realwear HMT-1 (2022) - ALEGER \u22c6 Augmented Reality\",\"isPartOf\":{\"@id\":\"https:\/\/alegerglobal.com\/es\/#website\"},\"primaryImageOfPage\":{\"@id\":\"https:\/\/alegerglobal.com\/es\/shop-es\/gafas-inteligentes\/realwear-hmt-1\/#primaryimage\"},\"image\":{\"@id\":\"https:\/\/alegerglobal.com\/es\/shop-es\/gafas-inteligentes\/realwear-hmt-1\/#primaryimage\"},\"thumbnailUrl\":\"https:\/\/alegerglobal.com\/wp-content\/uploads\/2021\/01\/Unbenannt-29.jpg\",\"datePublished\":\"2022-05-18T11:37:32+00:00\",\"dateModified\":\"2022-05-20T06:35:13+00:00\",\"description\":\"Aqu\u00ed en Aleger puedes conseguir el HMT-1 de Realwear. Estaremos encantados de asesorarte sobre el uso eficiente, la instalaci\u00f3n de aplicaciones y mucho m\u00e1s.\",\"breadcrumb\":{\"@id\":\"https:\/\/alegerglobal.com\/es\/shop-es\/gafas-inteligentes\/realwear-hmt-1\/#breadcrumb\"},\"inLanguage\":\"es\",\"potentialAction\":[{\"@type\":\"ReadAction\",\"target\":[\"https:\/\/alegerglobal.com\/es\/shop-es\/gafas-inteligentes\/realwear-hmt-1\/\"]}]},{\"@type\":\"ImageObject\",\"inLanguage\":\"es\",\"@id\":\"https:\/\/alegerglobal.com\/es\/shop-es\/gafas-inteligentes\/realwear-hmt-1\/#primaryimage\",\"url\":\"https:\/\/alegerglobal.com\/wp-content\/uploads\/2021\/01\/Unbenannt-29.jpg\",\"contentUrl\":\"https:\/\/alegerglobal.com\/wp-content\/uploads\/2021\/01\/Unbenannt-29.jpg\",\"width\":800,\"height\":800,\"caption\":\"Comprar RealWear HMT-1 en ALEGER\"},{\"@type\":\"BreadcrumbList\",\"@id\":\"https:\/\/alegerglobal.com\/es\/shop-es\/gafas-inteligentes\/realwear-hmt-1\/#breadcrumb\",\"itemListElement\":[{\"@type\":\"ListItem\",\"position\":1,\"name\":\"Home\",\"item\":\"https:\/\/alegerglobal.com\/es\/nuevo-pagina-de-inicio\/\"},{\"@type\":\"ListItem\",\"position\":2,\"name\":\"Productos\",\"item\":\"https:\/\/alegerglobal.com\/es\/productos\/\"},{\"@type\":\"ListItem\",\"position\":3,\"name\":\"RealWear HMT-1, gafas industriales inteligentes, pantalla de 20 grados, IP66 MIL-STD-810G\"}]},{\"@type\":\"WebSite\",\"@id\":\"https:\/\/alegerglobal.com\/es\/#website\",\"url\":\"https:\/\/alegerglobal.com\/es\/\",\"name\":\"ALEGER \u22c6 Augmented Reality\",\"description\":\"Die besten Augmented Reality (AR) L\u00f6sungen der Welt.\",\"publisher\":{\"@id\":\"https:\/\/alegerglobal.com\/es\/#organization\"},\"potentialAction\":[{\"@type\":\"SearchAction\",\"target\":{\"@type\":\"EntryPoint\",\"urlTemplate\":\"https:\/\/alegerglobal.com\/es\/?s={search_term_string}\"},\"query-input\":{\"@type\":\"PropertyValueSpecification\",\"valueRequired\":true,\"valueName\":\"search_term_string\"}}],\"inLanguage\":\"es\"},{\"@type\":\"Organization\",\"@id\":\"https:\/\/alegerglobal.com\/es\/#organization\",\"name\":\"ALEGER \u22c6 Augmented Reality\",\"url\":\"https:\/\/alegerglobal.com\/es\/\",\"logo\":{\"@type\":\"ImageObject\",\"inLanguage\":\"es\",\"@id\":\"https:\/\/alegerglobal.com\/es\/#\/schema\/logo\/image\/\",\"url\":\"https:\/\/alegerglobal.com\/wp-content\/uploads\/2020\/12\/aleger-logo-quadrat.jpg\",\"contentUrl\":\"https:\/\/alegerglobal.com\/wp-content\/uploads\/2020\/12\/aleger-logo-quadrat.jpg\",\"width\":200,\"height\":176,\"caption\":\"ALEGER \u22c6 Augmented Reality\"},\"image\":{\"@id\":\"https:\/\/alegerglobal.com\/es\/#\/schema\/logo\/image\/\"}}]}<\/script>\n<meta property=\"product:brand\" content=\"RealWear\" \/>\n<meta property=\"product:price:amount\" content=\"1795.50\" \/>\n<meta property=\"product:price:currency\" content=\"EUR\" \/>\n<meta property=\"og:availability\" content=\"instock\" \/>\n<meta property=\"product:availability\" content=\"instock\" \/>\n<meta property=\"product:condition\" content=\"new\" \/>\n<!-- \/ Yoast SEO Premium plugin. -->","yoast_head_json":{"title":"Comprar Realwear HMT-1 (2022) - ALEGER \u22c6 Augmented Reality","description":"Aqu\u00ed en Aleger puedes conseguir el HMT-1 de Realwear. Estaremos encantados de asesorarte sobre el uso eficiente, la instalaci\u00f3n de aplicaciones y mucho m\u00e1s.","robots":{"index":"index","follow":"follow","max-snippet":"max-snippet:-1","max-image-preview":"max-image-preview:large","max-video-preview":"max-video-preview:-1"},"og_locale":"es_ES","og_type":"article","og_title":"RealWear HMT-1, gafas industriales inteligentes, pantalla de 20 grados, IP66 MIL-STD-810G","og_description":"Aqu\u00ed en Aleger puedes conseguir el HMT-1 de Realwear. Estaremos encantados de asesorarte sobre el uso eficiente, la instalaci\u00f3n de aplicaciones y mucho m\u00e1s.","og_url":"https:\/\/alegerglobal.com\/es\/shop-es\/gafas-inteligentes\/realwear-hmt-1\/","og_site_name":"ALEGER \u22c6 Augmented Reality","article_modified_time":"2022-05-20T06:35:13+00:00","og_image":[{"width":800,"height":800,"url":"https:\/\/alegerglobal.com\/wp-content\/uploads\/2021\/01\/Unbenannt-29.jpg","type":"image\/jpeg"}],"twitter_card":"summary_large_image","twitter_misc":{"Precio":"&euro;1.795,50","Disponibilidad":"Disponible"},"schema":{"@context":"https:\/\/schema.org","@graph":[{"@type":"WebPage","@id":"https:\/\/alegerglobal.com\/es\/shop-es\/gafas-inteligentes\/realwear-hmt-1\/","url":"https:\/\/alegerglobal.com\/es\/shop-es\/gafas-inteligentes\/realwear-hmt-1\/","name":"Comprar Realwear HMT-1 (2022) - ALEGER \u22c6 Augmented Reality","isPartOf":{"@id":"https:\/\/alegerglobal.com\/es\/#website"},"primaryImageOfPage":{"@id":"https:\/\/alegerglobal.com\/es\/shop-es\/gafas-inteligentes\/realwear-hmt-1\/#primaryimage"},"image":{"@id":"https:\/\/alegerglobal.com\/es\/shop-es\/gafas-inteligentes\/realwear-hmt-1\/#primaryimage"},"thumbnailUrl":"https:\/\/alegerglobal.com\/wp-content\/uploads\/2021\/01\/Unbenannt-29.jpg","datePublished":"2022-05-18T11:37:32+00:00","dateModified":"2022-05-20T06:35:13+00:00","description":"Aqu\u00ed en Aleger puedes conseguir el HMT-1 de Realwear. Estaremos encantados de asesorarte sobre el uso eficiente, la instalaci\u00f3n de aplicaciones y mucho m\u00e1s.","breadcrumb":{"@id":"https:\/\/alegerglobal.com\/es\/shop-es\/gafas-inteligentes\/realwear-hmt-1\/#breadcrumb"},"inLanguage":"es","potentialAction":[{"@type":"ReadAction","target":["https:\/\/alegerglobal.com\/es\/shop-es\/gafas-inteligentes\/realwear-hmt-1\/"]}]},{"@type":"ImageObject","inLanguage":"es","@id":"https:\/\/alegerglobal.com\/es\/shop-es\/gafas-inteligentes\/realwear-hmt-1\/#primaryimage","url":"https:\/\/alegerglobal.com\/wp-content\/uploads\/2021\/01\/Unbenannt-29.jpg","contentUrl":"https:\/\/alegerglobal.com\/wp-content\/uploads\/2021\/01\/Unbenannt-29.jpg","width":800,"height":800,"caption":"Comprar RealWear HMT-1 en ALEGER"},{"@type":"BreadcrumbList","@id":"https:\/\/alegerglobal.com\/es\/shop-es\/gafas-inteligentes\/realwear-hmt-1\/#breadcrumb","itemListElement":[{"@type":"ListItem","position":1,"name":"Home","item":"https:\/\/alegerglobal.com\/es\/nuevo-pagina-de-inicio\/"},{"@type":"ListItem","position":2,"name":"Productos","item":"https:\/\/alegerglobal.com\/es\/productos\/"},{"@type":"ListItem","position":3,"name":"RealWear HMT-1, gafas industriales inteligentes, pantalla de 20 grados, IP66 MIL-STD-810G"}]},{"@type":"WebSite","@id":"https:\/\/alegerglobal.com\/es\/#website","url":"https:\/\/alegerglobal.com\/es\/","name":"ALEGER \u22c6 Augmented Reality","description":"Die besten Augmented Reality (AR) L\u00f6sungen der Welt.","publisher":{"@id":"https:\/\/alegerglobal.com\/es\/#organization"},"potentialAction":[{"@type":"SearchAction","target":{"@type":"EntryPoint","urlTemplate":"https:\/\/alegerglobal.com\/es\/?s={search_term_string}"},"query-input":{"@type":"PropertyValueSpecification","valueRequired":true,"valueName":"search_term_string"}}],"inLanguage":"es"},{"@type":"Organization","@id":"https:\/\/alegerglobal.com\/es\/#organization","name":"ALEGER \u22c6 Augmented Reality","url":"https:\/\/alegerglobal.com\/es\/","logo":{"@type":"ImageObject","inLanguage":"es","@id":"https:\/\/alegerglobal.com\/es\/#\/schema\/logo\/image\/","url":"https:\/\/alegerglobal.com\/wp-content\/uploads\/2020\/12\/aleger-logo-quadrat.jpg","contentUrl":"https:\/\/alegerglobal.com\/wp-content\/uploads\/2020\/12\/aleger-logo-quadrat.jpg","width":200,"height":176,"caption":"ALEGER \u22c6 Augmented Reality"},"image":{"@id":"https:\/\/alegerglobal.com\/es\/#\/schema\/logo\/image\/"}}]},"product_brand":"RealWear","product_price_amount":"1795.50","product_price_currency":"EUR","og_availability":"instock","product_availability":"instock","product_condition":"new"},"_links":{"self":[{"href":"https:\/\/alegerglobal.com\/es\/wp-json\/wp\/v2\/product\/34587","targetHints":{"allow":["GET"]}}],"collection":[{"href":"https:\/\/alegerglobal.com\/es\/wp-json\/wp\/v2\/product"}],"about":[{"href":"https:\/\/alegerglobal.com\/es\/wp-json\/wp\/v2\/types\/product"}],"replies":[{"embeddable":true,"href":"https:\/\/alegerglobal.com\/es\/wp-json\/wp\/v2\/comments?post=34587"}],"version-history":[{"count":3,"href":"https:\/\/alegerglobal.com\/es\/wp-json\/wp\/v2\/product\/34587\/revisions"}],"predecessor-version":[{"id":35838,"href":"https:\/\/alegerglobal.com\/es\/wp-json\/wp\/v2\/product\/34587\/revisions\/35838"}],"wp:featuredmedia":[{"embeddable":true,"href":"https:\/\/alegerglobal.com\/es\/wp-json\/wp\/v2\/media\/20686"}],"wp:attachment":[{"href":"https:\/\/alegerglobal.com\/es\/wp-json\/wp\/v2\/media?parent=34587"}],"wp:term":[{"taxonomy":"product_brand","embeddable":true,"href":"https:\/\/alegerglobal.com\/es\/wp-json\/wp\/v2\/product_brand?post=34587"},{"taxonomy":"product_cat","embeddable":true,"href":"https:\/\/alegerglobal.com\/es\/wp-json\/wp\/v2\/product_cat?post=34587"},{"taxonomy":"product_tag","embeddable":true,"href":"https:\/\/alegerglobal.com\/es\/wp-json\/wp\/v2\/product_tag?post=34587"}],"curies":[{"name":"wp","href":"https:\/\/api.w.org\/{rel}","templated":true}]}}