{"id":34581,"date":"2021-03-10T08:31:24","date_gmt":"2022-05-18T11:37:26","guid":{"rendered":"https:\/\/alegerglobal.com\/sin categor\u00eda\/getac-x500-server-portatil-resistente-mil-std-810h-ip65-156-pulgadas-raid-5-windows-server-2016\/"},"modified":"2022-05-18T12:37:26","modified_gmt":"2022-05-18T11:37:26","slug":"servidor-getac-x500","status":"publish","type":"product","link":"https:\/\/alegerglobal.com\/es\/shop-es\/portatil-robusto-es\/servidor-getac-x500\/","title":{"rendered":"GETAC X500 SERVER, port\u00e1til resistente, MIL-STD-810H, IP65, 15,6 pulgadas, RAID 5, Windows Server 2016"},"content":{"rendered":"","protected":false},"excerpt":{"rendered":"<p>&nbsp;<\/p>\n<ul>\n<li aria-level=\"1\"><b>Port\u00e1til robusto con certificaci\u00f3n IP65 con MIL-STD-810H y MIL-STD-461G y verificaci\u00f3n IP65<\/b><\/li>\n<li aria-level=\"1\"><b>Hardware r\u00e1pido: <\/b><span style=\"font-weight: 400;\">Procesador Intel Xeon, GTX 1050, 32 GB de RAM<\/span><\/li>\n<li aria-level=\"1\"><b>Personalizable seg\u00fan sus necesidades: <\/b><span style=\"font-weight: 400;\">Procesador m\u00e1s r\u00e1pido, hasta 64 GB de memoria, tarjeta gr\u00e1fica externa y hasta 5 discos duros de 1 TB en RAID5.<\/span><\/li>\n<li aria-level=\"1\"><b>Pantalla de alta resoluci\u00f3n y gran tama\u00f1o: <\/b><span style=\"font-weight: 400;\">Pantalla de 15,6 pulgadas (aprox. 40 cm) con 1920 x 1080 px y 1000 nits de brillo<\/span><\/li>\n<li aria-level=\"1\"><b>Conexiones flexibles: <\/b><span style=\"font-weight: 400;\">Dos puertos serie para conectar dispositivos externos<\/span><\/li>\n<li aria-level=\"1\"><b>Bater\u00eda de 8700 mAh para 20 horas de duraci\u00f3n<\/b><\/li>\n<li aria-level=\"1\"><b>Mantente siempre conectado:<\/b><span style=\"font-weight: 400;\"> Dos puertos Ethernet<\/span><\/li>\n<li aria-level=\"1\"><b>Larga garant\u00eda: 5 a\u00f1os de <\/b>garant\u00eda de parachoques a parachoques<\/li>\n<\/ul>\n","protected":false},"featured_media":20355,"comment_status":"open","ping_status":"closed","template":"","meta":{"_acf_changed":false},"product_brand":[],"product_cat":[1369,1341],"product_tag":[],"class_list":{"0":"post-34581","1":"product","2":"type-product","3":"status-publish","4":"has-post-thumbnail","6":"product_cat-portatil-robusto-es","7":"product_cat-shop-es","8":"pa_hersteller-getac-es","10":"first","11":"instock","12":"taxable","13":"shipping-taxable","14":"purchasable","15":"product-type-simple"},"acf":[],"yoast_head":"<!-- This site is optimized with the Yoast SEO Premium plugin v20.10 (Yoast SEO v24.3) - https:\/\/yoast.com\/wordpress\/plugins\/seo\/ -->\n<title>Comprar GETAC X500 SERVER (2022) - ALEGER \u22c6 Augmented Reality<\/title>\n<meta name=\"description\" content=\"Descubra el port\u00e1til robusto X500 aqu\u00ed Con el X500, Getac ofrece un servidor m\u00f3vil para su uso en condiciones adversas.\" \/>\n<meta name=\"robots\" content=\"index, follow, max-snippet:-1, max-image-preview:large, max-video-preview:-1\" \/>\n<meta property=\"og:locale\" content=\"es_ES\" \/>\n<meta property=\"og:type\" content=\"article\" \/>\n<meta property=\"og:title\" content=\"GETAC X500 SERVER, port\u00e1til resistente, MIL-STD-810H, IP65, 15,6 pulgadas, RAID 5, Windows Server 2016\" \/>\n<meta property=\"og:description\" content=\"Descubra el port\u00e1til robusto X500 aqu\u00ed Con el X500, Getac ofrece un servidor m\u00f3vil para su uso en condiciones adversas.\" \/>\n<meta property=\"og:url\" content=\"https:\/\/alegerglobal.com\/es\/shop-es\/portatil-robusto-es\/servidor-getac-x500\/\" \/>\n<meta property=\"og:site_name\" content=\"ALEGER \u22c6 Augmented Reality\" \/>\n<meta property=\"og:image\" content=\"https:\/\/alegerglobal.com\/wp-content\/uploads\/2021\/01\/x500-server_1-1.png\" \/>\n\t<meta property=\"og:image:width\" content=\"1280\" \/>\n\t<meta property=\"og:image:height\" content=\"1280\" \/>\n\t<meta property=\"og:image:type\" content=\"image\/png\" \/>\n<meta name=\"twitter:card\" content=\"summary_large_image\" \/>\n<meta name=\"twitter:label1\" content=\"Precio\" \/>\n\t<meta name=\"twitter:data1\" content=\"&euro;9.180,99\" \/>\n\t<meta name=\"twitter:label2\" content=\"Disponibilidad\" \/>\n\t<meta name=\"twitter:data2\" content=\"Disponible\" \/>\n<script type=\"application\/ld+json\" class=\"yoast-schema-graph\">{\"@context\":\"https:\/\/schema.org\",\"@graph\":[{\"@type\":\"WebPage\",\"@id\":\"https:\/\/alegerglobal.com\/es\/shop-es\/portatil-robusto-es\/servidor-getac-x500\/\",\"url\":\"https:\/\/alegerglobal.com\/es\/shop-es\/portatil-robusto-es\/servidor-getac-x500\/\",\"name\":\"Comprar GETAC X500 SERVER (2022) - ALEGER \u22c6 Augmented Reality\",\"isPartOf\":{\"@id\":\"https:\/\/alegerglobal.com\/es\/#website\"},\"primaryImageOfPage\":{\"@id\":\"https:\/\/alegerglobal.com\/es\/shop-es\/portatil-robusto-es\/servidor-getac-x500\/#primaryimage\"},\"image\":{\"@id\":\"https:\/\/alegerglobal.com\/es\/shop-es\/portatil-robusto-es\/servidor-getac-x500\/#primaryimage\"},\"thumbnailUrl\":\"https:\/\/alegerglobal.com\/wp-content\/uploads\/2021\/01\/x500-server_1-1.png\",\"datePublished\":\"2022-05-18T11:37:26+00:00\",\"dateModified\":\"2022-05-18T11:37:26+00:00\",\"description\":\"Descubra el port\u00e1til robusto X500 aqu\u00ed Con el X500, Getac ofrece un servidor m\u00f3vil para su uso en condiciones adversas.\",\"breadcrumb\":{\"@id\":\"https:\/\/alegerglobal.com\/es\/shop-es\/portatil-robusto-es\/servidor-getac-x500\/#breadcrumb\"},\"inLanguage\":\"es\",\"potentialAction\":[{\"@type\":\"ReadAction\",\"target\":[\"https:\/\/alegerglobal.com\/es\/shop-es\/portatil-robusto-es\/servidor-getac-x500\/\"]}]},{\"@type\":\"ImageObject\",\"inLanguage\":\"es\",\"@id\":\"https:\/\/alegerglobal.com\/es\/shop-es\/portatil-robusto-es\/servidor-getac-x500\/#primaryimage\",\"url\":\"https:\/\/alegerglobal.com\/wp-content\/uploads\/2021\/01\/x500-server_1-1.png\",\"contentUrl\":\"https:\/\/alegerglobal.com\/wp-content\/uploads\/2021\/01\/x500-server_1-1.png\",\"width\":1280,\"height\":1280,\"caption\":\"SERVIDOR GETAC X500\"},{\"@type\":\"BreadcrumbList\",\"@id\":\"https:\/\/alegerglobal.com\/es\/shop-es\/portatil-robusto-es\/servidor-getac-x500\/#breadcrumb\",\"itemListElement\":[{\"@type\":\"ListItem\",\"position\":1,\"name\":\"Home\",\"item\":\"https:\/\/alegerglobal.com\/es\/nuevo-pagina-de-inicio\/\"},{\"@type\":\"ListItem\",\"position\":2,\"name\":\"Productos\",\"item\":\"https:\/\/alegerglobal.com\/es\/productos\/\"},{\"@type\":\"ListItem\",\"position\":3,\"name\":\"GETAC X500 SERVER, port\u00e1til resistente, MIL-STD-810H, IP65, 15,6 pulgadas, RAID 5, Windows Server 2016\"}]},{\"@type\":\"WebSite\",\"@id\":\"https:\/\/alegerglobal.com\/es\/#website\",\"url\":\"https:\/\/alegerglobal.com\/es\/\",\"name\":\"ALEGER \u22c6 Augmented Reality\",\"description\":\"Die besten Augmented Reality (AR) L\u00f6sungen der Welt.\",\"publisher\":{\"@id\":\"https:\/\/alegerglobal.com\/es\/#organization\"},\"potentialAction\":[{\"@type\":\"SearchAction\",\"target\":{\"@type\":\"EntryPoint\",\"urlTemplate\":\"https:\/\/alegerglobal.com\/es\/?s={search_term_string}\"},\"query-input\":{\"@type\":\"PropertyValueSpecification\",\"valueRequired\":true,\"valueName\":\"search_term_string\"}}],\"inLanguage\":\"es\"},{\"@type\":\"Organization\",\"@id\":\"https:\/\/alegerglobal.com\/es\/#organization\",\"name\":\"ALEGER \u22c6 Augmented Reality\",\"url\":\"https:\/\/alegerglobal.com\/es\/\",\"logo\":{\"@type\":\"ImageObject\",\"inLanguage\":\"es\",\"@id\":\"https:\/\/alegerglobal.com\/es\/#\/schema\/logo\/image\/\",\"url\":\"https:\/\/alegerglobal.com\/wp-content\/uploads\/2020\/12\/aleger-logo-quadrat.jpg\",\"contentUrl\":\"https:\/\/alegerglobal.com\/wp-content\/uploads\/2020\/12\/aleger-logo-quadrat.jpg\",\"width\":200,\"height\":176,\"caption\":\"ALEGER \u22c6 Augmented Reality\"},\"image\":{\"@id\":\"https:\/\/alegerglobal.com\/es\/#\/schema\/logo\/image\/\"}}]}<\/script>\n<meta property=\"product:brand\" content=\"Getac\" \/>\n<meta property=\"product:price:amount\" content=\"9180.99\" \/>\n<meta property=\"product:price:currency\" content=\"EUR\" \/>\n<meta property=\"og:availability\" content=\"instock\" \/>\n<meta property=\"product:availability\" content=\"instock\" \/>\n<meta property=\"product:condition\" content=\"new\" \/>\n<!-- \/ Yoast SEO Premium plugin. -->","yoast_head_json":{"title":"Comprar GETAC X500 SERVER (2022) - ALEGER \u22c6 Augmented Reality","description":"Descubra el port\u00e1til robusto X500 aqu\u00ed Con el X500, Getac ofrece un servidor m\u00f3vil para su uso en condiciones adversas.","robots":{"index":"index","follow":"follow","max-snippet":"max-snippet:-1","max-image-preview":"max-image-preview:large","max-video-preview":"max-video-preview:-1"},"og_locale":"es_ES","og_type":"article","og_title":"GETAC X500 SERVER, port\u00e1til resistente, MIL-STD-810H, IP65, 15,6 pulgadas, RAID 5, Windows Server 2016","og_description":"Descubra el port\u00e1til robusto X500 aqu\u00ed Con el X500, Getac ofrece un servidor m\u00f3vil para su uso en condiciones adversas.","og_url":"https:\/\/alegerglobal.com\/es\/shop-es\/portatil-robusto-es\/servidor-getac-x500\/","og_site_name":"ALEGER \u22c6 Augmented Reality","og_image":[{"width":1280,"height":1280,"url":"https:\/\/alegerglobal.com\/wp-content\/uploads\/2021\/01\/x500-server_1-1.png","type":"image\/png"}],"twitter_card":"summary_large_image","twitter_misc":{"Precio":"&euro;9.180,99","Disponibilidad":"Disponible"},"schema":{"@context":"https:\/\/schema.org","@graph":[{"@type":"WebPage","@id":"https:\/\/alegerglobal.com\/es\/shop-es\/portatil-robusto-es\/servidor-getac-x500\/","url":"https:\/\/alegerglobal.com\/es\/shop-es\/portatil-robusto-es\/servidor-getac-x500\/","name":"Comprar GETAC X500 SERVER (2022) - ALEGER \u22c6 Augmented Reality","isPartOf":{"@id":"https:\/\/alegerglobal.com\/es\/#website"},"primaryImageOfPage":{"@id":"https:\/\/alegerglobal.com\/es\/shop-es\/portatil-robusto-es\/servidor-getac-x500\/#primaryimage"},"image":{"@id":"https:\/\/alegerglobal.com\/es\/shop-es\/portatil-robusto-es\/servidor-getac-x500\/#primaryimage"},"thumbnailUrl":"https:\/\/alegerglobal.com\/wp-content\/uploads\/2021\/01\/x500-server_1-1.png","datePublished":"2022-05-18T11:37:26+00:00","dateModified":"2022-05-18T11:37:26+00:00","description":"Descubra el port\u00e1til robusto X500 aqu\u00ed Con el X500, Getac ofrece un servidor m\u00f3vil para su uso en condiciones adversas.","breadcrumb":{"@id":"https:\/\/alegerglobal.com\/es\/shop-es\/portatil-robusto-es\/servidor-getac-x500\/#breadcrumb"},"inLanguage":"es","potentialAction":[{"@type":"ReadAction","target":["https:\/\/alegerglobal.com\/es\/shop-es\/portatil-robusto-es\/servidor-getac-x500\/"]}]},{"@type":"ImageObject","inLanguage":"es","@id":"https:\/\/alegerglobal.com\/es\/shop-es\/portatil-robusto-es\/servidor-getac-x500\/#primaryimage","url":"https:\/\/alegerglobal.com\/wp-content\/uploads\/2021\/01\/x500-server_1-1.png","contentUrl":"https:\/\/alegerglobal.com\/wp-content\/uploads\/2021\/01\/x500-server_1-1.png","width":1280,"height":1280,"caption":"SERVIDOR GETAC X500"},{"@type":"BreadcrumbList","@id":"https:\/\/alegerglobal.com\/es\/shop-es\/portatil-robusto-es\/servidor-getac-x500\/#breadcrumb","itemListElement":[{"@type":"ListItem","position":1,"name":"Home","item":"https:\/\/alegerglobal.com\/es\/nuevo-pagina-de-inicio\/"},{"@type":"ListItem","position":2,"name":"Productos","item":"https:\/\/alegerglobal.com\/es\/productos\/"},{"@type":"ListItem","position":3,"name":"GETAC X500 SERVER, port\u00e1til resistente, MIL-STD-810H, IP65, 15,6 pulgadas, RAID 5, Windows Server 2016"}]},{"@type":"WebSite","@id":"https:\/\/alegerglobal.com\/es\/#website","url":"https:\/\/alegerglobal.com\/es\/","name":"ALEGER \u22c6 Augmented Reality","description":"Die besten Augmented Reality (AR) L\u00f6sungen der Welt.","publisher":{"@id":"https:\/\/alegerglobal.com\/es\/#organization"},"potentialAction":[{"@type":"SearchAction","target":{"@type":"EntryPoint","urlTemplate":"https:\/\/alegerglobal.com\/es\/?s={search_term_string}"},"query-input":{"@type":"PropertyValueSpecification","valueRequired":true,"valueName":"search_term_string"}}],"inLanguage":"es"},{"@type":"Organization","@id":"https:\/\/alegerglobal.com\/es\/#organization","name":"ALEGER \u22c6 Augmented Reality","url":"https:\/\/alegerglobal.com\/es\/","logo":{"@type":"ImageObject","inLanguage":"es","@id":"https:\/\/alegerglobal.com\/es\/#\/schema\/logo\/image\/","url":"https:\/\/alegerglobal.com\/wp-content\/uploads\/2020\/12\/aleger-logo-quadrat.jpg","contentUrl":"https:\/\/alegerglobal.com\/wp-content\/uploads\/2020\/12\/aleger-logo-quadrat.jpg","width":200,"height":176,"caption":"ALEGER \u22c6 Augmented Reality"},"image":{"@id":"https:\/\/alegerglobal.com\/es\/#\/schema\/logo\/image\/"}}]},"product_brand":"Getac","product_price_amount":"9180.99","product_price_currency":"EUR","og_availability":"instock","product_availability":"instock","product_condition":"new"},"_links":{"self":[{"href":"https:\/\/alegerglobal.com\/es\/wp-json\/wp\/v2\/product\/34581","targetHints":{"allow":["GET"]}}],"collection":[{"href":"https:\/\/alegerglobal.com\/es\/wp-json\/wp\/v2\/product"}],"about":[{"href":"https:\/\/alegerglobal.com\/es\/wp-json\/wp\/v2\/types\/product"}],"replies":[{"embeddable":true,"href":"https:\/\/alegerglobal.com\/es\/wp-json\/wp\/v2\/comments?post=34581"}],"version-history":[{"count":0,"href":"https:\/\/alegerglobal.com\/es\/wp-json\/wp\/v2\/product\/34581\/revisions"}],"wp:featuredmedia":[{"embeddable":true,"href":"https:\/\/alegerglobal.com\/es\/wp-json\/wp\/v2\/media\/20355"}],"wp:attachment":[{"href":"https:\/\/alegerglobal.com\/es\/wp-json\/wp\/v2\/media?parent=34581"}],"wp:term":[{"taxonomy":"product_brand","embeddable":true,"href":"https:\/\/alegerglobal.com\/es\/wp-json\/wp\/v2\/product_brand?post=34581"},{"taxonomy":"product_cat","embeddable":true,"href":"https:\/\/alegerglobal.com\/es\/wp-json\/wp\/v2\/product_cat?post=34581"},{"taxonomy":"product_tag","embeddable":true,"href":"https:\/\/alegerglobal.com\/es\/wp-json\/wp\/v2\/product_tag?post=34581"}],"curies":[{"name":"wp","href":"https:\/\/api.w.org\/{rel}","templated":true}]}}