{"id":34580,"date":"2021-03-10T08:58:48","date_gmt":"2022-05-18T11:37:25","guid":{"rendered":"https:\/\/alegerglobal.com\/sin categor\u00eda\/panasonic-toughbook-n1-tableta-robusta-mil-std-810g-ip68-47-pulgadas-android-9-escaner-de-codigo-de-barras\/"},"modified":"2022-05-18T12:37:25","modified_gmt":"2022-05-18T11:37:25","slug":"panasonic-toughbook-n1-2","status":"publish","type":"product","link":"https:\/\/alegerglobal.com\/es\/shop-es\/panasonic-toughbook-n1-2\/","title":{"rendered":"Panasonic Toughbook N1, tableta robusta, MIL-STD 810G, IP68, 4,7 pulgadas, Android 9, esc\u00e1ner de c\u00f3digo de barras"},"content":{"rendered":"","protected":false},"excerpt":{"rendered":"<ul>\n<li aria-level=\"1\"><b>Tableta robusta en formato de mano con certificaci\u00f3n MIL-STD 810G e IP68<\/b><\/li>\n<li aria-level=\"1\"><b>Visibilidad en todas las condiciones de iluminaci\u00f3n:<\/b><span style=\"font-weight: 400;\"> Pantalla de 4,7 pulgadas sin reflejos con 500 cd\/m\u00b2 <\/span> <\/li>\n<li aria-level=\"1\"><b>Documentaci\u00f3n de la aplicaci\u00f3n con c\u00e1mara: <\/b><span style=\"font-weight: 400;\">En la parte trasera se integra una c\u00e1mara de 8 MP con flash LED.<\/span><\/li>\n<li aria-level=\"1\"><b>Funcionamiento c\u00f3modo y flexible<\/b><span style=\"font-weight: 400;\">La pantalla puede manejarse con guantes convencionales y, opcionalmente, con un l\u00e1piz \u00f3ptico.<\/span><\/li>\n<li aria-level=\"1\"><b>Sistema operativo actualizado y seguro:<\/b><span style=\"font-weight: 400;\"> Android 9, compatible con COMPASS 2.<\/span><\/li>\n<li aria-level=\"1\"><b>Lee los datos sin necesidad de un dispositivo adicional:<\/b><span style=\"font-weight: 400;\"> esc\u00e1ner de c\u00f3digo de barras integrado<\/span><\/li>\n<li aria-level=\"1\"><b>Garant\u00eda de 3 a\u00f1os, ampliable a 5 a\u00f1os<\/b><\/li>\n<\/ul>\n<ul>\n<li style=\"list-style-type: none;\">\n<\/li>\n<\/ul>\n<p>&nbsp;<\/p>\n","protected":false},"featured_media":20634,"comment_status":"open","ping_status":"closed","template":"","meta":{"_acf_changed":false},"product_brand":[],"product_cat":[1341,1339],"product_tag":[],"class_list":{"0":"post-34580","1":"product","2":"type-product","3":"status-publish","4":"has-post-thumbnail","6":"product_cat-shop-es","7":"product_cat-tableta-robusta","8":"pa_hersteller-panasonic-es","10":"first","11":"instock","12":"taxable","13":"shipping-taxable","14":"purchasable","15":"product-type-simple"},"acf":[],"yoast_head":"<!-- This site is optimized with the Yoast SEO Premium plugin v20.10 (Yoast SEO v24.3) - https:\/\/yoast.com\/wordpress\/plugins\/seo\/ -->\n<title>Comprar Panasonic Toughbook N1 aqu\u00ed - ALEGER \u22c6 Augmented Reality<\/title>\n<meta name=\"description\" content=\"Aqu\u00ed tienes una tableta port\u00e1til ligera y delgada de 4,7 pulgadas. Muy robusto. Para usar en cualquier condici\u00f3n clim\u00e1tica.\" \/>\n<meta name=\"robots\" content=\"index, follow, max-snippet:-1, max-image-preview:large, max-video-preview:-1\" \/>\n<meta property=\"og:locale\" content=\"es_ES\" \/>\n<meta property=\"og:type\" content=\"article\" \/>\n<meta property=\"og:title\" content=\"Panasonic Toughbook N1, tableta robusta, MIL-STD 810G, IP68, 4,7 pulgadas, Android 9, esc\u00e1ner de c\u00f3digo de barras\" \/>\n<meta property=\"og:description\" content=\"Aqu\u00ed tienes una tableta port\u00e1til ligera y delgada de 4,7 pulgadas. Muy robusto. Para usar en cualquier condici\u00f3n clim\u00e1tica.\" \/>\n<meta property=\"og:url\" content=\"https:\/\/alegerglobal.com\/es\/shop-es\/panasonic-toughbook-n1-2\/\" \/>\n<meta property=\"og:site_name\" content=\"ALEGER \u22c6 Augmented Reality\" \/>\n<meta property=\"og:image\" content=\"https:\/\/alegerglobal.com\/wp-content\/uploads\/2021\/01\/Unbenannt-13.jpg\" \/>\n\t<meta property=\"og:image:width\" content=\"800\" \/>\n\t<meta property=\"og:image:height\" content=\"800\" \/>\n\t<meta property=\"og:image:type\" content=\"image\/jpeg\" \/>\n<meta name=\"twitter:card\" content=\"summary_large_image\" \/>\n<meta name=\"twitter:label1\" content=\"Precio\" \/>\n\t<meta name=\"twitter:data1\" content=\"&euro;2.065,99\" \/>\n\t<meta name=\"twitter:label2\" content=\"Disponibilidad\" \/>\n\t<meta name=\"twitter:data2\" content=\"Disponible\" \/>\n<script type=\"application\/ld+json\" class=\"yoast-schema-graph\">{\"@context\":\"https:\/\/schema.org\",\"@graph\":[{\"@type\":\"WebPage\",\"@id\":\"https:\/\/alegerglobal.com\/es\/shop-es\/panasonic-toughbook-n1-2\/\",\"url\":\"https:\/\/alegerglobal.com\/es\/shop-es\/panasonic-toughbook-n1-2\/\",\"name\":\"Comprar Panasonic Toughbook N1 aqu\u00ed - ALEGER \u22c6 Augmented Reality\",\"isPartOf\":{\"@id\":\"https:\/\/alegerglobal.com\/es\/#website\"},\"primaryImageOfPage\":{\"@id\":\"https:\/\/alegerglobal.com\/es\/shop-es\/panasonic-toughbook-n1-2\/#primaryimage\"},\"image\":{\"@id\":\"https:\/\/alegerglobal.com\/es\/shop-es\/panasonic-toughbook-n1-2\/#primaryimage\"},\"thumbnailUrl\":\"https:\/\/alegerglobal.com\/wp-content\/uploads\/2021\/01\/Unbenannt-13.jpg\",\"datePublished\":\"2022-05-18T11:37:25+00:00\",\"dateModified\":\"2022-05-18T11:37:25+00:00\",\"description\":\"Aqu\u00ed tienes una tableta port\u00e1til ligera y delgada de 4,7 pulgadas. Muy robusto. Para usar en cualquier condici\u00f3n clim\u00e1tica.\",\"breadcrumb\":{\"@id\":\"https:\/\/alegerglobal.com\/es\/shop-es\/panasonic-toughbook-n1-2\/#breadcrumb\"},\"inLanguage\":\"es\",\"potentialAction\":[{\"@type\":\"ReadAction\",\"target\":[\"https:\/\/alegerglobal.com\/es\/shop-es\/panasonic-toughbook-n1-2\/\"]}]},{\"@type\":\"ImageObject\",\"inLanguage\":\"es\",\"@id\":\"https:\/\/alegerglobal.com\/es\/shop-es\/panasonic-toughbook-n1-2\/#primaryimage\",\"url\":\"https:\/\/alegerglobal.com\/wp-content\/uploads\/2021\/01\/Unbenannt-13.jpg\",\"contentUrl\":\"https:\/\/alegerglobal.com\/wp-content\/uploads\/2021\/01\/Unbenannt-13.jpg\",\"width\":800,\"height\":800,\"caption\":\"Panasonic Toughbook N1\"},{\"@type\":\"BreadcrumbList\",\"@id\":\"https:\/\/alegerglobal.com\/es\/shop-es\/panasonic-toughbook-n1-2\/#breadcrumb\",\"itemListElement\":[{\"@type\":\"ListItem\",\"position\":1,\"name\":\"Home\",\"item\":\"https:\/\/alegerglobal.com\/es\/nuevo-pagina-de-inicio\/\"},{\"@type\":\"ListItem\",\"position\":2,\"name\":\"Productos\",\"item\":\"https:\/\/alegerglobal.com\/es\/productos\/\"},{\"@type\":\"ListItem\",\"position\":3,\"name\":\"Panasonic Toughbook N1, tableta robusta, MIL-STD 810G, IP68, 4,7 pulgadas, Android 9, esc\u00e1ner de c\u00f3digo de barras\"}]},{\"@type\":\"WebSite\",\"@id\":\"https:\/\/alegerglobal.com\/es\/#website\",\"url\":\"https:\/\/alegerglobal.com\/es\/\",\"name\":\"ALEGER \u22c6 Augmented Reality\",\"description\":\"Die besten Augmented Reality (AR) L\u00f6sungen der Welt.\",\"publisher\":{\"@id\":\"https:\/\/alegerglobal.com\/es\/#organization\"},\"potentialAction\":[{\"@type\":\"SearchAction\",\"target\":{\"@type\":\"EntryPoint\",\"urlTemplate\":\"https:\/\/alegerglobal.com\/es\/?s={search_term_string}\"},\"query-input\":{\"@type\":\"PropertyValueSpecification\",\"valueRequired\":true,\"valueName\":\"search_term_string\"}}],\"inLanguage\":\"es\"},{\"@type\":\"Organization\",\"@id\":\"https:\/\/alegerglobal.com\/es\/#organization\",\"name\":\"ALEGER \u22c6 Augmented Reality\",\"url\":\"https:\/\/alegerglobal.com\/es\/\",\"logo\":{\"@type\":\"ImageObject\",\"inLanguage\":\"es\",\"@id\":\"https:\/\/alegerglobal.com\/es\/#\/schema\/logo\/image\/\",\"url\":\"https:\/\/alegerglobal.com\/wp-content\/uploads\/2020\/12\/aleger-logo-quadrat.jpg\",\"contentUrl\":\"https:\/\/alegerglobal.com\/wp-content\/uploads\/2020\/12\/aleger-logo-quadrat.jpg\",\"width\":200,\"height\":176,\"caption\":\"ALEGER \u22c6 Augmented Reality\"},\"image\":{\"@id\":\"https:\/\/alegerglobal.com\/es\/#\/schema\/logo\/image\/\"}}]}<\/script>\n<meta property=\"product:brand\" content=\"Panasonic\" \/>\n<meta property=\"product:price:amount\" content=\"2065.99\" \/>\n<meta property=\"product:price:currency\" content=\"EUR\" \/>\n<meta property=\"og:availability\" content=\"instock\" \/>\n<meta property=\"product:availability\" content=\"instock\" \/>\n<meta property=\"product:condition\" content=\"new\" \/>\n<!-- \/ Yoast SEO Premium plugin. -->","yoast_head_json":{"title":"Comprar Panasonic Toughbook N1 aqu\u00ed - ALEGER \u22c6 Augmented Reality","description":"Aqu\u00ed tienes una tableta port\u00e1til ligera y delgada de 4,7 pulgadas. Muy robusto. Para usar en cualquier condici\u00f3n clim\u00e1tica.","robots":{"index":"index","follow":"follow","max-snippet":"max-snippet:-1","max-image-preview":"max-image-preview:large","max-video-preview":"max-video-preview:-1"},"og_locale":"es_ES","og_type":"article","og_title":"Panasonic Toughbook N1, tableta robusta, MIL-STD 810G, IP68, 4,7 pulgadas, Android 9, esc\u00e1ner de c\u00f3digo de barras","og_description":"Aqu\u00ed tienes una tableta port\u00e1til ligera y delgada de 4,7 pulgadas. Muy robusto. Para usar en cualquier condici\u00f3n clim\u00e1tica.","og_url":"https:\/\/alegerglobal.com\/es\/shop-es\/panasonic-toughbook-n1-2\/","og_site_name":"ALEGER \u22c6 Augmented Reality","og_image":[{"width":800,"height":800,"url":"https:\/\/alegerglobal.com\/wp-content\/uploads\/2021\/01\/Unbenannt-13.jpg","type":"image\/jpeg"}],"twitter_card":"summary_large_image","twitter_misc":{"Precio":"&euro;2.065,99","Disponibilidad":"Disponible"},"schema":{"@context":"https:\/\/schema.org","@graph":[{"@type":"WebPage","@id":"https:\/\/alegerglobal.com\/es\/shop-es\/panasonic-toughbook-n1-2\/","url":"https:\/\/alegerglobal.com\/es\/shop-es\/panasonic-toughbook-n1-2\/","name":"Comprar Panasonic Toughbook N1 aqu\u00ed - ALEGER \u22c6 Augmented Reality","isPartOf":{"@id":"https:\/\/alegerglobal.com\/es\/#website"},"primaryImageOfPage":{"@id":"https:\/\/alegerglobal.com\/es\/shop-es\/panasonic-toughbook-n1-2\/#primaryimage"},"image":{"@id":"https:\/\/alegerglobal.com\/es\/shop-es\/panasonic-toughbook-n1-2\/#primaryimage"},"thumbnailUrl":"https:\/\/alegerglobal.com\/wp-content\/uploads\/2021\/01\/Unbenannt-13.jpg","datePublished":"2022-05-18T11:37:25+00:00","dateModified":"2022-05-18T11:37:25+00:00","description":"Aqu\u00ed tienes una tableta port\u00e1til ligera y delgada de 4,7 pulgadas. Muy robusto. Para usar en cualquier condici\u00f3n clim\u00e1tica.","breadcrumb":{"@id":"https:\/\/alegerglobal.com\/es\/shop-es\/panasonic-toughbook-n1-2\/#breadcrumb"},"inLanguage":"es","potentialAction":[{"@type":"ReadAction","target":["https:\/\/alegerglobal.com\/es\/shop-es\/panasonic-toughbook-n1-2\/"]}]},{"@type":"ImageObject","inLanguage":"es","@id":"https:\/\/alegerglobal.com\/es\/shop-es\/panasonic-toughbook-n1-2\/#primaryimage","url":"https:\/\/alegerglobal.com\/wp-content\/uploads\/2021\/01\/Unbenannt-13.jpg","contentUrl":"https:\/\/alegerglobal.com\/wp-content\/uploads\/2021\/01\/Unbenannt-13.jpg","width":800,"height":800,"caption":"Panasonic Toughbook N1"},{"@type":"BreadcrumbList","@id":"https:\/\/alegerglobal.com\/es\/shop-es\/panasonic-toughbook-n1-2\/#breadcrumb","itemListElement":[{"@type":"ListItem","position":1,"name":"Home","item":"https:\/\/alegerglobal.com\/es\/nuevo-pagina-de-inicio\/"},{"@type":"ListItem","position":2,"name":"Productos","item":"https:\/\/alegerglobal.com\/es\/productos\/"},{"@type":"ListItem","position":3,"name":"Panasonic Toughbook N1, tableta robusta, MIL-STD 810G, IP68, 4,7 pulgadas, Android 9, esc\u00e1ner de c\u00f3digo de barras"}]},{"@type":"WebSite","@id":"https:\/\/alegerglobal.com\/es\/#website","url":"https:\/\/alegerglobal.com\/es\/","name":"ALEGER \u22c6 Augmented Reality","description":"Die besten Augmented Reality (AR) L\u00f6sungen der Welt.","publisher":{"@id":"https:\/\/alegerglobal.com\/es\/#organization"},"potentialAction":[{"@type":"SearchAction","target":{"@type":"EntryPoint","urlTemplate":"https:\/\/alegerglobal.com\/es\/?s={search_term_string}"},"query-input":{"@type":"PropertyValueSpecification","valueRequired":true,"valueName":"search_term_string"}}],"inLanguage":"es"},{"@type":"Organization","@id":"https:\/\/alegerglobal.com\/es\/#organization","name":"ALEGER \u22c6 Augmented Reality","url":"https:\/\/alegerglobal.com\/es\/","logo":{"@type":"ImageObject","inLanguage":"es","@id":"https:\/\/alegerglobal.com\/es\/#\/schema\/logo\/image\/","url":"https:\/\/alegerglobal.com\/wp-content\/uploads\/2020\/12\/aleger-logo-quadrat.jpg","contentUrl":"https:\/\/alegerglobal.com\/wp-content\/uploads\/2020\/12\/aleger-logo-quadrat.jpg","width":200,"height":176,"caption":"ALEGER \u22c6 Augmented Reality"},"image":{"@id":"https:\/\/alegerglobal.com\/es\/#\/schema\/logo\/image\/"}}]},"product_brand":"Panasonic","product_price_amount":"2065.99","product_price_currency":"EUR","og_availability":"instock","product_availability":"instock","product_condition":"new"},"_links":{"self":[{"href":"https:\/\/alegerglobal.com\/es\/wp-json\/wp\/v2\/product\/34580","targetHints":{"allow":["GET"]}}],"collection":[{"href":"https:\/\/alegerglobal.com\/es\/wp-json\/wp\/v2\/product"}],"about":[{"href":"https:\/\/alegerglobal.com\/es\/wp-json\/wp\/v2\/types\/product"}],"replies":[{"embeddable":true,"href":"https:\/\/alegerglobal.com\/es\/wp-json\/wp\/v2\/comments?post=34580"}],"version-history":[{"count":0,"href":"https:\/\/alegerglobal.com\/es\/wp-json\/wp\/v2\/product\/34580\/revisions"}],"wp:featuredmedia":[{"embeddable":true,"href":"https:\/\/alegerglobal.com\/es\/wp-json\/wp\/v2\/media\/20634"}],"wp:attachment":[{"href":"https:\/\/alegerglobal.com\/es\/wp-json\/wp\/v2\/media?parent=34580"}],"wp:term":[{"taxonomy":"product_brand","embeddable":true,"href":"https:\/\/alegerglobal.com\/es\/wp-json\/wp\/v2\/product_brand?post=34580"},{"taxonomy":"product_cat","embeddable":true,"href":"https:\/\/alegerglobal.com\/es\/wp-json\/wp\/v2\/product_cat?post=34580"},{"taxonomy":"product_tag","embeddable":true,"href":"https:\/\/alegerglobal.com\/es\/wp-json\/wp\/v2\/product_tag?post=34580"}],"curies":[{"name":"wp","href":"https:\/\/api.w.org\/{rel}","templated":true}]}}