{"id":34579,"date":"2024-01-10T08:25:29","date_gmt":"2022-05-18T11:37:25","guid":{"rendered":"https:\/\/alegerglobal.com\/sin%20categor\u00eda\/getac-f110-ex-tableta-a-prueba-de-explosiones-ip65-mil-std-810g-windows-10-pro\/"},"modified":"2026-03-25T17:21:51","modified_gmt":"2026-03-25T16:21:51","slug":"getac-f110-ex-2","status":"publish","type":"product","link":"https:\/\/alegerglobal.com\/es\/shop-es\/atex-es\/getac-f110-ex-2\/","title":{"rendered":"Getac F110-EX &#8211; Tableta totalmente resistente a prueba de explosiones (ATEX \/ IECEx)"},"content":{"rendered":"<p><a>Resumen<\/a><br \/>\n<a>Detalles t\u00e9cnicos<\/a><br \/>\nResumen<\/p>\n<h2>Tableta con protecci\u00f3n IP65 de Getac para uso en zona ATEX 2 con pantalla LumiBond<\/h2>\n<p>El Getac F110-ex en la variante a prueba de explosiones es una herramienta de trabajo \u00fatil para las operaciones en la zona ATEX 2 gracias a su robustez combinada con una gran potencia de c\u00e1lculo. Cuenta con opciones de configuraci\u00f3n flexibles y una pantalla grande y brillante que facilita el trabajo con viento y clima. El F110-ex tambi\u00e9n desaf\u00eda el polvo y la humedad con su certificaci\u00f3n IP65. Tambi\u00e9n est\u00e1 protegido contra da\u00f1os por ca\u00edda hasta una altura de 180 cm.<\/p>\n<p>La pantalla de 11,6 pulgadas con resoluci\u00f3n Full HD se apoya en la innovadora tecnolog\u00eda LumiBond, que proporciona una mayor robustez, contrastes n\u00edtidos y una lectura sin reflejos bajo el sol. La pantalla LumiBond hace que el Getac F110-Ex sea el compa\u00f1ero perfecto para el uso en exteriores.<\/p>\n<h2>F\u00e1cil navegaci\u00f3n y larga duraci\u00f3n gracias al sistema de bater\u00edas How-Swap<\/h2>\n<p>Cuatro modos t\u00e1ctiles diferentes permiten navegar c\u00f3modamente incluso con guantes, bajo la lluvia o con un l\u00e1piz \u00f3ptico. Al mismo tiempo, siempre se mantiene la movilidad con el dispositivo, porque no es m\u00e1s grande que una hoja de papel DIN A4. Dos bater\u00edas permiten el uso durante todo un turno sin necesidad de cargarlas. La F110-ex cuenta con un sistema de intercambio en caliente para que pueda sustituir f\u00e1cilmente una sola bater\u00eda durante el funcionamiento.<\/p>\n<p>Si la unidad se da\u00f1a durante el uso, se beneficia de la garant\u00eda de tres a\u00f1os, por lo que recibir\u00e1 una unidad que funcione en pocos d\u00edas.<\/p>\n<p>Detalles t\u00e9cnicos<\/p>\n","protected":false},"excerpt":{"rendered":"<ul>\n<li data-start=\"204\" data-end=\"404\"><strong data-start=\"204\" data-end=\"250\">Tableta totalmente robusta a prueba de explosiones:<\/strong><br data-start=\"250\" data-end=\"253\">Certificada ATEX e IECEx (Zona 2\/22), probada seg\u00fan MIL-STD-810H e IP66 &#8211; desarrollada para un uso seguro en atm\u00f3sferas potencialmente explosivas<\/li>\n<li data-start=\"406\" data-end=\"526\"><strong data-start=\"406\" data-end=\"434\">Moderno sistema operativo:<\/strong><br data-start=\"434\" data-end=\"437\">Windows 11 Pro permite utilizar todas las aplicaciones empresariales e industriales habituales<\/li>\n<li data-start=\"528\" data-end=\"680\"><strong data-start=\"528\" data-end=\"547\">Potente:<\/strong><br data-start=\"547\" data-end=\"550\">El procesador Intel\u00ae Core\u2122 i5-1335U (hasta 4,6 GHz) y la memoria DDR5 de 16 GB garantizan un rendimiento r\u00e1pido y fiable<\/li>\n<li data-start=\"682\" data-end=\"877\"><strong data-start=\"682\" data-end=\"714\">Pantalla brillante y robusta:<\/strong><br data-start=\"714\" data-end=\"717\">Pantalla Full HD (1920 x 1080) de 11,6 pulgadas con tecnolog\u00eda LumiBond\u00ae 2.0 y hasta 1.200 nits de brillo: legibilidad \u00f3ptima incluso con luz solar directa.<\/li>\n<li data-start=\"879\" data-end=\"1007\"><strong data-start=\"879\" data-end=\"907\">Mayor protecci\u00f3n contra ca\u00eddas:<\/strong><br data-start=\"907\" data-end=\"910\">Protecci\u00f3n contra golpes y vibraciones seg\u00fan la norma MIL-STD-810H, dise\u00f1ada para uso profesional en exteriores<\/li>\n<li data-start=\"1009\" data-end=\"1125\"><strong data-start=\"1009\" data-end=\"1038\">Fuente de alimentaci\u00f3n flexible:<\/strong><br data-start=\"1038\" data-end=\"1041\">Sistema de doble bater\u00eda intercambiable en caliente para un funcionamiento ininterrumpido y tiempos de funcionamiento prolongados<\/li>\n<\/ul>\n","protected":false},"featured_media":21007,"comment_status":"open","ping_status":"closed","template":"","meta":{"_acf_changed":false},"product_brand":[],"product_cat":[1340,2628,2627],"product_tag":[],"class_list":{"0":"post-34579","1":"product","2":"type-product","3":"status-publish","4":"has-post-thumbnail","6":"product_cat-atex-es","7":"product_cat-comunicacion","8":"product_cat-informatica-movil","9":"pa_hersteller-getac-es","11":"first","12":"instock","13":"taxable","14":"shipping-taxable","15":"purchasable","16":"product-type-simple"},"acf":[],"yoast_head":"<!-- This site is optimized with the Yoast SEO Premium plugin v20.10 (Yoast SEO v24.3) - https:\/\/yoast.com\/wordpress\/plugins\/seo\/ -->\n<title>Compre el Getac F110-ex aqu\u00ed - ALEGER \u22c6 Augmented Reality<\/title>\n<meta name=\"description\" content=\"\u00a1Descubra la tableta a prueba de explosiones IP65 de Getac aqu\u00ed! Es una herramienta de trabajo \u00fatil para las operaciones en la Zona 2 ATEX.\" \/>\n<meta name=\"robots\" content=\"index, follow, max-snippet:-1, max-image-preview:large, max-video-preview:-1\" \/>\n<meta property=\"og:locale\" content=\"es_ES\" \/>\n<meta property=\"og:type\" content=\"article\" \/>\n<meta property=\"og:title\" content=\"Getac F110-EX - Tableta totalmente resistente a prueba de explosiones (ATEX \/ IECEx)\" \/>\n<meta property=\"og:description\" content=\"\u00a1Descubra la tableta a prueba de explosiones IP65 de Getac aqu\u00ed! Es una herramienta de trabajo \u00fatil para las operaciones en la Zona 2 ATEX.\" \/>\n<meta property=\"og:url\" content=\"https:\/\/alegerglobal.com\/es\/shop-es\/atex-es\/getac-f110-ex-2\/\" \/>\n<meta property=\"og:site_name\" content=\"ALEGER \u22c6 Augmented Reality\" \/>\n<meta property=\"article:modified_time\" content=\"2026-03-25T16:21:51+00:00\" \/>\n<meta property=\"og:image\" content=\"https:\/\/alegerglobal.com\/wp-content\/uploads\/2021\/03\/Unbenannt-12.jpg\" \/>\n\t<meta property=\"og:image:width\" content=\"800\" \/>\n\t<meta property=\"og:image:height\" content=\"800\" \/>\n\t<meta property=\"og:image:type\" content=\"image\/jpeg\" \/>\n<meta name=\"twitter:card\" content=\"summary_large_image\" \/>\n<meta name=\"twitter:label1\" content=\"Precio\" \/>\n\t<meta name=\"twitter:data1\" content=\"&euro;3.041,99\" \/>\n\t<meta name=\"twitter:label2\" content=\"Disponibilidad\" \/>\n\t<meta name=\"twitter:data2\" content=\"Disponible\" \/>\n<script type=\"application\/ld+json\" class=\"yoast-schema-graph\">{\"@context\":\"https:\/\/schema.org\",\"@graph\":[{\"@type\":\"WebPage\",\"@id\":\"https:\/\/alegerglobal.com\/es\/shop-es\/atex-es\/getac-f110-ex-2\/\",\"url\":\"https:\/\/alegerglobal.com\/es\/shop-es\/atex-es\/getac-f110-ex-2\/\",\"name\":\"Compre el Getac F110-ex aqu\u00ed - ALEGER \u22c6 Augmented Reality\",\"isPartOf\":{\"@id\":\"https:\/\/alegerglobal.com\/es\/#website\"},\"primaryImageOfPage\":{\"@id\":\"https:\/\/alegerglobal.com\/es\/shop-es\/atex-es\/getac-f110-ex-2\/#primaryimage\"},\"image\":{\"@id\":\"https:\/\/alegerglobal.com\/es\/shop-es\/atex-es\/getac-f110-ex-2\/#primaryimage\"},\"thumbnailUrl\":\"https:\/\/alegerglobal.com\/wp-content\/uploads\/2021\/03\/Unbenannt-12.jpg\",\"datePublished\":\"2022-05-18T11:37:25+00:00\",\"dateModified\":\"2026-03-25T16:21:51+00:00\",\"description\":\"\u00a1Descubra la tableta a prueba de explosiones IP65 de Getac aqu\u00ed! Es una herramienta de trabajo \u00fatil para las operaciones en la Zona 2 ATEX.\",\"breadcrumb\":{\"@id\":\"https:\/\/alegerglobal.com\/es\/shop-es\/atex-es\/getac-f110-ex-2\/#breadcrumb\"},\"inLanguage\":\"es\",\"potentialAction\":[{\"@type\":\"ReadAction\",\"target\":[\"https:\/\/alegerglobal.com\/es\/shop-es\/atex-es\/getac-f110-ex-2\/\"]}]},{\"@type\":\"ImageObject\",\"inLanguage\":\"es\",\"@id\":\"https:\/\/alegerglobal.com\/es\/shop-es\/atex-es\/getac-f110-ex-2\/#primaryimage\",\"url\":\"https:\/\/alegerglobal.com\/wp-content\/uploads\/2021\/03\/Unbenannt-12.jpg\",\"contentUrl\":\"https:\/\/alegerglobal.com\/wp-content\/uploads\/2021\/03\/Unbenannt-12.jpg\",\"width\":800,\"height\":800,\"caption\":\"Getac F110-EX\"},{\"@type\":\"BreadcrumbList\",\"@id\":\"https:\/\/alegerglobal.com\/es\/shop-es\/atex-es\/getac-f110-ex-2\/#breadcrumb\",\"itemListElement\":[{\"@type\":\"ListItem\",\"position\":1,\"name\":\"Home\",\"item\":\"https:\/\/alegerglobal.com\/es\/nuevo-pagina-de-inicio\/\"},{\"@type\":\"ListItem\",\"position\":2,\"name\":\"Productos\",\"item\":\"https:\/\/alegerglobal.com\/es\/productos\/\"},{\"@type\":\"ListItem\",\"position\":3,\"name\":\"Getac F110-EX &#8211; Tableta totalmente resistente a prueba de explosiones (ATEX \/ IECEx)\"}]},{\"@type\":\"WebSite\",\"@id\":\"https:\/\/alegerglobal.com\/es\/#website\",\"url\":\"https:\/\/alegerglobal.com\/es\/\",\"name\":\"ALEGER \u22c6 Augmented Reality\",\"description\":\"Die besten Augmented Reality (AR) L\u00f6sungen der Welt.\",\"publisher\":{\"@id\":\"https:\/\/alegerglobal.com\/es\/#organization\"},\"potentialAction\":[{\"@type\":\"SearchAction\",\"target\":{\"@type\":\"EntryPoint\",\"urlTemplate\":\"https:\/\/alegerglobal.com\/es\/?s={search_term_string}\"},\"query-input\":{\"@type\":\"PropertyValueSpecification\",\"valueRequired\":true,\"valueName\":\"search_term_string\"}}],\"inLanguage\":\"es\"},{\"@type\":\"Organization\",\"@id\":\"https:\/\/alegerglobal.com\/es\/#organization\",\"name\":\"ALEGER \u22c6 Augmented Reality\",\"url\":\"https:\/\/alegerglobal.com\/es\/\",\"logo\":{\"@type\":\"ImageObject\",\"inLanguage\":\"es\",\"@id\":\"https:\/\/alegerglobal.com\/es\/#\/schema\/logo\/image\/\",\"url\":\"https:\/\/alegerglobal.com\/wp-content\/uploads\/2020\/12\/aleger-logo-quadrat.jpg\",\"contentUrl\":\"https:\/\/alegerglobal.com\/wp-content\/uploads\/2020\/12\/aleger-logo-quadrat.jpg\",\"width\":200,\"height\":176,\"caption\":\"ALEGER \u22c6 Augmented Reality\"},\"image\":{\"@id\":\"https:\/\/alegerglobal.com\/es\/#\/schema\/logo\/image\/\"}}]}<\/script>\n<meta property=\"product:brand\" content=\"Getac\" \/>\n<meta property=\"product:price:amount\" content=\"3041.99\" \/>\n<meta property=\"product:price:currency\" content=\"EUR\" \/>\n<meta property=\"og:availability\" content=\"instock\" \/>\n<meta property=\"product:availability\" content=\"instock\" \/>\n<meta property=\"product:condition\" content=\"new\" \/>\n<!-- \/ Yoast SEO Premium plugin. -->","yoast_head_json":{"title":"Compre el Getac F110-ex aqu\u00ed - ALEGER \u22c6 Augmented Reality","description":"\u00a1Descubra la tableta a prueba de explosiones IP65 de Getac aqu\u00ed! Es una herramienta de trabajo \u00fatil para las operaciones en la Zona 2 ATEX.","robots":{"index":"index","follow":"follow","max-snippet":"max-snippet:-1","max-image-preview":"max-image-preview:large","max-video-preview":"max-video-preview:-1"},"og_locale":"es_ES","og_type":"article","og_title":"Getac F110-EX - Tableta totalmente resistente a prueba de explosiones (ATEX \/ IECEx)","og_description":"\u00a1Descubra la tableta a prueba de explosiones IP65 de Getac aqu\u00ed! Es una herramienta de trabajo \u00fatil para las operaciones en la Zona 2 ATEX.","og_url":"https:\/\/alegerglobal.com\/es\/shop-es\/atex-es\/getac-f110-ex-2\/","og_site_name":"ALEGER \u22c6 Augmented Reality","article_modified_time":"2026-03-25T16:21:51+00:00","og_image":[{"width":800,"height":800,"url":"https:\/\/alegerglobal.com\/wp-content\/uploads\/2021\/03\/Unbenannt-12.jpg","type":"image\/jpeg"}],"twitter_card":"summary_large_image","twitter_misc":{"Precio":"&euro;3.041,99","Disponibilidad":"Disponible"},"schema":{"@context":"https:\/\/schema.org","@graph":[{"@type":"WebPage","@id":"https:\/\/alegerglobal.com\/es\/shop-es\/atex-es\/getac-f110-ex-2\/","url":"https:\/\/alegerglobal.com\/es\/shop-es\/atex-es\/getac-f110-ex-2\/","name":"Compre el Getac F110-ex aqu\u00ed - ALEGER \u22c6 Augmented Reality","isPartOf":{"@id":"https:\/\/alegerglobal.com\/es\/#website"},"primaryImageOfPage":{"@id":"https:\/\/alegerglobal.com\/es\/shop-es\/atex-es\/getac-f110-ex-2\/#primaryimage"},"image":{"@id":"https:\/\/alegerglobal.com\/es\/shop-es\/atex-es\/getac-f110-ex-2\/#primaryimage"},"thumbnailUrl":"https:\/\/alegerglobal.com\/wp-content\/uploads\/2021\/03\/Unbenannt-12.jpg","datePublished":"2022-05-18T11:37:25+00:00","dateModified":"2026-03-25T16:21:51+00:00","description":"\u00a1Descubra la tableta a prueba de explosiones IP65 de Getac aqu\u00ed! Es una herramienta de trabajo \u00fatil para las operaciones en la Zona 2 ATEX.","breadcrumb":{"@id":"https:\/\/alegerglobal.com\/es\/shop-es\/atex-es\/getac-f110-ex-2\/#breadcrumb"},"inLanguage":"es","potentialAction":[{"@type":"ReadAction","target":["https:\/\/alegerglobal.com\/es\/shop-es\/atex-es\/getac-f110-ex-2\/"]}]},{"@type":"ImageObject","inLanguage":"es","@id":"https:\/\/alegerglobal.com\/es\/shop-es\/atex-es\/getac-f110-ex-2\/#primaryimage","url":"https:\/\/alegerglobal.com\/wp-content\/uploads\/2021\/03\/Unbenannt-12.jpg","contentUrl":"https:\/\/alegerglobal.com\/wp-content\/uploads\/2021\/03\/Unbenannt-12.jpg","width":800,"height":800,"caption":"Getac F110-EX"},{"@type":"BreadcrumbList","@id":"https:\/\/alegerglobal.com\/es\/shop-es\/atex-es\/getac-f110-ex-2\/#breadcrumb","itemListElement":[{"@type":"ListItem","position":1,"name":"Home","item":"https:\/\/alegerglobal.com\/es\/nuevo-pagina-de-inicio\/"},{"@type":"ListItem","position":2,"name":"Productos","item":"https:\/\/alegerglobal.com\/es\/productos\/"},{"@type":"ListItem","position":3,"name":"Getac F110-EX &#8211; Tableta totalmente resistente a prueba de explosiones (ATEX \/ IECEx)"}]},{"@type":"WebSite","@id":"https:\/\/alegerglobal.com\/es\/#website","url":"https:\/\/alegerglobal.com\/es\/","name":"ALEGER \u22c6 Augmented Reality","description":"Die besten Augmented Reality (AR) L\u00f6sungen der Welt.","publisher":{"@id":"https:\/\/alegerglobal.com\/es\/#organization"},"potentialAction":[{"@type":"SearchAction","target":{"@type":"EntryPoint","urlTemplate":"https:\/\/alegerglobal.com\/es\/?s={search_term_string}"},"query-input":{"@type":"PropertyValueSpecification","valueRequired":true,"valueName":"search_term_string"}}],"inLanguage":"es"},{"@type":"Organization","@id":"https:\/\/alegerglobal.com\/es\/#organization","name":"ALEGER \u22c6 Augmented Reality","url":"https:\/\/alegerglobal.com\/es\/","logo":{"@type":"ImageObject","inLanguage":"es","@id":"https:\/\/alegerglobal.com\/es\/#\/schema\/logo\/image\/","url":"https:\/\/alegerglobal.com\/wp-content\/uploads\/2020\/12\/aleger-logo-quadrat.jpg","contentUrl":"https:\/\/alegerglobal.com\/wp-content\/uploads\/2020\/12\/aleger-logo-quadrat.jpg","width":200,"height":176,"caption":"ALEGER \u22c6 Augmented Reality"},"image":{"@id":"https:\/\/alegerglobal.com\/es\/#\/schema\/logo\/image\/"}}]},"product_brand":"Getac","product_price_amount":"3041.99","product_price_currency":"EUR","og_availability":"instock","product_availability":"instock","product_condition":"new"},"_links":{"self":[{"href":"https:\/\/alegerglobal.com\/es\/wp-json\/wp\/v2\/product\/34579","targetHints":{"allow":["GET"]}}],"collection":[{"href":"https:\/\/alegerglobal.com\/es\/wp-json\/wp\/v2\/product"}],"about":[{"href":"https:\/\/alegerglobal.com\/es\/wp-json\/wp\/v2\/types\/product"}],"replies":[{"embeddable":true,"href":"https:\/\/alegerglobal.com\/es\/wp-json\/wp\/v2\/comments?post=34579"}],"version-history":[{"count":1,"href":"https:\/\/alegerglobal.com\/es\/wp-json\/wp\/v2\/product\/34579\/revisions"}],"predecessor-version":[{"id":54080,"href":"https:\/\/alegerglobal.com\/es\/wp-json\/wp\/v2\/product\/34579\/revisions\/54080"}],"wp:featuredmedia":[{"embeddable":true,"href":"https:\/\/alegerglobal.com\/es\/wp-json\/wp\/v2\/media\/21007"}],"wp:attachment":[{"href":"https:\/\/alegerglobal.com\/es\/wp-json\/wp\/v2\/media?parent=34579"}],"wp:term":[{"taxonomy":"product_brand","embeddable":true,"href":"https:\/\/alegerglobal.com\/es\/wp-json\/wp\/v2\/product_brand?post=34579"},{"taxonomy":"product_cat","embeddable":true,"href":"https:\/\/alegerglobal.com\/es\/wp-json\/wp\/v2\/product_cat?post=34579"},{"taxonomy":"product_tag","embeddable":true,"href":"https:\/\/alegerglobal.com\/es\/wp-json\/wp\/v2\/product_tag?post=34579"}],"curies":[{"name":"wp","href":"https:\/\/api.w.org\/{rel}","templated":true}]}}