{"id":34577,"date":"2021-03-12T04:24:52","date_gmt":"2022-05-18T11:37:25","guid":{"rendered":"https:\/\/alegerglobal.com\/sin categor\u00eda\/hololens-2-gafas-inteligentes-campo-de-vision-de-50-grados-windows-holografico\/"},"modified":"2022-05-18T12:37:25","modified_gmt":"2022-05-18T11:37:25","slug":"hololens-2-2","status":"publish","type":"product","link":"https:\/\/alegerglobal.com\/es\/shop-es\/gafas-inteligentes\/hololens-2-2\/","title":{"rendered":"HoloLens 2, gafas inteligentes, campo de visi\u00f3n de 50 grados, Windows hologr\u00e1fico"},"content":{"rendered":"","protected":false},"excerpt":{"rendered":"<ul>\n<li style=\"font-weight: 400;\"><b>Uso prolongado:<\/b><span style=\"font-weight: 400;\"> 2-3 horas de duraci\u00f3n de la bater\u00eda<\/span><\/li>\n<li style=\"font-weight: 400;\"><b>M\u00f3vil en cualquier momento: <\/b><span style=\"font-weight: 400;\">Puede utilizarse de forma independiente sin conexi\u00f3n a un PC<\/span><\/li>\n<li style=\"font-weight: 400;\"><b>Trabaja c\u00f3modamente:<\/b><span style=\"font-weight: 400;\"> Pantalla con un campo de visi\u00f3n de 50 grados con una frecuencia de refresco de 75 HZ y una resoluci\u00f3n de 2K<\/span><\/li>\n<li style=\"font-weight: 400;\"><b>Tecnolog\u00eda de software moderna:<\/b><span style=\"font-weight: 400;\"> Un avanzado software de IA simula el funcionamiento del cerebro humano<\/span><\/li>\n<li style=\"font-weight: 400;\"><b>Funcionamiento intuitivo:<\/b><span style=\"font-weight: 400;\"> Control directo de los gestos y del lenguaje natural<\/span><\/li>\n<li style=\"font-weight: 400;\"><b>Hardware potente para aplicaciones exigentes:<\/b> Procesador Snapdragon 850 y 2 GB de memoria DDR4<\/li>\n<\/ul>\n","protected":false},"featured_media":20238,"comment_status":"open","ping_status":"closed","template":"","meta":{"_acf_changed":false},"product_brand":[],"product_cat":[1381,1341],"product_tag":[],"class_list":{"0":"post-34577","1":"product","2":"type-product","3":"status-publish","4":"has-post-thumbnail","6":"product_cat-gafas-inteligentes","7":"product_cat-shop-es","8":"pa_hersteller-microsoft-es","10":"first","11":"instock","12":"taxable","13":"shipping-taxable","14":"purchasable","15":"product-type-simple"},"acf":[],"yoast_head":"<!-- This site is optimized with the Yoast SEO Premium plugin v20.10 (Yoast SEO v24.3) - https:\/\/yoast.com\/wordpress\/plugins\/seo\/ -->\n<title>Comprar Micrososft Hololens 2 \ud83e\udd7d - ALEGER \u22c6 Augmented Reality<\/title>\n<meta name=\"description\" content=\"Compre aqu\u00ed las Hololens 2 y aseg\u00farese ventajas competitivas. De la ingenier\u00eda digital a la construcci\u00f3n inteligente: las Hololens hacen avanzar su negocio.\" \/>\n<meta name=\"robots\" content=\"index, follow, max-snippet:-1, max-image-preview:large, max-video-preview:-1\" \/>\n<meta property=\"og:locale\" content=\"es_ES\" \/>\n<meta property=\"og:type\" content=\"article\" \/>\n<meta property=\"og:title\" content=\"HoloLens 2, gafas inteligentes, campo de visi\u00f3n de 50 grados, Windows hologr\u00e1fico\" \/>\n<meta property=\"og:description\" content=\"Compre aqu\u00ed las Hololens 2 y aseg\u00farese ventajas competitivas. De la ingenier\u00eda digital a la construcci\u00f3n inteligente: las Hololens hacen avanzar su negocio.\" \/>\n<meta property=\"og:url\" content=\"https:\/\/alegerglobal.com\/es\/shop-es\/gafas-inteligentes\/hololens-2-2\/\" \/>\n<meta property=\"og:site_name\" content=\"ALEGER \u22c6 Augmented Reality\" \/>\n<meta property=\"og:image\" content=\"https:\/\/alegerglobal.com\/wp-content\/uploads\/2021\/01\/Aleger_HoloLens2_CLA_08_f-scaled.jpg\" \/>\n\t<meta property=\"og:image:width\" content=\"2560\" \/>\n\t<meta property=\"og:image:height\" content=\"1706\" \/>\n\t<meta property=\"og:image:type\" content=\"image\/jpeg\" \/>\n<meta name=\"twitter:card\" content=\"summary_large_image\" \/>\n<meta name=\"twitter:label1\" content=\"Precio\" \/>\n\t<meta name=\"twitter:data1\" content=\"&euro;3.649,00\" \/>\n\t<meta name=\"twitter:label2\" content=\"Disponibilidad\" \/>\n\t<meta name=\"twitter:data2\" content=\"Disponible\" \/>\n<script type=\"application\/ld+json\" class=\"yoast-schema-graph\">{\"@context\":\"https:\/\/schema.org\",\"@graph\":[{\"@type\":\"WebPage\",\"@id\":\"https:\/\/alegerglobal.com\/es\/shop-es\/gafas-inteligentes\/hololens-2-2\/\",\"url\":\"https:\/\/alegerglobal.com\/es\/shop-es\/gafas-inteligentes\/hololens-2-2\/\",\"name\":\"Comprar Micrososft Hololens 2 \ud83e\udd7d - ALEGER \u22c6 Augmented Reality\",\"isPartOf\":{\"@id\":\"https:\/\/alegerglobal.com\/es\/#website\"},\"primaryImageOfPage\":{\"@id\":\"https:\/\/alegerglobal.com\/es\/shop-es\/gafas-inteligentes\/hololens-2-2\/#primaryimage\"},\"image\":{\"@id\":\"https:\/\/alegerglobal.com\/es\/shop-es\/gafas-inteligentes\/hololens-2-2\/#primaryimage\"},\"thumbnailUrl\":\"https:\/\/alegerglobal.com\/wp-content\/uploads\/2021\/01\/Aleger_HoloLens2_CLA_08_f-scaled.jpg\",\"datePublished\":\"2022-05-18T11:37:25+00:00\",\"dateModified\":\"2022-05-18T11:37:25+00:00\",\"description\":\"Compre aqu\u00ed las Hololens 2 y aseg\u00farese ventajas competitivas. De la ingenier\u00eda digital a la construcci\u00f3n inteligente: las Hololens hacen avanzar su negocio.\",\"breadcrumb\":{\"@id\":\"https:\/\/alegerglobal.com\/es\/shop-es\/gafas-inteligentes\/hololens-2-2\/#breadcrumb\"},\"inLanguage\":\"es\",\"potentialAction\":[{\"@type\":\"ReadAction\",\"target\":[\"https:\/\/alegerglobal.com\/es\/shop-es\/gafas-inteligentes\/hololens-2-2\/\"]}]},{\"@type\":\"ImageObject\",\"inLanguage\":\"es\",\"@id\":\"https:\/\/alegerglobal.com\/es\/shop-es\/gafas-inteligentes\/hololens-2-2\/#primaryimage\",\"url\":\"https:\/\/alegerglobal.com\/wp-content\/uploads\/2021\/01\/Aleger_HoloLens2_CLA_08_f-scaled.jpg\",\"contentUrl\":\"https:\/\/alegerglobal.com\/wp-content\/uploads\/2021\/01\/Aleger_HoloLens2_CLA_08_f-scaled.jpg\",\"width\":2048,\"height\":1365,\"caption\":\"Microsoft HoloLens 2\"},{\"@type\":\"BreadcrumbList\",\"@id\":\"https:\/\/alegerglobal.com\/es\/shop-es\/gafas-inteligentes\/hololens-2-2\/#breadcrumb\",\"itemListElement\":[{\"@type\":\"ListItem\",\"position\":1,\"name\":\"Home\",\"item\":\"https:\/\/alegerglobal.com\/es\/nuevo-pagina-de-inicio\/\"},{\"@type\":\"ListItem\",\"position\":2,\"name\":\"Productos\",\"item\":\"https:\/\/alegerglobal.com\/es\/productos\/\"},{\"@type\":\"ListItem\",\"position\":3,\"name\":\"HoloLens 2, gafas inteligentes, campo de visi\u00f3n de 50 grados, Windows hologr\u00e1fico\"}]},{\"@type\":\"WebSite\",\"@id\":\"https:\/\/alegerglobal.com\/es\/#website\",\"url\":\"https:\/\/alegerglobal.com\/es\/\",\"name\":\"ALEGER \u22c6 Augmented Reality\",\"description\":\"Die besten Augmented Reality (AR) L\u00f6sungen der Welt.\",\"publisher\":{\"@id\":\"https:\/\/alegerglobal.com\/es\/#organization\"},\"potentialAction\":[{\"@type\":\"SearchAction\",\"target\":{\"@type\":\"EntryPoint\",\"urlTemplate\":\"https:\/\/alegerglobal.com\/es\/?s={search_term_string}\"},\"query-input\":{\"@type\":\"PropertyValueSpecification\",\"valueRequired\":true,\"valueName\":\"search_term_string\"}}],\"inLanguage\":\"es\"},{\"@type\":\"Organization\",\"@id\":\"https:\/\/alegerglobal.com\/es\/#organization\",\"name\":\"ALEGER \u22c6 Augmented Reality\",\"url\":\"https:\/\/alegerglobal.com\/es\/\",\"logo\":{\"@type\":\"ImageObject\",\"inLanguage\":\"es\",\"@id\":\"https:\/\/alegerglobal.com\/es\/#\/schema\/logo\/image\/\",\"url\":\"https:\/\/alegerglobal.com\/wp-content\/uploads\/2020\/12\/aleger-logo-quadrat.jpg\",\"contentUrl\":\"https:\/\/alegerglobal.com\/wp-content\/uploads\/2020\/12\/aleger-logo-quadrat.jpg\",\"width\":200,\"height\":176,\"caption\":\"ALEGER \u22c6 Augmented Reality\"},\"image\":{\"@id\":\"https:\/\/alegerglobal.com\/es\/#\/schema\/logo\/image\/\"}}]}<\/script>\n<meta property=\"product:brand\" content=\"Microsoft\" \/>\n<meta property=\"product:price:amount\" content=\"3649.00\" \/>\n<meta property=\"product:price:currency\" content=\"EUR\" \/>\n<meta property=\"og:availability\" content=\"instock\" \/>\n<meta property=\"product:availability\" content=\"instock\" \/>\n<meta property=\"product:condition\" content=\"new\" \/>\n<!-- \/ Yoast SEO Premium plugin. -->","yoast_head_json":{"title":"Comprar Micrososft Hololens 2 \ud83e\udd7d - ALEGER \u22c6 Augmented Reality","description":"Compre aqu\u00ed las Hololens 2 y aseg\u00farese ventajas competitivas. De la ingenier\u00eda digital a la construcci\u00f3n inteligente: las Hololens hacen avanzar su negocio.","robots":{"index":"index","follow":"follow","max-snippet":"max-snippet:-1","max-image-preview":"max-image-preview:large","max-video-preview":"max-video-preview:-1"},"og_locale":"es_ES","og_type":"article","og_title":"HoloLens 2, gafas inteligentes, campo de visi\u00f3n de 50 grados, Windows hologr\u00e1fico","og_description":"Compre aqu\u00ed las Hololens 2 y aseg\u00farese ventajas competitivas. De la ingenier\u00eda digital a la construcci\u00f3n inteligente: las Hololens hacen avanzar su negocio.","og_url":"https:\/\/alegerglobal.com\/es\/shop-es\/gafas-inteligentes\/hololens-2-2\/","og_site_name":"ALEGER \u22c6 Augmented Reality","og_image":[{"width":2560,"height":1706,"url":"https:\/\/alegerglobal.com\/wp-content\/uploads\/2021\/01\/Aleger_HoloLens2_CLA_08_f-scaled.jpg","type":"image\/jpeg"}],"twitter_card":"summary_large_image","twitter_misc":{"Precio":"&euro;3.649,00","Disponibilidad":"Disponible"},"schema":{"@context":"https:\/\/schema.org","@graph":[{"@type":"WebPage","@id":"https:\/\/alegerglobal.com\/es\/shop-es\/gafas-inteligentes\/hololens-2-2\/","url":"https:\/\/alegerglobal.com\/es\/shop-es\/gafas-inteligentes\/hololens-2-2\/","name":"Comprar Micrososft Hololens 2 \ud83e\udd7d - ALEGER \u22c6 Augmented Reality","isPartOf":{"@id":"https:\/\/alegerglobal.com\/es\/#website"},"primaryImageOfPage":{"@id":"https:\/\/alegerglobal.com\/es\/shop-es\/gafas-inteligentes\/hololens-2-2\/#primaryimage"},"image":{"@id":"https:\/\/alegerglobal.com\/es\/shop-es\/gafas-inteligentes\/hololens-2-2\/#primaryimage"},"thumbnailUrl":"https:\/\/alegerglobal.com\/wp-content\/uploads\/2021\/01\/Aleger_HoloLens2_CLA_08_f-scaled.jpg","datePublished":"2022-05-18T11:37:25+00:00","dateModified":"2022-05-18T11:37:25+00:00","description":"Compre aqu\u00ed las Hololens 2 y aseg\u00farese ventajas competitivas. De la ingenier\u00eda digital a la construcci\u00f3n inteligente: las Hololens hacen avanzar su negocio.","breadcrumb":{"@id":"https:\/\/alegerglobal.com\/es\/shop-es\/gafas-inteligentes\/hololens-2-2\/#breadcrumb"},"inLanguage":"es","potentialAction":[{"@type":"ReadAction","target":["https:\/\/alegerglobal.com\/es\/shop-es\/gafas-inteligentes\/hololens-2-2\/"]}]},{"@type":"ImageObject","inLanguage":"es","@id":"https:\/\/alegerglobal.com\/es\/shop-es\/gafas-inteligentes\/hololens-2-2\/#primaryimage","url":"https:\/\/alegerglobal.com\/wp-content\/uploads\/2021\/01\/Aleger_HoloLens2_CLA_08_f-scaled.jpg","contentUrl":"https:\/\/alegerglobal.com\/wp-content\/uploads\/2021\/01\/Aleger_HoloLens2_CLA_08_f-scaled.jpg","width":2048,"height":1365,"caption":"Microsoft HoloLens 2"},{"@type":"BreadcrumbList","@id":"https:\/\/alegerglobal.com\/es\/shop-es\/gafas-inteligentes\/hololens-2-2\/#breadcrumb","itemListElement":[{"@type":"ListItem","position":1,"name":"Home","item":"https:\/\/alegerglobal.com\/es\/nuevo-pagina-de-inicio\/"},{"@type":"ListItem","position":2,"name":"Productos","item":"https:\/\/alegerglobal.com\/es\/productos\/"},{"@type":"ListItem","position":3,"name":"HoloLens 2, gafas inteligentes, campo de visi\u00f3n de 50 grados, Windows hologr\u00e1fico"}]},{"@type":"WebSite","@id":"https:\/\/alegerglobal.com\/es\/#website","url":"https:\/\/alegerglobal.com\/es\/","name":"ALEGER \u22c6 Augmented Reality","description":"Die besten Augmented Reality (AR) L\u00f6sungen der Welt.","publisher":{"@id":"https:\/\/alegerglobal.com\/es\/#organization"},"potentialAction":[{"@type":"SearchAction","target":{"@type":"EntryPoint","urlTemplate":"https:\/\/alegerglobal.com\/es\/?s={search_term_string}"},"query-input":{"@type":"PropertyValueSpecification","valueRequired":true,"valueName":"search_term_string"}}],"inLanguage":"es"},{"@type":"Organization","@id":"https:\/\/alegerglobal.com\/es\/#organization","name":"ALEGER \u22c6 Augmented Reality","url":"https:\/\/alegerglobal.com\/es\/","logo":{"@type":"ImageObject","inLanguage":"es","@id":"https:\/\/alegerglobal.com\/es\/#\/schema\/logo\/image\/","url":"https:\/\/alegerglobal.com\/wp-content\/uploads\/2020\/12\/aleger-logo-quadrat.jpg","contentUrl":"https:\/\/alegerglobal.com\/wp-content\/uploads\/2020\/12\/aleger-logo-quadrat.jpg","width":200,"height":176,"caption":"ALEGER \u22c6 Augmented Reality"},"image":{"@id":"https:\/\/alegerglobal.com\/es\/#\/schema\/logo\/image\/"}}]},"product_brand":"Microsoft","product_price_amount":"3649.00","product_price_currency":"EUR","og_availability":"instock","product_availability":"instock","product_condition":"new"},"_links":{"self":[{"href":"https:\/\/alegerglobal.com\/es\/wp-json\/wp\/v2\/product\/34577","targetHints":{"allow":["GET"]}}],"collection":[{"href":"https:\/\/alegerglobal.com\/es\/wp-json\/wp\/v2\/product"}],"about":[{"href":"https:\/\/alegerglobal.com\/es\/wp-json\/wp\/v2\/types\/product"}],"replies":[{"embeddable":true,"href":"https:\/\/alegerglobal.com\/es\/wp-json\/wp\/v2\/comments?post=34577"}],"version-history":[{"count":0,"href":"https:\/\/alegerglobal.com\/es\/wp-json\/wp\/v2\/product\/34577\/revisions"}],"wp:featuredmedia":[{"embeddable":true,"href":"https:\/\/alegerglobal.com\/es\/wp-json\/wp\/v2\/media\/20238"}],"wp:attachment":[{"href":"https:\/\/alegerglobal.com\/es\/wp-json\/wp\/v2\/media?parent=34577"}],"wp:term":[{"taxonomy":"product_brand","embeddable":true,"href":"https:\/\/alegerglobal.com\/es\/wp-json\/wp\/v2\/product_brand?post=34577"},{"taxonomy":"product_cat","embeddable":true,"href":"https:\/\/alegerglobal.com\/es\/wp-json\/wp\/v2\/product_cat?post=34577"},{"taxonomy":"product_tag","embeddable":true,"href":"https:\/\/alegerglobal.com\/es\/wp-json\/wp\/v2\/product_tag?post=34577"}],"curies":[{"name":"wp","href":"https:\/\/api.w.org\/{rel}","templated":true}]}}