{"id":34568,"date":"2021-11-12T21:18:36","date_gmt":"2022-05-18T11:37:22","guid":{"rendered":"https:\/\/alegerglobal.com\/sin categor\u00eda\/microsoft-hololens-2-industrial-edition\/"},"modified":"2022-05-18T12:37:22","modified_gmt":"2022-05-18T11:37:22","slug":"hololens-2-industrial-edicion","status":"publish","type":"product","link":"https:\/\/alegerglobal.com\/es\/shop-es\/gafas-inteligentes\/hololens-2-industrial-edicion\/","title":{"rendered":"Microsoft Hololens 2 Industrial Edition"},"content":{"rendered":"","protected":false},"excerpt":{"rendered":"<ul>\n<li><b>Adecuado para su uso en salas limpias:<\/b><span style=\"font-weight: 400;\"> Certificaci\u00f3n seg\u00fan la norma ISO 14644-1 clase 5<\/span><\/li>\n<li><b>Utilizaci\u00f3n en condiciones de riesgo de incendio:<\/b><span style=\"font-weight: 400;\"> Certificaci\u00f3n UL Clase I, Divisi\u00f3n 2<\/span><\/li>\n<li><b>2 a\u00f1os de garant\u00eda con programa de sustituci\u00f3n r\u00e1pida<\/b><span style=\"font-weight: 400;\">2 a\u00f1os de garant\u00eda y sustituci\u00f3n r\u00e1pida por env\u00edo urgente en caso de da\u00f1os<\/span><\/li>\n<li><b>Fotos y v\u00eddeos de alta resoluci\u00f3n:<\/b><span style=\"font-weight: 400;\"> V\u00eddeos en Full HD con 30 FPS, fotos con 8 MP<\/span><\/li>\n<li><b>Extensible:<\/b><span style=\"font-weight: 400;\"> Amplio ecosistema con aplicaciones propias y de terceros<\/span><\/li>\n<li><b>Limpieza r\u00e1pida:<\/b><span style=\"font-weight: 400;\"> Una simple retirada con un pa\u00f1o de microfibra y una posterior limpieza con alcohol isoprop\u00edlico eliminan la suciedad de forma r\u00e1pida y fiable.<\/span><\/li>\n<\/ul>\n","protected":false},"featured_media":20944,"comment_status":"open","ping_status":"closed","template":"","meta":{"_acf_changed":false},"product_brand":[],"product_cat":[1381,1341],"product_tag":[],"class_list":{"0":"post-34568","1":"product","2":"type-product","3":"status-publish","4":"has-post-thumbnail","6":"product_cat-gafas-inteligentes","7":"product_cat-shop-es","8":"pa_hersteller-microsoft-es","10":"first","11":"instock","12":"taxable","13":"shipping-taxable","14":"purchasable","15":"product-type-simple"},"acf":[],"yoast_head":"<!-- This site is optimized with the Yoast SEO Premium plugin v20.10 (Yoast SEO v24.3) - https:\/\/yoast.com\/wordpress\/plugins\/seo\/ -->\n<title>Hololens 2 Industrial Edition | ALEGER \u22c6 Augmented Reality<\/title>\n<meta name=\"description\" content=\"Las Hololens 2 Industrial Edition de Microsoft ofrecen un gran ecosistema con una amplia cartera de aplicaciones diversas.\" \/>\n<meta name=\"robots\" content=\"index, follow, max-snippet:-1, max-image-preview:large, max-video-preview:-1\" \/>\n<meta property=\"og:locale\" content=\"es_ES\" \/>\n<meta property=\"og:type\" content=\"article\" \/>\n<meta property=\"og:title\" content=\"Microsoft Hololens 2 Industrial Edition\" \/>\n<meta property=\"og:description\" content=\"Las Hololens 2 Industrial Edition de Microsoft ofrecen un gran ecosistema con una amplia cartera de aplicaciones diversas.\" \/>\n<meta property=\"og:url\" content=\"https:\/\/alegerglobal.com\/es\/shop-es\/gafas-inteligentes\/hololens-2-industrial-edicion\/\" \/>\n<meta property=\"og:site_name\" content=\"ALEGER \u22c6 Augmented Reality\" \/>\n<meta property=\"og:image\" content=\"https:\/\/alegerglobal.com\/wp-content\/uploads\/2021\/11\/hololens-industrial-seite.jpg\" \/>\n\t<meta property=\"og:image:width\" content=\"800\" \/>\n\t<meta property=\"og:image:height\" content=\"800\" \/>\n\t<meta property=\"og:image:type\" content=\"image\/jpeg\" \/>\n<meta name=\"twitter:card\" content=\"summary_large_image\" \/>\n<meta name=\"twitter:label1\" content=\"Precio\" \/>\n\t<meta name=\"twitter:data1\" content=\"&euro;5.499,00\" \/>\n\t<meta name=\"twitter:label2\" content=\"Disponibilidad\" \/>\n\t<meta name=\"twitter:data2\" content=\"Disponible\" \/>\n<script type=\"application\/ld+json\" class=\"yoast-schema-graph\">{\"@context\":\"https:\/\/schema.org\",\"@graph\":[{\"@type\":\"WebPage\",\"@id\":\"https:\/\/alegerglobal.com\/es\/shop-es\/gafas-inteligentes\/hololens-2-industrial-edicion\/\",\"url\":\"https:\/\/alegerglobal.com\/es\/shop-es\/gafas-inteligentes\/hololens-2-industrial-edicion\/\",\"name\":\"Hololens 2 Industrial Edition | ALEGER \u22c6 Augmented Reality\",\"isPartOf\":{\"@id\":\"https:\/\/alegerglobal.com\/es\/#website\"},\"primaryImageOfPage\":{\"@id\":\"https:\/\/alegerglobal.com\/es\/shop-es\/gafas-inteligentes\/hololens-2-industrial-edicion\/#primaryimage\"},\"image\":{\"@id\":\"https:\/\/alegerglobal.com\/es\/shop-es\/gafas-inteligentes\/hololens-2-industrial-edicion\/#primaryimage\"},\"thumbnailUrl\":\"https:\/\/alegerglobal.com\/wp-content\/uploads\/2021\/11\/hololens-industrial-seite.jpg\",\"datePublished\":\"2022-05-18T11:37:22+00:00\",\"dateModified\":\"2022-05-18T11:37:22+00:00\",\"description\":\"Las Hololens 2 Industrial Edition de Microsoft ofrecen un gran ecosistema con una amplia cartera de aplicaciones diversas.\",\"breadcrumb\":{\"@id\":\"https:\/\/alegerglobal.com\/es\/shop-es\/gafas-inteligentes\/hololens-2-industrial-edicion\/#breadcrumb\"},\"inLanguage\":\"es\",\"potentialAction\":[{\"@type\":\"ReadAction\",\"target\":[\"https:\/\/alegerglobal.com\/es\/shop-es\/gafas-inteligentes\/hololens-2-industrial-edicion\/\"]}]},{\"@type\":\"ImageObject\",\"inLanguage\":\"es\",\"@id\":\"https:\/\/alegerglobal.com\/es\/shop-es\/gafas-inteligentes\/hololens-2-industrial-edicion\/#primaryimage\",\"url\":\"https:\/\/alegerglobal.com\/wp-content\/uploads\/2021\/11\/hololens-industrial-seite.jpg\",\"contentUrl\":\"https:\/\/alegerglobal.com\/wp-content\/uploads\/2021\/11\/hololens-industrial-seite.jpg\",\"width\":800,\"height\":800},{\"@type\":\"BreadcrumbList\",\"@id\":\"https:\/\/alegerglobal.com\/es\/shop-es\/gafas-inteligentes\/hololens-2-industrial-edicion\/#breadcrumb\",\"itemListElement\":[{\"@type\":\"ListItem\",\"position\":1,\"name\":\"Home\",\"item\":\"https:\/\/alegerglobal.com\/es\/nuevo-pagina-de-inicio\/\"},{\"@type\":\"ListItem\",\"position\":2,\"name\":\"Productos\",\"item\":\"https:\/\/alegerglobal.com\/es\/productos\/\"},{\"@type\":\"ListItem\",\"position\":3,\"name\":\"Microsoft Hololens 2 Industrial Edition\"}]},{\"@type\":\"WebSite\",\"@id\":\"https:\/\/alegerglobal.com\/es\/#website\",\"url\":\"https:\/\/alegerglobal.com\/es\/\",\"name\":\"ALEGER \u22c6 Augmented Reality\",\"description\":\"Die besten Augmented Reality (AR) L\u00f6sungen der Welt.\",\"publisher\":{\"@id\":\"https:\/\/alegerglobal.com\/es\/#organization\"},\"potentialAction\":[{\"@type\":\"SearchAction\",\"target\":{\"@type\":\"EntryPoint\",\"urlTemplate\":\"https:\/\/alegerglobal.com\/es\/?s={search_term_string}\"},\"query-input\":{\"@type\":\"PropertyValueSpecification\",\"valueRequired\":true,\"valueName\":\"search_term_string\"}}],\"inLanguage\":\"es\"},{\"@type\":\"Organization\",\"@id\":\"https:\/\/alegerglobal.com\/es\/#organization\",\"name\":\"ALEGER \u22c6 Augmented Reality\",\"url\":\"https:\/\/alegerglobal.com\/es\/\",\"logo\":{\"@type\":\"ImageObject\",\"inLanguage\":\"es\",\"@id\":\"https:\/\/alegerglobal.com\/es\/#\/schema\/logo\/image\/\",\"url\":\"https:\/\/alegerglobal.com\/wp-content\/uploads\/2020\/12\/aleger-logo-quadrat.jpg\",\"contentUrl\":\"https:\/\/alegerglobal.com\/wp-content\/uploads\/2020\/12\/aleger-logo-quadrat.jpg\",\"width\":200,\"height\":176,\"caption\":\"ALEGER \u22c6 Augmented Reality\"},\"image\":{\"@id\":\"https:\/\/alegerglobal.com\/es\/#\/schema\/logo\/image\/\"}}]}<\/script>\n<meta property=\"product:brand\" content=\"Microsoft\" \/>\n<meta property=\"product:price:amount\" content=\"5499.00\" \/>\n<meta property=\"product:price:currency\" content=\"EUR\" \/>\n<meta property=\"og:availability\" content=\"instock\" \/>\n<meta property=\"product:availability\" content=\"instock\" \/>\n<meta property=\"product:condition\" content=\"new\" \/>\n<!-- \/ Yoast SEO Premium plugin. -->","yoast_head_json":{"title":"Hololens 2 Industrial Edition | ALEGER \u22c6 Augmented Reality","description":"Las Hololens 2 Industrial Edition de Microsoft ofrecen un gran ecosistema con una amplia cartera de aplicaciones diversas.","robots":{"index":"index","follow":"follow","max-snippet":"max-snippet:-1","max-image-preview":"max-image-preview:large","max-video-preview":"max-video-preview:-1"},"og_locale":"es_ES","og_type":"article","og_title":"Microsoft Hololens 2 Industrial Edition","og_description":"Las Hololens 2 Industrial Edition de Microsoft ofrecen un gran ecosistema con una amplia cartera de aplicaciones diversas.","og_url":"https:\/\/alegerglobal.com\/es\/shop-es\/gafas-inteligentes\/hololens-2-industrial-edicion\/","og_site_name":"ALEGER \u22c6 Augmented Reality","og_image":[{"width":800,"height":800,"url":"https:\/\/alegerglobal.com\/wp-content\/uploads\/2021\/11\/hololens-industrial-seite.jpg","type":"image\/jpeg"}],"twitter_card":"summary_large_image","twitter_misc":{"Precio":"&euro;5.499,00","Disponibilidad":"Disponible"},"schema":{"@context":"https:\/\/schema.org","@graph":[{"@type":"WebPage","@id":"https:\/\/alegerglobal.com\/es\/shop-es\/gafas-inteligentes\/hololens-2-industrial-edicion\/","url":"https:\/\/alegerglobal.com\/es\/shop-es\/gafas-inteligentes\/hololens-2-industrial-edicion\/","name":"Hololens 2 Industrial Edition | ALEGER \u22c6 Augmented Reality","isPartOf":{"@id":"https:\/\/alegerglobal.com\/es\/#website"},"primaryImageOfPage":{"@id":"https:\/\/alegerglobal.com\/es\/shop-es\/gafas-inteligentes\/hololens-2-industrial-edicion\/#primaryimage"},"image":{"@id":"https:\/\/alegerglobal.com\/es\/shop-es\/gafas-inteligentes\/hololens-2-industrial-edicion\/#primaryimage"},"thumbnailUrl":"https:\/\/alegerglobal.com\/wp-content\/uploads\/2021\/11\/hololens-industrial-seite.jpg","datePublished":"2022-05-18T11:37:22+00:00","dateModified":"2022-05-18T11:37:22+00:00","description":"Las Hololens 2 Industrial Edition de Microsoft ofrecen un gran ecosistema con una amplia cartera de aplicaciones diversas.","breadcrumb":{"@id":"https:\/\/alegerglobal.com\/es\/shop-es\/gafas-inteligentes\/hololens-2-industrial-edicion\/#breadcrumb"},"inLanguage":"es","potentialAction":[{"@type":"ReadAction","target":["https:\/\/alegerglobal.com\/es\/shop-es\/gafas-inteligentes\/hololens-2-industrial-edicion\/"]}]},{"@type":"ImageObject","inLanguage":"es","@id":"https:\/\/alegerglobal.com\/es\/shop-es\/gafas-inteligentes\/hololens-2-industrial-edicion\/#primaryimage","url":"https:\/\/alegerglobal.com\/wp-content\/uploads\/2021\/11\/hololens-industrial-seite.jpg","contentUrl":"https:\/\/alegerglobal.com\/wp-content\/uploads\/2021\/11\/hololens-industrial-seite.jpg","width":800,"height":800},{"@type":"BreadcrumbList","@id":"https:\/\/alegerglobal.com\/es\/shop-es\/gafas-inteligentes\/hololens-2-industrial-edicion\/#breadcrumb","itemListElement":[{"@type":"ListItem","position":1,"name":"Home","item":"https:\/\/alegerglobal.com\/es\/nuevo-pagina-de-inicio\/"},{"@type":"ListItem","position":2,"name":"Productos","item":"https:\/\/alegerglobal.com\/es\/productos\/"},{"@type":"ListItem","position":3,"name":"Microsoft Hololens 2 Industrial Edition"}]},{"@type":"WebSite","@id":"https:\/\/alegerglobal.com\/es\/#website","url":"https:\/\/alegerglobal.com\/es\/","name":"ALEGER \u22c6 Augmented Reality","description":"Die besten Augmented Reality (AR) L\u00f6sungen der Welt.","publisher":{"@id":"https:\/\/alegerglobal.com\/es\/#organization"},"potentialAction":[{"@type":"SearchAction","target":{"@type":"EntryPoint","urlTemplate":"https:\/\/alegerglobal.com\/es\/?s={search_term_string}"},"query-input":{"@type":"PropertyValueSpecification","valueRequired":true,"valueName":"search_term_string"}}],"inLanguage":"es"},{"@type":"Organization","@id":"https:\/\/alegerglobal.com\/es\/#organization","name":"ALEGER \u22c6 Augmented Reality","url":"https:\/\/alegerglobal.com\/es\/","logo":{"@type":"ImageObject","inLanguage":"es","@id":"https:\/\/alegerglobal.com\/es\/#\/schema\/logo\/image\/","url":"https:\/\/alegerglobal.com\/wp-content\/uploads\/2020\/12\/aleger-logo-quadrat.jpg","contentUrl":"https:\/\/alegerglobal.com\/wp-content\/uploads\/2020\/12\/aleger-logo-quadrat.jpg","width":200,"height":176,"caption":"ALEGER \u22c6 Augmented Reality"},"image":{"@id":"https:\/\/alegerglobal.com\/es\/#\/schema\/logo\/image\/"}}]},"product_brand":"Microsoft","product_price_amount":"5499.00","product_price_currency":"EUR","og_availability":"instock","product_availability":"instock","product_condition":"new"},"_links":{"self":[{"href":"https:\/\/alegerglobal.com\/es\/wp-json\/wp\/v2\/product\/34568","targetHints":{"allow":["GET"]}}],"collection":[{"href":"https:\/\/alegerglobal.com\/es\/wp-json\/wp\/v2\/product"}],"about":[{"href":"https:\/\/alegerglobal.com\/es\/wp-json\/wp\/v2\/types\/product"}],"replies":[{"embeddable":true,"href":"https:\/\/alegerglobal.com\/es\/wp-json\/wp\/v2\/comments?post=34568"}],"version-history":[{"count":0,"href":"https:\/\/alegerglobal.com\/es\/wp-json\/wp\/v2\/product\/34568\/revisions"}],"wp:featuredmedia":[{"embeddable":true,"href":"https:\/\/alegerglobal.com\/es\/wp-json\/wp\/v2\/media\/20944"}],"wp:attachment":[{"href":"https:\/\/alegerglobal.com\/es\/wp-json\/wp\/v2\/media?parent=34568"}],"wp:term":[{"taxonomy":"product_brand","embeddable":true,"href":"https:\/\/alegerglobal.com\/es\/wp-json\/wp\/v2\/product_brand?post=34568"},{"taxonomy":"product_cat","embeddable":true,"href":"https:\/\/alegerglobal.com\/es\/wp-json\/wp\/v2\/product_cat?post=34568"},{"taxonomy":"product_tag","embeddable":true,"href":"https:\/\/alegerglobal.com\/es\/wp-json\/wp\/v2\/product_tag?post=34568"}],"curies":[{"name":"wp","href":"https:\/\/api.w.org\/{rel}","templated":true}]}}