{"id":34566,"date":"2021-03-10T08:57:24","date_gmt":"2022-05-18T11:37:21","guid":{"rendered":"https:\/\/alegerglobal.com\/sin categor\u00eda\/toughbook-t1-tableta-robusta-mil-std-810g-ip68-pantalla-de-5-pulgadas-escaner-de-codigo-de-barras\/"},"modified":"2022-05-18T12:37:21","modified_gmt":"2022-05-18T11:37:21","slug":"toughbookt1-2","status":"publish","type":"product","link":"https:\/\/alegerglobal.com\/es\/shop-es\/toughbookt1-2\/","title":{"rendered":"Toughbook T1, tableta robusta, MIL-STD-810G, IP68, pantalla de 5 pulgadas, esc\u00e1ner de c\u00f3digo de barras"},"content":{"rendered":"","protected":false},"excerpt":{"rendered":"<ul>\n<li aria-level=\"1\"><b>Tableta robusta con certificaci\u00f3n MIL-STD-810G e IP68<\/b><\/li>\n<li aria-level=\"1\"><b>Trabajo sin complicaciones al aire libre:<\/b><span style=\"font-weight: 400;\"> Pantalla de 5 pulgadas sin deslumbramiento y con capacidad t\u00e1ctil<\/span><\/li>\n<li aria-level=\"1\"><b>Leer y procesar datos:<\/b><span style=\"font-weight: 400;\"> Esc\u00e1ner de c\u00f3digo de barras integrado<\/span><\/li>\n<li aria-level=\"1\"><b>Comunicaci\u00f3n sencilla:<\/b><span style=\"font-weight: 400;\"> Amplias funciones telef\u00f3nicas<\/span><\/li>\n<li aria-level=\"1\"><b>El \u00faltimo software:<\/b><span style=\"font-weight: 400;\"> Compatible con Android 9 y COMPASS<\/span><\/li>\n<li aria-level=\"1\"><b>Durable<\/b><span style=\"font-weight: 400;\">: resistente al polvo, al agua y a las ca\u00eddas hasta 1,5 m<\/span><\/li>\n<li aria-level=\"1\"><b>Conexi\u00f3n flexible:<\/b><span style=\"font-weight: 400;\"> mediante WLAN, Bluetooth o NFC<\/span><\/li>\n<li aria-level=\"1\"><b>Uso prolongado e ininterrumpido:<\/b><span style=\"font-weight: 400;\"> 3200 mAh con hasta 12 horas de duraci\u00f3n de la bater\u00eda<\/span><\/li>\n<\/ul>\n<p><b>Apoyo en caso de fallo funcional:<\/b><span style=\"font-weight: 400;\"> Garant\u00eda de 3 a\u00f1os, ampliable opcionalmente a 5 a\u00f1os<\/span><\/p>\n","protected":false},"featured_media":21188,"comment_status":"open","ping_status":"closed","template":"","meta":{"_acf_changed":false},"product_brand":[],"product_cat":[1341,1339],"product_tag":[],"class_list":{"0":"post-34566","1":"product","2":"type-product","3":"status-publish","4":"has-post-thumbnail","6":"product_cat-shop-es","7":"product_cat-tableta-robusta","8":"pa_hersteller-panasonic-es","10":"first","11":"instock","12":"taxable","13":"shipping-taxable","14":"purchasable","15":"product-type-simple"},"acf":[],"yoast_head":"<!-- This site is optimized with the Yoast SEO Premium plugin v20.10 (Yoast SEO v24.3) - https:\/\/yoast.com\/wordpress\/plugins\/seo\/ -->\n<title>Compre el Toughbook T1 aqu\u00ed - ALEGER \u22c6 Augmented Reality<\/title>\n<meta name=\"description\" content=\"Descubra la tableta robusta de 5 pulgadas con certificaci\u00f3n IP68 y esc\u00e1ner de c\u00f3digo de barras integrado aqu\u00ed. Con una bater\u00eda de muy larga duraci\u00f3n.\" \/>\n<meta name=\"robots\" content=\"index, follow, max-snippet:-1, max-image-preview:large, max-video-preview:-1\" \/>\n<meta property=\"og:locale\" content=\"es_ES\" \/>\n<meta property=\"og:type\" content=\"article\" \/>\n<meta property=\"og:title\" content=\"Toughbook T1, tableta robusta, MIL-STD-810G, IP68, pantalla de 5 pulgadas, esc\u00e1ner de c\u00f3digo de barras\" \/>\n<meta property=\"og:description\" content=\"Descubra la tableta robusta de 5 pulgadas con certificaci\u00f3n IP68 y esc\u00e1ner de c\u00f3digo de barras integrado aqu\u00ed. Con una bater\u00eda de muy larga duraci\u00f3n.\" \/>\n<meta property=\"og:url\" content=\"https:\/\/alegerglobal.com\/es\/shop-es\/toughbookt1-2\/\" \/>\n<meta property=\"og:site_name\" content=\"ALEGER \u22c6 Augmented Reality\" \/>\n<meta property=\"og:image\" content=\"https:\/\/alegerglobal.com\/wp-content\/uploads\/2021\/03\/Unbenannt-65.jpg\" \/>\n\t<meta property=\"og:image:width\" content=\"800\" \/>\n\t<meta property=\"og:image:height\" content=\"800\" \/>\n\t<meta property=\"og:image:type\" content=\"image\/jpeg\" \/>\n<meta name=\"twitter:card\" content=\"summary_large_image\" \/>\n<meta name=\"twitter:label1\" content=\"Precio\" \/>\n\t<meta name=\"twitter:data1\" content=\"&euro;1.650,99\" \/>\n\t<meta name=\"twitter:label2\" content=\"Disponibilidad\" \/>\n\t<meta name=\"twitter:data2\" content=\"Disponible\" \/>\n<script type=\"application\/ld+json\" class=\"yoast-schema-graph\">{\"@context\":\"https:\/\/schema.org\",\"@graph\":[{\"@type\":\"WebPage\",\"@id\":\"https:\/\/alegerglobal.com\/es\/shop-es\/toughbookt1-2\/\",\"url\":\"https:\/\/alegerglobal.com\/es\/shop-es\/toughbookt1-2\/\",\"name\":\"Compre el Toughbook T1 aqu\u00ed - ALEGER \u22c6 Augmented Reality\",\"isPartOf\":{\"@id\":\"https:\/\/alegerglobal.com\/es\/#website\"},\"primaryImageOfPage\":{\"@id\":\"https:\/\/alegerglobal.com\/es\/shop-es\/toughbookt1-2\/#primaryimage\"},\"image\":{\"@id\":\"https:\/\/alegerglobal.com\/es\/shop-es\/toughbookt1-2\/#primaryimage\"},\"thumbnailUrl\":\"https:\/\/alegerglobal.com\/wp-content\/uploads\/2021\/03\/Unbenannt-65.jpg\",\"datePublished\":\"2022-05-18T11:37:21+00:00\",\"dateModified\":\"2022-05-18T11:37:21+00:00\",\"description\":\"Descubra la tableta robusta de 5 pulgadas con certificaci\u00f3n IP68 y esc\u00e1ner de c\u00f3digo de barras integrado aqu\u00ed. Con una bater\u00eda de muy larga duraci\u00f3n.\",\"breadcrumb\":{\"@id\":\"https:\/\/alegerglobal.com\/es\/shop-es\/toughbookt1-2\/#breadcrumb\"},\"inLanguage\":\"es\",\"potentialAction\":[{\"@type\":\"ReadAction\",\"target\":[\"https:\/\/alegerglobal.com\/es\/shop-es\/toughbookt1-2\/\"]}]},{\"@type\":\"ImageObject\",\"inLanguage\":\"es\",\"@id\":\"https:\/\/alegerglobal.com\/es\/shop-es\/toughbookt1-2\/#primaryimage\",\"url\":\"https:\/\/alegerglobal.com\/wp-content\/uploads\/2021\/03\/Unbenannt-65.jpg\",\"contentUrl\":\"https:\/\/alegerglobal.com\/wp-content\/uploads\/2021\/03\/Unbenannt-65.jpg\",\"width\":800,\"height\":800},{\"@type\":\"BreadcrumbList\",\"@id\":\"https:\/\/alegerglobal.com\/es\/shop-es\/toughbookt1-2\/#breadcrumb\",\"itemListElement\":[{\"@type\":\"ListItem\",\"position\":1,\"name\":\"Home\",\"item\":\"https:\/\/alegerglobal.com\/es\/nuevo-pagina-de-inicio\/\"},{\"@type\":\"ListItem\",\"position\":2,\"name\":\"Productos\",\"item\":\"https:\/\/alegerglobal.com\/es\/productos\/\"},{\"@type\":\"ListItem\",\"position\":3,\"name\":\"Toughbook T1, tableta robusta, MIL-STD-810G, IP68, pantalla de 5 pulgadas, esc\u00e1ner de c\u00f3digo de barras\"}]},{\"@type\":\"WebSite\",\"@id\":\"https:\/\/alegerglobal.com\/es\/#website\",\"url\":\"https:\/\/alegerglobal.com\/es\/\",\"name\":\"ALEGER \u22c6 Augmented Reality\",\"description\":\"Die besten Augmented Reality (AR) L\u00f6sungen der Welt.\",\"publisher\":{\"@id\":\"https:\/\/alegerglobal.com\/es\/#organization\"},\"potentialAction\":[{\"@type\":\"SearchAction\",\"target\":{\"@type\":\"EntryPoint\",\"urlTemplate\":\"https:\/\/alegerglobal.com\/es\/?s={search_term_string}\"},\"query-input\":{\"@type\":\"PropertyValueSpecification\",\"valueRequired\":true,\"valueName\":\"search_term_string\"}}],\"inLanguage\":\"es\"},{\"@type\":\"Organization\",\"@id\":\"https:\/\/alegerglobal.com\/es\/#organization\",\"name\":\"ALEGER \u22c6 Augmented Reality\",\"url\":\"https:\/\/alegerglobal.com\/es\/\",\"logo\":{\"@type\":\"ImageObject\",\"inLanguage\":\"es\",\"@id\":\"https:\/\/alegerglobal.com\/es\/#\/schema\/logo\/image\/\",\"url\":\"https:\/\/alegerglobal.com\/wp-content\/uploads\/2020\/12\/aleger-logo-quadrat.jpg\",\"contentUrl\":\"https:\/\/alegerglobal.com\/wp-content\/uploads\/2020\/12\/aleger-logo-quadrat.jpg\",\"width\":200,\"height\":176,\"caption\":\"ALEGER \u22c6 Augmented Reality\"},\"image\":{\"@id\":\"https:\/\/alegerglobal.com\/es\/#\/schema\/logo\/image\/\"}}]}<\/script>\n<meta property=\"product:brand\" content=\"Panasonic\" \/>\n<meta property=\"product:price:amount\" content=\"1650.99\" \/>\n<meta property=\"product:price:currency\" content=\"EUR\" \/>\n<meta property=\"og:availability\" content=\"instock\" \/>\n<meta property=\"product:availability\" content=\"instock\" \/>\n<meta property=\"product:condition\" content=\"new\" \/>\n<!-- \/ Yoast SEO Premium plugin. -->","yoast_head_json":{"title":"Compre el Toughbook T1 aqu\u00ed - ALEGER \u22c6 Augmented Reality","description":"Descubra la tableta robusta de 5 pulgadas con certificaci\u00f3n IP68 y esc\u00e1ner de c\u00f3digo de barras integrado aqu\u00ed. Con una bater\u00eda de muy larga duraci\u00f3n.","robots":{"index":"index","follow":"follow","max-snippet":"max-snippet:-1","max-image-preview":"max-image-preview:large","max-video-preview":"max-video-preview:-1"},"og_locale":"es_ES","og_type":"article","og_title":"Toughbook T1, tableta robusta, MIL-STD-810G, IP68, pantalla de 5 pulgadas, esc\u00e1ner de c\u00f3digo de barras","og_description":"Descubra la tableta robusta de 5 pulgadas con certificaci\u00f3n IP68 y esc\u00e1ner de c\u00f3digo de barras integrado aqu\u00ed. Con una bater\u00eda de muy larga duraci\u00f3n.","og_url":"https:\/\/alegerglobal.com\/es\/shop-es\/toughbookt1-2\/","og_site_name":"ALEGER \u22c6 Augmented Reality","og_image":[{"width":800,"height":800,"url":"https:\/\/alegerglobal.com\/wp-content\/uploads\/2021\/03\/Unbenannt-65.jpg","type":"image\/jpeg"}],"twitter_card":"summary_large_image","twitter_misc":{"Precio":"&euro;1.650,99","Disponibilidad":"Disponible"},"schema":{"@context":"https:\/\/schema.org","@graph":[{"@type":"WebPage","@id":"https:\/\/alegerglobal.com\/es\/shop-es\/toughbookt1-2\/","url":"https:\/\/alegerglobal.com\/es\/shop-es\/toughbookt1-2\/","name":"Compre el Toughbook T1 aqu\u00ed - ALEGER \u22c6 Augmented Reality","isPartOf":{"@id":"https:\/\/alegerglobal.com\/es\/#website"},"primaryImageOfPage":{"@id":"https:\/\/alegerglobal.com\/es\/shop-es\/toughbookt1-2\/#primaryimage"},"image":{"@id":"https:\/\/alegerglobal.com\/es\/shop-es\/toughbookt1-2\/#primaryimage"},"thumbnailUrl":"https:\/\/alegerglobal.com\/wp-content\/uploads\/2021\/03\/Unbenannt-65.jpg","datePublished":"2022-05-18T11:37:21+00:00","dateModified":"2022-05-18T11:37:21+00:00","description":"Descubra la tableta robusta de 5 pulgadas con certificaci\u00f3n IP68 y esc\u00e1ner de c\u00f3digo de barras integrado aqu\u00ed. Con una bater\u00eda de muy larga duraci\u00f3n.","breadcrumb":{"@id":"https:\/\/alegerglobal.com\/es\/shop-es\/toughbookt1-2\/#breadcrumb"},"inLanguage":"es","potentialAction":[{"@type":"ReadAction","target":["https:\/\/alegerglobal.com\/es\/shop-es\/toughbookt1-2\/"]}]},{"@type":"ImageObject","inLanguage":"es","@id":"https:\/\/alegerglobal.com\/es\/shop-es\/toughbookt1-2\/#primaryimage","url":"https:\/\/alegerglobal.com\/wp-content\/uploads\/2021\/03\/Unbenannt-65.jpg","contentUrl":"https:\/\/alegerglobal.com\/wp-content\/uploads\/2021\/03\/Unbenannt-65.jpg","width":800,"height":800},{"@type":"BreadcrumbList","@id":"https:\/\/alegerglobal.com\/es\/shop-es\/toughbookt1-2\/#breadcrumb","itemListElement":[{"@type":"ListItem","position":1,"name":"Home","item":"https:\/\/alegerglobal.com\/es\/nuevo-pagina-de-inicio\/"},{"@type":"ListItem","position":2,"name":"Productos","item":"https:\/\/alegerglobal.com\/es\/productos\/"},{"@type":"ListItem","position":3,"name":"Toughbook T1, tableta robusta, MIL-STD-810G, IP68, pantalla de 5 pulgadas, esc\u00e1ner de c\u00f3digo de barras"}]},{"@type":"WebSite","@id":"https:\/\/alegerglobal.com\/es\/#website","url":"https:\/\/alegerglobal.com\/es\/","name":"ALEGER \u22c6 Augmented Reality","description":"Die besten Augmented Reality (AR) L\u00f6sungen der Welt.","publisher":{"@id":"https:\/\/alegerglobal.com\/es\/#organization"},"potentialAction":[{"@type":"SearchAction","target":{"@type":"EntryPoint","urlTemplate":"https:\/\/alegerglobal.com\/es\/?s={search_term_string}"},"query-input":{"@type":"PropertyValueSpecification","valueRequired":true,"valueName":"search_term_string"}}],"inLanguage":"es"},{"@type":"Organization","@id":"https:\/\/alegerglobal.com\/es\/#organization","name":"ALEGER \u22c6 Augmented Reality","url":"https:\/\/alegerglobal.com\/es\/","logo":{"@type":"ImageObject","inLanguage":"es","@id":"https:\/\/alegerglobal.com\/es\/#\/schema\/logo\/image\/","url":"https:\/\/alegerglobal.com\/wp-content\/uploads\/2020\/12\/aleger-logo-quadrat.jpg","contentUrl":"https:\/\/alegerglobal.com\/wp-content\/uploads\/2020\/12\/aleger-logo-quadrat.jpg","width":200,"height":176,"caption":"ALEGER \u22c6 Augmented Reality"},"image":{"@id":"https:\/\/alegerglobal.com\/es\/#\/schema\/logo\/image\/"}}]},"product_brand":"Panasonic","product_price_amount":"1650.99","product_price_currency":"EUR","og_availability":"instock","product_availability":"instock","product_condition":"new"},"_links":{"self":[{"href":"https:\/\/alegerglobal.com\/es\/wp-json\/wp\/v2\/product\/34566","targetHints":{"allow":["GET"]}}],"collection":[{"href":"https:\/\/alegerglobal.com\/es\/wp-json\/wp\/v2\/product"}],"about":[{"href":"https:\/\/alegerglobal.com\/es\/wp-json\/wp\/v2\/types\/product"}],"replies":[{"embeddable":true,"href":"https:\/\/alegerglobal.com\/es\/wp-json\/wp\/v2\/comments?post=34566"}],"version-history":[{"count":0,"href":"https:\/\/alegerglobal.com\/es\/wp-json\/wp\/v2\/product\/34566\/revisions"}],"wp:featuredmedia":[{"embeddable":true,"href":"https:\/\/alegerglobal.com\/es\/wp-json\/wp\/v2\/media\/21188"}],"wp:attachment":[{"href":"https:\/\/alegerglobal.com\/es\/wp-json\/wp\/v2\/media?parent=34566"}],"wp:term":[{"taxonomy":"product_brand","embeddable":true,"href":"https:\/\/alegerglobal.com\/es\/wp-json\/wp\/v2\/product_brand?post=34566"},{"taxonomy":"product_cat","embeddable":true,"href":"https:\/\/alegerglobal.com\/es\/wp-json\/wp\/v2\/product_cat?post=34566"},{"taxonomy":"product_tag","embeddable":true,"href":"https:\/\/alegerglobal.com\/es\/wp-json\/wp\/v2\/product_tag?post=34566"}],"curies":[{"name":"wp","href":"https:\/\/api.w.org\/{rel}","templated":true}]}}