{"id":34563,"date":"2021-11-16T23:04:25","date_gmt":"2022-05-18T11:37:19","guid":{"rendered":"https:\/\/alegerglobal.com\/sin categor\u00eda\/vuzix-m400-gafas-inteligentes-angulo-de-vision-de-168-grados-camara-de-128-mp-ip67-android-9\/"},"modified":"2022-05-18T12:37:19","modified_gmt":"2022-05-18T11:37:19","slug":"vuzix-m400-2","status":"publish","type":"product","link":"https:\/\/alegerglobal.com\/es\/shop-es\/gafas-inteligentes\/vuzix-m400-2\/","title":{"rendered":"VUZIX M400, gafas inteligentes, \u00e1ngulo de visi\u00f3n de 16,8 grados, c\u00e1mara de 12,8 MP, IP67, Android 9"},"content":{"rendered":"","protected":false},"excerpt":{"rendered":"<ul>\n<li><b>Utilizaci\u00f3n en condiciones dif\u00edciles:<\/b> Resistente al polvo y al agua seg\u00fan la norma IP67 y a las ca\u00eddas hasta una altura de 2 metros<\/li>\n<li><b>Documente el trabajo f\u00e1cilmente:<\/b> c\u00e1mara de 12,8 MP con enfoque autom\u00e1tico para capturar fotos y v\u00eddeos n\u00edtidos en 4K<\/li>\n<li><b>Utilice aplicaciones complejas sin problemas:<\/b> Potente procesador Snapdragon XR1 de 8 n\u00facleos<\/li>\n<li><b>Gran comodidad de uso:<\/b> dise\u00f1o ergon\u00f3mico y s\u00f3lo 68 g de peso total<\/li>\n<li><b>Funcionamiento a manos libres:<\/b> tres micr\u00f3fonos para un control de voz fluido<\/li>\n<\/ul>\n","protected":false},"featured_media":21138,"comment_status":"open","ping_status":"closed","template":"","meta":{"_acf_changed":false},"product_brand":[],"product_cat":[1381,1341],"product_tag":[],"class_list":{"0":"post-34563","1":"product","2":"type-product","3":"status-publish","4":"has-post-thumbnail","6":"product_cat-gafas-inteligentes","7":"product_cat-shop-es","8":"pa_hersteller-vuzix-es","10":"first","11":"instock","12":"taxable","13":"shipping-taxable","14":"purchasable","15":"product-type-simple"},"acf":[],"yoast_head":"<!-- This site is optimized with the Yoast SEO Premium plugin v20.10 (Yoast SEO v24.3) - https:\/\/yoast.com\/wordpress\/plugins\/seo\/ -->\n<title>Compre el VUZIX M400 aqu\u00ed - ALEGER \u22c6 Augmented Reality<\/title>\n<meta name=\"description\" content=\"La M400 impresiona por su robusta carcasa y su potente software. Descubra el Vuzix Smart Glass para el servicio de campo &amp; co. aqu\u00ed.\" \/>\n<meta name=\"robots\" content=\"index, follow, max-snippet:-1, max-image-preview:large, max-video-preview:-1\" \/>\n<meta property=\"og:locale\" content=\"es_ES\" \/>\n<meta property=\"og:type\" content=\"article\" \/>\n<meta property=\"og:title\" content=\"VUZIX M400, gafas inteligentes, \u00e1ngulo de visi\u00f3n de 16,8 grados, c\u00e1mara de 12,8 MP, IP67, Android 9\" \/>\n<meta property=\"og:description\" content=\"La M400 impresiona por su robusta carcasa y su potente software. Descubra el Vuzix Smart Glass para el servicio de campo &amp; co. aqu\u00ed.\" \/>\n<meta property=\"og:url\" content=\"https:\/\/alegerglobal.com\/es\/shop-es\/gafas-inteligentes\/vuzix-m400-2\/\" \/>\n<meta property=\"og:site_name\" content=\"ALEGER \u22c6 Augmented Reality\" \/>\n<meta property=\"og:image\" content=\"https:\/\/alegerglobal.com\/wp-content\/uploads\/2022\/01\/Unbenannt-17.jpg\" \/>\n\t<meta property=\"og:image:width\" content=\"800\" \/>\n\t<meta property=\"og:image:height\" content=\"800\" \/>\n\t<meta property=\"og:image:type\" content=\"image\/jpeg\" \/>\n<meta name=\"twitter:card\" content=\"summary_large_image\" \/>\n<meta name=\"twitter:label1\" content=\"Precio\" \/>\n\t<meta name=\"twitter:data1\" content=\"&euro;1.863,00\" \/>\n\t<meta name=\"twitter:label2\" content=\"Disponibilidad\" \/>\n\t<meta name=\"twitter:data2\" content=\"Disponible\" \/>\n<script type=\"application\/ld+json\" class=\"yoast-schema-graph\">{\"@context\":\"https:\/\/schema.org\",\"@graph\":[{\"@type\":\"WebPage\",\"@id\":\"https:\/\/alegerglobal.com\/es\/shop-es\/gafas-inteligentes\/vuzix-m400-2\/\",\"url\":\"https:\/\/alegerglobal.com\/es\/shop-es\/gafas-inteligentes\/vuzix-m400-2\/\",\"name\":\"Compre el VUZIX M400 aqu\u00ed - ALEGER \u22c6 Augmented Reality\",\"isPartOf\":{\"@id\":\"https:\/\/alegerglobal.com\/es\/#website\"},\"primaryImageOfPage\":{\"@id\":\"https:\/\/alegerglobal.com\/es\/shop-es\/gafas-inteligentes\/vuzix-m400-2\/#primaryimage\"},\"image\":{\"@id\":\"https:\/\/alegerglobal.com\/es\/shop-es\/gafas-inteligentes\/vuzix-m400-2\/#primaryimage\"},\"thumbnailUrl\":\"https:\/\/alegerglobal.com\/wp-content\/uploads\/2022\/01\/Unbenannt-17.jpg\",\"datePublished\":\"2022-05-18T11:37:19+00:00\",\"dateModified\":\"2022-05-18T11:37:19+00:00\",\"description\":\"La M400 impresiona por su robusta carcasa y su potente software. Descubra el Vuzix Smart Glass para el servicio de campo & co. aqu\u00ed.\",\"breadcrumb\":{\"@id\":\"https:\/\/alegerglobal.com\/es\/shop-es\/gafas-inteligentes\/vuzix-m400-2\/#breadcrumb\"},\"inLanguage\":\"es\",\"potentialAction\":[{\"@type\":\"ReadAction\",\"target\":[\"https:\/\/alegerglobal.com\/es\/shop-es\/gafas-inteligentes\/vuzix-m400-2\/\"]}]},{\"@type\":\"ImageObject\",\"inLanguage\":\"es\",\"@id\":\"https:\/\/alegerglobal.com\/es\/shop-es\/gafas-inteligentes\/vuzix-m400-2\/#primaryimage\",\"url\":\"https:\/\/alegerglobal.com\/wp-content\/uploads\/2022\/01\/Unbenannt-17.jpg\",\"contentUrl\":\"https:\/\/alegerglobal.com\/wp-content\/uploads\/2022\/01\/Unbenannt-17.jpg\",\"width\":800,\"height\":800},{\"@type\":\"BreadcrumbList\",\"@id\":\"https:\/\/alegerglobal.com\/es\/shop-es\/gafas-inteligentes\/vuzix-m400-2\/#breadcrumb\",\"itemListElement\":[{\"@type\":\"ListItem\",\"position\":1,\"name\":\"Home\",\"item\":\"https:\/\/alegerglobal.com\/es\/nuevo-pagina-de-inicio\/\"},{\"@type\":\"ListItem\",\"position\":2,\"name\":\"Productos\",\"item\":\"https:\/\/alegerglobal.com\/es\/productos\/\"},{\"@type\":\"ListItem\",\"position\":3,\"name\":\"VUZIX M400, gafas inteligentes, \u00e1ngulo de visi\u00f3n de 16,8 grados, c\u00e1mara de 12,8 MP, IP67, Android 9\"}]},{\"@type\":\"WebSite\",\"@id\":\"https:\/\/alegerglobal.com\/es\/#website\",\"url\":\"https:\/\/alegerglobal.com\/es\/\",\"name\":\"ALEGER \u22c6 Augmented Reality\",\"description\":\"Die besten Augmented Reality (AR) L\u00f6sungen der Welt.\",\"publisher\":{\"@id\":\"https:\/\/alegerglobal.com\/es\/#organization\"},\"potentialAction\":[{\"@type\":\"SearchAction\",\"target\":{\"@type\":\"EntryPoint\",\"urlTemplate\":\"https:\/\/alegerglobal.com\/es\/?s={search_term_string}\"},\"query-input\":{\"@type\":\"PropertyValueSpecification\",\"valueRequired\":true,\"valueName\":\"search_term_string\"}}],\"inLanguage\":\"es\"},{\"@type\":\"Organization\",\"@id\":\"https:\/\/alegerglobal.com\/es\/#organization\",\"name\":\"ALEGER \u22c6 Augmented Reality\",\"url\":\"https:\/\/alegerglobal.com\/es\/\",\"logo\":{\"@type\":\"ImageObject\",\"inLanguage\":\"es\",\"@id\":\"https:\/\/alegerglobal.com\/es\/#\/schema\/logo\/image\/\",\"url\":\"https:\/\/alegerglobal.com\/wp-content\/uploads\/2020\/12\/aleger-logo-quadrat.jpg\",\"contentUrl\":\"https:\/\/alegerglobal.com\/wp-content\/uploads\/2020\/12\/aleger-logo-quadrat.jpg\",\"width\":200,\"height\":176,\"caption\":\"ALEGER \u22c6 Augmented Reality\"},\"image\":{\"@id\":\"https:\/\/alegerglobal.com\/es\/#\/schema\/logo\/image\/\"}}]}<\/script>\n<meta property=\"product:brand\" content=\"Vuzix\" \/>\n<meta property=\"product:price:amount\" content=\"1863.00\" \/>\n<meta property=\"product:price:currency\" content=\"EUR\" \/>\n<meta property=\"og:availability\" content=\"instock\" \/>\n<meta property=\"product:availability\" content=\"instock\" \/>\n<meta property=\"product:condition\" content=\"new\" \/>\n<!-- \/ Yoast SEO Premium plugin. -->","yoast_head_json":{"title":"Compre el VUZIX M400 aqu\u00ed - ALEGER \u22c6 Augmented Reality","description":"La M400 impresiona por su robusta carcasa y su potente software. Descubra el Vuzix Smart Glass para el servicio de campo & co. aqu\u00ed.","robots":{"index":"index","follow":"follow","max-snippet":"max-snippet:-1","max-image-preview":"max-image-preview:large","max-video-preview":"max-video-preview:-1"},"og_locale":"es_ES","og_type":"article","og_title":"VUZIX M400, gafas inteligentes, \u00e1ngulo de visi\u00f3n de 16,8 grados, c\u00e1mara de 12,8 MP, IP67, Android 9","og_description":"La M400 impresiona por su robusta carcasa y su potente software. Descubra el Vuzix Smart Glass para el servicio de campo & co. aqu\u00ed.","og_url":"https:\/\/alegerglobal.com\/es\/shop-es\/gafas-inteligentes\/vuzix-m400-2\/","og_site_name":"ALEGER \u22c6 Augmented Reality","og_image":[{"width":800,"height":800,"url":"https:\/\/alegerglobal.com\/wp-content\/uploads\/2022\/01\/Unbenannt-17.jpg","type":"image\/jpeg"}],"twitter_card":"summary_large_image","twitter_misc":{"Precio":"&euro;1.863,00","Disponibilidad":"Disponible"},"schema":{"@context":"https:\/\/schema.org","@graph":[{"@type":"WebPage","@id":"https:\/\/alegerglobal.com\/es\/shop-es\/gafas-inteligentes\/vuzix-m400-2\/","url":"https:\/\/alegerglobal.com\/es\/shop-es\/gafas-inteligentes\/vuzix-m400-2\/","name":"Compre el VUZIX M400 aqu\u00ed - ALEGER \u22c6 Augmented Reality","isPartOf":{"@id":"https:\/\/alegerglobal.com\/es\/#website"},"primaryImageOfPage":{"@id":"https:\/\/alegerglobal.com\/es\/shop-es\/gafas-inteligentes\/vuzix-m400-2\/#primaryimage"},"image":{"@id":"https:\/\/alegerglobal.com\/es\/shop-es\/gafas-inteligentes\/vuzix-m400-2\/#primaryimage"},"thumbnailUrl":"https:\/\/alegerglobal.com\/wp-content\/uploads\/2022\/01\/Unbenannt-17.jpg","datePublished":"2022-05-18T11:37:19+00:00","dateModified":"2022-05-18T11:37:19+00:00","description":"La M400 impresiona por su robusta carcasa y su potente software. Descubra el Vuzix Smart Glass para el servicio de campo & co. aqu\u00ed.","breadcrumb":{"@id":"https:\/\/alegerglobal.com\/es\/shop-es\/gafas-inteligentes\/vuzix-m400-2\/#breadcrumb"},"inLanguage":"es","potentialAction":[{"@type":"ReadAction","target":["https:\/\/alegerglobal.com\/es\/shop-es\/gafas-inteligentes\/vuzix-m400-2\/"]}]},{"@type":"ImageObject","inLanguage":"es","@id":"https:\/\/alegerglobal.com\/es\/shop-es\/gafas-inteligentes\/vuzix-m400-2\/#primaryimage","url":"https:\/\/alegerglobal.com\/wp-content\/uploads\/2022\/01\/Unbenannt-17.jpg","contentUrl":"https:\/\/alegerglobal.com\/wp-content\/uploads\/2022\/01\/Unbenannt-17.jpg","width":800,"height":800},{"@type":"BreadcrumbList","@id":"https:\/\/alegerglobal.com\/es\/shop-es\/gafas-inteligentes\/vuzix-m400-2\/#breadcrumb","itemListElement":[{"@type":"ListItem","position":1,"name":"Home","item":"https:\/\/alegerglobal.com\/es\/nuevo-pagina-de-inicio\/"},{"@type":"ListItem","position":2,"name":"Productos","item":"https:\/\/alegerglobal.com\/es\/productos\/"},{"@type":"ListItem","position":3,"name":"VUZIX M400, gafas inteligentes, \u00e1ngulo de visi\u00f3n de 16,8 grados, c\u00e1mara de 12,8 MP, IP67, Android 9"}]},{"@type":"WebSite","@id":"https:\/\/alegerglobal.com\/es\/#website","url":"https:\/\/alegerglobal.com\/es\/","name":"ALEGER \u22c6 Augmented Reality","description":"Die besten Augmented Reality (AR) L\u00f6sungen der Welt.","publisher":{"@id":"https:\/\/alegerglobal.com\/es\/#organization"},"potentialAction":[{"@type":"SearchAction","target":{"@type":"EntryPoint","urlTemplate":"https:\/\/alegerglobal.com\/es\/?s={search_term_string}"},"query-input":{"@type":"PropertyValueSpecification","valueRequired":true,"valueName":"search_term_string"}}],"inLanguage":"es"},{"@type":"Organization","@id":"https:\/\/alegerglobal.com\/es\/#organization","name":"ALEGER \u22c6 Augmented Reality","url":"https:\/\/alegerglobal.com\/es\/","logo":{"@type":"ImageObject","inLanguage":"es","@id":"https:\/\/alegerglobal.com\/es\/#\/schema\/logo\/image\/","url":"https:\/\/alegerglobal.com\/wp-content\/uploads\/2020\/12\/aleger-logo-quadrat.jpg","contentUrl":"https:\/\/alegerglobal.com\/wp-content\/uploads\/2020\/12\/aleger-logo-quadrat.jpg","width":200,"height":176,"caption":"ALEGER \u22c6 Augmented Reality"},"image":{"@id":"https:\/\/alegerglobal.com\/es\/#\/schema\/logo\/image\/"}}]},"product_brand":"Vuzix","product_price_amount":"1863.00","product_price_currency":"EUR","og_availability":"instock","product_availability":"instock","product_condition":"new"},"_links":{"self":[{"href":"https:\/\/alegerglobal.com\/es\/wp-json\/wp\/v2\/product\/34563","targetHints":{"allow":["GET"]}}],"collection":[{"href":"https:\/\/alegerglobal.com\/es\/wp-json\/wp\/v2\/product"}],"about":[{"href":"https:\/\/alegerglobal.com\/es\/wp-json\/wp\/v2\/types\/product"}],"replies":[{"embeddable":true,"href":"https:\/\/alegerglobal.com\/es\/wp-json\/wp\/v2\/comments?post=34563"}],"version-history":[{"count":0,"href":"https:\/\/alegerglobal.com\/es\/wp-json\/wp\/v2\/product\/34563\/revisions"}],"wp:featuredmedia":[{"embeddable":true,"href":"https:\/\/alegerglobal.com\/es\/wp-json\/wp\/v2\/media\/21138"}],"wp:attachment":[{"href":"https:\/\/alegerglobal.com\/es\/wp-json\/wp\/v2\/media?parent=34563"}],"wp:term":[{"taxonomy":"product_brand","embeddable":true,"href":"https:\/\/alegerglobal.com\/es\/wp-json\/wp\/v2\/product_brand?post=34563"},{"taxonomy":"product_cat","embeddable":true,"href":"https:\/\/alegerglobal.com\/es\/wp-json\/wp\/v2\/product_cat?post=34563"},{"taxonomy":"product_tag","embeddable":true,"href":"https:\/\/alegerglobal.com\/es\/wp-json\/wp\/v2\/product_tag?post=34563"}],"curies":[{"name":"wp","href":"https:\/\/api.w.org\/{rel}","templated":true}]}}