{"id":34562,"date":"2021-03-10T08:29:05","date_gmt":"2022-05-18T11:37:19","guid":{"rendered":"https:\/\/alegerglobal.com\/sin categor\u00eda\/getac-b360-pro-portatil-resistente-mil-std-810h-ip66-133-pulgadas-windows-10-pro\/"},"modified":"2022-05-18T12:37:19","modified_gmt":"2022-05-18T11:37:19","slug":"getac-b360-pro-2","status":"publish","type":"product","link":"https:\/\/alegerglobal.com\/es\/shop-es\/portatil-robusto-es\/getac-b360-pro-2\/","title":{"rendered":"Getac B360 Pro, port\u00e1til resistente, MIL-STD-810H, IP66, 13,3 pulgadas, Windows 10 Pro"},"content":{"rendered":"","protected":false},"excerpt":{"rendered":"<ul>\n<li aria-level=\"1\"><b>Port\u00e1til robusto con certificaci\u00f3n IP66 y verificaci\u00f3n seg\u00fan MIL-STD-810H y MIL-STD-461G, aprobado seg\u00fan la norma ANSI\/ISA-12.12.01 para lugares peligrosos de Clase I Divisi\u00f3n 2<\/b><\/li>\n<li aria-level=\"1\"><b>Trabaja con soltura incluso con programas inform\u00e1ticos exigentes:<\/b><span style=\"font-weight: 400;\"> Potente procesador Intel de 10\u00aa generaci\u00f3n<\/span><\/li>\n<li aria-level=\"1\"><b>Una imagen n\u00edtida incluso con luz solar<\/b><span style=\"font-weight: 400;\">Pantalla LumiBond de 1400 nits de brillo y 13,3&#8243;<\/span><\/li>\n<li aria-level=\"1\"><b>Funcionamiento flexible:<\/b> control mediante teclado o pantalla t\u00e1ctil capacitiva<\/li>\n<\/ul>\n","protected":false},"featured_media":20345,"comment_status":"open","ping_status":"closed","template":"","meta":{"_acf_changed":false},"product_brand":[],"product_cat":[1369,1341],"product_tag":[],"class_list":{"0":"post-34562","1":"product","2":"type-product","3":"status-publish","4":"has-post-thumbnail","6":"product_cat-portatil-robusto-es","7":"product_cat-shop-es","8":"pa_hersteller-getac-es","10":"first","11":"instock","12":"taxable","13":"shipping-taxable","14":"purchasable","15":"product-type-simple"},"acf":[],"yoast_head":"<!-- This site is optimized with the Yoast SEO Premium plugin v20.10 (Yoast SEO v24.3) - https:\/\/yoast.com\/wordpress\/plugins\/seo\/ -->\n<title>Compre el Getac B360 Pro aqu\u00ed - ALEGER \u22c6 Augmented Reality<\/title>\n<meta name=\"description\" content=\"Descubra el robusto port\u00e1til B360 Pro de Getac aqu\u00ed. Para quienes necesitan un alto rendimiento en entornos exigentes.\" \/>\n<meta name=\"robots\" content=\"index, follow, max-snippet:-1, max-image-preview:large, max-video-preview:-1\" \/>\n<meta property=\"og:locale\" content=\"es_ES\" \/>\n<meta property=\"og:type\" content=\"article\" \/>\n<meta property=\"og:title\" content=\"Getac B360 Pro, port\u00e1til resistente, MIL-STD-810H, IP66, 13,3 pulgadas, Windows 10 Pro\" \/>\n<meta property=\"og:description\" content=\"Descubra el robusto port\u00e1til B360 Pro de Getac aqu\u00ed. Para quienes necesitan un alto rendimiento en entornos exigentes.\" \/>\n<meta property=\"og:url\" content=\"https:\/\/alegerglobal.com\/es\/shop-es\/portatil-robusto-es\/getac-b360-pro-2\/\" \/>\n<meta property=\"og:site_name\" content=\"ALEGER \u22c6 Augmented Reality\" \/>\n<meta property=\"og:image\" content=\"https:\/\/alegerglobal.com\/wp-content\/uploads\/2021\/01\/b360-pro-slider1.png\" \/>\n\t<meta property=\"og:image:width\" content=\"1280\" \/>\n\t<meta property=\"og:image:height\" content=\"1280\" \/>\n\t<meta property=\"og:image:type\" content=\"image\/png\" \/>\n<meta name=\"twitter:card\" content=\"summary_large_image\" \/>\n<meta name=\"twitter:label1\" content=\"Precio\" \/>\n\t<meta name=\"twitter:data1\" content=\"&euro;3.970,99\" \/>\n\t<meta name=\"twitter:label2\" content=\"Disponibilidad\" \/>\n\t<meta name=\"twitter:data2\" content=\"Disponible\" \/>\n<script type=\"application\/ld+json\" class=\"yoast-schema-graph\">{\"@context\":\"https:\/\/schema.org\",\"@graph\":[{\"@type\":\"WebPage\",\"@id\":\"https:\/\/alegerglobal.com\/es\/shop-es\/portatil-robusto-es\/getac-b360-pro-2\/\",\"url\":\"https:\/\/alegerglobal.com\/es\/shop-es\/portatil-robusto-es\/getac-b360-pro-2\/\",\"name\":\"Compre el Getac B360 Pro aqu\u00ed - ALEGER \u22c6 Augmented Reality\",\"isPartOf\":{\"@id\":\"https:\/\/alegerglobal.com\/es\/#website\"},\"primaryImageOfPage\":{\"@id\":\"https:\/\/alegerglobal.com\/es\/shop-es\/portatil-robusto-es\/getac-b360-pro-2\/#primaryimage\"},\"image\":{\"@id\":\"https:\/\/alegerglobal.com\/es\/shop-es\/portatil-robusto-es\/getac-b360-pro-2\/#primaryimage\"},\"thumbnailUrl\":\"https:\/\/alegerglobal.com\/wp-content\/uploads\/2021\/01\/b360-pro-slider1.png\",\"datePublished\":\"2022-05-18T11:37:19+00:00\",\"dateModified\":\"2022-05-18T11:37:19+00:00\",\"description\":\"Descubra el robusto port\u00e1til B360 Pro de Getac aqu\u00ed. Para quienes necesitan un alto rendimiento en entornos exigentes.\",\"breadcrumb\":{\"@id\":\"https:\/\/alegerglobal.com\/es\/shop-es\/portatil-robusto-es\/getac-b360-pro-2\/#breadcrumb\"},\"inLanguage\":\"es\",\"potentialAction\":[{\"@type\":\"ReadAction\",\"target\":[\"https:\/\/alegerglobal.com\/es\/shop-es\/portatil-robusto-es\/getac-b360-pro-2\/\"]}]},{\"@type\":\"ImageObject\",\"inLanguage\":\"es\",\"@id\":\"https:\/\/alegerglobal.com\/es\/shop-es\/portatil-robusto-es\/getac-b360-pro-2\/#primaryimage\",\"url\":\"https:\/\/alegerglobal.com\/wp-content\/uploads\/2021\/01\/b360-pro-slider1.png\",\"contentUrl\":\"https:\/\/alegerglobal.com\/wp-content\/uploads\/2021\/01\/b360-pro-slider1.png\",\"width\":1280,\"height\":1280,\"caption\":\"Getac B360 Pro\"},{\"@type\":\"BreadcrumbList\",\"@id\":\"https:\/\/alegerglobal.com\/es\/shop-es\/portatil-robusto-es\/getac-b360-pro-2\/#breadcrumb\",\"itemListElement\":[{\"@type\":\"ListItem\",\"position\":1,\"name\":\"Home\",\"item\":\"https:\/\/alegerglobal.com\/es\/nuevo-pagina-de-inicio\/\"},{\"@type\":\"ListItem\",\"position\":2,\"name\":\"Productos\",\"item\":\"https:\/\/alegerglobal.com\/es\/productos\/\"},{\"@type\":\"ListItem\",\"position\":3,\"name\":\"Getac B360 Pro, port\u00e1til resistente, MIL-STD-810H, IP66, 13,3 pulgadas, Windows 10 Pro\"}]},{\"@type\":\"WebSite\",\"@id\":\"https:\/\/alegerglobal.com\/es\/#website\",\"url\":\"https:\/\/alegerglobal.com\/es\/\",\"name\":\"ALEGER \u22c6 Augmented Reality\",\"description\":\"Die besten Augmented Reality (AR) L\u00f6sungen der Welt.\",\"publisher\":{\"@id\":\"https:\/\/alegerglobal.com\/es\/#organization\"},\"potentialAction\":[{\"@type\":\"SearchAction\",\"target\":{\"@type\":\"EntryPoint\",\"urlTemplate\":\"https:\/\/alegerglobal.com\/es\/?s={search_term_string}\"},\"query-input\":{\"@type\":\"PropertyValueSpecification\",\"valueRequired\":true,\"valueName\":\"search_term_string\"}}],\"inLanguage\":\"es\"},{\"@type\":\"Organization\",\"@id\":\"https:\/\/alegerglobal.com\/es\/#organization\",\"name\":\"ALEGER \u22c6 Augmented Reality\",\"url\":\"https:\/\/alegerglobal.com\/es\/\",\"logo\":{\"@type\":\"ImageObject\",\"inLanguage\":\"es\",\"@id\":\"https:\/\/alegerglobal.com\/es\/#\/schema\/logo\/image\/\",\"url\":\"https:\/\/alegerglobal.com\/wp-content\/uploads\/2020\/12\/aleger-logo-quadrat.jpg\",\"contentUrl\":\"https:\/\/alegerglobal.com\/wp-content\/uploads\/2020\/12\/aleger-logo-quadrat.jpg\",\"width\":200,\"height\":176,\"caption\":\"ALEGER \u22c6 Augmented Reality\"},\"image\":{\"@id\":\"https:\/\/alegerglobal.com\/es\/#\/schema\/logo\/image\/\"}}]}<\/script>\n<meta property=\"product:brand\" content=\"Getac\" \/>\n<meta property=\"product:price:amount\" content=\"3970.99\" \/>\n<meta property=\"product:price:currency\" content=\"EUR\" \/>\n<meta property=\"og:availability\" content=\"instock\" \/>\n<meta property=\"product:availability\" content=\"instock\" \/>\n<meta property=\"product:condition\" content=\"new\" \/>\n<!-- \/ Yoast SEO Premium plugin. -->","yoast_head_json":{"title":"Compre el Getac B360 Pro aqu\u00ed - ALEGER \u22c6 Augmented Reality","description":"Descubra el robusto port\u00e1til B360 Pro de Getac aqu\u00ed. Para quienes necesitan un alto rendimiento en entornos exigentes.","robots":{"index":"index","follow":"follow","max-snippet":"max-snippet:-1","max-image-preview":"max-image-preview:large","max-video-preview":"max-video-preview:-1"},"og_locale":"es_ES","og_type":"article","og_title":"Getac B360 Pro, port\u00e1til resistente, MIL-STD-810H, IP66, 13,3 pulgadas, Windows 10 Pro","og_description":"Descubra el robusto port\u00e1til B360 Pro de Getac aqu\u00ed. Para quienes necesitan un alto rendimiento en entornos exigentes.","og_url":"https:\/\/alegerglobal.com\/es\/shop-es\/portatil-robusto-es\/getac-b360-pro-2\/","og_site_name":"ALEGER \u22c6 Augmented Reality","og_image":[{"width":1280,"height":1280,"url":"https:\/\/alegerglobal.com\/wp-content\/uploads\/2021\/01\/b360-pro-slider1.png","type":"image\/png"}],"twitter_card":"summary_large_image","twitter_misc":{"Precio":"&euro;3.970,99","Disponibilidad":"Disponible"},"schema":{"@context":"https:\/\/schema.org","@graph":[{"@type":"WebPage","@id":"https:\/\/alegerglobal.com\/es\/shop-es\/portatil-robusto-es\/getac-b360-pro-2\/","url":"https:\/\/alegerglobal.com\/es\/shop-es\/portatil-robusto-es\/getac-b360-pro-2\/","name":"Compre el Getac B360 Pro aqu\u00ed - ALEGER \u22c6 Augmented Reality","isPartOf":{"@id":"https:\/\/alegerglobal.com\/es\/#website"},"primaryImageOfPage":{"@id":"https:\/\/alegerglobal.com\/es\/shop-es\/portatil-robusto-es\/getac-b360-pro-2\/#primaryimage"},"image":{"@id":"https:\/\/alegerglobal.com\/es\/shop-es\/portatil-robusto-es\/getac-b360-pro-2\/#primaryimage"},"thumbnailUrl":"https:\/\/alegerglobal.com\/wp-content\/uploads\/2021\/01\/b360-pro-slider1.png","datePublished":"2022-05-18T11:37:19+00:00","dateModified":"2022-05-18T11:37:19+00:00","description":"Descubra el robusto port\u00e1til B360 Pro de Getac aqu\u00ed. Para quienes necesitan un alto rendimiento en entornos exigentes.","breadcrumb":{"@id":"https:\/\/alegerglobal.com\/es\/shop-es\/portatil-robusto-es\/getac-b360-pro-2\/#breadcrumb"},"inLanguage":"es","potentialAction":[{"@type":"ReadAction","target":["https:\/\/alegerglobal.com\/es\/shop-es\/portatil-robusto-es\/getac-b360-pro-2\/"]}]},{"@type":"ImageObject","inLanguage":"es","@id":"https:\/\/alegerglobal.com\/es\/shop-es\/portatil-robusto-es\/getac-b360-pro-2\/#primaryimage","url":"https:\/\/alegerglobal.com\/wp-content\/uploads\/2021\/01\/b360-pro-slider1.png","contentUrl":"https:\/\/alegerglobal.com\/wp-content\/uploads\/2021\/01\/b360-pro-slider1.png","width":1280,"height":1280,"caption":"Getac B360 Pro"},{"@type":"BreadcrumbList","@id":"https:\/\/alegerglobal.com\/es\/shop-es\/portatil-robusto-es\/getac-b360-pro-2\/#breadcrumb","itemListElement":[{"@type":"ListItem","position":1,"name":"Home","item":"https:\/\/alegerglobal.com\/es\/nuevo-pagina-de-inicio\/"},{"@type":"ListItem","position":2,"name":"Productos","item":"https:\/\/alegerglobal.com\/es\/productos\/"},{"@type":"ListItem","position":3,"name":"Getac B360 Pro, port\u00e1til resistente, MIL-STD-810H, IP66, 13,3 pulgadas, Windows 10 Pro"}]},{"@type":"WebSite","@id":"https:\/\/alegerglobal.com\/es\/#website","url":"https:\/\/alegerglobal.com\/es\/","name":"ALEGER \u22c6 Augmented Reality","description":"Die besten Augmented Reality (AR) L\u00f6sungen der Welt.","publisher":{"@id":"https:\/\/alegerglobal.com\/es\/#organization"},"potentialAction":[{"@type":"SearchAction","target":{"@type":"EntryPoint","urlTemplate":"https:\/\/alegerglobal.com\/es\/?s={search_term_string}"},"query-input":{"@type":"PropertyValueSpecification","valueRequired":true,"valueName":"search_term_string"}}],"inLanguage":"es"},{"@type":"Organization","@id":"https:\/\/alegerglobal.com\/es\/#organization","name":"ALEGER \u22c6 Augmented Reality","url":"https:\/\/alegerglobal.com\/es\/","logo":{"@type":"ImageObject","inLanguage":"es","@id":"https:\/\/alegerglobal.com\/es\/#\/schema\/logo\/image\/","url":"https:\/\/alegerglobal.com\/wp-content\/uploads\/2020\/12\/aleger-logo-quadrat.jpg","contentUrl":"https:\/\/alegerglobal.com\/wp-content\/uploads\/2020\/12\/aleger-logo-quadrat.jpg","width":200,"height":176,"caption":"ALEGER \u22c6 Augmented Reality"},"image":{"@id":"https:\/\/alegerglobal.com\/es\/#\/schema\/logo\/image\/"}}]},"product_brand":"Getac","product_price_amount":"3970.99","product_price_currency":"EUR","og_availability":"instock","product_availability":"instock","product_condition":"new"},"_links":{"self":[{"href":"https:\/\/alegerglobal.com\/es\/wp-json\/wp\/v2\/product\/34562","targetHints":{"allow":["GET"]}}],"collection":[{"href":"https:\/\/alegerglobal.com\/es\/wp-json\/wp\/v2\/product"}],"about":[{"href":"https:\/\/alegerglobal.com\/es\/wp-json\/wp\/v2\/types\/product"}],"replies":[{"embeddable":true,"href":"https:\/\/alegerglobal.com\/es\/wp-json\/wp\/v2\/comments?post=34562"}],"version-history":[{"count":0,"href":"https:\/\/alegerglobal.com\/es\/wp-json\/wp\/v2\/product\/34562\/revisions"}],"wp:featuredmedia":[{"embeddable":true,"href":"https:\/\/alegerglobal.com\/es\/wp-json\/wp\/v2\/media\/20345"}],"wp:attachment":[{"href":"https:\/\/alegerglobal.com\/es\/wp-json\/wp\/v2\/media?parent=34562"}],"wp:term":[{"taxonomy":"product_brand","embeddable":true,"href":"https:\/\/alegerglobal.com\/es\/wp-json\/wp\/v2\/product_brand?post=34562"},{"taxonomy":"product_cat","embeddable":true,"href":"https:\/\/alegerglobal.com\/es\/wp-json\/wp\/v2\/product_cat?post=34562"},{"taxonomy":"product_tag","embeddable":true,"href":"https:\/\/alegerglobal.com\/es\/wp-json\/wp\/v2\/product_tag?post=34562"}],"curies":[{"name":"wp","href":"https:\/\/api.w.org\/{rel}","templated":true}]}}