{"id":34558,"date":"2021-03-10T07:00:52","date_gmt":"2022-05-18T11:31:28","guid":{"rendered":"https:\/\/alegerglobal.com\/sin categor\u00eda\/panasonic-toughbook-55-hd-portatil-resistente-mil-std-810h-ip53-14-pulgadas-windows-10-pro\/"},"modified":"2022-05-18T12:31:28","modified_gmt":"2022-05-18T11:31:28","slug":"toughbook-55-2","status":"publish","type":"product","link":"https:\/\/alegerglobal.com\/es\/shop-es\/portatil-robusto-es\/toughbook-55-2\/","title":{"rendered":"Panasonic Toughbook 55 HD, port\u00e1til resistente, MIL-STD-810H, IP53, 14 pulgadas, Windows 10 Pro"},"content":{"rendered":"","protected":false},"excerpt":{"rendered":"<ul>\n<li aria-level=\"1\"><b>Port\u00e1til robusto probado seg\u00fan la norma MIL-STD 810H y con certificaci\u00f3n IP53<\/b><\/li>\n<li aria-level=\"1\"><b>Perfecta visibilidad de toda la informaci\u00f3n: <\/b><span style=\"font-weight: 400;\">Pantalla de 14 pulgadas con resoluci\u00f3n Full HD<\/span><\/li>\n<li aria-level=\"1\"><b>Software r\u00e1pido y seguro: <\/b><span style=\"font-weight: 400;\">Windows 10 Pro preinstalado<\/span><\/li>\n<li aria-level=\"1\"><b>Uso prolongado en exteriores sin pausa de carga: <\/b><span style=\"font-weight: 400;\">La bater\u00eda de 6500 mAh proporciona 20 horas de duraci\u00f3n y la segunda bater\u00eda 40 horas<\/span><\/li>\n<li aria-level=\"1\"><b>Almacena muchos datos r\u00e1pidamente:<\/b><span style=\"font-weight: 400;\"> SSD de 256 GB integrada<\/span><\/li>\n<li aria-level=\"1\"><b>Conectividad flexible: <\/b><span style=\"font-weight: 400;\">4g LTE, Bluetooth 5 y Wi-Fi integrados<\/span><\/li>\n<li aria-level=\"1\"><b>Mant\u00e9ngase en contacto con sus colegas: <\/b><span style=\"font-weight: 400;\">cuatro micr\u00f3fonos integrados y c\u00e1mara de 2 MP para videollamadas y conferencias<\/span><\/li>\n<\/ul>\n<p><b>Construcci\u00f3n ligera<\/b><span style=\"font-weight: 400;\">S\u00f3lo 2,08 kg de peso total<\/span><\/p>\n","protected":false},"featured_media":21193,"comment_status":"open","ping_status":"closed","template":"","meta":{"_acf_changed":false},"product_brand":[],"product_cat":[1369,1341],"product_tag":[],"class_list":{"0":"post-34558","1":"product","2":"type-product","3":"status-publish","4":"has-post-thumbnail","6":"product_cat-portatil-robusto-es","7":"product_cat-shop-es","8":"pa_hersteller-panasonic-es","10":"first","11":"instock","12":"taxable","13":"shipping-taxable","14":"purchasable","15":"product-type-simple"},"acf":[],"yoast_head":"<!-- This site is optimized with the Yoast SEO Premium plugin v20.10 (Yoast SEO v24.3) - https:\/\/yoast.com\/wordpress\/plugins\/seo\/ -->\n<title>Comprar Panasonic Toughbook 55 HD - ALEGER \u22c6 Augmented Reality<\/title>\n<meta name=\"description\" content=\"Descubra aqu\u00ed el port\u00e1til robusto Toughbook 55 HD de Panasonic, que se centra en la seguridad, la robustez y la flexibilidad.\" \/>\n<meta name=\"robots\" content=\"index, follow, max-snippet:-1, max-image-preview:large, max-video-preview:-1\" \/>\n<meta property=\"og:locale\" content=\"es_ES\" \/>\n<meta property=\"og:type\" content=\"article\" \/>\n<meta property=\"og:title\" content=\"Panasonic Toughbook 55 HD, port\u00e1til resistente, MIL-STD-810H, IP53, 14 pulgadas, Windows 10 Pro\" \/>\n<meta property=\"og:description\" content=\"Descubra aqu\u00ed el port\u00e1til robusto Toughbook 55 HD de Panasonic, que se centra en la seguridad, la robustez y la flexibilidad.\" \/>\n<meta property=\"og:url\" content=\"https:\/\/alegerglobal.com\/es\/shop-es\/portatil-robusto-es\/toughbook-55-2\/\" \/>\n<meta property=\"og:site_name\" content=\"ALEGER \u22c6 Augmented Reality\" \/>\n<meta property=\"og:image\" content=\"https:\/\/alegerglobal.com\/wp-content\/uploads\/2021\/03\/Unbenannt-70.jpg\" \/>\n\t<meta property=\"og:image:width\" content=\"800\" \/>\n\t<meta property=\"og:image:height\" content=\"800\" \/>\n\t<meta property=\"og:image:type\" content=\"image\/jpeg\" \/>\n<meta name=\"twitter:card\" content=\"summary_large_image\" \/>\n<meta name=\"twitter:label1\" content=\"Precio\" \/>\n\t<meta name=\"twitter:data1\" content=\"&euro;3.499,99\" \/>\n\t<meta name=\"twitter:label2\" content=\"Disponibilidad\" \/>\n\t<meta name=\"twitter:data2\" content=\"Disponible\" \/>\n<script type=\"application\/ld+json\" class=\"yoast-schema-graph\">{\"@context\":\"https:\/\/schema.org\",\"@graph\":[{\"@type\":\"WebPage\",\"@id\":\"https:\/\/alegerglobal.com\/es\/shop-es\/portatil-robusto-es\/toughbook-55-2\/\",\"url\":\"https:\/\/alegerglobal.com\/es\/shop-es\/portatil-robusto-es\/toughbook-55-2\/\",\"name\":\"Comprar Panasonic Toughbook 55 HD - ALEGER \u22c6 Augmented Reality\",\"isPartOf\":{\"@id\":\"https:\/\/alegerglobal.com\/es\/#website\"},\"primaryImageOfPage\":{\"@id\":\"https:\/\/alegerglobal.com\/es\/shop-es\/portatil-robusto-es\/toughbook-55-2\/#primaryimage\"},\"image\":{\"@id\":\"https:\/\/alegerglobal.com\/es\/shop-es\/portatil-robusto-es\/toughbook-55-2\/#primaryimage\"},\"thumbnailUrl\":\"https:\/\/alegerglobal.com\/wp-content\/uploads\/2021\/03\/Unbenannt-70.jpg\",\"datePublished\":\"2022-05-18T11:31:28+00:00\",\"dateModified\":\"2022-05-18T11:31:28+00:00\",\"description\":\"Descubra aqu\u00ed el port\u00e1til robusto Toughbook 55 HD de Panasonic, que se centra en la seguridad, la robustez y la flexibilidad.\",\"breadcrumb\":{\"@id\":\"https:\/\/alegerglobal.com\/es\/shop-es\/portatil-robusto-es\/toughbook-55-2\/#breadcrumb\"},\"inLanguage\":\"es\",\"potentialAction\":[{\"@type\":\"ReadAction\",\"target\":[\"https:\/\/alegerglobal.com\/es\/shop-es\/portatil-robusto-es\/toughbook-55-2\/\"]}]},{\"@type\":\"ImageObject\",\"inLanguage\":\"es\",\"@id\":\"https:\/\/alegerglobal.com\/es\/shop-es\/portatil-robusto-es\/toughbook-55-2\/#primaryimage\",\"url\":\"https:\/\/alegerglobal.com\/wp-content\/uploads\/2021\/03\/Unbenannt-70.jpg\",\"contentUrl\":\"https:\/\/alegerglobal.com\/wp-content\/uploads\/2021\/03\/Unbenannt-70.jpg\",\"width\":800,\"height\":800},{\"@type\":\"BreadcrumbList\",\"@id\":\"https:\/\/alegerglobal.com\/es\/shop-es\/portatil-robusto-es\/toughbook-55-2\/#breadcrumb\",\"itemListElement\":[{\"@type\":\"ListItem\",\"position\":1,\"name\":\"Home\",\"item\":\"https:\/\/alegerglobal.com\/es\/nuevo-pagina-de-inicio\/\"},{\"@type\":\"ListItem\",\"position\":2,\"name\":\"Productos\",\"item\":\"https:\/\/alegerglobal.com\/es\/productos\/\"},{\"@type\":\"ListItem\",\"position\":3,\"name\":\"Panasonic Toughbook 55 HD, port\u00e1til resistente, MIL-STD-810H, IP53, 14 pulgadas, Windows 10 Pro\"}]},{\"@type\":\"WebSite\",\"@id\":\"https:\/\/alegerglobal.com\/es\/#website\",\"url\":\"https:\/\/alegerglobal.com\/es\/\",\"name\":\"ALEGER \u22c6 Augmented Reality\",\"description\":\"Die besten Augmented Reality (AR) L\u00f6sungen der Welt.\",\"publisher\":{\"@id\":\"https:\/\/alegerglobal.com\/es\/#organization\"},\"potentialAction\":[{\"@type\":\"SearchAction\",\"target\":{\"@type\":\"EntryPoint\",\"urlTemplate\":\"https:\/\/alegerglobal.com\/es\/?s={search_term_string}\"},\"query-input\":{\"@type\":\"PropertyValueSpecification\",\"valueRequired\":true,\"valueName\":\"search_term_string\"}}],\"inLanguage\":\"es\"},{\"@type\":\"Organization\",\"@id\":\"https:\/\/alegerglobal.com\/es\/#organization\",\"name\":\"ALEGER \u22c6 Augmented Reality\",\"url\":\"https:\/\/alegerglobal.com\/es\/\",\"logo\":{\"@type\":\"ImageObject\",\"inLanguage\":\"es\",\"@id\":\"https:\/\/alegerglobal.com\/es\/#\/schema\/logo\/image\/\",\"url\":\"https:\/\/alegerglobal.com\/wp-content\/uploads\/2020\/12\/aleger-logo-quadrat.jpg\",\"contentUrl\":\"https:\/\/alegerglobal.com\/wp-content\/uploads\/2020\/12\/aleger-logo-quadrat.jpg\",\"width\":200,\"height\":176,\"caption\":\"ALEGER \u22c6 Augmented Reality\"},\"image\":{\"@id\":\"https:\/\/alegerglobal.com\/es\/#\/schema\/logo\/image\/\"}}]}<\/script>\n<meta property=\"product:brand\" content=\"Panasonic\" \/>\n<meta property=\"product:price:amount\" content=\"3499.99\" \/>\n<meta property=\"product:price:currency\" content=\"EUR\" \/>\n<meta property=\"og:availability\" content=\"instock\" \/>\n<meta property=\"product:availability\" content=\"instock\" \/>\n<meta property=\"product:condition\" content=\"new\" \/>\n<!-- \/ Yoast SEO Premium plugin. -->","yoast_head_json":{"title":"Comprar Panasonic Toughbook 55 HD - ALEGER \u22c6 Augmented Reality","description":"Descubra aqu\u00ed el port\u00e1til robusto Toughbook 55 HD de Panasonic, que se centra en la seguridad, la robustez y la flexibilidad.","robots":{"index":"index","follow":"follow","max-snippet":"max-snippet:-1","max-image-preview":"max-image-preview:large","max-video-preview":"max-video-preview:-1"},"og_locale":"es_ES","og_type":"article","og_title":"Panasonic Toughbook 55 HD, port\u00e1til resistente, MIL-STD-810H, IP53, 14 pulgadas, Windows 10 Pro","og_description":"Descubra aqu\u00ed el port\u00e1til robusto Toughbook 55 HD de Panasonic, que se centra en la seguridad, la robustez y la flexibilidad.","og_url":"https:\/\/alegerglobal.com\/es\/shop-es\/portatil-robusto-es\/toughbook-55-2\/","og_site_name":"ALEGER \u22c6 Augmented Reality","og_image":[{"width":800,"height":800,"url":"https:\/\/alegerglobal.com\/wp-content\/uploads\/2021\/03\/Unbenannt-70.jpg","type":"image\/jpeg"}],"twitter_card":"summary_large_image","twitter_misc":{"Precio":"&euro;3.499,99","Disponibilidad":"Disponible"},"schema":{"@context":"https:\/\/schema.org","@graph":[{"@type":"WebPage","@id":"https:\/\/alegerglobal.com\/es\/shop-es\/portatil-robusto-es\/toughbook-55-2\/","url":"https:\/\/alegerglobal.com\/es\/shop-es\/portatil-robusto-es\/toughbook-55-2\/","name":"Comprar Panasonic Toughbook 55 HD - ALEGER \u22c6 Augmented Reality","isPartOf":{"@id":"https:\/\/alegerglobal.com\/es\/#website"},"primaryImageOfPage":{"@id":"https:\/\/alegerglobal.com\/es\/shop-es\/portatil-robusto-es\/toughbook-55-2\/#primaryimage"},"image":{"@id":"https:\/\/alegerglobal.com\/es\/shop-es\/portatil-robusto-es\/toughbook-55-2\/#primaryimage"},"thumbnailUrl":"https:\/\/alegerglobal.com\/wp-content\/uploads\/2021\/03\/Unbenannt-70.jpg","datePublished":"2022-05-18T11:31:28+00:00","dateModified":"2022-05-18T11:31:28+00:00","description":"Descubra aqu\u00ed el port\u00e1til robusto Toughbook 55 HD de Panasonic, que se centra en la seguridad, la robustez y la flexibilidad.","breadcrumb":{"@id":"https:\/\/alegerglobal.com\/es\/shop-es\/portatil-robusto-es\/toughbook-55-2\/#breadcrumb"},"inLanguage":"es","potentialAction":[{"@type":"ReadAction","target":["https:\/\/alegerglobal.com\/es\/shop-es\/portatil-robusto-es\/toughbook-55-2\/"]}]},{"@type":"ImageObject","inLanguage":"es","@id":"https:\/\/alegerglobal.com\/es\/shop-es\/portatil-robusto-es\/toughbook-55-2\/#primaryimage","url":"https:\/\/alegerglobal.com\/wp-content\/uploads\/2021\/03\/Unbenannt-70.jpg","contentUrl":"https:\/\/alegerglobal.com\/wp-content\/uploads\/2021\/03\/Unbenannt-70.jpg","width":800,"height":800},{"@type":"BreadcrumbList","@id":"https:\/\/alegerglobal.com\/es\/shop-es\/portatil-robusto-es\/toughbook-55-2\/#breadcrumb","itemListElement":[{"@type":"ListItem","position":1,"name":"Home","item":"https:\/\/alegerglobal.com\/es\/nuevo-pagina-de-inicio\/"},{"@type":"ListItem","position":2,"name":"Productos","item":"https:\/\/alegerglobal.com\/es\/productos\/"},{"@type":"ListItem","position":3,"name":"Panasonic Toughbook 55 HD, port\u00e1til resistente, MIL-STD-810H, IP53, 14 pulgadas, Windows 10 Pro"}]},{"@type":"WebSite","@id":"https:\/\/alegerglobal.com\/es\/#website","url":"https:\/\/alegerglobal.com\/es\/","name":"ALEGER \u22c6 Augmented Reality","description":"Die besten Augmented Reality (AR) L\u00f6sungen der Welt.","publisher":{"@id":"https:\/\/alegerglobal.com\/es\/#organization"},"potentialAction":[{"@type":"SearchAction","target":{"@type":"EntryPoint","urlTemplate":"https:\/\/alegerglobal.com\/es\/?s={search_term_string}"},"query-input":{"@type":"PropertyValueSpecification","valueRequired":true,"valueName":"search_term_string"}}],"inLanguage":"es"},{"@type":"Organization","@id":"https:\/\/alegerglobal.com\/es\/#organization","name":"ALEGER \u22c6 Augmented Reality","url":"https:\/\/alegerglobal.com\/es\/","logo":{"@type":"ImageObject","inLanguage":"es","@id":"https:\/\/alegerglobal.com\/es\/#\/schema\/logo\/image\/","url":"https:\/\/alegerglobal.com\/wp-content\/uploads\/2020\/12\/aleger-logo-quadrat.jpg","contentUrl":"https:\/\/alegerglobal.com\/wp-content\/uploads\/2020\/12\/aleger-logo-quadrat.jpg","width":200,"height":176,"caption":"ALEGER \u22c6 Augmented Reality"},"image":{"@id":"https:\/\/alegerglobal.com\/es\/#\/schema\/logo\/image\/"}}]},"product_brand":"Panasonic","product_price_amount":"3499.99","product_price_currency":"EUR","og_availability":"instock","product_availability":"instock","product_condition":"new"},"_links":{"self":[{"href":"https:\/\/alegerglobal.com\/es\/wp-json\/wp\/v2\/product\/34558","targetHints":{"allow":["GET"]}}],"collection":[{"href":"https:\/\/alegerglobal.com\/es\/wp-json\/wp\/v2\/product"}],"about":[{"href":"https:\/\/alegerglobal.com\/es\/wp-json\/wp\/v2\/types\/product"}],"replies":[{"embeddable":true,"href":"https:\/\/alegerglobal.com\/es\/wp-json\/wp\/v2\/comments?post=34558"}],"version-history":[{"count":0,"href":"https:\/\/alegerglobal.com\/es\/wp-json\/wp\/v2\/product\/34558\/revisions"}],"wp:featuredmedia":[{"embeddable":true,"href":"https:\/\/alegerglobal.com\/es\/wp-json\/wp\/v2\/media\/21193"}],"wp:attachment":[{"href":"https:\/\/alegerglobal.com\/es\/wp-json\/wp\/v2\/media?parent=34558"}],"wp:term":[{"taxonomy":"product_brand","embeddable":true,"href":"https:\/\/alegerglobal.com\/es\/wp-json\/wp\/v2\/product_brand?post=34558"},{"taxonomy":"product_cat","embeddable":true,"href":"https:\/\/alegerglobal.com\/es\/wp-json\/wp\/v2\/product_cat?post=34558"},{"taxonomy":"product_tag","embeddable":true,"href":"https:\/\/alegerglobal.com\/es\/wp-json\/wp\/v2\/product_tag?post=34558"}],"curies":[{"name":"wp","href":"https:\/\/api.w.org\/{rel}","templated":true}]}}