{"id":34551,"date":"2021-03-10T08:08:48","date_gmt":"2022-05-18T11:31:24","guid":{"rendered":"https:\/\/alegerglobal.com\/sin categor\u00eda\/getac-ex80-tableta-ex-proof-atex-1-2-ip67-mil-std-810-g-8-pulgadas-windows-10-pro\/"},"modified":"2022-05-18T12:31:24","modified_gmt":"2022-05-18T11:31:24","slug":"ex-tablet-getac-ex-80-2","status":"publish","type":"product","link":"https:\/\/alegerglobal.com\/es\/shop-es\/ex-tablet-getac-ex-80-2\/","title":{"rendered":"Getac EX80, Tableta Ex-proof ATEX 1 &amp; 2, IP67, MIL-STD 810 G, 8 pulgadas, Windows 10 Pro"},"content":{"rendered":"","protected":false},"excerpt":{"rendered":"<ul>\n<li aria-level=\"1\"><b>Tableta Getac totalmente reforzada para zonas ATEX 1 y 2, verificada seg\u00fan la norma MIL-STD 810G, con certificaci\u00f3n IP67 y protegida contra la niebla salina<\/b><\/li>\n<li aria-level=\"1\"><b>Se puede utilizar con la mayor\u00eda de los programas:<\/b><span style=\"font-weight: 400;\"> El sistema operativo Windows 10 Pro le ofrece la m\u00e1xima compatibilidad de software<\/span><\/li>\n<li aria-level=\"1\"><b>Siempre todos los datos a la vista:<\/b><span style=\"font-weight: 400;\"> Pantalla de 8 pulgadas con 600 nits de brillo y alta legibilidad incluso con luz solar<\/span><\/li>\n<li aria-level=\"1\"><b>Control flexible:<\/b><span style=\"font-weight: 400;\"> Pantalla t\u00e1ctil utilizable con guantes normales y teclado con seis teclas, incluidas las de libre programaci\u00f3n<\/span><\/li>\n<li aria-level=\"1\"><b>Espacio suficiente para todos tus datos: <\/b><span style=\"font-weight: 400;\">128 GB de almacenamiento de datos<\/span><\/li>\n<li aria-level=\"1\"><b>Participe f\u00e1cilmente en videoconferencias y documente la operaci\u00f3n:<\/b><span style=\"font-weight: 400;\"> C\u00e1mara frontal de 2 MP y c\u00e1mara de 8 MP con flash LED y autofoco<\/span><\/li>\n<li aria-level=\"1\"><b>Largos tiempos de uso sin pausas de carga:<\/b><span style=\"font-weight: 400;\"> Bater\u00eda de 4200 mAh con 10 horas de duraci\u00f3n<\/span><\/li>\n<\/ul>\n","protected":false},"featured_media":20514,"comment_status":"open","ping_status":"closed","template":"","meta":{"_acf_changed":false},"product_brand":[],"product_cat":[1341],"product_tag":[],"class_list":{"0":"post-34551","1":"product","2":"type-product","3":"status-publish","4":"has-post-thumbnail","6":"product_cat-shop-es","7":"pa_hersteller-getac-es","9":"first","10":"instock","11":"taxable","12":"shipping-taxable","13":"purchasable","14":"product-type-simple"},"acf":[],"yoast_head":"<!-- This site is optimized with the Yoast SEO Premium plugin v20.10 (Yoast SEO v24.3) - https:\/\/yoast.com\/wordpress\/plugins\/seo\/ -->\n<title>Comprar Getac EX80 - ALEGER \u22c6 Augmented Reality<\/title>\n<meta name=\"description\" content=\"Descubra la robusta tableta EX80 aqu\u00ed. Es la \u00fanica tableta de Getac para uso intr\u00ednsecamente seguro en las zonas 1 y 2.\" \/>\n<meta name=\"robots\" content=\"index, follow, max-snippet:-1, max-image-preview:large, max-video-preview:-1\" \/>\n<meta property=\"og:locale\" content=\"es_ES\" \/>\n<meta property=\"og:type\" content=\"article\" \/>\n<meta property=\"og:title\" content=\"Getac EX80, Tableta Ex-proof ATEX 1 &amp; 2, IP67, MIL-STD 810 G, 8 pulgadas, Windows 10 Pro\" \/>\n<meta property=\"og:description\" content=\"Descubra la robusta tableta EX80 aqu\u00ed. Es la \u00fanica tableta de Getac para uso intr\u00ednsecamente seguro en las zonas 1 y 2.\" \/>\n<meta property=\"og:url\" content=\"https:\/\/alegerglobal.com\/es\/shop-es\/ex-tablet-getac-ex-80-2\/\" \/>\n<meta property=\"og:site_name\" content=\"ALEGER \u22c6 Augmented Reality\" \/>\n<meta property=\"og:image\" content=\"https:\/\/alegerglobal.com\/wp-content\/uploads\/2021\/02\/ex80-hero_1.png\" \/>\n\t<meta property=\"og:image:width\" content=\"1280\" \/>\n\t<meta property=\"og:image:height\" content=\"1280\" \/>\n\t<meta property=\"og:image:type\" content=\"image\/png\" \/>\n<meta name=\"twitter:card\" content=\"summary_large_image\" \/>\n<meta name=\"twitter:label1\" content=\"Precio\" \/>\n\t<meta name=\"twitter:data1\" content=\"&euro;3.499,99\" \/>\n\t<meta name=\"twitter:label2\" content=\"Disponibilidad\" \/>\n\t<meta name=\"twitter:data2\" content=\"Disponible\" \/>\n<script type=\"application\/ld+json\" class=\"yoast-schema-graph\">{\"@context\":\"https:\/\/schema.org\",\"@graph\":[{\"@type\":\"WebPage\",\"@id\":\"https:\/\/alegerglobal.com\/es\/shop-es\/ex-tablet-getac-ex-80-2\/\",\"url\":\"https:\/\/alegerglobal.com\/es\/shop-es\/ex-tablet-getac-ex-80-2\/\",\"name\":\"Comprar Getac EX80 - ALEGER \u22c6 Augmented Reality\",\"isPartOf\":{\"@id\":\"https:\/\/alegerglobal.com\/es\/#website\"},\"primaryImageOfPage\":{\"@id\":\"https:\/\/alegerglobal.com\/es\/shop-es\/ex-tablet-getac-ex-80-2\/#primaryimage\"},\"image\":{\"@id\":\"https:\/\/alegerglobal.com\/es\/shop-es\/ex-tablet-getac-ex-80-2\/#primaryimage\"},\"thumbnailUrl\":\"https:\/\/alegerglobal.com\/wp-content\/uploads\/2021\/02\/ex80-hero_1.png\",\"datePublished\":\"2022-05-18T11:31:24+00:00\",\"dateModified\":\"2022-05-18T11:31:24+00:00\",\"description\":\"Descubra la robusta tableta EX80 aqu\u00ed. Es la \u00fanica tableta de Getac para uso intr\u00ednsecamente seguro en las zonas 1 y 2.\",\"breadcrumb\":{\"@id\":\"https:\/\/alegerglobal.com\/es\/shop-es\/ex-tablet-getac-ex-80-2\/#breadcrumb\"},\"inLanguage\":\"es\",\"potentialAction\":[{\"@type\":\"ReadAction\",\"target\":[\"https:\/\/alegerglobal.com\/es\/shop-es\/ex-tablet-getac-ex-80-2\/\"]}]},{\"@type\":\"ImageObject\",\"inLanguage\":\"es\",\"@id\":\"https:\/\/alegerglobal.com\/es\/shop-es\/ex-tablet-getac-ex-80-2\/#primaryimage\",\"url\":\"https:\/\/alegerglobal.com\/wp-content\/uploads\/2021\/02\/ex80-hero_1.png\",\"contentUrl\":\"https:\/\/alegerglobal.com\/wp-content\/uploads\/2021\/02\/ex80-hero_1.png\",\"width\":1280,\"height\":1280,\"caption\":\"Getac EX80, tableta a prueba de explosiones ATEX 1 y 2\"},{\"@type\":\"BreadcrumbList\",\"@id\":\"https:\/\/alegerglobal.com\/es\/shop-es\/ex-tablet-getac-ex-80-2\/#breadcrumb\",\"itemListElement\":[{\"@type\":\"ListItem\",\"position\":1,\"name\":\"Home\",\"item\":\"https:\/\/alegerglobal.com\/es\/nuevo-pagina-de-inicio\/\"},{\"@type\":\"ListItem\",\"position\":2,\"name\":\"Productos\",\"item\":\"https:\/\/alegerglobal.com\/es\/productos\/\"},{\"@type\":\"ListItem\",\"position\":3,\"name\":\"Getac EX80, Tableta Ex-proof ATEX 1 &amp; 2, IP67, MIL-STD 810 G, 8 pulgadas, Windows 10 Pro\"}]},{\"@type\":\"WebSite\",\"@id\":\"https:\/\/alegerglobal.com\/es\/#website\",\"url\":\"https:\/\/alegerglobal.com\/es\/\",\"name\":\"ALEGER \u22c6 Augmented Reality\",\"description\":\"Die besten Augmented Reality (AR) L\u00f6sungen der Welt.\",\"publisher\":{\"@id\":\"https:\/\/alegerglobal.com\/es\/#organization\"},\"potentialAction\":[{\"@type\":\"SearchAction\",\"target\":{\"@type\":\"EntryPoint\",\"urlTemplate\":\"https:\/\/alegerglobal.com\/es\/?s={search_term_string}\"},\"query-input\":{\"@type\":\"PropertyValueSpecification\",\"valueRequired\":true,\"valueName\":\"search_term_string\"}}],\"inLanguage\":\"es\"},{\"@type\":\"Organization\",\"@id\":\"https:\/\/alegerglobal.com\/es\/#organization\",\"name\":\"ALEGER \u22c6 Augmented Reality\",\"url\":\"https:\/\/alegerglobal.com\/es\/\",\"logo\":{\"@type\":\"ImageObject\",\"inLanguage\":\"es\",\"@id\":\"https:\/\/alegerglobal.com\/es\/#\/schema\/logo\/image\/\",\"url\":\"https:\/\/alegerglobal.com\/wp-content\/uploads\/2020\/12\/aleger-logo-quadrat.jpg\",\"contentUrl\":\"https:\/\/alegerglobal.com\/wp-content\/uploads\/2020\/12\/aleger-logo-quadrat.jpg\",\"width\":200,\"height\":176,\"caption\":\"ALEGER \u22c6 Augmented Reality\"},\"image\":{\"@id\":\"https:\/\/alegerglobal.com\/es\/#\/schema\/logo\/image\/\"}}]}<\/script>\n<meta property=\"product:brand\" content=\"Getac\" \/>\n<meta property=\"product:price:amount\" content=\"3499.99\" \/>\n<meta property=\"product:price:currency\" content=\"EUR\" \/>\n<meta property=\"og:availability\" content=\"instock\" \/>\n<meta property=\"product:availability\" content=\"instock\" \/>\n<meta property=\"product:condition\" content=\"new\" \/>\n<!-- \/ Yoast SEO Premium plugin. -->","yoast_head_json":{"title":"Comprar Getac EX80 - ALEGER \u22c6 Augmented Reality","description":"Descubra la robusta tableta EX80 aqu\u00ed. Es la \u00fanica tableta de Getac para uso intr\u00ednsecamente seguro en las zonas 1 y 2.","robots":{"index":"index","follow":"follow","max-snippet":"max-snippet:-1","max-image-preview":"max-image-preview:large","max-video-preview":"max-video-preview:-1"},"og_locale":"es_ES","og_type":"article","og_title":"Getac EX80, Tableta Ex-proof ATEX 1 &amp; 2, IP67, MIL-STD 810 G, 8 pulgadas, Windows 10 Pro","og_description":"Descubra la robusta tableta EX80 aqu\u00ed. Es la \u00fanica tableta de Getac para uso intr\u00ednsecamente seguro en las zonas 1 y 2.","og_url":"https:\/\/alegerglobal.com\/es\/shop-es\/ex-tablet-getac-ex-80-2\/","og_site_name":"ALEGER \u22c6 Augmented Reality","og_image":[{"width":1280,"height":1280,"url":"https:\/\/alegerglobal.com\/wp-content\/uploads\/2021\/02\/ex80-hero_1.png","type":"image\/png"}],"twitter_card":"summary_large_image","twitter_misc":{"Precio":"&euro;3.499,99","Disponibilidad":"Disponible"},"schema":{"@context":"https:\/\/schema.org","@graph":[{"@type":"WebPage","@id":"https:\/\/alegerglobal.com\/es\/shop-es\/ex-tablet-getac-ex-80-2\/","url":"https:\/\/alegerglobal.com\/es\/shop-es\/ex-tablet-getac-ex-80-2\/","name":"Comprar Getac EX80 - ALEGER \u22c6 Augmented Reality","isPartOf":{"@id":"https:\/\/alegerglobal.com\/es\/#website"},"primaryImageOfPage":{"@id":"https:\/\/alegerglobal.com\/es\/shop-es\/ex-tablet-getac-ex-80-2\/#primaryimage"},"image":{"@id":"https:\/\/alegerglobal.com\/es\/shop-es\/ex-tablet-getac-ex-80-2\/#primaryimage"},"thumbnailUrl":"https:\/\/alegerglobal.com\/wp-content\/uploads\/2021\/02\/ex80-hero_1.png","datePublished":"2022-05-18T11:31:24+00:00","dateModified":"2022-05-18T11:31:24+00:00","description":"Descubra la robusta tableta EX80 aqu\u00ed. Es la \u00fanica tableta de Getac para uso intr\u00ednsecamente seguro en las zonas 1 y 2.","breadcrumb":{"@id":"https:\/\/alegerglobal.com\/es\/shop-es\/ex-tablet-getac-ex-80-2\/#breadcrumb"},"inLanguage":"es","potentialAction":[{"@type":"ReadAction","target":["https:\/\/alegerglobal.com\/es\/shop-es\/ex-tablet-getac-ex-80-2\/"]}]},{"@type":"ImageObject","inLanguage":"es","@id":"https:\/\/alegerglobal.com\/es\/shop-es\/ex-tablet-getac-ex-80-2\/#primaryimage","url":"https:\/\/alegerglobal.com\/wp-content\/uploads\/2021\/02\/ex80-hero_1.png","contentUrl":"https:\/\/alegerglobal.com\/wp-content\/uploads\/2021\/02\/ex80-hero_1.png","width":1280,"height":1280,"caption":"Getac EX80, tableta a prueba de explosiones ATEX 1 y 2"},{"@type":"BreadcrumbList","@id":"https:\/\/alegerglobal.com\/es\/shop-es\/ex-tablet-getac-ex-80-2\/#breadcrumb","itemListElement":[{"@type":"ListItem","position":1,"name":"Home","item":"https:\/\/alegerglobal.com\/es\/nuevo-pagina-de-inicio\/"},{"@type":"ListItem","position":2,"name":"Productos","item":"https:\/\/alegerglobal.com\/es\/productos\/"},{"@type":"ListItem","position":3,"name":"Getac EX80, Tableta Ex-proof ATEX 1 &amp; 2, IP67, MIL-STD 810 G, 8 pulgadas, Windows 10 Pro"}]},{"@type":"WebSite","@id":"https:\/\/alegerglobal.com\/es\/#website","url":"https:\/\/alegerglobal.com\/es\/","name":"ALEGER \u22c6 Augmented Reality","description":"Die besten Augmented Reality (AR) L\u00f6sungen der Welt.","publisher":{"@id":"https:\/\/alegerglobal.com\/es\/#organization"},"potentialAction":[{"@type":"SearchAction","target":{"@type":"EntryPoint","urlTemplate":"https:\/\/alegerglobal.com\/es\/?s={search_term_string}"},"query-input":{"@type":"PropertyValueSpecification","valueRequired":true,"valueName":"search_term_string"}}],"inLanguage":"es"},{"@type":"Organization","@id":"https:\/\/alegerglobal.com\/es\/#organization","name":"ALEGER \u22c6 Augmented Reality","url":"https:\/\/alegerglobal.com\/es\/","logo":{"@type":"ImageObject","inLanguage":"es","@id":"https:\/\/alegerglobal.com\/es\/#\/schema\/logo\/image\/","url":"https:\/\/alegerglobal.com\/wp-content\/uploads\/2020\/12\/aleger-logo-quadrat.jpg","contentUrl":"https:\/\/alegerglobal.com\/wp-content\/uploads\/2020\/12\/aleger-logo-quadrat.jpg","width":200,"height":176,"caption":"ALEGER \u22c6 Augmented Reality"},"image":{"@id":"https:\/\/alegerglobal.com\/es\/#\/schema\/logo\/image\/"}}]},"product_brand":"Getac","product_price_amount":"3499.99","product_price_currency":"EUR","og_availability":"instock","product_availability":"instock","product_condition":"new"},"_links":{"self":[{"href":"https:\/\/alegerglobal.com\/es\/wp-json\/wp\/v2\/product\/34551","targetHints":{"allow":["GET"]}}],"collection":[{"href":"https:\/\/alegerglobal.com\/es\/wp-json\/wp\/v2\/product"}],"about":[{"href":"https:\/\/alegerglobal.com\/es\/wp-json\/wp\/v2\/types\/product"}],"replies":[{"embeddable":true,"href":"https:\/\/alegerglobal.com\/es\/wp-json\/wp\/v2\/comments?post=34551"}],"version-history":[{"count":0,"href":"https:\/\/alegerglobal.com\/es\/wp-json\/wp\/v2\/product\/34551\/revisions"}],"wp:featuredmedia":[{"embeddable":true,"href":"https:\/\/alegerglobal.com\/es\/wp-json\/wp\/v2\/media\/20514"}],"wp:attachment":[{"href":"https:\/\/alegerglobal.com\/es\/wp-json\/wp\/v2\/media?parent=34551"}],"wp:term":[{"taxonomy":"product_brand","embeddable":true,"href":"https:\/\/alegerglobal.com\/es\/wp-json\/wp\/v2\/product_brand?post=34551"},{"taxonomy":"product_cat","embeddable":true,"href":"https:\/\/alegerglobal.com\/es\/wp-json\/wp\/v2\/product_cat?post=34551"},{"taxonomy":"product_tag","embeddable":true,"href":"https:\/\/alegerglobal.com\/es\/wp-json\/wp\/v2\/product_tag?post=34551"}],"curies":[{"name":"wp","href":"https:\/\/api.w.org\/{rel}","templated":true}]}}