{"id":34549,"date":"2021-03-08T10:09:15","date_gmt":"2022-05-18T11:31:23","guid":{"rendered":"https:\/\/alegerglobal.com\/sin categor\u00eda\/i-safe-mobile-is530-rg-smartphone-robusto-45-pulgadas-android-9\/"},"modified":"2022-05-18T12:31:23","modified_gmt":"2022-05-18T11:31:23","slug":"i-safe-mobile-is530-rg-2","status":"publish","type":"product","link":"https:\/\/alegerglobal.com\/es\/shop-es\/smartphone-de-la-industria\/i-safe-mobile-is530-rg-2\/","title":{"rendered":"i.safe MOBILE IS530.RG, smartphone robusto, 4,5 pulgadas, Android 9"},"content":{"rendered":"","protected":false},"excerpt":{"rendered":"<ul>\n<li style=\"font-weight: 400;\" aria-level=\"1\"><b>Funcionamiento c\u00f3modo:<\/b><span style=\"font-weight: 400;\"> Pantalla de 4,5 pulgadas (aprox. 11 cm) que se maneja con guantes <\/span> <\/li>\n<li style=\"font-weight: 400;\" aria-level=\"1\"><b>Protecci\u00f3n para los que trabajan solos<\/b><span style=\"font-weight: 400;\">Con bot\u00f3n de llamada de emergencia SOS (requiere una aplicaci\u00f3n de terceros) y GPS<\/span><\/li>\n<li style=\"font-weight: 400;\" aria-level=\"1\"><b>Smartphone robusto:<\/b><span style=\"font-weight: 400;\"> Gorilla Glass y certificaci\u00f3n IP68 para la protecci\u00f3n contra el polvo y el agua<\/span><\/li>\n<li style=\"font-weight: 400;\" aria-level=\"1\"><b>Siempre listo para su uso:<\/b><span style=\"font-weight: 400;\"> Bater\u00eda grande y reemplazable de 3600 mAh<\/span><\/li>\n<li style=\"font-weight: 400;\" aria-level=\"1\"><b>Vers\u00e1til:<\/b> interfaz ISM multifuncional para conectar c\u00e1maras de infrarrojos, esc\u00e1neres de c\u00f3digos de barras o auriculares<\/li>\n<\/ul>\n","protected":false},"featured_media":20580,"comment_status":"open","ping_status":"closed","template":"","meta":{"_acf_changed":false},"product_brand":[],"product_cat":[1341,1353],"product_tag":[],"class_list":{"0":"post-34549","1":"product","2":"type-product","3":"status-publish","4":"has-post-thumbnail","6":"product_cat-shop-es","7":"product_cat-smartphone-de-la-industria","8":"pa_hersteller-i-seguro","10":"first","11":"instock","12":"taxable","13":"shipping-taxable","14":"purchasable","15":"product-type-simple"},"acf":[],"yoast_head":"<!-- This site is optimized with the Yoast SEO Premium plugin v20.10 (Yoast SEO v24.3) - https:\/\/yoast.com\/wordpress\/plugins\/seo\/ -->\n<title>Comprar i.safe MOBILE IS530.RG (2022) - ALEGER \u22c6 Augmented Reality<\/title>\n<meta name=\"description\" content=\"Aqu\u00ed en ALEGER puedes conseguir el smartphone resistente al polvo y al agua IS530.RG . Haga clic aqu\u00ed para obtener m\u00e1s informaci\u00f3n.\" \/>\n<meta name=\"robots\" content=\"index, follow, max-snippet:-1, max-image-preview:large, max-video-preview:-1\" \/>\n<meta property=\"og:locale\" content=\"es_ES\" \/>\n<meta property=\"og:type\" content=\"article\" \/>\n<meta property=\"og:title\" content=\"i.safe MOBILE IS530.RG, smartphone robusto, 4,5 pulgadas, Android 9\" \/>\n<meta property=\"og:description\" content=\"Aqu\u00ed en ALEGER puedes conseguir el smartphone resistente al polvo y al agua IS530.RG . Haga clic aqu\u00ed para obtener m\u00e1s informaci\u00f3n.\" \/>\n<meta property=\"og:url\" content=\"https:\/\/alegerglobal.com\/es\/shop-es\/smartphone-de-la-industria\/i-safe-mobile-is530-rg-2\/\" \/>\n<meta property=\"og:site_name\" content=\"ALEGER \u22c6 Augmented Reality\" \/>\n<meta property=\"og:image\" content=\"https:\/\/alegerglobal.com\/wp-content\/uploads\/2021\/02\/Unbenannt-5.jpg\" \/>\n\t<meta property=\"og:image:width\" content=\"800\" \/>\n\t<meta property=\"og:image:height\" content=\"800\" \/>\n\t<meta property=\"og:image:type\" content=\"image\/jpeg\" \/>\n<meta name=\"twitter:card\" content=\"summary_large_image\" \/>\n<meta name=\"twitter:label1\" content=\"Precio\" \/>\n\t<meta name=\"twitter:data1\" content=\"&euro;1.295,99\" \/>\n\t<meta name=\"twitter:label2\" content=\"Disponibilidad\" \/>\n\t<meta name=\"twitter:data2\" content=\"Disponible\" \/>\n<script type=\"application\/ld+json\" class=\"yoast-schema-graph\">{\"@context\":\"https:\/\/schema.org\",\"@graph\":[{\"@type\":\"WebPage\",\"@id\":\"https:\/\/alegerglobal.com\/es\/shop-es\/smartphone-de-la-industria\/i-safe-mobile-is530-rg-2\/\",\"url\":\"https:\/\/alegerglobal.com\/es\/shop-es\/smartphone-de-la-industria\/i-safe-mobile-is530-rg-2\/\",\"name\":\"Comprar i.safe MOBILE IS530.RG (2022) - ALEGER \u22c6 Augmented Reality\",\"isPartOf\":{\"@id\":\"https:\/\/alegerglobal.com\/es\/#website\"},\"primaryImageOfPage\":{\"@id\":\"https:\/\/alegerglobal.com\/es\/shop-es\/smartphone-de-la-industria\/i-safe-mobile-is530-rg-2\/#primaryimage\"},\"image\":{\"@id\":\"https:\/\/alegerglobal.com\/es\/shop-es\/smartphone-de-la-industria\/i-safe-mobile-is530-rg-2\/#primaryimage\"},\"thumbnailUrl\":\"https:\/\/alegerglobal.com\/wp-content\/uploads\/2021\/02\/Unbenannt-5.jpg\",\"datePublished\":\"2022-05-18T11:31:23+00:00\",\"dateModified\":\"2022-05-18T11:31:23+00:00\",\"description\":\"Aqu\u00ed en ALEGER puedes conseguir el smartphone resistente al polvo y al agua IS530.RG . Haga clic aqu\u00ed para obtener m\u00e1s informaci\u00f3n.\",\"breadcrumb\":{\"@id\":\"https:\/\/alegerglobal.com\/es\/shop-es\/smartphone-de-la-industria\/i-safe-mobile-is530-rg-2\/#breadcrumb\"},\"inLanguage\":\"es\",\"potentialAction\":[{\"@type\":\"ReadAction\",\"target\":[\"https:\/\/alegerglobal.com\/es\/shop-es\/smartphone-de-la-industria\/i-safe-mobile-is530-rg-2\/\"]}]},{\"@type\":\"ImageObject\",\"inLanguage\":\"es\",\"@id\":\"https:\/\/alegerglobal.com\/es\/shop-es\/smartphone-de-la-industria\/i-safe-mobile-is530-rg-2\/#primaryimage\",\"url\":\"https:\/\/alegerglobal.com\/wp-content\/uploads\/2021\/02\/Unbenannt-5.jpg\",\"contentUrl\":\"https:\/\/alegerglobal.com\/wp-content\/uploads\/2021\/02\/Unbenannt-5.jpg\",\"width\":800,\"height\":800,\"caption\":\"i.safe MOBILE IS530.RG\"},{\"@type\":\"BreadcrumbList\",\"@id\":\"https:\/\/alegerglobal.com\/es\/shop-es\/smartphone-de-la-industria\/i-safe-mobile-is530-rg-2\/#breadcrumb\",\"itemListElement\":[{\"@type\":\"ListItem\",\"position\":1,\"name\":\"Home\",\"item\":\"https:\/\/alegerglobal.com\/es\/nuevo-pagina-de-inicio\/\"},{\"@type\":\"ListItem\",\"position\":2,\"name\":\"Productos\",\"item\":\"https:\/\/alegerglobal.com\/es\/productos\/\"},{\"@type\":\"ListItem\",\"position\":3,\"name\":\"i.safe MOBILE IS530.RG, smartphone robusto, 4,5 pulgadas, Android 9\"}]},{\"@type\":\"WebSite\",\"@id\":\"https:\/\/alegerglobal.com\/es\/#website\",\"url\":\"https:\/\/alegerglobal.com\/es\/\",\"name\":\"ALEGER \u22c6 Augmented Reality\",\"description\":\"Die besten Augmented Reality (AR) L\u00f6sungen der Welt.\",\"publisher\":{\"@id\":\"https:\/\/alegerglobal.com\/es\/#organization\"},\"potentialAction\":[{\"@type\":\"SearchAction\",\"target\":{\"@type\":\"EntryPoint\",\"urlTemplate\":\"https:\/\/alegerglobal.com\/es\/?s={search_term_string}\"},\"query-input\":{\"@type\":\"PropertyValueSpecification\",\"valueRequired\":true,\"valueName\":\"search_term_string\"}}],\"inLanguage\":\"es\"},{\"@type\":\"Organization\",\"@id\":\"https:\/\/alegerglobal.com\/es\/#organization\",\"name\":\"ALEGER \u22c6 Augmented Reality\",\"url\":\"https:\/\/alegerglobal.com\/es\/\",\"logo\":{\"@type\":\"ImageObject\",\"inLanguage\":\"es\",\"@id\":\"https:\/\/alegerglobal.com\/es\/#\/schema\/logo\/image\/\",\"url\":\"https:\/\/alegerglobal.com\/wp-content\/uploads\/2020\/12\/aleger-logo-quadrat.jpg\",\"contentUrl\":\"https:\/\/alegerglobal.com\/wp-content\/uploads\/2020\/12\/aleger-logo-quadrat.jpg\",\"width\":200,\"height\":176,\"caption\":\"ALEGER \u22c6 Augmented Reality\"},\"image\":{\"@id\":\"https:\/\/alegerglobal.com\/es\/#\/schema\/logo\/image\/\"}}]}<\/script>\n<meta property=\"product:brand\" content=\"i.seguro\" \/>\n<meta property=\"product:price:amount\" content=\"1295.99\" \/>\n<meta property=\"product:price:currency\" content=\"EUR\" \/>\n<meta property=\"og:availability\" content=\"instock\" \/>\n<meta property=\"product:availability\" content=\"instock\" \/>\n<meta property=\"product:condition\" content=\"new\" \/>\n<!-- \/ Yoast SEO Premium plugin. -->","yoast_head_json":{"title":"Comprar i.safe MOBILE IS530.RG (2022) - ALEGER \u22c6 Augmented Reality","description":"Aqu\u00ed en ALEGER puedes conseguir el smartphone resistente al polvo y al agua IS530.RG . Haga clic aqu\u00ed para obtener m\u00e1s informaci\u00f3n.","robots":{"index":"index","follow":"follow","max-snippet":"max-snippet:-1","max-image-preview":"max-image-preview:large","max-video-preview":"max-video-preview:-1"},"og_locale":"es_ES","og_type":"article","og_title":"i.safe MOBILE IS530.RG, smartphone robusto, 4,5 pulgadas, Android 9","og_description":"Aqu\u00ed en ALEGER puedes conseguir el smartphone resistente al polvo y al agua IS530.RG . Haga clic aqu\u00ed para obtener m\u00e1s informaci\u00f3n.","og_url":"https:\/\/alegerglobal.com\/es\/shop-es\/smartphone-de-la-industria\/i-safe-mobile-is530-rg-2\/","og_site_name":"ALEGER \u22c6 Augmented Reality","og_image":[{"width":800,"height":800,"url":"https:\/\/alegerglobal.com\/wp-content\/uploads\/2021\/02\/Unbenannt-5.jpg","type":"image\/jpeg"}],"twitter_card":"summary_large_image","twitter_misc":{"Precio":"&euro;1.295,99","Disponibilidad":"Disponible"},"schema":{"@context":"https:\/\/schema.org","@graph":[{"@type":"WebPage","@id":"https:\/\/alegerglobal.com\/es\/shop-es\/smartphone-de-la-industria\/i-safe-mobile-is530-rg-2\/","url":"https:\/\/alegerglobal.com\/es\/shop-es\/smartphone-de-la-industria\/i-safe-mobile-is530-rg-2\/","name":"Comprar i.safe MOBILE IS530.RG (2022) - ALEGER \u22c6 Augmented Reality","isPartOf":{"@id":"https:\/\/alegerglobal.com\/es\/#website"},"primaryImageOfPage":{"@id":"https:\/\/alegerglobal.com\/es\/shop-es\/smartphone-de-la-industria\/i-safe-mobile-is530-rg-2\/#primaryimage"},"image":{"@id":"https:\/\/alegerglobal.com\/es\/shop-es\/smartphone-de-la-industria\/i-safe-mobile-is530-rg-2\/#primaryimage"},"thumbnailUrl":"https:\/\/alegerglobal.com\/wp-content\/uploads\/2021\/02\/Unbenannt-5.jpg","datePublished":"2022-05-18T11:31:23+00:00","dateModified":"2022-05-18T11:31:23+00:00","description":"Aqu\u00ed en ALEGER puedes conseguir el smartphone resistente al polvo y al agua IS530.RG . Haga clic aqu\u00ed para obtener m\u00e1s informaci\u00f3n.","breadcrumb":{"@id":"https:\/\/alegerglobal.com\/es\/shop-es\/smartphone-de-la-industria\/i-safe-mobile-is530-rg-2\/#breadcrumb"},"inLanguage":"es","potentialAction":[{"@type":"ReadAction","target":["https:\/\/alegerglobal.com\/es\/shop-es\/smartphone-de-la-industria\/i-safe-mobile-is530-rg-2\/"]}]},{"@type":"ImageObject","inLanguage":"es","@id":"https:\/\/alegerglobal.com\/es\/shop-es\/smartphone-de-la-industria\/i-safe-mobile-is530-rg-2\/#primaryimage","url":"https:\/\/alegerglobal.com\/wp-content\/uploads\/2021\/02\/Unbenannt-5.jpg","contentUrl":"https:\/\/alegerglobal.com\/wp-content\/uploads\/2021\/02\/Unbenannt-5.jpg","width":800,"height":800,"caption":"i.safe MOBILE IS530.RG"},{"@type":"BreadcrumbList","@id":"https:\/\/alegerglobal.com\/es\/shop-es\/smartphone-de-la-industria\/i-safe-mobile-is530-rg-2\/#breadcrumb","itemListElement":[{"@type":"ListItem","position":1,"name":"Home","item":"https:\/\/alegerglobal.com\/es\/nuevo-pagina-de-inicio\/"},{"@type":"ListItem","position":2,"name":"Productos","item":"https:\/\/alegerglobal.com\/es\/productos\/"},{"@type":"ListItem","position":3,"name":"i.safe MOBILE IS530.RG, smartphone robusto, 4,5 pulgadas, Android 9"}]},{"@type":"WebSite","@id":"https:\/\/alegerglobal.com\/es\/#website","url":"https:\/\/alegerglobal.com\/es\/","name":"ALEGER \u22c6 Augmented Reality","description":"Die besten Augmented Reality (AR) L\u00f6sungen der Welt.","publisher":{"@id":"https:\/\/alegerglobal.com\/es\/#organization"},"potentialAction":[{"@type":"SearchAction","target":{"@type":"EntryPoint","urlTemplate":"https:\/\/alegerglobal.com\/es\/?s={search_term_string}"},"query-input":{"@type":"PropertyValueSpecification","valueRequired":true,"valueName":"search_term_string"}}],"inLanguage":"es"},{"@type":"Organization","@id":"https:\/\/alegerglobal.com\/es\/#organization","name":"ALEGER \u22c6 Augmented Reality","url":"https:\/\/alegerglobal.com\/es\/","logo":{"@type":"ImageObject","inLanguage":"es","@id":"https:\/\/alegerglobal.com\/es\/#\/schema\/logo\/image\/","url":"https:\/\/alegerglobal.com\/wp-content\/uploads\/2020\/12\/aleger-logo-quadrat.jpg","contentUrl":"https:\/\/alegerglobal.com\/wp-content\/uploads\/2020\/12\/aleger-logo-quadrat.jpg","width":200,"height":176,"caption":"ALEGER \u22c6 Augmented Reality"},"image":{"@id":"https:\/\/alegerglobal.com\/es\/#\/schema\/logo\/image\/"}}]},"product_brand":"i.seguro","product_price_amount":"1295.99","product_price_currency":"EUR","og_availability":"instock","product_availability":"instock","product_condition":"new"},"_links":{"self":[{"href":"https:\/\/alegerglobal.com\/es\/wp-json\/wp\/v2\/product\/34549","targetHints":{"allow":["GET"]}}],"collection":[{"href":"https:\/\/alegerglobal.com\/es\/wp-json\/wp\/v2\/product"}],"about":[{"href":"https:\/\/alegerglobal.com\/es\/wp-json\/wp\/v2\/types\/product"}],"replies":[{"embeddable":true,"href":"https:\/\/alegerglobal.com\/es\/wp-json\/wp\/v2\/comments?post=34549"}],"version-history":[{"count":0,"href":"https:\/\/alegerglobal.com\/es\/wp-json\/wp\/v2\/product\/34549\/revisions"}],"wp:featuredmedia":[{"embeddable":true,"href":"https:\/\/alegerglobal.com\/es\/wp-json\/wp\/v2\/media\/20580"}],"wp:attachment":[{"href":"https:\/\/alegerglobal.com\/es\/wp-json\/wp\/v2\/media?parent=34549"}],"wp:term":[{"taxonomy":"product_brand","embeddable":true,"href":"https:\/\/alegerglobal.com\/es\/wp-json\/wp\/v2\/product_brand?post=34549"},{"taxonomy":"product_cat","embeddable":true,"href":"https:\/\/alegerglobal.com\/es\/wp-json\/wp\/v2\/product_cat?post=34549"},{"taxonomy":"product_tag","embeddable":true,"href":"https:\/\/alegerglobal.com\/es\/wp-json\/wp\/v2\/product_tag?post=34549"}],"curies":[{"name":"wp","href":"https:\/\/api.w.org\/{rel}","templated":true}]}}