{"id":34543,"date":"2021-03-10T08:12:13","date_gmt":"2022-05-18T11:31:20","guid":{"rendered":"https:\/\/alegerglobal.com\/sin categor\u00eda\/getac-ux10-tableta-resistente-mil-std-810g-101-pulgadas-256-gb-ssd-windows-10\/"},"modified":"2022-05-18T12:31:20","modified_gmt":"2022-05-18T11:31:20","slug":"getac-ux10-2","status":"publish","type":"product","link":"https:\/\/alegerglobal.com\/es\/shop-es\/atex-es\/getac-ux10-2\/","title":{"rendered":"Getac UX10, tableta resistente, MIL-STD-810G, 10,1 pulgadas, 256 GB SSD Windows 10"},"content":{"rendered":"","protected":false},"excerpt":{"rendered":"<ul>\n<li aria-level=\"1\"><b>Tableta robusta con certificaci\u00f3n MIL-STD 810G<\/b><\/li>\n<li aria-level=\"1\"><b>Sistema operativo moderno: <\/b><span style=\"font-weight: 400;\">Windows 10 Pro preinstalado<\/span><\/li>\n<li aria-level=\"1\"><b>Un hardware potente:<\/b><span style=\"font-weight: 400;\"> Procesador i7 r\u00e1pido con 8 GB de memoria DDR4<\/span><\/li>\n<li aria-level=\"1\"><b>Trabaja a la luz del sol y en la oscuridad:<\/b><span style=\"font-weight: 400;\"> Gran pantalla LumiBond\u00ae de 10,1&#8243; con 1000 nits <\/span> <\/li>\n<li aria-level=\"1\"><b>Almacenamiento de datos r\u00e1pido y de gran tama\u00f1o:<\/b><span style=\"font-weight: 400;\"> 256 GB SSD<\/span><\/li>\n<li aria-level=\"1\"><b>Funcionamiento sencillo y flexible: <\/b><span style=\"font-weight: 400;\">a trav\u00e9s de la pantalla t\u00e1ctil o con las cinco teclas de libre programaci\u00f3n de la tableta<\/span><\/li>\n<li aria-level=\"1\"><b>Alta seguridad de los datos:<\/b><span style=\"font-weight: 400;\"> Chip TPM 2.0 integrado y bloqueo Kensington<\/span><\/li>\n<li aria-level=\"1\"><b>3 a\u00f1os de garant\u00eda de parachoques a parachoques<\/b><\/li>\n<\/ul>\n<ul>\n<li style=\"list-style-type: none;\">\n<\/li>\n<\/ul>\n<p>&nbsp;<\/p>\n","protected":false},"featured_media":20327,"comment_status":"open","ping_status":"closed","template":"","meta":{"_acf_changed":false},"product_brand":[],"product_cat":[1340],"product_tag":[],"class_list":{"0":"post-34543","1":"product","2":"type-product","3":"status-publish","4":"has-post-thumbnail","6":"product_cat-atex-es","7":"pa_hersteller-getac-es","9":"first","10":"instock","11":"taxable","12":"shipping-taxable","13":"purchasable","14":"product-type-simple"},"acf":[],"yoast_head":"<!-- This site is optimized with the Yoast SEO Premium plugin v20.10 (Yoast SEO v24.3) - https:\/\/yoast.com\/wordpress\/plugins\/seo\/ -->\n<title>Compre el Getac UX10 aqu\u00ed (2022) - ALEGER \u22c6 Augmented Reality<\/title>\n<meta name=\"description\" content=\"La Getac UX10 es una tableta resistente que le permite trabajar con seguridad y eficacia en entornos industriales.\" \/>\n<meta name=\"robots\" content=\"index, follow, max-snippet:-1, max-image-preview:large, max-video-preview:-1\" \/>\n<meta property=\"og:locale\" content=\"es_ES\" \/>\n<meta property=\"og:type\" content=\"article\" \/>\n<meta property=\"og:title\" content=\"Getac UX10, tableta resistente, MIL-STD-810G, 10,1 pulgadas, 256 GB SSD Windows 10\" \/>\n<meta property=\"og:description\" content=\"La Getac UX10 es una tableta resistente que le permite trabajar con seguridad y eficacia en entornos industriales.\" \/>\n<meta property=\"og:url\" content=\"https:\/\/alegerglobal.com\/es\/shop-es\/atex-es\/getac-ux10-2\/\" \/>\n<meta property=\"og:site_name\" content=\"ALEGER \u22c6 Augmented Reality\" \/>\n<meta property=\"og:image\" content=\"https:\/\/alegerglobal.com\/wp-content\/uploads\/2021\/01\/UX10-slider-1.png\" \/>\n\t<meta property=\"og:image:width\" content=\"1500\" \/>\n\t<meta property=\"og:image:height\" content=\"1500\" \/>\n\t<meta property=\"og:image:type\" content=\"image\/png\" \/>\n<meta name=\"twitter:card\" content=\"summary_large_image\" \/>\n<meta name=\"twitter:label1\" content=\"Precio\" \/>\n\t<meta name=\"twitter:data1\" content=\"&euro;2.499,99\" \/>\n\t<meta name=\"twitter:label2\" content=\"Disponibilidad\" \/>\n\t<meta name=\"twitter:data2\" content=\"Disponible\" \/>\n<script type=\"application\/ld+json\" class=\"yoast-schema-graph\">{\"@context\":\"https:\/\/schema.org\",\"@graph\":[{\"@type\":\"WebPage\",\"@id\":\"https:\/\/alegerglobal.com\/es\/shop-es\/atex-es\/getac-ux10-2\/\",\"url\":\"https:\/\/alegerglobal.com\/es\/shop-es\/atex-es\/getac-ux10-2\/\",\"name\":\"Compre el Getac UX10 aqu\u00ed (2022) - ALEGER \u22c6 Augmented Reality\",\"isPartOf\":{\"@id\":\"https:\/\/alegerglobal.com\/es\/#website\"},\"primaryImageOfPage\":{\"@id\":\"https:\/\/alegerglobal.com\/es\/shop-es\/atex-es\/getac-ux10-2\/#primaryimage\"},\"image\":{\"@id\":\"https:\/\/alegerglobal.com\/es\/shop-es\/atex-es\/getac-ux10-2\/#primaryimage\"},\"thumbnailUrl\":\"https:\/\/alegerglobal.com\/wp-content\/uploads\/2021\/01\/UX10-slider-1.png\",\"datePublished\":\"2022-05-18T11:31:20+00:00\",\"dateModified\":\"2022-05-18T11:31:20+00:00\",\"description\":\"La Getac UX10 es una tableta resistente que le permite trabajar con seguridad y eficacia en entornos industriales.\",\"breadcrumb\":{\"@id\":\"https:\/\/alegerglobal.com\/es\/shop-es\/atex-es\/getac-ux10-2\/#breadcrumb\"},\"inLanguage\":\"es\",\"potentialAction\":[{\"@type\":\"ReadAction\",\"target\":[\"https:\/\/alegerglobal.com\/es\/shop-es\/atex-es\/getac-ux10-2\/\"]}]},{\"@type\":\"ImageObject\",\"inLanguage\":\"es\",\"@id\":\"https:\/\/alegerglobal.com\/es\/shop-es\/atex-es\/getac-ux10-2\/#primaryimage\",\"url\":\"https:\/\/alegerglobal.com\/wp-content\/uploads\/2021\/01\/UX10-slider-1.png\",\"contentUrl\":\"https:\/\/alegerglobal.com\/wp-content\/uploads\/2021\/01\/UX10-slider-1.png\",\"width\":1500,\"height\":1500,\"caption\":\"Getac UX10 a prueba de explosiones\"},{\"@type\":\"BreadcrumbList\",\"@id\":\"https:\/\/alegerglobal.com\/es\/shop-es\/atex-es\/getac-ux10-2\/#breadcrumb\",\"itemListElement\":[{\"@type\":\"ListItem\",\"position\":1,\"name\":\"Home\",\"item\":\"https:\/\/alegerglobal.com\/es\/nuevo-pagina-de-inicio\/\"},{\"@type\":\"ListItem\",\"position\":2,\"name\":\"Productos\",\"item\":\"https:\/\/alegerglobal.com\/es\/productos\/\"},{\"@type\":\"ListItem\",\"position\":3,\"name\":\"Getac UX10, tableta resistente, MIL-STD-810G, 10,1 pulgadas, 256 GB SSD Windows 10\"}]},{\"@type\":\"WebSite\",\"@id\":\"https:\/\/alegerglobal.com\/es\/#website\",\"url\":\"https:\/\/alegerglobal.com\/es\/\",\"name\":\"ALEGER \u22c6 Augmented Reality\",\"description\":\"Die besten Augmented Reality (AR) L\u00f6sungen der Welt.\",\"publisher\":{\"@id\":\"https:\/\/alegerglobal.com\/es\/#organization\"},\"potentialAction\":[{\"@type\":\"SearchAction\",\"target\":{\"@type\":\"EntryPoint\",\"urlTemplate\":\"https:\/\/alegerglobal.com\/es\/?s={search_term_string}\"},\"query-input\":{\"@type\":\"PropertyValueSpecification\",\"valueRequired\":true,\"valueName\":\"search_term_string\"}}],\"inLanguage\":\"es\"},{\"@type\":\"Organization\",\"@id\":\"https:\/\/alegerglobal.com\/es\/#organization\",\"name\":\"ALEGER \u22c6 Augmented Reality\",\"url\":\"https:\/\/alegerglobal.com\/es\/\",\"logo\":{\"@type\":\"ImageObject\",\"inLanguage\":\"es\",\"@id\":\"https:\/\/alegerglobal.com\/es\/#\/schema\/logo\/image\/\",\"url\":\"https:\/\/alegerglobal.com\/wp-content\/uploads\/2020\/12\/aleger-logo-quadrat.jpg\",\"contentUrl\":\"https:\/\/alegerglobal.com\/wp-content\/uploads\/2020\/12\/aleger-logo-quadrat.jpg\",\"width\":200,\"height\":176,\"caption\":\"ALEGER \u22c6 Augmented Reality\"},\"image\":{\"@id\":\"https:\/\/alegerglobal.com\/es\/#\/schema\/logo\/image\/\"}}]}<\/script>\n<meta property=\"product:brand\" content=\"Getac\" \/>\n<meta property=\"product:price:amount\" content=\"2499.99\" \/>\n<meta property=\"product:price:currency\" content=\"EUR\" \/>\n<meta property=\"og:availability\" content=\"instock\" \/>\n<meta property=\"product:availability\" content=\"instock\" \/>\n<meta property=\"product:condition\" content=\"new\" \/>\n<!-- \/ Yoast SEO Premium plugin. -->","yoast_head_json":{"title":"Compre el Getac UX10 aqu\u00ed (2022) - ALEGER \u22c6 Augmented Reality","description":"La Getac UX10 es una tableta resistente que le permite trabajar con seguridad y eficacia en entornos industriales.","robots":{"index":"index","follow":"follow","max-snippet":"max-snippet:-1","max-image-preview":"max-image-preview:large","max-video-preview":"max-video-preview:-1"},"og_locale":"es_ES","og_type":"article","og_title":"Getac UX10, tableta resistente, MIL-STD-810G, 10,1 pulgadas, 256 GB SSD Windows 10","og_description":"La Getac UX10 es una tableta resistente que le permite trabajar con seguridad y eficacia en entornos industriales.","og_url":"https:\/\/alegerglobal.com\/es\/shop-es\/atex-es\/getac-ux10-2\/","og_site_name":"ALEGER \u22c6 Augmented Reality","og_image":[{"width":1500,"height":1500,"url":"https:\/\/alegerglobal.com\/wp-content\/uploads\/2021\/01\/UX10-slider-1.png","type":"image\/png"}],"twitter_card":"summary_large_image","twitter_misc":{"Precio":"&euro;2.499,99","Disponibilidad":"Disponible"},"schema":{"@context":"https:\/\/schema.org","@graph":[{"@type":"WebPage","@id":"https:\/\/alegerglobal.com\/es\/shop-es\/atex-es\/getac-ux10-2\/","url":"https:\/\/alegerglobal.com\/es\/shop-es\/atex-es\/getac-ux10-2\/","name":"Compre el Getac UX10 aqu\u00ed (2022) - ALEGER \u22c6 Augmented Reality","isPartOf":{"@id":"https:\/\/alegerglobal.com\/es\/#website"},"primaryImageOfPage":{"@id":"https:\/\/alegerglobal.com\/es\/shop-es\/atex-es\/getac-ux10-2\/#primaryimage"},"image":{"@id":"https:\/\/alegerglobal.com\/es\/shop-es\/atex-es\/getac-ux10-2\/#primaryimage"},"thumbnailUrl":"https:\/\/alegerglobal.com\/wp-content\/uploads\/2021\/01\/UX10-slider-1.png","datePublished":"2022-05-18T11:31:20+00:00","dateModified":"2022-05-18T11:31:20+00:00","description":"La Getac UX10 es una tableta resistente que le permite trabajar con seguridad y eficacia en entornos industriales.","breadcrumb":{"@id":"https:\/\/alegerglobal.com\/es\/shop-es\/atex-es\/getac-ux10-2\/#breadcrumb"},"inLanguage":"es","potentialAction":[{"@type":"ReadAction","target":["https:\/\/alegerglobal.com\/es\/shop-es\/atex-es\/getac-ux10-2\/"]}]},{"@type":"ImageObject","inLanguage":"es","@id":"https:\/\/alegerglobal.com\/es\/shop-es\/atex-es\/getac-ux10-2\/#primaryimage","url":"https:\/\/alegerglobal.com\/wp-content\/uploads\/2021\/01\/UX10-slider-1.png","contentUrl":"https:\/\/alegerglobal.com\/wp-content\/uploads\/2021\/01\/UX10-slider-1.png","width":1500,"height":1500,"caption":"Getac UX10 a prueba de explosiones"},{"@type":"BreadcrumbList","@id":"https:\/\/alegerglobal.com\/es\/shop-es\/atex-es\/getac-ux10-2\/#breadcrumb","itemListElement":[{"@type":"ListItem","position":1,"name":"Home","item":"https:\/\/alegerglobal.com\/es\/nuevo-pagina-de-inicio\/"},{"@type":"ListItem","position":2,"name":"Productos","item":"https:\/\/alegerglobal.com\/es\/productos\/"},{"@type":"ListItem","position":3,"name":"Getac UX10, tableta resistente, MIL-STD-810G, 10,1 pulgadas, 256 GB SSD Windows 10"}]},{"@type":"WebSite","@id":"https:\/\/alegerglobal.com\/es\/#website","url":"https:\/\/alegerglobal.com\/es\/","name":"ALEGER \u22c6 Augmented Reality","description":"Die besten Augmented Reality (AR) L\u00f6sungen der Welt.","publisher":{"@id":"https:\/\/alegerglobal.com\/es\/#organization"},"potentialAction":[{"@type":"SearchAction","target":{"@type":"EntryPoint","urlTemplate":"https:\/\/alegerglobal.com\/es\/?s={search_term_string}"},"query-input":{"@type":"PropertyValueSpecification","valueRequired":true,"valueName":"search_term_string"}}],"inLanguage":"es"},{"@type":"Organization","@id":"https:\/\/alegerglobal.com\/es\/#organization","name":"ALEGER \u22c6 Augmented Reality","url":"https:\/\/alegerglobal.com\/es\/","logo":{"@type":"ImageObject","inLanguage":"es","@id":"https:\/\/alegerglobal.com\/es\/#\/schema\/logo\/image\/","url":"https:\/\/alegerglobal.com\/wp-content\/uploads\/2020\/12\/aleger-logo-quadrat.jpg","contentUrl":"https:\/\/alegerglobal.com\/wp-content\/uploads\/2020\/12\/aleger-logo-quadrat.jpg","width":200,"height":176,"caption":"ALEGER \u22c6 Augmented Reality"},"image":{"@id":"https:\/\/alegerglobal.com\/es\/#\/schema\/logo\/image\/"}}]},"product_brand":"Getac","product_price_amount":"2499.99","product_price_currency":"EUR","og_availability":"instock","product_availability":"instock","product_condition":"new"},"_links":{"self":[{"href":"https:\/\/alegerglobal.com\/es\/wp-json\/wp\/v2\/product\/34543","targetHints":{"allow":["GET"]}}],"collection":[{"href":"https:\/\/alegerglobal.com\/es\/wp-json\/wp\/v2\/product"}],"about":[{"href":"https:\/\/alegerglobal.com\/es\/wp-json\/wp\/v2\/types\/product"}],"replies":[{"embeddable":true,"href":"https:\/\/alegerglobal.com\/es\/wp-json\/wp\/v2\/comments?post=34543"}],"version-history":[{"count":0,"href":"https:\/\/alegerglobal.com\/es\/wp-json\/wp\/v2\/product\/34543\/revisions"}],"wp:featuredmedia":[{"embeddable":true,"href":"https:\/\/alegerglobal.com\/es\/wp-json\/wp\/v2\/media\/20327"}],"wp:attachment":[{"href":"https:\/\/alegerglobal.com\/es\/wp-json\/wp\/v2\/media?parent=34543"}],"wp:term":[{"taxonomy":"product_brand","embeddable":true,"href":"https:\/\/alegerglobal.com\/es\/wp-json\/wp\/v2\/product_brand?post=34543"},{"taxonomy":"product_cat","embeddable":true,"href":"https:\/\/alegerglobal.com\/es\/wp-json\/wp\/v2\/product_cat?post=34543"},{"taxonomy":"product_tag","embeddable":true,"href":"https:\/\/alegerglobal.com\/es\/wp-json\/wp\/v2\/product_tag?post=34543"}],"curies":[{"name":"wp","href":"https:\/\/api.w.org\/{rel}","templated":true}]}}