{"id":34538,"date":"2021-03-07T08:01:40","date_gmt":"2022-05-18T11:27:46","guid":{"rendered":"https:\/\/alegerglobal.com\/sin categor\u00eda\/escaner-de-codigo-de-barras-is-th1xx-1-de-i-safe-mobile-con-el-ex-smartphone-is530-1-camara-de-5-mp-13-mp-45-android-9-ip68-atex-zone-1\/"},"modified":"2022-05-18T12:27:46","modified_gmt":"2022-05-18T11:27:46","slug":"isafe-barcode-scanner-is-th1xx1-2","status":"publish","type":"product","link":"https:\/\/alegerglobal.com\/es\/shop-es\/gadgets-es\/isafe-barcode-scanner-is-th1xx1-2\/","title":{"rendered":"Esc\u00e1ner de c\u00f3digo de barras IS-TH1xx.1 de i.safe MOBILE con el ex-smartphone IS530.1, c\u00e1mara de 5 MP + 13 MP, 4,5 \u00ab, Android 9, IP68, Atex Zone 1"},"content":{"rendered":"","protected":false},"excerpt":{"rendered":"<ul>\n<li><b>Ex smartphone y esc\u00e1ner protegidos:<\/b><span style=\"font-weight: 400;\"> IS530.1 e IS-TH1xx.1 en un conjunto pr\u00e1ctico para la zona Atex 1<\/span><\/li>\n<li><b>Escanear c\u00f3digos de barras:<\/b><span style=\"font-weight: 400;\"> IS-TH1xx.1 admite c\u00f3digos de barras 1D y 2D a una distancia de hasta 15 metros.<\/span><\/li>\n<li><b>Im\u00e1genes n\u00edtidas:<\/b><span style=\"font-weight: 400;\"> IS530.1 con c\u00e1mara de 5 MP y c\u00e1mara de 13 MP en la parte trasera<\/span><\/li>\n<li><b>Conexi\u00f3n inal\u00e1mbrica:<\/b><span style=\"font-weight: 400;\"> El esc\u00e1ner de c\u00f3digo de barras se conecta al smartphone mediante una interfaz ISM multifuncional<\/span><\/li>\n<li><b>Sistema operativo moderno:<\/b><span style=\"font-weight: 400;\"> El smartphone funciona con el sistema operativo Android 9<\/span><\/li>\n<\/ul>\n","protected":false},"featured_media":21245,"comment_status":"open","ping_status":"closed","template":"","meta":{"_acf_changed":false},"product_brand":[],"product_cat":[1340,1344,1341,1353],"product_tag":[],"class_list":{"0":"post-34538","1":"product","2":"type-product","3":"status-publish","4":"has-post-thumbnail","6":"product_cat-atex-es","7":"product_cat-gadgets-es","8":"product_cat-shop-es","9":"product_cat-smartphone-de-la-industria","10":"pa_hersteller-i-seguro","12":"first","13":"instock","14":"taxable","15":"shipping-taxable","16":"product-type-simple"},"acf":[],"yoast_head":"<!-- This site is optimized with the Yoast SEO Premium plugin v20.10 (Yoast SEO v24.3) - https:\/\/yoast.com\/wordpress\/plugins\/seo\/ -->\n<title>Comprar esc\u00e1ner de c\u00f3digo de barras IS-TH1xx.1 - ALEGER \u22c6 Augmented Reality<\/title>\n<meta name=\"description\" content=\"Con el conjunto de smartphone exprofeso y esc\u00e1ner de c\u00f3digo de barras, i.safe MOBILE proporciona una recogida de datos eficaz en la industria\" \/>\n<meta name=\"robots\" content=\"index, follow, max-snippet:-1, max-image-preview:large, max-video-preview:-1\" \/>\n<meta property=\"og:locale\" content=\"es_ES\" \/>\n<meta property=\"og:type\" content=\"article\" \/>\n<meta property=\"og:title\" content=\"Esc\u00e1ner de c\u00f3digo de barras IS-TH1xx.1 de i.safe MOBILE con el ex-smartphone IS530.1, c\u00e1mara de 5 MP + 13 MP, 4,5 &quot;, Android 9, IP68, Atex Zone 1\" \/>\n<meta property=\"og:description\" content=\"Con el conjunto de smartphone exprofeso y esc\u00e1ner de c\u00f3digo de barras, i.safe MOBILE proporciona una recogida de datos eficaz en la industria\" \/>\n<meta property=\"og:url\" content=\"https:\/\/alegerglobal.com\/es\/shop-es\/gadgets-es\/isafe-barcode-scanner-is-th1xx1-2\/\" \/>\n<meta property=\"og:site_name\" content=\"ALEGER \u22c6 Augmented Reality\" \/>\n<meta property=\"og:image\" content=\"https:\/\/alegerglobal.com\/wp-content\/uploads\/2021\/03\/Unbenannt-96.jpg\" \/>\n\t<meta property=\"og:image:width\" content=\"800\" \/>\n\t<meta property=\"og:image:height\" content=\"800\" \/>\n\t<meta property=\"og:image:type\" content=\"image\/jpeg\" \/>\n<meta name=\"twitter:card\" content=\"summary_large_image\" \/>\n<meta name=\"twitter:label1\" content=\"Precio\" \/>\n\t<meta name=\"twitter:data1\" content=\"\" \/>\n\t<meta name=\"twitter:label2\" content=\"Disponibilidad\" \/>\n\t<meta name=\"twitter:data2\" content=\"Disponible\" \/>\n<script type=\"application\/ld+json\" class=\"yoast-schema-graph\">{\"@context\":\"https:\/\/schema.org\",\"@graph\":[{\"@type\":\"WebPage\",\"@id\":\"https:\/\/alegerglobal.com\/es\/shop-es\/gadgets-es\/isafe-barcode-scanner-is-th1xx1-2\/\",\"url\":\"https:\/\/alegerglobal.com\/es\/shop-es\/gadgets-es\/isafe-barcode-scanner-is-th1xx1-2\/\",\"name\":\"Comprar esc\u00e1ner de c\u00f3digo de barras IS-TH1xx.1 - ALEGER \u22c6 Augmented Reality\",\"isPartOf\":{\"@id\":\"https:\/\/alegerglobal.com\/es\/#website\"},\"primaryImageOfPage\":{\"@id\":\"https:\/\/alegerglobal.com\/es\/shop-es\/gadgets-es\/isafe-barcode-scanner-is-th1xx1-2\/#primaryimage\"},\"image\":{\"@id\":\"https:\/\/alegerglobal.com\/es\/shop-es\/gadgets-es\/isafe-barcode-scanner-is-th1xx1-2\/#primaryimage\"},\"thumbnailUrl\":\"https:\/\/alegerglobal.com\/wp-content\/uploads\/2021\/03\/Unbenannt-96.jpg\",\"datePublished\":\"2022-05-18T11:27:46+00:00\",\"dateModified\":\"2022-05-18T11:27:46+00:00\",\"description\":\"Con el conjunto de smartphone exprofeso y esc\u00e1ner de c\u00f3digo de barras, i.safe MOBILE proporciona una recogida de datos eficaz en la industria\",\"breadcrumb\":{\"@id\":\"https:\/\/alegerglobal.com\/es\/shop-es\/gadgets-es\/isafe-barcode-scanner-is-th1xx1-2\/#breadcrumb\"},\"inLanguage\":\"es\",\"potentialAction\":[{\"@type\":\"ReadAction\",\"target\":[\"https:\/\/alegerglobal.com\/es\/shop-es\/gadgets-es\/isafe-barcode-scanner-is-th1xx1-2\/\"]}]},{\"@type\":\"ImageObject\",\"inLanguage\":\"es\",\"@id\":\"https:\/\/alegerglobal.com\/es\/shop-es\/gadgets-es\/isafe-barcode-scanner-is-th1xx1-2\/#primaryimage\",\"url\":\"https:\/\/alegerglobal.com\/wp-content\/uploads\/2021\/03\/Unbenannt-96.jpg\",\"contentUrl\":\"https:\/\/alegerglobal.com\/wp-content\/uploads\/2021\/03\/Unbenannt-96.jpg\",\"width\":800,\"height\":800},{\"@type\":\"BreadcrumbList\",\"@id\":\"https:\/\/alegerglobal.com\/es\/shop-es\/gadgets-es\/isafe-barcode-scanner-is-th1xx1-2\/#breadcrumb\",\"itemListElement\":[{\"@type\":\"ListItem\",\"position\":1,\"name\":\"Home\",\"item\":\"https:\/\/alegerglobal.com\/es\/nuevo-pagina-de-inicio\/\"},{\"@type\":\"ListItem\",\"position\":2,\"name\":\"Productos\",\"item\":\"https:\/\/alegerglobal.com\/es\/productos\/\"},{\"@type\":\"ListItem\",\"position\":3,\"name\":\"Esc\u00e1ner de c\u00f3digo de barras IS-TH1xx.1 de i.safe MOBILE con el ex-smartphone IS530.1, c\u00e1mara de 5 MP + 13 MP, 4,5 &#8220;, Android 9, IP68, Atex Zone 1\"}]},{\"@type\":\"WebSite\",\"@id\":\"https:\/\/alegerglobal.com\/es\/#website\",\"url\":\"https:\/\/alegerglobal.com\/es\/\",\"name\":\"ALEGER \u22c6 Augmented Reality\",\"description\":\"Die besten Augmented Reality (AR) L\u00f6sungen der Welt.\",\"publisher\":{\"@id\":\"https:\/\/alegerglobal.com\/es\/#organization\"},\"potentialAction\":[{\"@type\":\"SearchAction\",\"target\":{\"@type\":\"EntryPoint\",\"urlTemplate\":\"https:\/\/alegerglobal.com\/es\/?s={search_term_string}\"},\"query-input\":{\"@type\":\"PropertyValueSpecification\",\"valueRequired\":true,\"valueName\":\"search_term_string\"}}],\"inLanguage\":\"es\"},{\"@type\":\"Organization\",\"@id\":\"https:\/\/alegerglobal.com\/es\/#organization\",\"name\":\"ALEGER \u22c6 Augmented Reality\",\"url\":\"https:\/\/alegerglobal.com\/es\/\",\"logo\":{\"@type\":\"ImageObject\",\"inLanguage\":\"es\",\"@id\":\"https:\/\/alegerglobal.com\/es\/#\/schema\/logo\/image\/\",\"url\":\"https:\/\/alegerglobal.com\/wp-content\/uploads\/2020\/12\/aleger-logo-quadrat.jpg\",\"contentUrl\":\"https:\/\/alegerglobal.com\/wp-content\/uploads\/2020\/12\/aleger-logo-quadrat.jpg\",\"width\":200,\"height\":176,\"caption\":\"ALEGER \u22c6 Augmented Reality\"},\"image\":{\"@id\":\"https:\/\/alegerglobal.com\/es\/#\/schema\/logo\/image\/\"}}]}<\/script>\n<meta property=\"product:brand\" content=\"i.seguro\" \/>\n<meta property=\"product:price:amount\" content=\"0.00\" \/>\n<meta property=\"product:price:currency\" content=\"EUR\" \/>\n<meta property=\"og:availability\" content=\"instock\" \/>\n<meta property=\"product:availability\" content=\"instock\" \/>\n<meta property=\"product:condition\" content=\"new\" \/>\n<!-- \/ Yoast SEO Premium plugin. -->","yoast_head_json":{"title":"Comprar esc\u00e1ner de c\u00f3digo de barras IS-TH1xx.1 - ALEGER \u22c6 Augmented Reality","description":"Con el conjunto de smartphone exprofeso y esc\u00e1ner de c\u00f3digo de barras, i.safe MOBILE proporciona una recogida de datos eficaz en la industria","robots":{"index":"index","follow":"follow","max-snippet":"max-snippet:-1","max-image-preview":"max-image-preview:large","max-video-preview":"max-video-preview:-1"},"og_locale":"es_ES","og_type":"article","og_title":"Esc\u00e1ner de c\u00f3digo de barras IS-TH1xx.1 de i.safe MOBILE con el ex-smartphone IS530.1, c\u00e1mara de 5 MP + 13 MP, 4,5 \", Android 9, IP68, Atex Zone 1","og_description":"Con el conjunto de smartphone exprofeso y esc\u00e1ner de c\u00f3digo de barras, i.safe MOBILE proporciona una recogida de datos eficaz en la industria","og_url":"https:\/\/alegerglobal.com\/es\/shop-es\/gadgets-es\/isafe-barcode-scanner-is-th1xx1-2\/","og_site_name":"ALEGER \u22c6 Augmented Reality","og_image":[{"width":800,"height":800,"url":"https:\/\/alegerglobal.com\/wp-content\/uploads\/2021\/03\/Unbenannt-96.jpg","type":"image\/jpeg"}],"twitter_card":"summary_large_image","twitter_misc":{"Precio":"","Disponibilidad":"Disponible"},"schema":{"@context":"https:\/\/schema.org","@graph":[{"@type":"WebPage","@id":"https:\/\/alegerglobal.com\/es\/shop-es\/gadgets-es\/isafe-barcode-scanner-is-th1xx1-2\/","url":"https:\/\/alegerglobal.com\/es\/shop-es\/gadgets-es\/isafe-barcode-scanner-is-th1xx1-2\/","name":"Comprar esc\u00e1ner de c\u00f3digo de barras IS-TH1xx.1 - ALEGER \u22c6 Augmented Reality","isPartOf":{"@id":"https:\/\/alegerglobal.com\/es\/#website"},"primaryImageOfPage":{"@id":"https:\/\/alegerglobal.com\/es\/shop-es\/gadgets-es\/isafe-barcode-scanner-is-th1xx1-2\/#primaryimage"},"image":{"@id":"https:\/\/alegerglobal.com\/es\/shop-es\/gadgets-es\/isafe-barcode-scanner-is-th1xx1-2\/#primaryimage"},"thumbnailUrl":"https:\/\/alegerglobal.com\/wp-content\/uploads\/2021\/03\/Unbenannt-96.jpg","datePublished":"2022-05-18T11:27:46+00:00","dateModified":"2022-05-18T11:27:46+00:00","description":"Con el conjunto de smartphone exprofeso y esc\u00e1ner de c\u00f3digo de barras, i.safe MOBILE proporciona una recogida de datos eficaz en la industria","breadcrumb":{"@id":"https:\/\/alegerglobal.com\/es\/shop-es\/gadgets-es\/isafe-barcode-scanner-is-th1xx1-2\/#breadcrumb"},"inLanguage":"es","potentialAction":[{"@type":"ReadAction","target":["https:\/\/alegerglobal.com\/es\/shop-es\/gadgets-es\/isafe-barcode-scanner-is-th1xx1-2\/"]}]},{"@type":"ImageObject","inLanguage":"es","@id":"https:\/\/alegerglobal.com\/es\/shop-es\/gadgets-es\/isafe-barcode-scanner-is-th1xx1-2\/#primaryimage","url":"https:\/\/alegerglobal.com\/wp-content\/uploads\/2021\/03\/Unbenannt-96.jpg","contentUrl":"https:\/\/alegerglobal.com\/wp-content\/uploads\/2021\/03\/Unbenannt-96.jpg","width":800,"height":800},{"@type":"BreadcrumbList","@id":"https:\/\/alegerglobal.com\/es\/shop-es\/gadgets-es\/isafe-barcode-scanner-is-th1xx1-2\/#breadcrumb","itemListElement":[{"@type":"ListItem","position":1,"name":"Home","item":"https:\/\/alegerglobal.com\/es\/nuevo-pagina-de-inicio\/"},{"@type":"ListItem","position":2,"name":"Productos","item":"https:\/\/alegerglobal.com\/es\/productos\/"},{"@type":"ListItem","position":3,"name":"Esc\u00e1ner de c\u00f3digo de barras IS-TH1xx.1 de i.safe MOBILE con el ex-smartphone IS530.1, c\u00e1mara de 5 MP + 13 MP, 4,5 &#8220;, Android 9, IP68, Atex Zone 1"}]},{"@type":"WebSite","@id":"https:\/\/alegerglobal.com\/es\/#website","url":"https:\/\/alegerglobal.com\/es\/","name":"ALEGER \u22c6 Augmented Reality","description":"Die besten Augmented Reality (AR) L\u00f6sungen der Welt.","publisher":{"@id":"https:\/\/alegerglobal.com\/es\/#organization"},"potentialAction":[{"@type":"SearchAction","target":{"@type":"EntryPoint","urlTemplate":"https:\/\/alegerglobal.com\/es\/?s={search_term_string}"},"query-input":{"@type":"PropertyValueSpecification","valueRequired":true,"valueName":"search_term_string"}}],"inLanguage":"es"},{"@type":"Organization","@id":"https:\/\/alegerglobal.com\/es\/#organization","name":"ALEGER \u22c6 Augmented Reality","url":"https:\/\/alegerglobal.com\/es\/","logo":{"@type":"ImageObject","inLanguage":"es","@id":"https:\/\/alegerglobal.com\/es\/#\/schema\/logo\/image\/","url":"https:\/\/alegerglobal.com\/wp-content\/uploads\/2020\/12\/aleger-logo-quadrat.jpg","contentUrl":"https:\/\/alegerglobal.com\/wp-content\/uploads\/2020\/12\/aleger-logo-quadrat.jpg","width":200,"height":176,"caption":"ALEGER \u22c6 Augmented Reality"},"image":{"@id":"https:\/\/alegerglobal.com\/es\/#\/schema\/logo\/image\/"}}]},"product_brand":"i.seguro","product_price_amount":"0.00","product_price_currency":"EUR","og_availability":"instock","product_availability":"instock","product_condition":"new"},"_links":{"self":[{"href":"https:\/\/alegerglobal.com\/es\/wp-json\/wp\/v2\/product\/34538","targetHints":{"allow":["GET"]}}],"collection":[{"href":"https:\/\/alegerglobal.com\/es\/wp-json\/wp\/v2\/product"}],"about":[{"href":"https:\/\/alegerglobal.com\/es\/wp-json\/wp\/v2\/types\/product"}],"replies":[{"embeddable":true,"href":"https:\/\/alegerglobal.com\/es\/wp-json\/wp\/v2\/comments?post=34538"}],"version-history":[{"count":0,"href":"https:\/\/alegerglobal.com\/es\/wp-json\/wp\/v2\/product\/34538\/revisions"}],"wp:featuredmedia":[{"embeddable":true,"href":"https:\/\/alegerglobal.com\/es\/wp-json\/wp\/v2\/media\/21245"}],"wp:attachment":[{"href":"https:\/\/alegerglobal.com\/es\/wp-json\/wp\/v2\/media?parent=34538"}],"wp:term":[{"taxonomy":"product_brand","embeddable":true,"href":"https:\/\/alegerglobal.com\/es\/wp-json\/wp\/v2\/product_brand?post=34538"},{"taxonomy":"product_cat","embeddable":true,"href":"https:\/\/alegerglobal.com\/es\/wp-json\/wp\/v2\/product_cat?post=34538"},{"taxonomy":"product_tag","embeddable":true,"href":"https:\/\/alegerglobal.com\/es\/wp-json\/wp\/v2\/product_tag?post=34538"}],"curies":[{"name":"wp","href":"https:\/\/api.w.org\/{rel}","templated":true}]}}