{"id":34536,"date":"2021-03-07T09:05:39","date_gmt":"2022-05-18T11:27:44","guid":{"rendered":"https:\/\/alegerglobal.com\/sin categor\u00eda\/ecom-ex-handy-10-dz2-telefono-movil-con-proteccion-ex-para-atex-zona-2-pantalla-tactil-de-26-android\/"},"modified":"2022-05-18T12:27:44","modified_gmt":"2022-05-18T11:27:44","slug":"ecom-ex-handy-10-dz2-2","status":"publish","type":"product","link":"https:\/\/alegerglobal.com\/es\/shop-es\/smartphone-de-la-industria\/ecom-ex-handy-10-dz2-2\/","title":{"rendered":"ecom Ex-Handy 10 DZ2, tel\u00e9fono m\u00f3vil con protecci\u00f3n Ex para ATEX Zona 2, pantalla t\u00e1ctil de 2,6&#8243;, Android"},"content":{"rendered":"","protected":false},"excerpt":{"rendered":"<ul>\n<li style=\"font-weight: 400;\"><b>Para atm\u00f3sferas potencialmente explosivas:<\/b><span style=\"font-weight: 400;\"> Con la aprobaci\u00f3n de<\/span><span style=\"font-weight: 400;\"> Zona Ex<\/span><span style=\"font-weight: 400;\"> 2\/22 y Clase 2\/ Div 2, uso mundial de acuerdo con la<\/span><span style=\"font-weight: 400;\"> ATEX<\/span><span style=\"font-weight: 400;\"> directivas. <\/span> <\/li>\n<li style=\"font-weight: 400;\"><b>Teclado y pantalla t\u00e1ctil:<\/b><span style=\"font-weight: 400;\"> La pantalla de 2,6&#8243; protegida con<\/span> <span style=\"font-weight: 400;\">Gorilla\u00ae Glass ofrece una excelente legibilidad incluso a la luz del sol y puede utilizarse con guantes o en condiciones de humedad.<\/span><\/li>\n<li><b>Larga duraci\u00f3n de la bater\u00eda:<\/b><span style=\"font-weight: 400;\"> El <\/span><span style=\"font-weight: 400;\">Ex protegido<\/span><span style=\"font-weight: 400;\"> tel\u00e9fono m\u00f3vil<\/span><span style=\"font-weight: 400;\"> de \u00faltima generaci\u00f3n utiliza un potente <\/span><span style=\"font-weight: 400;\">Bater\u00eda de 4400 mAh para afrontar sin problemas las largas jornadas de trabajo.<\/span><\/li>\n<li><b>Opciones de personalizaci\u00f3n individuales<\/b><span style=\"font-weight: 400;\">El <\/span><span style=\"font-weight: 400;\">funci\u00f3n \u00abpulsar para hablar\u00bb y <\/span><span style=\"font-weight: 400;\">botones programables para diferentes \u00e1reas de aplicaci\u00f3n, hacen<\/span><span style=\"font-weight: 400;\"> una aplicaci\u00f3n especialmente sencilla.<\/span><\/li>\n<li><b>Protecci\u00f3n adicional para los empleados:<\/b><span style=\"font-weight: 400;\"> Adem\u00e1s de la protecci\u00f3n contra explosiones, la protecci\u00f3n del trabajador solitario tambi\u00e9n proporciona seguridad adicional en el lugar de trabajo. <\/span> <\/li>\n<li style=\"font-weight: 400;\"><b>Un compa\u00f1ero robusto: <\/b><span style=\"font-weight: 400;\">La humedad, los productos qu\u00edmicos, las vibraciones, el polvo y la luz solar sobreviven de forma fiable. <\/span> <\/li>\n<\/ul>\n","protected":false},"featured_media":20174,"comment_status":"open","ping_status":"closed","template":"","meta":{"_acf_changed":false},"product_brand":[],"product_cat":[1340,1341,1353],"product_tag":[],"class_list":{"0":"post-34536","1":"product","2":"type-product","3":"status-publish","4":"has-post-thumbnail","6":"product_cat-atex-es","7":"product_cat-shop-es","8":"product_cat-smartphone-de-la-industria","9":"pa_hersteller-ecom-es","11":"first","12":"instock","13":"taxable","14":"shipping-taxable","15":"purchasable","16":"product-type-simple"},"acf":[],"yoast_head":"<!-- This site is optimized with the Yoast SEO Premium plugin v20.10 (Yoast SEO v24.3) - https:\/\/yoast.com\/wordpress\/plugins\/seo\/ -->\n<title>Comprar ecom Ex-Handy 10 DZ2 aqu\u00ed - ALEGER \u22c6 Augmented Reality<\/title>\n<meta name=\"description\" content=\"\u00bfSigue buscando un tel\u00e9fono m\u00f3vil a prueba de explosiones para su uso en la industria? Aqu\u00ed puedes conseguir el ex-celular 10 DZ2 de ecom incluyendo el soporte.\" \/>\n<meta name=\"robots\" content=\"index, follow, max-snippet:-1, max-image-preview:large, max-video-preview:-1\" \/>\n<meta property=\"og:locale\" content=\"es_ES\" \/>\n<meta property=\"og:type\" content=\"article\" \/>\n<meta property=\"og:title\" content=\"ecom Ex-Handy 10 DZ2, tel\u00e9fono m\u00f3vil con protecci\u00f3n Ex para ATEX Zona 2, pantalla t\u00e1ctil de 2,6&quot;, Android\" \/>\n<meta property=\"og:description\" content=\"\u00bfSigue buscando un tel\u00e9fono m\u00f3vil a prueba de explosiones para su uso en la industria? Aqu\u00ed puedes conseguir el ex-celular 10 DZ2 de ecom incluyendo el soporte.\" \/>\n<meta property=\"og:url\" content=\"https:\/\/alegerglobal.com\/es\/shop-es\/smartphone-de-la-industria\/ecom-ex-handy-10-dz2-2\/\" \/>\n<meta property=\"og:site_name\" content=\"ALEGER \u22c6 Augmented Reality\" \/>\n<meta property=\"og:image\" content=\"https:\/\/alegerglobal.com\/wp-content\/uploads\/2021\/01\/csm_ex-handy-10_dz2_technical-data_a908afaa02.png\" \/>\n\t<meta property=\"og:image:width\" content=\"555\" \/>\n\t<meta property=\"og:image:height\" content=\"555\" \/>\n\t<meta property=\"og:image:type\" content=\"image\/png\" \/>\n<meta name=\"twitter:card\" content=\"summary_large_image\" \/>\n<meta name=\"twitter:label1\" content=\"Precio\" \/>\n\t<meta name=\"twitter:data1\" content=\"&euro;980,00\" \/>\n\t<meta name=\"twitter:label2\" content=\"Disponibilidad\" \/>\n\t<meta name=\"twitter:data2\" content=\"Disponible\" \/>\n<script type=\"application\/ld+json\" class=\"yoast-schema-graph\">{\"@context\":\"https:\/\/schema.org\",\"@graph\":[{\"@type\":\"WebPage\",\"@id\":\"https:\/\/alegerglobal.com\/es\/shop-es\/smartphone-de-la-industria\/ecom-ex-handy-10-dz2-2\/\",\"url\":\"https:\/\/alegerglobal.com\/es\/shop-es\/smartphone-de-la-industria\/ecom-ex-handy-10-dz2-2\/\",\"name\":\"Comprar ecom Ex-Handy 10 DZ2 aqu\u00ed - ALEGER \u22c6 Augmented Reality\",\"isPartOf\":{\"@id\":\"https:\/\/alegerglobal.com\/es\/#website\"},\"primaryImageOfPage\":{\"@id\":\"https:\/\/alegerglobal.com\/es\/shop-es\/smartphone-de-la-industria\/ecom-ex-handy-10-dz2-2\/#primaryimage\"},\"image\":{\"@id\":\"https:\/\/alegerglobal.com\/es\/shop-es\/smartphone-de-la-industria\/ecom-ex-handy-10-dz2-2\/#primaryimage\"},\"thumbnailUrl\":\"https:\/\/alegerglobal.com\/wp-content\/uploads\/2021\/01\/csm_ex-handy-10_dz2_technical-data_a908afaa02.png\",\"datePublished\":\"2022-05-18T11:27:44+00:00\",\"dateModified\":\"2022-05-18T11:27:44+00:00\",\"description\":\"\u00bfSigue buscando un tel\u00e9fono m\u00f3vil a prueba de explosiones para su uso en la industria? Aqu\u00ed puedes conseguir el ex-celular 10 DZ2 de ecom incluyendo el soporte.\",\"breadcrumb\":{\"@id\":\"https:\/\/alegerglobal.com\/es\/shop-es\/smartphone-de-la-industria\/ecom-ex-handy-10-dz2-2\/#breadcrumb\"},\"inLanguage\":\"es\",\"potentialAction\":[{\"@type\":\"ReadAction\",\"target\":[\"https:\/\/alegerglobal.com\/es\/shop-es\/smartphone-de-la-industria\/ecom-ex-handy-10-dz2-2\/\"]}]},{\"@type\":\"ImageObject\",\"inLanguage\":\"es\",\"@id\":\"https:\/\/alegerglobal.com\/es\/shop-es\/smartphone-de-la-industria\/ecom-ex-handy-10-dz2-2\/#primaryimage\",\"url\":\"https:\/\/alegerglobal.com\/wp-content\/uploads\/2021\/01\/csm_ex-handy-10_dz2_technical-data_a908afaa02.png\",\"contentUrl\":\"https:\/\/alegerglobal.com\/wp-content\/uploads\/2021\/01\/csm_ex-handy-10_dz2_technical-data_a908afaa02.png\",\"width\":555,\"height\":555,\"caption\":\"ecom Ex-Handy 10 DZ2\"},{\"@type\":\"BreadcrumbList\",\"@id\":\"https:\/\/alegerglobal.com\/es\/shop-es\/smartphone-de-la-industria\/ecom-ex-handy-10-dz2-2\/#breadcrumb\",\"itemListElement\":[{\"@type\":\"ListItem\",\"position\":1,\"name\":\"Home\",\"item\":\"https:\/\/alegerglobal.com\/es\/nuevo-pagina-de-inicio\/\"},{\"@type\":\"ListItem\",\"position\":2,\"name\":\"Productos\",\"item\":\"https:\/\/alegerglobal.com\/es\/productos\/\"},{\"@type\":\"ListItem\",\"position\":3,\"name\":\"ecom Ex-Handy 10 DZ2, tel\u00e9fono m\u00f3vil con protecci\u00f3n Ex para ATEX Zona 2, pantalla t\u00e1ctil de 2,6&#8243;, Android\"}]},{\"@type\":\"WebSite\",\"@id\":\"https:\/\/alegerglobal.com\/es\/#website\",\"url\":\"https:\/\/alegerglobal.com\/es\/\",\"name\":\"ALEGER \u22c6 Augmented Reality\",\"description\":\"Die besten Augmented Reality (AR) L\u00f6sungen der Welt.\",\"publisher\":{\"@id\":\"https:\/\/alegerglobal.com\/es\/#organization\"},\"potentialAction\":[{\"@type\":\"SearchAction\",\"target\":{\"@type\":\"EntryPoint\",\"urlTemplate\":\"https:\/\/alegerglobal.com\/es\/?s={search_term_string}\"},\"query-input\":{\"@type\":\"PropertyValueSpecification\",\"valueRequired\":true,\"valueName\":\"search_term_string\"}}],\"inLanguage\":\"es\"},{\"@type\":\"Organization\",\"@id\":\"https:\/\/alegerglobal.com\/es\/#organization\",\"name\":\"ALEGER \u22c6 Augmented Reality\",\"url\":\"https:\/\/alegerglobal.com\/es\/\",\"logo\":{\"@type\":\"ImageObject\",\"inLanguage\":\"es\",\"@id\":\"https:\/\/alegerglobal.com\/es\/#\/schema\/logo\/image\/\",\"url\":\"https:\/\/alegerglobal.com\/wp-content\/uploads\/2020\/12\/aleger-logo-quadrat.jpg\",\"contentUrl\":\"https:\/\/alegerglobal.com\/wp-content\/uploads\/2020\/12\/aleger-logo-quadrat.jpg\",\"width\":200,\"height\":176,\"caption\":\"ALEGER \u22c6 Augmented Reality\"},\"image\":{\"@id\":\"https:\/\/alegerglobal.com\/es\/#\/schema\/logo\/image\/\"}}]}<\/script>\n<meta property=\"product:brand\" content=\"Ecom\" \/>\n<meta property=\"product:price:amount\" content=\"980.00\" \/>\n<meta property=\"product:price:currency\" content=\"EUR\" \/>\n<meta property=\"og:availability\" content=\"instock\" \/>\n<meta property=\"product:availability\" content=\"instock\" \/>\n<meta property=\"product:condition\" content=\"new\" \/>\n<!-- \/ Yoast SEO Premium plugin. -->","yoast_head_json":{"title":"Comprar ecom Ex-Handy 10 DZ2 aqu\u00ed - ALEGER \u22c6 Augmented Reality","description":"\u00bfSigue buscando un tel\u00e9fono m\u00f3vil a prueba de explosiones para su uso en la industria? Aqu\u00ed puedes conseguir el ex-celular 10 DZ2 de ecom incluyendo el soporte.","robots":{"index":"index","follow":"follow","max-snippet":"max-snippet:-1","max-image-preview":"max-image-preview:large","max-video-preview":"max-video-preview:-1"},"og_locale":"es_ES","og_type":"article","og_title":"ecom Ex-Handy 10 DZ2, tel\u00e9fono m\u00f3vil con protecci\u00f3n Ex para ATEX Zona 2, pantalla t\u00e1ctil de 2,6\", Android","og_description":"\u00bfSigue buscando un tel\u00e9fono m\u00f3vil a prueba de explosiones para su uso en la industria? Aqu\u00ed puedes conseguir el ex-celular 10 DZ2 de ecom incluyendo el soporte.","og_url":"https:\/\/alegerglobal.com\/es\/shop-es\/smartphone-de-la-industria\/ecom-ex-handy-10-dz2-2\/","og_site_name":"ALEGER \u22c6 Augmented Reality","og_image":[{"width":555,"height":555,"url":"https:\/\/alegerglobal.com\/wp-content\/uploads\/2021\/01\/csm_ex-handy-10_dz2_technical-data_a908afaa02.png","type":"image\/png"}],"twitter_card":"summary_large_image","twitter_misc":{"Precio":"&euro;980,00","Disponibilidad":"Disponible"},"schema":{"@context":"https:\/\/schema.org","@graph":[{"@type":"WebPage","@id":"https:\/\/alegerglobal.com\/es\/shop-es\/smartphone-de-la-industria\/ecom-ex-handy-10-dz2-2\/","url":"https:\/\/alegerglobal.com\/es\/shop-es\/smartphone-de-la-industria\/ecom-ex-handy-10-dz2-2\/","name":"Comprar ecom Ex-Handy 10 DZ2 aqu\u00ed - ALEGER \u22c6 Augmented Reality","isPartOf":{"@id":"https:\/\/alegerglobal.com\/es\/#website"},"primaryImageOfPage":{"@id":"https:\/\/alegerglobal.com\/es\/shop-es\/smartphone-de-la-industria\/ecom-ex-handy-10-dz2-2\/#primaryimage"},"image":{"@id":"https:\/\/alegerglobal.com\/es\/shop-es\/smartphone-de-la-industria\/ecom-ex-handy-10-dz2-2\/#primaryimage"},"thumbnailUrl":"https:\/\/alegerglobal.com\/wp-content\/uploads\/2021\/01\/csm_ex-handy-10_dz2_technical-data_a908afaa02.png","datePublished":"2022-05-18T11:27:44+00:00","dateModified":"2022-05-18T11:27:44+00:00","description":"\u00bfSigue buscando un tel\u00e9fono m\u00f3vil a prueba de explosiones para su uso en la industria? Aqu\u00ed puedes conseguir el ex-celular 10 DZ2 de ecom incluyendo el soporte.","breadcrumb":{"@id":"https:\/\/alegerglobal.com\/es\/shop-es\/smartphone-de-la-industria\/ecom-ex-handy-10-dz2-2\/#breadcrumb"},"inLanguage":"es","potentialAction":[{"@type":"ReadAction","target":["https:\/\/alegerglobal.com\/es\/shop-es\/smartphone-de-la-industria\/ecom-ex-handy-10-dz2-2\/"]}]},{"@type":"ImageObject","inLanguage":"es","@id":"https:\/\/alegerglobal.com\/es\/shop-es\/smartphone-de-la-industria\/ecom-ex-handy-10-dz2-2\/#primaryimage","url":"https:\/\/alegerglobal.com\/wp-content\/uploads\/2021\/01\/csm_ex-handy-10_dz2_technical-data_a908afaa02.png","contentUrl":"https:\/\/alegerglobal.com\/wp-content\/uploads\/2021\/01\/csm_ex-handy-10_dz2_technical-data_a908afaa02.png","width":555,"height":555,"caption":"ecom Ex-Handy 10 DZ2"},{"@type":"BreadcrumbList","@id":"https:\/\/alegerglobal.com\/es\/shop-es\/smartphone-de-la-industria\/ecom-ex-handy-10-dz2-2\/#breadcrumb","itemListElement":[{"@type":"ListItem","position":1,"name":"Home","item":"https:\/\/alegerglobal.com\/es\/nuevo-pagina-de-inicio\/"},{"@type":"ListItem","position":2,"name":"Productos","item":"https:\/\/alegerglobal.com\/es\/productos\/"},{"@type":"ListItem","position":3,"name":"ecom Ex-Handy 10 DZ2, tel\u00e9fono m\u00f3vil con protecci\u00f3n Ex para ATEX Zona 2, pantalla t\u00e1ctil de 2,6&#8243;, Android"}]},{"@type":"WebSite","@id":"https:\/\/alegerglobal.com\/es\/#website","url":"https:\/\/alegerglobal.com\/es\/","name":"ALEGER \u22c6 Augmented Reality","description":"Die besten Augmented Reality (AR) L\u00f6sungen der Welt.","publisher":{"@id":"https:\/\/alegerglobal.com\/es\/#organization"},"potentialAction":[{"@type":"SearchAction","target":{"@type":"EntryPoint","urlTemplate":"https:\/\/alegerglobal.com\/es\/?s={search_term_string}"},"query-input":{"@type":"PropertyValueSpecification","valueRequired":true,"valueName":"search_term_string"}}],"inLanguage":"es"},{"@type":"Organization","@id":"https:\/\/alegerglobal.com\/es\/#organization","name":"ALEGER \u22c6 Augmented Reality","url":"https:\/\/alegerglobal.com\/es\/","logo":{"@type":"ImageObject","inLanguage":"es","@id":"https:\/\/alegerglobal.com\/es\/#\/schema\/logo\/image\/","url":"https:\/\/alegerglobal.com\/wp-content\/uploads\/2020\/12\/aleger-logo-quadrat.jpg","contentUrl":"https:\/\/alegerglobal.com\/wp-content\/uploads\/2020\/12\/aleger-logo-quadrat.jpg","width":200,"height":176,"caption":"ALEGER \u22c6 Augmented Reality"},"image":{"@id":"https:\/\/alegerglobal.com\/es\/#\/schema\/logo\/image\/"}}]},"product_brand":"Ecom","product_price_amount":"980.00","product_price_currency":"EUR","og_availability":"instock","product_availability":"instock","product_condition":"new"},"_links":{"self":[{"href":"https:\/\/alegerglobal.com\/es\/wp-json\/wp\/v2\/product\/34536","targetHints":{"allow":["GET"]}}],"collection":[{"href":"https:\/\/alegerglobal.com\/es\/wp-json\/wp\/v2\/product"}],"about":[{"href":"https:\/\/alegerglobal.com\/es\/wp-json\/wp\/v2\/types\/product"}],"replies":[{"embeddable":true,"href":"https:\/\/alegerglobal.com\/es\/wp-json\/wp\/v2\/comments?post=34536"}],"version-history":[{"count":0,"href":"https:\/\/alegerglobal.com\/es\/wp-json\/wp\/v2\/product\/34536\/revisions"}],"wp:featuredmedia":[{"embeddable":true,"href":"https:\/\/alegerglobal.com\/es\/wp-json\/wp\/v2\/media\/20174"}],"wp:attachment":[{"href":"https:\/\/alegerglobal.com\/es\/wp-json\/wp\/v2\/media?parent=34536"}],"wp:term":[{"taxonomy":"product_brand","embeddable":true,"href":"https:\/\/alegerglobal.com\/es\/wp-json\/wp\/v2\/product_brand?post=34536"},{"taxonomy":"product_cat","embeddable":true,"href":"https:\/\/alegerglobal.com\/es\/wp-json\/wp\/v2\/product_cat?post=34536"},{"taxonomy":"product_tag","embeddable":true,"href":"https:\/\/alegerglobal.com\/es\/wp-json\/wp\/v2\/product_tag?post=34536"}],"curies":[{"name":"wp","href":"https:\/\/api.w.org\/{rel}","templated":true}]}}