{"id":34530,"date":"2021-03-07T09:08:07","date_gmt":"2022-05-18T11:27:41","guid":{"rendered":"https:\/\/alegerglobal.com\/sin categor\u00eda\/ecom-smart-ex-02-dz2-smartphone-con-proteccion-ex-para-zona-2-atex-pantalla-tactil-de-5-android\/"},"modified":"2022-05-18T12:27:41","modified_gmt":"2022-05-18T11:27:41","slug":"ecom-smart-ex-02-dz2-2","status":"publish","type":"product","link":"https:\/\/alegerglobal.com\/es\/shop-es\/smartphone-de-la-industria\/ecom-smart-ex-02-dz2-2\/","title":{"rendered":"ecom Smart-Ex 02 DZ2, Smartphone con protecci\u00f3n Ex para zona 2 ATEX, pantalla t\u00e1ctil de 5&#8243;, Android"},"content":{"rendered":"","protected":false},"excerpt":{"rendered":"<ul>\n<li style=\"font-weight: 400;\"><b>Aprobaci\u00f3n para<\/b><b> Zona Ex<\/b><b> 2\/22 y Clase 2\/ Div 2:<\/b><span style=\"font-weight: 400;\"> Posibilidades de aplicaci\u00f3n en todo el mundo seg\u00fan<\/span><span style=\"font-weight: 400;\"> ATEX<\/span><span style=\"font-weight: 400;\"> directivas para atm\u00f3sferas potencialmente explosivas. <\/span> <\/li>\n<li style=\"font-weight: 400;\"><b>Pantalla t\u00e1ctil de alta resoluci\u00f3n: <\/b><span style=\"font-weight: 400;\">Protegida con Gorilla\u00ae Glass, la pantalla de 5&#8243; puede utilizarse con guantes o en condiciones de humedad sin problemas y es perfectamente legible incluso a la luz del sol.<\/span><\/li>\n<li><b>La bater\u00eda reemplazable m\u00e1s potente:<\/b> <span style=\"font-weight: 400;\">Para afrontar sin problemas las largas jornadas de trabajo, <\/span><span style=\"font-weight: 400;\">el <\/span><span style=\"font-weight: 400;\">smartphone de seguridad intr\u00ednseca <\/span><span style=\"font-weight: 400;\">utiliza una bater\u00eda con <\/span><span style=\"font-weight: 400;\">4400 mAh.<\/span><\/li>\n<li><b>F\u00e1cil de usar<\/b><span style=\"font-weight: 400;\">: <\/span><span style=\"font-weight: 400;\">DeepL Los accesos permiten una optimizaci\u00f3n individualizada<\/span><span style=\"font-weight: 400;\"> y <\/span><span style=\"font-weight: 400;\">y la funci\u00f3n push-to-talk <\/span><span style=\"font-weight: 400;\">un sencillo <\/span> <span style=\"font-weight: 400;\">Comunicaci\u00f3n garantizada. D<\/span><span style=\"font-weight: 400;\">a posici\u00f3n y el tama\u00f1o de los botones est\u00e1n adaptados para su uso con guantes.<\/span><\/li>\n<li><b>Para temperaturas entre -20\u00b0C y +60\u00b0C: <\/b><span style=\"font-weight: 400;\">El smartphone con<\/span><span style=\"font-weight: 400;\"> Certificaci\u00f3n IP68<\/span><span style=\"font-weight: 400;\"> es totalmente funcional incluso en el rango de temperatura ampliado.<\/span><\/li>\n<li style=\"font-weight: 400;\"><b>Soporta las tensiones diarias:  <\/b><span style=\"font-weight: 400;\">El smartphone robusto es ideal para su uso en entornos dif\u00edciles. La protecci\u00f3n contra la humedad, los productos qu\u00edmicos, las vibraciones, el polvo y la luz solar, hacen que el dispositivo sea un compa\u00f1ero fiable.  <\/span><\/li>\n<\/ul>\n","protected":false},"featured_media":20182,"comment_status":"open","ping_status":"closed","template":"","meta":{"_acf_changed":false},"product_brand":[],"product_cat":[1340,1341,1353],"product_tag":[],"class_list":{"0":"post-34530","1":"product","2":"type-product","3":"status-publish","4":"has-post-thumbnail","6":"product_cat-atex-es","7":"product_cat-shop-es","8":"product_cat-smartphone-de-la-industria","9":"pa_hersteller-ecom-es","11":"first","12":"instock","13":"taxable","14":"shipping-taxable","15":"purchasable","16":"product-type-simple"},"acf":[],"yoast_head":"<!-- This site is optimized with the Yoast SEO Premium plugin v20.10 (Yoast SEO v24.3) - https:\/\/yoast.com\/wordpress\/plugins\/seo\/ -->\n<title>Comprar Smart-Ex 02 DZ2 en ecom - ALEGER \u22c6 Augmented Reality<\/title>\n<meta name=\"description\" content=\"Dise\u00f1ado seg\u00fan la directiva ATEX, el ecom Smart-Ex 02 DZ2 es su compa\u00f1ero ideal para el uso industrial. \ud83d\udd27\ud83d\udd29\" \/>\n<meta name=\"robots\" content=\"index, follow, max-snippet:-1, max-image-preview:large, max-video-preview:-1\" \/>\n<meta property=\"og:locale\" content=\"es_ES\" \/>\n<meta property=\"og:type\" content=\"article\" \/>\n<meta property=\"og:title\" content=\"ecom Smart-Ex 02 DZ2, Smartphone con protecci\u00f3n Ex para zona 2 ATEX, pantalla t\u00e1ctil de 5&quot;, Android\" \/>\n<meta property=\"og:description\" content=\"Dise\u00f1ado seg\u00fan la directiva ATEX, el ecom Smart-Ex 02 DZ2 es su compa\u00f1ero ideal para el uso industrial. \ud83d\udd27\ud83d\udd29\" \/>\n<meta property=\"og:url\" content=\"https:\/\/alegerglobal.com\/es\/shop-es\/smartphone-de-la-industria\/ecom-smart-ex-02-dz2-2\/\" \/>\n<meta property=\"og:site_name\" content=\"ALEGER \u22c6 Augmented Reality\" \/>\n<meta property=\"og:image\" content=\"https:\/\/alegerglobal.com\/wp-content\/uploads\/2021\/01\/csm_smart-ex_02_dz2-tech_b2d8a71094.png\" \/>\n\t<meta property=\"og:image:width\" content=\"555\" \/>\n\t<meta property=\"og:image:height\" content=\"555\" \/>\n\t<meta property=\"og:image:type\" content=\"image\/png\" \/>\n<meta name=\"twitter:card\" content=\"summary_large_image\" \/>\n<meta name=\"twitter:label1\" content=\"Precio\" \/>\n\t<meta name=\"twitter:data1\" content=\"&euro;1.993,00\" \/>\n\t<meta name=\"twitter:label2\" content=\"Disponibilidad\" \/>\n\t<meta name=\"twitter:data2\" content=\"Disponible\" \/>\n<script type=\"application\/ld+json\" class=\"yoast-schema-graph\">{\"@context\":\"https:\/\/schema.org\",\"@graph\":[{\"@type\":\"WebPage\",\"@id\":\"https:\/\/alegerglobal.com\/es\/shop-es\/smartphone-de-la-industria\/ecom-smart-ex-02-dz2-2\/\",\"url\":\"https:\/\/alegerglobal.com\/es\/shop-es\/smartphone-de-la-industria\/ecom-smart-ex-02-dz2-2\/\",\"name\":\"Comprar Smart-Ex 02 DZ2 en ecom - ALEGER \u22c6 Augmented Reality\",\"isPartOf\":{\"@id\":\"https:\/\/alegerglobal.com\/es\/#website\"},\"primaryImageOfPage\":{\"@id\":\"https:\/\/alegerglobal.com\/es\/shop-es\/smartphone-de-la-industria\/ecom-smart-ex-02-dz2-2\/#primaryimage\"},\"image\":{\"@id\":\"https:\/\/alegerglobal.com\/es\/shop-es\/smartphone-de-la-industria\/ecom-smart-ex-02-dz2-2\/#primaryimage\"},\"thumbnailUrl\":\"https:\/\/alegerglobal.com\/wp-content\/uploads\/2021\/01\/csm_smart-ex_02_dz2-tech_b2d8a71094.png\",\"datePublished\":\"2022-05-18T11:27:41+00:00\",\"dateModified\":\"2022-05-18T11:27:41+00:00\",\"description\":\"Dise\u00f1ado seg\u00fan la directiva ATEX, el ecom Smart-Ex 02 DZ2 es su compa\u00f1ero ideal para el uso industrial. \ud83d\udd27\ud83d\udd29\",\"breadcrumb\":{\"@id\":\"https:\/\/alegerglobal.com\/es\/shop-es\/smartphone-de-la-industria\/ecom-smart-ex-02-dz2-2\/#breadcrumb\"},\"inLanguage\":\"es\",\"potentialAction\":[{\"@type\":\"ReadAction\",\"target\":[\"https:\/\/alegerglobal.com\/es\/shop-es\/smartphone-de-la-industria\/ecom-smart-ex-02-dz2-2\/\"]}]},{\"@type\":\"ImageObject\",\"inLanguage\":\"es\",\"@id\":\"https:\/\/alegerglobal.com\/es\/shop-es\/smartphone-de-la-industria\/ecom-smart-ex-02-dz2-2\/#primaryimage\",\"url\":\"https:\/\/alegerglobal.com\/wp-content\/uploads\/2021\/01\/csm_smart-ex_02_dz2-tech_b2d8a71094.png\",\"contentUrl\":\"https:\/\/alegerglobal.com\/wp-content\/uploads\/2021\/01\/csm_smart-ex_02_dz2-tech_b2d8a71094.png\",\"width\":555,\"height\":555,\"caption\":\"ecom Smart-Ex 02 DZ2, smartphone con protecci\u00f3n Ex para la zona 2 de ATEX\"},{\"@type\":\"BreadcrumbList\",\"@id\":\"https:\/\/alegerglobal.com\/es\/shop-es\/smartphone-de-la-industria\/ecom-smart-ex-02-dz2-2\/#breadcrumb\",\"itemListElement\":[{\"@type\":\"ListItem\",\"position\":1,\"name\":\"Home\",\"item\":\"https:\/\/alegerglobal.com\/es\/nuevo-pagina-de-inicio\/\"},{\"@type\":\"ListItem\",\"position\":2,\"name\":\"Productos\",\"item\":\"https:\/\/alegerglobal.com\/es\/productos\/\"},{\"@type\":\"ListItem\",\"position\":3,\"name\":\"ecom Smart-Ex 02 DZ2, Smartphone con protecci\u00f3n Ex para zona 2 ATEX, pantalla t\u00e1ctil de 5&#8243;, Android\"}]},{\"@type\":\"WebSite\",\"@id\":\"https:\/\/alegerglobal.com\/es\/#website\",\"url\":\"https:\/\/alegerglobal.com\/es\/\",\"name\":\"ALEGER \u22c6 Augmented Reality\",\"description\":\"Die besten Augmented Reality (AR) L\u00f6sungen der Welt.\",\"publisher\":{\"@id\":\"https:\/\/alegerglobal.com\/es\/#organization\"},\"potentialAction\":[{\"@type\":\"SearchAction\",\"target\":{\"@type\":\"EntryPoint\",\"urlTemplate\":\"https:\/\/alegerglobal.com\/es\/?s={search_term_string}\"},\"query-input\":{\"@type\":\"PropertyValueSpecification\",\"valueRequired\":true,\"valueName\":\"search_term_string\"}}],\"inLanguage\":\"es\"},{\"@type\":\"Organization\",\"@id\":\"https:\/\/alegerglobal.com\/es\/#organization\",\"name\":\"ALEGER \u22c6 Augmented Reality\",\"url\":\"https:\/\/alegerglobal.com\/es\/\",\"logo\":{\"@type\":\"ImageObject\",\"inLanguage\":\"es\",\"@id\":\"https:\/\/alegerglobal.com\/es\/#\/schema\/logo\/image\/\",\"url\":\"https:\/\/alegerglobal.com\/wp-content\/uploads\/2020\/12\/aleger-logo-quadrat.jpg\",\"contentUrl\":\"https:\/\/alegerglobal.com\/wp-content\/uploads\/2020\/12\/aleger-logo-quadrat.jpg\",\"width\":200,\"height\":176,\"caption\":\"ALEGER \u22c6 Augmented Reality\"},\"image\":{\"@id\":\"https:\/\/alegerglobal.com\/es\/#\/schema\/logo\/image\/\"}}]}<\/script>\n<meta property=\"product:brand\" content=\"Ecom\" \/>\n<meta property=\"product:price:amount\" content=\"1993.00\" \/>\n<meta property=\"product:price:currency\" content=\"EUR\" \/>\n<meta property=\"og:availability\" content=\"instock\" \/>\n<meta property=\"product:availability\" content=\"instock\" \/>\n<meta property=\"product:condition\" content=\"new\" \/>\n<!-- \/ Yoast SEO Premium plugin. -->","yoast_head_json":{"title":"Comprar Smart-Ex 02 DZ2 en ecom - ALEGER \u22c6 Augmented Reality","description":"Dise\u00f1ado seg\u00fan la directiva ATEX, el ecom Smart-Ex 02 DZ2 es su compa\u00f1ero ideal para el uso industrial. \ud83d\udd27\ud83d\udd29","robots":{"index":"index","follow":"follow","max-snippet":"max-snippet:-1","max-image-preview":"max-image-preview:large","max-video-preview":"max-video-preview:-1"},"og_locale":"es_ES","og_type":"article","og_title":"ecom Smart-Ex 02 DZ2, Smartphone con protecci\u00f3n Ex para zona 2 ATEX, pantalla t\u00e1ctil de 5\", Android","og_description":"Dise\u00f1ado seg\u00fan la directiva ATEX, el ecom Smart-Ex 02 DZ2 es su compa\u00f1ero ideal para el uso industrial. \ud83d\udd27\ud83d\udd29","og_url":"https:\/\/alegerglobal.com\/es\/shop-es\/smartphone-de-la-industria\/ecom-smart-ex-02-dz2-2\/","og_site_name":"ALEGER \u22c6 Augmented Reality","og_image":[{"width":555,"height":555,"url":"https:\/\/alegerglobal.com\/wp-content\/uploads\/2021\/01\/csm_smart-ex_02_dz2-tech_b2d8a71094.png","type":"image\/png"}],"twitter_card":"summary_large_image","twitter_misc":{"Precio":"&euro;1.993,00","Disponibilidad":"Disponible"},"schema":{"@context":"https:\/\/schema.org","@graph":[{"@type":"WebPage","@id":"https:\/\/alegerglobal.com\/es\/shop-es\/smartphone-de-la-industria\/ecom-smart-ex-02-dz2-2\/","url":"https:\/\/alegerglobal.com\/es\/shop-es\/smartphone-de-la-industria\/ecom-smart-ex-02-dz2-2\/","name":"Comprar Smart-Ex 02 DZ2 en ecom - ALEGER \u22c6 Augmented Reality","isPartOf":{"@id":"https:\/\/alegerglobal.com\/es\/#website"},"primaryImageOfPage":{"@id":"https:\/\/alegerglobal.com\/es\/shop-es\/smartphone-de-la-industria\/ecom-smart-ex-02-dz2-2\/#primaryimage"},"image":{"@id":"https:\/\/alegerglobal.com\/es\/shop-es\/smartphone-de-la-industria\/ecom-smart-ex-02-dz2-2\/#primaryimage"},"thumbnailUrl":"https:\/\/alegerglobal.com\/wp-content\/uploads\/2021\/01\/csm_smart-ex_02_dz2-tech_b2d8a71094.png","datePublished":"2022-05-18T11:27:41+00:00","dateModified":"2022-05-18T11:27:41+00:00","description":"Dise\u00f1ado seg\u00fan la directiva ATEX, el ecom Smart-Ex 02 DZ2 es su compa\u00f1ero ideal para el uso industrial. \ud83d\udd27\ud83d\udd29","breadcrumb":{"@id":"https:\/\/alegerglobal.com\/es\/shop-es\/smartphone-de-la-industria\/ecom-smart-ex-02-dz2-2\/#breadcrumb"},"inLanguage":"es","potentialAction":[{"@type":"ReadAction","target":["https:\/\/alegerglobal.com\/es\/shop-es\/smartphone-de-la-industria\/ecom-smart-ex-02-dz2-2\/"]}]},{"@type":"ImageObject","inLanguage":"es","@id":"https:\/\/alegerglobal.com\/es\/shop-es\/smartphone-de-la-industria\/ecom-smart-ex-02-dz2-2\/#primaryimage","url":"https:\/\/alegerglobal.com\/wp-content\/uploads\/2021\/01\/csm_smart-ex_02_dz2-tech_b2d8a71094.png","contentUrl":"https:\/\/alegerglobal.com\/wp-content\/uploads\/2021\/01\/csm_smart-ex_02_dz2-tech_b2d8a71094.png","width":555,"height":555,"caption":"ecom Smart-Ex 02 DZ2, smartphone con protecci\u00f3n Ex para la zona 2 de ATEX"},{"@type":"BreadcrumbList","@id":"https:\/\/alegerglobal.com\/es\/shop-es\/smartphone-de-la-industria\/ecom-smart-ex-02-dz2-2\/#breadcrumb","itemListElement":[{"@type":"ListItem","position":1,"name":"Home","item":"https:\/\/alegerglobal.com\/es\/nuevo-pagina-de-inicio\/"},{"@type":"ListItem","position":2,"name":"Productos","item":"https:\/\/alegerglobal.com\/es\/productos\/"},{"@type":"ListItem","position":3,"name":"ecom Smart-Ex 02 DZ2, Smartphone con protecci\u00f3n Ex para zona 2 ATEX, pantalla t\u00e1ctil de 5&#8243;, Android"}]},{"@type":"WebSite","@id":"https:\/\/alegerglobal.com\/es\/#website","url":"https:\/\/alegerglobal.com\/es\/","name":"ALEGER \u22c6 Augmented Reality","description":"Die besten Augmented Reality (AR) L\u00f6sungen der Welt.","publisher":{"@id":"https:\/\/alegerglobal.com\/es\/#organization"},"potentialAction":[{"@type":"SearchAction","target":{"@type":"EntryPoint","urlTemplate":"https:\/\/alegerglobal.com\/es\/?s={search_term_string}"},"query-input":{"@type":"PropertyValueSpecification","valueRequired":true,"valueName":"search_term_string"}}],"inLanguage":"es"},{"@type":"Organization","@id":"https:\/\/alegerglobal.com\/es\/#organization","name":"ALEGER \u22c6 Augmented Reality","url":"https:\/\/alegerglobal.com\/es\/","logo":{"@type":"ImageObject","inLanguage":"es","@id":"https:\/\/alegerglobal.com\/es\/#\/schema\/logo\/image\/","url":"https:\/\/alegerglobal.com\/wp-content\/uploads\/2020\/12\/aleger-logo-quadrat.jpg","contentUrl":"https:\/\/alegerglobal.com\/wp-content\/uploads\/2020\/12\/aleger-logo-quadrat.jpg","width":200,"height":176,"caption":"ALEGER \u22c6 Augmented Reality"},"image":{"@id":"https:\/\/alegerglobal.com\/es\/#\/schema\/logo\/image\/"}}]},"product_brand":"Ecom","product_price_amount":"1993.00","product_price_currency":"EUR","og_availability":"instock","product_availability":"instock","product_condition":"new"},"_links":{"self":[{"href":"https:\/\/alegerglobal.com\/es\/wp-json\/wp\/v2\/product\/34530","targetHints":{"allow":["GET"]}}],"collection":[{"href":"https:\/\/alegerglobal.com\/es\/wp-json\/wp\/v2\/product"}],"about":[{"href":"https:\/\/alegerglobal.com\/es\/wp-json\/wp\/v2\/types\/product"}],"replies":[{"embeddable":true,"href":"https:\/\/alegerglobal.com\/es\/wp-json\/wp\/v2\/comments?post=34530"}],"version-history":[{"count":0,"href":"https:\/\/alegerglobal.com\/es\/wp-json\/wp\/v2\/product\/34530\/revisions"}],"wp:featuredmedia":[{"embeddable":true,"href":"https:\/\/alegerglobal.com\/es\/wp-json\/wp\/v2\/media\/20182"}],"wp:attachment":[{"href":"https:\/\/alegerglobal.com\/es\/wp-json\/wp\/v2\/media?parent=34530"}],"wp:term":[{"taxonomy":"product_brand","embeddable":true,"href":"https:\/\/alegerglobal.com\/es\/wp-json\/wp\/v2\/product_brand?post=34530"},{"taxonomy":"product_cat","embeddable":true,"href":"https:\/\/alegerglobal.com\/es\/wp-json\/wp\/v2\/product_cat?post=34530"},{"taxonomy":"product_tag","embeddable":true,"href":"https:\/\/alegerglobal.com\/es\/wp-json\/wp\/v2\/product_tag?post=34530"}],"curies":[{"name":"wp","href":"https:\/\/api.w.org\/{rel}","templated":true}]}}